{"id":98985,"date":"2026-01-06T13:42:46","date_gmt":"2026-01-06T12:42:46","guid":{"rendered":"https:\/\/truusk.store\/product\/2-pack-barstolar-konstladeroverdrag-vadderat-sate-fotstod-ryggstod-metallram-svart\/"},"modified":"2026-03-12T08:52:10","modified_gmt":"2026-03-12T07:52:10","slug":"truusk-2-pack-barstolar-konstladeroverdrag-vadderat-sate-fotstod-ryggstod-metallram-svart","status":"publish","type":"product","link":"https:\/\/truusk.store\/sv\/produkt\/truusk-2-pack-barstolar-konstladeroverdrag-vadderat-sate-fotstod-ryggstod-metallram-svart\/","title":{"rendered":"TRUUSK 2-pack Barstolar &#8211; Konstl\u00e4der\u00f6verdrag &#8211; Vadderat S\u00e4te &#8211; Fotst\u00f6d &#8211; Ryggst\u00f6d &#8211; Metallram &#8211; Svart"},"content":{"rendered":"<p>Lider du av ostadiga, obekv\u00e4ma sittplatser? Om dina g\u00e4ster inte kan rotera fritt och prata vid din k\u00f6ks\u00f6, \u00e4r det ett irriterande problem. [BRAND NAME] barstolar optimerar ditt hem: Fall in i det mjuka skumdynan och rotera enkelt 360\u00b0. Utrustade med f\u00f6rst\u00e4rkta metallben, erbjuder dessa stolar stabil komfort och g\u00f6r ditt k\u00f6k till hemmets sociala centrum &#8211; helt utan bekymmer.<\/p>\n<p>Beskrivning:<\/p>\n<ul>\n<li> Vadderad sits och ergonomiskt formad ryggst\u00f6d f\u00f6r l\u00e5ngvarig komfort<\/li>\n<li> Mjukt konstl\u00e4dersits m\u00f6jligg\u00f6r enkel reng\u00f6ring och extra bekv\u00e4mlighet<\/li>\n<li> 360\u00b0 roterande barstolar med integrerad fotst\u00f6d<\/li>\n<li> Robust metallram b\u00e4r upp till 120 kg per barstol<\/li>\n<li> Skyddande plastfotpads f\u00f6rhindrar repor p\u00e5 golvet och minskar buller vid f\u00f6rflyttning<\/li>\n<li> Sitth\u00f6jd p\u00e5 76,5 cm \u00e4r idealisk f\u00f6r 104-109 cm k\u00f6ksb\u00e4nkar eller barer<\/li>\n<li> Snabb och enkel montering p\u00e5 cirka 30 minuter<\/li>\n<\/ul>\n<p> Tekniska data:<\/p>\n<ul>\n<li> F\u00e4rg: Svart<\/li>\n<li> Material: Konstl\u00e4der (65 % polyuretan, 35 % polyester), metall<\/li>\n<li> Totala dimensioner: 38B x 43,5T x 99H cm<\/li>\n<li> Sitsstorlek: \u00d835,5 x 76,5H cm<\/li>\n<li> Sittjocklek: 5 cm<\/li>\n<li> Ryggst\u00f6dsdimensioner: 32B x 16L x 4,5T cm<\/li>\n<li> Fotst\u00f6dsh\u00f6jd: 30 cm<\/li>\n<li> Benh\u00f6jd: 70 cm<\/li>\n<li> Maximal belastning: 120 kg<\/li>\n<\/ul>\n<p>Leveransinneh\u00e5ll:<\/p>\n<ul>\n<li> 2 x barstolar<\/li>\n<li> 1 x handbok<\/li>\n<\/ul>\n","protected":false},"excerpt":{"rendered":"<p>Lider du av ostadiga, obekv\u00e4ma sittplatser? Om dina g\u00e4ster inte kan rotera fritt och prata vid din k\u00f6ks\u00f6, \u00e4r det&#8230;<\/p>\n","protected":false},"featured_media":98974,"template":"","meta":[],"product_brand":[],"product_cat":[643,871,889],"product_tag":[],"class_list":{"0":"post-98985","1":"product","2":"type-product","3":"status-publish","4":"has-post-thumbnail","6":"product_cat-barnstolar","7":"product_cat-hus-hem","8":"product_cat-kok-matsal","10":"first","11":"instock","12":"sale","13":"taxable","14":"shipping-taxable","15":"purchasable","16":"product-type-simple"},"yoast_head":"<!-- This site is optimized with the Yoast SEO plugin v25.4 - https:\/\/yoast.com\/wordpress\/plugins\/seo\/ -->\n<title>TRUUSK 2-pack Barstolar - Konstl\u00e4der\u00f6verdrag - Vadderat S\u00e4te - Fotst\u00f6d - Ryggst\u00f6d - Metallram - Svart - TRUUSK - Hem, Tr\u00e4dg\u00e5rd &amp; Fritid<\/title>\n<meta name=\"robots\" content=\"index, follow, max-snippet:-1, max-image-preview:large, max-video-preview:-1\" \/>\n<link rel=\"canonical\" href=\"https:\/\/truusk.store\/sv\/produkt\/truusk-2-pack-barstolar-konstladeroverdrag-vadderat-sate-fotstod-ryggstod-metallram-svart\/\" \/>\n<meta property=\"og:locale\" content=\"sv_SE\" \/>\n<meta property=\"og:type\" content=\"article\" \/>\n<meta property=\"og:title\" content=\"TRUUSK 2-pack Barstolar - Konstl\u00e4der\u00f6verdrag - Vadderat S\u00e4te - Fotst\u00f6d - Ryggst\u00f6d - Metallram - Svart - TRUUSK - Hem, Tr\u00e4dg\u00e5rd &amp; Fritid\" \/>\n<meta property=\"og:description\" content=\"Lider du av ostadiga, obekv\u00e4ma sittplatser? Om dina g\u00e4ster inte kan rotera fritt och prata vid din k\u00f6ks\u00f6, \u00e4r det...\" \/>\n<meta property=\"og:url\" content=\"https:\/\/truusk.store\/sv\/produkt\/truusk-2-pack-barstolar-konstladeroverdrag-vadderat-sate-fotstod-ryggstod-metallram-svart\/\" \/>\n<meta property=\"og:site_name\" content=\"TRUUSK - Hem, Tr\u00e4dg\u00e5rd &amp; Fritid\" \/>\n<meta property=\"article:modified_time\" content=\"2026-03-12T07:52:10+00:00\" \/>\n<meta property=\"og:image\" content=\"https:\/\/i0.wp.com\/truusk.se\/wp-content\/uploads\/2026\/01\/2-pack-barstolar-konstladeroverdrag-vadderat-sate-fotstod-ryggstod-metallram-svart-1.webp?fit=2000%2C2000&ssl=1\" \/>\n\t<meta property=\"og:image:width\" content=\"2000\" \/>\n\t<meta property=\"og:image:height\" content=\"2000\" \/>\n\t<meta property=\"og:image:type\" content=\"image\/webp\" \/>\n<meta name=\"twitter:card\" content=\"summary_large_image\" \/>\n<meta name=\"twitter:label1\" content=\"Ber\u00e4knad l\u00e4stid\" \/>\n\t<meta name=\"twitter:data1\" content=\"1 minut\" \/>\n<!-- \/ Yoast SEO plugin. -->","yoast_head_json":{"title":"TRUUSK 2-pack Barstolar - Konstl\u00e4der\u00f6verdrag - Vadderat S\u00e4te - Fotst\u00f6d - Ryggst\u00f6d - Metallram - Svart - TRUUSK - Hem, Tr\u00e4dg\u00e5rd &amp; Fritid","robots":{"index":"index","follow":"follow","max-snippet":"max-snippet:-1","max-image-preview":"max-image-preview:large","max-video-preview":"max-video-preview:-1"},"canonical":"https:\/\/truusk.store\/sv\/produkt\/truusk-2-pack-barstolar-konstladeroverdrag-vadderat-sate-fotstod-ryggstod-metallram-svart\/","og_locale":"sv_SE","og_type":"article","og_title":"TRUUSK 2-pack Barstolar - Konstl\u00e4der\u00f6verdrag - Vadderat S\u00e4te - Fotst\u00f6d - Ryggst\u00f6d - Metallram - Svart - TRUUSK - Hem, Tr\u00e4dg\u00e5rd &amp; Fritid","og_description":"Lider du av ostadiga, obekv\u00e4ma sittplatser? Om dina g\u00e4ster inte kan rotera fritt och prata vid din k\u00f6ks\u00f6, \u00e4r det...","og_url":"https:\/\/truusk.store\/sv\/produkt\/truusk-2-pack-barstolar-konstladeroverdrag-vadderat-sate-fotstod-ryggstod-metallram-svart\/","og_site_name":"TRUUSK - Hem, Tr\u00e4dg\u00e5rd &amp; Fritid","article_modified_time":"2026-03-12T07:52:10+00:00","og_image":[{"width":2000,"height":2000,"url":"https:\/\/i0.wp.com\/truusk.se\/wp-content\/uploads\/2026\/01\/2-pack-barstolar-konstladeroverdrag-vadderat-sate-fotstod-ryggstod-metallram-svart-1.webp?fit=2000%2C2000&ssl=1","type":"image\/webp"}],"twitter_card":"summary_large_image","twitter_misc":{"Ber\u00e4knad l\u00e4stid":"1 minut"},"schema":{"@context":"https:\/\/schema.org","@graph":[{"@type":"WebPage","@id":"https:\/\/truusk.store\/sv\/produkt\/truusk-2-pack-barstolar-konstladeroverdrag-vadderat-sate-fotstod-ryggstod-metallram-svart\/","url":"https:\/\/truusk.store\/sv\/produkt\/truusk-2-pack-barstolar-konstladeroverdrag-vadderat-sate-fotstod-ryggstod-metallram-svart\/","name":"TRUUSK 2-pack Barstolar - Konstl\u00e4der\u00f6verdrag - Vadderat S\u00e4te - Fotst\u00f6d - Ryggst\u00f6d - Metallram - Svart - TRUUSK - Hem, Tr\u00e4dg\u00e5rd &amp; Fritid","isPartOf":{"@id":"https:\/\/truusk.store\/sv\/#website"},"primaryImageOfPage":{"@id":"https:\/\/truusk.store\/sv\/produkt\/truusk-2-pack-barstolar-konstladeroverdrag-vadderat-sate-fotstod-ryggstod-metallram-svart\/#primaryimage"},"image":{"@id":"https:\/\/truusk.store\/sv\/produkt\/truusk-2-pack-barstolar-konstladeroverdrag-vadderat-sate-fotstod-ryggstod-metallram-svart\/#primaryimage"},"thumbnailUrl":"https:\/\/i0.wp.com\/truusk.store\/wp-content\/uploads\/2026\/01\/2-pack-barstolar-konstladeroverdrag-vadderat-sate-fotstod-ryggstod-metallram-svart-1.webp?fit=2000%2C2000&ssl=1","datePublished":"2026-01-06T12:42:46+00:00","dateModified":"2026-03-12T07:52:10+00:00","breadcrumb":{"@id":"https:\/\/truusk.store\/sv\/produkt\/truusk-2-pack-barstolar-konstladeroverdrag-vadderat-sate-fotstod-ryggstod-metallram-svart\/#breadcrumb"},"inLanguage":"sv-SE","potentialAction":[{"@type":"ReadAction","target":["https:\/\/truusk.store\/sv\/produkt\/truusk-2-pack-barstolar-konstladeroverdrag-vadderat-sate-fotstod-ryggstod-metallram-svart\/"]}]},{"@type":"ImageObject","inLanguage":"sv-SE","@id":"https:\/\/truusk.store\/sv\/produkt\/truusk-2-pack-barstolar-konstladeroverdrag-vadderat-sate-fotstod-ryggstod-metallram-svart\/#primaryimage","url":"https:\/\/i0.wp.com\/truusk.store\/wp-content\/uploads\/2026\/01\/2-pack-barstolar-konstladeroverdrag-vadderat-sate-fotstod-ryggstod-metallram-svart-1.webp?fit=2000%2C2000&ssl=1","contentUrl":"https:\/\/i0.wp.com\/truusk.store\/wp-content\/uploads\/2026\/01\/2-pack-barstolar-konstladeroverdrag-vadderat-sate-fotstod-ryggstod-metallram-svart-1.webp?fit=2000%2C2000&ssl=1","width":2000,"height":2000},{"@type":"BreadcrumbList","@id":"https:\/\/truusk.store\/sv\/produkt\/truusk-2-pack-barstolar-konstladeroverdrag-vadderat-sate-fotstod-ryggstod-metallram-svart\/#breadcrumb","itemListElement":[{"@type":"ListItem","position":1,"name":"Home","item":"https:\/\/truusk.store\/sv\/"},{"@type":"ListItem","position":2,"name":"Shop","item":"https:\/\/truusk.store\/shop\/"},{"@type":"ListItem","position":3,"name":"TRUUSK 2-pack Barstolar &#8211; Konstl\u00e4der\u00f6verdrag &#8211; Vadderat S\u00e4te &#8211; Fotst\u00f6d &#8211; Ryggst\u00f6d &#8211; Metallram &#8211; Svart"}]},{"@type":"WebSite","@id":"https:\/\/truusk.store\/sv\/#website","url":"https:\/\/truusk.store\/sv\/","name":"TRUUSK - Hem, Tr\u00e4dg\u00e5rd & Fritid","description":"","publisher":{"@id":"https:\/\/truusk.store\/sv\/#organization"},"potentialAction":[{"@type":"SearchAction","target":{"@type":"EntryPoint","urlTemplate":"https:\/\/truusk.store\/sv\/?s={search_term_string}"},"query-input":{"@type":"PropertyValueSpecification","valueRequired":true,"valueName":"search_term_string"}}],"inLanguage":"sv-SE"},{"@type":"Organization","@id":"https:\/\/truusk.store\/sv\/#organization","name":"TRUUSK - Hem, Tr\u00e4dg\u00e5rd & Fritid","url":"https:\/\/truusk.store\/sv\/","logo":{"@type":"ImageObject","inLanguage":"sv-SE","@id":"https:\/\/truusk.store\/sv\/#\/schema\/logo\/image\/","url":"https:\/\/i0.wp.com\/truusk.store\/wp-content\/uploads\/2026\/03\/cropped-TRUUSK.png?fit=2032%2C917&ssl=1","contentUrl":"https:\/\/i0.wp.com\/truusk.store\/wp-content\/uploads\/2026\/03\/cropped-TRUUSK.png?fit=2032%2C917&ssl=1","width":2032,"height":917,"caption":"TRUUSK - Hem, Tr\u00e4dg\u00e5rd & Fritid"},"image":{"@id":"https:\/\/truusk.store\/sv\/#\/schema\/logo\/image\/"}}]}},"jetpack_sharing_enabled":true,"_links":{"self":[{"href":"https:\/\/truusk.store\/sv\/wp-json\/wp\/v2\/product\/98985","targetHints":{"allow":["GET"]}}],"collection":[{"href":"https:\/\/truusk.store\/sv\/wp-json\/wp\/v2\/product"}],"about":[{"href":"https:\/\/truusk.store\/sv\/wp-json\/wp\/v2\/types\/product"}],"wp:featuredmedia":[{"embeddable":true,"href":"https:\/\/truusk.store\/sv\/wp-json\/wp\/v2\/media\/98974"}],"wp:attachment":[{"href":"https:\/\/truusk.store\/sv\/wp-json\/wp\/v2\/media?parent=98985"}],"wp:term":[{"taxonomy":"product_brand","embeddable":true,"href":"https:\/\/truusk.store\/sv\/wp-json\/wp\/v2\/product_brand?post=98985"},{"taxonomy":"product_cat","embeddable":true,"href":"https:\/\/truusk.store\/sv\/wp-json\/wp\/v2\/product_cat?post=98985"},{"taxonomy":"product_tag","embeddable":true,"href":"https:\/\/truusk.store\/sv\/wp-json\/wp\/v2\/product_tag?post=98985"}],"curies":[{"name":"wp","href":"https:\/\/api.w.org\/{rel}","templated":true}]}}