{"id":99005,"date":"2026-01-06T13:44:54","date_gmt":"2026-01-06T12:44:54","guid":{"rendered":"https:\/\/truusk.store\/product\/helskarmspegel-150x40-cm-rgb-led-staende-spegel-med-21-glodlampor-7-ljusfarger-touch-omkopplare-minnesfunktion\/"},"modified":"2026-03-12T08:52:13","modified_gmt":"2026-03-12T07:52:13","slug":"truusk-rgb-led-helskarmspegel-150x40-cm-21-glodlampor-7-ljusfarger-touch-omkopplare-minnesfunktion","status":"publish","type":"product","link":"https:\/\/truusk.store\/sv\/produkt\/truusk-rgb-led-helskarmspegel-150x40-cm-21-glodlampor-7-ljusfarger-touch-omkopplare-minnesfunktion\/","title":{"rendered":"TRUUSK RGB-LED Helsk\u00e4rmspegel 150&#215;40 cm &#8211; 21 Gl\u00f6dlampor &#8211; 7 Ljusf\u00e4rger &#8211; Touch-omkopplare &#8211; Minnesfunktion"},"content":{"rendered":"<p>Tr\u00f6tt p\u00e5 en enkel spegel som inte tillf\u00f6r n\u00e5got till din rumsdesign? En tr\u00e5kig syn kan g\u00f6ra vardagen monotont, och oron f\u00f6r glasbrott \u00e4r alltid n\u00e4rvarande. Helkroppsspegeln fr\u00e5n [BRAND NAME] revolutionerar ditt utrymme. Med dynamisk RGB-belysning och Hollywood-stil gl\u00f6dlampor blir stylingen ett glamor\u00f6st h\u00f6jdpunkt. Denna bruchs\u00e4kra st\u00e5ende spegel kombinerar glittrande stil med s\u00e4kerhet och skapar en lugnande atmosf\u00e4r hemma.<\/p>\n<p>Beskrivning:<\/p>\n<ul>\n<li> V\u00e4xla mellan sju levande RGB-f\u00e4rger f\u00f6r att skapa en personlig rumsst\u00e4mning<\/li>\n<li> Ramfri design med 21 Hollywood-gl\u00f6dlampor skapar ett slankt, modernt visuellt fokus<\/li>\n<li> Tillverkad av 4 mm bruchs\u00e4kert h\u00e4rdat glas f\u00f6r att garantera h\u00f6g klarhet och s\u00e4kerhet<\/li>\n<li> Helkroppsspegeln har en intelligent touchkontroll f\u00f6r enkel anv\u00e4ndning<\/li>\n<li> Kommer ih\u00e5g din senaste ljusinst\u00e4llning och erbjuder s\u00e5ledes en bekv\u00e4m och individuell anv\u00e4ndarupplevelse<\/li>\n<li> Anv\u00e4nd den frist\u00e5ende med stativet, montera den p\u00e5 v\u00e4ggen eller luta den mot en v\u00e4gg<\/li>\n<li> Idealisk f\u00f6r sovrum, omkl\u00e4dningsrum eller vardagsrum<\/li>\n<li> Montering kr\u00e4vs<\/li>\n<\/ul>\n<p> Tekniska specifikationer:<\/p>\n<ul>\n<li> F\u00e4rg: Transparent<\/li>\n<li> Material: H\u00e4rdat glas<\/li>\n<li> Totala dimensioner: 40B x 5,7T x 150H cm (utan st\u00f6dben), 40B x 40T x 149,5H cm (med st\u00f6dben)<\/li>\n<li> Spegelstorlek: 40B x 150H cm<\/li>\n<li> Effekt: 17 W<\/li>\n<li> Ing\u00e5ng: AC 230 V, 50 Hz<\/li>\n<li> Utg\u00e5ng: DC 12 V, 2 A, 24 W<\/li>\n<li> Kabell\u00e4ngd: 1,5 m<\/li>\n<li> Obs: Om spegeln lutas mot en v\u00e4gg, placera den p\u00e5 en halkfri yta (som matta) f\u00f6r stabilitet.<\/li>\n<\/ul>\n<p>Leveransinneh\u00e5ll:<\/p>\n<ul>\n<li> 1 x Helkroppsspegel<\/li>\n<li> 1 x Bruksanvisning<\/li>\n<\/ul>\n","protected":false},"excerpt":{"rendered":"<p>Tr\u00f6tt p\u00e5 en enkel spegel som inte tillf\u00f6r n\u00e5got till din rumsdesign? En tr\u00e5kig syn kan g\u00f6ra vardagen monotont, och&#8230;<\/p>\n","protected":false},"featured_media":98996,"template":"","meta":[],"product_brand":[],"product_cat":[893,871,1006],"product_tag":[],"class_list":{"0":"post-99005","1":"product","2":"type-product","3":"status-publish","4":"has-post-thumbnail","6":"product_cat-garderob-hall","7":"product_cat-hus-hem","8":"product_cat-staende-spegel","10":"first","11":"instock","12":"sale","13":"taxable","14":"shipping-taxable","15":"purchasable","16":"product-type-simple"},"yoast_head":"<!-- This site is optimized with the Yoast SEO plugin v25.4 - https:\/\/yoast.com\/wordpress\/plugins\/seo\/ -->\n<title>TRUUSK RGB-LED Helsk\u00e4rmspegel 150x40 cm - 21 Gl\u00f6dlampor - 7 Ljusf\u00e4rger - Touch-omkopplare - Minnesfunktion - TRUUSK - Hem, Tr\u00e4dg\u00e5rd &amp; Fritid<\/title>\n<meta name=\"robots\" content=\"index, follow, max-snippet:-1, max-image-preview:large, max-video-preview:-1\" \/>\n<link rel=\"canonical\" href=\"https:\/\/truusk.store\/sv\/produkt\/truusk-rgb-led-helskarmspegel-150x40-cm-21-glodlampor-7-ljusfarger-touch-omkopplare-minnesfunktion\/\" \/>\n<meta property=\"og:locale\" content=\"sv_SE\" \/>\n<meta property=\"og:type\" content=\"article\" \/>\n<meta property=\"og:title\" content=\"TRUUSK RGB-LED Helsk\u00e4rmspegel 150x40 cm - 21 Gl\u00f6dlampor - 7 Ljusf\u00e4rger - Touch-omkopplare - Minnesfunktion - TRUUSK - Hem, Tr\u00e4dg\u00e5rd &amp; Fritid\" \/>\n<meta property=\"og:description\" content=\"Tr\u00f6tt p\u00e5 en enkel spegel som inte tillf\u00f6r n\u00e5got till din rumsdesign? En tr\u00e5kig syn kan g\u00f6ra vardagen monotont, och...\" \/>\n<meta property=\"og:url\" content=\"https:\/\/truusk.store\/sv\/produkt\/truusk-rgb-led-helskarmspegel-150x40-cm-21-glodlampor-7-ljusfarger-touch-omkopplare-minnesfunktion\/\" \/>\n<meta property=\"og:site_name\" content=\"TRUUSK - Hem, Tr\u00e4dg\u00e5rd &amp; Fritid\" \/>\n<meta property=\"article:modified_time\" content=\"2026-03-12T07:52:13+00:00\" \/>\n<meta property=\"og:image\" content=\"https:\/\/i0.wp.com\/truusk.se\/wp-content\/uploads\/2026\/01\/helskarmspegel-150x40-cm-rgb-led-staende-spegel-med-21-glodlampor-7-ljusfarger-touch-omkopplare-minnesfunktion-1.webp?fit=2000%2C2000&ssl=1\" \/>\n\t<meta property=\"og:image:width\" content=\"2000\" \/>\n\t<meta property=\"og:image:height\" content=\"2000\" \/>\n\t<meta property=\"og:image:type\" content=\"image\/webp\" \/>\n<meta name=\"twitter:card\" content=\"summary_large_image\" \/>\n<meta name=\"twitter:label1\" content=\"Ber\u00e4knad l\u00e4stid\" \/>\n\t<meta name=\"twitter:data1\" content=\"1 minut\" \/>\n<!-- \/ Yoast SEO plugin. -->","yoast_head_json":{"title":"TRUUSK RGB-LED Helsk\u00e4rmspegel 150x40 cm - 21 Gl\u00f6dlampor - 7 Ljusf\u00e4rger - Touch-omkopplare - Minnesfunktion - TRUUSK - Hem, Tr\u00e4dg\u00e5rd &amp; Fritid","robots":{"index":"index","follow":"follow","max-snippet":"max-snippet:-1","max-image-preview":"max-image-preview:large","max-video-preview":"max-video-preview:-1"},"canonical":"https:\/\/truusk.store\/sv\/produkt\/truusk-rgb-led-helskarmspegel-150x40-cm-21-glodlampor-7-ljusfarger-touch-omkopplare-minnesfunktion\/","og_locale":"sv_SE","og_type":"article","og_title":"TRUUSK RGB-LED Helsk\u00e4rmspegel 150x40 cm - 21 Gl\u00f6dlampor - 7 Ljusf\u00e4rger - Touch-omkopplare - Minnesfunktion - TRUUSK - Hem, Tr\u00e4dg\u00e5rd &amp; Fritid","og_description":"Tr\u00f6tt p\u00e5 en enkel spegel som inte tillf\u00f6r n\u00e5got till din rumsdesign? En tr\u00e5kig syn kan g\u00f6ra vardagen monotont, och...","og_url":"https:\/\/truusk.store\/sv\/produkt\/truusk-rgb-led-helskarmspegel-150x40-cm-21-glodlampor-7-ljusfarger-touch-omkopplare-minnesfunktion\/","og_site_name":"TRUUSK - Hem, Tr\u00e4dg\u00e5rd &amp; Fritid","article_modified_time":"2026-03-12T07:52:13+00:00","og_image":[{"width":2000,"height":2000,"url":"https:\/\/i0.wp.com\/truusk.se\/wp-content\/uploads\/2026\/01\/helskarmspegel-150x40-cm-rgb-led-staende-spegel-med-21-glodlampor-7-ljusfarger-touch-omkopplare-minnesfunktion-1.webp?fit=2000%2C2000&ssl=1","type":"image\/webp"}],"twitter_card":"summary_large_image","twitter_misc":{"Ber\u00e4knad l\u00e4stid":"1 minut"},"schema":{"@context":"https:\/\/schema.org","@graph":[{"@type":"WebPage","@id":"https:\/\/truusk.store\/sv\/produkt\/truusk-rgb-led-helskarmspegel-150x40-cm-21-glodlampor-7-ljusfarger-touch-omkopplare-minnesfunktion\/","url":"https:\/\/truusk.store\/sv\/produkt\/truusk-rgb-led-helskarmspegel-150x40-cm-21-glodlampor-7-ljusfarger-touch-omkopplare-minnesfunktion\/","name":"TRUUSK RGB-LED Helsk\u00e4rmspegel 150x40 cm - 21 Gl\u00f6dlampor - 7 Ljusf\u00e4rger - Touch-omkopplare - Minnesfunktion - TRUUSK - Hem, Tr\u00e4dg\u00e5rd &amp; Fritid","isPartOf":{"@id":"https:\/\/truusk.store\/sv\/#website"},"primaryImageOfPage":{"@id":"https:\/\/truusk.store\/sv\/produkt\/truusk-rgb-led-helskarmspegel-150x40-cm-21-glodlampor-7-ljusfarger-touch-omkopplare-minnesfunktion\/#primaryimage"},"image":{"@id":"https:\/\/truusk.store\/sv\/produkt\/truusk-rgb-led-helskarmspegel-150x40-cm-21-glodlampor-7-ljusfarger-touch-omkopplare-minnesfunktion\/#primaryimage"},"thumbnailUrl":"https:\/\/i0.wp.com\/truusk.store\/wp-content\/uploads\/2026\/01\/helskarmspegel-150x40-cm-rgb-led-staende-spegel-med-21-glodlampor-7-ljusfarger-touch-omkopplare-minnesfunktion-1.webp?fit=2000%2C2000&ssl=1","datePublished":"2026-01-06T12:44:54+00:00","dateModified":"2026-03-12T07:52:13+00:00","breadcrumb":{"@id":"https:\/\/truusk.store\/sv\/produkt\/truusk-rgb-led-helskarmspegel-150x40-cm-21-glodlampor-7-ljusfarger-touch-omkopplare-minnesfunktion\/#breadcrumb"},"inLanguage":"sv-SE","potentialAction":[{"@type":"ReadAction","target":["https:\/\/truusk.store\/sv\/produkt\/truusk-rgb-led-helskarmspegel-150x40-cm-21-glodlampor-7-ljusfarger-touch-omkopplare-minnesfunktion\/"]}]},{"@type":"ImageObject","inLanguage":"sv-SE","@id":"https:\/\/truusk.store\/sv\/produkt\/truusk-rgb-led-helskarmspegel-150x40-cm-21-glodlampor-7-ljusfarger-touch-omkopplare-minnesfunktion\/#primaryimage","url":"https:\/\/i0.wp.com\/truusk.store\/wp-content\/uploads\/2026\/01\/helskarmspegel-150x40-cm-rgb-led-staende-spegel-med-21-glodlampor-7-ljusfarger-touch-omkopplare-minnesfunktion-1.webp?fit=2000%2C2000&ssl=1","contentUrl":"https:\/\/i0.wp.com\/truusk.store\/wp-content\/uploads\/2026\/01\/helskarmspegel-150x40-cm-rgb-led-staende-spegel-med-21-glodlampor-7-ljusfarger-touch-omkopplare-minnesfunktion-1.webp?fit=2000%2C2000&ssl=1","width":2000,"height":2000},{"@type":"BreadcrumbList","@id":"https:\/\/truusk.store\/sv\/produkt\/truusk-rgb-led-helskarmspegel-150x40-cm-21-glodlampor-7-ljusfarger-touch-omkopplare-minnesfunktion\/#breadcrumb","itemListElement":[{"@type":"ListItem","position":1,"name":"Home","item":"https:\/\/truusk.store\/sv\/"},{"@type":"ListItem","position":2,"name":"Shop","item":"https:\/\/truusk.store\/shop\/"},{"@type":"ListItem","position":3,"name":"TRUUSK RGB-LED Helsk\u00e4rmspegel 150&#215;40 cm &#8211; 21 Gl\u00f6dlampor &#8211; 7 Ljusf\u00e4rger &#8211; Touch-omkopplare &#8211; Minnesfunktion"}]},{"@type":"WebSite","@id":"https:\/\/truusk.store\/sv\/#website","url":"https:\/\/truusk.store\/sv\/","name":"TRUUSK - Hem, Tr\u00e4dg\u00e5rd & Fritid","description":"","publisher":{"@id":"https:\/\/truusk.store\/sv\/#organization"},"potentialAction":[{"@type":"SearchAction","target":{"@type":"EntryPoint","urlTemplate":"https:\/\/truusk.store\/sv\/?s={search_term_string}"},"query-input":{"@type":"PropertyValueSpecification","valueRequired":true,"valueName":"search_term_string"}}],"inLanguage":"sv-SE"},{"@type":"Organization","@id":"https:\/\/truusk.store\/sv\/#organization","name":"TRUUSK - Hem, Tr\u00e4dg\u00e5rd & Fritid","url":"https:\/\/truusk.store\/sv\/","logo":{"@type":"ImageObject","inLanguage":"sv-SE","@id":"https:\/\/truusk.store\/sv\/#\/schema\/logo\/image\/","url":"https:\/\/i0.wp.com\/truusk.store\/wp-content\/uploads\/2026\/03\/cropped-TRUUSK.png?fit=2032%2C917&ssl=1","contentUrl":"https:\/\/i0.wp.com\/truusk.store\/wp-content\/uploads\/2026\/03\/cropped-TRUUSK.png?fit=2032%2C917&ssl=1","width":2032,"height":917,"caption":"TRUUSK - Hem, Tr\u00e4dg\u00e5rd & Fritid"},"image":{"@id":"https:\/\/truusk.store\/sv\/#\/schema\/logo\/image\/"}}]}},"jetpack_sharing_enabled":true,"_links":{"self":[{"href":"https:\/\/truusk.store\/sv\/wp-json\/wp\/v2\/product\/99005","targetHints":{"allow":["GET"]}}],"collection":[{"href":"https:\/\/truusk.store\/sv\/wp-json\/wp\/v2\/product"}],"about":[{"href":"https:\/\/truusk.store\/sv\/wp-json\/wp\/v2\/types\/product"}],"wp:featuredmedia":[{"embeddable":true,"href":"https:\/\/truusk.store\/sv\/wp-json\/wp\/v2\/media\/98996"}],"wp:attachment":[{"href":"https:\/\/truusk.store\/sv\/wp-json\/wp\/v2\/media?parent=99005"}],"wp:term":[{"taxonomy":"product_brand","embeddable":true,"href":"https:\/\/truusk.store\/sv\/wp-json\/wp\/v2\/product_brand?post=99005"},{"taxonomy":"product_cat","embeddable":true,"href":"https:\/\/truusk.store\/sv\/wp-json\/wp\/v2\/product_cat?post=99005"},{"taxonomy":"product_tag","embeddable":true,"href":"https:\/\/truusk.store\/sv\/wp-json\/wp\/v2\/product_tag?post=99005"}],"curies":[{"name":"wp","href":"https:\/\/api.w.org\/{rel}","templated":true}]}}