{"id":99015,"date":"2026-01-06T13:46:05","date_gmt":"2026-01-06T12:46:05","guid":{"rendered":"https:\/\/truusk.store\/product\/vaggdekor-3d-2-delars-set-geometrisk-vaggdekoration-modern-vaggdekor-for-vardagsrum-hall-80-x-35-x-80-cm-vit\/"},"modified":"2026-03-12T08:52:16","modified_gmt":"2026-03-12T07:52:16","slug":"truusk-geometrisk-vaggdekor-3d-set-modern-design-for-vardagsrum-hall-80x35x80-cm-vit","status":"publish","type":"product","link":"https:\/\/truusk.store\/sv\/produkt\/truusk-geometrisk-vaggdekor-3d-set-modern-design-for-vardagsrum-hall-80x35x80-cm-vit\/","title":{"rendered":"TRUUSK Geometrisk V\u00e4ggdekor 3D Set &#8211; Modern Design &#8211; F\u00f6r Vardagsrum, Hall &#8211; 80&#215;3,5&#215;80 cm &#8211; Vit"},"content":{"rendered":"<p>\u00c4r ditt vardagsrum utan ett tilltalande centrum? En tr\u00e5kig v\u00e4gg g\u00f6r ditt hem opersonligt och utan karakt\u00e4r, imponerar inte p\u00e5 g\u00e4ster och inspirerar inte till vardagen. F\u00f6rvandla ditt utrymme med [BRAND NAME] v\u00e4ggdekorationsset. Det stora, tredimensionella geometriska designen och den h\u00f6gkvalitativa texturen skapar en imponerande mittpunkt. Denna eleganta v\u00e4ggdekoration g\u00f6r ditt rum till en stilfull galleri som reflekterar din uttalade, fina smak.<\/p>\n<p>Beskrivning:<\/p>\n<ul>\n<li> Har 3D-laserskurna geometriska m\u00f6nster som skapar f\u00e4ngslande ljus- och skuggverkningar<\/li>\n<li> Tillverkad av EVA, MDF och PS-material, f\u00f6r en galleriliknande atmosf\u00e4r<\/li>\n<li> Arrangera detta 2-delade set flexibelt f\u00f6r att uttrycka din unika dekorativa stil<\/li>\n<li> M\u00e5ngsidig modern stil som perfekt kompletterar ditt vardagsrum, sovrum eller din entr\u00e9<\/li>\n<li> Kommer helt monterad med f\u00f6rinstallerade krokar f\u00f6r snabb och enkel upph\u00e4ngning<\/li>\n<li> En elegant och genomt\u00e4nkt present f\u00f6r inflyttningsfester, f\u00f6delsedagar eller helgdagar<\/li>\n<\/ul>\n<p> Tekniska specifikationer:<\/p>\n<ul>\n<li> F\u00e4rg: Vit<\/li>\n<li> Material: EVA, MDF, PS-ram<\/li>\n<li> Totala dimensioner: (varje panel) 80B x 80H x 3,5T cm<\/li>\n<li> Antal delar: 2<\/li>\n<\/ul>\n<p>Leveransinneh\u00e5ll:<\/p>\n<ul>\n<li> 2 x V\u00e4ggkonst<\/li>\n<li> 1 x Handbok<\/li>\n<\/ul>\n","protected":false},"excerpt":{"rendered":"<p>\u00c4r ditt vardagsrum utan ett tilltalande centrum? En tr\u00e5kig v\u00e4gg g\u00f6r ditt hem opersonligt och utan karakt\u00e4r, imponerar inte p\u00e5&#8230;<\/p>\n","protected":false},"featured_media":99006,"template":"","meta":[],"product_brand":[],"product_cat":[962,871,683],"product_tag":[],"class_list":{"0":"post-99015","1":"product","2":"type-product","3":"status-publish","4":"has-post-thumbnail","6":"product_cat-dekoration","7":"product_cat-hus-hem","8":"product_cat-vaggdekoration","10":"first","11":"instock","12":"sale","13":"taxable","14":"shipping-taxable","15":"purchasable","16":"product-type-simple"},"yoast_head":"<!-- This site is optimized with the Yoast SEO plugin v25.4 - https:\/\/yoast.com\/wordpress\/plugins\/seo\/ -->\n<title>TRUUSK Geometrisk V\u00e4ggdekor 3D Set - Modern Design - F\u00f6r Vardagsrum, Hall - 80x3,5x80 cm - Vit - TRUUSK - Hem, Tr\u00e4dg\u00e5rd &amp; Fritid<\/title>\n<meta name=\"robots\" content=\"index, follow, max-snippet:-1, max-image-preview:large, max-video-preview:-1\" \/>\n<link rel=\"canonical\" href=\"https:\/\/truusk.store\/sv\/produkt\/truusk-geometrisk-vaggdekor-3d-set-modern-design-for-vardagsrum-hall-80x35x80-cm-vit\/\" \/>\n<meta property=\"og:locale\" content=\"sv_SE\" \/>\n<meta property=\"og:type\" content=\"article\" \/>\n<meta property=\"og:title\" content=\"TRUUSK Geometrisk V\u00e4ggdekor 3D Set - Modern Design - F\u00f6r Vardagsrum, Hall - 80x3,5x80 cm - Vit - TRUUSK - Hem, Tr\u00e4dg\u00e5rd &amp; Fritid\" \/>\n<meta property=\"og:description\" content=\"\u00c4r ditt vardagsrum utan ett tilltalande centrum? En tr\u00e5kig v\u00e4gg g\u00f6r ditt hem opersonligt och utan karakt\u00e4r, imponerar inte p\u00e5...\" \/>\n<meta property=\"og:url\" content=\"https:\/\/truusk.store\/sv\/produkt\/truusk-geometrisk-vaggdekor-3d-set-modern-design-for-vardagsrum-hall-80x35x80-cm-vit\/\" \/>\n<meta property=\"og:site_name\" content=\"TRUUSK - Hem, Tr\u00e4dg\u00e5rd &amp; Fritid\" \/>\n<meta property=\"article:modified_time\" content=\"2026-03-12T07:52:16+00:00\" \/>\n<meta property=\"og:image\" content=\"https:\/\/i0.wp.com\/truusk.se\/wp-content\/uploads\/2026\/01\/vaggdekor-3d-2-delars-set-geometrisk-vaggdekoration-modern-vaggdekor-for-vardagsrum-hall-80-x-35-x-80-cm-vit-1.webp?fit=2000%2C2000&ssl=1\" \/>\n\t<meta property=\"og:image:width\" content=\"2000\" \/>\n\t<meta property=\"og:image:height\" content=\"2000\" \/>\n\t<meta property=\"og:image:type\" content=\"image\/webp\" \/>\n<meta name=\"twitter:card\" content=\"summary_large_image\" \/>\n<meta name=\"twitter:label1\" content=\"Ber\u00e4knad l\u00e4stid\" \/>\n\t<meta name=\"twitter:data1\" content=\"1 minut\" \/>\n<!-- \/ Yoast SEO plugin. -->","yoast_head_json":{"title":"TRUUSK Geometrisk V\u00e4ggdekor 3D Set - Modern Design - F\u00f6r Vardagsrum, Hall - 80x3,5x80 cm - Vit - TRUUSK - Hem, Tr\u00e4dg\u00e5rd &amp; Fritid","robots":{"index":"index","follow":"follow","max-snippet":"max-snippet:-1","max-image-preview":"max-image-preview:large","max-video-preview":"max-video-preview:-1"},"canonical":"https:\/\/truusk.store\/sv\/produkt\/truusk-geometrisk-vaggdekor-3d-set-modern-design-for-vardagsrum-hall-80x35x80-cm-vit\/","og_locale":"sv_SE","og_type":"article","og_title":"TRUUSK Geometrisk V\u00e4ggdekor 3D Set - Modern Design - F\u00f6r Vardagsrum, Hall - 80x3,5x80 cm - Vit - TRUUSK - Hem, Tr\u00e4dg\u00e5rd &amp; Fritid","og_description":"\u00c4r ditt vardagsrum utan ett tilltalande centrum? En tr\u00e5kig v\u00e4gg g\u00f6r ditt hem opersonligt och utan karakt\u00e4r, imponerar inte p\u00e5...","og_url":"https:\/\/truusk.store\/sv\/produkt\/truusk-geometrisk-vaggdekor-3d-set-modern-design-for-vardagsrum-hall-80x35x80-cm-vit\/","og_site_name":"TRUUSK - Hem, Tr\u00e4dg\u00e5rd &amp; Fritid","article_modified_time":"2026-03-12T07:52:16+00:00","og_image":[{"width":2000,"height":2000,"url":"https:\/\/i0.wp.com\/truusk.se\/wp-content\/uploads\/2026\/01\/vaggdekor-3d-2-delars-set-geometrisk-vaggdekoration-modern-vaggdekor-for-vardagsrum-hall-80-x-35-x-80-cm-vit-1.webp?fit=2000%2C2000&ssl=1","type":"image\/webp"}],"twitter_card":"summary_large_image","twitter_misc":{"Ber\u00e4knad l\u00e4stid":"1 minut"},"schema":{"@context":"https:\/\/schema.org","@graph":[{"@type":"WebPage","@id":"https:\/\/truusk.store\/sv\/produkt\/truusk-geometrisk-vaggdekor-3d-set-modern-design-for-vardagsrum-hall-80x35x80-cm-vit\/","url":"https:\/\/truusk.store\/sv\/produkt\/truusk-geometrisk-vaggdekor-3d-set-modern-design-for-vardagsrum-hall-80x35x80-cm-vit\/","name":"TRUUSK Geometrisk V\u00e4ggdekor 3D Set - Modern Design - F\u00f6r Vardagsrum, Hall - 80x3,5x80 cm - Vit - TRUUSK - Hem, Tr\u00e4dg\u00e5rd &amp; Fritid","isPartOf":{"@id":"https:\/\/truusk.store\/sv\/#website"},"primaryImageOfPage":{"@id":"https:\/\/truusk.store\/sv\/produkt\/truusk-geometrisk-vaggdekor-3d-set-modern-design-for-vardagsrum-hall-80x35x80-cm-vit\/#primaryimage"},"image":{"@id":"https:\/\/truusk.store\/sv\/produkt\/truusk-geometrisk-vaggdekor-3d-set-modern-design-for-vardagsrum-hall-80x35x80-cm-vit\/#primaryimage"},"thumbnailUrl":"https:\/\/i0.wp.com\/truusk.store\/wp-content\/uploads\/2026\/01\/vaggdekor-3d-2-delars-set-geometrisk-vaggdekoration-modern-vaggdekor-for-vardagsrum-hall-80-x-35-x-80-cm-vit-1.webp?fit=2000%2C2000&ssl=1","datePublished":"2026-01-06T12:46:05+00:00","dateModified":"2026-03-12T07:52:16+00:00","breadcrumb":{"@id":"https:\/\/truusk.store\/sv\/produkt\/truusk-geometrisk-vaggdekor-3d-set-modern-design-for-vardagsrum-hall-80x35x80-cm-vit\/#breadcrumb"},"inLanguage":"sv-SE","potentialAction":[{"@type":"ReadAction","target":["https:\/\/truusk.store\/sv\/produkt\/truusk-geometrisk-vaggdekor-3d-set-modern-design-for-vardagsrum-hall-80x35x80-cm-vit\/"]}]},{"@type":"ImageObject","inLanguage":"sv-SE","@id":"https:\/\/truusk.store\/sv\/produkt\/truusk-geometrisk-vaggdekor-3d-set-modern-design-for-vardagsrum-hall-80x35x80-cm-vit\/#primaryimage","url":"https:\/\/i0.wp.com\/truusk.store\/wp-content\/uploads\/2026\/01\/vaggdekor-3d-2-delars-set-geometrisk-vaggdekoration-modern-vaggdekor-for-vardagsrum-hall-80-x-35-x-80-cm-vit-1.webp?fit=2000%2C2000&ssl=1","contentUrl":"https:\/\/i0.wp.com\/truusk.store\/wp-content\/uploads\/2026\/01\/vaggdekor-3d-2-delars-set-geometrisk-vaggdekoration-modern-vaggdekor-for-vardagsrum-hall-80-x-35-x-80-cm-vit-1.webp?fit=2000%2C2000&ssl=1","width":2000,"height":2000},{"@type":"BreadcrumbList","@id":"https:\/\/truusk.store\/sv\/produkt\/truusk-geometrisk-vaggdekor-3d-set-modern-design-for-vardagsrum-hall-80x35x80-cm-vit\/#breadcrumb","itemListElement":[{"@type":"ListItem","position":1,"name":"Home","item":"https:\/\/truusk.store\/sv\/"},{"@type":"ListItem","position":2,"name":"Shop","item":"https:\/\/truusk.store\/shop\/"},{"@type":"ListItem","position":3,"name":"TRUUSK Geometrisk V\u00e4ggdekor 3D Set &#8211; Modern Design &#8211; F\u00f6r Vardagsrum, Hall &#8211; 80&#215;3,5&#215;80 cm &#8211; Vit"}]},{"@type":"WebSite","@id":"https:\/\/truusk.store\/sv\/#website","url":"https:\/\/truusk.store\/sv\/","name":"TRUUSK - Hem, Tr\u00e4dg\u00e5rd & Fritid","description":"","publisher":{"@id":"https:\/\/truusk.store\/sv\/#organization"},"potentialAction":[{"@type":"SearchAction","target":{"@type":"EntryPoint","urlTemplate":"https:\/\/truusk.store\/sv\/?s={search_term_string}"},"query-input":{"@type":"PropertyValueSpecification","valueRequired":true,"valueName":"search_term_string"}}],"inLanguage":"sv-SE"},{"@type":"Organization","@id":"https:\/\/truusk.store\/sv\/#organization","name":"TRUUSK - Hem, Tr\u00e4dg\u00e5rd & Fritid","url":"https:\/\/truusk.store\/sv\/","logo":{"@type":"ImageObject","inLanguage":"sv-SE","@id":"https:\/\/truusk.store\/sv\/#\/schema\/logo\/image\/","url":"https:\/\/i0.wp.com\/truusk.store\/wp-content\/uploads\/2026\/03\/cropped-TRUUSK.png?fit=2032%2C917&ssl=1","contentUrl":"https:\/\/i0.wp.com\/truusk.store\/wp-content\/uploads\/2026\/03\/cropped-TRUUSK.png?fit=2032%2C917&ssl=1","width":2032,"height":917,"caption":"TRUUSK - Hem, Tr\u00e4dg\u00e5rd & Fritid"},"image":{"@id":"https:\/\/truusk.store\/sv\/#\/schema\/logo\/image\/"}}]}},"jetpack_sharing_enabled":true,"_links":{"self":[{"href":"https:\/\/truusk.store\/sv\/wp-json\/wp\/v2\/product\/99015","targetHints":{"allow":["GET"]}}],"collection":[{"href":"https:\/\/truusk.store\/sv\/wp-json\/wp\/v2\/product"}],"about":[{"href":"https:\/\/truusk.store\/sv\/wp-json\/wp\/v2\/types\/product"}],"wp:featuredmedia":[{"embeddable":true,"href":"https:\/\/truusk.store\/sv\/wp-json\/wp\/v2\/media\/99006"}],"wp:attachment":[{"href":"https:\/\/truusk.store\/sv\/wp-json\/wp\/v2\/media?parent=99015"}],"wp:term":[{"taxonomy":"product_brand","embeddable":true,"href":"https:\/\/truusk.store\/sv\/wp-json\/wp\/v2\/product_brand?post=99015"},{"taxonomy":"product_cat","embeddable":true,"href":"https:\/\/truusk.store\/sv\/wp-json\/wp\/v2\/product_cat?post=99015"},{"taxonomy":"product_tag","embeddable":true,"href":"https:\/\/truusk.store\/sv\/wp-json\/wp\/v2\/product_tag?post=99015"}],"curies":[{"name":"wp","href":"https:\/\/api.w.org\/{rel}","templated":true}]}}