{"id":99027,"date":"2026-01-06T13:47:05","date_gmt":"2026-01-06T12:47:05","guid":{"rendered":"https:\/\/truusk.store\/product\/huvudgavel-med-3-faldig-hojdjustering-huvudgavel-med-metallben-i-linneutseende-for-sovrum-160x10x106-116-126-cm-gra\/"},"modified":"2026-03-12T08:52:16","modified_gmt":"2026-03-12T07:52:16","slug":"truusk-huvudgavel-med-3-faldig-hojdjustering-med-metallben-i-linneutseende-for-sovrum-160x10x106-116-126-cm-gra","status":"publish","type":"product","link":"https:\/\/truusk.store\/sv\/produkt\/truusk-huvudgavel-med-3-faldig-hojdjustering-med-metallben-i-linneutseende-for-sovrum-160x10x106-116-126-cm-gra\/","title":{"rendered":"TRUUSK Huvudgavel Med 3-faldig H\u00f6jdjustering &#8211; Med Metallben i Linneutseende &#8211; F\u00f6r Sovrum 160x10x106\/116\/126 cm &#8211; Gr\u00e5"},"content":{"rendered":"<p>St\u00f6rd av glidande kuddar eller irriterande luckor vid fot\u00e4ndan av s\u00e4ngen? [BRAND NAME] s\u00e4nggavel \u00f6kar komforten och balansen i ditt sovomr\u00e5de. Den erbjuder med tre h\u00f6jdjusteringar en perfekt anpassning till din madrass. Tyget i linneutseende och t\u00e4t skum inbjuder till l\u00e4sning eller avkoppling, medan det robusta eukalyptusramen och metallf\u00f6tterna ger l\u00e5ngvarig stabilitet och lugnande s\u00f6mn.<\/p>\n<p>Beskrivning:<\/p>\n<ul>\n<li> H\u00f6jden p\u00e5 s\u00e4nggaveln kan justeras p\u00e5 tre niv\u00e5er (106, 116, 126 cm) f\u00f6r att anpassa den till din madrass med olika tjocklek<\/li>\n<li> Den 230 g\/m\u00b2 linneutseende tyget \u00e4r andningsbart och rynkfritt<\/li>\n<li> Fyllningen av h\u00f6gdensitetsskum ger fast men bekv\u00e4mt ryggst\u00f6d<\/li>\n<li> Modern vertikal stoppning skapar en modern estetik f\u00f6r ditt sovrum<\/li>\n<li> Ramen av eukalyptustr\u00e4 och metallben garanterar stabil och tillf\u00f6rlitlig st\u00f6d<\/li>\n<li> Denna stoppade s\u00e4nggavel passar f\u00f6r s\u00e4ngar med en bredd p\u00e5 150 cm till 160 cm<\/li>\n<li> Montering kr\u00e4vs<\/li>\n<\/ul>\n<p> Tekniska data:<\/p>\n<ul>\n<li> F\u00e4rg: Gr\u00e5<\/li>\n<li> Material: Linne (100% Polyester), skum, eukalyptustr\u00e4, metall<\/li>\n<li> Totala dimensioner: 160B x 10T x 106-126H cm<\/li>\n<li> Justerbar gavelh\u00f6jd: 106\/116\/126 cm<\/li>\n<li> Rekommenderad s\u00e4ngbredd: 150-160 cm<\/li>\n<\/ul>\n<p>Leveransinneh\u00e5ll:<\/p>\n<ul>\n<li> 1 x gavel<\/li>\n<li> 1 x bruksanvisning<\/li>\n<\/ul>\n","protected":false},"excerpt":{"rendered":"<p>St\u00f6rd av glidande kuddar eller irriterande luckor vid fot\u00e4ndan av s\u00e4ngen? [BRAND NAME] s\u00e4nggavel \u00f6kar komforten och balansen i ditt&#8230;<\/p>\n","protected":false},"featured_media":99016,"template":"","meta":[],"product_brand":[],"product_cat":[1027,871,494,897],"product_tag":[],"class_list":{"0":"post-99027","1":"product","2":"type-product","3":"status-publish","4":"has-post-thumbnail","6":"product_cat-bettzubehor","7":"product_cat-hus-hem","8":"product_cat-sangar","9":"product_cat-sovrum","11":"first","12":"instock","13":"sale","14":"taxable","15":"shipping-taxable","16":"purchasable","17":"product-type-simple"},"yoast_head":"<!-- This site is optimized with the Yoast SEO plugin v25.4 - https:\/\/yoast.com\/wordpress\/plugins\/seo\/ -->\n<title>TRUUSK Huvudgavel Med 3-faldig H\u00f6jdjustering - Med Metallben i Linneutseende - F\u00f6r Sovrum 160x10x106\/116\/126 cm - Gr\u00e5 - TRUUSK - Hem, Tr\u00e4dg\u00e5rd &amp; Fritid<\/title>\n<meta name=\"robots\" content=\"index, follow, max-snippet:-1, max-image-preview:large, max-video-preview:-1\" \/>\n<link rel=\"canonical\" href=\"https:\/\/truusk.store\/sv\/produkt\/truusk-huvudgavel-med-3-faldig-hojdjustering-med-metallben-i-linneutseende-for-sovrum-160x10x106-116-126-cm-gra\/\" \/>\n<meta property=\"og:locale\" content=\"sv_SE\" \/>\n<meta property=\"og:type\" content=\"article\" \/>\n<meta property=\"og:title\" content=\"TRUUSK Huvudgavel Med 3-faldig H\u00f6jdjustering - Med Metallben i Linneutseende - F\u00f6r Sovrum 160x10x106\/116\/126 cm - Gr\u00e5 - TRUUSK - Hem, Tr\u00e4dg\u00e5rd &amp; Fritid\" \/>\n<meta property=\"og:description\" content=\"St\u00f6rd av glidande kuddar eller irriterande luckor vid fot\u00e4ndan av s\u00e4ngen? [BRAND NAME] s\u00e4nggavel \u00f6kar komforten och balansen i ditt...\" \/>\n<meta property=\"og:url\" content=\"https:\/\/truusk.store\/sv\/produkt\/truusk-huvudgavel-med-3-faldig-hojdjustering-med-metallben-i-linneutseende-for-sovrum-160x10x106-116-126-cm-gra\/\" \/>\n<meta property=\"og:site_name\" content=\"TRUUSK - Hem, Tr\u00e4dg\u00e5rd &amp; Fritid\" \/>\n<meta property=\"article:modified_time\" content=\"2026-03-12T07:52:16+00:00\" \/>\n<meta property=\"og:image\" content=\"https:\/\/i0.wp.com\/truusk.se\/wp-content\/uploads\/2026\/01\/huvudgavel-med-3-faldig-hojdjustering-huvudgavel-med-metallben-i-linneutseende-for-sovrum-160x10x106-116-126-cm-gra-1.webp?fit=2000%2C2000&ssl=1\" \/>\n\t<meta property=\"og:image:width\" content=\"2000\" \/>\n\t<meta property=\"og:image:height\" content=\"2000\" \/>\n\t<meta property=\"og:image:type\" content=\"image\/webp\" \/>\n<meta name=\"twitter:card\" content=\"summary_large_image\" \/>\n<meta name=\"twitter:label1\" content=\"Ber\u00e4knad l\u00e4stid\" \/>\n\t<meta name=\"twitter:data1\" content=\"1 minut\" \/>\n<!-- \/ Yoast SEO plugin. -->","yoast_head_json":{"title":"TRUUSK Huvudgavel Med 3-faldig H\u00f6jdjustering - Med Metallben i Linneutseende - F\u00f6r Sovrum 160x10x106\/116\/126 cm - Gr\u00e5 - TRUUSK - Hem, Tr\u00e4dg\u00e5rd &amp; Fritid","robots":{"index":"index","follow":"follow","max-snippet":"max-snippet:-1","max-image-preview":"max-image-preview:large","max-video-preview":"max-video-preview:-1"},"canonical":"https:\/\/truusk.store\/sv\/produkt\/truusk-huvudgavel-med-3-faldig-hojdjustering-med-metallben-i-linneutseende-for-sovrum-160x10x106-116-126-cm-gra\/","og_locale":"sv_SE","og_type":"article","og_title":"TRUUSK Huvudgavel Med 3-faldig H\u00f6jdjustering - Med Metallben i Linneutseende - F\u00f6r Sovrum 160x10x106\/116\/126 cm - Gr\u00e5 - TRUUSK - Hem, Tr\u00e4dg\u00e5rd &amp; Fritid","og_description":"St\u00f6rd av glidande kuddar eller irriterande luckor vid fot\u00e4ndan av s\u00e4ngen? [BRAND NAME] s\u00e4nggavel \u00f6kar komforten och balansen i ditt...","og_url":"https:\/\/truusk.store\/sv\/produkt\/truusk-huvudgavel-med-3-faldig-hojdjustering-med-metallben-i-linneutseende-for-sovrum-160x10x106-116-126-cm-gra\/","og_site_name":"TRUUSK - Hem, Tr\u00e4dg\u00e5rd &amp; Fritid","article_modified_time":"2026-03-12T07:52:16+00:00","og_image":[{"width":2000,"height":2000,"url":"https:\/\/i0.wp.com\/truusk.se\/wp-content\/uploads\/2026\/01\/huvudgavel-med-3-faldig-hojdjustering-huvudgavel-med-metallben-i-linneutseende-for-sovrum-160x10x106-116-126-cm-gra-1.webp?fit=2000%2C2000&ssl=1","type":"image\/webp"}],"twitter_card":"summary_large_image","twitter_misc":{"Ber\u00e4knad l\u00e4stid":"1 minut"},"schema":{"@context":"https:\/\/schema.org","@graph":[{"@type":"WebPage","@id":"https:\/\/truusk.store\/sv\/produkt\/truusk-huvudgavel-med-3-faldig-hojdjustering-med-metallben-i-linneutseende-for-sovrum-160x10x106-116-126-cm-gra\/","url":"https:\/\/truusk.store\/sv\/produkt\/truusk-huvudgavel-med-3-faldig-hojdjustering-med-metallben-i-linneutseende-for-sovrum-160x10x106-116-126-cm-gra\/","name":"TRUUSK Huvudgavel Med 3-faldig H\u00f6jdjustering - Med Metallben i Linneutseende - F\u00f6r Sovrum 160x10x106\/116\/126 cm - Gr\u00e5 - TRUUSK - Hem, Tr\u00e4dg\u00e5rd &amp; Fritid","isPartOf":{"@id":"https:\/\/truusk.store\/sv\/#website"},"primaryImageOfPage":{"@id":"https:\/\/truusk.store\/sv\/produkt\/truusk-huvudgavel-med-3-faldig-hojdjustering-med-metallben-i-linneutseende-for-sovrum-160x10x106-116-126-cm-gra\/#primaryimage"},"image":{"@id":"https:\/\/truusk.store\/sv\/produkt\/truusk-huvudgavel-med-3-faldig-hojdjustering-med-metallben-i-linneutseende-for-sovrum-160x10x106-116-126-cm-gra\/#primaryimage"},"thumbnailUrl":"https:\/\/i0.wp.com\/truusk.store\/wp-content\/uploads\/2026\/01\/huvudgavel-med-3-faldig-hojdjustering-huvudgavel-med-metallben-i-linneutseende-for-sovrum-160x10x106-116-126-cm-gra-1.webp?fit=2000%2C2000&ssl=1","datePublished":"2026-01-06T12:47:05+00:00","dateModified":"2026-03-12T07:52:16+00:00","breadcrumb":{"@id":"https:\/\/truusk.store\/sv\/produkt\/truusk-huvudgavel-med-3-faldig-hojdjustering-med-metallben-i-linneutseende-for-sovrum-160x10x106-116-126-cm-gra\/#breadcrumb"},"inLanguage":"sv-SE","potentialAction":[{"@type":"ReadAction","target":["https:\/\/truusk.store\/sv\/produkt\/truusk-huvudgavel-med-3-faldig-hojdjustering-med-metallben-i-linneutseende-for-sovrum-160x10x106-116-126-cm-gra\/"]}]},{"@type":"ImageObject","inLanguage":"sv-SE","@id":"https:\/\/truusk.store\/sv\/produkt\/truusk-huvudgavel-med-3-faldig-hojdjustering-med-metallben-i-linneutseende-for-sovrum-160x10x106-116-126-cm-gra\/#primaryimage","url":"https:\/\/i0.wp.com\/truusk.store\/wp-content\/uploads\/2026\/01\/huvudgavel-med-3-faldig-hojdjustering-huvudgavel-med-metallben-i-linneutseende-for-sovrum-160x10x106-116-126-cm-gra-1.webp?fit=2000%2C2000&ssl=1","contentUrl":"https:\/\/i0.wp.com\/truusk.store\/wp-content\/uploads\/2026\/01\/huvudgavel-med-3-faldig-hojdjustering-huvudgavel-med-metallben-i-linneutseende-for-sovrum-160x10x106-116-126-cm-gra-1.webp?fit=2000%2C2000&ssl=1","width":2000,"height":2000},{"@type":"BreadcrumbList","@id":"https:\/\/truusk.store\/sv\/produkt\/truusk-huvudgavel-med-3-faldig-hojdjustering-med-metallben-i-linneutseende-for-sovrum-160x10x106-116-126-cm-gra\/#breadcrumb","itemListElement":[{"@type":"ListItem","position":1,"name":"Home","item":"https:\/\/truusk.store\/sv\/"},{"@type":"ListItem","position":2,"name":"Shop","item":"https:\/\/truusk.store\/shop\/"},{"@type":"ListItem","position":3,"name":"TRUUSK Huvudgavel Med 3-faldig H\u00f6jdjustering &#8211; Med Metallben i Linneutseende &#8211; F\u00f6r Sovrum 160x10x106\/116\/126 cm &#8211; Gr\u00e5"}]},{"@type":"WebSite","@id":"https:\/\/truusk.store\/sv\/#website","url":"https:\/\/truusk.store\/sv\/","name":"TRUUSK - Hem, Tr\u00e4dg\u00e5rd & Fritid","description":"","publisher":{"@id":"https:\/\/truusk.store\/sv\/#organization"},"potentialAction":[{"@type":"SearchAction","target":{"@type":"EntryPoint","urlTemplate":"https:\/\/truusk.store\/sv\/?s={search_term_string}"},"query-input":{"@type":"PropertyValueSpecification","valueRequired":true,"valueName":"search_term_string"}}],"inLanguage":"sv-SE"},{"@type":"Organization","@id":"https:\/\/truusk.store\/sv\/#organization","name":"TRUUSK - Hem, Tr\u00e4dg\u00e5rd & Fritid","url":"https:\/\/truusk.store\/sv\/","logo":{"@type":"ImageObject","inLanguage":"sv-SE","@id":"https:\/\/truusk.store\/sv\/#\/schema\/logo\/image\/","url":"https:\/\/i0.wp.com\/truusk.store\/wp-content\/uploads\/2026\/03\/cropped-TRUUSK.png?fit=2032%2C917&ssl=1","contentUrl":"https:\/\/i0.wp.com\/truusk.store\/wp-content\/uploads\/2026\/03\/cropped-TRUUSK.png?fit=2032%2C917&ssl=1","width":2032,"height":917,"caption":"TRUUSK - Hem, Tr\u00e4dg\u00e5rd & Fritid"},"image":{"@id":"https:\/\/truusk.store\/sv\/#\/schema\/logo\/image\/"}}]}},"jetpack_sharing_enabled":true,"_links":{"self":[{"href":"https:\/\/truusk.store\/sv\/wp-json\/wp\/v2\/product\/99027","targetHints":{"allow":["GET"]}}],"collection":[{"href":"https:\/\/truusk.store\/sv\/wp-json\/wp\/v2\/product"}],"about":[{"href":"https:\/\/truusk.store\/sv\/wp-json\/wp\/v2\/types\/product"}],"wp:featuredmedia":[{"embeddable":true,"href":"https:\/\/truusk.store\/sv\/wp-json\/wp\/v2\/media\/99016"}],"wp:attachment":[{"href":"https:\/\/truusk.store\/sv\/wp-json\/wp\/v2\/media?parent=99027"}],"wp:term":[{"taxonomy":"product_brand","embeddable":true,"href":"https:\/\/truusk.store\/sv\/wp-json\/wp\/v2\/product_brand?post=99027"},{"taxonomy":"product_cat","embeddable":true,"href":"https:\/\/truusk.store\/sv\/wp-json\/wp\/v2\/product_cat?post=99027"},{"taxonomy":"product_tag","embeddable":true,"href":"https:\/\/truusk.store\/sv\/wp-json\/wp\/v2\/product_tag?post=99027"}],"curies":[{"name":"wp","href":"https:\/\/api.w.org\/{rel}","templated":true}]}}