{"id":99035,"date":"2026-01-06T13:47:59","date_gmt":"2026-01-06T12:47:59","guid":{"rendered":"https:\/\/truusk.store\/product\/badrumsskap-nischskap-med-oppen-hylla-badrumsskap-for-badrum-sma-utrymmen-64-x-60-x-975-cm-vit\/"},"modified":"2026-03-12T08:52:17","modified_gmt":"2026-03-12T07:52:17","slug":"truusk-badrumsskap-nischskap-med-oppen-hylla-for-badrum-sma-utrymmen-64-x-60-x-975-cm-vit","status":"publish","type":"product","link":"https:\/\/truusk.store\/sv\/produkt\/truusk-badrumsskap-nischskap-med-oppen-hylla-for-badrum-sma-utrymmen-64-x-60-x-975-cm-vit\/","title":{"rendered":"TRUUSK Badrumssk\u00e5p Nischsk\u00e5p Med \u00f6ppen Hylla &#8211; F\u00f6r Badrum &#8211; Sm\u00e5 Utrymmen &#8211; 64 x 60 x 97,5 cm &#8211; Vit"},"content":{"rendered":"<p>Lider du av ett tr\u00e5ngt badrum fullt av utspridda tv\u00e4ttprodukter utan plats f\u00f6r tv\u00e4ttmaskinen? [BRAND NAME] badrumssk\u00e5p erbjuder den idealiska l\u00f6sningen. Den har ett fack f\u00f6r passande tv\u00e4ttmaskiner, vilket skapar extra utrymme. P\u00e5 den \u00f6vre hyllan finns plats f\u00f6r tv\u00e4ttmedel, sk\u00f6ljmedel och sm\u00e5saker. Badrumssk\u00e5pets melaminbelagda yta \u00e4r snabbt rengjord, och tippskyddet garanterar s\u00e4ker f\u00f6rvaring av dina badrumsartiklar.<\/p>\n<p>Beskrivning:<\/p>\n<ul>\n<li> Med nedre fack f\u00f6r f\u00f6rvaring av tv\u00e4ttmaskinen<\/li>\n<li> Med arbetsyta f\u00f6r tv\u00e4ttmedel och andra sm\u00e5 f\u00f6rem\u00e5l<\/li>\n<li> Modern design passar till olika inredningsstilar<\/li>\n<li> Melaminyta \u00e4r repfast f\u00f6r enkel reng\u00f6ring<\/li>\n<li> Tippskydd garanterar s\u00e4kerhet f\u00f6r din familj<\/li>\n<li> Montering kr\u00e4vs: Ber\u00e4knad 20 minuter f\u00f6r tv\u00e5 personer<\/li>\n<\/ul>\n<p> Tekniska data:<\/p>\n<ul>\n<li> F\u00e4rg: Vit<\/li>\n<li> Material: MDF<\/li>\n<li> Totala dimensioner: 64L x 60B x 97,5H cm<\/li>\n<li> Arbetsytans storlek: 61B x 58,3T x 6H cm<\/li>\n<li> Storlek p\u00e5 nedre facket: 61B x 58,3T x 90H cm<\/li>\n<li> Maximal belastning: 20 kg<\/li>\n<\/ul>\n<p>Leveransinneh\u00e5ll:<\/p>\n<ul>\n<li> 1 x Tv\u00e4ttmaskinssk\u00e5p<\/li>\n<li> 1 x Bruksanvisning<\/li>\n<\/ul>\n","protected":false},"excerpt":{"rendered":"<p>Lider du av ett tr\u00e5ngt badrum fullt av utspridda tv\u00e4ttprodukter utan plats f\u00f6r tv\u00e4ttmaskinen? [BRAND NAME] badrumssk\u00e5p erbjuder den idealiska&#8230;<\/p>\n","protected":false},"featured_media":99024,"template":"","meta":[],"product_brand":[],"product_cat":[915,535,871],"product_tag":[],"class_list":{"0":"post-99035","1":"product","2":"type-product","3":"status-publish","4":"has-post-thumbnail","6":"product_cat-badrum","7":"product_cat-badrumsskap","8":"product_cat-hus-hem","10":"first","11":"instock","12":"sale","13":"taxable","14":"shipping-taxable","15":"purchasable","16":"product-type-simple"},"yoast_head":"<!-- This site is optimized with the Yoast SEO plugin v25.4 - https:\/\/yoast.com\/wordpress\/plugins\/seo\/ -->\n<title>TRUUSK Badrumssk\u00e5p Nischsk\u00e5p Med \u00f6ppen Hylla - F\u00f6r Badrum - Sm\u00e5 Utrymmen - 64 x 60 x 97,5 cm - Vit - TRUUSK - Hem, Tr\u00e4dg\u00e5rd &amp; Fritid<\/title>\n<meta name=\"robots\" content=\"index, follow, max-snippet:-1, max-image-preview:large, max-video-preview:-1\" \/>\n<link rel=\"canonical\" href=\"https:\/\/truusk.store\/sv\/produkt\/truusk-badrumsskap-nischskap-med-oppen-hylla-for-badrum-sma-utrymmen-64-x-60-x-975-cm-vit\/\" \/>\n<meta property=\"og:locale\" content=\"sv_SE\" \/>\n<meta property=\"og:type\" content=\"article\" \/>\n<meta property=\"og:title\" content=\"TRUUSK Badrumssk\u00e5p Nischsk\u00e5p Med \u00f6ppen Hylla - F\u00f6r Badrum - Sm\u00e5 Utrymmen - 64 x 60 x 97,5 cm - Vit - TRUUSK - Hem, Tr\u00e4dg\u00e5rd &amp; Fritid\" \/>\n<meta property=\"og:description\" content=\"Lider du av ett tr\u00e5ngt badrum fullt av utspridda tv\u00e4ttprodukter utan plats f\u00f6r tv\u00e4ttmaskinen? [BRAND NAME] badrumssk\u00e5p erbjuder den idealiska...\" \/>\n<meta property=\"og:url\" content=\"https:\/\/truusk.store\/sv\/produkt\/truusk-badrumsskap-nischskap-med-oppen-hylla-for-badrum-sma-utrymmen-64-x-60-x-975-cm-vit\/\" \/>\n<meta property=\"og:site_name\" content=\"TRUUSK - Hem, Tr\u00e4dg\u00e5rd &amp; Fritid\" \/>\n<meta property=\"article:modified_time\" content=\"2026-03-12T07:52:17+00:00\" \/>\n<meta property=\"og:image\" content=\"https:\/\/i0.wp.com\/truusk.se\/wp-content\/uploads\/2026\/01\/badrumsskap-nischskap-med-oppen-hylla-badrumsskap-for-badrum-sma-utrymmen-64-x-60-x-975-cm-vit-1.webp?fit=2000%2C2000&ssl=1\" \/>\n\t<meta property=\"og:image:width\" content=\"2000\" \/>\n\t<meta property=\"og:image:height\" content=\"2000\" \/>\n\t<meta property=\"og:image:type\" content=\"image\/webp\" \/>\n<meta name=\"twitter:card\" content=\"summary_large_image\" \/>\n<meta name=\"twitter:label1\" content=\"Ber\u00e4knad l\u00e4stid\" \/>\n\t<meta name=\"twitter:data1\" content=\"1 minut\" \/>\n<!-- \/ Yoast SEO plugin. -->","yoast_head_json":{"title":"TRUUSK Badrumssk\u00e5p Nischsk\u00e5p Med \u00f6ppen Hylla - F\u00f6r Badrum - Sm\u00e5 Utrymmen - 64 x 60 x 97,5 cm - Vit - TRUUSK - Hem, Tr\u00e4dg\u00e5rd &amp; Fritid","robots":{"index":"index","follow":"follow","max-snippet":"max-snippet:-1","max-image-preview":"max-image-preview:large","max-video-preview":"max-video-preview:-1"},"canonical":"https:\/\/truusk.store\/sv\/produkt\/truusk-badrumsskap-nischskap-med-oppen-hylla-for-badrum-sma-utrymmen-64-x-60-x-975-cm-vit\/","og_locale":"sv_SE","og_type":"article","og_title":"TRUUSK Badrumssk\u00e5p Nischsk\u00e5p Med \u00f6ppen Hylla - F\u00f6r Badrum - Sm\u00e5 Utrymmen - 64 x 60 x 97,5 cm - Vit - TRUUSK - Hem, Tr\u00e4dg\u00e5rd &amp; Fritid","og_description":"Lider du av ett tr\u00e5ngt badrum fullt av utspridda tv\u00e4ttprodukter utan plats f\u00f6r tv\u00e4ttmaskinen? [BRAND NAME] badrumssk\u00e5p erbjuder den idealiska...","og_url":"https:\/\/truusk.store\/sv\/produkt\/truusk-badrumsskap-nischskap-med-oppen-hylla-for-badrum-sma-utrymmen-64-x-60-x-975-cm-vit\/","og_site_name":"TRUUSK - Hem, Tr\u00e4dg\u00e5rd &amp; Fritid","article_modified_time":"2026-03-12T07:52:17+00:00","og_image":[{"width":2000,"height":2000,"url":"https:\/\/i0.wp.com\/truusk.se\/wp-content\/uploads\/2026\/01\/badrumsskap-nischskap-med-oppen-hylla-badrumsskap-for-badrum-sma-utrymmen-64-x-60-x-975-cm-vit-1.webp?fit=2000%2C2000&ssl=1","type":"image\/webp"}],"twitter_card":"summary_large_image","twitter_misc":{"Ber\u00e4knad l\u00e4stid":"1 minut"},"schema":{"@context":"https:\/\/schema.org","@graph":[{"@type":"WebPage","@id":"https:\/\/truusk.store\/sv\/produkt\/truusk-badrumsskap-nischskap-med-oppen-hylla-for-badrum-sma-utrymmen-64-x-60-x-975-cm-vit\/","url":"https:\/\/truusk.store\/sv\/produkt\/truusk-badrumsskap-nischskap-med-oppen-hylla-for-badrum-sma-utrymmen-64-x-60-x-975-cm-vit\/","name":"TRUUSK Badrumssk\u00e5p Nischsk\u00e5p Med \u00f6ppen Hylla - F\u00f6r Badrum - Sm\u00e5 Utrymmen - 64 x 60 x 97,5 cm - Vit - TRUUSK - Hem, Tr\u00e4dg\u00e5rd &amp; Fritid","isPartOf":{"@id":"https:\/\/truusk.store\/sv\/#website"},"primaryImageOfPage":{"@id":"https:\/\/truusk.store\/sv\/produkt\/truusk-badrumsskap-nischskap-med-oppen-hylla-for-badrum-sma-utrymmen-64-x-60-x-975-cm-vit\/#primaryimage"},"image":{"@id":"https:\/\/truusk.store\/sv\/produkt\/truusk-badrumsskap-nischskap-med-oppen-hylla-for-badrum-sma-utrymmen-64-x-60-x-975-cm-vit\/#primaryimage"},"thumbnailUrl":"https:\/\/i0.wp.com\/truusk.store\/wp-content\/uploads\/2026\/01\/badrumsskap-nischskap-med-oppen-hylla-badrumsskap-for-badrum-sma-utrymmen-64-x-60-x-975-cm-vit-1.webp?fit=2000%2C2000&ssl=1","datePublished":"2026-01-06T12:47:59+00:00","dateModified":"2026-03-12T07:52:17+00:00","breadcrumb":{"@id":"https:\/\/truusk.store\/sv\/produkt\/truusk-badrumsskap-nischskap-med-oppen-hylla-for-badrum-sma-utrymmen-64-x-60-x-975-cm-vit\/#breadcrumb"},"inLanguage":"sv-SE","potentialAction":[{"@type":"ReadAction","target":["https:\/\/truusk.store\/sv\/produkt\/truusk-badrumsskap-nischskap-med-oppen-hylla-for-badrum-sma-utrymmen-64-x-60-x-975-cm-vit\/"]}]},{"@type":"ImageObject","inLanguage":"sv-SE","@id":"https:\/\/truusk.store\/sv\/produkt\/truusk-badrumsskap-nischskap-med-oppen-hylla-for-badrum-sma-utrymmen-64-x-60-x-975-cm-vit\/#primaryimage","url":"https:\/\/i0.wp.com\/truusk.store\/wp-content\/uploads\/2026\/01\/badrumsskap-nischskap-med-oppen-hylla-badrumsskap-for-badrum-sma-utrymmen-64-x-60-x-975-cm-vit-1.webp?fit=2000%2C2000&ssl=1","contentUrl":"https:\/\/i0.wp.com\/truusk.store\/wp-content\/uploads\/2026\/01\/badrumsskap-nischskap-med-oppen-hylla-badrumsskap-for-badrum-sma-utrymmen-64-x-60-x-975-cm-vit-1.webp?fit=2000%2C2000&ssl=1","width":2000,"height":2000},{"@type":"BreadcrumbList","@id":"https:\/\/truusk.store\/sv\/produkt\/truusk-badrumsskap-nischskap-med-oppen-hylla-for-badrum-sma-utrymmen-64-x-60-x-975-cm-vit\/#breadcrumb","itemListElement":[{"@type":"ListItem","position":1,"name":"Home","item":"https:\/\/truusk.store\/sv\/"},{"@type":"ListItem","position":2,"name":"Shop","item":"https:\/\/truusk.store\/shop\/"},{"@type":"ListItem","position":3,"name":"TRUUSK Badrumssk\u00e5p Nischsk\u00e5p Med \u00f6ppen Hylla &#8211; F\u00f6r Badrum &#8211; Sm\u00e5 Utrymmen &#8211; 64 x 60 x 97,5 cm &#8211; Vit"}]},{"@type":"WebSite","@id":"https:\/\/truusk.store\/sv\/#website","url":"https:\/\/truusk.store\/sv\/","name":"TRUUSK - Hem, Tr\u00e4dg\u00e5rd & Fritid","description":"","publisher":{"@id":"https:\/\/truusk.store\/sv\/#organization"},"potentialAction":[{"@type":"SearchAction","target":{"@type":"EntryPoint","urlTemplate":"https:\/\/truusk.store\/sv\/?s={search_term_string}"},"query-input":{"@type":"PropertyValueSpecification","valueRequired":true,"valueName":"search_term_string"}}],"inLanguage":"sv-SE"},{"@type":"Organization","@id":"https:\/\/truusk.store\/sv\/#organization","name":"TRUUSK - Hem, Tr\u00e4dg\u00e5rd & Fritid","url":"https:\/\/truusk.store\/sv\/","logo":{"@type":"ImageObject","inLanguage":"sv-SE","@id":"https:\/\/truusk.store\/sv\/#\/schema\/logo\/image\/","url":"https:\/\/i0.wp.com\/truusk.store\/wp-content\/uploads\/2026\/03\/cropped-TRUUSK.png?fit=2032%2C917&ssl=1","contentUrl":"https:\/\/i0.wp.com\/truusk.store\/wp-content\/uploads\/2026\/03\/cropped-TRUUSK.png?fit=2032%2C917&ssl=1","width":2032,"height":917,"caption":"TRUUSK - Hem, Tr\u00e4dg\u00e5rd & Fritid"},"image":{"@id":"https:\/\/truusk.store\/sv\/#\/schema\/logo\/image\/"}}]}},"jetpack_sharing_enabled":true,"_links":{"self":[{"href":"https:\/\/truusk.store\/sv\/wp-json\/wp\/v2\/product\/99035","targetHints":{"allow":["GET"]}}],"collection":[{"href":"https:\/\/truusk.store\/sv\/wp-json\/wp\/v2\/product"}],"about":[{"href":"https:\/\/truusk.store\/sv\/wp-json\/wp\/v2\/types\/product"}],"wp:featuredmedia":[{"embeddable":true,"href":"https:\/\/truusk.store\/sv\/wp-json\/wp\/v2\/media\/99024"}],"wp:attachment":[{"href":"https:\/\/truusk.store\/sv\/wp-json\/wp\/v2\/media?parent=99035"}],"wp:term":[{"taxonomy":"product_brand","embeddable":true,"href":"https:\/\/truusk.store\/sv\/wp-json\/wp\/v2\/product_brand?post=99035"},{"taxonomy":"product_cat","embeddable":true,"href":"https:\/\/truusk.store\/sv\/wp-json\/wp\/v2\/product_cat?post=99035"},{"taxonomy":"product_tag","embeddable":true,"href":"https:\/\/truusk.store\/sv\/wp-json\/wp\/v2\/product_tag?post=99035"}],"curies":[{"name":"wp","href":"https:\/\/api.w.org\/{rel}","templated":true}]}}