{"id":99047,"date":"2026-01-06T13:48:54","date_gmt":"2026-01-06T12:48:54","guid":{"rendered":"https:\/\/truusk.store\/product\/nattduksbord-med-3-lador-sidokommod-for-sovrum-mdf-vit\/"},"modified":"2026-03-12T08:52:18","modified_gmt":"2026-03-12T07:52:18","slug":"truusk-nattduksbord-med-3-lador-sidokommod-i-vit-mdf-for-sovrum-stilren-och-praktisk-hallbar-kvalitet","status":"publish","type":"product","link":"https:\/\/truusk.store\/sv\/produkt\/truusk-nattduksbord-med-3-lador-sidokommod-i-vit-mdf-for-sovrum-stilren-och-praktisk-hallbar-kvalitet\/","title":{"rendered":"TRUUSK Nattduksbord Med 3 L\u00e5dor &#8211; Sidokommod i Vit MDF &#8211; F\u00f6r Sovrum &#8211; Stilren och Praktisk &#8211; H\u00e5llbar Kvalitet"},"content":{"rendered":"<p>B\u00f6rja dagen avslappnat och hitta lugn p\u00e5 kv\u00e4llen med den eleganta [BRAND NAME] nattduksbordet. Tre smidiga l\u00e5dor erbjuder plats f\u00f6r dina nattliga n\u00f6dv\u00e4ndigheter, medan ytan h\u00e5ller dina nattredskap till hands. Den eleganta vita lacken och silverhandtagen passar in i alla inredningsstilar. Den solida MDF-konstruktionen garanterar h\u00e5llbarhet och enkel sk\u00f6tsel, vilket garanterar l\u00e5ngvarig komfort i ditt hem.<\/p>\n<p>Beskrivning:<\/p>\n<ul>\n<li> Tre l\u00e5dor erbjuder tillr\u00e4ckligt med f\u00f6rvaringsutrymme f\u00f6r b\u00f6cker, laddare och sovrumsredskap<\/li>\n<li> Den sl\u00e4ta ytan erbjuder plats f\u00f6r lampor, glas\u00f6gon eller v\u00e4ckarklockor inom r\u00e4ckh\u00e5ll<\/li>\n<li> Kan anv\u00e4ndas som nattduksbord, byr\u00e5 eller sidobord<\/li>\n<li> Melaminbel\u00e4ggningen \u00e4r rept\u00e5lig och underl\u00e4ttar snabb och enkel reng\u00f6ring<\/li>\n<li> Anti-tip-remmar h\u00e5ller nattduksbordet s\u00e4kert och bidrar till daglig s\u00e4kerhet<\/li>\n<li> Halkfria fotdynor skyddar golvet och minskar ljudet n\u00e4r det flyttas<\/li>\n<li> Montering kr\u00e4vs<\/li>\n<\/ul>\n<p> Tekniska data:<\/p>\n<ul>\n<li> F\u00e4rg: Vit<\/li>\n<li> Material: MDF<\/li>\n<li> Totala dimensioner: 40L x 35B x 60H cm<\/li>\n<li> Inre storlek p\u00e5 l\u00e5dan: 31,9B x 28,7T x 10H cm<\/li>\n<li> Maximal belastning: 20 kg (bordsskiva), 10 kg (l\u00e5da), 50 kg (totalt)<\/li>\n<li> Artikelnummer: 83D-160V90WT<\/li>\n<\/ul>\n<p>Leveransinneh\u00e5ll:<\/p>\n<ul>\n<li> 1 x nattduksbord<\/li>\n<li> 1 x manual<\/li>\n<\/ul>\n","protected":false},"excerpt":{"rendered":"<p>B\u00f6rja dagen avslappnat och hitta lugn p\u00e5 kv\u00e4llen med den eleganta [BRAND NAME] nattduksbordet. Tre smidiga l\u00e5dor erbjuder plats f\u00f6r&#8230;<\/p>\n","protected":false},"featured_media":99036,"template":"","meta":[],"product_brand":[],"product_cat":[871,506,897],"product_tag":[],"class_list":{"0":"post-99047","1":"product","2":"type-product","3":"status-publish","4":"has-post-thumbnail","6":"product_cat-hus-hem","7":"product_cat-nattduksbord","8":"product_cat-sovrum","10":"first","11":"instock","12":"sale","13":"taxable","14":"shipping-taxable","15":"purchasable","16":"product-type-simple"},"yoast_head":"<!-- This site is optimized with the Yoast SEO plugin v25.4 - https:\/\/yoast.com\/wordpress\/plugins\/seo\/ -->\n<title>TRUUSK Nattduksbord Med 3 L\u00e5dor - Sidokommod i Vit MDF - F\u00f6r Sovrum - Stilren och Praktisk - H\u00e5llbar Kvalitet - TRUUSK - Hem, Tr\u00e4dg\u00e5rd &amp; Fritid<\/title>\n<meta name=\"robots\" content=\"index, follow, max-snippet:-1, max-image-preview:large, max-video-preview:-1\" \/>\n<link rel=\"canonical\" href=\"https:\/\/truusk.store\/sv\/produkt\/truusk-nattduksbord-med-3-lador-sidokommod-i-vit-mdf-for-sovrum-stilren-och-praktisk-hallbar-kvalitet\/\" \/>\n<meta property=\"og:locale\" content=\"sv_SE\" \/>\n<meta property=\"og:type\" content=\"article\" \/>\n<meta property=\"og:title\" content=\"TRUUSK Nattduksbord Med 3 L\u00e5dor - Sidokommod i Vit MDF - F\u00f6r Sovrum - Stilren och Praktisk - H\u00e5llbar Kvalitet - TRUUSK - Hem, Tr\u00e4dg\u00e5rd &amp; Fritid\" \/>\n<meta property=\"og:description\" content=\"B\u00f6rja dagen avslappnat och hitta lugn p\u00e5 kv\u00e4llen med den eleganta [BRAND NAME] nattduksbordet. Tre smidiga l\u00e5dor erbjuder plats f\u00f6r...\" \/>\n<meta property=\"og:url\" content=\"https:\/\/truusk.store\/sv\/produkt\/truusk-nattduksbord-med-3-lador-sidokommod-i-vit-mdf-for-sovrum-stilren-och-praktisk-hallbar-kvalitet\/\" \/>\n<meta property=\"og:site_name\" content=\"TRUUSK - Hem, Tr\u00e4dg\u00e5rd &amp; Fritid\" \/>\n<meta property=\"article:modified_time\" content=\"2026-03-12T07:52:18+00:00\" \/>\n<meta property=\"og:image\" content=\"https:\/\/i0.wp.com\/truusk.se\/wp-content\/uploads\/2026\/01\/nattduksbord-med-3-lador-sidokommod-for-sovrum-mdf-vit-1.webp?fit=2000%2C2000&ssl=1\" \/>\n\t<meta property=\"og:image:width\" content=\"2000\" \/>\n\t<meta property=\"og:image:height\" content=\"2000\" \/>\n\t<meta property=\"og:image:type\" content=\"image\/webp\" \/>\n<meta name=\"twitter:card\" content=\"summary_large_image\" \/>\n<meta name=\"twitter:label1\" content=\"Ber\u00e4knad l\u00e4stid\" \/>\n\t<meta name=\"twitter:data1\" content=\"1 minut\" \/>\n<!-- \/ Yoast SEO plugin. -->","yoast_head_json":{"title":"TRUUSK Nattduksbord Med 3 L\u00e5dor - Sidokommod i Vit MDF - F\u00f6r Sovrum - Stilren och Praktisk - H\u00e5llbar Kvalitet - TRUUSK - Hem, Tr\u00e4dg\u00e5rd &amp; Fritid","robots":{"index":"index","follow":"follow","max-snippet":"max-snippet:-1","max-image-preview":"max-image-preview:large","max-video-preview":"max-video-preview:-1"},"canonical":"https:\/\/truusk.store\/sv\/produkt\/truusk-nattduksbord-med-3-lador-sidokommod-i-vit-mdf-for-sovrum-stilren-och-praktisk-hallbar-kvalitet\/","og_locale":"sv_SE","og_type":"article","og_title":"TRUUSK Nattduksbord Med 3 L\u00e5dor - Sidokommod i Vit MDF - F\u00f6r Sovrum - Stilren och Praktisk - H\u00e5llbar Kvalitet - TRUUSK - Hem, Tr\u00e4dg\u00e5rd &amp; Fritid","og_description":"B\u00f6rja dagen avslappnat och hitta lugn p\u00e5 kv\u00e4llen med den eleganta [BRAND NAME] nattduksbordet. Tre smidiga l\u00e5dor erbjuder plats f\u00f6r...","og_url":"https:\/\/truusk.store\/sv\/produkt\/truusk-nattduksbord-med-3-lador-sidokommod-i-vit-mdf-for-sovrum-stilren-och-praktisk-hallbar-kvalitet\/","og_site_name":"TRUUSK - Hem, Tr\u00e4dg\u00e5rd &amp; Fritid","article_modified_time":"2026-03-12T07:52:18+00:00","og_image":[{"width":2000,"height":2000,"url":"https:\/\/i0.wp.com\/truusk.se\/wp-content\/uploads\/2026\/01\/nattduksbord-med-3-lador-sidokommod-for-sovrum-mdf-vit-1.webp?fit=2000%2C2000&ssl=1","type":"image\/webp"}],"twitter_card":"summary_large_image","twitter_misc":{"Ber\u00e4knad l\u00e4stid":"1 minut"},"schema":{"@context":"https:\/\/schema.org","@graph":[{"@type":"WebPage","@id":"https:\/\/truusk.store\/sv\/produkt\/truusk-nattduksbord-med-3-lador-sidokommod-i-vit-mdf-for-sovrum-stilren-och-praktisk-hallbar-kvalitet\/","url":"https:\/\/truusk.store\/sv\/produkt\/truusk-nattduksbord-med-3-lador-sidokommod-i-vit-mdf-for-sovrum-stilren-och-praktisk-hallbar-kvalitet\/","name":"TRUUSK Nattduksbord Med 3 L\u00e5dor - Sidokommod i Vit MDF - F\u00f6r Sovrum - Stilren och Praktisk - H\u00e5llbar Kvalitet - TRUUSK - Hem, Tr\u00e4dg\u00e5rd &amp; Fritid","isPartOf":{"@id":"https:\/\/truusk.store\/sv\/#website"},"primaryImageOfPage":{"@id":"https:\/\/truusk.store\/sv\/produkt\/truusk-nattduksbord-med-3-lador-sidokommod-i-vit-mdf-for-sovrum-stilren-och-praktisk-hallbar-kvalitet\/#primaryimage"},"image":{"@id":"https:\/\/truusk.store\/sv\/produkt\/truusk-nattduksbord-med-3-lador-sidokommod-i-vit-mdf-for-sovrum-stilren-och-praktisk-hallbar-kvalitet\/#primaryimage"},"thumbnailUrl":"https:\/\/i0.wp.com\/truusk.store\/wp-content\/uploads\/2026\/01\/nattduksbord-med-3-lador-sidokommod-for-sovrum-mdf-vit-1.webp?fit=2000%2C2000&ssl=1","datePublished":"2026-01-06T12:48:54+00:00","dateModified":"2026-03-12T07:52:18+00:00","breadcrumb":{"@id":"https:\/\/truusk.store\/sv\/produkt\/truusk-nattduksbord-med-3-lador-sidokommod-i-vit-mdf-for-sovrum-stilren-och-praktisk-hallbar-kvalitet\/#breadcrumb"},"inLanguage":"sv-SE","potentialAction":[{"@type":"ReadAction","target":["https:\/\/truusk.store\/sv\/produkt\/truusk-nattduksbord-med-3-lador-sidokommod-i-vit-mdf-for-sovrum-stilren-och-praktisk-hallbar-kvalitet\/"]}]},{"@type":"ImageObject","inLanguage":"sv-SE","@id":"https:\/\/truusk.store\/sv\/produkt\/truusk-nattduksbord-med-3-lador-sidokommod-i-vit-mdf-for-sovrum-stilren-och-praktisk-hallbar-kvalitet\/#primaryimage","url":"https:\/\/i0.wp.com\/truusk.store\/wp-content\/uploads\/2026\/01\/nattduksbord-med-3-lador-sidokommod-for-sovrum-mdf-vit-1.webp?fit=2000%2C2000&ssl=1","contentUrl":"https:\/\/i0.wp.com\/truusk.store\/wp-content\/uploads\/2026\/01\/nattduksbord-med-3-lador-sidokommod-for-sovrum-mdf-vit-1.webp?fit=2000%2C2000&ssl=1","width":2000,"height":2000},{"@type":"BreadcrumbList","@id":"https:\/\/truusk.store\/sv\/produkt\/truusk-nattduksbord-med-3-lador-sidokommod-i-vit-mdf-for-sovrum-stilren-och-praktisk-hallbar-kvalitet\/#breadcrumb","itemListElement":[{"@type":"ListItem","position":1,"name":"Home","item":"https:\/\/truusk.store\/sv\/"},{"@type":"ListItem","position":2,"name":"Shop","item":"https:\/\/truusk.store\/shop\/"},{"@type":"ListItem","position":3,"name":"TRUUSK Nattduksbord Med 3 L\u00e5dor &#8211; Sidokommod i Vit MDF &#8211; F\u00f6r Sovrum &#8211; Stilren och Praktisk &#8211; H\u00e5llbar Kvalitet"}]},{"@type":"WebSite","@id":"https:\/\/truusk.store\/sv\/#website","url":"https:\/\/truusk.store\/sv\/","name":"TRUUSK - Hem, Tr\u00e4dg\u00e5rd & Fritid","description":"","publisher":{"@id":"https:\/\/truusk.store\/sv\/#organization"},"potentialAction":[{"@type":"SearchAction","target":{"@type":"EntryPoint","urlTemplate":"https:\/\/truusk.store\/sv\/?s={search_term_string}"},"query-input":{"@type":"PropertyValueSpecification","valueRequired":true,"valueName":"search_term_string"}}],"inLanguage":"sv-SE"},{"@type":"Organization","@id":"https:\/\/truusk.store\/sv\/#organization","name":"TRUUSK - Hem, Tr\u00e4dg\u00e5rd & Fritid","url":"https:\/\/truusk.store\/sv\/","logo":{"@type":"ImageObject","inLanguage":"sv-SE","@id":"https:\/\/truusk.store\/sv\/#\/schema\/logo\/image\/","url":"https:\/\/i0.wp.com\/truusk.store\/wp-content\/uploads\/2026\/03\/cropped-TRUUSK.png?fit=2032%2C917&ssl=1","contentUrl":"https:\/\/i0.wp.com\/truusk.store\/wp-content\/uploads\/2026\/03\/cropped-TRUUSK.png?fit=2032%2C917&ssl=1","width":2032,"height":917,"caption":"TRUUSK - Hem, Tr\u00e4dg\u00e5rd & Fritid"},"image":{"@id":"https:\/\/truusk.store\/sv\/#\/schema\/logo\/image\/"}}]}},"jetpack_sharing_enabled":true,"_links":{"self":[{"href":"https:\/\/truusk.store\/sv\/wp-json\/wp\/v2\/product\/99047","targetHints":{"allow":["GET"]}}],"collection":[{"href":"https:\/\/truusk.store\/sv\/wp-json\/wp\/v2\/product"}],"about":[{"href":"https:\/\/truusk.store\/sv\/wp-json\/wp\/v2\/types\/product"}],"wp:featuredmedia":[{"embeddable":true,"href":"https:\/\/truusk.store\/sv\/wp-json\/wp\/v2\/media\/99036"}],"wp:attachment":[{"href":"https:\/\/truusk.store\/sv\/wp-json\/wp\/v2\/media?parent=99047"}],"wp:term":[{"taxonomy":"product_brand","embeddable":true,"href":"https:\/\/truusk.store\/sv\/wp-json\/wp\/v2\/product_brand?post=99047"},{"taxonomy":"product_cat","embeddable":true,"href":"https:\/\/truusk.store\/sv\/wp-json\/wp\/v2\/product_cat?post=99047"},{"taxonomy":"product_tag","embeddable":true,"href":"https:\/\/truusk.store\/sv\/wp-json\/wp\/v2\/product_tag?post=99047"}],"curies":[{"name":"wp","href":"https:\/\/api.w.org\/{rel}","templated":true}]}}