{"id":99055,"date":"2026-01-06T13:49:39","date_gmt":"2026-01-06T12:49:39","guid":{"rendered":"https:\/\/truusk.store\/product\/vaggmonterat-huvudgavel-for-sangkladsel-160-x-10-x-60-cm-tygoverdrag-kramvit\/"},"modified":"2026-03-12T08:52:18","modified_gmt":"2026-03-12T07:52:18","slug":"truusk-vaggmonterat-huvudgavel-for-sangkladsel-160-x-10-x-60-cm-tygoverdrag-kramvit","status":"publish","type":"product","link":"https:\/\/truusk.store\/sv\/produkt\/truusk-vaggmonterat-huvudgavel-for-sangkladsel-160-x-10-x-60-cm-tygoverdrag-kramvit\/","title":{"rendered":"TRUUSK V\u00e4ggmonterat Huvudgavel &#8211; F\u00f6r S\u00e4ngkl\u00e4dsel &#8211; 160 x 10 x 60 cm &#8211; Tyg\u00f6verdrag &#8211; Kr\u00e4mvit"},"content":{"rendered":"<p>L\u00e5nga dagar f\u00f6rtj\u00e4nar ett bekv\u00e4mt avslut: [BRAND NAME] s\u00e4nggavel med andningsbart \u00f6verdrag i linneutseende och t\u00e4t skum ger dig st\u00f6d n\u00e4r du l\u00e4ser eller kopplar av. Den eleganta, sv\u00e4vande designen p\u00e5 s\u00e4nggaveln f\u00e5r ditt sovrum att se st\u00f6rre ut och den robusta ramen av eukalyptustr\u00e4 lovar varaktig stabilitet &#8211; p\u00e5litlig komfort, natt efter natt.<\/p>\n<p>Beskrivning:<\/p>\n<ul>\n<li> Tyget i linneutseende med h\u00f6gdensitetsskum ger andningsbar, fast ryggst\u00f6d<\/li>\n<li> Idealisk f\u00f6r l\u00e4sning, avkoppling eller f\u00f6r lugna stunder bekv\u00e4mt i s\u00e4ngen<\/li>\n<li> Den klara rektangul\u00e4ra designen med rundad paspelf\u00f6ring passar s\u00f6ml\u00f6st in i alla inredningar<\/li>\n<li> Fotl\u00f6s, v\u00e4ggmonterad stil skapar en slank sv\u00e4vande effekt i rummet<\/li>\n<li> Ramen av eukalyptustr\u00e4 ger p\u00e5litligt st\u00f6d i vardagen<\/li>\n<li> Den fullt monterade s\u00e4nggaveln kan monteras p\u00e5 v\u00e4ggen p\u00e5 cirka 10 minuter<\/li>\n<li> Tipp-skyddsremmar \u00f6kar s\u00e4kerheten och h\u00e5ller s\u00e4nggaveln stadigt<\/li>\n<\/ul>\n<p> Tekniska data:<\/p>\n<ul>\n<li> F\u00e4rg: Kr\u00e4mvit<\/li>\n<li> Material: Tyg i linneutseende (100% polyester), eukalyptustr\u00e4, skum<\/li>\n<li> Totala dimensioner: 160B x 10T x 60H cm<\/li>\n<li> L\u00e4mplig f\u00f6r s\u00e4ngbredd: \u2264160 cm<\/li>\n<\/ul>\n<p>Leveransinneh\u00e5ll:<\/p>\n<ul>\n<li> 1 x huvudgavel<\/li>\n<li> 1 x bruksanvisning<\/li>\n<\/ul>\n","protected":false},"excerpt":{"rendered":"<p>L\u00e5nga dagar f\u00f6rtj\u00e4nar ett bekv\u00e4mt avslut: [BRAND NAME] s\u00e4nggavel med andningsbart \u00f6verdrag i linneutseende och t\u00e4t skum ger dig st\u00f6d&#8230;<\/p>\n","protected":false},"featured_media":99044,"template":"","meta":[],"product_brand":[],"product_cat":[1027,871,494,897],"product_tag":[],"class_list":{"0":"post-99055","1":"product","2":"type-product","3":"status-publish","4":"has-post-thumbnail","6":"product_cat-bettzubehor","7":"product_cat-hus-hem","8":"product_cat-sangar","9":"product_cat-sovrum","11":"first","12":"instock","13":"sale","14":"taxable","15":"shipping-taxable","16":"purchasable","17":"product-type-simple"},"yoast_head":"<!-- This site is optimized with the Yoast SEO plugin v25.4 - https:\/\/yoast.com\/wordpress\/plugins\/seo\/ -->\n<title>TRUUSK V\u00e4ggmonterat Huvudgavel - F\u00f6r S\u00e4ngkl\u00e4dsel - 160 x 10 x 60 cm - Tyg\u00f6verdrag - Kr\u00e4mvit - TRUUSK - Hem, Tr\u00e4dg\u00e5rd &amp; Fritid<\/title>\n<meta name=\"robots\" content=\"index, follow, max-snippet:-1, max-image-preview:large, max-video-preview:-1\" \/>\n<link rel=\"canonical\" href=\"https:\/\/truusk.store\/sv\/produkt\/truusk-vaggmonterat-huvudgavel-for-sangkladsel-160-x-10-x-60-cm-tygoverdrag-kramvit\/\" \/>\n<meta property=\"og:locale\" content=\"sv_SE\" \/>\n<meta property=\"og:type\" content=\"article\" \/>\n<meta property=\"og:title\" content=\"TRUUSK V\u00e4ggmonterat Huvudgavel - F\u00f6r S\u00e4ngkl\u00e4dsel - 160 x 10 x 60 cm - Tyg\u00f6verdrag - Kr\u00e4mvit - TRUUSK - Hem, Tr\u00e4dg\u00e5rd &amp; Fritid\" \/>\n<meta property=\"og:description\" content=\"L\u00e5nga dagar f\u00f6rtj\u00e4nar ett bekv\u00e4mt avslut: [BRAND NAME] s\u00e4nggavel med andningsbart \u00f6verdrag i linneutseende och t\u00e4t skum ger dig st\u00f6d...\" \/>\n<meta property=\"og:url\" content=\"https:\/\/truusk.store\/sv\/produkt\/truusk-vaggmonterat-huvudgavel-for-sangkladsel-160-x-10-x-60-cm-tygoverdrag-kramvit\/\" \/>\n<meta property=\"og:site_name\" content=\"TRUUSK - Hem, Tr\u00e4dg\u00e5rd &amp; Fritid\" \/>\n<meta property=\"article:modified_time\" content=\"2026-03-12T07:52:18+00:00\" \/>\n<meta property=\"og:image\" content=\"https:\/\/i0.wp.com\/truusk.se\/wp-content\/uploads\/2026\/01\/vaggmonterat-huvudgavel-for-sangkladsel-160-x-10-x-60-cm-tygoverdrag-kramvit-1.webp?fit=2000%2C2000&ssl=1\" \/>\n\t<meta property=\"og:image:width\" content=\"2000\" \/>\n\t<meta property=\"og:image:height\" content=\"2000\" \/>\n\t<meta property=\"og:image:type\" content=\"image\/webp\" \/>\n<meta name=\"twitter:card\" content=\"summary_large_image\" \/>\n<meta name=\"twitter:label1\" content=\"Ber\u00e4knad l\u00e4stid\" \/>\n\t<meta name=\"twitter:data1\" content=\"1 minut\" \/>\n<!-- \/ Yoast SEO plugin. -->","yoast_head_json":{"title":"TRUUSK V\u00e4ggmonterat Huvudgavel - F\u00f6r S\u00e4ngkl\u00e4dsel - 160 x 10 x 60 cm - Tyg\u00f6verdrag - Kr\u00e4mvit - TRUUSK - Hem, Tr\u00e4dg\u00e5rd &amp; Fritid","robots":{"index":"index","follow":"follow","max-snippet":"max-snippet:-1","max-image-preview":"max-image-preview:large","max-video-preview":"max-video-preview:-1"},"canonical":"https:\/\/truusk.store\/sv\/produkt\/truusk-vaggmonterat-huvudgavel-for-sangkladsel-160-x-10-x-60-cm-tygoverdrag-kramvit\/","og_locale":"sv_SE","og_type":"article","og_title":"TRUUSK V\u00e4ggmonterat Huvudgavel - F\u00f6r S\u00e4ngkl\u00e4dsel - 160 x 10 x 60 cm - Tyg\u00f6verdrag - Kr\u00e4mvit - TRUUSK - Hem, Tr\u00e4dg\u00e5rd &amp; Fritid","og_description":"L\u00e5nga dagar f\u00f6rtj\u00e4nar ett bekv\u00e4mt avslut: [BRAND NAME] s\u00e4nggavel med andningsbart \u00f6verdrag i linneutseende och t\u00e4t skum ger dig st\u00f6d...","og_url":"https:\/\/truusk.store\/sv\/produkt\/truusk-vaggmonterat-huvudgavel-for-sangkladsel-160-x-10-x-60-cm-tygoverdrag-kramvit\/","og_site_name":"TRUUSK - Hem, Tr\u00e4dg\u00e5rd &amp; Fritid","article_modified_time":"2026-03-12T07:52:18+00:00","og_image":[{"width":2000,"height":2000,"url":"https:\/\/i0.wp.com\/truusk.se\/wp-content\/uploads\/2026\/01\/vaggmonterat-huvudgavel-for-sangkladsel-160-x-10-x-60-cm-tygoverdrag-kramvit-1.webp?fit=2000%2C2000&ssl=1","type":"image\/webp"}],"twitter_card":"summary_large_image","twitter_misc":{"Ber\u00e4knad l\u00e4stid":"1 minut"},"schema":{"@context":"https:\/\/schema.org","@graph":[{"@type":"WebPage","@id":"https:\/\/truusk.store\/sv\/produkt\/truusk-vaggmonterat-huvudgavel-for-sangkladsel-160-x-10-x-60-cm-tygoverdrag-kramvit\/","url":"https:\/\/truusk.store\/sv\/produkt\/truusk-vaggmonterat-huvudgavel-for-sangkladsel-160-x-10-x-60-cm-tygoverdrag-kramvit\/","name":"TRUUSK V\u00e4ggmonterat Huvudgavel - F\u00f6r S\u00e4ngkl\u00e4dsel - 160 x 10 x 60 cm - Tyg\u00f6verdrag - Kr\u00e4mvit - TRUUSK - Hem, Tr\u00e4dg\u00e5rd &amp; Fritid","isPartOf":{"@id":"https:\/\/truusk.store\/sv\/#website"},"primaryImageOfPage":{"@id":"https:\/\/truusk.store\/sv\/produkt\/truusk-vaggmonterat-huvudgavel-for-sangkladsel-160-x-10-x-60-cm-tygoverdrag-kramvit\/#primaryimage"},"image":{"@id":"https:\/\/truusk.store\/sv\/produkt\/truusk-vaggmonterat-huvudgavel-for-sangkladsel-160-x-10-x-60-cm-tygoverdrag-kramvit\/#primaryimage"},"thumbnailUrl":"https:\/\/i0.wp.com\/truusk.store\/wp-content\/uploads\/2026\/01\/vaggmonterat-huvudgavel-for-sangkladsel-160-x-10-x-60-cm-tygoverdrag-kramvit-1.webp?fit=2000%2C2000&ssl=1","datePublished":"2026-01-06T12:49:39+00:00","dateModified":"2026-03-12T07:52:18+00:00","breadcrumb":{"@id":"https:\/\/truusk.store\/sv\/produkt\/truusk-vaggmonterat-huvudgavel-for-sangkladsel-160-x-10-x-60-cm-tygoverdrag-kramvit\/#breadcrumb"},"inLanguage":"sv-SE","potentialAction":[{"@type":"ReadAction","target":["https:\/\/truusk.store\/sv\/produkt\/truusk-vaggmonterat-huvudgavel-for-sangkladsel-160-x-10-x-60-cm-tygoverdrag-kramvit\/"]}]},{"@type":"ImageObject","inLanguage":"sv-SE","@id":"https:\/\/truusk.store\/sv\/produkt\/truusk-vaggmonterat-huvudgavel-for-sangkladsel-160-x-10-x-60-cm-tygoverdrag-kramvit\/#primaryimage","url":"https:\/\/i0.wp.com\/truusk.store\/wp-content\/uploads\/2026\/01\/vaggmonterat-huvudgavel-for-sangkladsel-160-x-10-x-60-cm-tygoverdrag-kramvit-1.webp?fit=2000%2C2000&ssl=1","contentUrl":"https:\/\/i0.wp.com\/truusk.store\/wp-content\/uploads\/2026\/01\/vaggmonterat-huvudgavel-for-sangkladsel-160-x-10-x-60-cm-tygoverdrag-kramvit-1.webp?fit=2000%2C2000&ssl=1","width":2000,"height":2000},{"@type":"BreadcrumbList","@id":"https:\/\/truusk.store\/sv\/produkt\/truusk-vaggmonterat-huvudgavel-for-sangkladsel-160-x-10-x-60-cm-tygoverdrag-kramvit\/#breadcrumb","itemListElement":[{"@type":"ListItem","position":1,"name":"Home","item":"https:\/\/truusk.store\/sv\/"},{"@type":"ListItem","position":2,"name":"Shop","item":"https:\/\/truusk.store\/shop\/"},{"@type":"ListItem","position":3,"name":"TRUUSK V\u00e4ggmonterat Huvudgavel &#8211; F\u00f6r S\u00e4ngkl\u00e4dsel &#8211; 160 x 10 x 60 cm &#8211; Tyg\u00f6verdrag &#8211; Kr\u00e4mvit"}]},{"@type":"WebSite","@id":"https:\/\/truusk.store\/sv\/#website","url":"https:\/\/truusk.store\/sv\/","name":"TRUUSK - Hem, Tr\u00e4dg\u00e5rd & Fritid","description":"","publisher":{"@id":"https:\/\/truusk.store\/sv\/#organization"},"potentialAction":[{"@type":"SearchAction","target":{"@type":"EntryPoint","urlTemplate":"https:\/\/truusk.store\/sv\/?s={search_term_string}"},"query-input":{"@type":"PropertyValueSpecification","valueRequired":true,"valueName":"search_term_string"}}],"inLanguage":"sv-SE"},{"@type":"Organization","@id":"https:\/\/truusk.store\/sv\/#organization","name":"TRUUSK - Hem, Tr\u00e4dg\u00e5rd & Fritid","url":"https:\/\/truusk.store\/sv\/","logo":{"@type":"ImageObject","inLanguage":"sv-SE","@id":"https:\/\/truusk.store\/sv\/#\/schema\/logo\/image\/","url":"https:\/\/i0.wp.com\/truusk.store\/wp-content\/uploads\/2026\/03\/cropped-TRUUSK.png?fit=2032%2C917&ssl=1","contentUrl":"https:\/\/i0.wp.com\/truusk.store\/wp-content\/uploads\/2026\/03\/cropped-TRUUSK.png?fit=2032%2C917&ssl=1","width":2032,"height":917,"caption":"TRUUSK - Hem, Tr\u00e4dg\u00e5rd & Fritid"},"image":{"@id":"https:\/\/truusk.store\/sv\/#\/schema\/logo\/image\/"}}]}},"jetpack_sharing_enabled":true,"_links":{"self":[{"href":"https:\/\/truusk.store\/sv\/wp-json\/wp\/v2\/product\/99055","targetHints":{"allow":["GET"]}}],"collection":[{"href":"https:\/\/truusk.store\/sv\/wp-json\/wp\/v2\/product"}],"about":[{"href":"https:\/\/truusk.store\/sv\/wp-json\/wp\/v2\/types\/product"}],"wp:featuredmedia":[{"embeddable":true,"href":"https:\/\/truusk.store\/sv\/wp-json\/wp\/v2\/media\/99044"}],"wp:attachment":[{"href":"https:\/\/truusk.store\/sv\/wp-json\/wp\/v2\/media?parent=99055"}],"wp:term":[{"taxonomy":"product_brand","embeddable":true,"href":"https:\/\/truusk.store\/sv\/wp-json\/wp\/v2\/product_brand?post=99055"},{"taxonomy":"product_cat","embeddable":true,"href":"https:\/\/truusk.store\/sv\/wp-json\/wp\/v2\/product_cat?post=99055"},{"taxonomy":"product_tag","embeddable":true,"href":"https:\/\/truusk.store\/sv\/wp-json\/wp\/v2\/product_tag?post=99055"}],"curies":[{"name":"wp","href":"https:\/\/api.w.org\/{rel}","templated":true}]}}