{"id":99066,"date":"2026-01-06T13:50:48","date_gmt":"2026-01-06T12:50:48","guid":{"rendered":"https:\/\/truusk.store\/product\/badrumsskap-byra-for-vardagsrum-soft-close-dorrar-2-oppna-hyllor-mdf-vit\/"},"modified":"2026-03-12T08:52:19","modified_gmt":"2026-03-12T07:52:19","slug":"truusk-badrumsskap-och-byra-soft-close-dorrar-2-oppna-hyllor-mdf-vit","status":"publish","type":"product","link":"https:\/\/truusk.store\/sv\/produkt\/truusk-badrumsskap-och-byra-soft-close-dorrar-2-oppna-hyllor-mdf-vit\/","title":{"rendered":"TRUUSK Badrumssk\u00e5p och Byr\u00e5 &#8211; Soft-close-d\u00f6rrar &#8211; 2 \u00f6ppna Hyllor &#8211; MDF &#8211; Vit"},"content":{"rendered":"<p>St\u00f6rd av kaotiska morgnar och fulla diskar? [BRAND NAME] badrumssk\u00e5p erbjuder l\u00f6sningen. Tysta soft-close-d\u00f6rrar, en topp yta, \u00f6ppna hyllor och ett sk\u00e5p hj\u00e4lper till att organisera toalettartiklar och handdukar. MDF-konstruktionen med anti-tip-kit garanterar stabilitet och s\u00e4kerhet. Vackra d\u00f6rrar, en elegant vit finish och guldtonade, smala ben ger detta badrumssk\u00e5p ett lyxigt, modernt utseende &#8211; perfekt f\u00f6r badrum, sovrum, k\u00f6k, hall eller vardagsrum.<\/p>\n<p>Beskrivning:<\/p>\n<ul>\n<li> Vingade d\u00f6rrar, en helt vit finish och guldtonade, koniska ben f\u00f6r en modern, enkel look<\/li>\n<li> Topp, tv\u00e5 \u00f6ppna hyllor och ett sk\u00e5p f\u00f6r att maximera f\u00f6rvaringsutrymmet<\/li>\n<li> Trestegs justerbar inre hylla anpassar sig till sm\u00e5 och stora f\u00f6rem\u00e5l<\/li>\n<li> Soft-close-g\u00e5ngj\u00e4rn f\u00f6r sk\u00e5pet f\u00f6r tyst, mjukt st\u00e4ngning av d\u00f6rrarna<\/li>\n<li> Lackad melamin-MDF-yta, sl\u00e4t och l\u00e4tt att reng\u00f6ra<\/li>\n<li> Anti-tip-set f\u00f6r h\u00f6gsk\u00e5pet inkluderar v\u00e4ggf\u00e4ste<\/li>\n<li> 12 cm h\u00f6jda ben f\u00f6r att skydda mot fukt och f\u00f6renkla reng\u00f6ring under<\/li>\n<li> Maximal belastning: 50 kg. Montering kr\u00e4vs<\/li>\n<\/ul>\n<p> Tekniska specifikationer:<\/p>\n<ul>\n<li> F\u00e4rg: Vit+Guldf\u00e4rg<\/li>\n<li> Material: MDF, Metall<\/li>\n<li> Totala dimensioner: 60L x 31,8B x 93H cm<\/li>\n<li> Ytstorlek: 60B x 30T cm<\/li>\n<li> Storlek p\u00e5 \u00f6ppna hyllor: (varje) 57,4B x 27,9T x 16H cm<\/li>\n<li> Inre dimensioner f\u00f6r sk\u00e5pet: 57,4B x 27,9T x 43,9H cm<\/li>\n<li> H\u00f6jd fr\u00e5n golv till golv: 12 cm<\/li>\n<li> Belastningskapacitet: 50 kg (totalt), 20 kg (\u00f6vre), 8 kg (hylla)<\/li>\n<li> Artikelnummer: 834-917V90WT<\/li>\n<\/ul>\n<p>Leveransinneh\u00e5ll:<\/p>\n<ul>\n<li> 1 x Badrumssk\u00e5p<\/li>\n<li> 1 x Bruksanvisning<\/li>\n<\/ul>\n","protected":false},"excerpt":{"rendered":"<p>St\u00f6rd av kaotiska morgnar och fulla diskar? [BRAND NAME] badrumssk\u00e5p erbjuder l\u00f6sningen. Tysta soft-close-d\u00f6rrar, en topp yta, \u00f6ppna hyllor och&#8230;<\/p>\n","protected":false},"featured_media":99056,"template":"","meta":[],"product_brand":[],"product_cat":[915,535,871],"product_tag":[],"class_list":{"0":"post-99066","1":"product","2":"type-product","3":"status-publish","4":"has-post-thumbnail","6":"product_cat-badrum","7":"product_cat-badrumsskap","8":"product_cat-hus-hem","10":"first","11":"instock","12":"sale","13":"taxable","14":"shipping-taxable","15":"purchasable","16":"product-type-simple"},"yoast_head":"<!-- This site is optimized with the Yoast SEO plugin v25.4 - https:\/\/yoast.com\/wordpress\/plugins\/seo\/ -->\n<title>TRUUSK Badrumssk\u00e5p och Byr\u00e5 - Soft-close-d\u00f6rrar - 2 \u00f6ppna Hyllor - MDF - Vit - TRUUSK - Hem, Tr\u00e4dg\u00e5rd &amp; Fritid<\/title>\n<meta name=\"robots\" content=\"index, follow, max-snippet:-1, max-image-preview:large, max-video-preview:-1\" \/>\n<link rel=\"canonical\" href=\"https:\/\/truusk.store\/sv\/produkt\/truusk-badrumsskap-och-byra-soft-close-dorrar-2-oppna-hyllor-mdf-vit\/\" \/>\n<meta property=\"og:locale\" content=\"sv_SE\" \/>\n<meta property=\"og:type\" content=\"article\" \/>\n<meta property=\"og:title\" content=\"TRUUSK Badrumssk\u00e5p och Byr\u00e5 - Soft-close-d\u00f6rrar - 2 \u00f6ppna Hyllor - MDF - Vit - TRUUSK - Hem, Tr\u00e4dg\u00e5rd &amp; Fritid\" \/>\n<meta property=\"og:description\" content=\"St\u00f6rd av kaotiska morgnar och fulla diskar? [BRAND NAME] badrumssk\u00e5p erbjuder l\u00f6sningen. Tysta soft-close-d\u00f6rrar, en topp yta, \u00f6ppna hyllor och...\" \/>\n<meta property=\"og:url\" content=\"https:\/\/truusk.store\/sv\/produkt\/truusk-badrumsskap-och-byra-soft-close-dorrar-2-oppna-hyllor-mdf-vit\/\" \/>\n<meta property=\"og:site_name\" content=\"TRUUSK - Hem, Tr\u00e4dg\u00e5rd &amp; Fritid\" \/>\n<meta property=\"article:modified_time\" content=\"2026-03-12T07:52:19+00:00\" \/>\n<meta property=\"og:image\" content=\"https:\/\/i0.wp.com\/truusk.se\/wp-content\/uploads\/2026\/01\/badrumsskap-byra-for-vardagsrum-soft-close-dorrar-2-oppna-hyllor-mdf-vit-1.webp?fit=2000%2C2000&ssl=1\" \/>\n\t<meta property=\"og:image:width\" content=\"2000\" \/>\n\t<meta property=\"og:image:height\" content=\"2000\" \/>\n\t<meta property=\"og:image:type\" content=\"image\/webp\" \/>\n<meta name=\"twitter:card\" content=\"summary_large_image\" \/>\n<meta name=\"twitter:label1\" content=\"Ber\u00e4knad l\u00e4stid\" \/>\n\t<meta name=\"twitter:data1\" content=\"1 minut\" \/>\n<!-- \/ Yoast SEO plugin. -->","yoast_head_json":{"title":"TRUUSK Badrumssk\u00e5p och Byr\u00e5 - Soft-close-d\u00f6rrar - 2 \u00f6ppna Hyllor - MDF - Vit - TRUUSK - Hem, Tr\u00e4dg\u00e5rd &amp; Fritid","robots":{"index":"index","follow":"follow","max-snippet":"max-snippet:-1","max-image-preview":"max-image-preview:large","max-video-preview":"max-video-preview:-1"},"canonical":"https:\/\/truusk.store\/sv\/produkt\/truusk-badrumsskap-och-byra-soft-close-dorrar-2-oppna-hyllor-mdf-vit\/","og_locale":"sv_SE","og_type":"article","og_title":"TRUUSK Badrumssk\u00e5p och Byr\u00e5 - Soft-close-d\u00f6rrar - 2 \u00f6ppna Hyllor - MDF - Vit - TRUUSK - Hem, Tr\u00e4dg\u00e5rd &amp; Fritid","og_description":"St\u00f6rd av kaotiska morgnar och fulla diskar? [BRAND NAME] badrumssk\u00e5p erbjuder l\u00f6sningen. Tysta soft-close-d\u00f6rrar, en topp yta, \u00f6ppna hyllor och...","og_url":"https:\/\/truusk.store\/sv\/produkt\/truusk-badrumsskap-och-byra-soft-close-dorrar-2-oppna-hyllor-mdf-vit\/","og_site_name":"TRUUSK - Hem, Tr\u00e4dg\u00e5rd &amp; Fritid","article_modified_time":"2026-03-12T07:52:19+00:00","og_image":[{"width":2000,"height":2000,"url":"https:\/\/i0.wp.com\/truusk.se\/wp-content\/uploads\/2026\/01\/badrumsskap-byra-for-vardagsrum-soft-close-dorrar-2-oppna-hyllor-mdf-vit-1.webp?fit=2000%2C2000&ssl=1","type":"image\/webp"}],"twitter_card":"summary_large_image","twitter_misc":{"Ber\u00e4knad l\u00e4stid":"1 minut"},"schema":{"@context":"https:\/\/schema.org","@graph":[{"@type":"WebPage","@id":"https:\/\/truusk.store\/sv\/produkt\/truusk-badrumsskap-och-byra-soft-close-dorrar-2-oppna-hyllor-mdf-vit\/","url":"https:\/\/truusk.store\/sv\/produkt\/truusk-badrumsskap-och-byra-soft-close-dorrar-2-oppna-hyllor-mdf-vit\/","name":"TRUUSK Badrumssk\u00e5p och Byr\u00e5 - Soft-close-d\u00f6rrar - 2 \u00f6ppna Hyllor - MDF - Vit - TRUUSK - Hem, Tr\u00e4dg\u00e5rd &amp; Fritid","isPartOf":{"@id":"https:\/\/truusk.store\/sv\/#website"},"primaryImageOfPage":{"@id":"https:\/\/truusk.store\/sv\/produkt\/truusk-badrumsskap-och-byra-soft-close-dorrar-2-oppna-hyllor-mdf-vit\/#primaryimage"},"image":{"@id":"https:\/\/truusk.store\/sv\/produkt\/truusk-badrumsskap-och-byra-soft-close-dorrar-2-oppna-hyllor-mdf-vit\/#primaryimage"},"thumbnailUrl":"https:\/\/i0.wp.com\/truusk.store\/wp-content\/uploads\/2026\/01\/badrumsskap-byra-for-vardagsrum-soft-close-dorrar-2-oppna-hyllor-mdf-vit-1.webp?fit=2000%2C2000&ssl=1","datePublished":"2026-01-06T12:50:48+00:00","dateModified":"2026-03-12T07:52:19+00:00","breadcrumb":{"@id":"https:\/\/truusk.store\/sv\/produkt\/truusk-badrumsskap-och-byra-soft-close-dorrar-2-oppna-hyllor-mdf-vit\/#breadcrumb"},"inLanguage":"sv-SE","potentialAction":[{"@type":"ReadAction","target":["https:\/\/truusk.store\/sv\/produkt\/truusk-badrumsskap-och-byra-soft-close-dorrar-2-oppna-hyllor-mdf-vit\/"]}]},{"@type":"ImageObject","inLanguage":"sv-SE","@id":"https:\/\/truusk.store\/sv\/produkt\/truusk-badrumsskap-och-byra-soft-close-dorrar-2-oppna-hyllor-mdf-vit\/#primaryimage","url":"https:\/\/i0.wp.com\/truusk.store\/wp-content\/uploads\/2026\/01\/badrumsskap-byra-for-vardagsrum-soft-close-dorrar-2-oppna-hyllor-mdf-vit-1.webp?fit=2000%2C2000&ssl=1","contentUrl":"https:\/\/i0.wp.com\/truusk.store\/wp-content\/uploads\/2026\/01\/badrumsskap-byra-for-vardagsrum-soft-close-dorrar-2-oppna-hyllor-mdf-vit-1.webp?fit=2000%2C2000&ssl=1","width":2000,"height":2000},{"@type":"BreadcrumbList","@id":"https:\/\/truusk.store\/sv\/produkt\/truusk-badrumsskap-och-byra-soft-close-dorrar-2-oppna-hyllor-mdf-vit\/#breadcrumb","itemListElement":[{"@type":"ListItem","position":1,"name":"Home","item":"https:\/\/truusk.store\/sv\/"},{"@type":"ListItem","position":2,"name":"Shop","item":"https:\/\/truusk.store\/shop\/"},{"@type":"ListItem","position":3,"name":"TRUUSK Badrumssk\u00e5p och Byr\u00e5 &#8211; Soft-close-d\u00f6rrar &#8211; 2 \u00f6ppna Hyllor &#8211; MDF &#8211; Vit"}]},{"@type":"WebSite","@id":"https:\/\/truusk.store\/sv\/#website","url":"https:\/\/truusk.store\/sv\/","name":"TRUUSK - Hem, Tr\u00e4dg\u00e5rd & Fritid","description":"","publisher":{"@id":"https:\/\/truusk.store\/sv\/#organization"},"potentialAction":[{"@type":"SearchAction","target":{"@type":"EntryPoint","urlTemplate":"https:\/\/truusk.store\/sv\/?s={search_term_string}"},"query-input":{"@type":"PropertyValueSpecification","valueRequired":true,"valueName":"search_term_string"}}],"inLanguage":"sv-SE"},{"@type":"Organization","@id":"https:\/\/truusk.store\/sv\/#organization","name":"TRUUSK - Hem, Tr\u00e4dg\u00e5rd & Fritid","url":"https:\/\/truusk.store\/sv\/","logo":{"@type":"ImageObject","inLanguage":"sv-SE","@id":"https:\/\/truusk.store\/sv\/#\/schema\/logo\/image\/","url":"https:\/\/i0.wp.com\/truusk.store\/wp-content\/uploads\/2026\/03\/cropped-TRUUSK.png?fit=2032%2C917&ssl=1","contentUrl":"https:\/\/i0.wp.com\/truusk.store\/wp-content\/uploads\/2026\/03\/cropped-TRUUSK.png?fit=2032%2C917&ssl=1","width":2032,"height":917,"caption":"TRUUSK - Hem, Tr\u00e4dg\u00e5rd & Fritid"},"image":{"@id":"https:\/\/truusk.store\/sv\/#\/schema\/logo\/image\/"}}]}},"jetpack_sharing_enabled":true,"_links":{"self":[{"href":"https:\/\/truusk.store\/sv\/wp-json\/wp\/v2\/product\/99066","targetHints":{"allow":["GET"]}}],"collection":[{"href":"https:\/\/truusk.store\/sv\/wp-json\/wp\/v2\/product"}],"about":[{"href":"https:\/\/truusk.store\/sv\/wp-json\/wp\/v2\/types\/product"}],"wp:featuredmedia":[{"embeddable":true,"href":"https:\/\/truusk.store\/sv\/wp-json\/wp\/v2\/media\/99056"}],"wp:attachment":[{"href":"https:\/\/truusk.store\/sv\/wp-json\/wp\/v2\/media?parent=99066"}],"wp:term":[{"taxonomy":"product_brand","embeddable":true,"href":"https:\/\/truusk.store\/sv\/wp-json\/wp\/v2\/product_brand?post=99066"},{"taxonomy":"product_cat","embeddable":true,"href":"https:\/\/truusk.store\/sv\/wp-json\/wp\/v2\/product_cat?post=99066"},{"taxonomy":"product_tag","embeddable":true,"href":"https:\/\/truusk.store\/sv\/wp-json\/wp\/v2\/product_tag?post=99066"}],"curies":[{"name":"wp","href":"https:\/\/api.w.org\/{rel}","templated":true}]}}