{"id":99075,"date":"2026-01-06T13:51:41","date_gmt":"2026-01-06T12:51:41","guid":{"rendered":"https:\/\/truusk.store\/product\/huvudgavel-med-3-justerbara-hojder-sanggavel-med-metallben-sammetsoptik-for-sovrum-140x10x106-116-126-cm-gra\/"},"modified":"2026-03-12T08:52:19","modified_gmt":"2026-03-12T07:52:19","slug":"truusk-huvudgavel-i-sammetsoptik-justerbara-hojder-metallben-140x10x106-116-126-cm-gra","status":"publish","type":"product","link":"https:\/\/truusk.store\/sv\/produkt\/truusk-huvudgavel-i-sammetsoptik-justerbara-hojder-metallben-140x10x106-116-126-cm-gra\/","title":{"rendered":"TRUUSK Huvudgavel i Sammetsoptik &#8211; Justerbara H\u00f6jder &#8211; Metallben &#8211; 140x10x106\/116\/126 cm &#8211; Gr\u00e5"},"content":{"rendered":"<p>Saknas det sista gnistan av mysighet i ditt sovrum? En st\u00f6dl\u00f6s ryggst\u00f6d kan f\u00f6rst\u00f6ra avkopplande kv\u00e4llar med bok eller film. [BRAND NAME] vadderade s\u00e4ng huvudgavel f\u00f6rvandlar ditt rum och erbjuder mjukt sammetst\u00f6d. Med tre justerbara h\u00f6jder upp till 126 cm anpassar den sig perfekt till din madrass och blir s\u00e5 till den perfekta avkopplingsplatsen efter en l\u00e5ng dag.<\/p>\n<p>Beskrivning:<\/p>\n<ul>\n<li> Denna justerbara s\u00e4ng huvudgavel erbjuder tre h\u00f6jder (106, 116, 126 cm) f\u00f6r att anpassa sig till din madrass med olika tjocklek<\/li>\n<li> Kl\u00e4dd med 230 g\/m\u00b2 sammetliknande tyg och h\u00f6gdensitetsskumfyllning f\u00f6r komfort<\/li>\n<li> En modern design kompletterar olika dekorationsstilar<\/li>\n<li> En solid eukalyptusram och metallben garanterar stabilitet och st\u00f6d<\/li>\n<li> Denna s\u00e4ng huvudgavel passar perfekt till s\u00e4ngar med en bredd av 135 cm och 140 cm<\/li>\n<li> Enkel montering kr\u00e4vs<\/li>\n<\/ul>\n<p> Tekniska data:<\/p>\n<ul>\n<li> F\u00e4rg: Gr\u00e5<\/li>\n<li> Material: Sammet (100% Polyester), skum, eukalyptustr\u00e4, metall<\/li>\n<li> Totala dimensioner: 140B x 10T x 106-126H cm<\/li>\n<li> Justerbar huvudgavelh\u00f6jd: 106 cm, 116 cm, 126 cm<\/li>\n<li> Rekommenderad s\u00e4ngbredd: 135 cm, 140 cm<\/li>\n<\/ul>\n<p>Leveransinneh\u00e5ll:<\/p>\n<ul>\n<li> 1 x huvudgavel<\/li>\n<li> 1 x bruksanvisning<\/li>\n<\/ul>\n","protected":false},"excerpt":{"rendered":"<p>Saknas det sista gnistan av mysighet i ditt sovrum? En st\u00f6dl\u00f6s ryggst\u00f6d kan f\u00f6rst\u00f6ra avkopplande kv\u00e4llar med bok eller film&#8230;.<\/p>\n","protected":false},"featured_media":99065,"template":"","meta":[],"product_brand":[],"product_cat":[1027,871,494,897],"product_tag":[],"class_list":{"0":"post-99075","1":"product","2":"type-product","3":"status-publish","4":"has-post-thumbnail","6":"product_cat-bettzubehor","7":"product_cat-hus-hem","8":"product_cat-sangar","9":"product_cat-sovrum","11":"first","12":"instock","13":"sale","14":"taxable","15":"shipping-taxable","16":"purchasable","17":"product-type-simple"},"yoast_head":"<!-- This site is optimized with the Yoast SEO plugin v25.4 - https:\/\/yoast.com\/wordpress\/plugins\/seo\/ -->\n<title>TRUUSK Huvudgavel i Sammetsoptik - Justerbara H\u00f6jder - Metallben - 140x10x106\/116\/126 cm - Gr\u00e5 - TRUUSK - Hem, Tr\u00e4dg\u00e5rd &amp; Fritid<\/title>\n<meta name=\"robots\" content=\"index, follow, max-snippet:-1, max-image-preview:large, max-video-preview:-1\" \/>\n<link rel=\"canonical\" href=\"https:\/\/truusk.store\/sv\/produkt\/truusk-huvudgavel-i-sammetsoptik-justerbara-hojder-metallben-140x10x106-116-126-cm-gra\/\" \/>\n<meta property=\"og:locale\" content=\"sv_SE\" \/>\n<meta property=\"og:type\" content=\"article\" \/>\n<meta property=\"og:title\" content=\"TRUUSK Huvudgavel i Sammetsoptik - Justerbara H\u00f6jder - Metallben - 140x10x106\/116\/126 cm - Gr\u00e5 - TRUUSK - Hem, Tr\u00e4dg\u00e5rd &amp; Fritid\" \/>\n<meta property=\"og:description\" content=\"Saknas det sista gnistan av mysighet i ditt sovrum? En st\u00f6dl\u00f6s ryggst\u00f6d kan f\u00f6rst\u00f6ra avkopplande kv\u00e4llar med bok eller film....\" \/>\n<meta property=\"og:url\" content=\"https:\/\/truusk.store\/sv\/produkt\/truusk-huvudgavel-i-sammetsoptik-justerbara-hojder-metallben-140x10x106-116-126-cm-gra\/\" \/>\n<meta property=\"og:site_name\" content=\"TRUUSK - Hem, Tr\u00e4dg\u00e5rd &amp; Fritid\" \/>\n<meta property=\"article:modified_time\" content=\"2026-03-12T07:52:19+00:00\" \/>\n<meta property=\"og:image\" content=\"https:\/\/i0.wp.com\/truusk.se\/wp-content\/uploads\/2026\/01\/huvudgavel-med-3-justerbara-hojder-sanggavel-med-metallben-sammetsoptik-for-sovrum-140x10x106-116-126-cm-gra-1.webp?fit=2000%2C2000&ssl=1\" \/>\n\t<meta property=\"og:image:width\" content=\"2000\" \/>\n\t<meta property=\"og:image:height\" content=\"2000\" \/>\n\t<meta property=\"og:image:type\" content=\"image\/webp\" \/>\n<meta name=\"twitter:card\" content=\"summary_large_image\" \/>\n<meta name=\"twitter:label1\" content=\"Ber\u00e4knad l\u00e4stid\" \/>\n\t<meta name=\"twitter:data1\" content=\"1 minut\" \/>\n<!-- \/ Yoast SEO plugin. -->","yoast_head_json":{"title":"TRUUSK Huvudgavel i Sammetsoptik - Justerbara H\u00f6jder - Metallben - 140x10x106\/116\/126 cm - Gr\u00e5 - TRUUSK - Hem, Tr\u00e4dg\u00e5rd &amp; Fritid","robots":{"index":"index","follow":"follow","max-snippet":"max-snippet:-1","max-image-preview":"max-image-preview:large","max-video-preview":"max-video-preview:-1"},"canonical":"https:\/\/truusk.store\/sv\/produkt\/truusk-huvudgavel-i-sammetsoptik-justerbara-hojder-metallben-140x10x106-116-126-cm-gra\/","og_locale":"sv_SE","og_type":"article","og_title":"TRUUSK Huvudgavel i Sammetsoptik - Justerbara H\u00f6jder - Metallben - 140x10x106\/116\/126 cm - Gr\u00e5 - TRUUSK - Hem, Tr\u00e4dg\u00e5rd &amp; Fritid","og_description":"Saknas det sista gnistan av mysighet i ditt sovrum? En st\u00f6dl\u00f6s ryggst\u00f6d kan f\u00f6rst\u00f6ra avkopplande kv\u00e4llar med bok eller film....","og_url":"https:\/\/truusk.store\/sv\/produkt\/truusk-huvudgavel-i-sammetsoptik-justerbara-hojder-metallben-140x10x106-116-126-cm-gra\/","og_site_name":"TRUUSK - Hem, Tr\u00e4dg\u00e5rd &amp; Fritid","article_modified_time":"2026-03-12T07:52:19+00:00","og_image":[{"width":2000,"height":2000,"url":"https:\/\/i0.wp.com\/truusk.se\/wp-content\/uploads\/2026\/01\/huvudgavel-med-3-justerbara-hojder-sanggavel-med-metallben-sammetsoptik-for-sovrum-140x10x106-116-126-cm-gra-1.webp?fit=2000%2C2000&ssl=1","type":"image\/webp"}],"twitter_card":"summary_large_image","twitter_misc":{"Ber\u00e4knad l\u00e4stid":"1 minut"},"schema":{"@context":"https:\/\/schema.org","@graph":[{"@type":"WebPage","@id":"https:\/\/truusk.store\/sv\/produkt\/truusk-huvudgavel-i-sammetsoptik-justerbara-hojder-metallben-140x10x106-116-126-cm-gra\/","url":"https:\/\/truusk.store\/sv\/produkt\/truusk-huvudgavel-i-sammetsoptik-justerbara-hojder-metallben-140x10x106-116-126-cm-gra\/","name":"TRUUSK Huvudgavel i Sammetsoptik - Justerbara H\u00f6jder - Metallben - 140x10x106\/116\/126 cm - Gr\u00e5 - TRUUSK - Hem, Tr\u00e4dg\u00e5rd &amp; Fritid","isPartOf":{"@id":"https:\/\/truusk.store\/sv\/#website"},"primaryImageOfPage":{"@id":"https:\/\/truusk.store\/sv\/produkt\/truusk-huvudgavel-i-sammetsoptik-justerbara-hojder-metallben-140x10x106-116-126-cm-gra\/#primaryimage"},"image":{"@id":"https:\/\/truusk.store\/sv\/produkt\/truusk-huvudgavel-i-sammetsoptik-justerbara-hojder-metallben-140x10x106-116-126-cm-gra\/#primaryimage"},"thumbnailUrl":"https:\/\/i0.wp.com\/truusk.store\/wp-content\/uploads\/2026\/01\/huvudgavel-med-3-justerbara-hojder-sanggavel-med-metallben-sammetsoptik-for-sovrum-140x10x106-116-126-cm-gra-1.webp?fit=2000%2C2000&ssl=1","datePublished":"2026-01-06T12:51:41+00:00","dateModified":"2026-03-12T07:52:19+00:00","breadcrumb":{"@id":"https:\/\/truusk.store\/sv\/produkt\/truusk-huvudgavel-i-sammetsoptik-justerbara-hojder-metallben-140x10x106-116-126-cm-gra\/#breadcrumb"},"inLanguage":"sv-SE","potentialAction":[{"@type":"ReadAction","target":["https:\/\/truusk.store\/sv\/produkt\/truusk-huvudgavel-i-sammetsoptik-justerbara-hojder-metallben-140x10x106-116-126-cm-gra\/"]}]},{"@type":"ImageObject","inLanguage":"sv-SE","@id":"https:\/\/truusk.store\/sv\/produkt\/truusk-huvudgavel-i-sammetsoptik-justerbara-hojder-metallben-140x10x106-116-126-cm-gra\/#primaryimage","url":"https:\/\/i0.wp.com\/truusk.store\/wp-content\/uploads\/2026\/01\/huvudgavel-med-3-justerbara-hojder-sanggavel-med-metallben-sammetsoptik-for-sovrum-140x10x106-116-126-cm-gra-1.webp?fit=2000%2C2000&ssl=1","contentUrl":"https:\/\/i0.wp.com\/truusk.store\/wp-content\/uploads\/2026\/01\/huvudgavel-med-3-justerbara-hojder-sanggavel-med-metallben-sammetsoptik-for-sovrum-140x10x106-116-126-cm-gra-1.webp?fit=2000%2C2000&ssl=1","width":2000,"height":2000},{"@type":"BreadcrumbList","@id":"https:\/\/truusk.store\/sv\/produkt\/truusk-huvudgavel-i-sammetsoptik-justerbara-hojder-metallben-140x10x106-116-126-cm-gra\/#breadcrumb","itemListElement":[{"@type":"ListItem","position":1,"name":"Home","item":"https:\/\/truusk.store\/sv\/"},{"@type":"ListItem","position":2,"name":"Shop","item":"https:\/\/truusk.store\/shop\/"},{"@type":"ListItem","position":3,"name":"TRUUSK Huvudgavel i Sammetsoptik &#8211; Justerbara H\u00f6jder &#8211; Metallben &#8211; 140x10x106\/116\/126 cm &#8211; Gr\u00e5"}]},{"@type":"WebSite","@id":"https:\/\/truusk.store\/sv\/#website","url":"https:\/\/truusk.store\/sv\/","name":"TRUUSK - Hem, Tr\u00e4dg\u00e5rd & Fritid","description":"","publisher":{"@id":"https:\/\/truusk.store\/sv\/#organization"},"potentialAction":[{"@type":"SearchAction","target":{"@type":"EntryPoint","urlTemplate":"https:\/\/truusk.store\/sv\/?s={search_term_string}"},"query-input":{"@type":"PropertyValueSpecification","valueRequired":true,"valueName":"search_term_string"}}],"inLanguage":"sv-SE"},{"@type":"Organization","@id":"https:\/\/truusk.store\/sv\/#organization","name":"TRUUSK - Hem, Tr\u00e4dg\u00e5rd & Fritid","url":"https:\/\/truusk.store\/sv\/","logo":{"@type":"ImageObject","inLanguage":"sv-SE","@id":"https:\/\/truusk.store\/sv\/#\/schema\/logo\/image\/","url":"https:\/\/i0.wp.com\/truusk.store\/wp-content\/uploads\/2026\/03\/cropped-TRUUSK.png?fit=2032%2C917&ssl=1","contentUrl":"https:\/\/i0.wp.com\/truusk.store\/wp-content\/uploads\/2026\/03\/cropped-TRUUSK.png?fit=2032%2C917&ssl=1","width":2032,"height":917,"caption":"TRUUSK - Hem, Tr\u00e4dg\u00e5rd & Fritid"},"image":{"@id":"https:\/\/truusk.store\/sv\/#\/schema\/logo\/image\/"}}]}},"jetpack_sharing_enabled":true,"_links":{"self":[{"href":"https:\/\/truusk.store\/sv\/wp-json\/wp\/v2\/product\/99075","targetHints":{"allow":["GET"]}}],"collection":[{"href":"https:\/\/truusk.store\/sv\/wp-json\/wp\/v2\/product"}],"about":[{"href":"https:\/\/truusk.store\/sv\/wp-json\/wp\/v2\/types\/product"}],"wp:featuredmedia":[{"embeddable":true,"href":"https:\/\/truusk.store\/sv\/wp-json\/wp\/v2\/media\/99065"}],"wp:attachment":[{"href":"https:\/\/truusk.store\/sv\/wp-json\/wp\/v2\/media?parent=99075"}],"wp:term":[{"taxonomy":"product_brand","embeddable":true,"href":"https:\/\/truusk.store\/sv\/wp-json\/wp\/v2\/product_brand?post=99075"},{"taxonomy":"product_cat","embeddable":true,"href":"https:\/\/truusk.store\/sv\/wp-json\/wp\/v2\/product_cat?post=99075"},{"taxonomy":"product_tag","embeddable":true,"href":"https:\/\/truusk.store\/sv\/wp-json\/wp\/v2\/product_tag?post=99075"}],"curies":[{"name":"wp","href":"https:\/\/api.w.org\/{rel}","templated":true}]}}