{"id":99085,"date":"2026-01-06T13:52:44","date_gmt":"2026-01-06T12:52:44","guid":{"rendered":"https:\/\/truusk.store\/product\/soffa-3-i-1-omvandlingsbar-fatolj-med-baddfunktion-landkudde-for-vardagsrum-creme\/"},"modified":"2026-03-12T08:52:22","modified_gmt":"2026-03-12T07:52:22","slug":"truusk-skalbar-3-i-1-soffa-med-sangfunktion-nackkudde-for-vardagsrum-creme","status":"publish","type":"product","link":"https:\/\/truusk.store\/sv\/produkt\/truusk-skalbar-3-i-1-soffa-med-sangfunktion-nackkudde-for-vardagsrum-creme\/","title":{"rendered":"TRUUSK Skalbar 3-i-1 Soffa med S\u00e4ngfunktion &#8211; Nackkudde &#8211; F\u00f6r Vardagsrum &#8211; Creme"},"content":{"rendered":"<p>Problem med begr\u00e4nsat utrymme och spontana g\u00e4ster? Koppla av med [BRAND NAME] sovstol. P\u00e5 ett \u00f6gonblick f\u00f6rvandlas stolen till en chaiselong eller en 181 cm s\u00e4ng. Tjock skumstoppning och en mjuk chenille\u00f6verdrag p\u00e5 s\u00e4ngstolen ger hudv\u00e4nlig komfort. Kompakt och m\u00e5ngsidig: P\u00e5 dagen f\u00f6r seriemaraton, p\u00e5 natten som s\u00e4ng &#8211; avkoppling f\u00f6r dig, stil f\u00f6r ditt hem.<\/p>\n<p>Beskrivning:<\/p>\n<ul>\n<li> Kan enkelt f\u00f6rvandlas fr\u00e5n stol till chaiselong eller s\u00e4ng och maximerar ditt lilla utrymme<\/li>\n<li> Click-Clack-mekanism, praktiskt band och hjul p\u00e5 s\u00e4ngstolen g\u00f6r omvandlingen s\u00e4rskilt enkel<\/li>\n<li> 67 cm bred sittplats med 11,5 cm tjock skumstoppning f\u00f6r fj\u00e4drande komfort<\/li>\n<li> Mjukt, andningsbart chenille\u00f6verdrag med elegant knappf\u00e4stning<\/li>\n<li> Ryggst\u00f6det kan justeras i tre steg (upp till 180\u00b0) &#8211; koppla av i den vinkel du \u00f6nskar<\/li>\n<li> Praktiska sidofickor och extra kudde med tv\u00e4ttbart \u00f6verdrag ing\u00e5r<\/li>\n<li> Ramen p\u00e5 sovstolen \u00e4r gjord av eukalyptustr\u00e4 och st\u00e5l f\u00f6r stabil st\u00f6d, ben i tr\u00e4look med filtgliders<\/li>\n<li> Maximal belastning 120 kg, montering kr\u00e4vs p\u00e5 bara 30 minuter<\/li>\n<\/ul>\n<p> Tekniska data:<\/p>\n<ul>\n<li> F\u00e4rg: Kr\u00e4mvit<\/li>\n<li> Material: Chenille (100 % polyester), skum (100 % polyuretan), eukalyptustr\u00e4, st\u00e5l, plast<\/li>\n<li> Stolm\u00e5tt: 88B x 84D x 87H cm<\/li>\n<li> Liggyta: 67B x 181D x 41,5H cm<\/li>\n<li> Sittstorlek: 67B x 58D cm<\/li>\n<li> Sitth\u00f6jd: 41,5H cm<\/li>\n<li> Sitttjocklek: 11,5 cm<\/li>\n<li> Ryggst\u00f6d: 67B x 51H cm<\/li>\n<li> Ryggst\u00f6dstjocklek: 11 cm<\/li>\n<li> Armst\u00f6d: 83L x 8,5B cm<\/li>\n<li> Armst\u00f6dsh\u00f6jd till sits: 12 cm<\/li>\n<li> Kuddm\u00e5tt: 60L x 30B x 13D cm<\/li>\n<li> Sidoficka: 30B x 20H cm<\/li>\n<li> Benh\u00f6jd: 5 cm<\/li>\n<li> Belastningskapacitet: 120 kg<\/li>\n<\/ul>\n<p>Leveransinneh\u00e5ll:<\/p>\n<ul>\n<li> 1 x sovstol<\/li>\n<li> 1 x kudde<\/li>\n<li> 1 x bruksanvisning<\/li>\n<\/ul>\n","protected":false},"excerpt":{"rendered":"<p>Problem med begr\u00e4nsat utrymme och spontana g\u00e4ster? Koppla av med [BRAND NAME] sovstol. P\u00e5 ett \u00f6gonblick f\u00f6rvandlas stolen till en&#8230;<\/p>\n","protected":false},"featured_media":99076,"template":"","meta":[],"product_brand":[],"product_cat":[521,871,951,910],"product_tag":[],"class_list":{"0":"post-99085","1":"product","2":"type-product","3":"status-publish","4":"has-post-thumbnail","6":"product_cat-fatolj","7":"product_cat-hus-hem","8":"product_cat-schlafsessel","9":"product_cat-vardagsrum","11":"first","12":"instock","13":"sale","14":"taxable","15":"shipping-taxable","16":"purchasable","17":"product-type-simple"},"yoast_head":"<!-- This site is optimized with the Yoast SEO plugin v25.4 - https:\/\/yoast.com\/wordpress\/plugins\/seo\/ -->\n<title>TRUUSK Skalbar 3-i-1 Soffa med S\u00e4ngfunktion - Nackkudde - F\u00f6r Vardagsrum - Creme - TRUUSK - Hem, Tr\u00e4dg\u00e5rd &amp; Fritid<\/title>\n<meta name=\"robots\" content=\"index, follow, max-snippet:-1, max-image-preview:large, max-video-preview:-1\" \/>\n<link rel=\"canonical\" href=\"https:\/\/truusk.store\/sv\/produkt\/truusk-skalbar-3-i-1-soffa-med-sangfunktion-nackkudde-for-vardagsrum-creme\/\" \/>\n<meta property=\"og:locale\" content=\"sv_SE\" \/>\n<meta property=\"og:type\" content=\"article\" \/>\n<meta property=\"og:title\" content=\"TRUUSK Skalbar 3-i-1 Soffa med S\u00e4ngfunktion - Nackkudde - F\u00f6r Vardagsrum - Creme - TRUUSK - Hem, Tr\u00e4dg\u00e5rd &amp; Fritid\" \/>\n<meta property=\"og:description\" content=\"Problem med begr\u00e4nsat utrymme och spontana g\u00e4ster? Koppla av med [BRAND NAME] sovstol. P\u00e5 ett \u00f6gonblick f\u00f6rvandlas stolen till en...\" \/>\n<meta property=\"og:url\" content=\"https:\/\/truusk.store\/sv\/produkt\/truusk-skalbar-3-i-1-soffa-med-sangfunktion-nackkudde-for-vardagsrum-creme\/\" \/>\n<meta property=\"og:site_name\" content=\"TRUUSK - Hem, Tr\u00e4dg\u00e5rd &amp; Fritid\" \/>\n<meta property=\"article:modified_time\" content=\"2026-03-12T07:52:22+00:00\" \/>\n<meta property=\"og:image\" content=\"https:\/\/i0.wp.com\/truusk.se\/wp-content\/uploads\/2026\/01\/soffa-3-i-1-omvandlingsbar-fatolj-med-baddfunktion-landkudde-for-vardagsrum-creme-1.webp?fit=2000%2C2000&ssl=1\" \/>\n\t<meta property=\"og:image:width\" content=\"2000\" \/>\n\t<meta property=\"og:image:height\" content=\"2000\" \/>\n\t<meta property=\"og:image:type\" content=\"image\/webp\" \/>\n<meta name=\"twitter:card\" content=\"summary_large_image\" \/>\n<meta name=\"twitter:label1\" content=\"Ber\u00e4knad l\u00e4stid\" \/>\n\t<meta name=\"twitter:data1\" content=\"1 minut\" \/>\n<!-- \/ Yoast SEO plugin. -->","yoast_head_json":{"title":"TRUUSK Skalbar 3-i-1 Soffa med S\u00e4ngfunktion - Nackkudde - F\u00f6r Vardagsrum - Creme - TRUUSK - Hem, Tr\u00e4dg\u00e5rd &amp; Fritid","robots":{"index":"index","follow":"follow","max-snippet":"max-snippet:-1","max-image-preview":"max-image-preview:large","max-video-preview":"max-video-preview:-1"},"canonical":"https:\/\/truusk.store\/sv\/produkt\/truusk-skalbar-3-i-1-soffa-med-sangfunktion-nackkudde-for-vardagsrum-creme\/","og_locale":"sv_SE","og_type":"article","og_title":"TRUUSK Skalbar 3-i-1 Soffa med S\u00e4ngfunktion - Nackkudde - F\u00f6r Vardagsrum - Creme - TRUUSK - Hem, Tr\u00e4dg\u00e5rd &amp; Fritid","og_description":"Problem med begr\u00e4nsat utrymme och spontana g\u00e4ster? Koppla av med [BRAND NAME] sovstol. P\u00e5 ett \u00f6gonblick f\u00f6rvandlas stolen till en...","og_url":"https:\/\/truusk.store\/sv\/produkt\/truusk-skalbar-3-i-1-soffa-med-sangfunktion-nackkudde-for-vardagsrum-creme\/","og_site_name":"TRUUSK - Hem, Tr\u00e4dg\u00e5rd &amp; Fritid","article_modified_time":"2026-03-12T07:52:22+00:00","og_image":[{"width":2000,"height":2000,"url":"https:\/\/i0.wp.com\/truusk.se\/wp-content\/uploads\/2026\/01\/soffa-3-i-1-omvandlingsbar-fatolj-med-baddfunktion-landkudde-for-vardagsrum-creme-1.webp?fit=2000%2C2000&ssl=1","type":"image\/webp"}],"twitter_card":"summary_large_image","twitter_misc":{"Ber\u00e4knad l\u00e4stid":"1 minut"},"schema":{"@context":"https:\/\/schema.org","@graph":[{"@type":"WebPage","@id":"https:\/\/truusk.store\/sv\/produkt\/truusk-skalbar-3-i-1-soffa-med-sangfunktion-nackkudde-for-vardagsrum-creme\/","url":"https:\/\/truusk.store\/sv\/produkt\/truusk-skalbar-3-i-1-soffa-med-sangfunktion-nackkudde-for-vardagsrum-creme\/","name":"TRUUSK Skalbar 3-i-1 Soffa med S\u00e4ngfunktion - Nackkudde - F\u00f6r Vardagsrum - Creme - TRUUSK - Hem, Tr\u00e4dg\u00e5rd &amp; Fritid","isPartOf":{"@id":"https:\/\/truusk.store\/sv\/#website"},"primaryImageOfPage":{"@id":"https:\/\/truusk.store\/sv\/produkt\/truusk-skalbar-3-i-1-soffa-med-sangfunktion-nackkudde-for-vardagsrum-creme\/#primaryimage"},"image":{"@id":"https:\/\/truusk.store\/sv\/produkt\/truusk-skalbar-3-i-1-soffa-med-sangfunktion-nackkudde-for-vardagsrum-creme\/#primaryimage"},"thumbnailUrl":"https:\/\/i0.wp.com\/truusk.store\/wp-content\/uploads\/2026\/01\/soffa-3-i-1-omvandlingsbar-fatolj-med-baddfunktion-landkudde-for-vardagsrum-creme-1.webp?fit=2000%2C2000&ssl=1","datePublished":"2026-01-06T12:52:44+00:00","dateModified":"2026-03-12T07:52:22+00:00","breadcrumb":{"@id":"https:\/\/truusk.store\/sv\/produkt\/truusk-skalbar-3-i-1-soffa-med-sangfunktion-nackkudde-for-vardagsrum-creme\/#breadcrumb"},"inLanguage":"sv-SE","potentialAction":[{"@type":"ReadAction","target":["https:\/\/truusk.store\/sv\/produkt\/truusk-skalbar-3-i-1-soffa-med-sangfunktion-nackkudde-for-vardagsrum-creme\/"]}]},{"@type":"ImageObject","inLanguage":"sv-SE","@id":"https:\/\/truusk.store\/sv\/produkt\/truusk-skalbar-3-i-1-soffa-med-sangfunktion-nackkudde-for-vardagsrum-creme\/#primaryimage","url":"https:\/\/i0.wp.com\/truusk.store\/wp-content\/uploads\/2026\/01\/soffa-3-i-1-omvandlingsbar-fatolj-med-baddfunktion-landkudde-for-vardagsrum-creme-1.webp?fit=2000%2C2000&ssl=1","contentUrl":"https:\/\/i0.wp.com\/truusk.store\/wp-content\/uploads\/2026\/01\/soffa-3-i-1-omvandlingsbar-fatolj-med-baddfunktion-landkudde-for-vardagsrum-creme-1.webp?fit=2000%2C2000&ssl=1","width":2000,"height":2000},{"@type":"BreadcrumbList","@id":"https:\/\/truusk.store\/sv\/produkt\/truusk-skalbar-3-i-1-soffa-med-sangfunktion-nackkudde-for-vardagsrum-creme\/#breadcrumb","itemListElement":[{"@type":"ListItem","position":1,"name":"Home","item":"https:\/\/truusk.store\/sv\/"},{"@type":"ListItem","position":2,"name":"Shop","item":"https:\/\/truusk.store\/shop\/"},{"@type":"ListItem","position":3,"name":"TRUUSK Skalbar 3-i-1 Soffa med S\u00e4ngfunktion &#8211; Nackkudde &#8211; F\u00f6r Vardagsrum &#8211; Creme"}]},{"@type":"WebSite","@id":"https:\/\/truusk.store\/sv\/#website","url":"https:\/\/truusk.store\/sv\/","name":"TRUUSK - Hem, Tr\u00e4dg\u00e5rd & Fritid","description":"","publisher":{"@id":"https:\/\/truusk.store\/sv\/#organization"},"potentialAction":[{"@type":"SearchAction","target":{"@type":"EntryPoint","urlTemplate":"https:\/\/truusk.store\/sv\/?s={search_term_string}"},"query-input":{"@type":"PropertyValueSpecification","valueRequired":true,"valueName":"search_term_string"}}],"inLanguage":"sv-SE"},{"@type":"Organization","@id":"https:\/\/truusk.store\/sv\/#organization","name":"TRUUSK - Hem, Tr\u00e4dg\u00e5rd & Fritid","url":"https:\/\/truusk.store\/sv\/","logo":{"@type":"ImageObject","inLanguage":"sv-SE","@id":"https:\/\/truusk.store\/sv\/#\/schema\/logo\/image\/","url":"https:\/\/i0.wp.com\/truusk.store\/wp-content\/uploads\/2026\/03\/cropped-TRUUSK.png?fit=2032%2C917&ssl=1","contentUrl":"https:\/\/i0.wp.com\/truusk.store\/wp-content\/uploads\/2026\/03\/cropped-TRUUSK.png?fit=2032%2C917&ssl=1","width":2032,"height":917,"caption":"TRUUSK - Hem, Tr\u00e4dg\u00e5rd & Fritid"},"image":{"@id":"https:\/\/truusk.store\/sv\/#\/schema\/logo\/image\/"}}]}},"jetpack_sharing_enabled":true,"_links":{"self":[{"href":"https:\/\/truusk.store\/sv\/wp-json\/wp\/v2\/product\/99085","targetHints":{"allow":["GET"]}}],"collection":[{"href":"https:\/\/truusk.store\/sv\/wp-json\/wp\/v2\/product"}],"about":[{"href":"https:\/\/truusk.store\/sv\/wp-json\/wp\/v2\/types\/product"}],"wp:featuredmedia":[{"embeddable":true,"href":"https:\/\/truusk.store\/sv\/wp-json\/wp\/v2\/media\/99076"}],"wp:attachment":[{"href":"https:\/\/truusk.store\/sv\/wp-json\/wp\/v2\/media?parent=99085"}],"wp:term":[{"taxonomy":"product_brand","embeddable":true,"href":"https:\/\/truusk.store\/sv\/wp-json\/wp\/v2\/product_brand?post=99085"},{"taxonomy":"product_cat","embeddable":true,"href":"https:\/\/truusk.store\/sv\/wp-json\/wp\/v2\/product_cat?post=99085"},{"taxonomy":"product_tag","embeddable":true,"href":"https:\/\/truusk.store\/sv\/wp-json\/wp\/v2\/product_tag?post=99085"}],"curies":[{"name":"wp","href":"https:\/\/api.w.org\/{rel}","templated":true}]}}