{"id":99096,"date":"2026-01-06T13:53:43","date_gmt":"2026-01-06T12:53:43","guid":{"rendered":"https:\/\/truusk.store\/product\/underskap-for-handfat-2-hyllor-3-lador-mdf-struktur-vit\/"},"modified":"2026-03-12T08:52:23","modified_gmt":"2026-03-12T07:52:23","slug":"truusk-underskap-for-handfat-2-hyllor-3-lador-mdf-struktur-vit","status":"publish","type":"product","link":"https:\/\/truusk.store\/sv\/produkt\/truusk-underskap-for-handfat-2-hyllor-3-lador-mdf-struktur-vit\/","title":{"rendered":"TRUUSK Undersk\u00e5p F\u00f6r Handfat &#8211; 2 Hyllor &#8211; 3 L\u00e5dor &#8211; MDF-struktur &#8211; Vit"},"content":{"rendered":"<p>F\u00f6rb\u00e4ttra ditt badrum med den stilfulla [BRAND NAME] undersk\u00e5pet. Utrustad med en 19 x 22 cm U-formad urtagning passar den perfekt runt ditt frist\u00e5ende handfat. Hyllorna och l\u00e5dorna ger en genomt\u00e4nkt f\u00f6rvaring av badrumsartiklar och reng\u00f6ringsmedel. Soft-Close-d\u00f6rren, det tipps\u00e4kra designen och skyddande fotdynor erbjuder en tyst, stabil och s\u00e4ker anv\u00e4ndning. Designen avrundas med den klassiska vita f\u00e4rgen och platta d\u00f6rrar som utstr\u00e5lar modern elegans.<\/p>\n<p>Beskrivning:<\/p>\n<ul>\n<li> U-formad urtagning av badrumssk\u00e5pet passar till handfat med eller utan pelare<\/li>\n<li> Tv\u00e5 hyllor och tre l\u00e5dor i badrumssk\u00e5pet skapar flera f\u00f6rvaringsfack<\/li>\n<li> D\u00f6rrar med Soft-Close-teknik minskar buller och \u00f6kar s\u00e4kerheten<\/li>\n<li> H\u00f6jd sockel av badrumssk\u00e5pet minskar fukt<\/li>\n<li> Tipp-s\u00e4ker design \u00f6kar s\u00e4kerheten<\/li>\n<li> Fotdynor f\u00f6rhindrar repor<\/li>\n<li> Robust MDF-struktur med skyddande bel\u00e4ggning<\/li>\n<li> Maximal belastning 45 kg, montering kr\u00e4vs<\/li>\n<\/ul>\n<p> Tekniska data:<\/p>\n<ul>\n<li> F\u00e4rg: Vit<\/li>\n<li> Material: MDF<\/li>\n<li> Totala dimensioner: 70L x 30B x 64H cm<\/li>\n<li> &#8221;U&#8221; urtagning dimensioner: 19B x 22T cm<\/li>\n<li> \u00d6verplatta dimensioner: 70B x 30T cm<\/li>\n<li> Hylla inre dimension: 43,6B x 27,8T x 28,8\/25H cm<\/li>\n<li> L\u00e5da inre dimension: 17,1B x 23,7T x 10H cm<\/li>\n<li> Golv till golv h\u00f6jd: 6 cm<\/li>\n<li> Belastningskapacitet: 45 kg (totalt), 10 kg (\u00f6verplatta), 10 kg (hylla), 5 kg (l\u00e5da)<\/li>\n<\/ul>\n<p>Leveransinneh\u00e5ll:<\/p>\n<ul>\n<li> 1 x undersk\u00e5p f\u00f6r badrummet<\/li>\n<li> 1 x bruksanvisning<\/li>\n<\/ul>\n","protected":false},"excerpt":{"rendered":"<p>F\u00f6rb\u00e4ttra ditt badrum med den stilfulla [BRAND NAME] undersk\u00e5pet. Utrustad med en 19 x 22 cm U-formad urtagning passar den&#8230;<\/p>\n","protected":false},"featured_media":99086,"template":"","meta":[],"product_brand":[],"product_cat":[915,535,871],"product_tag":[],"class_list":{"0":"post-99096","1":"product","2":"type-product","3":"status-publish","4":"has-post-thumbnail","6":"product_cat-badrum","7":"product_cat-badrumsskap","8":"product_cat-hus-hem","10":"first","11":"instock","12":"sale","13":"taxable","14":"shipping-taxable","15":"purchasable","16":"product-type-simple"},"yoast_head":"<!-- This site is optimized with the Yoast SEO plugin v25.4 - https:\/\/yoast.com\/wordpress\/plugins\/seo\/ -->\n<title>TRUUSK Undersk\u00e5p F\u00f6r Handfat - 2 Hyllor - 3 L\u00e5dor - MDF-struktur - Vit - TRUUSK - Hem, Tr\u00e4dg\u00e5rd &amp; Fritid<\/title>\n<meta name=\"robots\" content=\"index, follow, max-snippet:-1, max-image-preview:large, max-video-preview:-1\" \/>\n<link rel=\"canonical\" href=\"https:\/\/truusk.store\/sv\/produkt\/truusk-underskap-for-handfat-2-hyllor-3-lador-mdf-struktur-vit\/\" \/>\n<meta property=\"og:locale\" content=\"sv_SE\" \/>\n<meta property=\"og:type\" content=\"article\" \/>\n<meta property=\"og:title\" content=\"TRUUSK Undersk\u00e5p F\u00f6r Handfat - 2 Hyllor - 3 L\u00e5dor - MDF-struktur - Vit - TRUUSK - Hem, Tr\u00e4dg\u00e5rd &amp; Fritid\" \/>\n<meta property=\"og:description\" content=\"F\u00f6rb\u00e4ttra ditt badrum med den stilfulla [BRAND NAME] undersk\u00e5pet. Utrustad med en 19 x 22 cm U-formad urtagning passar den...\" \/>\n<meta property=\"og:url\" content=\"https:\/\/truusk.store\/sv\/produkt\/truusk-underskap-for-handfat-2-hyllor-3-lador-mdf-struktur-vit\/\" \/>\n<meta property=\"og:site_name\" content=\"TRUUSK - Hem, Tr\u00e4dg\u00e5rd &amp; Fritid\" \/>\n<meta property=\"article:modified_time\" content=\"2026-03-12T07:52:23+00:00\" \/>\n<meta property=\"og:image\" content=\"https:\/\/i0.wp.com\/truusk.se\/wp-content\/uploads\/2026\/01\/underskap-for-handfat-2-hyllor-3-lador-mdf-struktur-vit-1.webp?fit=2000%2C2000&ssl=1\" \/>\n\t<meta property=\"og:image:width\" content=\"2000\" \/>\n\t<meta property=\"og:image:height\" content=\"2000\" \/>\n\t<meta property=\"og:image:type\" content=\"image\/webp\" \/>\n<meta name=\"twitter:card\" content=\"summary_large_image\" \/>\n<meta name=\"twitter:label1\" content=\"Ber\u00e4knad l\u00e4stid\" \/>\n\t<meta name=\"twitter:data1\" content=\"1 minut\" \/>\n<!-- \/ Yoast SEO plugin. -->","yoast_head_json":{"title":"TRUUSK Undersk\u00e5p F\u00f6r Handfat - 2 Hyllor - 3 L\u00e5dor - MDF-struktur - Vit - TRUUSK - Hem, Tr\u00e4dg\u00e5rd &amp; Fritid","robots":{"index":"index","follow":"follow","max-snippet":"max-snippet:-1","max-image-preview":"max-image-preview:large","max-video-preview":"max-video-preview:-1"},"canonical":"https:\/\/truusk.store\/sv\/produkt\/truusk-underskap-for-handfat-2-hyllor-3-lador-mdf-struktur-vit\/","og_locale":"sv_SE","og_type":"article","og_title":"TRUUSK Undersk\u00e5p F\u00f6r Handfat - 2 Hyllor - 3 L\u00e5dor - MDF-struktur - Vit - TRUUSK - Hem, Tr\u00e4dg\u00e5rd &amp; Fritid","og_description":"F\u00f6rb\u00e4ttra ditt badrum med den stilfulla [BRAND NAME] undersk\u00e5pet. Utrustad med en 19 x 22 cm U-formad urtagning passar den...","og_url":"https:\/\/truusk.store\/sv\/produkt\/truusk-underskap-for-handfat-2-hyllor-3-lador-mdf-struktur-vit\/","og_site_name":"TRUUSK - Hem, Tr\u00e4dg\u00e5rd &amp; Fritid","article_modified_time":"2026-03-12T07:52:23+00:00","og_image":[{"width":2000,"height":2000,"url":"https:\/\/i0.wp.com\/truusk.se\/wp-content\/uploads\/2026\/01\/underskap-for-handfat-2-hyllor-3-lador-mdf-struktur-vit-1.webp?fit=2000%2C2000&ssl=1","type":"image\/webp"}],"twitter_card":"summary_large_image","twitter_misc":{"Ber\u00e4knad l\u00e4stid":"1 minut"},"schema":{"@context":"https:\/\/schema.org","@graph":[{"@type":"WebPage","@id":"https:\/\/truusk.store\/sv\/produkt\/truusk-underskap-for-handfat-2-hyllor-3-lador-mdf-struktur-vit\/","url":"https:\/\/truusk.store\/sv\/produkt\/truusk-underskap-for-handfat-2-hyllor-3-lador-mdf-struktur-vit\/","name":"TRUUSK Undersk\u00e5p F\u00f6r Handfat - 2 Hyllor - 3 L\u00e5dor - MDF-struktur - Vit - TRUUSK - Hem, Tr\u00e4dg\u00e5rd &amp; Fritid","isPartOf":{"@id":"https:\/\/truusk.store\/sv\/#website"},"primaryImageOfPage":{"@id":"https:\/\/truusk.store\/sv\/produkt\/truusk-underskap-for-handfat-2-hyllor-3-lador-mdf-struktur-vit\/#primaryimage"},"image":{"@id":"https:\/\/truusk.store\/sv\/produkt\/truusk-underskap-for-handfat-2-hyllor-3-lador-mdf-struktur-vit\/#primaryimage"},"thumbnailUrl":"https:\/\/i0.wp.com\/truusk.store\/wp-content\/uploads\/2026\/01\/underskap-for-handfat-2-hyllor-3-lador-mdf-struktur-vit-1.webp?fit=2000%2C2000&ssl=1","datePublished":"2026-01-06T12:53:43+00:00","dateModified":"2026-03-12T07:52:23+00:00","breadcrumb":{"@id":"https:\/\/truusk.store\/sv\/produkt\/truusk-underskap-for-handfat-2-hyllor-3-lador-mdf-struktur-vit\/#breadcrumb"},"inLanguage":"sv-SE","potentialAction":[{"@type":"ReadAction","target":["https:\/\/truusk.store\/sv\/produkt\/truusk-underskap-for-handfat-2-hyllor-3-lador-mdf-struktur-vit\/"]}]},{"@type":"ImageObject","inLanguage":"sv-SE","@id":"https:\/\/truusk.store\/sv\/produkt\/truusk-underskap-for-handfat-2-hyllor-3-lador-mdf-struktur-vit\/#primaryimage","url":"https:\/\/i0.wp.com\/truusk.store\/wp-content\/uploads\/2026\/01\/underskap-for-handfat-2-hyllor-3-lador-mdf-struktur-vit-1.webp?fit=2000%2C2000&ssl=1","contentUrl":"https:\/\/i0.wp.com\/truusk.store\/wp-content\/uploads\/2026\/01\/underskap-for-handfat-2-hyllor-3-lador-mdf-struktur-vit-1.webp?fit=2000%2C2000&ssl=1","width":2000,"height":2000},{"@type":"BreadcrumbList","@id":"https:\/\/truusk.store\/sv\/produkt\/truusk-underskap-for-handfat-2-hyllor-3-lador-mdf-struktur-vit\/#breadcrumb","itemListElement":[{"@type":"ListItem","position":1,"name":"Home","item":"https:\/\/truusk.store\/sv\/"},{"@type":"ListItem","position":2,"name":"Shop","item":"https:\/\/truusk.store\/shop\/"},{"@type":"ListItem","position":3,"name":"TRUUSK Undersk\u00e5p F\u00f6r Handfat &#8211; 2 Hyllor &#8211; 3 L\u00e5dor &#8211; MDF-struktur &#8211; Vit"}]},{"@type":"WebSite","@id":"https:\/\/truusk.store\/sv\/#website","url":"https:\/\/truusk.store\/sv\/","name":"TRUUSK - Hem, Tr\u00e4dg\u00e5rd & Fritid","description":"","publisher":{"@id":"https:\/\/truusk.store\/sv\/#organization"},"potentialAction":[{"@type":"SearchAction","target":{"@type":"EntryPoint","urlTemplate":"https:\/\/truusk.store\/sv\/?s={search_term_string}"},"query-input":{"@type":"PropertyValueSpecification","valueRequired":true,"valueName":"search_term_string"}}],"inLanguage":"sv-SE"},{"@type":"Organization","@id":"https:\/\/truusk.store\/sv\/#organization","name":"TRUUSK - Hem, Tr\u00e4dg\u00e5rd & Fritid","url":"https:\/\/truusk.store\/sv\/","logo":{"@type":"ImageObject","inLanguage":"sv-SE","@id":"https:\/\/truusk.store\/sv\/#\/schema\/logo\/image\/","url":"https:\/\/i0.wp.com\/truusk.store\/wp-content\/uploads\/2026\/03\/cropped-TRUUSK.png?fit=2032%2C917&ssl=1","contentUrl":"https:\/\/i0.wp.com\/truusk.store\/wp-content\/uploads\/2026\/03\/cropped-TRUUSK.png?fit=2032%2C917&ssl=1","width":2032,"height":917,"caption":"TRUUSK - Hem, Tr\u00e4dg\u00e5rd & Fritid"},"image":{"@id":"https:\/\/truusk.store\/sv\/#\/schema\/logo\/image\/"}}]}},"jetpack_sharing_enabled":true,"_links":{"self":[{"href":"https:\/\/truusk.store\/sv\/wp-json\/wp\/v2\/product\/99096","targetHints":{"allow":["GET"]}}],"collection":[{"href":"https:\/\/truusk.store\/sv\/wp-json\/wp\/v2\/product"}],"about":[{"href":"https:\/\/truusk.store\/sv\/wp-json\/wp\/v2\/types\/product"}],"wp:featuredmedia":[{"embeddable":true,"href":"https:\/\/truusk.store\/sv\/wp-json\/wp\/v2\/media\/99086"}],"wp:attachment":[{"href":"https:\/\/truusk.store\/sv\/wp-json\/wp\/v2\/media?parent=99096"}],"wp:term":[{"taxonomy":"product_brand","embeddable":true,"href":"https:\/\/truusk.store\/sv\/wp-json\/wp\/v2\/product_brand?post=99096"},{"taxonomy":"product_cat","embeddable":true,"href":"https:\/\/truusk.store\/sv\/wp-json\/wp\/v2\/product_cat?post=99096"},{"taxonomy":"product_tag","embeddable":true,"href":"https:\/\/truusk.store\/sv\/wp-json\/wp\/v2\/product_tag?post=99096"}],"curies":[{"name":"wp","href":"https:\/\/api.w.org\/{rel}","templated":true}]}}