{"id":99105,"date":"2026-01-06T13:54:36","date_gmt":"2026-01-06T12:54:36","guid":{"rendered":"https:\/\/truusk.store\/product\/pop-up-vaxthus-ca-200x300x270-cm-vikbart-folievaxthus-med-sadeltak-dragkedjedorrar-och-fonster\/"},"modified":"2026-03-12T08:52:27","modified_gmt":"2026-03-12T07:52:27","slug":"truusk-pop-up-vaxthus-ca-200x300x270-cm-vikbart-folievaxthus-sadeltak-dragkedjedorrar-fonster","status":"publish","type":"product","link":"https:\/\/truusk.store\/sv\/produkt\/truusk-pop-up-vaxthus-ca-200x300x270-cm-vikbart-folievaxthus-sadeltak-dragkedjedorrar-fonster\/","title":{"rendered":"TRUUSK Pop Up V\u00e4xthus &#8211; Ca. 200x300x270 cm &#8211; Vikbart Foliev\u00e4xthus &#8211; Sadeltak &#8211; Dragkedjed\u00f6rrar &#8211; F\u00f6nster"},"content":{"rendered":"<p>K\u00e4nner du att din passion f\u00f6r tr\u00e4dg\u00e5rdsarbete begr\u00e4nsas av \u00e5rstiderna? Att s\u00e4tta upp ett pop-up v\u00e4xthus kan vara besv\u00e4rligt, men v\u00e5rt f\u00f6rst\u00e4rkta f\u00e4llbara stativ g\u00f6r det till en barnlek. Detta f\u00e4llbara [BRAND NAME] v\u00e4xthus har tv\u00e5 h\u00f6ga rullande d\u00f6rrar f\u00f6r bekv\u00e4m tillg\u00e5ng och n\u00e4t f\u00f6nster f\u00f6r optimal ventilation. Skapa din egen blomstrande tr\u00e4dg\u00e5rdsutrymme och njut av lugna stunder mitt i frodig natur.<\/p>\n<p>Beskrivning:<\/p>\n<ul>\n<li> Pop-up-designen p\u00e5 folietunneln g\u00f6r det enkelt att s\u00e4tta upp och f\u00e4lla ihop<\/li>\n<li> Det spetsiga taket p\u00e5 folietunneln f\u00f6rhindrar ansamling av regn och sn\u00f6<\/li>\n<li> 140 g\/m\u00b2 PE-\u00f6verdraget med UV-skydd skyddar v\u00e4xterna mot solskador<\/li>\n<li> Den f\u00f6rl\u00e4ngda \u00f6verdraget f\u00f6rb\u00e4ttrar stabilitet, isolering och t\u00e4tning<\/li>\n<li> Tv\u00e5 d\u00f6rrar med dragkedja och rullfunktion ger bekv\u00e4m och obehindrad tillg\u00e5ng<\/li>\n<li> Upprullningsbara f\u00f6nster ger utm\u00e4rkt korsventilation<\/li>\n<li> \u00c5tta markpinnar och fyra rep \u00f6kar stabiliteten<\/li>\n<li> Montering kr\u00e4vs<\/li>\n<\/ul>\n<p> Tekniska data:<\/p>\n<ul>\n<li>F\u00e4rg: Gr\u00f6n+Vit<\/li>\n<li>Material: Metall, PE<\/li>\n<li>Totala dimensioner: 295B x 200D x 270H cm<\/li>\n<li>Storlek p\u00e5 sidof\u00f6nster: 60B x 60H cm<\/li>\n<li>D\u00f6rrstorlek: 118B x 185H cm<\/li>\n<li>Vindt\u00e4t: Niv\u00e5 3-4 (Vindhastighet under 28 km\/h)<\/li>\n<\/ul>\n<p>Inneh\u00e5ll:<\/p>\n<ul>\n<li> 1 x V\u00e4xthus<\/li>\n<li> 4 x F\u00f6rankringslina<\/li>\n<li> 8 x Markankare<\/li>\n<li> 1 x Bruksanvisning<\/li>\n<\/ul>\n","protected":false},"excerpt":{"rendered":"<p>K\u00e4nner du att din passion f\u00f6r tr\u00e4dg\u00e5rdsarbete begr\u00e4nsas av \u00e5rstiderna? Att s\u00e4tta upp ett pop-up v\u00e4xthus kan vara besv\u00e4rligt, men&#8230;<\/p>\n","protected":false},"featured_media":99095,"template":"","meta":[],"product_brand":[],"product_cat":[1024,858,443],"product_tag":[],"class_list":{"0":"post-99105","1":"product","2":"type-product","3":"status-publish","4":"has-post-thumbnail","6":"product_cat-plastfilm-vaxthus-vaxthus-tradgardsskotsel","7":"product_cat-tradgard-terrass","8":"product_cat-vaxthus-tradgardsskotsel","10":"first","11":"instock","12":"sale","13":"taxable","14":"shipping-taxable","15":"purchasable","16":"product-type-simple"},"yoast_head":"<!-- This site is optimized with the Yoast SEO plugin v25.4 - https:\/\/yoast.com\/wordpress\/plugins\/seo\/ -->\n<title>TRUUSK Pop Up V\u00e4xthus - Ca. 200x300x270 cm - Vikbart Foliev\u00e4xthus - Sadeltak - Dragkedjed\u00f6rrar - F\u00f6nster - TRUUSK - Hem, Tr\u00e4dg\u00e5rd &amp; Fritid<\/title>\n<meta name=\"robots\" content=\"index, follow, max-snippet:-1, max-image-preview:large, max-video-preview:-1\" \/>\n<link rel=\"canonical\" href=\"https:\/\/truusk.store\/sv\/produkt\/truusk-pop-up-vaxthus-ca-200x300x270-cm-vikbart-folievaxthus-sadeltak-dragkedjedorrar-fonster\/\" \/>\n<meta property=\"og:locale\" content=\"sv_SE\" \/>\n<meta property=\"og:type\" content=\"article\" \/>\n<meta property=\"og:title\" content=\"TRUUSK Pop Up V\u00e4xthus - Ca. 200x300x270 cm - Vikbart Foliev\u00e4xthus - Sadeltak - Dragkedjed\u00f6rrar - F\u00f6nster - TRUUSK - Hem, Tr\u00e4dg\u00e5rd &amp; Fritid\" \/>\n<meta property=\"og:description\" content=\"K\u00e4nner du att din passion f\u00f6r tr\u00e4dg\u00e5rdsarbete begr\u00e4nsas av \u00e5rstiderna? Att s\u00e4tta upp ett pop-up v\u00e4xthus kan vara besv\u00e4rligt, men...\" \/>\n<meta property=\"og:url\" content=\"https:\/\/truusk.store\/sv\/produkt\/truusk-pop-up-vaxthus-ca-200x300x270-cm-vikbart-folievaxthus-sadeltak-dragkedjedorrar-fonster\/\" \/>\n<meta property=\"og:site_name\" content=\"TRUUSK - Hem, Tr\u00e4dg\u00e5rd &amp; Fritid\" \/>\n<meta property=\"article:modified_time\" content=\"2026-03-12T07:52:27+00:00\" \/>\n<meta property=\"og:image\" content=\"https:\/\/i0.wp.com\/truusk.se\/wp-content\/uploads\/2026\/01\/pop-up-vaxthus-ca-200x300x270-cm-vikbart-folievaxthus-med-sadeltak-dragkedjedorrar-och-fonster-1.webp?fit=2000%2C2000&ssl=1\" \/>\n\t<meta property=\"og:image:width\" content=\"2000\" \/>\n\t<meta property=\"og:image:height\" content=\"2000\" \/>\n\t<meta property=\"og:image:type\" content=\"image\/webp\" \/>\n<meta name=\"twitter:card\" content=\"summary_large_image\" \/>\n<meta name=\"twitter:label1\" content=\"Ber\u00e4knad l\u00e4stid\" \/>\n\t<meta name=\"twitter:data1\" content=\"1 minut\" \/>\n<!-- \/ Yoast SEO plugin. -->","yoast_head_json":{"title":"TRUUSK Pop Up V\u00e4xthus - Ca. 200x300x270 cm - Vikbart Foliev\u00e4xthus - Sadeltak - Dragkedjed\u00f6rrar - F\u00f6nster - TRUUSK - Hem, Tr\u00e4dg\u00e5rd &amp; Fritid","robots":{"index":"index","follow":"follow","max-snippet":"max-snippet:-1","max-image-preview":"max-image-preview:large","max-video-preview":"max-video-preview:-1"},"canonical":"https:\/\/truusk.store\/sv\/produkt\/truusk-pop-up-vaxthus-ca-200x300x270-cm-vikbart-folievaxthus-sadeltak-dragkedjedorrar-fonster\/","og_locale":"sv_SE","og_type":"article","og_title":"TRUUSK Pop Up V\u00e4xthus - Ca. 200x300x270 cm - Vikbart Foliev\u00e4xthus - Sadeltak - Dragkedjed\u00f6rrar - F\u00f6nster - TRUUSK - Hem, Tr\u00e4dg\u00e5rd &amp; Fritid","og_description":"K\u00e4nner du att din passion f\u00f6r tr\u00e4dg\u00e5rdsarbete begr\u00e4nsas av \u00e5rstiderna? Att s\u00e4tta upp ett pop-up v\u00e4xthus kan vara besv\u00e4rligt, men...","og_url":"https:\/\/truusk.store\/sv\/produkt\/truusk-pop-up-vaxthus-ca-200x300x270-cm-vikbart-folievaxthus-sadeltak-dragkedjedorrar-fonster\/","og_site_name":"TRUUSK - Hem, Tr\u00e4dg\u00e5rd &amp; Fritid","article_modified_time":"2026-03-12T07:52:27+00:00","og_image":[{"width":2000,"height":2000,"url":"https:\/\/i0.wp.com\/truusk.se\/wp-content\/uploads\/2026\/01\/pop-up-vaxthus-ca-200x300x270-cm-vikbart-folievaxthus-med-sadeltak-dragkedjedorrar-och-fonster-1.webp?fit=2000%2C2000&ssl=1","type":"image\/webp"}],"twitter_card":"summary_large_image","twitter_misc":{"Ber\u00e4knad l\u00e4stid":"1 minut"},"schema":{"@context":"https:\/\/schema.org","@graph":[{"@type":"WebPage","@id":"https:\/\/truusk.store\/sv\/produkt\/truusk-pop-up-vaxthus-ca-200x300x270-cm-vikbart-folievaxthus-sadeltak-dragkedjedorrar-fonster\/","url":"https:\/\/truusk.store\/sv\/produkt\/truusk-pop-up-vaxthus-ca-200x300x270-cm-vikbart-folievaxthus-sadeltak-dragkedjedorrar-fonster\/","name":"TRUUSK Pop Up V\u00e4xthus - Ca. 200x300x270 cm - Vikbart Foliev\u00e4xthus - Sadeltak - Dragkedjed\u00f6rrar - F\u00f6nster - TRUUSK - Hem, Tr\u00e4dg\u00e5rd &amp; Fritid","isPartOf":{"@id":"https:\/\/truusk.store\/sv\/#website"},"primaryImageOfPage":{"@id":"https:\/\/truusk.store\/sv\/produkt\/truusk-pop-up-vaxthus-ca-200x300x270-cm-vikbart-folievaxthus-sadeltak-dragkedjedorrar-fonster\/#primaryimage"},"image":{"@id":"https:\/\/truusk.store\/sv\/produkt\/truusk-pop-up-vaxthus-ca-200x300x270-cm-vikbart-folievaxthus-sadeltak-dragkedjedorrar-fonster\/#primaryimage"},"thumbnailUrl":"https:\/\/i0.wp.com\/truusk.store\/wp-content\/uploads\/2026\/01\/pop-up-vaxthus-ca-200x300x270-cm-vikbart-folievaxthus-med-sadeltak-dragkedjedorrar-och-fonster-1.webp?fit=2000%2C2000&ssl=1","datePublished":"2026-01-06T12:54:36+00:00","dateModified":"2026-03-12T07:52:27+00:00","breadcrumb":{"@id":"https:\/\/truusk.store\/sv\/produkt\/truusk-pop-up-vaxthus-ca-200x300x270-cm-vikbart-folievaxthus-sadeltak-dragkedjedorrar-fonster\/#breadcrumb"},"inLanguage":"sv-SE","potentialAction":[{"@type":"ReadAction","target":["https:\/\/truusk.store\/sv\/produkt\/truusk-pop-up-vaxthus-ca-200x300x270-cm-vikbart-folievaxthus-sadeltak-dragkedjedorrar-fonster\/"]}]},{"@type":"ImageObject","inLanguage":"sv-SE","@id":"https:\/\/truusk.store\/sv\/produkt\/truusk-pop-up-vaxthus-ca-200x300x270-cm-vikbart-folievaxthus-sadeltak-dragkedjedorrar-fonster\/#primaryimage","url":"https:\/\/i0.wp.com\/truusk.store\/wp-content\/uploads\/2026\/01\/pop-up-vaxthus-ca-200x300x270-cm-vikbart-folievaxthus-med-sadeltak-dragkedjedorrar-och-fonster-1.webp?fit=2000%2C2000&ssl=1","contentUrl":"https:\/\/i0.wp.com\/truusk.store\/wp-content\/uploads\/2026\/01\/pop-up-vaxthus-ca-200x300x270-cm-vikbart-folievaxthus-med-sadeltak-dragkedjedorrar-och-fonster-1.webp?fit=2000%2C2000&ssl=1","width":2000,"height":2000},{"@type":"BreadcrumbList","@id":"https:\/\/truusk.store\/sv\/produkt\/truusk-pop-up-vaxthus-ca-200x300x270-cm-vikbart-folievaxthus-sadeltak-dragkedjedorrar-fonster\/#breadcrumb","itemListElement":[{"@type":"ListItem","position":1,"name":"Home","item":"https:\/\/truusk.store\/sv\/"},{"@type":"ListItem","position":2,"name":"Shop","item":"https:\/\/truusk.store\/shop\/"},{"@type":"ListItem","position":3,"name":"TRUUSK Pop Up V\u00e4xthus &#8211; Ca. 200x300x270 cm &#8211; Vikbart Foliev\u00e4xthus &#8211; Sadeltak &#8211; Dragkedjed\u00f6rrar &#8211; F\u00f6nster"}]},{"@type":"WebSite","@id":"https:\/\/truusk.store\/sv\/#website","url":"https:\/\/truusk.store\/sv\/","name":"TRUUSK - Hem, Tr\u00e4dg\u00e5rd & Fritid","description":"","publisher":{"@id":"https:\/\/truusk.store\/sv\/#organization"},"potentialAction":[{"@type":"SearchAction","target":{"@type":"EntryPoint","urlTemplate":"https:\/\/truusk.store\/sv\/?s={search_term_string}"},"query-input":{"@type":"PropertyValueSpecification","valueRequired":true,"valueName":"search_term_string"}}],"inLanguage":"sv-SE"},{"@type":"Organization","@id":"https:\/\/truusk.store\/sv\/#organization","name":"TRUUSK - Hem, Tr\u00e4dg\u00e5rd & Fritid","url":"https:\/\/truusk.store\/sv\/","logo":{"@type":"ImageObject","inLanguage":"sv-SE","@id":"https:\/\/truusk.store\/sv\/#\/schema\/logo\/image\/","url":"https:\/\/i0.wp.com\/truusk.store\/wp-content\/uploads\/2026\/03\/cropped-TRUUSK.png?fit=2032%2C917&ssl=1","contentUrl":"https:\/\/i0.wp.com\/truusk.store\/wp-content\/uploads\/2026\/03\/cropped-TRUUSK.png?fit=2032%2C917&ssl=1","width":2032,"height":917,"caption":"TRUUSK - Hem, Tr\u00e4dg\u00e5rd & Fritid"},"image":{"@id":"https:\/\/truusk.store\/sv\/#\/schema\/logo\/image\/"}}]}},"jetpack_sharing_enabled":true,"_links":{"self":[{"href":"https:\/\/truusk.store\/sv\/wp-json\/wp\/v2\/product\/99105","targetHints":{"allow":["GET"]}}],"collection":[{"href":"https:\/\/truusk.store\/sv\/wp-json\/wp\/v2\/product"}],"about":[{"href":"https:\/\/truusk.store\/sv\/wp-json\/wp\/v2\/types\/product"}],"wp:featuredmedia":[{"embeddable":true,"href":"https:\/\/truusk.store\/sv\/wp-json\/wp\/v2\/media\/99095"}],"wp:attachment":[{"href":"https:\/\/truusk.store\/sv\/wp-json\/wp\/v2\/media?parent=99105"}],"wp:term":[{"taxonomy":"product_brand","embeddable":true,"href":"https:\/\/truusk.store\/sv\/wp-json\/wp\/v2\/product_brand?post=99105"},{"taxonomy":"product_cat","embeddable":true,"href":"https:\/\/truusk.store\/sv\/wp-json\/wp\/v2\/product_cat?post=99105"},{"taxonomy":"product_tag","embeddable":true,"href":"https:\/\/truusk.store\/sv\/wp-json\/wp\/v2\/product_tag?post=99105"}],"curies":[{"name":"wp","href":"https:\/\/api.w.org\/{rel}","templated":true}]}}