{"id":99115,"date":"2026-01-06T13:55:47","date_gmt":"2026-01-06T12:55:47","guid":{"rendered":"https:\/\/truusk.store\/product\/barbar-tradgardsskjul-cykeltalt-rullande-dorr-med-dragkedja-metallram-mangsidig-forvaring-plastoverdrag-morkgra\/"},"modified":"2026-03-12T08:52:28","modified_gmt":"2026-03-12T07:52:28","slug":"truusk-barbar-tradgardsskjul-cykeltalt-rullande-dorr-med-dragkedja-metallram-mangsidig-forvaring-plastoverdrag-morkgra","status":"publish","type":"product","link":"https:\/\/truusk.store\/sv\/produkt\/truusk-barbar-tradgardsskjul-cykeltalt-rullande-dorr-med-dragkedja-metallram-mangsidig-forvaring-plastoverdrag-morkgra\/","title":{"rendered":"TRUUSK B\u00e4rbar Tr\u00e4dg\u00e5rdsskjul &#8211; Cykelt\u00e4lt &#8211; Rullande D\u00f6rr Med Dragkedja &#8211; Metallram &#8211; M\u00e5ngsidig F\u00f6rvaring &#8211; Plast\u00f6verdrag &#8211; M\u00f6rkgr\u00e5"},"content":{"rendered":"<p>Den [BRAND NAME] enhetsskjulen, b\u00e4rbar och m\u00e5ngsidig, tj\u00e4nar inte bara som ett cykelskydd, utan ocks\u00e5 f\u00f6r lagring av tr\u00e4dg\u00e5rdsverktyg, ved och utomhusutrustning. Tack vare den s\u00f6ml\u00f6sa, vattent\u00e4ta h\u00f6ljet och det stabila, galvaniserade metallramen f\u00f6r cykelgaraget, f\u00f6rblir dina saker alltid torra och skyddade mot v\u00e4der. Idealisk f\u00f6r \u00e5ret runt, tillf\u00f6rlitlig s\u00e4kerhet f\u00f6r dina tr\u00e4dg\u00e5rdsredskap eller f\u00f6r f\u00f6rberedelse inf\u00f6r vintern.<\/p>\n<p>Beskrivning:<\/p>\n<ul>\n<li> Den f\u00f6rb\u00e4ttrade 200-g\/m\u00b2 t\u00e4ckningen av cykelgaraget erbjuder \u00f6kat vattent\u00e4tt skydd<\/li>\n<li> Dess enhetliga, s\u00f6ml\u00f6sa design s\u00e4kerst\u00e4ller att inga l\u00e4ckor uppst\u00e5r och att din cykel f\u00f6rblir torr<\/li>\n<li> Den galvaniserade metallramen f\u00f6r t\u00e4ltgaraget ger exceptionell stabilitet i stark vind<\/li>\n<li> En bred, upprullbar dragkedjad\u00f6rr till lagert\u00e4ltet m\u00f6jligg\u00f6r snabb och enkel \u00e5tkomst<\/li>\n<li> M\u00e5ngsidigt anv\u00e4ndbar f\u00f6r lagring av cyklar, tr\u00e4dg\u00e5rdsverktyg eller utomhusutrustning<\/li>\n<li> Montering kr\u00e4vs<\/li>\n<\/ul>\n<p> Tekniska data:<\/p>\n<ul>\n<li> F\u00e4rg: M\u00f6rkgr\u00e5<\/li>\n<li> Material: Plast, Metall<\/li>\n<li> Totala dimensioner: 245B x 120T x 200H cm<\/li>\n<li> Inre dimensioner: 240B x 115T x 198H cm<\/li>\n<li> Basdimensioner: 245L x 120B cm<\/li>\n<li> D\u00f6rrdimensioner: 157B x 160H cm<\/li>\n<li> Kantbredd vid botten: 15 cm<\/li>\n<\/ul>\n<p>Leveransinneh\u00e5ll:<\/p>\n<ul>\n<li> 1 x F\u00f6rvaringst\u00e4lt<\/li>\n<li> 1 x Bruksanvisning<\/li>\n<\/ul>\n","protected":false},"excerpt":{"rendered":"<p>Den [BRAND NAME] enhetsskjulen, b\u00e4rbar och m\u00e5ngsidig, tj\u00e4nar inte bara som ett cykelskydd, utan ocks\u00e5 f\u00f6r lagring av tr\u00e4dg\u00e5rdsverktyg, ved&#8230;<\/p>\n","protected":false},"featured_media":99106,"template":"","meta":[],"product_brand":[],"product_cat":[1030,867,1103],"product_tag":[],"class_list":{"0":"post-99115","1":"product","2":"type-product","3":"status-publish","4":"has-post-thumbnail","6":"product_cat-bilaccessoarer","7":"product_cat-byggmarknad","8":"product_cat-taltgarage","10":"first","11":"instock","12":"sale","13":"taxable","14":"shipping-taxable","15":"purchasable","16":"product-type-simple"},"yoast_head":"<!-- This site is optimized with the Yoast SEO plugin v25.4 - https:\/\/yoast.com\/wordpress\/plugins\/seo\/ -->\n<title>TRUUSK B\u00e4rbar Tr\u00e4dg\u00e5rdsskjul - Cykelt\u00e4lt - Rullande D\u00f6rr Med Dragkedja - Metallram - M\u00e5ngsidig F\u00f6rvaring - Plast\u00f6verdrag - M\u00f6rkgr\u00e5 - TRUUSK - Hem, Tr\u00e4dg\u00e5rd &amp; Fritid<\/title>\n<meta name=\"robots\" content=\"index, follow, max-snippet:-1, max-image-preview:large, max-video-preview:-1\" \/>\n<link rel=\"canonical\" href=\"https:\/\/truusk.store\/sv\/produkt\/truusk-barbar-tradgardsskjul-cykeltalt-rullande-dorr-med-dragkedja-metallram-mangsidig-forvaring-plastoverdrag-morkgra\/\" \/>\n<meta property=\"og:locale\" content=\"sv_SE\" \/>\n<meta property=\"og:type\" content=\"article\" \/>\n<meta property=\"og:title\" content=\"TRUUSK B\u00e4rbar Tr\u00e4dg\u00e5rdsskjul - Cykelt\u00e4lt - Rullande D\u00f6rr Med Dragkedja - Metallram - M\u00e5ngsidig F\u00f6rvaring - Plast\u00f6verdrag - M\u00f6rkgr\u00e5 - TRUUSK - Hem, Tr\u00e4dg\u00e5rd &amp; Fritid\" \/>\n<meta property=\"og:description\" content=\"Den [BRAND NAME] enhetsskjulen, b\u00e4rbar och m\u00e5ngsidig, tj\u00e4nar inte bara som ett cykelskydd, utan ocks\u00e5 f\u00f6r lagring av tr\u00e4dg\u00e5rdsverktyg, ved...\" \/>\n<meta property=\"og:url\" content=\"https:\/\/truusk.store\/sv\/produkt\/truusk-barbar-tradgardsskjul-cykeltalt-rullande-dorr-med-dragkedja-metallram-mangsidig-forvaring-plastoverdrag-morkgra\/\" \/>\n<meta property=\"og:site_name\" content=\"TRUUSK - Hem, Tr\u00e4dg\u00e5rd &amp; Fritid\" \/>\n<meta property=\"article:modified_time\" content=\"2026-03-12T07:52:28+00:00\" \/>\n<meta property=\"og:image\" content=\"https:\/\/i0.wp.com\/truusk.se\/wp-content\/uploads\/2026\/01\/barbar-tradgardsskjul-cykeltalt-rullande-dorr-med-dragkedja-metallram-mangsidig-forvaring-plastoverdrag-morkgra-1.webp?fit=2000%2C2000&ssl=1\" \/>\n\t<meta property=\"og:image:width\" content=\"2000\" \/>\n\t<meta property=\"og:image:height\" content=\"2000\" \/>\n\t<meta property=\"og:image:type\" content=\"image\/webp\" \/>\n<meta name=\"twitter:card\" content=\"summary_large_image\" \/>\n<meta name=\"twitter:label1\" content=\"Ber\u00e4knad l\u00e4stid\" \/>\n\t<meta name=\"twitter:data1\" content=\"1 minut\" \/>\n<!-- \/ Yoast SEO plugin. -->","yoast_head_json":{"title":"TRUUSK B\u00e4rbar Tr\u00e4dg\u00e5rdsskjul - Cykelt\u00e4lt - Rullande D\u00f6rr Med Dragkedja - Metallram - M\u00e5ngsidig F\u00f6rvaring - Plast\u00f6verdrag - M\u00f6rkgr\u00e5 - TRUUSK - Hem, Tr\u00e4dg\u00e5rd &amp; Fritid","robots":{"index":"index","follow":"follow","max-snippet":"max-snippet:-1","max-image-preview":"max-image-preview:large","max-video-preview":"max-video-preview:-1"},"canonical":"https:\/\/truusk.store\/sv\/produkt\/truusk-barbar-tradgardsskjul-cykeltalt-rullande-dorr-med-dragkedja-metallram-mangsidig-forvaring-plastoverdrag-morkgra\/","og_locale":"sv_SE","og_type":"article","og_title":"TRUUSK B\u00e4rbar Tr\u00e4dg\u00e5rdsskjul - Cykelt\u00e4lt - Rullande D\u00f6rr Med Dragkedja - Metallram - M\u00e5ngsidig F\u00f6rvaring - Plast\u00f6verdrag - M\u00f6rkgr\u00e5 - TRUUSK - Hem, Tr\u00e4dg\u00e5rd &amp; Fritid","og_description":"Den [BRAND NAME] enhetsskjulen, b\u00e4rbar och m\u00e5ngsidig, tj\u00e4nar inte bara som ett cykelskydd, utan ocks\u00e5 f\u00f6r lagring av tr\u00e4dg\u00e5rdsverktyg, ved...","og_url":"https:\/\/truusk.store\/sv\/produkt\/truusk-barbar-tradgardsskjul-cykeltalt-rullande-dorr-med-dragkedja-metallram-mangsidig-forvaring-plastoverdrag-morkgra\/","og_site_name":"TRUUSK - Hem, Tr\u00e4dg\u00e5rd &amp; Fritid","article_modified_time":"2026-03-12T07:52:28+00:00","og_image":[{"width":2000,"height":2000,"url":"https:\/\/i0.wp.com\/truusk.se\/wp-content\/uploads\/2026\/01\/barbar-tradgardsskjul-cykeltalt-rullande-dorr-med-dragkedja-metallram-mangsidig-forvaring-plastoverdrag-morkgra-1.webp?fit=2000%2C2000&ssl=1","type":"image\/webp"}],"twitter_card":"summary_large_image","twitter_misc":{"Ber\u00e4knad l\u00e4stid":"1 minut"},"schema":{"@context":"https:\/\/schema.org","@graph":[{"@type":"WebPage","@id":"https:\/\/truusk.store\/sv\/produkt\/truusk-barbar-tradgardsskjul-cykeltalt-rullande-dorr-med-dragkedja-metallram-mangsidig-forvaring-plastoverdrag-morkgra\/","url":"https:\/\/truusk.store\/sv\/produkt\/truusk-barbar-tradgardsskjul-cykeltalt-rullande-dorr-med-dragkedja-metallram-mangsidig-forvaring-plastoverdrag-morkgra\/","name":"TRUUSK B\u00e4rbar Tr\u00e4dg\u00e5rdsskjul - Cykelt\u00e4lt - Rullande D\u00f6rr Med Dragkedja - Metallram - M\u00e5ngsidig F\u00f6rvaring - Plast\u00f6verdrag - M\u00f6rkgr\u00e5 - TRUUSK - Hem, Tr\u00e4dg\u00e5rd &amp; Fritid","isPartOf":{"@id":"https:\/\/truusk.store\/sv\/#website"},"primaryImageOfPage":{"@id":"https:\/\/truusk.store\/sv\/produkt\/truusk-barbar-tradgardsskjul-cykeltalt-rullande-dorr-med-dragkedja-metallram-mangsidig-forvaring-plastoverdrag-morkgra\/#primaryimage"},"image":{"@id":"https:\/\/truusk.store\/sv\/produkt\/truusk-barbar-tradgardsskjul-cykeltalt-rullande-dorr-med-dragkedja-metallram-mangsidig-forvaring-plastoverdrag-morkgra\/#primaryimage"},"thumbnailUrl":"https:\/\/i0.wp.com\/truusk.store\/wp-content\/uploads\/2026\/01\/barbar-tradgardsskjul-cykeltalt-rullande-dorr-med-dragkedja-metallram-mangsidig-forvaring-plastoverdrag-morkgra-1.webp?fit=2000%2C2000&ssl=1","datePublished":"2026-01-06T12:55:47+00:00","dateModified":"2026-03-12T07:52:28+00:00","breadcrumb":{"@id":"https:\/\/truusk.store\/sv\/produkt\/truusk-barbar-tradgardsskjul-cykeltalt-rullande-dorr-med-dragkedja-metallram-mangsidig-forvaring-plastoverdrag-morkgra\/#breadcrumb"},"inLanguage":"sv-SE","potentialAction":[{"@type":"ReadAction","target":["https:\/\/truusk.store\/sv\/produkt\/truusk-barbar-tradgardsskjul-cykeltalt-rullande-dorr-med-dragkedja-metallram-mangsidig-forvaring-plastoverdrag-morkgra\/"]}]},{"@type":"ImageObject","inLanguage":"sv-SE","@id":"https:\/\/truusk.store\/sv\/produkt\/truusk-barbar-tradgardsskjul-cykeltalt-rullande-dorr-med-dragkedja-metallram-mangsidig-forvaring-plastoverdrag-morkgra\/#primaryimage","url":"https:\/\/i0.wp.com\/truusk.store\/wp-content\/uploads\/2026\/01\/barbar-tradgardsskjul-cykeltalt-rullande-dorr-med-dragkedja-metallram-mangsidig-forvaring-plastoverdrag-morkgra-1.webp?fit=2000%2C2000&ssl=1","contentUrl":"https:\/\/i0.wp.com\/truusk.store\/wp-content\/uploads\/2026\/01\/barbar-tradgardsskjul-cykeltalt-rullande-dorr-med-dragkedja-metallram-mangsidig-forvaring-plastoverdrag-morkgra-1.webp?fit=2000%2C2000&ssl=1","width":2000,"height":2000},{"@type":"BreadcrumbList","@id":"https:\/\/truusk.store\/sv\/produkt\/truusk-barbar-tradgardsskjul-cykeltalt-rullande-dorr-med-dragkedja-metallram-mangsidig-forvaring-plastoverdrag-morkgra\/#breadcrumb","itemListElement":[{"@type":"ListItem","position":1,"name":"Home","item":"https:\/\/truusk.store\/sv\/"},{"@type":"ListItem","position":2,"name":"Shop","item":"https:\/\/truusk.store\/shop\/"},{"@type":"ListItem","position":3,"name":"TRUUSK B\u00e4rbar Tr\u00e4dg\u00e5rdsskjul &#8211; Cykelt\u00e4lt &#8211; Rullande D\u00f6rr Med Dragkedja &#8211; Metallram &#8211; M\u00e5ngsidig F\u00f6rvaring &#8211; Plast\u00f6verdrag &#8211; M\u00f6rkgr\u00e5"}]},{"@type":"WebSite","@id":"https:\/\/truusk.store\/sv\/#website","url":"https:\/\/truusk.store\/sv\/","name":"TRUUSK - Hem, Tr\u00e4dg\u00e5rd & Fritid","description":"","publisher":{"@id":"https:\/\/truusk.store\/sv\/#organization"},"potentialAction":[{"@type":"SearchAction","target":{"@type":"EntryPoint","urlTemplate":"https:\/\/truusk.store\/sv\/?s={search_term_string}"},"query-input":{"@type":"PropertyValueSpecification","valueRequired":true,"valueName":"search_term_string"}}],"inLanguage":"sv-SE"},{"@type":"Organization","@id":"https:\/\/truusk.store\/sv\/#organization","name":"TRUUSK - Hem, Tr\u00e4dg\u00e5rd & Fritid","url":"https:\/\/truusk.store\/sv\/","logo":{"@type":"ImageObject","inLanguage":"sv-SE","@id":"https:\/\/truusk.store\/sv\/#\/schema\/logo\/image\/","url":"https:\/\/i0.wp.com\/truusk.store\/wp-content\/uploads\/2026\/03\/cropped-TRUUSK.png?fit=2032%2C917&ssl=1","contentUrl":"https:\/\/i0.wp.com\/truusk.store\/wp-content\/uploads\/2026\/03\/cropped-TRUUSK.png?fit=2032%2C917&ssl=1","width":2032,"height":917,"caption":"TRUUSK - Hem, Tr\u00e4dg\u00e5rd & Fritid"},"image":{"@id":"https:\/\/truusk.store\/sv\/#\/schema\/logo\/image\/"}}]}},"jetpack_sharing_enabled":true,"_links":{"self":[{"href":"https:\/\/truusk.store\/sv\/wp-json\/wp\/v2\/product\/99115","targetHints":{"allow":["GET"]}}],"collection":[{"href":"https:\/\/truusk.store\/sv\/wp-json\/wp\/v2\/product"}],"about":[{"href":"https:\/\/truusk.store\/sv\/wp-json\/wp\/v2\/types\/product"}],"wp:featuredmedia":[{"embeddable":true,"href":"https:\/\/truusk.store\/sv\/wp-json\/wp\/v2\/media\/99106"}],"wp:attachment":[{"href":"https:\/\/truusk.store\/sv\/wp-json\/wp\/v2\/media?parent=99115"}],"wp:term":[{"taxonomy":"product_brand","embeddable":true,"href":"https:\/\/truusk.store\/sv\/wp-json\/wp\/v2\/product_brand?post=99115"},{"taxonomy":"product_cat","embeddable":true,"href":"https:\/\/truusk.store\/sv\/wp-json\/wp\/v2\/product_cat?post=99115"},{"taxonomy":"product_tag","embeddable":true,"href":"https:\/\/truusk.store\/sv\/wp-json\/wp\/v2\/product_tag?post=99115"}],"curies":[{"name":"wp","href":"https:\/\/api.w.org\/{rel}","templated":true}]}}