{"id":99127,"date":"2026-01-06T13:56:49","date_gmt":"2026-01-06T12:56:49","guid":{"rendered":"https:\/\/truusk.store\/product\/folievaxthus-plastoverdrag-natverksdorr-stodstanger-vit\/"},"modified":"2026-03-12T08:52:29","modified_gmt":"2026-03-12T07:52:29","slug":"truusk-folievaxthus-plastoverdrag-natverksdorr-stodstanger-vit","status":"publish","type":"product","link":"https:\/\/truusk.store\/sv\/produkt\/truusk-folievaxthus-plastoverdrag-natverksdorr-stodstanger-vit\/","title":{"rendered":"TRUUSK Foliev\u00e4xthus &#8211; Plast\u00f6verdrag &#8211; N\u00e4tverksd\u00f6rr &#8211; St\u00f6dst\u00e4nger &#8211; Vit"},"content":{"rendered":"<p>St\u00f6rd av nyckfullt v\u00e4der och oinbjudna g\u00e4ster i tr\u00e4dg\u00e5rden? [BRAND NAME] v\u00e4xthuset med folie minskar dina bekymmer. Dess ramkonstruktion av galvaniserat st\u00e5l med diagonal- och st\u00f6dst\u00e4nger ger h\u00f6g stabilitet, medan PE-skyddet skapar ett idealiskt mikroklimat f\u00f6r dina v\u00e4xter. Tack vare ventilerad n\u00e4tverksd\u00f6rr och f\u00f6nster trivs dina v\u00e4xter skyddade. Perfekt f\u00f6r tr\u00e4dg\u00e5rds\u00e4lskare som s\u00f6ker ett rymligt tunnelv\u00e4xthus f\u00f6r att odla sin dr\u00f6mtr\u00e4dg\u00e5rd!<\/p>\n<p>Beskrivning:<\/p>\n<ul>\n<li> Tv\u00e5 avtagbara och uttagbara st\u00f6dst\u00e4nger f\u00f6r tr\u00e4dg\u00e5rdstomathuset ger f\u00f6rst\u00e4rkt stabilitet<\/li>\n<li> Utrustad med en PE-skydd som ger UV-skydd och f\u00f6rl\u00e4nger s\u00e4songen<\/li>\n<li> N\u00e4tverksd\u00f6rren och f\u00f6nstret p\u00e5 v\u00e4xthuset ger utm\u00e4rkt korsventilation och skydd mot o\u00f6nskade g\u00e4ster<\/li>\n<li> Det rymliga g\u00e5-in-designen p\u00e5 tomathuset m\u00f6jligg\u00f6r enkel v\u00e4xtv\u00e5rd<\/li>\n<li> F\u00f6rl\u00e4ngd skydd f\u00f6rb\u00e4ttrar stabilitet, isolering och t\u00e4tning<\/li>\n<li> Fyra f\u00f6rankringslinor, som \u00e4r f\u00e4sta i marken med markpinnar, \u00f6kar vindmotst\u00e5ndet<\/li>\n<li> Montering kr\u00e4vs<\/li>\n<\/ul>\n<p> Tekniska data:<\/p>\n<ul>\n<li> F\u00e4rg: Vit+Silver<\/li>\n<li> Material: PE, galvaniserat st\u00e5l<\/li>\n<li> Totala dimensioner: 396L x 300B x 200H cm<\/li>\n<li> D\u00f6rrstorlek: 175B x 165H cm<\/li>\n<li> N\u00e4tstorlek: 153B x 170H cm<\/li>\n<li> F\u00f6nsterstorlek: 47B x 37H cm<\/li>\n<li> Ut\u00f6kad skyddsbredd: 15 cm<\/li>\n<li> Ramr\u00f6rets storlek: \u00d824 mm, \u00d822 mm, \u00d818 mm<\/li>\n<li> Vindt\u00e5lig: Niv\u00e5 3-4<\/li>\n<\/ul>\n<p>Leveransinneh\u00e5ll:<\/p>\n<ul>\n<li> 1 x V\u00e4xthus<\/li>\n<li> 4 x F\u00f6rankringslina<\/li>\n<li> 6 x Markspik<\/li>\n<li> 2 x St\u00f6dst\u00e5ng<\/li>\n<li> 1 x Bruksanvisning<\/li>\n<\/ul>\n","protected":false},"excerpt":{"rendered":"<p>St\u00f6rd av nyckfullt v\u00e4der och oinbjudna g\u00e4ster i tr\u00e4dg\u00e5rden? [BRAND NAME] v\u00e4xthuset med folie minskar dina bekymmer. Dess ramkonstruktion av&#8230;<\/p>\n","protected":false},"featured_media":99116,"template":"","meta":[],"product_brand":[],"product_cat":[903,858,443],"product_tag":[],"class_list":{"0":"post-99127","1":"product","2":"type-product","3":"status-publish","4":"has-post-thumbnail","6":"product_cat-plastvaxthus","7":"product_cat-tradgard-terrass","8":"product_cat-vaxthus-tradgardsskotsel","10":"first","11":"instock","12":"sale","13":"taxable","14":"shipping-taxable","15":"purchasable","16":"product-type-simple"},"yoast_head":"<!-- This site is optimized with the Yoast SEO plugin v25.4 - https:\/\/yoast.com\/wordpress\/plugins\/seo\/ -->\n<title>TRUUSK Foliev\u00e4xthus - Plast\u00f6verdrag - N\u00e4tverksd\u00f6rr - St\u00f6dst\u00e4nger - Vit - TRUUSK - Hem, Tr\u00e4dg\u00e5rd &amp; Fritid<\/title>\n<meta name=\"robots\" content=\"index, follow, max-snippet:-1, max-image-preview:large, max-video-preview:-1\" \/>\n<link rel=\"canonical\" href=\"https:\/\/truusk.store\/sv\/produkt\/truusk-folievaxthus-plastoverdrag-natverksdorr-stodstanger-vit\/\" \/>\n<meta property=\"og:locale\" content=\"sv_SE\" \/>\n<meta property=\"og:type\" content=\"article\" \/>\n<meta property=\"og:title\" content=\"TRUUSK Foliev\u00e4xthus - Plast\u00f6verdrag - N\u00e4tverksd\u00f6rr - St\u00f6dst\u00e4nger - Vit - TRUUSK - Hem, Tr\u00e4dg\u00e5rd &amp; Fritid\" \/>\n<meta property=\"og:description\" content=\"St\u00f6rd av nyckfullt v\u00e4der och oinbjudna g\u00e4ster i tr\u00e4dg\u00e5rden? [BRAND NAME] v\u00e4xthuset med folie minskar dina bekymmer. Dess ramkonstruktion av...\" \/>\n<meta property=\"og:url\" content=\"https:\/\/truusk.store\/sv\/produkt\/truusk-folievaxthus-plastoverdrag-natverksdorr-stodstanger-vit\/\" \/>\n<meta property=\"og:site_name\" content=\"TRUUSK - Hem, Tr\u00e4dg\u00e5rd &amp; Fritid\" \/>\n<meta property=\"article:modified_time\" content=\"2026-03-12T07:52:29+00:00\" \/>\n<meta property=\"og:image\" content=\"https:\/\/i0.wp.com\/truusk.se\/wp-content\/uploads\/2026\/01\/folievaxthus-plastoverdrag-natverksdorr-stodstanger-vit-1.webp?fit=2000%2C2000&ssl=1\" \/>\n\t<meta property=\"og:image:width\" content=\"2000\" \/>\n\t<meta property=\"og:image:height\" content=\"2000\" \/>\n\t<meta property=\"og:image:type\" content=\"image\/webp\" \/>\n<meta name=\"twitter:card\" content=\"summary_large_image\" \/>\n<meta name=\"twitter:label1\" content=\"Ber\u00e4knad l\u00e4stid\" \/>\n\t<meta name=\"twitter:data1\" content=\"1 minut\" \/>\n<!-- \/ Yoast SEO plugin. -->","yoast_head_json":{"title":"TRUUSK Foliev\u00e4xthus - Plast\u00f6verdrag - N\u00e4tverksd\u00f6rr - St\u00f6dst\u00e4nger - Vit - TRUUSK - Hem, Tr\u00e4dg\u00e5rd &amp; Fritid","robots":{"index":"index","follow":"follow","max-snippet":"max-snippet:-1","max-image-preview":"max-image-preview:large","max-video-preview":"max-video-preview:-1"},"canonical":"https:\/\/truusk.store\/sv\/produkt\/truusk-folievaxthus-plastoverdrag-natverksdorr-stodstanger-vit\/","og_locale":"sv_SE","og_type":"article","og_title":"TRUUSK Foliev\u00e4xthus - Plast\u00f6verdrag - N\u00e4tverksd\u00f6rr - St\u00f6dst\u00e4nger - Vit - TRUUSK - Hem, Tr\u00e4dg\u00e5rd &amp; Fritid","og_description":"St\u00f6rd av nyckfullt v\u00e4der och oinbjudna g\u00e4ster i tr\u00e4dg\u00e5rden? [BRAND NAME] v\u00e4xthuset med folie minskar dina bekymmer. Dess ramkonstruktion av...","og_url":"https:\/\/truusk.store\/sv\/produkt\/truusk-folievaxthus-plastoverdrag-natverksdorr-stodstanger-vit\/","og_site_name":"TRUUSK - Hem, Tr\u00e4dg\u00e5rd &amp; Fritid","article_modified_time":"2026-03-12T07:52:29+00:00","og_image":[{"width":2000,"height":2000,"url":"https:\/\/i0.wp.com\/truusk.se\/wp-content\/uploads\/2026\/01\/folievaxthus-plastoverdrag-natverksdorr-stodstanger-vit-1.webp?fit=2000%2C2000&ssl=1","type":"image\/webp"}],"twitter_card":"summary_large_image","twitter_misc":{"Ber\u00e4knad l\u00e4stid":"1 minut"},"schema":{"@context":"https:\/\/schema.org","@graph":[{"@type":"WebPage","@id":"https:\/\/truusk.store\/sv\/produkt\/truusk-folievaxthus-plastoverdrag-natverksdorr-stodstanger-vit\/","url":"https:\/\/truusk.store\/sv\/produkt\/truusk-folievaxthus-plastoverdrag-natverksdorr-stodstanger-vit\/","name":"TRUUSK Foliev\u00e4xthus - Plast\u00f6verdrag - N\u00e4tverksd\u00f6rr - St\u00f6dst\u00e4nger - Vit - TRUUSK - Hem, Tr\u00e4dg\u00e5rd &amp; Fritid","isPartOf":{"@id":"https:\/\/truusk.store\/sv\/#website"},"primaryImageOfPage":{"@id":"https:\/\/truusk.store\/sv\/produkt\/truusk-folievaxthus-plastoverdrag-natverksdorr-stodstanger-vit\/#primaryimage"},"image":{"@id":"https:\/\/truusk.store\/sv\/produkt\/truusk-folievaxthus-plastoverdrag-natverksdorr-stodstanger-vit\/#primaryimage"},"thumbnailUrl":"https:\/\/i0.wp.com\/truusk.store\/wp-content\/uploads\/2026\/01\/folievaxthus-plastoverdrag-natverksdorr-stodstanger-vit-1.webp?fit=2000%2C2000&ssl=1","datePublished":"2026-01-06T12:56:49+00:00","dateModified":"2026-03-12T07:52:29+00:00","breadcrumb":{"@id":"https:\/\/truusk.store\/sv\/produkt\/truusk-folievaxthus-plastoverdrag-natverksdorr-stodstanger-vit\/#breadcrumb"},"inLanguage":"sv-SE","potentialAction":[{"@type":"ReadAction","target":["https:\/\/truusk.store\/sv\/produkt\/truusk-folievaxthus-plastoverdrag-natverksdorr-stodstanger-vit\/"]}]},{"@type":"ImageObject","inLanguage":"sv-SE","@id":"https:\/\/truusk.store\/sv\/produkt\/truusk-folievaxthus-plastoverdrag-natverksdorr-stodstanger-vit\/#primaryimage","url":"https:\/\/i0.wp.com\/truusk.store\/wp-content\/uploads\/2026\/01\/folievaxthus-plastoverdrag-natverksdorr-stodstanger-vit-1.webp?fit=2000%2C2000&ssl=1","contentUrl":"https:\/\/i0.wp.com\/truusk.store\/wp-content\/uploads\/2026\/01\/folievaxthus-plastoverdrag-natverksdorr-stodstanger-vit-1.webp?fit=2000%2C2000&ssl=1","width":2000,"height":2000},{"@type":"BreadcrumbList","@id":"https:\/\/truusk.store\/sv\/produkt\/truusk-folievaxthus-plastoverdrag-natverksdorr-stodstanger-vit\/#breadcrumb","itemListElement":[{"@type":"ListItem","position":1,"name":"Home","item":"https:\/\/truusk.store\/sv\/"},{"@type":"ListItem","position":2,"name":"Shop","item":"https:\/\/truusk.store\/shop\/"},{"@type":"ListItem","position":3,"name":"TRUUSK Foliev\u00e4xthus &#8211; Plast\u00f6verdrag &#8211; N\u00e4tverksd\u00f6rr &#8211; St\u00f6dst\u00e4nger &#8211; Vit"}]},{"@type":"WebSite","@id":"https:\/\/truusk.store\/sv\/#website","url":"https:\/\/truusk.store\/sv\/","name":"TRUUSK - Hem, Tr\u00e4dg\u00e5rd & Fritid","description":"","publisher":{"@id":"https:\/\/truusk.store\/sv\/#organization"},"potentialAction":[{"@type":"SearchAction","target":{"@type":"EntryPoint","urlTemplate":"https:\/\/truusk.store\/sv\/?s={search_term_string}"},"query-input":{"@type":"PropertyValueSpecification","valueRequired":true,"valueName":"search_term_string"}}],"inLanguage":"sv-SE"},{"@type":"Organization","@id":"https:\/\/truusk.store\/sv\/#organization","name":"TRUUSK - Hem, Tr\u00e4dg\u00e5rd & Fritid","url":"https:\/\/truusk.store\/sv\/","logo":{"@type":"ImageObject","inLanguage":"sv-SE","@id":"https:\/\/truusk.store\/sv\/#\/schema\/logo\/image\/","url":"https:\/\/i0.wp.com\/truusk.store\/wp-content\/uploads\/2026\/03\/cropped-TRUUSK.png?fit=2032%2C917&ssl=1","contentUrl":"https:\/\/i0.wp.com\/truusk.store\/wp-content\/uploads\/2026\/03\/cropped-TRUUSK.png?fit=2032%2C917&ssl=1","width":2032,"height":917,"caption":"TRUUSK - Hem, Tr\u00e4dg\u00e5rd & Fritid"},"image":{"@id":"https:\/\/truusk.store\/sv\/#\/schema\/logo\/image\/"}}]}},"jetpack_sharing_enabled":true,"_links":{"self":[{"href":"https:\/\/truusk.store\/sv\/wp-json\/wp\/v2\/product\/99127","targetHints":{"allow":["GET"]}}],"collection":[{"href":"https:\/\/truusk.store\/sv\/wp-json\/wp\/v2\/product"}],"about":[{"href":"https:\/\/truusk.store\/sv\/wp-json\/wp\/v2\/types\/product"}],"wp:featuredmedia":[{"embeddable":true,"href":"https:\/\/truusk.store\/sv\/wp-json\/wp\/v2\/media\/99116"}],"wp:attachment":[{"href":"https:\/\/truusk.store\/sv\/wp-json\/wp\/v2\/media?parent=99127"}],"wp:term":[{"taxonomy":"product_brand","embeddable":true,"href":"https:\/\/truusk.store\/sv\/wp-json\/wp\/v2\/product_brand?post=99127"},{"taxonomy":"product_cat","embeddable":true,"href":"https:\/\/truusk.store\/sv\/wp-json\/wp\/v2\/product_cat?post=99127"},{"taxonomy":"product_tag","embeddable":true,"href":"https:\/\/truusk.store\/sv\/wp-json\/wp\/v2\/product_tag?post=99127"}],"curies":[{"name":"wp","href":"https:\/\/api.w.org\/{rel}","templated":true}]}}