{"id":99174,"date":"2026-01-06T14:02:46","date_gmt":"2026-01-06T13:02:46","guid":{"rendered":"https:\/\/truusk.store\/product\/pokerchips-set-i-vaska-med-tarningar-dealer-knapp-2-kortlekar-silverfargad\/"},"modified":"2026-03-12T08:52:32","modified_gmt":"2026-03-12T07:52:32","slug":"truusk-pokerchips-set-i-vaska-med-tarningar-dealer-knapp-2-kortlekar-silverfargad","status":"publish","type":"product","link":"https:\/\/truusk.store\/sv\/produkt\/truusk-pokerchips-set-i-vaska-med-tarningar-dealer-knapp-2-kortlekar-silverfargad\/","title":{"rendered":"TRUUSK Pokerchips-set i V\u00e4ska &#8211; Med T\u00e4rningar &#8211; Dealer-knapp &#8211; 2 Kortlekar &#8211; Silverf\u00e4rgad"},"content":{"rendered":"<p>Ta hem casinok\u00e4nslan med [BRAND NAME] Pokerchips Komplettset! Detta pokerset inneh\u00e5ller 200 lertoner, fem akrylt\u00e4rningar, dealer-knapp, sm\u00e5 och stora blinds, tv\u00e5 kortlekar och en blackjack-matta, allt i en b\u00e4rbar v\u00e4ska. Pokerchipsen \u00e4r s\u00e4kra och ordnade tack vare tv\u00e5 l\u00e5s, nycklar och skumfodring. Perfekt f\u00f6r sp\u00e4nnande casinokv\u00e4llar med v\u00e4nner och familj, f\u00f6r att berika spelkv\u00e4llar med pokerkul.<\/p>\n<p>Beskrivning:<\/p>\n<ul>\n<li> Komplett pokerset med 200 chips, fem akrylt\u00e4rningar, en dealer-knapp, en small blind, en big blind, tv\u00e5 kortlekar och en matta<\/li>\n<li> Chip-nominella v\u00e4rden: 50 \u00a31 vita chips, 50 \u00a35 gula chips, 50 \u00a325 rosa chips, 50 \u00a3100 bl\u00e5 chips<\/li>\n<li> Pokerchipsen av lera \u00e4r professionellt viktade (14 g), k\u00e4nns sl\u00e4ta och \u00e4r l\u00e4tta att stapla<\/li>\n<li> Omedelbart spelklar med tv\u00e5 standardkortlekar<\/li>\n<li> L\u00e4tt ABS-v\u00e4ska med skumfodring och tv\u00e5 sn\u00e4ppl\u00e5s (tv\u00e5 nycklar ing\u00e5r)<\/li>\n<li> Pokerkoffert med skyddande aluminiumh\u00f6rn och -dynor<\/li>\n<li> En blackjack-matta av icke-v\u00e4vd tyg f\u00f6r ditt eget bord ing\u00e5r<\/li>\n<li> L\u00e4mplig pokerbord f\u00f6r 2\u20136 spelare f\u00f6r Blackjack, Texas Hold&#8217;em, Omaha etc.<\/li>\n<\/ul>\n<p> Tekniska data:<\/p>\n<ul>\n<li> F\u00e4rg: Silver<\/li>\n<li> Material: Aluminium, ABS, lera, akryl, non-woven tyg<\/li>\n<li> V\u00e4skdimensioner: 29,5L x 22,5B x 6,5H cm<\/li>\n<li> Matta dimensioner: 90L x 60B cm<\/li>\n<li> Chipdimensioner: \u00d840 x 3,3 mm, 14 gram<\/li>\n<li> Dealer Button: \u00d849 x 5 mm, 13 gram<\/li>\n<li> Blind Button: \u00d839 x 2,8 mm, 4 gram<\/li>\n<\/ul>\n<p>Leveransinneh\u00e5ll:<\/p>\n<ul>\n<li> 200 x Pokerchip<\/li>\n<li> 2 x Kortlek<\/li>\n<li> 5 x T\u00e4rning<\/li>\n<li> 1 x Dealer-knapp<\/li>\n<li> 1 x Small Blind-knapp<\/li>\n<li> 1 x Big Blind-knapp<\/li>\n<li> 1 x Poker-matta<\/li>\n<li> 1 x B\u00e4rbar v\u00e4ska<\/li>\n<li> 2 x Nyckel<\/li>\n<li> 1 x Bruksanvisning<\/li>\n<\/ul>\n","protected":false},"excerpt":{"rendered":"<p>Ta hem casinok\u00e4nslan med [BRAND NAME] Pokerchips Komplettset! Detta pokerset inneh\u00e5ller 200 lertoner, fem akrylt\u00e4rningar, dealer-knapp, sm\u00e5 och stora blinds,&#8230;<\/p>\n","protected":false},"featured_media":99156,"template":"","meta":[],"product_brand":[],"product_cat":[656,508,647],"product_tag":[],"class_list":{"0":"post-99174","1":"product","2":"type-product","3":"status-publish","4":"has-post-thumbnail","6":"product_cat-spel-hobby","7":"product_cat-spelbord","8":"product_cat-sport-fritid","10":"first","11":"instock","12":"sale","13":"taxable","14":"shipping-taxable","15":"purchasable","16":"product-type-simple"},"yoast_head":"<!-- This site is optimized with the Yoast SEO plugin v25.4 - https:\/\/yoast.com\/wordpress\/plugins\/seo\/ -->\n<title>TRUUSK Pokerchips-set i V\u00e4ska - Med T\u00e4rningar - Dealer-knapp - 2 Kortlekar - Silverf\u00e4rgad - TRUUSK - Hem, Tr\u00e4dg\u00e5rd &amp; Fritid<\/title>\n<meta name=\"robots\" content=\"index, follow, max-snippet:-1, max-image-preview:large, max-video-preview:-1\" \/>\n<link rel=\"canonical\" href=\"https:\/\/truusk.store\/sv\/produkt\/truusk-pokerchips-set-i-vaska-med-tarningar-dealer-knapp-2-kortlekar-silverfargad\/\" \/>\n<meta property=\"og:locale\" content=\"sv_SE\" \/>\n<meta property=\"og:type\" content=\"article\" \/>\n<meta property=\"og:title\" content=\"TRUUSK Pokerchips-set i V\u00e4ska - Med T\u00e4rningar - Dealer-knapp - 2 Kortlekar - Silverf\u00e4rgad - TRUUSK - Hem, Tr\u00e4dg\u00e5rd &amp; Fritid\" \/>\n<meta property=\"og:description\" content=\"Ta hem casinok\u00e4nslan med [BRAND NAME] Pokerchips Komplettset! Detta pokerset inneh\u00e5ller 200 lertoner, fem akrylt\u00e4rningar, dealer-knapp, sm\u00e5 och stora blinds,...\" \/>\n<meta property=\"og:url\" content=\"https:\/\/truusk.store\/sv\/produkt\/truusk-pokerchips-set-i-vaska-med-tarningar-dealer-knapp-2-kortlekar-silverfargad\/\" \/>\n<meta property=\"og:site_name\" content=\"TRUUSK - Hem, Tr\u00e4dg\u00e5rd &amp; Fritid\" \/>\n<meta property=\"article:modified_time\" content=\"2026-03-12T07:52:32+00:00\" \/>\n<meta property=\"og:image\" content=\"https:\/\/i0.wp.com\/truusk.se\/wp-content\/uploads\/2026\/01\/pokerchips-set-i-vaska-med-tarningar-dealer-knapp-2-kortlekar-silverfargad-1.webp?fit=2000%2C2000&ssl=1\" \/>\n\t<meta property=\"og:image:width\" content=\"2000\" \/>\n\t<meta property=\"og:image:height\" content=\"2000\" \/>\n\t<meta property=\"og:image:type\" content=\"image\/webp\" \/>\n<meta name=\"twitter:card\" content=\"summary_large_image\" \/>\n<meta name=\"twitter:label1\" content=\"Ber\u00e4knad l\u00e4stid\" \/>\n\t<meta name=\"twitter:data1\" content=\"1 minut\" \/>\n<!-- \/ Yoast SEO plugin. -->","yoast_head_json":{"title":"TRUUSK Pokerchips-set i V\u00e4ska - Med T\u00e4rningar - Dealer-knapp - 2 Kortlekar - Silverf\u00e4rgad - TRUUSK - Hem, Tr\u00e4dg\u00e5rd &amp; Fritid","robots":{"index":"index","follow":"follow","max-snippet":"max-snippet:-1","max-image-preview":"max-image-preview:large","max-video-preview":"max-video-preview:-1"},"canonical":"https:\/\/truusk.store\/sv\/produkt\/truusk-pokerchips-set-i-vaska-med-tarningar-dealer-knapp-2-kortlekar-silverfargad\/","og_locale":"sv_SE","og_type":"article","og_title":"TRUUSK Pokerchips-set i V\u00e4ska - Med T\u00e4rningar - Dealer-knapp - 2 Kortlekar - Silverf\u00e4rgad - TRUUSK - Hem, Tr\u00e4dg\u00e5rd &amp; Fritid","og_description":"Ta hem casinok\u00e4nslan med [BRAND NAME] Pokerchips Komplettset! Detta pokerset inneh\u00e5ller 200 lertoner, fem akrylt\u00e4rningar, dealer-knapp, sm\u00e5 och stora blinds,...","og_url":"https:\/\/truusk.store\/sv\/produkt\/truusk-pokerchips-set-i-vaska-med-tarningar-dealer-knapp-2-kortlekar-silverfargad\/","og_site_name":"TRUUSK - Hem, Tr\u00e4dg\u00e5rd &amp; Fritid","article_modified_time":"2026-03-12T07:52:32+00:00","og_image":[{"width":2000,"height":2000,"url":"https:\/\/i0.wp.com\/truusk.se\/wp-content\/uploads\/2026\/01\/pokerchips-set-i-vaska-med-tarningar-dealer-knapp-2-kortlekar-silverfargad-1.webp?fit=2000%2C2000&ssl=1","type":"image\/webp"}],"twitter_card":"summary_large_image","twitter_misc":{"Ber\u00e4knad l\u00e4stid":"1 minut"},"schema":{"@context":"https:\/\/schema.org","@graph":[{"@type":"WebPage","@id":"https:\/\/truusk.store\/sv\/produkt\/truusk-pokerchips-set-i-vaska-med-tarningar-dealer-knapp-2-kortlekar-silverfargad\/","url":"https:\/\/truusk.store\/sv\/produkt\/truusk-pokerchips-set-i-vaska-med-tarningar-dealer-knapp-2-kortlekar-silverfargad\/","name":"TRUUSK Pokerchips-set i V\u00e4ska - Med T\u00e4rningar - Dealer-knapp - 2 Kortlekar - Silverf\u00e4rgad - TRUUSK - Hem, Tr\u00e4dg\u00e5rd &amp; Fritid","isPartOf":{"@id":"https:\/\/truusk.store\/sv\/#website"},"primaryImageOfPage":{"@id":"https:\/\/truusk.store\/sv\/produkt\/truusk-pokerchips-set-i-vaska-med-tarningar-dealer-knapp-2-kortlekar-silverfargad\/#primaryimage"},"image":{"@id":"https:\/\/truusk.store\/sv\/produkt\/truusk-pokerchips-set-i-vaska-med-tarningar-dealer-knapp-2-kortlekar-silverfargad\/#primaryimage"},"thumbnailUrl":"https:\/\/i0.wp.com\/truusk.store\/wp-content\/uploads\/2026\/01\/pokerchips-set-i-vaska-med-tarningar-dealer-knapp-2-kortlekar-silverfargad-1.webp?fit=2000%2C2000&ssl=1","datePublished":"2026-01-06T13:02:46+00:00","dateModified":"2026-03-12T07:52:32+00:00","breadcrumb":{"@id":"https:\/\/truusk.store\/sv\/produkt\/truusk-pokerchips-set-i-vaska-med-tarningar-dealer-knapp-2-kortlekar-silverfargad\/#breadcrumb"},"inLanguage":"sv-SE","potentialAction":[{"@type":"ReadAction","target":["https:\/\/truusk.store\/sv\/produkt\/truusk-pokerchips-set-i-vaska-med-tarningar-dealer-knapp-2-kortlekar-silverfargad\/"]}]},{"@type":"ImageObject","inLanguage":"sv-SE","@id":"https:\/\/truusk.store\/sv\/produkt\/truusk-pokerchips-set-i-vaska-med-tarningar-dealer-knapp-2-kortlekar-silverfargad\/#primaryimage","url":"https:\/\/i0.wp.com\/truusk.store\/wp-content\/uploads\/2026\/01\/pokerchips-set-i-vaska-med-tarningar-dealer-knapp-2-kortlekar-silverfargad-1.webp?fit=2000%2C2000&ssl=1","contentUrl":"https:\/\/i0.wp.com\/truusk.store\/wp-content\/uploads\/2026\/01\/pokerchips-set-i-vaska-med-tarningar-dealer-knapp-2-kortlekar-silverfargad-1.webp?fit=2000%2C2000&ssl=1","width":2000,"height":2000},{"@type":"BreadcrumbList","@id":"https:\/\/truusk.store\/sv\/produkt\/truusk-pokerchips-set-i-vaska-med-tarningar-dealer-knapp-2-kortlekar-silverfargad\/#breadcrumb","itemListElement":[{"@type":"ListItem","position":1,"name":"Home","item":"https:\/\/truusk.store\/sv\/"},{"@type":"ListItem","position":2,"name":"Shop","item":"https:\/\/truusk.store\/shop\/"},{"@type":"ListItem","position":3,"name":"TRUUSK Pokerchips-set i V\u00e4ska &#8211; Med T\u00e4rningar &#8211; Dealer-knapp &#8211; 2 Kortlekar &#8211; Silverf\u00e4rgad"}]},{"@type":"WebSite","@id":"https:\/\/truusk.store\/sv\/#website","url":"https:\/\/truusk.store\/sv\/","name":"TRUUSK - Hem, Tr\u00e4dg\u00e5rd & Fritid","description":"","publisher":{"@id":"https:\/\/truusk.store\/sv\/#organization"},"potentialAction":[{"@type":"SearchAction","target":{"@type":"EntryPoint","urlTemplate":"https:\/\/truusk.store\/sv\/?s={search_term_string}"},"query-input":{"@type":"PropertyValueSpecification","valueRequired":true,"valueName":"search_term_string"}}],"inLanguage":"sv-SE"},{"@type":"Organization","@id":"https:\/\/truusk.store\/sv\/#organization","name":"TRUUSK - Hem, Tr\u00e4dg\u00e5rd & Fritid","url":"https:\/\/truusk.store\/sv\/","logo":{"@type":"ImageObject","inLanguage":"sv-SE","@id":"https:\/\/truusk.store\/sv\/#\/schema\/logo\/image\/","url":"https:\/\/i0.wp.com\/truusk.store\/wp-content\/uploads\/2026\/03\/cropped-TRUUSK.png?fit=2032%2C917&ssl=1","contentUrl":"https:\/\/i0.wp.com\/truusk.store\/wp-content\/uploads\/2026\/03\/cropped-TRUUSK.png?fit=2032%2C917&ssl=1","width":2032,"height":917,"caption":"TRUUSK - Hem, Tr\u00e4dg\u00e5rd & Fritid"},"image":{"@id":"https:\/\/truusk.store\/sv\/#\/schema\/logo\/image\/"}}]}},"jetpack_sharing_enabled":true,"_links":{"self":[{"href":"https:\/\/truusk.store\/sv\/wp-json\/wp\/v2\/product\/99174","targetHints":{"allow":["GET"]}}],"collection":[{"href":"https:\/\/truusk.store\/sv\/wp-json\/wp\/v2\/product"}],"about":[{"href":"https:\/\/truusk.store\/sv\/wp-json\/wp\/v2\/types\/product"}],"wp:featuredmedia":[{"embeddable":true,"href":"https:\/\/truusk.store\/sv\/wp-json\/wp\/v2\/media\/99156"}],"wp:attachment":[{"href":"https:\/\/truusk.store\/sv\/wp-json\/wp\/v2\/media?parent=99174"}],"wp:term":[{"taxonomy":"product_brand","embeddable":true,"href":"https:\/\/truusk.store\/sv\/wp-json\/wp\/v2\/product_brand?post=99174"},{"taxonomy":"product_cat","embeddable":true,"href":"https:\/\/truusk.store\/sv\/wp-json\/wp\/v2\/product_cat?post=99174"},{"taxonomy":"product_tag","embeddable":true,"href":"https:\/\/truusk.store\/sv\/wp-json\/wp\/v2\/product_tag?post=99174"}],"curies":[{"name":"wp","href":"https:\/\/api.w.org\/{rel}","templated":true}]}}