{"id":99205,"date":"2026-01-06T14:04:35","date_gmt":"2026-01-06T13:04:35","guid":{"rendered":"https:\/\/truusk.store\/product\/koksskap-buffeskap-med-justerbar-hylla-lada-2-skap-hoghylla-med-glasdorr-60-x-35-x-180-cm-vit\/"},"modified":"2026-03-12T08:52:37","modified_gmt":"2026-03-12T07:52:37","slug":"truusk-koksskap-buffeskap-justerbar-hylla-glasdorr-60x35x180-cm-vit","status":"publish","type":"product","link":"https:\/\/truusk.store\/sv\/produkt\/truusk-koksskap-buffeskap-justerbar-hylla-glasdorr-60x35x180-cm-vit\/","title":{"rendered":"TRUUSK K\u00f6kssk\u00e5p Buff\u00e9sk\u00e5p &#8211; Justerbar hylla &#8211; Glasd\u00f6rr &#8211; 60x35x180 cm &#8211; Vit"},"content":{"rendered":"<p>St\u00f6rs din lugn av slamrande sk\u00e5pd\u00f6rrar n\u00e4r du letar efter ett glas i fulla hyllor? Kaos i k\u00f6kssk\u00e5pen f\u00f6rvandlar enkla processer till stress och g\u00f6r k\u00f6ksomr\u00e5det till en k\u00e4lla till frustration. [BRAND NAME] k\u00f6kssk\u00e5p \u00e4ndrar p\u00e5 det. Dess tredelade indelning och justerbara hyllor ordnar allt, fr\u00e5n tallrikar till stora flingpaket. Tyst st\u00e4ngande g\u00e5ngj\u00e4rn ger lugn och \u00e5terf\u00f6r ro och komfort till ditt hem.<\/p>\n<p>Beskrivning:<\/p>\n<ul>\n<li> Rymligt f\u00f6rvaringsutrymme inkluderar ett vitrinsk\u00e5p med glasd\u00f6rr, en praktisk l\u00e5da och ett nedre sk\u00e5p<\/li>\n<li> Det \u00f6vre sk\u00e5pet har trestegs justerbara hyllor f\u00f6r att organisera f\u00f6rem\u00e5l av olika storlekar<\/li>\n<li> Kombinerar glasd\u00f6rrar f\u00f6r visning med solida d\u00f6rrar f\u00f6r privat, dolt f\u00f6rvaringsutrymme<\/li>\n<li> Utrustad med mjukst\u00e4ngande g\u00e5ngj\u00e4rn som garanterar en tyst och slamfri d\u00f6rrfunktion<\/li>\n<li> Enkel vit finish med silverf\u00e4rgat handtag och glasd\u00f6rr ger modern elegans<\/li>\n<li> M\u00e5ngsidigt anv\u00e4ndbar som k\u00f6ksskafferi, utst\u00e4llningsenhet eller badrumssk\u00e5p<\/li>\n<li> Inneh\u00e5ller ett set f\u00f6r tippskydd f\u00f6r \u00f6kad familjes\u00e4kerhet<\/li>\n<li> Montering kr\u00e4vs<\/li>\n<\/ul>\n<p> Tekniska data:<\/p>\n<ul>\n<li> F\u00e4rg: Vit<\/li>\n<li> Material: Sp\u00e5nskiva, h\u00e4rdat glas, MDF<\/li>\n<li> Totala m\u00e5tt: 60B x 35T x 180H cm<\/li>\n<li> Inre m\u00e5tt \u00f6vre sk\u00e5p: 57,2B x 30T x 88,8H cm<\/li>\n<li> Inre m\u00e5tt nedre sk\u00e5p: 57,2B x 30T x 67,2H cm<\/li>\n<li> H\u00f6jd p\u00e5 \u00f6vre hylla: 30,5, 24,5, 31,5 cm (p\u00e5 2., 5. niv\u00e5)<\/li>\n<li> Justeringsintervall f\u00f6r hyllor: 6,4 cm<\/li>\n<li> H\u00f6jd p\u00e5 nedre hylla: 32,6, 33,3 cm<\/li>\n<li> Inre m\u00e5tt l\u00e5da: 52,5B x 28,7T x 7,7H cm<\/li>\n<li> Maximal belastning: 35 kg (totalt), 10 kg (l\u00e5da), 10 kg (nedre platta), 5 kg (hyllor)<\/li>\n<\/ul>\n<p>Leverans inneh\u00e5ller:<\/p>\n<ul>\n<li> 1 x k\u00f6kssk\u00e5p<\/li>\n<li> 1 x bruksanvisning<\/li>\n<\/ul>\n","protected":false},"excerpt":{"rendered":"<p>St\u00f6rs din lugn av slamrande sk\u00e5pd\u00f6rrar n\u00e4r du letar efter ett glas i fulla hyllor? Kaos i k\u00f6kssk\u00e5pen f\u00f6rvandlar enkla&#8230;<\/p>\n","protected":false},"featured_media":99192,"template":"","meta":[],"product_brand":[],"product_cat":[871,889,534],"product_tag":[],"class_list":{"0":"post-99205","1":"product","2":"type-product","3":"status-publish","4":"has-post-thumbnail","6":"product_cat-hus-hem","7":"product_cat-kok-matsal","8":"product_cat-koksskap","10":"first","11":"instock","12":"sale","13":"taxable","14":"shipping-taxable","15":"purchasable","16":"product-type-simple"},"yoast_head":"<!-- This site is optimized with the Yoast SEO plugin v25.4 - https:\/\/yoast.com\/wordpress\/plugins\/seo\/ -->\n<title>TRUUSK K\u00f6kssk\u00e5p Buff\u00e9sk\u00e5p - Justerbar hylla - Glasd\u00f6rr - 60x35x180 cm - Vit - TRUUSK - Hem, Tr\u00e4dg\u00e5rd &amp; Fritid<\/title>\n<meta name=\"robots\" content=\"index, follow, max-snippet:-1, max-image-preview:large, max-video-preview:-1\" \/>\n<link rel=\"canonical\" href=\"https:\/\/truusk.store\/sv\/produkt\/truusk-koksskap-buffeskap-justerbar-hylla-glasdorr-60x35x180-cm-vit\/\" \/>\n<meta property=\"og:locale\" content=\"sv_SE\" \/>\n<meta property=\"og:type\" content=\"article\" \/>\n<meta property=\"og:title\" content=\"TRUUSK K\u00f6kssk\u00e5p Buff\u00e9sk\u00e5p - Justerbar hylla - Glasd\u00f6rr - 60x35x180 cm - Vit - TRUUSK - Hem, Tr\u00e4dg\u00e5rd &amp; Fritid\" \/>\n<meta property=\"og:description\" content=\"St\u00f6rs din lugn av slamrande sk\u00e5pd\u00f6rrar n\u00e4r du letar efter ett glas i fulla hyllor? Kaos i k\u00f6kssk\u00e5pen f\u00f6rvandlar enkla...\" \/>\n<meta property=\"og:url\" content=\"https:\/\/truusk.store\/sv\/produkt\/truusk-koksskap-buffeskap-justerbar-hylla-glasdorr-60x35x180-cm-vit\/\" \/>\n<meta property=\"og:site_name\" content=\"TRUUSK - Hem, Tr\u00e4dg\u00e5rd &amp; Fritid\" \/>\n<meta property=\"article:modified_time\" content=\"2026-03-12T07:52:37+00:00\" \/>\n<meta property=\"og:image\" content=\"https:\/\/i0.wp.com\/truusk.se\/wp-content\/uploads\/2026\/01\/koksskap-buffeskap-med-justerbar-hylla-lada-2-skap-hoghylla-med-glasdorr-60-x-35-x-180-cm-vit-1.webp?fit=2000%2C2000&ssl=1\" \/>\n\t<meta property=\"og:image:width\" content=\"2000\" \/>\n\t<meta property=\"og:image:height\" content=\"2000\" \/>\n\t<meta property=\"og:image:type\" content=\"image\/webp\" \/>\n<meta name=\"twitter:card\" content=\"summary_large_image\" \/>\n<meta name=\"twitter:label1\" content=\"Ber\u00e4knad l\u00e4stid\" \/>\n\t<meta name=\"twitter:data1\" content=\"1 minut\" \/>\n<!-- \/ Yoast SEO plugin. -->","yoast_head_json":{"title":"TRUUSK K\u00f6kssk\u00e5p Buff\u00e9sk\u00e5p - Justerbar hylla - Glasd\u00f6rr - 60x35x180 cm - Vit - TRUUSK - Hem, Tr\u00e4dg\u00e5rd &amp; Fritid","robots":{"index":"index","follow":"follow","max-snippet":"max-snippet:-1","max-image-preview":"max-image-preview:large","max-video-preview":"max-video-preview:-1"},"canonical":"https:\/\/truusk.store\/sv\/produkt\/truusk-koksskap-buffeskap-justerbar-hylla-glasdorr-60x35x180-cm-vit\/","og_locale":"sv_SE","og_type":"article","og_title":"TRUUSK K\u00f6kssk\u00e5p Buff\u00e9sk\u00e5p - Justerbar hylla - Glasd\u00f6rr - 60x35x180 cm - Vit - TRUUSK - Hem, Tr\u00e4dg\u00e5rd &amp; Fritid","og_description":"St\u00f6rs din lugn av slamrande sk\u00e5pd\u00f6rrar n\u00e4r du letar efter ett glas i fulla hyllor? Kaos i k\u00f6kssk\u00e5pen f\u00f6rvandlar enkla...","og_url":"https:\/\/truusk.store\/sv\/produkt\/truusk-koksskap-buffeskap-justerbar-hylla-glasdorr-60x35x180-cm-vit\/","og_site_name":"TRUUSK - Hem, Tr\u00e4dg\u00e5rd &amp; Fritid","article_modified_time":"2026-03-12T07:52:37+00:00","og_image":[{"width":2000,"height":2000,"url":"https:\/\/i0.wp.com\/truusk.se\/wp-content\/uploads\/2026\/01\/koksskap-buffeskap-med-justerbar-hylla-lada-2-skap-hoghylla-med-glasdorr-60-x-35-x-180-cm-vit-1.webp?fit=2000%2C2000&ssl=1","type":"image\/webp"}],"twitter_card":"summary_large_image","twitter_misc":{"Ber\u00e4knad l\u00e4stid":"1 minut"},"schema":{"@context":"https:\/\/schema.org","@graph":[{"@type":"WebPage","@id":"https:\/\/truusk.store\/sv\/produkt\/truusk-koksskap-buffeskap-justerbar-hylla-glasdorr-60x35x180-cm-vit\/","url":"https:\/\/truusk.store\/sv\/produkt\/truusk-koksskap-buffeskap-justerbar-hylla-glasdorr-60x35x180-cm-vit\/","name":"TRUUSK K\u00f6kssk\u00e5p Buff\u00e9sk\u00e5p - Justerbar hylla - Glasd\u00f6rr - 60x35x180 cm - Vit - TRUUSK - Hem, Tr\u00e4dg\u00e5rd &amp; Fritid","isPartOf":{"@id":"https:\/\/truusk.store\/sv\/#website"},"primaryImageOfPage":{"@id":"https:\/\/truusk.store\/sv\/produkt\/truusk-koksskap-buffeskap-justerbar-hylla-glasdorr-60x35x180-cm-vit\/#primaryimage"},"image":{"@id":"https:\/\/truusk.store\/sv\/produkt\/truusk-koksskap-buffeskap-justerbar-hylla-glasdorr-60x35x180-cm-vit\/#primaryimage"},"thumbnailUrl":"https:\/\/i0.wp.com\/truusk.store\/wp-content\/uploads\/2026\/01\/koksskap-buffeskap-med-justerbar-hylla-lada-2-skap-hoghylla-med-glasdorr-60-x-35-x-180-cm-vit-1.webp?fit=2000%2C2000&ssl=1","datePublished":"2026-01-06T13:04:35+00:00","dateModified":"2026-03-12T07:52:37+00:00","breadcrumb":{"@id":"https:\/\/truusk.store\/sv\/produkt\/truusk-koksskap-buffeskap-justerbar-hylla-glasdorr-60x35x180-cm-vit\/#breadcrumb"},"inLanguage":"sv-SE","potentialAction":[{"@type":"ReadAction","target":["https:\/\/truusk.store\/sv\/produkt\/truusk-koksskap-buffeskap-justerbar-hylla-glasdorr-60x35x180-cm-vit\/"]}]},{"@type":"ImageObject","inLanguage":"sv-SE","@id":"https:\/\/truusk.store\/sv\/produkt\/truusk-koksskap-buffeskap-justerbar-hylla-glasdorr-60x35x180-cm-vit\/#primaryimage","url":"https:\/\/i0.wp.com\/truusk.store\/wp-content\/uploads\/2026\/01\/koksskap-buffeskap-med-justerbar-hylla-lada-2-skap-hoghylla-med-glasdorr-60-x-35-x-180-cm-vit-1.webp?fit=2000%2C2000&ssl=1","contentUrl":"https:\/\/i0.wp.com\/truusk.store\/wp-content\/uploads\/2026\/01\/koksskap-buffeskap-med-justerbar-hylla-lada-2-skap-hoghylla-med-glasdorr-60-x-35-x-180-cm-vit-1.webp?fit=2000%2C2000&ssl=1","width":2000,"height":2000},{"@type":"BreadcrumbList","@id":"https:\/\/truusk.store\/sv\/produkt\/truusk-koksskap-buffeskap-justerbar-hylla-glasdorr-60x35x180-cm-vit\/#breadcrumb","itemListElement":[{"@type":"ListItem","position":1,"name":"Home","item":"https:\/\/truusk.store\/sv\/"},{"@type":"ListItem","position":2,"name":"Shop","item":"https:\/\/truusk.store\/shop\/"},{"@type":"ListItem","position":3,"name":"TRUUSK K\u00f6kssk\u00e5p Buff\u00e9sk\u00e5p &#8211; Justerbar hylla &#8211; Glasd\u00f6rr &#8211; 60x35x180 cm &#8211; Vit"}]},{"@type":"WebSite","@id":"https:\/\/truusk.store\/sv\/#website","url":"https:\/\/truusk.store\/sv\/","name":"TRUUSK - Hem, Tr\u00e4dg\u00e5rd & Fritid","description":"","publisher":{"@id":"https:\/\/truusk.store\/sv\/#organization"},"potentialAction":[{"@type":"SearchAction","target":{"@type":"EntryPoint","urlTemplate":"https:\/\/truusk.store\/sv\/?s={search_term_string}"},"query-input":{"@type":"PropertyValueSpecification","valueRequired":true,"valueName":"search_term_string"}}],"inLanguage":"sv-SE"},{"@type":"Organization","@id":"https:\/\/truusk.store\/sv\/#organization","name":"TRUUSK - Hem, Tr\u00e4dg\u00e5rd & Fritid","url":"https:\/\/truusk.store\/sv\/","logo":{"@type":"ImageObject","inLanguage":"sv-SE","@id":"https:\/\/truusk.store\/sv\/#\/schema\/logo\/image\/","url":"https:\/\/i0.wp.com\/truusk.store\/wp-content\/uploads\/2026\/03\/cropped-TRUUSK.png?fit=2032%2C917&ssl=1","contentUrl":"https:\/\/i0.wp.com\/truusk.store\/wp-content\/uploads\/2026\/03\/cropped-TRUUSK.png?fit=2032%2C917&ssl=1","width":2032,"height":917,"caption":"TRUUSK - Hem, Tr\u00e4dg\u00e5rd & Fritid"},"image":{"@id":"https:\/\/truusk.store\/sv\/#\/schema\/logo\/image\/"}}]}},"jetpack_sharing_enabled":true,"_links":{"self":[{"href":"https:\/\/truusk.store\/sv\/wp-json\/wp\/v2\/product\/99205","targetHints":{"allow":["GET"]}}],"collection":[{"href":"https:\/\/truusk.store\/sv\/wp-json\/wp\/v2\/product"}],"about":[{"href":"https:\/\/truusk.store\/sv\/wp-json\/wp\/v2\/types\/product"}],"wp:featuredmedia":[{"embeddable":true,"href":"https:\/\/truusk.store\/sv\/wp-json\/wp\/v2\/media\/99192"}],"wp:attachment":[{"href":"https:\/\/truusk.store\/sv\/wp-json\/wp\/v2\/media?parent=99205"}],"wp:term":[{"taxonomy":"product_brand","embeddable":true,"href":"https:\/\/truusk.store\/sv\/wp-json\/wp\/v2\/product_brand?post=99205"},{"taxonomy":"product_cat","embeddable":true,"href":"https:\/\/truusk.store\/sv\/wp-json\/wp\/v2\/product_cat?post=99205"},{"taxonomy":"product_tag","embeddable":true,"href":"https:\/\/truusk.store\/sv\/wp-json\/wp\/v2\/product_tag?post=99205"}],"curies":[{"name":"wp","href":"https:\/\/api.w.org\/{rel}","templated":true}]}}