{"id":99215,"date":"2026-01-06T14:05:54","date_gmt":"2026-01-06T13:05:54","guid":{"rendered":"https:\/\/truusk.store\/product\/fatolj-loungefatolj-relaxfatolj-med-sherpa-fleece-metallben-i-trautseende-stoppsaten-67-x-67-x-71-cm-kramvit\/"},"modified":"2026-03-12T08:52:38","modified_gmt":"2026-03-12T07:52:38","slug":"truusk-loungefatolj-med-sherpa-fleece-metallben-i-trautseende-67-x-67-x-71-cm-kramvit","status":"publish","type":"product","link":"https:\/\/truusk.store\/sv\/produkt\/truusk-loungefatolj-med-sherpa-fleece-metallben-i-trautseende-67-x-67-x-71-cm-kramvit\/","title":{"rendered":"TRUUSK Loungef\u00e5t\u00f6lj med Sherpa-fleece &#8211; Metallben i tr\u00e4utseende &#8211; 67 x 67 x 71 cm &#8211; Kr\u00e4mvit"},"content":{"rendered":"<p>Uppt\u00e4ck [BRAND NAME] f\u00e5t\u00f6ljen, din perfekta tillflyktsort efter en anstr\u00e4ngande dag. Den mjukt b\u00f6jda ryggst\u00f6det omsluter dig som en varm kram. En gener\u00f6s sittplats, stoppad med tjock skum och kl\u00e4dd med mjukt Sherpa-fleece, erbjuder oemotst\u00e5ndlig komfort. Metallben i tr\u00e4utseende och en sittbas av eukalyptus garanterar robust stabilitet. Trots att den \u00e4r kompakt, passar denna boucl\u00e9-loungef\u00e5t\u00f6lj \u00f6verallt &#8211; perfekt f\u00f6r l\u00e4sh\u00f6rnor till sovrum.<\/p>\n<p>Beskrivning:<\/p>\n<ul>\n<li> Modern sminkstol med mjuka kurvor och metallben i tr\u00e4utseende f\u00f6r elegans<\/li>\n<li> Mjukt b\u00f6jda ryggst\u00f6d omsluter din kropp och erbjuder stresslindring hela dagen<\/li>\n<li> Rymlig fj\u00e4derk\u00e4rnsits med 25 cm skumstoppning f\u00f6r fj\u00e4drande komfort<\/li>\n<li> Sherpa-fleece\u00f6verdrag \u00e4r mjukt, andas och hudv\u00e4nligt<\/li>\n<li> Sittbas av massivt eukalyptustr\u00e4 och robusta metallben f\u00f6r stabilitet<\/li>\n<li> Filtfotdynor p\u00e5 vardagsrumf\u00e5t\u00f6ljen skyddar golvet och minskar buller<\/li>\n<li> Kompakt och m\u00e5ngsidig, fungerar som en l\u00e4s-, smink-, sovrum- eller vardagsrumsstol<\/li>\n<li> Enkel montering p\u00e5 cirka 30 minuter<\/li>\n<\/ul>\n<p> Tekniska specifikationer:<\/p>\n<ul>\n<li> F\u00e4rg: Kr\u00e4mvit<\/li>\n<li> Material: Sherpa-fleece (100% polyester), skum (100% polyuretan), eukalyptustr\u00e4, metall<\/li>\n<li> Totala dimensioner: 67B x 67D x 71H cm<\/li>\n<li> Sitsstorlek: 63B x 56D cm<\/li>\n<li> Sitth\u00f6jd: 45 cm<\/li>\n<li> Ryggst\u00f6dsstorlek: 67B x 16H cm<\/li>\n<li> Ryggst\u00f6dsh\u00f6jd: (topp till sits) 27 cm<\/li>\n<li> Sitt tjocklek: 25 cm<\/li>\n<li> Rygg tjocklek: 10 cm<\/li>\n<li> Benstorlek: \u00d83,3 x 19\/55H cm (fram\/bak)<\/li>\n<li> Belastningskapacitet: 120 kg<\/li>\n<\/ul>\n<p>Leveransinneh\u00e5ll:<\/p>\n<ul>\n<li> 1 x F\u00e5t\u00f6lj<\/li>\n<li> 1 x Handbok<\/li>\n<\/ul>\n","protected":false},"excerpt":{"rendered":"<p>Uppt\u00e4ck [BRAND NAME] f\u00e5t\u00f6ljen, din perfekta tillflyktsort efter en anstr\u00e4ngande dag. Den mjukt b\u00f6jda ryggst\u00f6det omsluter dig som en varm&#8230;<\/p>\n","protected":false},"featured_media":99206,"template":"","meta":[],"product_brand":[],"product_cat":[938,936,937,910],"product_tag":[],"class_list":{"0":"post-99215","1":"product","2":"type-product","3":"status-publish","4":"has-post-thumbnail","6":"product_cat-einzelsofas","7":"product_cat-hem-boende","8":"product_cat-soffor","9":"product_cat-vardagsrum","11":"first","12":"instock","13":"sale","14":"taxable","15":"shipping-taxable","16":"purchasable","17":"product-type-simple"},"yoast_head":"<!-- This site is optimized with the Yoast SEO plugin v25.4 - https:\/\/yoast.com\/wordpress\/plugins\/seo\/ -->\n<title>TRUUSK Loungef\u00e5t\u00f6lj med Sherpa-fleece - Metallben i tr\u00e4utseende - 67 x 67 x 71 cm - Kr\u00e4mvit - TRUUSK - Hem, Tr\u00e4dg\u00e5rd &amp; Fritid<\/title>\n<meta name=\"robots\" content=\"index, follow, max-snippet:-1, max-image-preview:large, max-video-preview:-1\" \/>\n<link rel=\"canonical\" href=\"https:\/\/truusk.store\/sv\/produkt\/truusk-loungefatolj-med-sherpa-fleece-metallben-i-trautseende-67-x-67-x-71-cm-kramvit\/\" \/>\n<meta property=\"og:locale\" content=\"sv_SE\" \/>\n<meta property=\"og:type\" content=\"article\" \/>\n<meta property=\"og:title\" content=\"TRUUSK Loungef\u00e5t\u00f6lj med Sherpa-fleece - Metallben i tr\u00e4utseende - 67 x 67 x 71 cm - Kr\u00e4mvit - TRUUSK - Hem, Tr\u00e4dg\u00e5rd &amp; Fritid\" \/>\n<meta property=\"og:description\" content=\"Uppt\u00e4ck [BRAND NAME] f\u00e5t\u00f6ljen, din perfekta tillflyktsort efter en anstr\u00e4ngande dag. Den mjukt b\u00f6jda ryggst\u00f6det omsluter dig som en varm...\" \/>\n<meta property=\"og:url\" content=\"https:\/\/truusk.store\/sv\/produkt\/truusk-loungefatolj-med-sherpa-fleece-metallben-i-trautseende-67-x-67-x-71-cm-kramvit\/\" \/>\n<meta property=\"og:site_name\" content=\"TRUUSK - Hem, Tr\u00e4dg\u00e5rd &amp; Fritid\" \/>\n<meta property=\"article:modified_time\" content=\"2026-03-12T07:52:38+00:00\" \/>\n<meta property=\"og:image\" content=\"https:\/\/i0.wp.com\/truusk.se\/wp-content\/uploads\/2026\/01\/fatolj-loungefatolj-relaxfatolj-med-sherpa-fleece-metallben-i-trautseende-stoppsaten-67-x-67-x-71-cm-kramvit-1.webp?fit=2000%2C2000&ssl=1\" \/>\n\t<meta property=\"og:image:width\" content=\"2000\" \/>\n\t<meta property=\"og:image:height\" content=\"2000\" \/>\n\t<meta property=\"og:image:type\" content=\"image\/webp\" \/>\n<meta name=\"twitter:card\" content=\"summary_large_image\" \/>\n<meta name=\"twitter:label1\" content=\"Ber\u00e4knad l\u00e4stid\" \/>\n\t<meta name=\"twitter:data1\" content=\"1 minut\" \/>\n<!-- \/ Yoast SEO plugin. -->","yoast_head_json":{"title":"TRUUSK Loungef\u00e5t\u00f6lj med Sherpa-fleece - Metallben i tr\u00e4utseende - 67 x 67 x 71 cm - Kr\u00e4mvit - TRUUSK - Hem, Tr\u00e4dg\u00e5rd &amp; Fritid","robots":{"index":"index","follow":"follow","max-snippet":"max-snippet:-1","max-image-preview":"max-image-preview:large","max-video-preview":"max-video-preview:-1"},"canonical":"https:\/\/truusk.store\/sv\/produkt\/truusk-loungefatolj-med-sherpa-fleece-metallben-i-trautseende-67-x-67-x-71-cm-kramvit\/","og_locale":"sv_SE","og_type":"article","og_title":"TRUUSK Loungef\u00e5t\u00f6lj med Sherpa-fleece - Metallben i tr\u00e4utseende - 67 x 67 x 71 cm - Kr\u00e4mvit - TRUUSK - Hem, Tr\u00e4dg\u00e5rd &amp; Fritid","og_description":"Uppt\u00e4ck [BRAND NAME] f\u00e5t\u00f6ljen, din perfekta tillflyktsort efter en anstr\u00e4ngande dag. Den mjukt b\u00f6jda ryggst\u00f6det omsluter dig som en varm...","og_url":"https:\/\/truusk.store\/sv\/produkt\/truusk-loungefatolj-med-sherpa-fleece-metallben-i-trautseende-67-x-67-x-71-cm-kramvit\/","og_site_name":"TRUUSK - Hem, Tr\u00e4dg\u00e5rd &amp; Fritid","article_modified_time":"2026-03-12T07:52:38+00:00","og_image":[{"width":2000,"height":2000,"url":"https:\/\/i0.wp.com\/truusk.se\/wp-content\/uploads\/2026\/01\/fatolj-loungefatolj-relaxfatolj-med-sherpa-fleece-metallben-i-trautseende-stoppsaten-67-x-67-x-71-cm-kramvit-1.webp?fit=2000%2C2000&ssl=1","type":"image\/webp"}],"twitter_card":"summary_large_image","twitter_misc":{"Ber\u00e4knad l\u00e4stid":"1 minut"},"schema":{"@context":"https:\/\/schema.org","@graph":[{"@type":"WebPage","@id":"https:\/\/truusk.store\/sv\/produkt\/truusk-loungefatolj-med-sherpa-fleece-metallben-i-trautseende-67-x-67-x-71-cm-kramvit\/","url":"https:\/\/truusk.store\/sv\/produkt\/truusk-loungefatolj-med-sherpa-fleece-metallben-i-trautseende-67-x-67-x-71-cm-kramvit\/","name":"TRUUSK Loungef\u00e5t\u00f6lj med Sherpa-fleece - Metallben i tr\u00e4utseende - 67 x 67 x 71 cm - Kr\u00e4mvit - TRUUSK - Hem, Tr\u00e4dg\u00e5rd &amp; Fritid","isPartOf":{"@id":"https:\/\/truusk.store\/sv\/#website"},"primaryImageOfPage":{"@id":"https:\/\/truusk.store\/sv\/produkt\/truusk-loungefatolj-med-sherpa-fleece-metallben-i-trautseende-67-x-67-x-71-cm-kramvit\/#primaryimage"},"image":{"@id":"https:\/\/truusk.store\/sv\/produkt\/truusk-loungefatolj-med-sherpa-fleece-metallben-i-trautseende-67-x-67-x-71-cm-kramvit\/#primaryimage"},"thumbnailUrl":"https:\/\/i0.wp.com\/truusk.store\/wp-content\/uploads\/2026\/01\/fatolj-loungefatolj-relaxfatolj-med-sherpa-fleece-metallben-i-trautseende-stoppsaten-67-x-67-x-71-cm-kramvit-1.webp?fit=2000%2C2000&ssl=1","datePublished":"2026-01-06T13:05:54+00:00","dateModified":"2026-03-12T07:52:38+00:00","breadcrumb":{"@id":"https:\/\/truusk.store\/sv\/produkt\/truusk-loungefatolj-med-sherpa-fleece-metallben-i-trautseende-67-x-67-x-71-cm-kramvit\/#breadcrumb"},"inLanguage":"sv-SE","potentialAction":[{"@type":"ReadAction","target":["https:\/\/truusk.store\/sv\/produkt\/truusk-loungefatolj-med-sherpa-fleece-metallben-i-trautseende-67-x-67-x-71-cm-kramvit\/"]}]},{"@type":"ImageObject","inLanguage":"sv-SE","@id":"https:\/\/truusk.store\/sv\/produkt\/truusk-loungefatolj-med-sherpa-fleece-metallben-i-trautseende-67-x-67-x-71-cm-kramvit\/#primaryimage","url":"https:\/\/i0.wp.com\/truusk.store\/wp-content\/uploads\/2026\/01\/fatolj-loungefatolj-relaxfatolj-med-sherpa-fleece-metallben-i-trautseende-stoppsaten-67-x-67-x-71-cm-kramvit-1.webp?fit=2000%2C2000&ssl=1","contentUrl":"https:\/\/i0.wp.com\/truusk.store\/wp-content\/uploads\/2026\/01\/fatolj-loungefatolj-relaxfatolj-med-sherpa-fleece-metallben-i-trautseende-stoppsaten-67-x-67-x-71-cm-kramvit-1.webp?fit=2000%2C2000&ssl=1","width":2000,"height":2000},{"@type":"BreadcrumbList","@id":"https:\/\/truusk.store\/sv\/produkt\/truusk-loungefatolj-med-sherpa-fleece-metallben-i-trautseende-67-x-67-x-71-cm-kramvit\/#breadcrumb","itemListElement":[{"@type":"ListItem","position":1,"name":"Home","item":"https:\/\/truusk.store\/sv\/"},{"@type":"ListItem","position":2,"name":"Shop","item":"https:\/\/truusk.store\/shop\/"},{"@type":"ListItem","position":3,"name":"TRUUSK Loungef\u00e5t\u00f6lj med Sherpa-fleece &#8211; Metallben i tr\u00e4utseende &#8211; 67 x 67 x 71 cm &#8211; Kr\u00e4mvit"}]},{"@type":"WebSite","@id":"https:\/\/truusk.store\/sv\/#website","url":"https:\/\/truusk.store\/sv\/","name":"TRUUSK - Hem, Tr\u00e4dg\u00e5rd & Fritid","description":"","publisher":{"@id":"https:\/\/truusk.store\/sv\/#organization"},"potentialAction":[{"@type":"SearchAction","target":{"@type":"EntryPoint","urlTemplate":"https:\/\/truusk.store\/sv\/?s={search_term_string}"},"query-input":{"@type":"PropertyValueSpecification","valueRequired":true,"valueName":"search_term_string"}}],"inLanguage":"sv-SE"},{"@type":"Organization","@id":"https:\/\/truusk.store\/sv\/#organization","name":"TRUUSK - Hem, Tr\u00e4dg\u00e5rd & Fritid","url":"https:\/\/truusk.store\/sv\/","logo":{"@type":"ImageObject","inLanguage":"sv-SE","@id":"https:\/\/truusk.store\/sv\/#\/schema\/logo\/image\/","url":"https:\/\/i0.wp.com\/truusk.store\/wp-content\/uploads\/2026\/03\/cropped-TRUUSK.png?fit=2032%2C917&ssl=1","contentUrl":"https:\/\/i0.wp.com\/truusk.store\/wp-content\/uploads\/2026\/03\/cropped-TRUUSK.png?fit=2032%2C917&ssl=1","width":2032,"height":917,"caption":"TRUUSK - Hem, Tr\u00e4dg\u00e5rd & Fritid"},"image":{"@id":"https:\/\/truusk.store\/sv\/#\/schema\/logo\/image\/"}}]}},"jetpack_sharing_enabled":true,"_links":{"self":[{"href":"https:\/\/truusk.store\/sv\/wp-json\/wp\/v2\/product\/99215","targetHints":{"allow":["GET"]}}],"collection":[{"href":"https:\/\/truusk.store\/sv\/wp-json\/wp\/v2\/product"}],"about":[{"href":"https:\/\/truusk.store\/sv\/wp-json\/wp\/v2\/types\/product"}],"wp:featuredmedia":[{"embeddable":true,"href":"https:\/\/truusk.store\/sv\/wp-json\/wp\/v2\/media\/99206"}],"wp:attachment":[{"href":"https:\/\/truusk.store\/sv\/wp-json\/wp\/v2\/media?parent=99215"}],"wp:term":[{"taxonomy":"product_brand","embeddable":true,"href":"https:\/\/truusk.store\/sv\/wp-json\/wp\/v2\/product_brand?post=99215"},{"taxonomy":"product_cat","embeddable":true,"href":"https:\/\/truusk.store\/sv\/wp-json\/wp\/v2\/product_cat?post=99215"},{"taxonomy":"product_tag","embeddable":true,"href":"https:\/\/truusk.store\/sv\/wp-json\/wp\/v2\/product_tag?post=99215"}],"curies":[{"name":"wp","href":"https:\/\/api.w.org\/{rel}","templated":true}]}}