{"id":99255,"date":"2026-01-06T14:09:37","date_gmt":"2026-01-06T13:09:37","guid":{"rendered":"https:\/\/truusk.store\/product\/konstgjord-violfikontrad-konstvaxt-med-71-blad-massivt-tradstam-kruka-50-x-50-x-150-cm-gron\/"},"modified":"2026-03-12T08:52:47","modified_gmt":"2026-03-12T07:52:47","slug":"truusk-konstgjord-violfikontrad-71-blad-massivt-tradstam-kruka-50x50x150-cm-gron","status":"publish","type":"product","link":"https:\/\/truusk.store\/sv\/produkt\/truusk-konstgjord-violfikontrad-71-blad-massivt-tradstam-kruka-50x50x150-cm-gron\/","title":{"rendered":"TRUUSK Konstgjord Violfikontr\u00e4d &#8211; 71 Blad &#8211; Massivt Tr\u00e4dstam &#8211; Kruka &#8211; 50x50x150 cm &#8211; Gr\u00f6n"},"content":{"rendered":"<p>St\u00f6rd av ett livl\u00f6st hem eftersom riktiga v\u00e4xter inte klarar din hektiska vardag eller den m\u00f6rka belysningen? Vissnandet av ytterligare en v\u00e4xt \u00e4r frustrerande. V\u00e4lkommen till varaktig lugn med [BRAND NAME] konstgjorda v\u00e4xt. Riktiga blad och en tr\u00e4dstam ger f\u00e4rskt, l\u00e4ttsk\u00f6tt gr\u00f6nt direkt ur f\u00f6rpackningen. Denna bedr\u00e4gligt \u00e4kta konstgjorda v\u00e4xt f\u00f6rb\u00e4ttrar omedelbart din inredning och skapar l\u00e4tt den lugna, eleganta tillflyktsort du alltid har dr\u00f6mt om.<\/p>\n<p>Beskrivning:<\/p>\n<ul>\n<li> Har plastblad som k\u00e4nns \u00e4kta och massiva tr\u00e4dstammar f\u00f6r ett ultrarealistiskt utseende<\/li>\n<li> Njut av st\u00e4ndigt gr\u00f6nska sk\u00f6nhet utan n\u00e5got underh\u00e5ll eller bevattning<\/li>\n<li> Justerbara grenar med blad g\u00f6r det enkelt att anpassa tr\u00e4dets form<\/li>\n<li> L\u00e4mplig f\u00f6r vardagsrum, sovrum, hemmakontor och entr\u00e9omr\u00e5den<\/li>\n<li> En viktad bas ger stabilitet och g\u00f6r den s\u00e4ker f\u00f6r sm\u00e5 barn och husdjur<\/li>\n<li> Kommer helt monterad, redo att visa upp<\/li>\n<\/ul>\n<p> Tekniska specifikationer:<\/p>\n<ul>\n<li> F\u00e4rg: Gr\u00f6n<\/li>\n<li> Material: Plast, tr\u00e4, cement<\/li>\n<li> Totala dimensioner: 50L x 50B x 150H cm<\/li>\n<li> Basstorlek: \u00d818 x 17H cm<\/li>\n<li> Typ: Fikontr\u00e4d<\/li>\n<\/ul>\n<p>Leveransinneh\u00e5ll:<\/p>\n<ul>\n<li> 1 x Konstgjord Fikontr\u00e4d<\/li>\n<li> 1 x Bruksanvisning<\/li>\n<\/ul>\n","protected":false},"excerpt":{"rendered":"<p>St\u00f6rd av ett livl\u00f6st hem eftersom riktiga v\u00e4xter inte klarar din hektiska vardag eller den m\u00f6rka belysningen? Vissnandet av ytterligare&#8230;<\/p>\n","protected":false},"featured_media":99246,"template":"","meta":[],"product_brand":[],"product_cat":[962,871,681],"product_tag":[],"class_list":{"0":"post-99255","1":"product","2":"type-product","3":"status-publish","4":"has-post-thumbnail","6":"product_cat-dekoration","7":"product_cat-hus-hem","8":"product_cat-konstgjorda-vaxter","10":"first","11":"instock","12":"sale","13":"taxable","14":"shipping-taxable","15":"purchasable","16":"product-type-simple"},"yoast_head":"<!-- This site is optimized with the Yoast SEO plugin v25.4 - https:\/\/yoast.com\/wordpress\/plugins\/seo\/ -->\n<title>TRUUSK Konstgjord Violfikontr\u00e4d - 71 Blad - Massivt Tr\u00e4dstam - Kruka - 50x50x150 cm - Gr\u00f6n - TRUUSK - Hem, Tr\u00e4dg\u00e5rd &amp; Fritid<\/title>\n<meta name=\"robots\" content=\"index, follow, max-snippet:-1, max-image-preview:large, max-video-preview:-1\" \/>\n<link rel=\"canonical\" href=\"https:\/\/truusk.store\/sv\/produkt\/truusk-konstgjord-violfikontrad-71-blad-massivt-tradstam-kruka-50x50x150-cm-gron\/\" \/>\n<meta property=\"og:locale\" content=\"sv_SE\" \/>\n<meta property=\"og:type\" content=\"article\" \/>\n<meta property=\"og:title\" content=\"TRUUSK Konstgjord Violfikontr\u00e4d - 71 Blad - Massivt Tr\u00e4dstam - Kruka - 50x50x150 cm - Gr\u00f6n - TRUUSK - Hem, Tr\u00e4dg\u00e5rd &amp; Fritid\" \/>\n<meta property=\"og:description\" content=\"St\u00f6rd av ett livl\u00f6st hem eftersom riktiga v\u00e4xter inte klarar din hektiska vardag eller den m\u00f6rka belysningen? Vissnandet av ytterligare...\" \/>\n<meta property=\"og:url\" content=\"https:\/\/truusk.store\/sv\/produkt\/truusk-konstgjord-violfikontrad-71-blad-massivt-tradstam-kruka-50x50x150-cm-gron\/\" \/>\n<meta property=\"og:site_name\" content=\"TRUUSK - Hem, Tr\u00e4dg\u00e5rd &amp; Fritid\" \/>\n<meta property=\"article:modified_time\" content=\"2026-03-12T07:52:47+00:00\" \/>\n<meta property=\"og:image\" content=\"https:\/\/i0.wp.com\/truusk.se\/wp-content\/uploads\/2026\/01\/konstgjord-violfikontrad-konstvaxt-med-71-blad-massivt-tradstam-kruka-50-x-50-x-150-cm-gron-1.webp?fit=2000%2C2000&ssl=1\" \/>\n\t<meta property=\"og:image:width\" content=\"2000\" \/>\n\t<meta property=\"og:image:height\" content=\"2000\" \/>\n\t<meta property=\"og:image:type\" content=\"image\/webp\" \/>\n<meta name=\"twitter:card\" content=\"summary_large_image\" \/>\n<meta name=\"twitter:label1\" content=\"Ber\u00e4knad l\u00e4stid\" \/>\n\t<meta name=\"twitter:data1\" content=\"1 minut\" \/>\n<!-- \/ Yoast SEO plugin. -->","yoast_head_json":{"title":"TRUUSK Konstgjord Violfikontr\u00e4d - 71 Blad - Massivt Tr\u00e4dstam - Kruka - 50x50x150 cm - Gr\u00f6n - TRUUSK - Hem, Tr\u00e4dg\u00e5rd &amp; Fritid","robots":{"index":"index","follow":"follow","max-snippet":"max-snippet:-1","max-image-preview":"max-image-preview:large","max-video-preview":"max-video-preview:-1"},"canonical":"https:\/\/truusk.store\/sv\/produkt\/truusk-konstgjord-violfikontrad-71-blad-massivt-tradstam-kruka-50x50x150-cm-gron\/","og_locale":"sv_SE","og_type":"article","og_title":"TRUUSK Konstgjord Violfikontr\u00e4d - 71 Blad - Massivt Tr\u00e4dstam - Kruka - 50x50x150 cm - Gr\u00f6n - TRUUSK - Hem, Tr\u00e4dg\u00e5rd &amp; Fritid","og_description":"St\u00f6rd av ett livl\u00f6st hem eftersom riktiga v\u00e4xter inte klarar din hektiska vardag eller den m\u00f6rka belysningen? Vissnandet av ytterligare...","og_url":"https:\/\/truusk.store\/sv\/produkt\/truusk-konstgjord-violfikontrad-71-blad-massivt-tradstam-kruka-50x50x150-cm-gron\/","og_site_name":"TRUUSK - Hem, Tr\u00e4dg\u00e5rd &amp; Fritid","article_modified_time":"2026-03-12T07:52:47+00:00","og_image":[{"width":2000,"height":2000,"url":"https:\/\/i0.wp.com\/truusk.se\/wp-content\/uploads\/2026\/01\/konstgjord-violfikontrad-konstvaxt-med-71-blad-massivt-tradstam-kruka-50-x-50-x-150-cm-gron-1.webp?fit=2000%2C2000&ssl=1","type":"image\/webp"}],"twitter_card":"summary_large_image","twitter_misc":{"Ber\u00e4knad l\u00e4stid":"1 minut"},"schema":{"@context":"https:\/\/schema.org","@graph":[{"@type":"WebPage","@id":"https:\/\/truusk.store\/sv\/produkt\/truusk-konstgjord-violfikontrad-71-blad-massivt-tradstam-kruka-50x50x150-cm-gron\/","url":"https:\/\/truusk.store\/sv\/produkt\/truusk-konstgjord-violfikontrad-71-blad-massivt-tradstam-kruka-50x50x150-cm-gron\/","name":"TRUUSK Konstgjord Violfikontr\u00e4d - 71 Blad - Massivt Tr\u00e4dstam - Kruka - 50x50x150 cm - Gr\u00f6n - TRUUSK - Hem, Tr\u00e4dg\u00e5rd &amp; Fritid","isPartOf":{"@id":"https:\/\/truusk.store\/sv\/#website"},"primaryImageOfPage":{"@id":"https:\/\/truusk.store\/sv\/produkt\/truusk-konstgjord-violfikontrad-71-blad-massivt-tradstam-kruka-50x50x150-cm-gron\/#primaryimage"},"image":{"@id":"https:\/\/truusk.store\/sv\/produkt\/truusk-konstgjord-violfikontrad-71-blad-massivt-tradstam-kruka-50x50x150-cm-gron\/#primaryimage"},"thumbnailUrl":"https:\/\/i0.wp.com\/truusk.store\/wp-content\/uploads\/2026\/01\/konstgjord-violfikontrad-konstvaxt-med-71-blad-massivt-tradstam-kruka-50-x-50-x-150-cm-gron-1.webp?fit=2000%2C2000&ssl=1","datePublished":"2026-01-06T13:09:37+00:00","dateModified":"2026-03-12T07:52:47+00:00","breadcrumb":{"@id":"https:\/\/truusk.store\/sv\/produkt\/truusk-konstgjord-violfikontrad-71-blad-massivt-tradstam-kruka-50x50x150-cm-gron\/#breadcrumb"},"inLanguage":"sv-SE","potentialAction":[{"@type":"ReadAction","target":["https:\/\/truusk.store\/sv\/produkt\/truusk-konstgjord-violfikontrad-71-blad-massivt-tradstam-kruka-50x50x150-cm-gron\/"]}]},{"@type":"ImageObject","inLanguage":"sv-SE","@id":"https:\/\/truusk.store\/sv\/produkt\/truusk-konstgjord-violfikontrad-71-blad-massivt-tradstam-kruka-50x50x150-cm-gron\/#primaryimage","url":"https:\/\/i0.wp.com\/truusk.store\/wp-content\/uploads\/2026\/01\/konstgjord-violfikontrad-konstvaxt-med-71-blad-massivt-tradstam-kruka-50-x-50-x-150-cm-gron-1.webp?fit=2000%2C2000&ssl=1","contentUrl":"https:\/\/i0.wp.com\/truusk.store\/wp-content\/uploads\/2026\/01\/konstgjord-violfikontrad-konstvaxt-med-71-blad-massivt-tradstam-kruka-50-x-50-x-150-cm-gron-1.webp?fit=2000%2C2000&ssl=1","width":2000,"height":2000},{"@type":"BreadcrumbList","@id":"https:\/\/truusk.store\/sv\/produkt\/truusk-konstgjord-violfikontrad-71-blad-massivt-tradstam-kruka-50x50x150-cm-gron\/#breadcrumb","itemListElement":[{"@type":"ListItem","position":1,"name":"Home","item":"https:\/\/truusk.store\/sv\/"},{"@type":"ListItem","position":2,"name":"Shop","item":"https:\/\/truusk.store\/shop\/"},{"@type":"ListItem","position":3,"name":"TRUUSK Konstgjord Violfikontr\u00e4d &#8211; 71 Blad &#8211; Massivt Tr\u00e4dstam &#8211; Kruka &#8211; 50x50x150 cm &#8211; Gr\u00f6n"}]},{"@type":"WebSite","@id":"https:\/\/truusk.store\/sv\/#website","url":"https:\/\/truusk.store\/sv\/","name":"TRUUSK - Hem, Tr\u00e4dg\u00e5rd & Fritid","description":"","publisher":{"@id":"https:\/\/truusk.store\/sv\/#organization"},"potentialAction":[{"@type":"SearchAction","target":{"@type":"EntryPoint","urlTemplate":"https:\/\/truusk.store\/sv\/?s={search_term_string}"},"query-input":{"@type":"PropertyValueSpecification","valueRequired":true,"valueName":"search_term_string"}}],"inLanguage":"sv-SE"},{"@type":"Organization","@id":"https:\/\/truusk.store\/sv\/#organization","name":"TRUUSK - Hem, Tr\u00e4dg\u00e5rd & Fritid","url":"https:\/\/truusk.store\/sv\/","logo":{"@type":"ImageObject","inLanguage":"sv-SE","@id":"https:\/\/truusk.store\/sv\/#\/schema\/logo\/image\/","url":"https:\/\/i0.wp.com\/truusk.store\/wp-content\/uploads\/2026\/03\/cropped-TRUUSK.png?fit=2032%2C917&ssl=1","contentUrl":"https:\/\/i0.wp.com\/truusk.store\/wp-content\/uploads\/2026\/03\/cropped-TRUUSK.png?fit=2032%2C917&ssl=1","width":2032,"height":917,"caption":"TRUUSK - Hem, Tr\u00e4dg\u00e5rd & Fritid"},"image":{"@id":"https:\/\/truusk.store\/sv\/#\/schema\/logo\/image\/"}}]}},"jetpack_sharing_enabled":true,"_links":{"self":[{"href":"https:\/\/truusk.store\/sv\/wp-json\/wp\/v2\/product\/99255","targetHints":{"allow":["GET"]}}],"collection":[{"href":"https:\/\/truusk.store\/sv\/wp-json\/wp\/v2\/product"}],"about":[{"href":"https:\/\/truusk.store\/sv\/wp-json\/wp\/v2\/types\/product"}],"wp:featuredmedia":[{"embeddable":true,"href":"https:\/\/truusk.store\/sv\/wp-json\/wp\/v2\/media\/99246"}],"wp:attachment":[{"href":"https:\/\/truusk.store\/sv\/wp-json\/wp\/v2\/media?parent=99255"}],"wp:term":[{"taxonomy":"product_brand","embeddable":true,"href":"https:\/\/truusk.store\/sv\/wp-json\/wp\/v2\/product_brand?post=99255"},{"taxonomy":"product_cat","embeddable":true,"href":"https:\/\/truusk.store\/sv\/wp-json\/wp\/v2\/product_cat?post=99255"},{"taxonomy":"product_tag","embeddable":true,"href":"https:\/\/truusk.store\/sv\/wp-json\/wp\/v2\/product_tag?post=99255"}],"curies":[{"name":"wp","href":"https:\/\/api.w.org\/{rel}","templated":true}]}}