{"id":99265,"date":"2026-01-06T14:10:37","date_gmt":"2026-01-06T13:10:37","guid":{"rendered":"https:\/\/truusk.store\/product\/konstgjord-glansmispel-90-cm-konstvaxt-med-300-blad-justerbara-grenar-45-x-45-x-90-cm-rodgron\/"},"modified":"2026-03-12T08:52:47","modified_gmt":"2026-03-12T07:52:47","slug":"truusk-konstgjord-glansmispel-90-cm-konstvaxt-med-300-blad-justerbara-grenar-rodgron-45-x-45-x-90-cm","status":"publish","type":"product","link":"https:\/\/truusk.store\/sv\/produkt\/truusk-konstgjord-glansmispel-90-cm-konstvaxt-med-300-blad-justerbara-grenar-rodgron-45-x-45-x-90-cm\/","title":{"rendered":"TRUUSK Konstgjord Glansmispel 90 cm &#8211; Konstv\u00e4xt med 300 blad &#8211; Justerbara grenar &#8211; R\u00f6d+Gr\u00f6n &#8211; 45 x 45 x 90 cm"},"content":{"rendered":"<p>Har du sv\u00e5rt att h\u00e5lla dina v\u00e4xter vid liv med ett fullbokat schema? Saknar ditt hem k\u00e4nslan av levande natur, vilket v\u00e4cker \u00f6nskan om en stressfri, fridfull oas? Den konstgjorda v\u00e4xten fr\u00e5n [BRAND NAME] \u00e4r den ideala l\u00f6sningen. Upplev anstr\u00e4ngningsl\u00f6sa, best\u00e4ndiga gr\u00f6na v\u00e4xter med naturtrogna blad. Forma de b\u00f6jbara grenarna p\u00e5 denna konstgjorda v\u00e4xt efter din smak och skapa din egen underh\u00e5llsfria fridfulla oas.<\/p>\n<p>Beskrivning:<\/p>\n<ul>\n<li> 300 naturtrogna plastblad erbjuder levande r\u00f6d-gr\u00f6na f\u00e4rger f\u00f6r omedelbar sk\u00f6nhet<\/li>\n<li> Njut av evig sk\u00f6nhet utan n\u00e5gon sk\u00f6tsel, ingen vattning eller besk\u00e4rning kr\u00e4vs<\/li>\n<li> B\u00f6jbara tr\u00e5dgrenar g\u00f6r att du kan forma v\u00e4xten efter ditt utrymme<\/li>\n<li> St\u00e5r 90 cm h\u00f6g, l\u00e4mplig f\u00f6r h\u00f6rn, entr\u00e9er eller kontor<\/li>\n<li> En tung cementbas ger utm\u00e4rkt stabilitet f\u00f6r att f\u00f6rhindra oavsiktligt v\u00e4lting<\/li>\n<li> Kommer helt monterad, redo att presenteras<\/li>\n<\/ul>\n<p> Tekniska specifikationer:<\/p>\n<ul>\n<li> F\u00e4rg: R\u00f6d+Gr\u00f6n<\/li>\n<li> Material: Plast, Cement<\/li>\n<li> Totala dimensioner: 45L x 45B x 90H cm<\/li>\n<li> Basstorlek: \u00d816 cm x 13H cm<\/li>\n<\/ul>\n<p>Inneh\u00e5ll:<\/p>\n<ul>\n<li> 1 x konstgjord Photinia-v\u00e4xt<\/li>\n<li> 1 x bruksanvisning<\/li>\n<\/ul>\n","protected":false},"excerpt":{"rendered":"<p>Har du sv\u00e5rt att h\u00e5lla dina v\u00e4xter vid liv med ett fullbokat schema? Saknar ditt hem k\u00e4nslan av levande natur,&#8230;<\/p>\n","protected":false},"featured_media":99256,"template":"","meta":[],"product_brand":[],"product_cat":[962,871,681],"product_tag":[],"class_list":{"0":"post-99265","1":"product","2":"type-product","3":"status-publish","4":"has-post-thumbnail","6":"product_cat-dekoration","7":"product_cat-hus-hem","8":"product_cat-konstgjorda-vaxter","10":"first","11":"instock","12":"sale","13":"taxable","14":"shipping-taxable","15":"purchasable","16":"product-type-simple"},"yoast_head":"<!-- This site is optimized with the Yoast SEO plugin v25.4 - https:\/\/yoast.com\/wordpress\/plugins\/seo\/ -->\n<title>TRUUSK Konstgjord Glansmispel 90 cm - Konstv\u00e4xt med 300 blad - Justerbara grenar - R\u00f6d+Gr\u00f6n - 45 x 45 x 90 cm - TRUUSK - Hem, Tr\u00e4dg\u00e5rd &amp; Fritid<\/title>\n<meta name=\"robots\" content=\"index, follow, max-snippet:-1, max-image-preview:large, max-video-preview:-1\" \/>\n<link rel=\"canonical\" href=\"https:\/\/truusk.store\/sv\/produkt\/truusk-konstgjord-glansmispel-90-cm-konstvaxt-med-300-blad-justerbara-grenar-rodgron-45-x-45-x-90-cm\/\" \/>\n<meta property=\"og:locale\" content=\"sv_SE\" \/>\n<meta property=\"og:type\" content=\"article\" \/>\n<meta property=\"og:title\" content=\"TRUUSK Konstgjord Glansmispel 90 cm - Konstv\u00e4xt med 300 blad - Justerbara grenar - R\u00f6d+Gr\u00f6n - 45 x 45 x 90 cm - TRUUSK - Hem, Tr\u00e4dg\u00e5rd &amp; Fritid\" \/>\n<meta property=\"og:description\" content=\"Har du sv\u00e5rt att h\u00e5lla dina v\u00e4xter vid liv med ett fullbokat schema? Saknar ditt hem k\u00e4nslan av levande natur,...\" \/>\n<meta property=\"og:url\" content=\"https:\/\/truusk.store\/sv\/produkt\/truusk-konstgjord-glansmispel-90-cm-konstvaxt-med-300-blad-justerbara-grenar-rodgron-45-x-45-x-90-cm\/\" \/>\n<meta property=\"og:site_name\" content=\"TRUUSK - Hem, Tr\u00e4dg\u00e5rd &amp; Fritid\" \/>\n<meta property=\"article:modified_time\" content=\"2026-03-12T07:52:47+00:00\" \/>\n<meta property=\"og:image\" content=\"https:\/\/i0.wp.com\/truusk.se\/wp-content\/uploads\/2026\/01\/konstgjord-glansmispel-90-cm-konstvaxt-med-300-blad-justerbara-grenar-45-x-45-x-90-cm-rodgron-1.webp?fit=2000%2C2000&ssl=1\" \/>\n\t<meta property=\"og:image:width\" content=\"2000\" \/>\n\t<meta property=\"og:image:height\" content=\"2000\" \/>\n\t<meta property=\"og:image:type\" content=\"image\/webp\" \/>\n<meta name=\"twitter:card\" content=\"summary_large_image\" \/>\n<meta name=\"twitter:label1\" content=\"Ber\u00e4knad l\u00e4stid\" \/>\n\t<meta name=\"twitter:data1\" content=\"1 minut\" \/>\n<!-- \/ Yoast SEO plugin. -->","yoast_head_json":{"title":"TRUUSK Konstgjord Glansmispel 90 cm - Konstv\u00e4xt med 300 blad - Justerbara grenar - R\u00f6d+Gr\u00f6n - 45 x 45 x 90 cm - TRUUSK - Hem, Tr\u00e4dg\u00e5rd &amp; Fritid","robots":{"index":"index","follow":"follow","max-snippet":"max-snippet:-1","max-image-preview":"max-image-preview:large","max-video-preview":"max-video-preview:-1"},"canonical":"https:\/\/truusk.store\/sv\/produkt\/truusk-konstgjord-glansmispel-90-cm-konstvaxt-med-300-blad-justerbara-grenar-rodgron-45-x-45-x-90-cm\/","og_locale":"sv_SE","og_type":"article","og_title":"TRUUSK Konstgjord Glansmispel 90 cm - Konstv\u00e4xt med 300 blad - Justerbara grenar - R\u00f6d+Gr\u00f6n - 45 x 45 x 90 cm - TRUUSK - Hem, Tr\u00e4dg\u00e5rd &amp; Fritid","og_description":"Har du sv\u00e5rt att h\u00e5lla dina v\u00e4xter vid liv med ett fullbokat schema? Saknar ditt hem k\u00e4nslan av levande natur,...","og_url":"https:\/\/truusk.store\/sv\/produkt\/truusk-konstgjord-glansmispel-90-cm-konstvaxt-med-300-blad-justerbara-grenar-rodgron-45-x-45-x-90-cm\/","og_site_name":"TRUUSK - Hem, Tr\u00e4dg\u00e5rd &amp; Fritid","article_modified_time":"2026-03-12T07:52:47+00:00","og_image":[{"width":2000,"height":2000,"url":"https:\/\/i0.wp.com\/truusk.se\/wp-content\/uploads\/2026\/01\/konstgjord-glansmispel-90-cm-konstvaxt-med-300-blad-justerbara-grenar-45-x-45-x-90-cm-rodgron-1.webp?fit=2000%2C2000&ssl=1","type":"image\/webp"}],"twitter_card":"summary_large_image","twitter_misc":{"Ber\u00e4knad l\u00e4stid":"1 minut"},"schema":{"@context":"https:\/\/schema.org","@graph":[{"@type":"WebPage","@id":"https:\/\/truusk.store\/sv\/produkt\/truusk-konstgjord-glansmispel-90-cm-konstvaxt-med-300-blad-justerbara-grenar-rodgron-45-x-45-x-90-cm\/","url":"https:\/\/truusk.store\/sv\/produkt\/truusk-konstgjord-glansmispel-90-cm-konstvaxt-med-300-blad-justerbara-grenar-rodgron-45-x-45-x-90-cm\/","name":"TRUUSK Konstgjord Glansmispel 90 cm - Konstv\u00e4xt med 300 blad - Justerbara grenar - R\u00f6d+Gr\u00f6n - 45 x 45 x 90 cm - TRUUSK - Hem, Tr\u00e4dg\u00e5rd &amp; Fritid","isPartOf":{"@id":"https:\/\/truusk.store\/sv\/#website"},"primaryImageOfPage":{"@id":"https:\/\/truusk.store\/sv\/produkt\/truusk-konstgjord-glansmispel-90-cm-konstvaxt-med-300-blad-justerbara-grenar-rodgron-45-x-45-x-90-cm\/#primaryimage"},"image":{"@id":"https:\/\/truusk.store\/sv\/produkt\/truusk-konstgjord-glansmispel-90-cm-konstvaxt-med-300-blad-justerbara-grenar-rodgron-45-x-45-x-90-cm\/#primaryimage"},"thumbnailUrl":"https:\/\/i0.wp.com\/truusk.store\/wp-content\/uploads\/2026\/01\/konstgjord-glansmispel-90-cm-konstvaxt-med-300-blad-justerbara-grenar-45-x-45-x-90-cm-rodgron-1.webp?fit=2000%2C2000&ssl=1","datePublished":"2026-01-06T13:10:37+00:00","dateModified":"2026-03-12T07:52:47+00:00","breadcrumb":{"@id":"https:\/\/truusk.store\/sv\/produkt\/truusk-konstgjord-glansmispel-90-cm-konstvaxt-med-300-blad-justerbara-grenar-rodgron-45-x-45-x-90-cm\/#breadcrumb"},"inLanguage":"sv-SE","potentialAction":[{"@type":"ReadAction","target":["https:\/\/truusk.store\/sv\/produkt\/truusk-konstgjord-glansmispel-90-cm-konstvaxt-med-300-blad-justerbara-grenar-rodgron-45-x-45-x-90-cm\/"]}]},{"@type":"ImageObject","inLanguage":"sv-SE","@id":"https:\/\/truusk.store\/sv\/produkt\/truusk-konstgjord-glansmispel-90-cm-konstvaxt-med-300-blad-justerbara-grenar-rodgron-45-x-45-x-90-cm\/#primaryimage","url":"https:\/\/i0.wp.com\/truusk.store\/wp-content\/uploads\/2026\/01\/konstgjord-glansmispel-90-cm-konstvaxt-med-300-blad-justerbara-grenar-45-x-45-x-90-cm-rodgron-1.webp?fit=2000%2C2000&ssl=1","contentUrl":"https:\/\/i0.wp.com\/truusk.store\/wp-content\/uploads\/2026\/01\/konstgjord-glansmispel-90-cm-konstvaxt-med-300-blad-justerbara-grenar-45-x-45-x-90-cm-rodgron-1.webp?fit=2000%2C2000&ssl=1","width":2000,"height":2000},{"@type":"BreadcrumbList","@id":"https:\/\/truusk.store\/sv\/produkt\/truusk-konstgjord-glansmispel-90-cm-konstvaxt-med-300-blad-justerbara-grenar-rodgron-45-x-45-x-90-cm\/#breadcrumb","itemListElement":[{"@type":"ListItem","position":1,"name":"Home","item":"https:\/\/truusk.store\/sv\/"},{"@type":"ListItem","position":2,"name":"Shop","item":"https:\/\/truusk.store\/shop\/"},{"@type":"ListItem","position":3,"name":"TRUUSK Konstgjord Glansmispel 90 cm &#8211; Konstv\u00e4xt med 300 blad &#8211; Justerbara grenar &#8211; R\u00f6d+Gr\u00f6n &#8211; 45 x 45 x 90 cm"}]},{"@type":"WebSite","@id":"https:\/\/truusk.store\/sv\/#website","url":"https:\/\/truusk.store\/sv\/","name":"TRUUSK - Hem, Tr\u00e4dg\u00e5rd & Fritid","description":"","publisher":{"@id":"https:\/\/truusk.store\/sv\/#organization"},"potentialAction":[{"@type":"SearchAction","target":{"@type":"EntryPoint","urlTemplate":"https:\/\/truusk.store\/sv\/?s={search_term_string}"},"query-input":{"@type":"PropertyValueSpecification","valueRequired":true,"valueName":"search_term_string"}}],"inLanguage":"sv-SE"},{"@type":"Organization","@id":"https:\/\/truusk.store\/sv\/#organization","name":"TRUUSK - Hem, Tr\u00e4dg\u00e5rd & Fritid","url":"https:\/\/truusk.store\/sv\/","logo":{"@type":"ImageObject","inLanguage":"sv-SE","@id":"https:\/\/truusk.store\/sv\/#\/schema\/logo\/image\/","url":"https:\/\/i0.wp.com\/truusk.store\/wp-content\/uploads\/2026\/03\/cropped-TRUUSK.png?fit=2032%2C917&ssl=1","contentUrl":"https:\/\/i0.wp.com\/truusk.store\/wp-content\/uploads\/2026\/03\/cropped-TRUUSK.png?fit=2032%2C917&ssl=1","width":2032,"height":917,"caption":"TRUUSK - Hem, Tr\u00e4dg\u00e5rd & Fritid"},"image":{"@id":"https:\/\/truusk.store\/sv\/#\/schema\/logo\/image\/"}}]}},"jetpack_sharing_enabled":true,"_links":{"self":[{"href":"https:\/\/truusk.store\/sv\/wp-json\/wp\/v2\/product\/99265","targetHints":{"allow":["GET"]}}],"collection":[{"href":"https:\/\/truusk.store\/sv\/wp-json\/wp\/v2\/product"}],"about":[{"href":"https:\/\/truusk.store\/sv\/wp-json\/wp\/v2\/types\/product"}],"wp:featuredmedia":[{"embeddable":true,"href":"https:\/\/truusk.store\/sv\/wp-json\/wp\/v2\/media\/99256"}],"wp:attachment":[{"href":"https:\/\/truusk.store\/sv\/wp-json\/wp\/v2\/media?parent=99265"}],"wp:term":[{"taxonomy":"product_brand","embeddable":true,"href":"https:\/\/truusk.store\/sv\/wp-json\/wp\/v2\/product_brand?post=99265"},{"taxonomy":"product_cat","embeddable":true,"href":"https:\/\/truusk.store\/sv\/wp-json\/wp\/v2\/product_cat?post=99265"},{"taxonomy":"product_tag","embeddable":true,"href":"https:\/\/truusk.store\/sv\/wp-json\/wp\/v2\/product_tag?post=99265"}],"curies":[{"name":"wp","href":"https:\/\/api.w.org\/{rel}","templated":true}]}}