{"id":99295,"date":"2026-01-06T14:13:38","date_gmt":"2026-01-06T13:13:38","guid":{"rendered":"https:\/\/truusk.store\/product\/konstgjord-buxbomkula-tredubbel-konstvaxt-konstgjord-vaxt-med-tradstam-i-kruka-30-x-30-x-100-cm-gron\/"},"modified":"2026-03-12T08:52:49","modified_gmt":"2026-03-12T07:52:49","slug":"truusk-konstgjord-buxbomkula-tredubbel-konstvaxt-i-kruka-30-x-30-x-100-cm-gron","status":"publish","type":"product","link":"https:\/\/truusk.store\/sv\/produkt\/truusk-konstgjord-buxbomkula-tredubbel-konstvaxt-i-kruka-30-x-30-x-100-cm-gron\/","title":{"rendered":"TRUUSK Konstgjord Buxbomkula &#8211; Tredubbel Konstv\u00e4xt i Kruka &#8211; 30 x 30 x 100 cm &#8211; Gr\u00f6n"},"content":{"rendered":"<p>Den [BRAND NAME] konstgjorda v\u00e4xten f\u00f6rsk\u00f6nar ditt entr\u00e9omr\u00e5de utan stort underh\u00e5ll. \u00c4kta l\u00f6vverk lider av solbr\u00e4nna, medan st\u00e4ndig vattning och besk\u00e4rning \u00e4r besv\u00e4rlig. V\u00e5r konstgjorda v\u00e4xt med sin klassiska tre-kula-design och UV-resistenta blad garanterar varaktig elegans och \u00e5ret-runt-gr\u00f6nska f\u00f6r din veranda eller ditt vardagsrum, helt utan underh\u00e5ll.<\/p>\n<p>Beskrivning:<\/p>\n<ul>\n<li> Har en elegant design med tre bollar av buxbom och en \u00e4kta tr\u00e4dstam<\/li>\n<li> UV-resistenta plastblad f\u00f6rhindrar blekning, l\u00e4mplig f\u00f6r permanent utomhus eller inomhus anv\u00e4ndning<\/li>\n<li> Njut av \u00e5ret-runt-gr\u00f6nska utan vattning eller besk\u00e4rning, endast sporadisk dammtorkning beh\u00f6vs<\/li>\n<li> Tre gradvisa bollar med 20, 25 och 30 cm ger en dynamisk visuell attraktion<\/li>\n<li> Levereras i en enkel kruka, redo att placeras i din favorit dekorativa kruka<\/li>\n<li> Kommer helt monterad, redo att visas direkt.<\/li>\n<\/ul>\n<p> Tekniska data:<\/p>\n<ul>\n<li> F\u00e4rg: Gr\u00f6n<\/li>\n<li> Material: Plast, Tr\u00e4<\/li>\n<li> Typ: Buxbom<\/li>\n<li> Total h\u00f6jd: 100 cm<\/li>\n<li> Klotformad buskstorlek: \u00d820 cm, \u00d825 cm, \u00d830 cm<\/li>\n<li> Krukstorlek: \u00d818 x 14H cm<\/li>\n<\/ul>\n<p>Leveransinneh\u00e5ll:<\/p>\n<ul>\n<li> 1 x konstgjord v\u00e4xt;<\/li>\n<\/ul>\n","protected":false},"excerpt":{"rendered":"<p>Den [BRAND NAME] konstgjorda v\u00e4xten f\u00f6rsk\u00f6nar ditt entr\u00e9omr\u00e5de utan stort underh\u00e5ll. \u00c4kta l\u00f6vverk lider av solbr\u00e4nna, medan st\u00e4ndig vattning och&#8230;<\/p>\n","protected":false},"featured_media":99286,"template":"","meta":[],"product_brand":[],"product_cat":[962,871,681],"product_tag":[],"class_list":{"0":"post-99295","1":"product","2":"type-product","3":"status-publish","4":"has-post-thumbnail","6":"product_cat-dekoration","7":"product_cat-hus-hem","8":"product_cat-konstgjorda-vaxter","10":"first","11":"instock","12":"sale","13":"taxable","14":"shipping-taxable","15":"purchasable","16":"product-type-simple"},"yoast_head":"<!-- This site is optimized with the Yoast SEO plugin v25.4 - https:\/\/yoast.com\/wordpress\/plugins\/seo\/ -->\n<title>TRUUSK Konstgjord Buxbomkula - Tredubbel Konstv\u00e4xt i Kruka - 30 x 30 x 100 cm - Gr\u00f6n - TRUUSK - Hem, Tr\u00e4dg\u00e5rd &amp; Fritid<\/title>\n<meta name=\"robots\" content=\"index, follow, max-snippet:-1, max-image-preview:large, max-video-preview:-1\" \/>\n<link rel=\"canonical\" href=\"https:\/\/truusk.store\/sv\/produkt\/truusk-konstgjord-buxbomkula-tredubbel-konstvaxt-i-kruka-30-x-30-x-100-cm-gron\/\" \/>\n<meta property=\"og:locale\" content=\"sv_SE\" \/>\n<meta property=\"og:type\" content=\"article\" \/>\n<meta property=\"og:title\" content=\"TRUUSK Konstgjord Buxbomkula - Tredubbel Konstv\u00e4xt i Kruka - 30 x 30 x 100 cm - Gr\u00f6n - TRUUSK - Hem, Tr\u00e4dg\u00e5rd &amp; Fritid\" \/>\n<meta property=\"og:description\" content=\"Den [BRAND NAME] konstgjorda v\u00e4xten f\u00f6rsk\u00f6nar ditt entr\u00e9omr\u00e5de utan stort underh\u00e5ll. \u00c4kta l\u00f6vverk lider av solbr\u00e4nna, medan st\u00e4ndig vattning och...\" \/>\n<meta property=\"og:url\" content=\"https:\/\/truusk.store\/sv\/produkt\/truusk-konstgjord-buxbomkula-tredubbel-konstvaxt-i-kruka-30-x-30-x-100-cm-gron\/\" \/>\n<meta property=\"og:site_name\" content=\"TRUUSK - Hem, Tr\u00e4dg\u00e5rd &amp; Fritid\" \/>\n<meta property=\"article:modified_time\" content=\"2026-03-12T07:52:49+00:00\" \/>\n<meta property=\"og:image\" content=\"https:\/\/i0.wp.com\/truusk.se\/wp-content\/uploads\/2026\/01\/konstgjord-buxbomkula-tredubbel-konstvaxt-konstgjord-vaxt-med-tradstam-i-kruka-30-x-30-x-100-cm-gron-1.webp?fit=2000%2C2000&ssl=1\" \/>\n\t<meta property=\"og:image:width\" content=\"2000\" \/>\n\t<meta property=\"og:image:height\" content=\"2000\" \/>\n\t<meta property=\"og:image:type\" content=\"image\/webp\" \/>\n<meta name=\"twitter:card\" content=\"summary_large_image\" \/>\n<meta name=\"twitter:label1\" content=\"Ber\u00e4knad l\u00e4stid\" \/>\n\t<meta name=\"twitter:data1\" content=\"1 minut\" \/>\n<!-- \/ Yoast SEO plugin. -->","yoast_head_json":{"title":"TRUUSK Konstgjord Buxbomkula - Tredubbel Konstv\u00e4xt i Kruka - 30 x 30 x 100 cm - Gr\u00f6n - TRUUSK - Hem, Tr\u00e4dg\u00e5rd &amp; Fritid","robots":{"index":"index","follow":"follow","max-snippet":"max-snippet:-1","max-image-preview":"max-image-preview:large","max-video-preview":"max-video-preview:-1"},"canonical":"https:\/\/truusk.store\/sv\/produkt\/truusk-konstgjord-buxbomkula-tredubbel-konstvaxt-i-kruka-30-x-30-x-100-cm-gron\/","og_locale":"sv_SE","og_type":"article","og_title":"TRUUSK Konstgjord Buxbomkula - Tredubbel Konstv\u00e4xt i Kruka - 30 x 30 x 100 cm - Gr\u00f6n - TRUUSK - Hem, Tr\u00e4dg\u00e5rd &amp; Fritid","og_description":"Den [BRAND NAME] konstgjorda v\u00e4xten f\u00f6rsk\u00f6nar ditt entr\u00e9omr\u00e5de utan stort underh\u00e5ll. \u00c4kta l\u00f6vverk lider av solbr\u00e4nna, medan st\u00e4ndig vattning och...","og_url":"https:\/\/truusk.store\/sv\/produkt\/truusk-konstgjord-buxbomkula-tredubbel-konstvaxt-i-kruka-30-x-30-x-100-cm-gron\/","og_site_name":"TRUUSK - Hem, Tr\u00e4dg\u00e5rd &amp; Fritid","article_modified_time":"2026-03-12T07:52:49+00:00","og_image":[{"width":2000,"height":2000,"url":"https:\/\/i0.wp.com\/truusk.se\/wp-content\/uploads\/2026\/01\/konstgjord-buxbomkula-tredubbel-konstvaxt-konstgjord-vaxt-med-tradstam-i-kruka-30-x-30-x-100-cm-gron-1.webp?fit=2000%2C2000&ssl=1","type":"image\/webp"}],"twitter_card":"summary_large_image","twitter_misc":{"Ber\u00e4knad l\u00e4stid":"1 minut"},"schema":{"@context":"https:\/\/schema.org","@graph":[{"@type":"WebPage","@id":"https:\/\/truusk.store\/sv\/produkt\/truusk-konstgjord-buxbomkula-tredubbel-konstvaxt-i-kruka-30-x-30-x-100-cm-gron\/","url":"https:\/\/truusk.store\/sv\/produkt\/truusk-konstgjord-buxbomkula-tredubbel-konstvaxt-i-kruka-30-x-30-x-100-cm-gron\/","name":"TRUUSK Konstgjord Buxbomkula - Tredubbel Konstv\u00e4xt i Kruka - 30 x 30 x 100 cm - Gr\u00f6n - TRUUSK - Hem, Tr\u00e4dg\u00e5rd &amp; Fritid","isPartOf":{"@id":"https:\/\/truusk.store\/sv\/#website"},"primaryImageOfPage":{"@id":"https:\/\/truusk.store\/sv\/produkt\/truusk-konstgjord-buxbomkula-tredubbel-konstvaxt-i-kruka-30-x-30-x-100-cm-gron\/#primaryimage"},"image":{"@id":"https:\/\/truusk.store\/sv\/produkt\/truusk-konstgjord-buxbomkula-tredubbel-konstvaxt-i-kruka-30-x-30-x-100-cm-gron\/#primaryimage"},"thumbnailUrl":"https:\/\/i0.wp.com\/truusk.store\/wp-content\/uploads\/2026\/01\/konstgjord-buxbomkula-tredubbel-konstvaxt-konstgjord-vaxt-med-tradstam-i-kruka-30-x-30-x-100-cm-gron-1.webp?fit=2000%2C2000&ssl=1","datePublished":"2026-01-06T13:13:38+00:00","dateModified":"2026-03-12T07:52:49+00:00","breadcrumb":{"@id":"https:\/\/truusk.store\/sv\/produkt\/truusk-konstgjord-buxbomkula-tredubbel-konstvaxt-i-kruka-30-x-30-x-100-cm-gron\/#breadcrumb"},"inLanguage":"sv-SE","potentialAction":[{"@type":"ReadAction","target":["https:\/\/truusk.store\/sv\/produkt\/truusk-konstgjord-buxbomkula-tredubbel-konstvaxt-i-kruka-30-x-30-x-100-cm-gron\/"]}]},{"@type":"ImageObject","inLanguage":"sv-SE","@id":"https:\/\/truusk.store\/sv\/produkt\/truusk-konstgjord-buxbomkula-tredubbel-konstvaxt-i-kruka-30-x-30-x-100-cm-gron\/#primaryimage","url":"https:\/\/i0.wp.com\/truusk.store\/wp-content\/uploads\/2026\/01\/konstgjord-buxbomkula-tredubbel-konstvaxt-konstgjord-vaxt-med-tradstam-i-kruka-30-x-30-x-100-cm-gron-1.webp?fit=2000%2C2000&ssl=1","contentUrl":"https:\/\/i0.wp.com\/truusk.store\/wp-content\/uploads\/2026\/01\/konstgjord-buxbomkula-tredubbel-konstvaxt-konstgjord-vaxt-med-tradstam-i-kruka-30-x-30-x-100-cm-gron-1.webp?fit=2000%2C2000&ssl=1","width":2000,"height":2000},{"@type":"BreadcrumbList","@id":"https:\/\/truusk.store\/sv\/produkt\/truusk-konstgjord-buxbomkula-tredubbel-konstvaxt-i-kruka-30-x-30-x-100-cm-gron\/#breadcrumb","itemListElement":[{"@type":"ListItem","position":1,"name":"Home","item":"https:\/\/truusk.store\/sv\/"},{"@type":"ListItem","position":2,"name":"Shop","item":"https:\/\/truusk.store\/shop\/"},{"@type":"ListItem","position":3,"name":"TRUUSK Konstgjord Buxbomkula &#8211; Tredubbel Konstv\u00e4xt i Kruka &#8211; 30 x 30 x 100 cm &#8211; Gr\u00f6n"}]},{"@type":"WebSite","@id":"https:\/\/truusk.store\/sv\/#website","url":"https:\/\/truusk.store\/sv\/","name":"TRUUSK - Hem, Tr\u00e4dg\u00e5rd & Fritid","description":"","publisher":{"@id":"https:\/\/truusk.store\/sv\/#organization"},"potentialAction":[{"@type":"SearchAction","target":{"@type":"EntryPoint","urlTemplate":"https:\/\/truusk.store\/sv\/?s={search_term_string}"},"query-input":{"@type":"PropertyValueSpecification","valueRequired":true,"valueName":"search_term_string"}}],"inLanguage":"sv-SE"},{"@type":"Organization","@id":"https:\/\/truusk.store\/sv\/#organization","name":"TRUUSK - Hem, Tr\u00e4dg\u00e5rd & Fritid","url":"https:\/\/truusk.store\/sv\/","logo":{"@type":"ImageObject","inLanguage":"sv-SE","@id":"https:\/\/truusk.store\/sv\/#\/schema\/logo\/image\/","url":"https:\/\/i0.wp.com\/truusk.store\/wp-content\/uploads\/2026\/03\/cropped-TRUUSK.png?fit=2032%2C917&ssl=1","contentUrl":"https:\/\/i0.wp.com\/truusk.store\/wp-content\/uploads\/2026\/03\/cropped-TRUUSK.png?fit=2032%2C917&ssl=1","width":2032,"height":917,"caption":"TRUUSK - Hem, Tr\u00e4dg\u00e5rd & Fritid"},"image":{"@id":"https:\/\/truusk.store\/sv\/#\/schema\/logo\/image\/"}}]}},"jetpack_sharing_enabled":true,"_links":{"self":[{"href":"https:\/\/truusk.store\/sv\/wp-json\/wp\/v2\/product\/99295","targetHints":{"allow":["GET"]}}],"collection":[{"href":"https:\/\/truusk.store\/sv\/wp-json\/wp\/v2\/product"}],"about":[{"href":"https:\/\/truusk.store\/sv\/wp-json\/wp\/v2\/types\/product"}],"wp:featuredmedia":[{"embeddable":true,"href":"https:\/\/truusk.store\/sv\/wp-json\/wp\/v2\/media\/99286"}],"wp:attachment":[{"href":"https:\/\/truusk.store\/sv\/wp-json\/wp\/v2\/media?parent=99295"}],"wp:term":[{"taxonomy":"product_brand","embeddable":true,"href":"https:\/\/truusk.store\/sv\/wp-json\/wp\/v2\/product_brand?post=99295"},{"taxonomy":"product_cat","embeddable":true,"href":"https:\/\/truusk.store\/sv\/wp-json\/wp\/v2\/product_cat?post=99295"},{"taxonomy":"product_tag","embeddable":true,"href":"https:\/\/truusk.store\/sv\/wp-json\/wp\/v2\/product_tag?post=99295"}],"curies":[{"name":"wp","href":"https:\/\/api.w.org\/{rel}","templated":true}]}}