{"id":99315,"date":"2026-01-06T14:15:31","date_gmt":"2026-01-06T13:15:31","guid":{"rendered":"https:\/\/truusk.store\/product\/sensor-soptunna-15l-automatisk-soptunna-med-tva-oppningslagen-for-kontor-kok-276-x-214-x-335-cm-gra\/"},"modified":"2026-03-12T08:52:51","modified_gmt":"2026-03-12T07:52:51","slug":"truusk-sensor-soptunna-15l-automatisk-med-tva-oppningslagen-for-kontor-och-kok-gra-276-x-214-x-335-cm","status":"publish","type":"product","link":"https:\/\/truusk.store\/sv\/produkt\/truusk-sensor-soptunna-15l-automatisk-med-tva-oppningslagen-for-kontor-och-kok-gra-276-x-214-x-335-cm\/","title":{"rendered":"TRUUSK Sensor Soptunna 15L &#8211; Automatisk Med Tv\u00e5 \u00f6ppningsl\u00e4gen &#8211; F\u00f6r Kontor och K\u00f6k &#8211; Gr\u00e5 &#8211; 27,6 x 21,4 x 33,5 cm"},"content":{"rendered":"<p>S\u00e4g adj\u00f6 till r\u00f6ran med [BRAND NAME] soptunna med sensor! \u00d6ppnas ber\u00f6ringsfritt med en handr\u00f6relse, s\u00e5 att dina h\u00e4nder f\u00f6rblir rena. F\u00f6redrar du att anv\u00e4nda den manuellt? Byt enkelt och byte av p\u00e5sar blir en barnlek. Perfekt f\u00f6r tr\u00e5nga k\u00f6k, erbjuder denna 15L elektriska soptunna en stilfull och praktisk l\u00f6sning f\u00f6r att h\u00e5lla ditt k\u00f6k snyggt.<\/p>\n<p>Beskrivning:<\/p>\n<ul>\n<li> Njut av hygienisk, ber\u00f6ringsfri anv\u00e4ndning tack vare r\u00f6relsesensor f\u00f6r automatisk \u00f6ppning<\/li>\n<li> Manuellt l\u00e4ge m\u00f6jligg\u00f6r l\u00e4ngre \u00f6ppettider f\u00f6r locket<\/li>\n<li> 15L kapacitet passar effektivt f\u00f6r sm\u00e5 utrymmen<\/li>\n<li> Slimmad, minimalistisk design med fingeravtrycksresistent yta f\u00f6rb\u00e4ttrar din rumsdekoration<\/li>\n<li> En inbyggd ring h\u00e5ller sopp\u00e5sar s\u00e4kert p\u00e5 plats och f\u00f6rhindrar att de glider<\/li>\n<li> Utan inre hink \u00e4r reng\u00f6ringen enklare<\/li>\n<li> Drivs med 2 x AA batterier (ing\u00e5r ej)<\/li>\n<li> Ingen montering kr\u00e4vs<\/li>\n<\/ul>\n<p> Tekniska data:<\/p>\n<ul>\n<li> F\u00e4rg: Gr\u00e5+Svart<\/li>\n<li> Material: Plast<\/li>\n<li> Totala dimensioner: 27,6L x 21,4B x 33,5H cm<\/li>\n<li> \u00d6ppningsstorlek: 23,5L x 13,5B cm<\/li>\n<li> Kapacitet: 15 L<\/li>\n<li> Sensoravst\u00e5nd: 15-20 cm<\/li>\n<li> Sensortid: 0,5 s<\/li>\n<li> Lockets \u00f6ppenh\u00e5llningstid: 5 s<\/li>\n<li> Batteri: 2 x AA (ing\u00e5r ej)<\/li>\n<\/ul>\n<p>Leveransinneh\u00e5ll:<\/p>\n<ul>\n<li> 1 x Sensor-soptunna<\/li>\n<li> 1 x Bruksanvisning<\/li>\n<\/ul>\n","protected":false},"excerpt":{"rendered":"<p>S\u00e4g adj\u00f6 till r\u00f6ran med [BRAND NAME] soptunna med sensor! \u00d6ppnas ber\u00f6ringsfritt med en handr\u00f6relse, s\u00e5 att dina h\u00e4nder f\u00f6rblir&#8230;<\/p>\n","protected":false},"featured_media":99306,"template":"","meta":[],"product_brand":[],"product_cat":[867,869,870],"product_tag":[],"class_list":{"0":"post-99315","1":"product","2":"type-product","3":"status-publish","4":"has-post-thumbnail","6":"product_cat-byggmarknad","7":"product_cat-rengoring-ordning","8":"product_cat-sopkorgar","10":"first","11":"instock","12":"sale","13":"taxable","14":"shipping-taxable","15":"purchasable","16":"product-type-simple"},"yoast_head":"<!-- This site is optimized with the Yoast SEO plugin v25.4 - https:\/\/yoast.com\/wordpress\/plugins\/seo\/ -->\n<title>TRUUSK Sensor Soptunna 15L - Automatisk Med Tv\u00e5 \u00f6ppningsl\u00e4gen - F\u00f6r Kontor och K\u00f6k - Gr\u00e5 - 27,6 x 21,4 x 33,5 cm - TRUUSK - Hem, Tr\u00e4dg\u00e5rd &amp; Fritid<\/title>\n<meta name=\"robots\" content=\"index, follow, max-snippet:-1, max-image-preview:large, max-video-preview:-1\" \/>\n<link rel=\"canonical\" href=\"https:\/\/truusk.store\/sv\/produkt\/truusk-sensor-soptunna-15l-automatisk-med-tva-oppningslagen-for-kontor-och-kok-gra-276-x-214-x-335-cm\/\" \/>\n<meta property=\"og:locale\" content=\"sv_SE\" \/>\n<meta property=\"og:type\" content=\"article\" \/>\n<meta property=\"og:title\" content=\"TRUUSK Sensor Soptunna 15L - Automatisk Med Tv\u00e5 \u00f6ppningsl\u00e4gen - F\u00f6r Kontor och K\u00f6k - Gr\u00e5 - 27,6 x 21,4 x 33,5 cm - TRUUSK - Hem, Tr\u00e4dg\u00e5rd &amp; Fritid\" \/>\n<meta property=\"og:description\" content=\"S\u00e4g adj\u00f6 till r\u00f6ran med [BRAND NAME] soptunna med sensor! \u00d6ppnas ber\u00f6ringsfritt med en handr\u00f6relse, s\u00e5 att dina h\u00e4nder f\u00f6rblir...\" \/>\n<meta property=\"og:url\" content=\"https:\/\/truusk.store\/sv\/produkt\/truusk-sensor-soptunna-15l-automatisk-med-tva-oppningslagen-for-kontor-och-kok-gra-276-x-214-x-335-cm\/\" \/>\n<meta property=\"og:site_name\" content=\"TRUUSK - Hem, Tr\u00e4dg\u00e5rd &amp; Fritid\" \/>\n<meta property=\"article:modified_time\" content=\"2026-03-12T07:52:51+00:00\" \/>\n<meta property=\"og:image\" content=\"https:\/\/i0.wp.com\/truusk.se\/wp-content\/uploads\/2026\/01\/sensor-soptunna-15l-automatisk-soptunna-med-tva-oppningslagen-for-kontor-kok-276-x-214-x-335-cm-gra-1.webp?fit=2000%2C2000&ssl=1\" \/>\n\t<meta property=\"og:image:width\" content=\"2000\" \/>\n\t<meta property=\"og:image:height\" content=\"2000\" \/>\n\t<meta property=\"og:image:type\" content=\"image\/webp\" \/>\n<meta name=\"twitter:card\" content=\"summary_large_image\" \/>\n<meta name=\"twitter:label1\" content=\"Ber\u00e4knad l\u00e4stid\" \/>\n\t<meta name=\"twitter:data1\" content=\"1 minut\" \/>\n<!-- \/ Yoast SEO plugin. -->","yoast_head_json":{"title":"TRUUSK Sensor Soptunna 15L - Automatisk Med Tv\u00e5 \u00f6ppningsl\u00e4gen - F\u00f6r Kontor och K\u00f6k - Gr\u00e5 - 27,6 x 21,4 x 33,5 cm - TRUUSK - Hem, Tr\u00e4dg\u00e5rd &amp; Fritid","robots":{"index":"index","follow":"follow","max-snippet":"max-snippet:-1","max-image-preview":"max-image-preview:large","max-video-preview":"max-video-preview:-1"},"canonical":"https:\/\/truusk.store\/sv\/produkt\/truusk-sensor-soptunna-15l-automatisk-med-tva-oppningslagen-for-kontor-och-kok-gra-276-x-214-x-335-cm\/","og_locale":"sv_SE","og_type":"article","og_title":"TRUUSK Sensor Soptunna 15L - Automatisk Med Tv\u00e5 \u00f6ppningsl\u00e4gen - F\u00f6r Kontor och K\u00f6k - Gr\u00e5 - 27,6 x 21,4 x 33,5 cm - TRUUSK - Hem, Tr\u00e4dg\u00e5rd &amp; Fritid","og_description":"S\u00e4g adj\u00f6 till r\u00f6ran med [BRAND NAME] soptunna med sensor! \u00d6ppnas ber\u00f6ringsfritt med en handr\u00f6relse, s\u00e5 att dina h\u00e4nder f\u00f6rblir...","og_url":"https:\/\/truusk.store\/sv\/produkt\/truusk-sensor-soptunna-15l-automatisk-med-tva-oppningslagen-for-kontor-och-kok-gra-276-x-214-x-335-cm\/","og_site_name":"TRUUSK - Hem, Tr\u00e4dg\u00e5rd &amp; Fritid","article_modified_time":"2026-03-12T07:52:51+00:00","og_image":[{"width":2000,"height":2000,"url":"https:\/\/i0.wp.com\/truusk.se\/wp-content\/uploads\/2026\/01\/sensor-soptunna-15l-automatisk-soptunna-med-tva-oppningslagen-for-kontor-kok-276-x-214-x-335-cm-gra-1.webp?fit=2000%2C2000&ssl=1","type":"image\/webp"}],"twitter_card":"summary_large_image","twitter_misc":{"Ber\u00e4knad l\u00e4stid":"1 minut"},"schema":{"@context":"https:\/\/schema.org","@graph":[{"@type":"WebPage","@id":"https:\/\/truusk.store\/sv\/produkt\/truusk-sensor-soptunna-15l-automatisk-med-tva-oppningslagen-for-kontor-och-kok-gra-276-x-214-x-335-cm\/","url":"https:\/\/truusk.store\/sv\/produkt\/truusk-sensor-soptunna-15l-automatisk-med-tva-oppningslagen-for-kontor-och-kok-gra-276-x-214-x-335-cm\/","name":"TRUUSK Sensor Soptunna 15L - Automatisk Med Tv\u00e5 \u00f6ppningsl\u00e4gen - F\u00f6r Kontor och K\u00f6k - Gr\u00e5 - 27,6 x 21,4 x 33,5 cm - TRUUSK - Hem, Tr\u00e4dg\u00e5rd &amp; Fritid","isPartOf":{"@id":"https:\/\/truusk.store\/sv\/#website"},"primaryImageOfPage":{"@id":"https:\/\/truusk.store\/sv\/produkt\/truusk-sensor-soptunna-15l-automatisk-med-tva-oppningslagen-for-kontor-och-kok-gra-276-x-214-x-335-cm\/#primaryimage"},"image":{"@id":"https:\/\/truusk.store\/sv\/produkt\/truusk-sensor-soptunna-15l-automatisk-med-tva-oppningslagen-for-kontor-och-kok-gra-276-x-214-x-335-cm\/#primaryimage"},"thumbnailUrl":"https:\/\/i0.wp.com\/truusk.store\/wp-content\/uploads\/2026\/01\/sensor-soptunna-15l-automatisk-soptunna-med-tva-oppningslagen-for-kontor-kok-276-x-214-x-335-cm-gra-1.webp?fit=2000%2C2000&ssl=1","datePublished":"2026-01-06T13:15:31+00:00","dateModified":"2026-03-12T07:52:51+00:00","breadcrumb":{"@id":"https:\/\/truusk.store\/sv\/produkt\/truusk-sensor-soptunna-15l-automatisk-med-tva-oppningslagen-for-kontor-och-kok-gra-276-x-214-x-335-cm\/#breadcrumb"},"inLanguage":"sv-SE","potentialAction":[{"@type":"ReadAction","target":["https:\/\/truusk.store\/sv\/produkt\/truusk-sensor-soptunna-15l-automatisk-med-tva-oppningslagen-for-kontor-och-kok-gra-276-x-214-x-335-cm\/"]}]},{"@type":"ImageObject","inLanguage":"sv-SE","@id":"https:\/\/truusk.store\/sv\/produkt\/truusk-sensor-soptunna-15l-automatisk-med-tva-oppningslagen-for-kontor-och-kok-gra-276-x-214-x-335-cm\/#primaryimage","url":"https:\/\/i0.wp.com\/truusk.store\/wp-content\/uploads\/2026\/01\/sensor-soptunna-15l-automatisk-soptunna-med-tva-oppningslagen-for-kontor-kok-276-x-214-x-335-cm-gra-1.webp?fit=2000%2C2000&ssl=1","contentUrl":"https:\/\/i0.wp.com\/truusk.store\/wp-content\/uploads\/2026\/01\/sensor-soptunna-15l-automatisk-soptunna-med-tva-oppningslagen-for-kontor-kok-276-x-214-x-335-cm-gra-1.webp?fit=2000%2C2000&ssl=1","width":2000,"height":2000},{"@type":"BreadcrumbList","@id":"https:\/\/truusk.store\/sv\/produkt\/truusk-sensor-soptunna-15l-automatisk-med-tva-oppningslagen-for-kontor-och-kok-gra-276-x-214-x-335-cm\/#breadcrumb","itemListElement":[{"@type":"ListItem","position":1,"name":"Home","item":"https:\/\/truusk.store\/sv\/"},{"@type":"ListItem","position":2,"name":"Shop","item":"https:\/\/truusk.store\/shop\/"},{"@type":"ListItem","position":3,"name":"TRUUSK Sensor Soptunna 15L &#8211; Automatisk Med Tv\u00e5 \u00f6ppningsl\u00e4gen &#8211; F\u00f6r Kontor och K\u00f6k &#8211; Gr\u00e5 &#8211; 27,6 x 21,4 x 33,5 cm"}]},{"@type":"WebSite","@id":"https:\/\/truusk.store\/sv\/#website","url":"https:\/\/truusk.store\/sv\/","name":"TRUUSK - Hem, Tr\u00e4dg\u00e5rd & Fritid","description":"","publisher":{"@id":"https:\/\/truusk.store\/sv\/#organization"},"potentialAction":[{"@type":"SearchAction","target":{"@type":"EntryPoint","urlTemplate":"https:\/\/truusk.store\/sv\/?s={search_term_string}"},"query-input":{"@type":"PropertyValueSpecification","valueRequired":true,"valueName":"search_term_string"}}],"inLanguage":"sv-SE"},{"@type":"Organization","@id":"https:\/\/truusk.store\/sv\/#organization","name":"TRUUSK - Hem, Tr\u00e4dg\u00e5rd & Fritid","url":"https:\/\/truusk.store\/sv\/","logo":{"@type":"ImageObject","inLanguage":"sv-SE","@id":"https:\/\/truusk.store\/sv\/#\/schema\/logo\/image\/","url":"https:\/\/i0.wp.com\/truusk.store\/wp-content\/uploads\/2026\/03\/cropped-TRUUSK.png?fit=2032%2C917&ssl=1","contentUrl":"https:\/\/i0.wp.com\/truusk.store\/wp-content\/uploads\/2026\/03\/cropped-TRUUSK.png?fit=2032%2C917&ssl=1","width":2032,"height":917,"caption":"TRUUSK - Hem, Tr\u00e4dg\u00e5rd & Fritid"},"image":{"@id":"https:\/\/truusk.store\/sv\/#\/schema\/logo\/image\/"}}]}},"jetpack_sharing_enabled":true,"_links":{"self":[{"href":"https:\/\/truusk.store\/sv\/wp-json\/wp\/v2\/product\/99315","targetHints":{"allow":["GET"]}}],"collection":[{"href":"https:\/\/truusk.store\/sv\/wp-json\/wp\/v2\/product"}],"about":[{"href":"https:\/\/truusk.store\/sv\/wp-json\/wp\/v2\/types\/product"}],"wp:featuredmedia":[{"embeddable":true,"href":"https:\/\/truusk.store\/sv\/wp-json\/wp\/v2\/media\/99306"}],"wp:attachment":[{"href":"https:\/\/truusk.store\/sv\/wp-json\/wp\/v2\/media?parent=99315"}],"wp:term":[{"taxonomy":"product_brand","embeddable":true,"href":"https:\/\/truusk.store\/sv\/wp-json\/wp\/v2\/product_brand?post=99315"},{"taxonomy":"product_cat","embeddable":true,"href":"https:\/\/truusk.store\/sv\/wp-json\/wp\/v2\/product_cat?post=99315"},{"taxonomy":"product_tag","embeddable":true,"href":"https:\/\/truusk.store\/sv\/wp-json\/wp\/v2\/product_tag?post=99315"}],"curies":[{"name":"wp","href":"https:\/\/api.w.org\/{rel}","templated":true}]}}