{"id":99335,"date":"2026-01-06T14:17:44","date_gmt":"2026-01-06T13:17:44","guid":{"rendered":"https:\/\/truusk.store\/product\/trimmbord-for-hundar-hundvardsbord-med-slinga-hopfallbart-stalbens-halkfri-bordsskiva-81x485x80-cm-svart\/"},"modified":"2026-03-12T08:53:26","modified_gmt":"2026-03-12T07:53:26","slug":"truusk-trimmbord-for-hundar-hundvardsbord-med-slinga-hopfallbart-stalbens-halkfri-bordsskiva-81x485x80-cm-svart","status":"publish","type":"product","link":"https:\/\/truusk.store\/sv\/produkt\/truusk-trimmbord-for-hundar-hundvardsbord-med-slinga-hopfallbart-stalbens-halkfri-bordsskiva-81x485x80-cm-svart\/","title":{"rendered":"TRUUSK Trimmbord f\u00f6r Hundar &#8211; Hundv\u00e5rdsbord med Slinga &#8211; Hopf\u00e4llbart &#8211; St\u00e5lbens &#8211; Halkfri Bordsskiva &#8211; 81&#215;48,5&#215;80 cm &#8211; Svart"},"content":{"rendered":"<p>Denna trimbord fr\u00e5n [BRAND NAME] \u00e4r en fantastisk investering f\u00f6r varje professionell eller hemma hundfris\u00f6r. Den h\u00f6jer niv\u00e5n p\u00e5 din lurviga v\u00e4n s\u00e5 att du enkelt kan n\u00e5 honom f\u00f6r bad, trimning, torkning eller grooming. Den har ett stabilt bord med fullsvetsade, hopf\u00e4llbara r\u00f6rben f\u00f6r styrka och h\u00e5llbarhet och har en r\u00e4fflad gummioverkant f\u00f6r ditt husdjur. Det \u00e4r en professionell kvalitetsstycke av groomingutrustning som du f\u00f6rtj\u00e4nar!<\/p>\n<p>Beskrivning:<\/p>\n<ul>\n<li> Starka st\u00e5lben och ram p\u00e5 djurv\u00e5rdsbordet f\u00f6r perfekt stabilitet<\/li>\n<li> H\u00e5llbar st\u00e5lram med halkfria f\u00f6tter f\u00f6rhindrar att bordet vacklar<\/li>\n<li> Gummibordplatta med halkfri, kiselgummioverkant f\u00f6r att f\u00f6rhindra halkning<\/li>\n<li> Arm och h\u00e5rdvara i rostfritt st\u00e5l f\u00f6r maximal h\u00e5llbarhet<\/li>\n<li> Inkluderar en kl\u00e4mbar, justerbar groomingarm f\u00f6r hundar av olika storlekar<\/li>\n<li> Koppel ing\u00e5r f\u00f6r att h\u00e5lla djuret p\u00e5 plats<\/li>\n<li> Avrundade kanter p\u00e5 hundv\u00e5rdsbordet f\u00f6r s\u00e4kerhet<\/li>\n<li> Hopf\u00e4llbar design f\u00f6r enkel f\u00f6rvaring och transport<\/li>\n<li> L\u00e4mplig f\u00f6r varje professionell eller hemma hundfris\u00f6r<\/li>\n<li> Montering kr\u00e4vs<\/li>\n<\/ul>\n<p> Tekniska specifikationer:<\/p>\n<ul>\n<li> Material: St\u00e5l+Gummi+Rostfritt st\u00e5l<\/li>\n<li> F\u00e4rg: Svart+Vit<\/li>\n<li> Totala m\u00e5tt: 81L x 48,5B x 80H cm<\/li>\n<li> L\u00e4ngd p\u00e5 rostfritt st\u00e5lr\u00f6r: 60-72 cm<\/li>\n<li> L\u00e4ngd p\u00e5 koppel: 50 cm<\/li>\n<li> Rekommenderad husdjursvikt: 20 kg<\/li>\n<\/ul>\n<p>Leveransinneh\u00e5ll:<\/p>\n<ul>\n<li> 1 x Trimbord;<\/li>\n<\/ul>\n","protected":false},"excerpt":{"rendered":"<p>Denna trimbord fr\u00e5n [BRAND NAME] \u00e4r en fantastisk investering f\u00f6r varje professionell eller hemma hundfris\u00f6r. Den h\u00f6jer niv\u00e5n p\u00e5 din&#8230;<\/p>\n","protected":false},"featured_media":99326,"template":"","meta":[],"product_brand":[],"product_cat":[895,574,913,914],"product_tag":[],"class_list":{"0":"post-99335","1":"product","2":"type-product","3":"status-publish","4":"has-post-thumbnail","6":"product_cat-djurutrustning","7":"product_cat-hundtillbehor","8":"product_cat-hundvard","9":"product_cat-trimmtische","11":"first","12":"instock","13":"sale","14":"taxable","15":"shipping-taxable","16":"purchasable","17":"product-type-simple"},"yoast_head":"<!-- This site is optimized with the Yoast SEO plugin v25.4 - https:\/\/yoast.com\/wordpress\/plugins\/seo\/ -->\n<title>TRUUSK Trimmbord f\u00f6r Hundar - Hundv\u00e5rdsbord med Slinga - Hopf\u00e4llbart - St\u00e5lbens - Halkfri Bordsskiva - 81x48,5x80 cm - Svart - TRUUSK - Hem, Tr\u00e4dg\u00e5rd &amp; Fritid<\/title>\n<meta name=\"robots\" content=\"index, follow, max-snippet:-1, max-image-preview:large, max-video-preview:-1\" \/>\n<link rel=\"canonical\" href=\"https:\/\/truusk.store\/sv\/produkt\/truusk-trimmbord-for-hundar-hundvardsbord-med-slinga-hopfallbart-stalbens-halkfri-bordsskiva-81x485x80-cm-svart\/\" \/>\n<meta property=\"og:locale\" content=\"sv_SE\" \/>\n<meta property=\"og:type\" content=\"article\" \/>\n<meta property=\"og:title\" content=\"TRUUSK Trimmbord f\u00f6r Hundar - Hundv\u00e5rdsbord med Slinga - Hopf\u00e4llbart - St\u00e5lbens - Halkfri Bordsskiva - 81x48,5x80 cm - Svart - TRUUSK - Hem, Tr\u00e4dg\u00e5rd &amp; Fritid\" \/>\n<meta property=\"og:description\" content=\"Denna trimbord fr\u00e5n [BRAND NAME] \u00e4r en fantastisk investering f\u00f6r varje professionell eller hemma hundfris\u00f6r. Den h\u00f6jer niv\u00e5n p\u00e5 din...\" \/>\n<meta property=\"og:url\" content=\"https:\/\/truusk.store\/sv\/produkt\/truusk-trimmbord-for-hundar-hundvardsbord-med-slinga-hopfallbart-stalbens-halkfri-bordsskiva-81x485x80-cm-svart\/\" \/>\n<meta property=\"og:site_name\" content=\"TRUUSK - Hem, Tr\u00e4dg\u00e5rd &amp; Fritid\" \/>\n<meta property=\"article:modified_time\" content=\"2026-03-12T07:53:26+00:00\" \/>\n<meta property=\"og:image\" content=\"https:\/\/i0.wp.com\/truusk.se\/wp-content\/uploads\/2026\/01\/trimmbord-for-hundar-hundvardsbord-med-slinga-hopfallbart-stalbens-halkfri-bordsskiva-81x485x80-cm-svart-1.webp?fit=2000%2C2000&ssl=1\" \/>\n\t<meta property=\"og:image:width\" content=\"2000\" \/>\n\t<meta property=\"og:image:height\" content=\"2000\" \/>\n\t<meta property=\"og:image:type\" content=\"image\/webp\" \/>\n<meta name=\"twitter:card\" content=\"summary_large_image\" \/>\n<meta name=\"twitter:label1\" content=\"Ber\u00e4knad l\u00e4stid\" \/>\n\t<meta name=\"twitter:data1\" content=\"1 minut\" \/>\n<!-- \/ Yoast SEO plugin. -->","yoast_head_json":{"title":"TRUUSK Trimmbord f\u00f6r Hundar - Hundv\u00e5rdsbord med Slinga - Hopf\u00e4llbart - St\u00e5lbens - Halkfri Bordsskiva - 81x48,5x80 cm - Svart - TRUUSK - Hem, Tr\u00e4dg\u00e5rd &amp; Fritid","robots":{"index":"index","follow":"follow","max-snippet":"max-snippet:-1","max-image-preview":"max-image-preview:large","max-video-preview":"max-video-preview:-1"},"canonical":"https:\/\/truusk.store\/sv\/produkt\/truusk-trimmbord-for-hundar-hundvardsbord-med-slinga-hopfallbart-stalbens-halkfri-bordsskiva-81x485x80-cm-svart\/","og_locale":"sv_SE","og_type":"article","og_title":"TRUUSK Trimmbord f\u00f6r Hundar - Hundv\u00e5rdsbord med Slinga - Hopf\u00e4llbart - St\u00e5lbens - Halkfri Bordsskiva - 81x48,5x80 cm - Svart - TRUUSK - Hem, Tr\u00e4dg\u00e5rd &amp; Fritid","og_description":"Denna trimbord fr\u00e5n [BRAND NAME] \u00e4r en fantastisk investering f\u00f6r varje professionell eller hemma hundfris\u00f6r. Den h\u00f6jer niv\u00e5n p\u00e5 din...","og_url":"https:\/\/truusk.store\/sv\/produkt\/truusk-trimmbord-for-hundar-hundvardsbord-med-slinga-hopfallbart-stalbens-halkfri-bordsskiva-81x485x80-cm-svart\/","og_site_name":"TRUUSK - Hem, Tr\u00e4dg\u00e5rd &amp; Fritid","article_modified_time":"2026-03-12T07:53:26+00:00","og_image":[{"width":2000,"height":2000,"url":"https:\/\/i0.wp.com\/truusk.se\/wp-content\/uploads\/2026\/01\/trimmbord-for-hundar-hundvardsbord-med-slinga-hopfallbart-stalbens-halkfri-bordsskiva-81x485x80-cm-svart-1.webp?fit=2000%2C2000&ssl=1","type":"image\/webp"}],"twitter_card":"summary_large_image","twitter_misc":{"Ber\u00e4knad l\u00e4stid":"1 minut"},"schema":{"@context":"https:\/\/schema.org","@graph":[{"@type":"WebPage","@id":"https:\/\/truusk.store\/sv\/produkt\/truusk-trimmbord-for-hundar-hundvardsbord-med-slinga-hopfallbart-stalbens-halkfri-bordsskiva-81x485x80-cm-svart\/","url":"https:\/\/truusk.store\/sv\/produkt\/truusk-trimmbord-for-hundar-hundvardsbord-med-slinga-hopfallbart-stalbens-halkfri-bordsskiva-81x485x80-cm-svart\/","name":"TRUUSK Trimmbord f\u00f6r Hundar - Hundv\u00e5rdsbord med Slinga - Hopf\u00e4llbart - St\u00e5lbens - Halkfri Bordsskiva - 81x48,5x80 cm - Svart - TRUUSK - Hem, Tr\u00e4dg\u00e5rd &amp; Fritid","isPartOf":{"@id":"https:\/\/truusk.store\/sv\/#website"},"primaryImageOfPage":{"@id":"https:\/\/truusk.store\/sv\/produkt\/truusk-trimmbord-for-hundar-hundvardsbord-med-slinga-hopfallbart-stalbens-halkfri-bordsskiva-81x485x80-cm-svart\/#primaryimage"},"image":{"@id":"https:\/\/truusk.store\/sv\/produkt\/truusk-trimmbord-for-hundar-hundvardsbord-med-slinga-hopfallbart-stalbens-halkfri-bordsskiva-81x485x80-cm-svart\/#primaryimage"},"thumbnailUrl":"https:\/\/i0.wp.com\/truusk.store\/wp-content\/uploads\/2026\/01\/trimmbord-for-hundar-hundvardsbord-med-slinga-hopfallbart-stalbens-halkfri-bordsskiva-81x485x80-cm-svart-1.webp?fit=2000%2C2000&ssl=1","datePublished":"2026-01-06T13:17:44+00:00","dateModified":"2026-03-12T07:53:26+00:00","breadcrumb":{"@id":"https:\/\/truusk.store\/sv\/produkt\/truusk-trimmbord-for-hundar-hundvardsbord-med-slinga-hopfallbart-stalbens-halkfri-bordsskiva-81x485x80-cm-svart\/#breadcrumb"},"inLanguage":"sv-SE","potentialAction":[{"@type":"ReadAction","target":["https:\/\/truusk.store\/sv\/produkt\/truusk-trimmbord-for-hundar-hundvardsbord-med-slinga-hopfallbart-stalbens-halkfri-bordsskiva-81x485x80-cm-svart\/"]}]},{"@type":"ImageObject","inLanguage":"sv-SE","@id":"https:\/\/truusk.store\/sv\/produkt\/truusk-trimmbord-for-hundar-hundvardsbord-med-slinga-hopfallbart-stalbens-halkfri-bordsskiva-81x485x80-cm-svart\/#primaryimage","url":"https:\/\/i0.wp.com\/truusk.store\/wp-content\/uploads\/2026\/01\/trimmbord-for-hundar-hundvardsbord-med-slinga-hopfallbart-stalbens-halkfri-bordsskiva-81x485x80-cm-svart-1.webp?fit=2000%2C2000&ssl=1","contentUrl":"https:\/\/i0.wp.com\/truusk.store\/wp-content\/uploads\/2026\/01\/trimmbord-for-hundar-hundvardsbord-med-slinga-hopfallbart-stalbens-halkfri-bordsskiva-81x485x80-cm-svart-1.webp?fit=2000%2C2000&ssl=1","width":2000,"height":2000},{"@type":"BreadcrumbList","@id":"https:\/\/truusk.store\/sv\/produkt\/truusk-trimmbord-for-hundar-hundvardsbord-med-slinga-hopfallbart-stalbens-halkfri-bordsskiva-81x485x80-cm-svart\/#breadcrumb","itemListElement":[{"@type":"ListItem","position":1,"name":"Home","item":"https:\/\/truusk.store\/sv\/"},{"@type":"ListItem","position":2,"name":"Shop","item":"https:\/\/truusk.store\/shop\/"},{"@type":"ListItem","position":3,"name":"TRUUSK Trimmbord f\u00f6r Hundar &#8211; Hundv\u00e5rdsbord med Slinga &#8211; Hopf\u00e4llbart &#8211; St\u00e5lbens &#8211; Halkfri Bordsskiva &#8211; 81&#215;48,5&#215;80 cm &#8211; Svart"}]},{"@type":"WebSite","@id":"https:\/\/truusk.store\/sv\/#website","url":"https:\/\/truusk.store\/sv\/","name":"TRUUSK - Hem, Tr\u00e4dg\u00e5rd & Fritid","description":"","publisher":{"@id":"https:\/\/truusk.store\/sv\/#organization"},"potentialAction":[{"@type":"SearchAction","target":{"@type":"EntryPoint","urlTemplate":"https:\/\/truusk.store\/sv\/?s={search_term_string}"},"query-input":{"@type":"PropertyValueSpecification","valueRequired":true,"valueName":"search_term_string"}}],"inLanguage":"sv-SE"},{"@type":"Organization","@id":"https:\/\/truusk.store\/sv\/#organization","name":"TRUUSK - Hem, Tr\u00e4dg\u00e5rd & Fritid","url":"https:\/\/truusk.store\/sv\/","logo":{"@type":"ImageObject","inLanguage":"sv-SE","@id":"https:\/\/truusk.store\/sv\/#\/schema\/logo\/image\/","url":"https:\/\/i0.wp.com\/truusk.store\/wp-content\/uploads\/2026\/03\/cropped-TRUUSK.png?fit=2032%2C917&ssl=1","contentUrl":"https:\/\/i0.wp.com\/truusk.store\/wp-content\/uploads\/2026\/03\/cropped-TRUUSK.png?fit=2032%2C917&ssl=1","width":2032,"height":917,"caption":"TRUUSK - Hem, Tr\u00e4dg\u00e5rd & Fritid"},"image":{"@id":"https:\/\/truusk.store\/sv\/#\/schema\/logo\/image\/"}}]}},"jetpack_sharing_enabled":true,"_links":{"self":[{"href":"https:\/\/truusk.store\/sv\/wp-json\/wp\/v2\/product\/99335","targetHints":{"allow":["GET"]}}],"collection":[{"href":"https:\/\/truusk.store\/sv\/wp-json\/wp\/v2\/product"}],"about":[{"href":"https:\/\/truusk.store\/sv\/wp-json\/wp\/v2\/types\/product"}],"wp:featuredmedia":[{"embeddable":true,"href":"https:\/\/truusk.store\/sv\/wp-json\/wp\/v2\/media\/99326"}],"wp:attachment":[{"href":"https:\/\/truusk.store\/sv\/wp-json\/wp\/v2\/media?parent=99335"}],"wp:term":[{"taxonomy":"product_brand","embeddable":true,"href":"https:\/\/truusk.store\/sv\/wp-json\/wp\/v2\/product_brand?post=99335"},{"taxonomy":"product_cat","embeddable":true,"href":"https:\/\/truusk.store\/sv\/wp-json\/wp\/v2\/product_cat?post=99335"},{"taxonomy":"product_tag","embeddable":true,"href":"https:\/\/truusk.store\/sv\/wp-json\/wp\/v2\/product_tag?post=99335"}],"curies":[{"name":"wp","href":"https:\/\/api.w.org\/{rel}","templated":true}]}}