{"id":99355,"date":"2026-01-06T14:19:46","date_gmt":"2026-01-06T13:19:46","guid":{"rendered":"https:\/\/truusk.store\/product\/kontorsstol-med-liggfunktion-skrivbordsstol-hojdjusterbar-snurrstol-med-fotstod-64-x-73-x-120-cm-beige\/"},"modified":"2026-03-12T08:53:34","modified_gmt":"2026-03-12T07:53:34","slug":"truusk-kontorsstol-med-liggfunktion-skrivbordsstol-med-fotstod-justerbar-hojd-64-x-73-x-120-cm-beige","status":"publish","type":"product","link":"https:\/\/truusk.store\/sv\/produkt\/truusk-kontorsstol-med-liggfunktion-skrivbordsstol-med-fotstod-justerbar-hojd-64-x-73-x-120-cm-beige\/","title":{"rendered":"TRUUSK Kontorsstol med liggfunktion &#8211; Skrivbordsstol med fotst\u00f6d &#8211; Justerbar h\u00f6jd &#8211; 64 x 73 x 120 cm &#8211; Beige"},"content":{"rendered":"<p>Njut av den lyxiga komforten med [BRAND NAME] kontorsstol med fotst\u00f6d, utrustad med 11 cm tjock, h\u00f6g-resilient skum och en bred ryggst\u00f6d f\u00f6r ultimat komfort. Det djurv\u00e4nliga konstl\u00e4dret p\u00e5 skrivbordsstolen \u00e4r rept\u00e5ligt och l\u00e4tt att reng\u00f6ra, perfekt f\u00f6r bekymmersfria stunder med dina husdjur. Med justerbar 155\u00b0 ryggst\u00f6d och sitth\u00f6jd passar den perfekt in i alla kontor eller arbetsrum.<\/p>\n<p>Beskrivning:<\/p>\n<ul>\n<li> Vadderad med tjock, h\u00f6gelastiskt skum och fickfj\u00e4drar f\u00f6r h\u00f6g komfort och l\u00e5ngvarigt st\u00f6d<\/li>\n<li> Bred, h\u00f6g ryggst\u00f6d och anslutna armst\u00f6d erbjuder fullst\u00e4ndigt kroppsst\u00f6d f\u00f6r att lindra arbetsutmattning<\/li>\n<li> Husdjursv\u00e4nligt konstl\u00e4der \u00e4r vattent\u00e4tt, rept\u00e5ligt och l\u00e4tt att reng\u00f6ra<\/li>\n<li> Lutning upp till 155\u00b0 med fotst\u00f6d f\u00f6r djup avkoppling<\/li>\n<li> Justerbar sitth\u00f6jd fr\u00e5n 46,5-54,5 cm f\u00f6r att matcha din skrivbordsh\u00f6jd<\/li>\n<li> 360\u00b0 rotation och mjuka hjul f\u00f6rb\u00e4ttrar multitasking och r\u00f6rlighet<\/li>\n<li> PU-hjul r\u00f6r sig tyst och skyddar dina golv fr\u00e5n repor<\/li>\n<li> Montering kr\u00e4vs<\/li>\n<\/ul>\n<p> Tekniska specifikationer:<\/p>\n<ul>\n<li> F\u00e4rg: Beige+Vit+Svart+Silverton<\/li>\n<li> Material: Husdjursv\u00e4nligt konstl\u00e4der, flerskiktsplatta, skum, metall, plast<\/li>\n<li> Totala dimensioner: 64B x 73D x 112-120H cm<\/li>\n<li> Liggande dimensioner: 64B x 156D x 82-90H cm<\/li>\n<li> Sitsstorlek: 54B x 53D x 46,5-54,5H cm<\/li>\n<li> Sits tjocklek: 11 cm<\/li>\n<li> Ryggst\u00f6dsstorlek: 62B x 70H x 11D cm<\/li>\n<li> Armst\u00f6dsstorlek: 47L x 8B cm<\/li>\n<li> Armst\u00f6dsh\u00f6jd fr\u00e5n golvet: 66-74 cm<\/li>\n<li> Fotst\u00f6dsstorlek: 35L x 22B x 5H cm<\/li>\n<li> Sitsdjup i liggande tillst\u00e5nd: 98 cm<\/li>\n<li> Maximal belastning: 120 kg<\/li>\n<\/ul>\n<p>Leveransinneh\u00e5ll:<\/p>\n<ul>\n<li> 1 x Kontorsstol<\/li>\n<li> 1 x Bruksanvisning<\/li>\n<\/ul>\n","protected":false},"excerpt":{"rendered":"<p>Njut av den lyxiga komforten med [BRAND NAME] kontorsstol med fotst\u00f6d, utrustad med 11 cm tjock, h\u00f6g-resilient skum och en&#8230;<\/p>\n","protected":false},"featured_media":99346,"template":"","meta":[],"product_brand":[],"product_cat":[872,871,516],"product_tag":[],"class_list":{"0":"post-99355","1":"product","2":"type-product","3":"status-publish","4":"has-post-thumbnail","6":"product_cat-hemmakontor-arbetsplats","7":"product_cat-hus-hem","8":"product_cat-kontorsstolar","10":"first","11":"instock","12":"sale","13":"taxable","14":"shipping-taxable","15":"purchasable","16":"product-type-simple"},"yoast_head":"<!-- This site is optimized with the Yoast SEO plugin v25.4 - https:\/\/yoast.com\/wordpress\/plugins\/seo\/ -->\n<title>TRUUSK Kontorsstol med liggfunktion - Skrivbordsstol med fotst\u00f6d - Justerbar h\u00f6jd - 64 x 73 x 120 cm - Beige - TRUUSK - Hem, Tr\u00e4dg\u00e5rd &amp; Fritid<\/title>\n<meta name=\"robots\" content=\"index, follow, max-snippet:-1, max-image-preview:large, max-video-preview:-1\" \/>\n<link rel=\"canonical\" href=\"https:\/\/truusk.store\/sv\/produkt\/truusk-kontorsstol-med-liggfunktion-skrivbordsstol-med-fotstod-justerbar-hojd-64-x-73-x-120-cm-beige\/\" \/>\n<meta property=\"og:locale\" content=\"sv_SE\" \/>\n<meta property=\"og:type\" content=\"article\" \/>\n<meta property=\"og:title\" content=\"TRUUSK Kontorsstol med liggfunktion - Skrivbordsstol med fotst\u00f6d - Justerbar h\u00f6jd - 64 x 73 x 120 cm - Beige - TRUUSK - Hem, Tr\u00e4dg\u00e5rd &amp; Fritid\" \/>\n<meta property=\"og:description\" content=\"Njut av den lyxiga komforten med [BRAND NAME] kontorsstol med fotst\u00f6d, utrustad med 11 cm tjock, h\u00f6g-resilient skum och en...\" \/>\n<meta property=\"og:url\" content=\"https:\/\/truusk.store\/sv\/produkt\/truusk-kontorsstol-med-liggfunktion-skrivbordsstol-med-fotstod-justerbar-hojd-64-x-73-x-120-cm-beige\/\" \/>\n<meta property=\"og:site_name\" content=\"TRUUSK - Hem, Tr\u00e4dg\u00e5rd &amp; Fritid\" \/>\n<meta property=\"article:modified_time\" content=\"2026-03-12T07:53:34+00:00\" \/>\n<meta property=\"og:image\" content=\"https:\/\/i0.wp.com\/truusk.se\/wp-content\/uploads\/2026\/01\/kontorsstol-med-liggfunktion-skrivbordsstol-hojdjusterbar-snurrstol-med-fotstod-64-x-73-x-120-cm-beige-1.webp?fit=2000%2C2000&ssl=1\" \/>\n\t<meta property=\"og:image:width\" content=\"2000\" \/>\n\t<meta property=\"og:image:height\" content=\"2000\" \/>\n\t<meta property=\"og:image:type\" content=\"image\/webp\" \/>\n<meta name=\"twitter:card\" content=\"summary_large_image\" \/>\n<meta name=\"twitter:label1\" content=\"Ber\u00e4knad l\u00e4stid\" \/>\n\t<meta name=\"twitter:data1\" content=\"1 minut\" \/>\n<!-- \/ Yoast SEO plugin. -->","yoast_head_json":{"title":"TRUUSK Kontorsstol med liggfunktion - Skrivbordsstol med fotst\u00f6d - Justerbar h\u00f6jd - 64 x 73 x 120 cm - Beige - TRUUSK - Hem, Tr\u00e4dg\u00e5rd &amp; Fritid","robots":{"index":"index","follow":"follow","max-snippet":"max-snippet:-1","max-image-preview":"max-image-preview:large","max-video-preview":"max-video-preview:-1"},"canonical":"https:\/\/truusk.store\/sv\/produkt\/truusk-kontorsstol-med-liggfunktion-skrivbordsstol-med-fotstod-justerbar-hojd-64-x-73-x-120-cm-beige\/","og_locale":"sv_SE","og_type":"article","og_title":"TRUUSK Kontorsstol med liggfunktion - Skrivbordsstol med fotst\u00f6d - Justerbar h\u00f6jd - 64 x 73 x 120 cm - Beige - TRUUSK - Hem, Tr\u00e4dg\u00e5rd &amp; Fritid","og_description":"Njut av den lyxiga komforten med [BRAND NAME] kontorsstol med fotst\u00f6d, utrustad med 11 cm tjock, h\u00f6g-resilient skum och en...","og_url":"https:\/\/truusk.store\/sv\/produkt\/truusk-kontorsstol-med-liggfunktion-skrivbordsstol-med-fotstod-justerbar-hojd-64-x-73-x-120-cm-beige\/","og_site_name":"TRUUSK - Hem, Tr\u00e4dg\u00e5rd &amp; Fritid","article_modified_time":"2026-03-12T07:53:34+00:00","og_image":[{"width":2000,"height":2000,"url":"https:\/\/i0.wp.com\/truusk.se\/wp-content\/uploads\/2026\/01\/kontorsstol-med-liggfunktion-skrivbordsstol-hojdjusterbar-snurrstol-med-fotstod-64-x-73-x-120-cm-beige-1.webp?fit=2000%2C2000&ssl=1","type":"image\/webp"}],"twitter_card":"summary_large_image","twitter_misc":{"Ber\u00e4knad l\u00e4stid":"1 minut"},"schema":{"@context":"https:\/\/schema.org","@graph":[{"@type":"WebPage","@id":"https:\/\/truusk.store\/sv\/produkt\/truusk-kontorsstol-med-liggfunktion-skrivbordsstol-med-fotstod-justerbar-hojd-64-x-73-x-120-cm-beige\/","url":"https:\/\/truusk.store\/sv\/produkt\/truusk-kontorsstol-med-liggfunktion-skrivbordsstol-med-fotstod-justerbar-hojd-64-x-73-x-120-cm-beige\/","name":"TRUUSK Kontorsstol med liggfunktion - Skrivbordsstol med fotst\u00f6d - Justerbar h\u00f6jd - 64 x 73 x 120 cm - Beige - TRUUSK - Hem, Tr\u00e4dg\u00e5rd &amp; Fritid","isPartOf":{"@id":"https:\/\/truusk.store\/sv\/#website"},"primaryImageOfPage":{"@id":"https:\/\/truusk.store\/sv\/produkt\/truusk-kontorsstol-med-liggfunktion-skrivbordsstol-med-fotstod-justerbar-hojd-64-x-73-x-120-cm-beige\/#primaryimage"},"image":{"@id":"https:\/\/truusk.store\/sv\/produkt\/truusk-kontorsstol-med-liggfunktion-skrivbordsstol-med-fotstod-justerbar-hojd-64-x-73-x-120-cm-beige\/#primaryimage"},"thumbnailUrl":"https:\/\/i0.wp.com\/truusk.store\/wp-content\/uploads\/2026\/01\/kontorsstol-med-liggfunktion-skrivbordsstol-hojdjusterbar-snurrstol-med-fotstod-64-x-73-x-120-cm-beige-1.webp?fit=2000%2C2000&ssl=1","datePublished":"2026-01-06T13:19:46+00:00","dateModified":"2026-03-12T07:53:34+00:00","breadcrumb":{"@id":"https:\/\/truusk.store\/sv\/produkt\/truusk-kontorsstol-med-liggfunktion-skrivbordsstol-med-fotstod-justerbar-hojd-64-x-73-x-120-cm-beige\/#breadcrumb"},"inLanguage":"sv-SE","potentialAction":[{"@type":"ReadAction","target":["https:\/\/truusk.store\/sv\/produkt\/truusk-kontorsstol-med-liggfunktion-skrivbordsstol-med-fotstod-justerbar-hojd-64-x-73-x-120-cm-beige\/"]}]},{"@type":"ImageObject","inLanguage":"sv-SE","@id":"https:\/\/truusk.store\/sv\/produkt\/truusk-kontorsstol-med-liggfunktion-skrivbordsstol-med-fotstod-justerbar-hojd-64-x-73-x-120-cm-beige\/#primaryimage","url":"https:\/\/i0.wp.com\/truusk.store\/wp-content\/uploads\/2026\/01\/kontorsstol-med-liggfunktion-skrivbordsstol-hojdjusterbar-snurrstol-med-fotstod-64-x-73-x-120-cm-beige-1.webp?fit=2000%2C2000&ssl=1","contentUrl":"https:\/\/i0.wp.com\/truusk.store\/wp-content\/uploads\/2026\/01\/kontorsstol-med-liggfunktion-skrivbordsstol-hojdjusterbar-snurrstol-med-fotstod-64-x-73-x-120-cm-beige-1.webp?fit=2000%2C2000&ssl=1","width":2000,"height":2000},{"@type":"BreadcrumbList","@id":"https:\/\/truusk.store\/sv\/produkt\/truusk-kontorsstol-med-liggfunktion-skrivbordsstol-med-fotstod-justerbar-hojd-64-x-73-x-120-cm-beige\/#breadcrumb","itemListElement":[{"@type":"ListItem","position":1,"name":"Home","item":"https:\/\/truusk.store\/sv\/"},{"@type":"ListItem","position":2,"name":"Shop","item":"https:\/\/truusk.store\/shop\/"},{"@type":"ListItem","position":3,"name":"TRUUSK Kontorsstol med liggfunktion &#8211; Skrivbordsstol med fotst\u00f6d &#8211; Justerbar h\u00f6jd &#8211; 64 x 73 x 120 cm &#8211; Beige"}]},{"@type":"WebSite","@id":"https:\/\/truusk.store\/sv\/#website","url":"https:\/\/truusk.store\/sv\/","name":"TRUUSK - Hem, Tr\u00e4dg\u00e5rd & Fritid","description":"","publisher":{"@id":"https:\/\/truusk.store\/sv\/#organization"},"potentialAction":[{"@type":"SearchAction","target":{"@type":"EntryPoint","urlTemplate":"https:\/\/truusk.store\/sv\/?s={search_term_string}"},"query-input":{"@type":"PropertyValueSpecification","valueRequired":true,"valueName":"search_term_string"}}],"inLanguage":"sv-SE"},{"@type":"Organization","@id":"https:\/\/truusk.store\/sv\/#organization","name":"TRUUSK - Hem, Tr\u00e4dg\u00e5rd & Fritid","url":"https:\/\/truusk.store\/sv\/","logo":{"@type":"ImageObject","inLanguage":"sv-SE","@id":"https:\/\/truusk.store\/sv\/#\/schema\/logo\/image\/","url":"https:\/\/i0.wp.com\/truusk.store\/wp-content\/uploads\/2026\/03\/cropped-TRUUSK.png?fit=2032%2C917&ssl=1","contentUrl":"https:\/\/i0.wp.com\/truusk.store\/wp-content\/uploads\/2026\/03\/cropped-TRUUSK.png?fit=2032%2C917&ssl=1","width":2032,"height":917,"caption":"TRUUSK - Hem, Tr\u00e4dg\u00e5rd & Fritid"},"image":{"@id":"https:\/\/truusk.store\/sv\/#\/schema\/logo\/image\/"}}]}},"jetpack_sharing_enabled":true,"_links":{"self":[{"href":"https:\/\/truusk.store\/sv\/wp-json\/wp\/v2\/product\/99355","targetHints":{"allow":["GET"]}}],"collection":[{"href":"https:\/\/truusk.store\/sv\/wp-json\/wp\/v2\/product"}],"about":[{"href":"https:\/\/truusk.store\/sv\/wp-json\/wp\/v2\/types\/product"}],"wp:featuredmedia":[{"embeddable":true,"href":"https:\/\/truusk.store\/sv\/wp-json\/wp\/v2\/media\/99346"}],"wp:attachment":[{"href":"https:\/\/truusk.store\/sv\/wp-json\/wp\/v2\/media?parent=99355"}],"wp:term":[{"taxonomy":"product_brand","embeddable":true,"href":"https:\/\/truusk.store\/sv\/wp-json\/wp\/v2\/product_brand?post=99355"},{"taxonomy":"product_cat","embeddable":true,"href":"https:\/\/truusk.store\/sv\/wp-json\/wp\/v2\/product_cat?post=99355"},{"taxonomy":"product_tag","embeddable":true,"href":"https:\/\/truusk.store\/sv\/wp-json\/wp\/v2\/product_tag?post=99355"}],"curies":[{"name":"wp","href":"https:\/\/api.w.org\/{rel}","templated":true}]}}