{"id":99365,"date":"2026-01-06T14:21:05","date_gmt":"2026-01-06T13:21:05","guid":{"rendered":"https:\/\/truusk.store\/product\/helskroppsspegel-150x40-cm-led-spegel-med-24-glodlampor-3-ljusfarger-fristaende-lutande-eller-for-vaggmontering-vit\/"},"modified":"2026-03-12T08:53:46","modified_gmt":"2026-03-12T07:53:46","slug":"truusk-helskroppsspegel-150x40-cm-med-led-lampor-24-glodlampor-3-ljusfarger-fristaende-eller-for-vaggmontering-vit","status":"publish","type":"product","link":"https:\/\/truusk.store\/sv\/produkt\/truusk-helskroppsspegel-150x40-cm-med-led-lampor-24-glodlampor-3-ljusfarger-fristaende-eller-for-vaggmontering-vit\/","title":{"rendered":"TRUUSK Helskroppsspegel 150&#215;40 cm med LED-lampor &#8211; 24 gl\u00f6dlampor &#8211; 3 ljusf\u00e4rger &#8211; Frist\u00e5ende eller f\u00f6r v\u00e4ggmontering &#8211; Vit"},"content":{"rendered":"<p>S\u00e4g adj\u00f6 till stressiga morgontimmar med svagt ljus och suddiga bilder. [BRAND NAME] helkroppsspegel med 24 Hollywood-stil lampor lyser upp varje outfitvy perfekt. Byt mellan varma, naturliga eller kalla ljusnyanser med ett tryck och justera ljusstyrkan efter \u00f6nskem\u00e5l. Det splitterfria, h\u00e4rdade glaset garanterar s\u00e4kerhet och klar sikt. Oavsett om den st\u00e5r, lutar eller \u00e4r monterad p\u00e5 v\u00e4ggen, passar den stora spegeln perfekt in i alla rum.<\/p>\n<p>Beskrivning:<\/p>\n<ul>\n<li> Den 150 x 40 cm stora helkroppsspegeln ger en tydlig huvud-till-fot-vy f\u00f6r outfitkontroller<\/li>\n<li> 24 Hollywood-stil lampor och en elegant, vit MDF-ram ger en modern, elegant touch<\/li>\n<li> Tre ljusl\u00e4gen (varmt, naturligt, kallt) med stegl\u00f6s dimning f\u00f6r f\u00f6redragen belysning<\/li>\n<li> Kommer ih\u00e5g din senaste ljusinst\u00e4llning och erbjuder s\u00e5ledes en bekv\u00e4m och individuell anv\u00e4ndarupplevelse<\/li>\n<li> 4 mm splitterfritt, h\u00e4rdad glas garanterar s\u00e4kerhet och en distorsionsfri reflektion<\/li>\n<li> Kan anv\u00e4ndas frist\u00e5ende med st\u00f6dbenet, v\u00e4ggmonterad eller lutande f\u00f6r flexibilitet<\/li>\n<li> Idealisk f\u00f6r sovrum, omkl\u00e4dningsrum eller vardagsrum<\/li>\n<li> Montering kr\u00e4vs<\/li>\n<\/ul>\n<p> Tekniska specifikationer:<\/p>\n<ul>\n<li> F\u00e4rg: Vit<\/li>\n<li> Material: H\u00e4rdad glas, MDF<\/li>\n<li> Totala dimensioner: 40B x 4T x 150H cm (utan st\u00f6dben), 40B x 40T x 149H cm (med st\u00f6dben)<\/li>\n<li> Spegelstorlek: 28,3B x 138,3H cm<\/li>\n<li> F\u00e4rgtemperatur: 3000K\/4500K\/6500K<\/li>\n<li> Lumen: 2380 lm<\/li>\n<li> Effekt: 39W (totalt), 35W (LED)<\/li>\n<li> Ing\u00e5ng: AC 230V 50Hz<\/li>\n<li> Utg\u00e5ng: DC 12V, 3A, 36W<\/li>\n<li> Kabell\u00e4ngd: 1,5 m<\/li>\n<li> Notera: N\u00e4r du lutar spegeln mot en v\u00e4gg, placera den p\u00e5 en halkfri yta (som en matta) f\u00f6r att s\u00e4kerst\u00e4lla stabilitet.<\/li>\n<\/ul>\n<p>Leveransinneh\u00e5ll:<\/p>\n<ul>\n<li> 1 x Helkroppsspegel<\/li>\n<li> 1 x Bruksanvisning<\/li>\n<\/ul>\n","protected":false},"excerpt":{"rendered":"<p>S\u00e4g adj\u00f6 till stressiga morgontimmar med svagt ljus och suddiga bilder. [BRAND NAME] helkroppsspegel med 24 Hollywood-stil lampor lyser upp&#8230;<\/p>\n","protected":false},"featured_media":99356,"template":"","meta":[],"product_brand":[],"product_cat":[893,871,966],"product_tag":[],"class_list":{"0":"post-99365","1":"product","2":"type-product","3":"status-publish","4":"has-post-thumbnail","6":"product_cat-garderob-hall","7":"product_cat-hus-hem","8":"product_cat-staende-speglar","10":"first","11":"instock","12":"sale","13":"taxable","14":"shipping-taxable","15":"purchasable","16":"product-type-simple"},"yoast_head":"<!-- This site is optimized with the Yoast SEO plugin v25.4 - https:\/\/yoast.com\/wordpress\/plugins\/seo\/ -->\n<title>TRUUSK Helskroppsspegel 150x40 cm med LED-lampor - 24 gl\u00f6dlampor - 3 ljusf\u00e4rger - Frist\u00e5ende eller f\u00f6r v\u00e4ggmontering - Vit - TRUUSK - Hem, Tr\u00e4dg\u00e5rd &amp; Fritid<\/title>\n<meta name=\"robots\" content=\"index, follow, max-snippet:-1, max-image-preview:large, max-video-preview:-1\" \/>\n<link rel=\"canonical\" href=\"https:\/\/truusk.store\/sv\/produkt\/truusk-helskroppsspegel-150x40-cm-med-led-lampor-24-glodlampor-3-ljusfarger-fristaende-eller-for-vaggmontering-vit\/\" \/>\n<meta property=\"og:locale\" content=\"sv_SE\" \/>\n<meta property=\"og:type\" content=\"article\" \/>\n<meta property=\"og:title\" content=\"TRUUSK Helskroppsspegel 150x40 cm med LED-lampor - 24 gl\u00f6dlampor - 3 ljusf\u00e4rger - Frist\u00e5ende eller f\u00f6r v\u00e4ggmontering - Vit - TRUUSK - Hem, Tr\u00e4dg\u00e5rd &amp; Fritid\" \/>\n<meta property=\"og:description\" content=\"S\u00e4g adj\u00f6 till stressiga morgontimmar med svagt ljus och suddiga bilder. [BRAND NAME] helkroppsspegel med 24 Hollywood-stil lampor lyser upp...\" \/>\n<meta property=\"og:url\" content=\"https:\/\/truusk.store\/sv\/produkt\/truusk-helskroppsspegel-150x40-cm-med-led-lampor-24-glodlampor-3-ljusfarger-fristaende-eller-for-vaggmontering-vit\/\" \/>\n<meta property=\"og:site_name\" content=\"TRUUSK - Hem, Tr\u00e4dg\u00e5rd &amp; Fritid\" \/>\n<meta property=\"article:modified_time\" content=\"2026-03-12T07:53:46+00:00\" \/>\n<meta property=\"og:image\" content=\"https:\/\/i0.wp.com\/truusk.se\/wp-content\/uploads\/2026\/01\/helskroppsspegel-150x40-cm-led-spegel-med-24-glodlampor-3-ljusfarger-fristaende-lutande-eller-for-vaggmontering-vit-1.webp?fit=2000%2C2000&ssl=1\" \/>\n\t<meta property=\"og:image:width\" content=\"2000\" \/>\n\t<meta property=\"og:image:height\" content=\"2000\" \/>\n\t<meta property=\"og:image:type\" content=\"image\/webp\" \/>\n<meta name=\"twitter:card\" content=\"summary_large_image\" \/>\n<meta name=\"twitter:label1\" content=\"Ber\u00e4knad l\u00e4stid\" \/>\n\t<meta name=\"twitter:data1\" content=\"1 minut\" \/>\n<!-- \/ Yoast SEO plugin. -->","yoast_head_json":{"title":"TRUUSK Helskroppsspegel 150x40 cm med LED-lampor - 24 gl\u00f6dlampor - 3 ljusf\u00e4rger - Frist\u00e5ende eller f\u00f6r v\u00e4ggmontering - Vit - TRUUSK - Hem, Tr\u00e4dg\u00e5rd &amp; Fritid","robots":{"index":"index","follow":"follow","max-snippet":"max-snippet:-1","max-image-preview":"max-image-preview:large","max-video-preview":"max-video-preview:-1"},"canonical":"https:\/\/truusk.store\/sv\/produkt\/truusk-helskroppsspegel-150x40-cm-med-led-lampor-24-glodlampor-3-ljusfarger-fristaende-eller-for-vaggmontering-vit\/","og_locale":"sv_SE","og_type":"article","og_title":"TRUUSK Helskroppsspegel 150x40 cm med LED-lampor - 24 gl\u00f6dlampor - 3 ljusf\u00e4rger - Frist\u00e5ende eller f\u00f6r v\u00e4ggmontering - Vit - TRUUSK - Hem, Tr\u00e4dg\u00e5rd &amp; Fritid","og_description":"S\u00e4g adj\u00f6 till stressiga morgontimmar med svagt ljus och suddiga bilder. [BRAND NAME] helkroppsspegel med 24 Hollywood-stil lampor lyser upp...","og_url":"https:\/\/truusk.store\/sv\/produkt\/truusk-helskroppsspegel-150x40-cm-med-led-lampor-24-glodlampor-3-ljusfarger-fristaende-eller-for-vaggmontering-vit\/","og_site_name":"TRUUSK - Hem, Tr\u00e4dg\u00e5rd &amp; Fritid","article_modified_time":"2026-03-12T07:53:46+00:00","og_image":[{"width":2000,"height":2000,"url":"https:\/\/i0.wp.com\/truusk.se\/wp-content\/uploads\/2026\/01\/helskroppsspegel-150x40-cm-led-spegel-med-24-glodlampor-3-ljusfarger-fristaende-lutande-eller-for-vaggmontering-vit-1.webp?fit=2000%2C2000&ssl=1","type":"image\/webp"}],"twitter_card":"summary_large_image","twitter_misc":{"Ber\u00e4knad l\u00e4stid":"1 minut"},"schema":{"@context":"https:\/\/schema.org","@graph":[{"@type":"WebPage","@id":"https:\/\/truusk.store\/sv\/produkt\/truusk-helskroppsspegel-150x40-cm-med-led-lampor-24-glodlampor-3-ljusfarger-fristaende-eller-for-vaggmontering-vit\/","url":"https:\/\/truusk.store\/sv\/produkt\/truusk-helskroppsspegel-150x40-cm-med-led-lampor-24-glodlampor-3-ljusfarger-fristaende-eller-for-vaggmontering-vit\/","name":"TRUUSK Helskroppsspegel 150x40 cm med LED-lampor - 24 gl\u00f6dlampor - 3 ljusf\u00e4rger - Frist\u00e5ende eller f\u00f6r v\u00e4ggmontering - Vit - TRUUSK - Hem, Tr\u00e4dg\u00e5rd &amp; Fritid","isPartOf":{"@id":"https:\/\/truusk.store\/sv\/#website"},"primaryImageOfPage":{"@id":"https:\/\/truusk.store\/sv\/produkt\/truusk-helskroppsspegel-150x40-cm-med-led-lampor-24-glodlampor-3-ljusfarger-fristaende-eller-for-vaggmontering-vit\/#primaryimage"},"image":{"@id":"https:\/\/truusk.store\/sv\/produkt\/truusk-helskroppsspegel-150x40-cm-med-led-lampor-24-glodlampor-3-ljusfarger-fristaende-eller-for-vaggmontering-vit\/#primaryimage"},"thumbnailUrl":"https:\/\/i0.wp.com\/truusk.store\/wp-content\/uploads\/2026\/01\/helskroppsspegel-150x40-cm-led-spegel-med-24-glodlampor-3-ljusfarger-fristaende-lutande-eller-for-vaggmontering-vit-1.webp?fit=2000%2C2000&ssl=1","datePublished":"2026-01-06T13:21:05+00:00","dateModified":"2026-03-12T07:53:46+00:00","breadcrumb":{"@id":"https:\/\/truusk.store\/sv\/produkt\/truusk-helskroppsspegel-150x40-cm-med-led-lampor-24-glodlampor-3-ljusfarger-fristaende-eller-for-vaggmontering-vit\/#breadcrumb"},"inLanguage":"sv-SE","potentialAction":[{"@type":"ReadAction","target":["https:\/\/truusk.store\/sv\/produkt\/truusk-helskroppsspegel-150x40-cm-med-led-lampor-24-glodlampor-3-ljusfarger-fristaende-eller-for-vaggmontering-vit\/"]}]},{"@type":"ImageObject","inLanguage":"sv-SE","@id":"https:\/\/truusk.store\/sv\/produkt\/truusk-helskroppsspegel-150x40-cm-med-led-lampor-24-glodlampor-3-ljusfarger-fristaende-eller-for-vaggmontering-vit\/#primaryimage","url":"https:\/\/i0.wp.com\/truusk.store\/wp-content\/uploads\/2026\/01\/helskroppsspegel-150x40-cm-led-spegel-med-24-glodlampor-3-ljusfarger-fristaende-lutande-eller-for-vaggmontering-vit-1.webp?fit=2000%2C2000&ssl=1","contentUrl":"https:\/\/i0.wp.com\/truusk.store\/wp-content\/uploads\/2026\/01\/helskroppsspegel-150x40-cm-led-spegel-med-24-glodlampor-3-ljusfarger-fristaende-lutande-eller-for-vaggmontering-vit-1.webp?fit=2000%2C2000&ssl=1","width":2000,"height":2000},{"@type":"BreadcrumbList","@id":"https:\/\/truusk.store\/sv\/produkt\/truusk-helskroppsspegel-150x40-cm-med-led-lampor-24-glodlampor-3-ljusfarger-fristaende-eller-for-vaggmontering-vit\/#breadcrumb","itemListElement":[{"@type":"ListItem","position":1,"name":"Home","item":"https:\/\/truusk.store\/sv\/"},{"@type":"ListItem","position":2,"name":"Shop","item":"https:\/\/truusk.store\/shop\/"},{"@type":"ListItem","position":3,"name":"TRUUSK Helskroppsspegel 150&#215;40 cm med LED-lampor &#8211; 24 gl\u00f6dlampor &#8211; 3 ljusf\u00e4rger &#8211; Frist\u00e5ende eller f\u00f6r v\u00e4ggmontering &#8211; Vit"}]},{"@type":"WebSite","@id":"https:\/\/truusk.store\/sv\/#website","url":"https:\/\/truusk.store\/sv\/","name":"TRUUSK - Hem, Tr\u00e4dg\u00e5rd & Fritid","description":"","publisher":{"@id":"https:\/\/truusk.store\/sv\/#organization"},"potentialAction":[{"@type":"SearchAction","target":{"@type":"EntryPoint","urlTemplate":"https:\/\/truusk.store\/sv\/?s={search_term_string}"},"query-input":{"@type":"PropertyValueSpecification","valueRequired":true,"valueName":"search_term_string"}}],"inLanguage":"sv-SE"},{"@type":"Organization","@id":"https:\/\/truusk.store\/sv\/#organization","name":"TRUUSK - Hem, Tr\u00e4dg\u00e5rd & Fritid","url":"https:\/\/truusk.store\/sv\/","logo":{"@type":"ImageObject","inLanguage":"sv-SE","@id":"https:\/\/truusk.store\/sv\/#\/schema\/logo\/image\/","url":"https:\/\/i0.wp.com\/truusk.store\/wp-content\/uploads\/2026\/03\/cropped-TRUUSK.png?fit=2032%2C917&ssl=1","contentUrl":"https:\/\/i0.wp.com\/truusk.store\/wp-content\/uploads\/2026\/03\/cropped-TRUUSK.png?fit=2032%2C917&ssl=1","width":2032,"height":917,"caption":"TRUUSK - Hem, Tr\u00e4dg\u00e5rd & Fritid"},"image":{"@id":"https:\/\/truusk.store\/sv\/#\/schema\/logo\/image\/"}}]}},"jetpack_sharing_enabled":true,"_links":{"self":[{"href":"https:\/\/truusk.store\/sv\/wp-json\/wp\/v2\/product\/99365","targetHints":{"allow":["GET"]}}],"collection":[{"href":"https:\/\/truusk.store\/sv\/wp-json\/wp\/v2\/product"}],"about":[{"href":"https:\/\/truusk.store\/sv\/wp-json\/wp\/v2\/types\/product"}],"wp:featuredmedia":[{"embeddable":true,"href":"https:\/\/truusk.store\/sv\/wp-json\/wp\/v2\/media\/99356"}],"wp:attachment":[{"href":"https:\/\/truusk.store\/sv\/wp-json\/wp\/v2\/media?parent=99365"}],"wp:term":[{"taxonomy":"product_brand","embeddable":true,"href":"https:\/\/truusk.store\/sv\/wp-json\/wp\/v2\/product_brand?post=99365"},{"taxonomy":"product_cat","embeddable":true,"href":"https:\/\/truusk.store\/sv\/wp-json\/wp\/v2\/product_cat?post=99365"},{"taxonomy":"product_tag","embeddable":true,"href":"https:\/\/truusk.store\/sv\/wp-json\/wp\/v2\/product_tag?post=99365"}],"curies":[{"name":"wp","href":"https:\/\/api.w.org\/{rel}","templated":true}]}}