{"id":99385,"date":"2026-01-07T12:23:47","date_gmt":"2026-01-07T11:23:47","guid":{"rendered":"https:\/\/truusk.store\/product\/vaxthus-gangbart-180-x-100-x-168-m-folievaxthus-robust-presenning-vit\/"},"modified":"2026-03-12T09:08:40","modified_gmt":"2026-03-12T08:08:40","slug":"truusk-vaxthus-180-x-100-x-168-m-gangbart-folievaxthus-robust-presenning-vit","status":"publish","type":"product","link":"https:\/\/truusk.store\/sv\/produkt\/truusk-vaxthus-180-x-100-x-168-m-gangbart-folievaxthus-robust-presenning-vit\/","title":{"rendered":"TRUUSK V\u00e4xthus 1,80 X 1,00 X 1,68 M &#8211; G\u00e5ngbart Foliev\u00e4xthus &#8211; Robust Presenning &#8211; Vit"},"content":{"rendered":"<p>Oavsett om det \u00e4r tidig v\u00e5r eller sen h\u00f6st, g\u00f6r detta [BRAND NAME] v\u00e4xthus det m\u00f6jligt f\u00f6r dig att odla v\u00e4xter och gr\u00f6nsaker p\u00e5 b\u00e4sta s\u00e4tt. Det har en stabil st\u00e5lram och extra tillbeh\u00f6r f\u00f6r \u00f6kad styrka. Plasth\u00f6ljet p\u00e5 v\u00e4xthuset bevarar v\u00e4rme och blockerar skadliga UV-str\u00e5lar. Genom f\u00f6nstret p\u00e5 baksidan av v\u00e4xthuset str\u00f6mmar frisk luft in och den fr\u00e4mre d\u00f6rren med dragkedja underl\u00e4ttar tillg\u00e5ngen till dina v\u00e4xter. Enkel montering och start.<\/p>\n<p>Beskrivning:<\/p>\n<ul>\n<li> L\u00e4mplig f\u00f6r \u00e5ret runt anv\u00e4ndning<\/li>\n<li> UV-resistent PE-plast\u00f6verdrag p\u00e5 v\u00e4xthuset f\u00f6r att skydda mot skadliga solstr\u00e5lar<\/li>\n<li> Dragkedjad\u00f6rr fram p\u00e5 v\u00e4xthuset f\u00f6r enkel in- och utg\u00e5ng. Bakf\u00f6nster f\u00f6r ventilation vid behov<\/li>\n<li> Fyra sp\u00e4nnlinor och markspikar p\u00e5 v\u00e4xthuset f\u00f6r extra stabilitet<\/li>\n<li> Extra l\u00e5nga \u00f6verdrag f\u00f6r mer vikt<\/li>\n<li> Montering kr\u00e4vs<\/li>\n<\/ul>\n<p> Tekniska data:<\/p>\n<ul>\n<li> F\u00e4rg: Vit<\/li>\n<li> Material: St\u00e5l, plast<\/li>\n<li> Totala dimensioner: 180L x 100B x 168H cm<\/li>\n<li> Sidoh\u00f6jd: 100 cm<\/li>\n<li> D\u00f6rrstorlek: 73B x 146H cm<\/li>\n<li> F\u00f6nsterstorlek: 55B x 30H cm<\/li>\n<li> Vindfast: Niv\u00e5 4 (vindhastighet under 28 km\/h)<\/li>\n<li> PE-\u00f6verdrag: 140 g\/m\u00b2<\/li>\n<li> Artikelnummer: 845-501<\/li>\n<\/ul>\n<p>Ing\u00e5r:<\/p>\n<ul>\n<li> 4 x sp\u00e4nnlina<\/li>\n<li> 4 x markspik<\/li>\n<\/ul>\n","protected":false},"excerpt":{"rendered":"<p>Oavsett om det \u00e4r tidig v\u00e5r eller sen h\u00f6st, g\u00f6r detta [BRAND NAME] v\u00e4xthus det m\u00f6jligt f\u00f6r dig att odla&#8230;<\/p>\n","protected":false},"featured_media":99376,"template":"","meta":[],"product_brand":[],"product_cat":[903,858,443],"product_tag":[],"class_list":{"0":"post-99385","1":"product","2":"type-product","3":"status-publish","4":"has-post-thumbnail","6":"product_cat-plastvaxthus","7":"product_cat-tradgard-terrass","8":"product_cat-vaxthus-tradgardsskotsel","10":"first","11":"instock","12":"sale","13":"taxable","14":"shipping-taxable","15":"purchasable","16":"product-type-simple"},"yoast_head":"<!-- This site is optimized with the Yoast SEO plugin v25.4 - https:\/\/yoast.com\/wordpress\/plugins\/seo\/ -->\n<title>TRUUSK V\u00e4xthus 1,80 X 1,00 X 1,68 M - G\u00e5ngbart Foliev\u00e4xthus - Robust Presenning - Vit - TRUUSK - Hem, Tr\u00e4dg\u00e5rd &amp; Fritid<\/title>\n<meta name=\"robots\" content=\"index, follow, max-snippet:-1, max-image-preview:large, max-video-preview:-1\" \/>\n<link rel=\"canonical\" href=\"https:\/\/truusk.store\/sv\/produkt\/truusk-vaxthus-180-x-100-x-168-m-gangbart-folievaxthus-robust-presenning-vit\/\" \/>\n<meta property=\"og:locale\" content=\"sv_SE\" \/>\n<meta property=\"og:type\" content=\"article\" \/>\n<meta property=\"og:title\" content=\"TRUUSK V\u00e4xthus 1,80 X 1,00 X 1,68 M - G\u00e5ngbart Foliev\u00e4xthus - Robust Presenning - Vit - TRUUSK - Hem, Tr\u00e4dg\u00e5rd &amp; Fritid\" \/>\n<meta property=\"og:description\" content=\"Oavsett om det \u00e4r tidig v\u00e5r eller sen h\u00f6st, g\u00f6r detta [BRAND NAME] v\u00e4xthus det m\u00f6jligt f\u00f6r dig att odla...\" \/>\n<meta property=\"og:url\" content=\"https:\/\/truusk.store\/sv\/produkt\/truusk-vaxthus-180-x-100-x-168-m-gangbart-folievaxthus-robust-presenning-vit\/\" \/>\n<meta property=\"og:site_name\" content=\"TRUUSK - Hem, Tr\u00e4dg\u00e5rd &amp; Fritid\" \/>\n<meta property=\"article:modified_time\" content=\"2026-03-12T08:08:40+00:00\" \/>\n<meta property=\"og:image\" content=\"https:\/\/i0.wp.com\/truusk.se\/wp-content\/uploads\/2026\/01\/vaxthus-gangbart-180-x-100-x-168-m-folievaxthus-robust-presenning-vit-1.webp?fit=2000%2C2000&ssl=1\" \/>\n\t<meta property=\"og:image:width\" content=\"2000\" \/>\n\t<meta property=\"og:image:height\" content=\"2000\" \/>\n\t<meta property=\"og:image:type\" content=\"image\/webp\" \/>\n<meta name=\"twitter:card\" content=\"summary_large_image\" \/>\n<meta name=\"twitter:label1\" content=\"Ber\u00e4knad l\u00e4stid\" \/>\n\t<meta name=\"twitter:data1\" content=\"1 minut\" \/>\n<!-- \/ Yoast SEO plugin. -->","yoast_head_json":{"title":"TRUUSK V\u00e4xthus 1,80 X 1,00 X 1,68 M - G\u00e5ngbart Foliev\u00e4xthus - Robust Presenning - Vit - TRUUSK - Hem, Tr\u00e4dg\u00e5rd &amp; Fritid","robots":{"index":"index","follow":"follow","max-snippet":"max-snippet:-1","max-image-preview":"max-image-preview:large","max-video-preview":"max-video-preview:-1"},"canonical":"https:\/\/truusk.store\/sv\/produkt\/truusk-vaxthus-180-x-100-x-168-m-gangbart-folievaxthus-robust-presenning-vit\/","og_locale":"sv_SE","og_type":"article","og_title":"TRUUSK V\u00e4xthus 1,80 X 1,00 X 1,68 M - G\u00e5ngbart Foliev\u00e4xthus - Robust Presenning - Vit - TRUUSK - Hem, Tr\u00e4dg\u00e5rd &amp; Fritid","og_description":"Oavsett om det \u00e4r tidig v\u00e5r eller sen h\u00f6st, g\u00f6r detta [BRAND NAME] v\u00e4xthus det m\u00f6jligt f\u00f6r dig att odla...","og_url":"https:\/\/truusk.store\/sv\/produkt\/truusk-vaxthus-180-x-100-x-168-m-gangbart-folievaxthus-robust-presenning-vit\/","og_site_name":"TRUUSK - Hem, Tr\u00e4dg\u00e5rd &amp; Fritid","article_modified_time":"2026-03-12T08:08:40+00:00","og_image":[{"width":2000,"height":2000,"url":"https:\/\/i0.wp.com\/truusk.se\/wp-content\/uploads\/2026\/01\/vaxthus-gangbart-180-x-100-x-168-m-folievaxthus-robust-presenning-vit-1.webp?fit=2000%2C2000&ssl=1","type":"image\/webp"}],"twitter_card":"summary_large_image","twitter_misc":{"Ber\u00e4knad l\u00e4stid":"1 minut"},"schema":{"@context":"https:\/\/schema.org","@graph":[{"@type":"WebPage","@id":"https:\/\/truusk.store\/sv\/produkt\/truusk-vaxthus-180-x-100-x-168-m-gangbart-folievaxthus-robust-presenning-vit\/","url":"https:\/\/truusk.store\/sv\/produkt\/truusk-vaxthus-180-x-100-x-168-m-gangbart-folievaxthus-robust-presenning-vit\/","name":"TRUUSK V\u00e4xthus 1,80 X 1,00 X 1,68 M - G\u00e5ngbart Foliev\u00e4xthus - Robust Presenning - Vit - TRUUSK - Hem, Tr\u00e4dg\u00e5rd &amp; Fritid","isPartOf":{"@id":"https:\/\/truusk.store\/sv\/#website"},"primaryImageOfPage":{"@id":"https:\/\/truusk.store\/sv\/produkt\/truusk-vaxthus-180-x-100-x-168-m-gangbart-folievaxthus-robust-presenning-vit\/#primaryimage"},"image":{"@id":"https:\/\/truusk.store\/sv\/produkt\/truusk-vaxthus-180-x-100-x-168-m-gangbart-folievaxthus-robust-presenning-vit\/#primaryimage"},"thumbnailUrl":"https:\/\/i0.wp.com\/truusk.store\/wp-content\/uploads\/2026\/01\/vaxthus-gangbart-180-x-100-x-168-m-folievaxthus-robust-presenning-vit-1.webp?fit=2000%2C2000&ssl=1","datePublished":"2026-01-07T11:23:47+00:00","dateModified":"2026-03-12T08:08:40+00:00","breadcrumb":{"@id":"https:\/\/truusk.store\/sv\/produkt\/truusk-vaxthus-180-x-100-x-168-m-gangbart-folievaxthus-robust-presenning-vit\/#breadcrumb"},"inLanguage":"sv-SE","potentialAction":[{"@type":"ReadAction","target":["https:\/\/truusk.store\/sv\/produkt\/truusk-vaxthus-180-x-100-x-168-m-gangbart-folievaxthus-robust-presenning-vit\/"]}]},{"@type":"ImageObject","inLanguage":"sv-SE","@id":"https:\/\/truusk.store\/sv\/produkt\/truusk-vaxthus-180-x-100-x-168-m-gangbart-folievaxthus-robust-presenning-vit\/#primaryimage","url":"https:\/\/i0.wp.com\/truusk.store\/wp-content\/uploads\/2026\/01\/vaxthus-gangbart-180-x-100-x-168-m-folievaxthus-robust-presenning-vit-1.webp?fit=2000%2C2000&ssl=1","contentUrl":"https:\/\/i0.wp.com\/truusk.store\/wp-content\/uploads\/2026\/01\/vaxthus-gangbart-180-x-100-x-168-m-folievaxthus-robust-presenning-vit-1.webp?fit=2000%2C2000&ssl=1","width":2000,"height":2000},{"@type":"BreadcrumbList","@id":"https:\/\/truusk.store\/sv\/produkt\/truusk-vaxthus-180-x-100-x-168-m-gangbart-folievaxthus-robust-presenning-vit\/#breadcrumb","itemListElement":[{"@type":"ListItem","position":1,"name":"Home","item":"https:\/\/truusk.store\/sv\/"},{"@type":"ListItem","position":2,"name":"Shop","item":"https:\/\/truusk.store\/shop\/"},{"@type":"ListItem","position":3,"name":"TRUUSK V\u00e4xthus 1,80 X 1,00 X 1,68 M &#8211; G\u00e5ngbart Foliev\u00e4xthus &#8211; Robust Presenning &#8211; Vit"}]},{"@type":"WebSite","@id":"https:\/\/truusk.store\/sv\/#website","url":"https:\/\/truusk.store\/sv\/","name":"TRUUSK - Hem, Tr\u00e4dg\u00e5rd & Fritid","description":"","publisher":{"@id":"https:\/\/truusk.store\/sv\/#organization"},"potentialAction":[{"@type":"SearchAction","target":{"@type":"EntryPoint","urlTemplate":"https:\/\/truusk.store\/sv\/?s={search_term_string}"},"query-input":{"@type":"PropertyValueSpecification","valueRequired":true,"valueName":"search_term_string"}}],"inLanguage":"sv-SE"},{"@type":"Organization","@id":"https:\/\/truusk.store\/sv\/#organization","name":"TRUUSK - Hem, Tr\u00e4dg\u00e5rd & Fritid","url":"https:\/\/truusk.store\/sv\/","logo":{"@type":"ImageObject","inLanguage":"sv-SE","@id":"https:\/\/truusk.store\/sv\/#\/schema\/logo\/image\/","url":"https:\/\/i0.wp.com\/truusk.store\/wp-content\/uploads\/2026\/03\/cropped-TRUUSK.png?fit=2032%2C917&ssl=1","contentUrl":"https:\/\/i0.wp.com\/truusk.store\/wp-content\/uploads\/2026\/03\/cropped-TRUUSK.png?fit=2032%2C917&ssl=1","width":2032,"height":917,"caption":"TRUUSK - Hem, Tr\u00e4dg\u00e5rd & Fritid"},"image":{"@id":"https:\/\/truusk.store\/sv\/#\/schema\/logo\/image\/"}}]}},"jetpack_sharing_enabled":true,"_links":{"self":[{"href":"https:\/\/truusk.store\/sv\/wp-json\/wp\/v2\/product\/99385","targetHints":{"allow":["GET"]}}],"collection":[{"href":"https:\/\/truusk.store\/sv\/wp-json\/wp\/v2\/product"}],"about":[{"href":"https:\/\/truusk.store\/sv\/wp-json\/wp\/v2\/types\/product"}],"wp:featuredmedia":[{"embeddable":true,"href":"https:\/\/truusk.store\/sv\/wp-json\/wp\/v2\/media\/99376"}],"wp:attachment":[{"href":"https:\/\/truusk.store\/sv\/wp-json\/wp\/v2\/media?parent=99385"}],"wp:term":[{"taxonomy":"product_brand","embeddable":true,"href":"https:\/\/truusk.store\/sv\/wp-json\/wp\/v2\/product_brand?post=99385"},{"taxonomy":"product_cat","embeddable":true,"href":"https:\/\/truusk.store\/sv\/wp-json\/wp\/v2\/product_cat?post=99385"},{"taxonomy":"product_tag","embeddable":true,"href":"https:\/\/truusk.store\/sv\/wp-json\/wp\/v2\/product_tag?post=99385"}],"curies":[{"name":"wp","href":"https:\/\/api.w.org\/{rel}","templated":true}]}}