{"id":99425,"date":"2026-01-07T20:11:56","date_gmt":"2026-01-07T19:11:56","guid":{"rendered":"https:\/\/truusk.store\/product\/insynsskydd-med-blomsterbadd-utomhusparavent-skiljevagg-med-blomkruka-metall-svart\/"},"modified":"2026-03-12T09:31:30","modified_gmt":"2026-03-12T08:31:30","slug":"truusk-insynsskydd-med-blomsterbadd-utomhusparavent-i-svart-metall-skiljevagg-med-blomkruka-stilrent-och-praktiskt-for","status":"publish","type":"product","link":"https:\/\/truusk.store\/sv\/produkt\/truusk-insynsskydd-med-blomsterbadd-utomhusparavent-i-svart-metall-skiljevagg-med-blomkruka-stilrent-och-praktiskt-for\/","title":{"rendered":"TRUUSK Insynsskydd med Blomsterb\u00e4dd &#8211; Utomhusparavent i Svart Metall &#8211; Skiljev\u00e4gg med Blomkruka &#8211; Stilrent och Praktiskt &#8211; F\u00f6r"},"content":{"rendered":"<p>Skapa privatliv i din tr\u00e4dg\u00e5rd utan att beh\u00f6va bygga ett helt staket: [BRAND NAME] presenterar en stabil utomhusskydd med upph\u00f6jd planteringsl\u00e5da och v\u00e4ggmonteringskit. Denna skyddsv\u00e4gg f\u00f6r h\u00f6gkvarteret g\u00f6r det m\u00f6jligt f\u00f6r dig att plantera gr\u00f6nsaker, \u00f6rter och blommor. Idealisk blomsterb\u00e4dd f\u00f6r entr\u00e9omr\u00e5den, dolda sittplatser och bubbelpooler.<\/p>\n<p>Beskrivning:<\/p>\n<ul>\n<li> Det upph\u00f6jda \u00f6rttr\u00e4dg\u00e5rden p\u00e5 marken g\u00f6r det till en frist\u00e5ende struktur<\/li>\n<li> Sj\u00e4lvdr\u00e4nerande planteringsl\u00e5da fr\u00e4mjar h\u00e4lsosam jord<\/li>\n<li> Med expansionspluggar f\u00f6r v\u00e4ggmontering<\/li>\n<li> Utomhusl\u00e4mplig, pulverlackerad metallram<\/li>\n<li> Kan planteringsl\u00e5dan skapa rumliknande sittplatser<\/li>\n<li> Montering kr\u00e4vs<\/li>\n<\/ul>\n<p>Tekniska data:<\/p>\n<ul>\n<li> F\u00e4rg: Svart<\/li>\n<li> Material: Metall<\/li>\n<li> Totala dimensioner: 61L x 23B x 113H cm<\/li>\n<li> Inre dimensioner av h\u00f6gkvarteret: 58L x 24B x 24H cm<\/li>\n<li> Storlek p\u00e5 skyddet: 87L x 61B cm<\/li>\n<li> B\u00e4rkapacitet: 50 kg<\/li>\n<\/ul>\n<p>Leverans inneh\u00e5ller:<\/p>\n<ul>\n<li> 1 x Skydd med tr\u00e4dg\u00e5rdsb\u00e4dd<\/li>\n<li> 2 x Expansionskruv<\/li>\n<li> 1 x Handbok<\/li>\n<\/ul>\n","protected":false},"excerpt":{"rendered":"<p>Skapa privatliv i din tr\u00e4dg\u00e5rd utan att beh\u00f6va bygga ett helt staket: [BRAND NAME] presenterar en stabil utomhusskydd med upph\u00f6jd&#8230;<\/p>\n","protected":false},"featured_media":99416,"template":"","meta":[],"product_brand":[],"product_cat":[924,858,443],"product_tag":[],"class_list":{"0":"post-99425","1":"product","2":"type-product","3":"status-publish","4":"has-post-thumbnail","6":"product_cat-plantkarl","7":"product_cat-tradgard-terrass","8":"product_cat-vaxthus-tradgardsskotsel","10":"first","11":"instock","12":"sale","13":"taxable","14":"shipping-taxable","15":"purchasable","16":"product-type-simple"},"yoast_head":"<!-- This site is optimized with the Yoast SEO plugin v25.4 - https:\/\/yoast.com\/wordpress\/plugins\/seo\/ -->\n<title>TRUUSK Insynsskydd med Blomsterb\u00e4dd - Utomhusparavent i Svart Metall - Skiljev\u00e4gg med Blomkruka - Stilrent och Praktiskt - F\u00f6r - TRUUSK - Hem, Tr\u00e4dg\u00e5rd &amp; Fritid<\/title>\n<meta name=\"robots\" content=\"index, follow, max-snippet:-1, max-image-preview:large, max-video-preview:-1\" \/>\n<link rel=\"canonical\" href=\"https:\/\/truusk.store\/sv\/produkt\/truusk-insynsskydd-med-blomsterbadd-utomhusparavent-i-svart-metall-skiljevagg-med-blomkruka-stilrent-och-praktiskt-for\/\" \/>\n<meta property=\"og:locale\" content=\"sv_SE\" \/>\n<meta property=\"og:type\" content=\"article\" \/>\n<meta property=\"og:title\" content=\"TRUUSK Insynsskydd med Blomsterb\u00e4dd - Utomhusparavent i Svart Metall - Skiljev\u00e4gg med Blomkruka - Stilrent och Praktiskt - F\u00f6r - TRUUSK - Hem, Tr\u00e4dg\u00e5rd &amp; Fritid\" \/>\n<meta property=\"og:description\" content=\"Skapa privatliv i din tr\u00e4dg\u00e5rd utan att beh\u00f6va bygga ett helt staket: [BRAND NAME] presenterar en stabil utomhusskydd med upph\u00f6jd...\" \/>\n<meta property=\"og:url\" content=\"https:\/\/truusk.store\/sv\/produkt\/truusk-insynsskydd-med-blomsterbadd-utomhusparavent-i-svart-metall-skiljevagg-med-blomkruka-stilrent-och-praktiskt-for\/\" \/>\n<meta property=\"og:site_name\" content=\"TRUUSK - Hem, Tr\u00e4dg\u00e5rd &amp; Fritid\" \/>\n<meta property=\"article:modified_time\" content=\"2026-03-12T08:31:30+00:00\" \/>\n<meta property=\"og:image\" content=\"https:\/\/i0.wp.com\/truusk.se\/wp-content\/uploads\/2026\/01\/insynsskydd-med-blomsterbadd-utomhusparavent-skiljevagg-med-blomkruka-metall-svart-1.webp?fit=2000%2C2000&ssl=1\" \/>\n\t<meta property=\"og:image:width\" content=\"2000\" \/>\n\t<meta property=\"og:image:height\" content=\"2000\" \/>\n\t<meta property=\"og:image:type\" content=\"image\/webp\" \/>\n<meta name=\"twitter:card\" content=\"summary_large_image\" \/>\n<meta name=\"twitter:label1\" content=\"Ber\u00e4knad l\u00e4stid\" \/>\n\t<meta name=\"twitter:data1\" content=\"1 minut\" \/>\n<!-- \/ Yoast SEO plugin. -->","yoast_head_json":{"title":"TRUUSK Insynsskydd med Blomsterb\u00e4dd - Utomhusparavent i Svart Metall - Skiljev\u00e4gg med Blomkruka - Stilrent och Praktiskt - F\u00f6r - TRUUSK - Hem, Tr\u00e4dg\u00e5rd &amp; Fritid","robots":{"index":"index","follow":"follow","max-snippet":"max-snippet:-1","max-image-preview":"max-image-preview:large","max-video-preview":"max-video-preview:-1"},"canonical":"https:\/\/truusk.store\/sv\/produkt\/truusk-insynsskydd-med-blomsterbadd-utomhusparavent-i-svart-metall-skiljevagg-med-blomkruka-stilrent-och-praktiskt-for\/","og_locale":"sv_SE","og_type":"article","og_title":"TRUUSK Insynsskydd med Blomsterb\u00e4dd - Utomhusparavent i Svart Metall - Skiljev\u00e4gg med Blomkruka - Stilrent och Praktiskt - F\u00f6r - TRUUSK - Hem, Tr\u00e4dg\u00e5rd &amp; Fritid","og_description":"Skapa privatliv i din tr\u00e4dg\u00e5rd utan att beh\u00f6va bygga ett helt staket: [BRAND NAME] presenterar en stabil utomhusskydd med upph\u00f6jd...","og_url":"https:\/\/truusk.store\/sv\/produkt\/truusk-insynsskydd-med-blomsterbadd-utomhusparavent-i-svart-metall-skiljevagg-med-blomkruka-stilrent-och-praktiskt-for\/","og_site_name":"TRUUSK - Hem, Tr\u00e4dg\u00e5rd &amp; Fritid","article_modified_time":"2026-03-12T08:31:30+00:00","og_image":[{"width":2000,"height":2000,"url":"https:\/\/i0.wp.com\/truusk.se\/wp-content\/uploads\/2026\/01\/insynsskydd-med-blomsterbadd-utomhusparavent-skiljevagg-med-blomkruka-metall-svart-1.webp?fit=2000%2C2000&ssl=1","type":"image\/webp"}],"twitter_card":"summary_large_image","twitter_misc":{"Ber\u00e4knad l\u00e4stid":"1 minut"},"schema":{"@context":"https:\/\/schema.org","@graph":[{"@type":"WebPage","@id":"https:\/\/truusk.store\/sv\/produkt\/truusk-insynsskydd-med-blomsterbadd-utomhusparavent-i-svart-metall-skiljevagg-med-blomkruka-stilrent-och-praktiskt-for\/","url":"https:\/\/truusk.store\/sv\/produkt\/truusk-insynsskydd-med-blomsterbadd-utomhusparavent-i-svart-metall-skiljevagg-med-blomkruka-stilrent-och-praktiskt-for\/","name":"TRUUSK Insynsskydd med Blomsterb\u00e4dd - Utomhusparavent i Svart Metall - Skiljev\u00e4gg med Blomkruka - Stilrent och Praktiskt - F\u00f6r - TRUUSK - Hem, Tr\u00e4dg\u00e5rd &amp; Fritid","isPartOf":{"@id":"https:\/\/truusk.store\/sv\/#website"},"primaryImageOfPage":{"@id":"https:\/\/truusk.store\/sv\/produkt\/truusk-insynsskydd-med-blomsterbadd-utomhusparavent-i-svart-metall-skiljevagg-med-blomkruka-stilrent-och-praktiskt-for\/#primaryimage"},"image":{"@id":"https:\/\/truusk.store\/sv\/produkt\/truusk-insynsskydd-med-blomsterbadd-utomhusparavent-i-svart-metall-skiljevagg-med-blomkruka-stilrent-och-praktiskt-for\/#primaryimage"},"thumbnailUrl":"https:\/\/i0.wp.com\/truusk.store\/wp-content\/uploads\/2026\/01\/insynsskydd-med-blomsterbadd-utomhusparavent-skiljevagg-med-blomkruka-metall-svart-1.webp?fit=2000%2C2000&ssl=1","datePublished":"2026-01-07T19:11:56+00:00","dateModified":"2026-03-12T08:31:30+00:00","breadcrumb":{"@id":"https:\/\/truusk.store\/sv\/produkt\/truusk-insynsskydd-med-blomsterbadd-utomhusparavent-i-svart-metall-skiljevagg-med-blomkruka-stilrent-och-praktiskt-for\/#breadcrumb"},"inLanguage":"sv-SE","potentialAction":[{"@type":"ReadAction","target":["https:\/\/truusk.store\/sv\/produkt\/truusk-insynsskydd-med-blomsterbadd-utomhusparavent-i-svart-metall-skiljevagg-med-blomkruka-stilrent-och-praktiskt-for\/"]}]},{"@type":"ImageObject","inLanguage":"sv-SE","@id":"https:\/\/truusk.store\/sv\/produkt\/truusk-insynsskydd-med-blomsterbadd-utomhusparavent-i-svart-metall-skiljevagg-med-blomkruka-stilrent-och-praktiskt-for\/#primaryimage","url":"https:\/\/i0.wp.com\/truusk.store\/wp-content\/uploads\/2026\/01\/insynsskydd-med-blomsterbadd-utomhusparavent-skiljevagg-med-blomkruka-metall-svart-1.webp?fit=2000%2C2000&ssl=1","contentUrl":"https:\/\/i0.wp.com\/truusk.store\/wp-content\/uploads\/2026\/01\/insynsskydd-med-blomsterbadd-utomhusparavent-skiljevagg-med-blomkruka-metall-svart-1.webp?fit=2000%2C2000&ssl=1","width":2000,"height":2000},{"@type":"BreadcrumbList","@id":"https:\/\/truusk.store\/sv\/produkt\/truusk-insynsskydd-med-blomsterbadd-utomhusparavent-i-svart-metall-skiljevagg-med-blomkruka-stilrent-och-praktiskt-for\/#breadcrumb","itemListElement":[{"@type":"ListItem","position":1,"name":"Home","item":"https:\/\/truusk.store\/sv\/"},{"@type":"ListItem","position":2,"name":"Shop","item":"https:\/\/truusk.store\/shop\/"},{"@type":"ListItem","position":3,"name":"TRUUSK Insynsskydd med Blomsterb\u00e4dd &#8211; Utomhusparavent i Svart Metall &#8211; Skiljev\u00e4gg med Blomkruka &#8211; Stilrent och Praktiskt &#8211; F\u00f6r"}]},{"@type":"WebSite","@id":"https:\/\/truusk.store\/sv\/#website","url":"https:\/\/truusk.store\/sv\/","name":"TRUUSK - Hem, Tr\u00e4dg\u00e5rd & Fritid","description":"","publisher":{"@id":"https:\/\/truusk.store\/sv\/#organization"},"potentialAction":[{"@type":"SearchAction","target":{"@type":"EntryPoint","urlTemplate":"https:\/\/truusk.store\/sv\/?s={search_term_string}"},"query-input":{"@type":"PropertyValueSpecification","valueRequired":true,"valueName":"search_term_string"}}],"inLanguage":"sv-SE"},{"@type":"Organization","@id":"https:\/\/truusk.store\/sv\/#organization","name":"TRUUSK - Hem, Tr\u00e4dg\u00e5rd & Fritid","url":"https:\/\/truusk.store\/sv\/","logo":{"@type":"ImageObject","inLanguage":"sv-SE","@id":"https:\/\/truusk.store\/sv\/#\/schema\/logo\/image\/","url":"https:\/\/i0.wp.com\/truusk.store\/wp-content\/uploads\/2026\/03\/cropped-TRUUSK.png?fit=2032%2C917&ssl=1","contentUrl":"https:\/\/i0.wp.com\/truusk.store\/wp-content\/uploads\/2026\/03\/cropped-TRUUSK.png?fit=2032%2C917&ssl=1","width":2032,"height":917,"caption":"TRUUSK - Hem, Tr\u00e4dg\u00e5rd & Fritid"},"image":{"@id":"https:\/\/truusk.store\/sv\/#\/schema\/logo\/image\/"}}]}},"jetpack_sharing_enabled":true,"_links":{"self":[{"href":"https:\/\/truusk.store\/sv\/wp-json\/wp\/v2\/product\/99425","targetHints":{"allow":["GET"]}}],"collection":[{"href":"https:\/\/truusk.store\/sv\/wp-json\/wp\/v2\/product"}],"about":[{"href":"https:\/\/truusk.store\/sv\/wp-json\/wp\/v2\/types\/product"}],"wp:featuredmedia":[{"embeddable":true,"href":"https:\/\/truusk.store\/sv\/wp-json\/wp\/v2\/media\/99416"}],"wp:attachment":[{"href":"https:\/\/truusk.store\/sv\/wp-json\/wp\/v2\/media?parent=99425"}],"wp:term":[{"taxonomy":"product_brand","embeddable":true,"href":"https:\/\/truusk.store\/sv\/wp-json\/wp\/v2\/product_brand?post=99425"},{"taxonomy":"product_cat","embeddable":true,"href":"https:\/\/truusk.store\/sv\/wp-json\/wp\/v2\/product_cat?post=99425"},{"taxonomy":"product_tag","embeddable":true,"href":"https:\/\/truusk.store\/sv\/wp-json\/wp\/v2\/product_tag?post=99425"}],"curies":[{"name":"wp","href":"https:\/\/api.w.org\/{rel}","templated":true}]}}