{"id":99435,"date":"2026-01-07T20:19:17","date_gmt":"2026-01-07T19:19:17","guid":{"rendered":"https:\/\/truusk.store\/product\/forvaringsstall-for-tradgardsverktyg-3-stegs-hylla-for-verktyg-tradgardsverktygsorganisator-metall-orange\/"},"modified":"2026-03-12T09:47:09","modified_gmt":"2026-03-12T08:47:09","slug":"truusk-forvaringsstall-for-tradgardsverktyg-3-stegs-hylla-metall-orange","status":"publish","type":"product","link":"https:\/\/truusk.store\/sv\/produkt\/truusk-forvaringsstall-for-tradgardsverktyg-3-stegs-hylla-metall-orange\/","title":{"rendered":"TRUUSK F\u00f6rvaringsst\u00e4ll f\u00f6r Tr\u00e4dg\u00e5rdsverktyg &#8211; 3-stegs Hylla &#8211; Metall &#8211; Orange"},"content":{"rendered":"<p>Organisera om din garage eller ditt skjul med [BRAND NAME] tr\u00e4dg\u00e5rdsverktygsh\u00e5llare! Denna m\u00e5ngsidiga tr\u00e4dg\u00e5rdsverktygsh\u00e5llare rymmer \u00f6ver 20 verktyg, fr\u00e5n tr\u00e4dg\u00e5rdsutrustning till reng\u00f6ringsartiklar, och \u00e4r utrustad med fem G-krokar, sex sidokrokar samt rymliga hyllor. Den stabila, rostbest\u00e4ndiga ramen p\u00e5 tr\u00e4dg\u00e5rdsverktygsh\u00e5llaren garanterar h\u00e5llbarhet och motst\u00e5ndskraft mot v\u00e4derp\u00e5verkan.<\/p>\n<p>Beskrivning:<\/p>\n<ul>\n<li> Den 3-stegs tr\u00e4dg\u00e5rdsverktygsh\u00e5llaren rymmer \u00f6ver 20 verktyg, inklusive spadar, r\u00e4fsor och kvastar<\/li>\n<li> Fem G-krokar p\u00e5 tr\u00e4dg\u00e5rdsverktygsh\u00e5llaren \u00e4r l\u00e4mpliga f\u00f6r elektriska och D-handtagsverktyg<\/li>\n<li> Sex sidohyllor och en bottenhylla p\u00e5 tr\u00e4dg\u00e5rdsverktygsh\u00e5llaren \u00f6kar lagringskapaciteten<\/li>\n<li> Pulverlackerat metall \u00e4r rostbest\u00e4ndigt och robust<\/li>\n<li> H\u00f6jdjusterbara f\u00f6tter ger stabilitet p\u00e5 oj\u00e4mnt underlag<\/li>\n<li> Kvadratisk struktur passar i h\u00f6rn och maximerar utrymmesanv\u00e4ndningen<\/li>\n<li> Enkel montering kr\u00e4vs<\/li>\n<\/ul>\n<p> Tekniska data:<\/p>\n<ul>\n<li> F\u00e4rg: Orange<\/li>\n<li> Material: Metall<\/li>\n<li> Totala dimensioner: 84L x 53B x 73H cm<\/li>\n<li> Arbetsplattans storlek: 66L x 53B cm<\/li>\n<li> H\u00e5lstorlek: 4,5L x 4,5B cm (liten), 6,5L x 6,5B cm (stor)<\/li>\n<li> Sidokrokens l\u00e4ngd: 17 cm<\/li>\n<li> G-krokens storlek: \u00d84 cm<\/li>\n<li> Belastningskapacitet: 15 kg (arbetsplatta), 5 kg (G-krok), 2 kg (sidokrok)<\/li>\n<\/ul>\n<p> Leveransinneh\u00e5ll:<\/p>\n<ul>\n<li> 1 x F\u00f6rvaringsst\u00e4ll f\u00f6r tr\u00e4dg\u00e5rdsverktyg<\/li>\n<li> 1 x Bruksanvisning<\/li>\n<\/ul>\n","protected":false},"excerpt":{"rendered":"<p>Organisera om din garage eller ditt skjul med [BRAND NAME] tr\u00e4dg\u00e5rdsverktygsh\u00e5llare! Denna m\u00e5ngsidiga tr\u00e4dg\u00e5rdsverktygsh\u00e5llare rymmer \u00f6ver 20 verktyg, fr\u00e5n tr\u00e4dg\u00e5rdsutrustning&#8230;<\/p>\n","protected":false},"featured_media":99426,"template":"","meta":[],"product_brand":[],"product_cat":[858,1073,443],"product_tag":[],"class_list":{"0":"post-99435","1":"product","2":"type-product","3":"status-publish","4":"has-post-thumbnail","6":"product_cat-tradgard-terrass","7":"product_cat-tradgardsvard","8":"product_cat-vaxthus-tradgardsskotsel","10":"first","11":"instock","12":"sale","13":"taxable","14":"shipping-taxable","15":"purchasable","16":"product-type-simple"},"yoast_head":"<!-- This site is optimized with the Yoast SEO plugin v25.4 - https:\/\/yoast.com\/wordpress\/plugins\/seo\/ -->\n<title>TRUUSK F\u00f6rvaringsst\u00e4ll f\u00f6r Tr\u00e4dg\u00e5rdsverktyg - 3-stegs Hylla - Metall - Orange - TRUUSK - Hem, Tr\u00e4dg\u00e5rd &amp; Fritid<\/title>\n<meta name=\"robots\" content=\"index, follow, max-snippet:-1, max-image-preview:large, max-video-preview:-1\" \/>\n<link rel=\"canonical\" href=\"https:\/\/truusk.store\/sv\/produkt\/truusk-forvaringsstall-for-tradgardsverktyg-3-stegs-hylla-metall-orange\/\" \/>\n<meta property=\"og:locale\" content=\"sv_SE\" \/>\n<meta property=\"og:type\" content=\"article\" \/>\n<meta property=\"og:title\" content=\"TRUUSK F\u00f6rvaringsst\u00e4ll f\u00f6r Tr\u00e4dg\u00e5rdsverktyg - 3-stegs Hylla - Metall - Orange - TRUUSK - Hem, Tr\u00e4dg\u00e5rd &amp; Fritid\" \/>\n<meta property=\"og:description\" content=\"Organisera om din garage eller ditt skjul med [BRAND NAME] tr\u00e4dg\u00e5rdsverktygsh\u00e5llare! Denna m\u00e5ngsidiga tr\u00e4dg\u00e5rdsverktygsh\u00e5llare rymmer \u00f6ver 20 verktyg, fr\u00e5n tr\u00e4dg\u00e5rdsutrustning...\" \/>\n<meta property=\"og:url\" content=\"https:\/\/truusk.store\/sv\/produkt\/truusk-forvaringsstall-for-tradgardsverktyg-3-stegs-hylla-metall-orange\/\" \/>\n<meta property=\"og:site_name\" content=\"TRUUSK - Hem, Tr\u00e4dg\u00e5rd &amp; Fritid\" \/>\n<meta property=\"article:modified_time\" content=\"2026-03-12T08:47:09+00:00\" \/>\n<meta property=\"og:image\" content=\"https:\/\/i0.wp.com\/truusk.se\/wp-content\/uploads\/2026\/01\/forvaringsstall-for-tradgardsverktyg-3-stegs-hylla-for-verktyg-tradgardsverktygsorganisator-metall-orange-1.webp?fit=2000%2C2000&ssl=1\" \/>\n\t<meta property=\"og:image:width\" content=\"2000\" \/>\n\t<meta property=\"og:image:height\" content=\"2000\" \/>\n\t<meta property=\"og:image:type\" content=\"image\/webp\" \/>\n<meta name=\"twitter:card\" content=\"summary_large_image\" \/>\n<meta name=\"twitter:label1\" content=\"Ber\u00e4knad l\u00e4stid\" \/>\n\t<meta name=\"twitter:data1\" content=\"1 minut\" \/>\n<!-- \/ Yoast SEO plugin. -->","yoast_head_json":{"title":"TRUUSK F\u00f6rvaringsst\u00e4ll f\u00f6r Tr\u00e4dg\u00e5rdsverktyg - 3-stegs Hylla - Metall - Orange - TRUUSK - Hem, Tr\u00e4dg\u00e5rd &amp; Fritid","robots":{"index":"index","follow":"follow","max-snippet":"max-snippet:-1","max-image-preview":"max-image-preview:large","max-video-preview":"max-video-preview:-1"},"canonical":"https:\/\/truusk.store\/sv\/produkt\/truusk-forvaringsstall-for-tradgardsverktyg-3-stegs-hylla-metall-orange\/","og_locale":"sv_SE","og_type":"article","og_title":"TRUUSK F\u00f6rvaringsst\u00e4ll f\u00f6r Tr\u00e4dg\u00e5rdsverktyg - 3-stegs Hylla - Metall - Orange - TRUUSK - Hem, Tr\u00e4dg\u00e5rd &amp; Fritid","og_description":"Organisera om din garage eller ditt skjul med [BRAND NAME] tr\u00e4dg\u00e5rdsverktygsh\u00e5llare! Denna m\u00e5ngsidiga tr\u00e4dg\u00e5rdsverktygsh\u00e5llare rymmer \u00f6ver 20 verktyg, fr\u00e5n tr\u00e4dg\u00e5rdsutrustning...","og_url":"https:\/\/truusk.store\/sv\/produkt\/truusk-forvaringsstall-for-tradgardsverktyg-3-stegs-hylla-metall-orange\/","og_site_name":"TRUUSK - Hem, Tr\u00e4dg\u00e5rd &amp; Fritid","article_modified_time":"2026-03-12T08:47:09+00:00","og_image":[{"width":2000,"height":2000,"url":"https:\/\/i0.wp.com\/truusk.se\/wp-content\/uploads\/2026\/01\/forvaringsstall-for-tradgardsverktyg-3-stegs-hylla-for-verktyg-tradgardsverktygsorganisator-metall-orange-1.webp?fit=2000%2C2000&ssl=1","type":"image\/webp"}],"twitter_card":"summary_large_image","twitter_misc":{"Ber\u00e4knad l\u00e4stid":"1 minut"},"schema":{"@context":"https:\/\/schema.org","@graph":[{"@type":"WebPage","@id":"https:\/\/truusk.store\/sv\/produkt\/truusk-forvaringsstall-for-tradgardsverktyg-3-stegs-hylla-metall-orange\/","url":"https:\/\/truusk.store\/sv\/produkt\/truusk-forvaringsstall-for-tradgardsverktyg-3-stegs-hylla-metall-orange\/","name":"TRUUSK F\u00f6rvaringsst\u00e4ll f\u00f6r Tr\u00e4dg\u00e5rdsverktyg - 3-stegs Hylla - Metall - Orange - TRUUSK - Hem, Tr\u00e4dg\u00e5rd &amp; Fritid","isPartOf":{"@id":"https:\/\/truusk.store\/sv\/#website"},"primaryImageOfPage":{"@id":"https:\/\/truusk.store\/sv\/produkt\/truusk-forvaringsstall-for-tradgardsverktyg-3-stegs-hylla-metall-orange\/#primaryimage"},"image":{"@id":"https:\/\/truusk.store\/sv\/produkt\/truusk-forvaringsstall-for-tradgardsverktyg-3-stegs-hylla-metall-orange\/#primaryimage"},"thumbnailUrl":"https:\/\/i0.wp.com\/truusk.store\/wp-content\/uploads\/2026\/01\/forvaringsstall-for-tradgardsverktyg-3-stegs-hylla-for-verktyg-tradgardsverktygsorganisator-metall-orange-1.webp?fit=2000%2C2000&ssl=1","datePublished":"2026-01-07T19:19:17+00:00","dateModified":"2026-03-12T08:47:09+00:00","breadcrumb":{"@id":"https:\/\/truusk.store\/sv\/produkt\/truusk-forvaringsstall-for-tradgardsverktyg-3-stegs-hylla-metall-orange\/#breadcrumb"},"inLanguage":"sv-SE","potentialAction":[{"@type":"ReadAction","target":["https:\/\/truusk.store\/sv\/produkt\/truusk-forvaringsstall-for-tradgardsverktyg-3-stegs-hylla-metall-orange\/"]}]},{"@type":"ImageObject","inLanguage":"sv-SE","@id":"https:\/\/truusk.store\/sv\/produkt\/truusk-forvaringsstall-for-tradgardsverktyg-3-stegs-hylla-metall-orange\/#primaryimage","url":"https:\/\/i0.wp.com\/truusk.store\/wp-content\/uploads\/2026\/01\/forvaringsstall-for-tradgardsverktyg-3-stegs-hylla-for-verktyg-tradgardsverktygsorganisator-metall-orange-1.webp?fit=2000%2C2000&ssl=1","contentUrl":"https:\/\/i0.wp.com\/truusk.store\/wp-content\/uploads\/2026\/01\/forvaringsstall-for-tradgardsverktyg-3-stegs-hylla-for-verktyg-tradgardsverktygsorganisator-metall-orange-1.webp?fit=2000%2C2000&ssl=1","width":2000,"height":2000},{"@type":"BreadcrumbList","@id":"https:\/\/truusk.store\/sv\/produkt\/truusk-forvaringsstall-for-tradgardsverktyg-3-stegs-hylla-metall-orange\/#breadcrumb","itemListElement":[{"@type":"ListItem","position":1,"name":"Home","item":"https:\/\/truusk.store\/sv\/"},{"@type":"ListItem","position":2,"name":"Shop","item":"https:\/\/truusk.store\/shop\/"},{"@type":"ListItem","position":3,"name":"TRUUSK F\u00f6rvaringsst\u00e4ll f\u00f6r Tr\u00e4dg\u00e5rdsverktyg &#8211; 3-stegs Hylla &#8211; Metall &#8211; Orange"}]},{"@type":"WebSite","@id":"https:\/\/truusk.store\/sv\/#website","url":"https:\/\/truusk.store\/sv\/","name":"TRUUSK - Hem, Tr\u00e4dg\u00e5rd & Fritid","description":"","publisher":{"@id":"https:\/\/truusk.store\/sv\/#organization"},"potentialAction":[{"@type":"SearchAction","target":{"@type":"EntryPoint","urlTemplate":"https:\/\/truusk.store\/sv\/?s={search_term_string}"},"query-input":{"@type":"PropertyValueSpecification","valueRequired":true,"valueName":"search_term_string"}}],"inLanguage":"sv-SE"},{"@type":"Organization","@id":"https:\/\/truusk.store\/sv\/#organization","name":"TRUUSK - Hem, Tr\u00e4dg\u00e5rd & Fritid","url":"https:\/\/truusk.store\/sv\/","logo":{"@type":"ImageObject","inLanguage":"sv-SE","@id":"https:\/\/truusk.store\/sv\/#\/schema\/logo\/image\/","url":"https:\/\/i0.wp.com\/truusk.store\/wp-content\/uploads\/2026\/03\/cropped-TRUUSK.png?fit=2032%2C917&ssl=1","contentUrl":"https:\/\/i0.wp.com\/truusk.store\/wp-content\/uploads\/2026\/03\/cropped-TRUUSK.png?fit=2032%2C917&ssl=1","width":2032,"height":917,"caption":"TRUUSK - Hem, Tr\u00e4dg\u00e5rd & Fritid"},"image":{"@id":"https:\/\/truusk.store\/sv\/#\/schema\/logo\/image\/"}}]}},"jetpack_sharing_enabled":true,"_links":{"self":[{"href":"https:\/\/truusk.store\/sv\/wp-json\/wp\/v2\/product\/99435","targetHints":{"allow":["GET"]}}],"collection":[{"href":"https:\/\/truusk.store\/sv\/wp-json\/wp\/v2\/product"}],"about":[{"href":"https:\/\/truusk.store\/sv\/wp-json\/wp\/v2\/types\/product"}],"wp:featuredmedia":[{"embeddable":true,"href":"https:\/\/truusk.store\/sv\/wp-json\/wp\/v2\/media\/99426"}],"wp:attachment":[{"href":"https:\/\/truusk.store\/sv\/wp-json\/wp\/v2\/media?parent=99435"}],"wp:term":[{"taxonomy":"product_brand","embeddable":true,"href":"https:\/\/truusk.store\/sv\/wp-json\/wp\/v2\/product_brand?post=99435"},{"taxonomy":"product_cat","embeddable":true,"href":"https:\/\/truusk.store\/sv\/wp-json\/wp\/v2\/product_cat?post=99435"},{"taxonomy":"product_tag","embeddable":true,"href":"https:\/\/truusk.store\/sv\/wp-json\/wp\/v2\/product_tag?post=99435"}],"curies":[{"name":"wp","href":"https:\/\/api.w.org\/{rel}","templated":true}]}}