{"id":99445,"date":"2026-01-08T19:57:09","date_gmt":"2026-01-08T18:57:09","guid":{"rendered":"https:\/\/truusk.store\/product\/vikbart-paviljong-tradgardspaviljong-metall-och-tygduk-natgardiner-draneringshal-330l-x-330b-x-288h-cm-beige\/"},"modified":"2026-03-12T09:25:22","modified_gmt":"2026-03-12T08:25:22","slug":"truusk-vikbar-tradgardspaviljong-metallram-och-tygduk-natgardiner-draneringshal-330l-x-330b-x-288h-cm-beige","status":"publish","type":"product","link":"https:\/\/truusk.store\/sv\/produkt\/truusk-vikbar-tradgardspaviljong-metallram-och-tygduk-natgardiner-draneringshal-330l-x-330b-x-288h-cm-beige\/","title":{"rendered":"TRUUSK Vikbar Tr\u00e4dg\u00e5rdspaviljong &#8211; Metallram och Tygduk &#8211; N\u00e4tgardiner &#8211; Dr\u00e4neringsh\u00e5l &#8211; 330L x 330B x 288H cm &#8211; Beige"},"content":{"rendered":"<p>Med [BRAND NAME] paviljong med sidov\u00e4ggar har du ett snabbt upps\u00e4ttbart skyddat omr\u00e5de f\u00f6r varje utomhusevenemang. Metallramen p\u00e5 tr\u00e4dg\u00e5rdspaviljongen \u00e4r robust och h\u00f6jden kan justeras bekv\u00e4mt. Utrustad med n\u00e4tgardiner som l\u00e4tt kan \u00f6ppnas med dragkedjor. Inkluderar 4 sp\u00e4nnlinor, 12 markpinnar och en b\u00e4rv\u00e4ska.<\/p>\n<p>Beskrivning:<\/p>\n<ul>\n<li> Pop-up-design: Enkel och snabb montering och demontering<\/li>\n<li> Dr\u00e4neringsh\u00e5l p\u00e5 taket av partyt\u00e4ltet f\u00f6r att undvika vattenansamlingar<\/li>\n<li> N\u00e4tgardinerna p\u00e5 campingpaviljongen skapar ett \u00f6ppet eller st\u00e4ngt omr\u00e5de<\/li>\n<li> 4 sp\u00e4nnlinor, 12 markpinnar och b\u00e4rv\u00e4ska ing\u00e5r i campingpaviljongen<\/li>\n<li> Montering kr\u00e4vs<\/li>\n<\/ul>\n<p> Tekniska data:<\/p>\n<ul>\n<li> F\u00e4rg: Beige<\/li>\n<li> Material: Metall, Oxfordtyg (100% polyester), n\u00e4ttyg<\/li>\n<li> Totala dimensioner: 330L x 330B x 288H cm<\/li>\n<li> D\u00f6rrh\u00f6jd: 200 cm<\/li>\n<li> Balkh\u00f6jd: 195 cm<\/li>\n<li> Pelaravst\u00e5nd: 301 cm<\/li>\n<li> N\u00e4tv\u00e4ggstorlek: 301B x 200H cm<\/li>\n<li> Hopf\u00e4lld storlek: 21,5L x 21,5B x 116H cm<\/li>\n<li> Obs: L\u00e5t inte st\u00e5 i d\u00e5ligt eller ostabilt v\u00e4der. Detta inkluderar regn, sn\u00f6, slask och hagel, eftersom detta orsakar extra vikt som kan leda till att t\u00e4ltet kollapsar. 2-3 personer kr\u00e4vs f\u00f6r montering<\/li>\n<\/ul>\n<p>Leveransinneh\u00e5ll:<\/p>\n<ul>\n<li> 1 x Hopf\u00e4llbar paviljong<\/li>\n<li> 4 x Sp\u00e4nnlina<\/li>\n<li> 12 x Markpinne<\/li>\n<li> 1 x B\u00e4rv\u00e4ska<\/li>\n<li> 1 x Bruksanvisning<\/li>\n<\/ul>\n","protected":false},"excerpt":{"rendered":"<p>Med [BRAND NAME] paviljong med sidov\u00e4ggar har du ett snabbt upps\u00e4ttbart skyddat omr\u00e5de f\u00f6r varje utomhusevenemang. Metallramen p\u00e5 tr\u00e4dg\u00e5rdspaviljongen \u00e4r&#8230;<\/p>\n","protected":false},"featured_media":99436,"template":"","meta":[],"product_brand":[],"product_cat":[477,858,476],"product_tag":[],"class_list":{"0":"post-99445","1":"product","2":"type-product","3":"status-publish","4":"has-post-thumbnail","6":"product_cat-paviljonger-partytalt","7":"product_cat-tradgard-terrass","8":"product_cat-tradgardspaviljonger","10":"first","11":"instock","12":"sale","13":"taxable","14":"shipping-taxable","15":"purchasable","16":"product-type-simple"},"yoast_head":"<!-- This site is optimized with the Yoast SEO plugin v25.4 - https:\/\/yoast.com\/wordpress\/plugins\/seo\/ -->\n<title>TRUUSK Vikbar Tr\u00e4dg\u00e5rdspaviljong - Metallram och Tygduk - N\u00e4tgardiner - Dr\u00e4neringsh\u00e5l - 330L x 330B x 288H cm - Beige - TRUUSK - Hem, Tr\u00e4dg\u00e5rd &amp; Fritid<\/title>\n<meta name=\"robots\" content=\"index, follow, max-snippet:-1, max-image-preview:large, max-video-preview:-1\" \/>\n<link rel=\"canonical\" href=\"https:\/\/truusk.store\/sv\/produkt\/truusk-vikbar-tradgardspaviljong-metallram-och-tygduk-natgardiner-draneringshal-330l-x-330b-x-288h-cm-beige\/\" \/>\n<meta property=\"og:locale\" content=\"sv_SE\" \/>\n<meta property=\"og:type\" content=\"article\" \/>\n<meta property=\"og:title\" content=\"TRUUSK Vikbar Tr\u00e4dg\u00e5rdspaviljong - Metallram och Tygduk - N\u00e4tgardiner - Dr\u00e4neringsh\u00e5l - 330L x 330B x 288H cm - Beige - TRUUSK - Hem, Tr\u00e4dg\u00e5rd &amp; Fritid\" \/>\n<meta property=\"og:description\" content=\"Med [BRAND NAME] paviljong med sidov\u00e4ggar har du ett snabbt upps\u00e4ttbart skyddat omr\u00e5de f\u00f6r varje utomhusevenemang. Metallramen p\u00e5 tr\u00e4dg\u00e5rdspaviljongen \u00e4r...\" \/>\n<meta property=\"og:url\" content=\"https:\/\/truusk.store\/sv\/produkt\/truusk-vikbar-tradgardspaviljong-metallram-och-tygduk-natgardiner-draneringshal-330l-x-330b-x-288h-cm-beige\/\" \/>\n<meta property=\"og:site_name\" content=\"TRUUSK - Hem, Tr\u00e4dg\u00e5rd &amp; Fritid\" \/>\n<meta property=\"article:modified_time\" content=\"2026-03-12T08:25:22+00:00\" \/>\n<meta property=\"og:image\" content=\"https:\/\/i0.wp.com\/truusk.se\/wp-content\/uploads\/2026\/01\/vikbart-paviljong-tradgardspaviljong-metall-och-tygduk-natgardiner-draneringshal-330l-x-330b-x-288h-cm-beige-1.webp?fit=2000%2C2000&ssl=1\" \/>\n\t<meta property=\"og:image:width\" content=\"2000\" \/>\n\t<meta property=\"og:image:height\" content=\"2000\" \/>\n\t<meta property=\"og:image:type\" content=\"image\/webp\" \/>\n<meta name=\"twitter:card\" content=\"summary_large_image\" \/>\n<meta name=\"twitter:label1\" content=\"Ber\u00e4knad l\u00e4stid\" \/>\n\t<meta name=\"twitter:data1\" content=\"1 minut\" \/>\n<!-- \/ Yoast SEO plugin. -->","yoast_head_json":{"title":"TRUUSK Vikbar Tr\u00e4dg\u00e5rdspaviljong - Metallram och Tygduk - N\u00e4tgardiner - Dr\u00e4neringsh\u00e5l - 330L x 330B x 288H cm - Beige - TRUUSK - Hem, Tr\u00e4dg\u00e5rd &amp; Fritid","robots":{"index":"index","follow":"follow","max-snippet":"max-snippet:-1","max-image-preview":"max-image-preview:large","max-video-preview":"max-video-preview:-1"},"canonical":"https:\/\/truusk.store\/sv\/produkt\/truusk-vikbar-tradgardspaviljong-metallram-och-tygduk-natgardiner-draneringshal-330l-x-330b-x-288h-cm-beige\/","og_locale":"sv_SE","og_type":"article","og_title":"TRUUSK Vikbar Tr\u00e4dg\u00e5rdspaviljong - Metallram och Tygduk - N\u00e4tgardiner - Dr\u00e4neringsh\u00e5l - 330L x 330B x 288H cm - Beige - TRUUSK - Hem, Tr\u00e4dg\u00e5rd &amp; Fritid","og_description":"Med [BRAND NAME] paviljong med sidov\u00e4ggar har du ett snabbt upps\u00e4ttbart skyddat omr\u00e5de f\u00f6r varje utomhusevenemang. Metallramen p\u00e5 tr\u00e4dg\u00e5rdspaviljongen \u00e4r...","og_url":"https:\/\/truusk.store\/sv\/produkt\/truusk-vikbar-tradgardspaviljong-metallram-och-tygduk-natgardiner-draneringshal-330l-x-330b-x-288h-cm-beige\/","og_site_name":"TRUUSK - Hem, Tr\u00e4dg\u00e5rd &amp; Fritid","article_modified_time":"2026-03-12T08:25:22+00:00","og_image":[{"width":2000,"height":2000,"url":"https:\/\/i0.wp.com\/truusk.se\/wp-content\/uploads\/2026\/01\/vikbart-paviljong-tradgardspaviljong-metall-och-tygduk-natgardiner-draneringshal-330l-x-330b-x-288h-cm-beige-1.webp?fit=2000%2C2000&ssl=1","type":"image\/webp"}],"twitter_card":"summary_large_image","twitter_misc":{"Ber\u00e4knad l\u00e4stid":"1 minut"},"schema":{"@context":"https:\/\/schema.org","@graph":[{"@type":"WebPage","@id":"https:\/\/truusk.store\/sv\/produkt\/truusk-vikbar-tradgardspaviljong-metallram-och-tygduk-natgardiner-draneringshal-330l-x-330b-x-288h-cm-beige\/","url":"https:\/\/truusk.store\/sv\/produkt\/truusk-vikbar-tradgardspaviljong-metallram-och-tygduk-natgardiner-draneringshal-330l-x-330b-x-288h-cm-beige\/","name":"TRUUSK Vikbar Tr\u00e4dg\u00e5rdspaviljong - Metallram och Tygduk - N\u00e4tgardiner - Dr\u00e4neringsh\u00e5l - 330L x 330B x 288H cm - Beige - TRUUSK - Hem, Tr\u00e4dg\u00e5rd &amp; Fritid","isPartOf":{"@id":"https:\/\/truusk.store\/sv\/#website"},"primaryImageOfPage":{"@id":"https:\/\/truusk.store\/sv\/produkt\/truusk-vikbar-tradgardspaviljong-metallram-och-tygduk-natgardiner-draneringshal-330l-x-330b-x-288h-cm-beige\/#primaryimage"},"image":{"@id":"https:\/\/truusk.store\/sv\/produkt\/truusk-vikbar-tradgardspaviljong-metallram-och-tygduk-natgardiner-draneringshal-330l-x-330b-x-288h-cm-beige\/#primaryimage"},"thumbnailUrl":"https:\/\/i0.wp.com\/truusk.store\/wp-content\/uploads\/2026\/01\/vikbart-paviljong-tradgardspaviljong-metall-och-tygduk-natgardiner-draneringshal-330l-x-330b-x-288h-cm-beige-1.webp?fit=2000%2C2000&ssl=1","datePublished":"2026-01-08T18:57:09+00:00","dateModified":"2026-03-12T08:25:22+00:00","breadcrumb":{"@id":"https:\/\/truusk.store\/sv\/produkt\/truusk-vikbar-tradgardspaviljong-metallram-och-tygduk-natgardiner-draneringshal-330l-x-330b-x-288h-cm-beige\/#breadcrumb"},"inLanguage":"sv-SE","potentialAction":[{"@type":"ReadAction","target":["https:\/\/truusk.store\/sv\/produkt\/truusk-vikbar-tradgardspaviljong-metallram-och-tygduk-natgardiner-draneringshal-330l-x-330b-x-288h-cm-beige\/"]}]},{"@type":"ImageObject","inLanguage":"sv-SE","@id":"https:\/\/truusk.store\/sv\/produkt\/truusk-vikbar-tradgardspaviljong-metallram-och-tygduk-natgardiner-draneringshal-330l-x-330b-x-288h-cm-beige\/#primaryimage","url":"https:\/\/i0.wp.com\/truusk.store\/wp-content\/uploads\/2026\/01\/vikbart-paviljong-tradgardspaviljong-metall-och-tygduk-natgardiner-draneringshal-330l-x-330b-x-288h-cm-beige-1.webp?fit=2000%2C2000&ssl=1","contentUrl":"https:\/\/i0.wp.com\/truusk.store\/wp-content\/uploads\/2026\/01\/vikbart-paviljong-tradgardspaviljong-metall-och-tygduk-natgardiner-draneringshal-330l-x-330b-x-288h-cm-beige-1.webp?fit=2000%2C2000&ssl=1","width":2000,"height":2000},{"@type":"BreadcrumbList","@id":"https:\/\/truusk.store\/sv\/produkt\/truusk-vikbar-tradgardspaviljong-metallram-och-tygduk-natgardiner-draneringshal-330l-x-330b-x-288h-cm-beige\/#breadcrumb","itemListElement":[{"@type":"ListItem","position":1,"name":"Home","item":"https:\/\/truusk.store\/sv\/"},{"@type":"ListItem","position":2,"name":"Shop","item":"https:\/\/truusk.store\/shop\/"},{"@type":"ListItem","position":3,"name":"TRUUSK Vikbar Tr\u00e4dg\u00e5rdspaviljong &#8211; Metallram och Tygduk &#8211; N\u00e4tgardiner &#8211; Dr\u00e4neringsh\u00e5l &#8211; 330L x 330B x 288H cm &#8211; Beige"}]},{"@type":"WebSite","@id":"https:\/\/truusk.store\/sv\/#website","url":"https:\/\/truusk.store\/sv\/","name":"TRUUSK - Hem, Tr\u00e4dg\u00e5rd & Fritid","description":"","publisher":{"@id":"https:\/\/truusk.store\/sv\/#organization"},"potentialAction":[{"@type":"SearchAction","target":{"@type":"EntryPoint","urlTemplate":"https:\/\/truusk.store\/sv\/?s={search_term_string}"},"query-input":{"@type":"PropertyValueSpecification","valueRequired":true,"valueName":"search_term_string"}}],"inLanguage":"sv-SE"},{"@type":"Organization","@id":"https:\/\/truusk.store\/sv\/#organization","name":"TRUUSK - Hem, Tr\u00e4dg\u00e5rd & Fritid","url":"https:\/\/truusk.store\/sv\/","logo":{"@type":"ImageObject","inLanguage":"sv-SE","@id":"https:\/\/truusk.store\/sv\/#\/schema\/logo\/image\/","url":"https:\/\/i0.wp.com\/truusk.store\/wp-content\/uploads\/2026\/03\/cropped-TRUUSK.png?fit=2032%2C917&ssl=1","contentUrl":"https:\/\/i0.wp.com\/truusk.store\/wp-content\/uploads\/2026\/03\/cropped-TRUUSK.png?fit=2032%2C917&ssl=1","width":2032,"height":917,"caption":"TRUUSK - Hem, Tr\u00e4dg\u00e5rd & Fritid"},"image":{"@id":"https:\/\/truusk.store\/sv\/#\/schema\/logo\/image\/"}}]}},"jetpack_sharing_enabled":true,"_links":{"self":[{"href":"https:\/\/truusk.store\/sv\/wp-json\/wp\/v2\/product\/99445","targetHints":{"allow":["GET"]}}],"collection":[{"href":"https:\/\/truusk.store\/sv\/wp-json\/wp\/v2\/product"}],"about":[{"href":"https:\/\/truusk.store\/sv\/wp-json\/wp\/v2\/types\/product"}],"wp:featuredmedia":[{"embeddable":true,"href":"https:\/\/truusk.store\/sv\/wp-json\/wp\/v2\/media\/99436"}],"wp:attachment":[{"href":"https:\/\/truusk.store\/sv\/wp-json\/wp\/v2\/media?parent=99445"}],"wp:term":[{"taxonomy":"product_brand","embeddable":true,"href":"https:\/\/truusk.store\/sv\/wp-json\/wp\/v2\/product_brand?post=99445"},{"taxonomy":"product_cat","embeddable":true,"href":"https:\/\/truusk.store\/sv\/wp-json\/wp\/v2\/product_cat?post=99445"},{"taxonomy":"product_tag","embeddable":true,"href":"https:\/\/truusk.store\/sv\/wp-json\/wp\/v2\/product_tag?post=99445"}],"curies":[{"name":"wp","href":"https:\/\/api.w.org\/{rel}","templated":true}]}}