{"id":99455,"date":"2026-01-09T12:39:44","date_gmt":"2026-01-09T11:39:44","guid":{"rendered":"https:\/\/truusk.store\/product\/gungbank-med-pergola-for-2-personer-hojdjusterbar-massivt-traram-221-x-140-x-196-m\/"},"modified":"2026-03-12T09:20:26","modified_gmt":"2026-03-12T08:20:26","slug":"truusk-gungbank-med-pergola-justerbar-hojd-massiv-traram-221-x-140-x-196-m","status":"publish","type":"product","link":"https:\/\/truusk.store\/sv\/produkt\/truusk-gungbank-med-pergola-justerbar-hojd-massiv-traram-221-x-140-x-196-m\/","title":{"rendered":"TRUUSK Gungb\u00e4nk Med Pergola &#8211; Justerbar H\u00f6jd &#8211; Massiv Tr\u00e4ram &#8211; 2,21 x 1,40 x 1,96 m"},"content":{"rendered":"<p>Inte bara ta in en gungb\u00e4nk i din tr\u00e4dg\u00e5rd, utan ta en tr\u00e4dg\u00e5rd till gungb\u00e4nken! Denna tr\u00e4gungb\u00e4nk fr\u00e5n [BRAND NAME] har en integrerad pergola som ger den stabilitet och kan dekoreras med olika v\u00e4xter, s\u00e5 att ett naturligt, gr\u00f6nt l\u00f6vtak kan skapas. Den gener\u00f6sa sittytan rymmer tv\u00e5 personer, s\u00e5 att du kan njuta av en sommarbris i trevligt s\u00e4llskap.<\/p>\n<p>Beskrivning:<\/p>\n<ul>\n<li> Bekv\u00e4m gungb\u00e4nk f\u00f6r upp till tv\u00e5 personer<\/li>\n<li> Pergola f\u00f6r kl\u00e4tterv\u00e4xter och en estetisk accent<\/li>\n<li> Ram av massivt tr\u00e4 &#8211; s\u00e4rskilt stabil och h\u00e5llbar<\/li>\n<li> Robusta metallkedjor med en b\u00e4rkapacitet p\u00e5 240 kg<\/li>\n<li> Idealisk f\u00f6r tr\u00e4dg\u00e5rdar, terrasser och andra stora utomhusomr\u00e5den<\/li>\n<li> Montering kr\u00e4vs<\/li>\n<\/ul>\n<p>Tekniska data:<\/p>\n<ul>\n<li> F\u00e4rg: Natur<\/li>\n<li> Material: Grantr\u00e4<\/li>\n<li> Totala m\u00e5tt: 221L x 140B x 196H cm (Pergola), 155L x 68B x 60H cm (Gungb\u00e4nk)<\/li>\n<li> Avst\u00e5nd mellan st\u00f6d: 92L x 179B cm<\/li>\n<li> Sittytan: 120B x 52T cm<\/li>\n<li> Avst\u00e5nd fr\u00e5n marken till s\u00e4tet: 47H cm<\/li>\n<li> Ryggst\u00f6dets dimensioner: 120L x 52B cm<\/li>\n<li> Bredd p\u00e5 armst\u00f6d: 7 cm<\/li>\n<li> L\u00e4ngd p\u00e5 metallkedjor: 2 x 56 cm, 2 x 67 cm, 2 x 70 cm<\/li>\n<li> B\u00e4rkapacitet: 240 kg<\/li>\n<\/ul>\n<p>Leveransinneh\u00e5ll:<\/p>\n<ul>\n<li> 1 x Gungb\u00e4nk<\/li>\n<li> 1 x Pergola<\/li>\n<li> 1 x Instruktioner<\/li>\n<\/ul>\n","protected":false},"excerpt":{"rendered":"<p>Inte bara ta in en gungb\u00e4nk i din tr\u00e4dg\u00e5rd, utan ta en tr\u00e4dg\u00e5rd till gungb\u00e4nken! Denna tr\u00e4gungb\u00e4nk fr\u00e5n [BRAND NAME]&#8230;<\/p>\n","protected":false},"featured_media":99446,"template":"","meta":[],"product_brand":[],"product_cat":[453,858,450],"product_tag":[],"class_list":{"0":"post-99455","1":"product","2":"type-product","3":"status-publish","4":"has-post-thumbnail","6":"product_cat-hollywood-gungor","7":"product_cat-tradgard-terrass","8":"product_cat-tradgardsmobler","10":"first","11":"instock","12":"sale","13":"taxable","14":"shipping-taxable","15":"purchasable","16":"product-type-simple"},"yoast_head":"<!-- This site is optimized with the Yoast SEO plugin v25.4 - https:\/\/yoast.com\/wordpress\/plugins\/seo\/ -->\n<title>TRUUSK Gungb\u00e4nk Med Pergola - Justerbar H\u00f6jd - Massiv Tr\u00e4ram - 2,21 x 1,40 x 1,96 m - TRUUSK - Hem, Tr\u00e4dg\u00e5rd &amp; Fritid<\/title>\n<meta name=\"robots\" content=\"index, follow, max-snippet:-1, max-image-preview:large, max-video-preview:-1\" \/>\n<link rel=\"canonical\" href=\"https:\/\/truusk.store\/sv\/produkt\/truusk-gungbank-med-pergola-justerbar-hojd-massiv-traram-221-x-140-x-196-m\/\" \/>\n<meta property=\"og:locale\" content=\"sv_SE\" \/>\n<meta property=\"og:type\" content=\"article\" \/>\n<meta property=\"og:title\" content=\"TRUUSK Gungb\u00e4nk Med Pergola - Justerbar H\u00f6jd - Massiv Tr\u00e4ram - 2,21 x 1,40 x 1,96 m - TRUUSK - Hem, Tr\u00e4dg\u00e5rd &amp; Fritid\" \/>\n<meta property=\"og:description\" content=\"Inte bara ta in en gungb\u00e4nk i din tr\u00e4dg\u00e5rd, utan ta en tr\u00e4dg\u00e5rd till gungb\u00e4nken! Denna tr\u00e4gungb\u00e4nk fr\u00e5n [BRAND NAME]...\" \/>\n<meta property=\"og:url\" content=\"https:\/\/truusk.store\/sv\/produkt\/truusk-gungbank-med-pergola-justerbar-hojd-massiv-traram-221-x-140-x-196-m\/\" \/>\n<meta property=\"og:site_name\" content=\"TRUUSK - Hem, Tr\u00e4dg\u00e5rd &amp; Fritid\" \/>\n<meta property=\"article:modified_time\" content=\"2026-03-12T08:20:26+00:00\" \/>\n<meta property=\"og:image\" content=\"https:\/\/i0.wp.com\/truusk.se\/wp-content\/uploads\/2026\/01\/gungbank-med-pergola-for-2-personer-hojdjusterbar-massivt-traram-221-x-140-x-196-m-1.webp?fit=2000%2C2000&ssl=1\" \/>\n\t<meta property=\"og:image:width\" content=\"2000\" \/>\n\t<meta property=\"og:image:height\" content=\"2000\" \/>\n\t<meta property=\"og:image:type\" content=\"image\/webp\" \/>\n<meta name=\"twitter:card\" content=\"summary_large_image\" \/>\n<meta name=\"twitter:label1\" content=\"Ber\u00e4knad l\u00e4stid\" \/>\n\t<meta name=\"twitter:data1\" content=\"1 minut\" \/>\n<!-- \/ Yoast SEO plugin. -->","yoast_head_json":{"title":"TRUUSK Gungb\u00e4nk Med Pergola - Justerbar H\u00f6jd - Massiv Tr\u00e4ram - 2,21 x 1,40 x 1,96 m - TRUUSK - Hem, Tr\u00e4dg\u00e5rd &amp; Fritid","robots":{"index":"index","follow":"follow","max-snippet":"max-snippet:-1","max-image-preview":"max-image-preview:large","max-video-preview":"max-video-preview:-1"},"canonical":"https:\/\/truusk.store\/sv\/produkt\/truusk-gungbank-med-pergola-justerbar-hojd-massiv-traram-221-x-140-x-196-m\/","og_locale":"sv_SE","og_type":"article","og_title":"TRUUSK Gungb\u00e4nk Med Pergola - Justerbar H\u00f6jd - Massiv Tr\u00e4ram - 2,21 x 1,40 x 1,96 m - TRUUSK - Hem, Tr\u00e4dg\u00e5rd &amp; Fritid","og_description":"Inte bara ta in en gungb\u00e4nk i din tr\u00e4dg\u00e5rd, utan ta en tr\u00e4dg\u00e5rd till gungb\u00e4nken! Denna tr\u00e4gungb\u00e4nk fr\u00e5n [BRAND NAME]...","og_url":"https:\/\/truusk.store\/sv\/produkt\/truusk-gungbank-med-pergola-justerbar-hojd-massiv-traram-221-x-140-x-196-m\/","og_site_name":"TRUUSK - Hem, Tr\u00e4dg\u00e5rd &amp; Fritid","article_modified_time":"2026-03-12T08:20:26+00:00","og_image":[{"width":2000,"height":2000,"url":"https:\/\/i0.wp.com\/truusk.se\/wp-content\/uploads\/2026\/01\/gungbank-med-pergola-for-2-personer-hojdjusterbar-massivt-traram-221-x-140-x-196-m-1.webp?fit=2000%2C2000&ssl=1","type":"image\/webp"}],"twitter_card":"summary_large_image","twitter_misc":{"Ber\u00e4knad l\u00e4stid":"1 minut"},"schema":{"@context":"https:\/\/schema.org","@graph":[{"@type":"WebPage","@id":"https:\/\/truusk.store\/sv\/produkt\/truusk-gungbank-med-pergola-justerbar-hojd-massiv-traram-221-x-140-x-196-m\/","url":"https:\/\/truusk.store\/sv\/produkt\/truusk-gungbank-med-pergola-justerbar-hojd-massiv-traram-221-x-140-x-196-m\/","name":"TRUUSK Gungb\u00e4nk Med Pergola - Justerbar H\u00f6jd - Massiv Tr\u00e4ram - 2,21 x 1,40 x 1,96 m - TRUUSK - Hem, Tr\u00e4dg\u00e5rd &amp; Fritid","isPartOf":{"@id":"https:\/\/truusk.store\/sv\/#website"},"primaryImageOfPage":{"@id":"https:\/\/truusk.store\/sv\/produkt\/truusk-gungbank-med-pergola-justerbar-hojd-massiv-traram-221-x-140-x-196-m\/#primaryimage"},"image":{"@id":"https:\/\/truusk.store\/sv\/produkt\/truusk-gungbank-med-pergola-justerbar-hojd-massiv-traram-221-x-140-x-196-m\/#primaryimage"},"thumbnailUrl":"https:\/\/i0.wp.com\/truusk.store\/wp-content\/uploads\/2026\/01\/gungbank-med-pergola-for-2-personer-hojdjusterbar-massivt-traram-221-x-140-x-196-m-1.webp?fit=2000%2C2000&ssl=1","datePublished":"2026-01-09T11:39:44+00:00","dateModified":"2026-03-12T08:20:26+00:00","breadcrumb":{"@id":"https:\/\/truusk.store\/sv\/produkt\/truusk-gungbank-med-pergola-justerbar-hojd-massiv-traram-221-x-140-x-196-m\/#breadcrumb"},"inLanguage":"sv-SE","potentialAction":[{"@type":"ReadAction","target":["https:\/\/truusk.store\/sv\/produkt\/truusk-gungbank-med-pergola-justerbar-hojd-massiv-traram-221-x-140-x-196-m\/"]}]},{"@type":"ImageObject","inLanguage":"sv-SE","@id":"https:\/\/truusk.store\/sv\/produkt\/truusk-gungbank-med-pergola-justerbar-hojd-massiv-traram-221-x-140-x-196-m\/#primaryimage","url":"https:\/\/i0.wp.com\/truusk.store\/wp-content\/uploads\/2026\/01\/gungbank-med-pergola-for-2-personer-hojdjusterbar-massivt-traram-221-x-140-x-196-m-1.webp?fit=2000%2C2000&ssl=1","contentUrl":"https:\/\/i0.wp.com\/truusk.store\/wp-content\/uploads\/2026\/01\/gungbank-med-pergola-for-2-personer-hojdjusterbar-massivt-traram-221-x-140-x-196-m-1.webp?fit=2000%2C2000&ssl=1","width":2000,"height":2000},{"@type":"BreadcrumbList","@id":"https:\/\/truusk.store\/sv\/produkt\/truusk-gungbank-med-pergola-justerbar-hojd-massiv-traram-221-x-140-x-196-m\/#breadcrumb","itemListElement":[{"@type":"ListItem","position":1,"name":"Home","item":"https:\/\/truusk.store\/sv\/"},{"@type":"ListItem","position":2,"name":"Shop","item":"https:\/\/truusk.store\/shop\/"},{"@type":"ListItem","position":3,"name":"TRUUSK Gungb\u00e4nk Med Pergola &#8211; Justerbar H\u00f6jd &#8211; Massiv Tr\u00e4ram &#8211; 2,21 x 1,40 x 1,96 m"}]},{"@type":"WebSite","@id":"https:\/\/truusk.store\/sv\/#website","url":"https:\/\/truusk.store\/sv\/","name":"TRUUSK - Hem, Tr\u00e4dg\u00e5rd & Fritid","description":"","publisher":{"@id":"https:\/\/truusk.store\/sv\/#organization"},"potentialAction":[{"@type":"SearchAction","target":{"@type":"EntryPoint","urlTemplate":"https:\/\/truusk.store\/sv\/?s={search_term_string}"},"query-input":{"@type":"PropertyValueSpecification","valueRequired":true,"valueName":"search_term_string"}}],"inLanguage":"sv-SE"},{"@type":"Organization","@id":"https:\/\/truusk.store\/sv\/#organization","name":"TRUUSK - Hem, Tr\u00e4dg\u00e5rd & Fritid","url":"https:\/\/truusk.store\/sv\/","logo":{"@type":"ImageObject","inLanguage":"sv-SE","@id":"https:\/\/truusk.store\/sv\/#\/schema\/logo\/image\/","url":"https:\/\/i0.wp.com\/truusk.store\/wp-content\/uploads\/2026\/03\/cropped-TRUUSK.png?fit=2032%2C917&ssl=1","contentUrl":"https:\/\/i0.wp.com\/truusk.store\/wp-content\/uploads\/2026\/03\/cropped-TRUUSK.png?fit=2032%2C917&ssl=1","width":2032,"height":917,"caption":"TRUUSK - Hem, Tr\u00e4dg\u00e5rd & Fritid"},"image":{"@id":"https:\/\/truusk.store\/sv\/#\/schema\/logo\/image\/"}}]}},"jetpack_sharing_enabled":true,"_links":{"self":[{"href":"https:\/\/truusk.store\/sv\/wp-json\/wp\/v2\/product\/99455","targetHints":{"allow":["GET"]}}],"collection":[{"href":"https:\/\/truusk.store\/sv\/wp-json\/wp\/v2\/product"}],"about":[{"href":"https:\/\/truusk.store\/sv\/wp-json\/wp\/v2\/types\/product"}],"wp:featuredmedia":[{"embeddable":true,"href":"https:\/\/truusk.store\/sv\/wp-json\/wp\/v2\/media\/99446"}],"wp:attachment":[{"href":"https:\/\/truusk.store\/sv\/wp-json\/wp\/v2\/media?parent=99455"}],"wp:term":[{"taxonomy":"product_brand","embeddable":true,"href":"https:\/\/truusk.store\/sv\/wp-json\/wp\/v2\/product_brand?post=99455"},{"taxonomy":"product_cat","embeddable":true,"href":"https:\/\/truusk.store\/sv\/wp-json\/wp\/v2\/product_cat?post=99455"},{"taxonomy":"product_tag","embeddable":true,"href":"https:\/\/truusk.store\/sv\/wp-json\/wp\/v2\/product_tag?post=99455"}],"curies":[{"name":"wp","href":"https:\/\/api.w.org\/{rel}","templated":true}]}}