{"id":99487,"date":"2026-01-14T12:06:01","date_gmt":"2026-01-14T11:06:01","guid":{"rendered":"https:\/\/truusk.store\/product\/solstol-5-stegs-justerbar-ryggstod-andningsbart-tyg-aluminiumram-morkgra-195-x-66-x-34-cm\/"},"modified":"2026-03-12T08:42:44","modified_gmt":"2026-03-12T07:42:44","slug":"truusk-solstol-5-stegs-justerbar-ryggstod-andningsbart-tyg-aluminiumram-morkgra-195-x-66-x-34-cm","status":"publish","type":"product","link":"https:\/\/truusk.store\/sv\/produkt\/truusk-solstol-5-stegs-justerbar-ryggstod-andningsbart-tyg-aluminiumram-morkgra-195-x-66-x-34-cm\/","title":{"rendered":"TRUUSK Solstol &#8211; 5-stegs Justerbar Ryggst\u00f6d &#8211; Andningsbart Tyg &#8211; Aluminiumram &#8211; M\u00f6rkgr\u00e5 &#8211; 195 x 66 x 34 cm"},"content":{"rendered":"<p>L\u00e5t denna v\u00e4derbest\u00e4ndiga tr\u00e4dg\u00e5rdss\u00e4ng fr\u00e5n [BRAND NAME] bli huvudattraktionen f\u00f6r dina sommarminnen! Solstolen best\u00e5r av en robust och h\u00e5llbar aluminiumram, som \u00e4r t\u00e4ckt med ett andningsbart n\u00e4ttyg som helt t\u00e4cker liggytan. P\u00e5 s\u00e5 s\u00e4tt irriteras inte huden vid v\u00e4rme. Tv\u00e5 hjul g\u00f6r transporten l\u00e4tt och bekv\u00e4m. Sl\u00e5 dig ner p\u00e5 dessa campingstolar och njut av den soliga, varma \u00e5rstiden tillsammans.<\/p>\n<p>Beskrivning:<\/p>\n<ul>\n<li> 5-stegs justerbar ryggst\u00f6d p\u00e5 balkongstolen f\u00f6r olika avkopplande positioner<\/li>\n<li> L\u00e4tt aluminiumram p\u00e5 balkongstolen \u00e4r robust och rostfri<\/li>\n<li> Andningsbart n\u00e4ttyg f\u00f6r h\u00f6gsta ligkomfort<\/li>\n<li> Vatten- och UV-resistent, h\u00e5llbar och l\u00e4tt att reng\u00f6ra<\/li>\n<li> Tv\u00e5 hjul p\u00e5 bastustolen f\u00f6r enkel r\u00f6rlighet<\/li>\n<li> Montering kr\u00e4vs<\/li>\n<\/ul>\n<p> Tekniska data:<\/p>\n<ul>\n<li> F\u00e4rg: M\u00f6rkgr\u00e5<\/li>\n<li> Material: Aluminium, n\u00e4ttyg<\/li>\n<li> Totala m\u00e5tt: 66L x 165B x 102H cm<\/li>\n<li> M\u00e5tt i liggande position: 195D x 66B x 34H cm<\/li>\n<li> M\u00e5tt helt utf\u00e4lld: 195D x 66B x 34H cm<\/li>\n<li> Sitsyta: 60B x 109D cm<\/li>\n<li> Sitth\u00f6jd (utan kudde): 30 cm<\/li>\n<li> M\u00e5tt ryggst\u00f6d: 89L x 52B cm<\/li>\n<li> B\u00e4rkapacitet: 150 kg<\/li>\n<\/ul>\n<p>Leveransinneh\u00e5ll:<\/p>\n<ul>\n<li> 1 x Solstol<\/li>\n<li> 1 x Instruktioner<\/li>\n<\/ul>\n","protected":false},"excerpt":{"rendered":"<p>L\u00e5t denna v\u00e4derbest\u00e4ndiga tr\u00e4dg\u00e5rdss\u00e4ng fr\u00e5n [BRAND NAME] bli huvudattraktionen f\u00f6r dina sommarminnen! Solstolen best\u00e5r av en robust och h\u00e5llbar aluminiumram,&#8230;<\/p>\n","protected":false},"featured_media":99478,"template":"","meta":[],"product_brand":[],"product_cat":[451,858,450],"product_tag":[],"class_list":{"0":"post-99487","1":"product","2":"type-product","3":"status-publish","4":"has-post-thumbnail","6":"product_cat-solstolar","7":"product_cat-tradgard-terrass","8":"product_cat-tradgardsmobler","10":"first","11":"instock","12":"sale","13":"taxable","14":"shipping-taxable","15":"purchasable","16":"product-type-simple"},"yoast_head":"<!-- This site is optimized with the Yoast SEO plugin v25.4 - https:\/\/yoast.com\/wordpress\/plugins\/seo\/ -->\n<title>TRUUSK Solstol - 5-stegs Justerbar Ryggst\u00f6d - Andningsbart Tyg - Aluminiumram - M\u00f6rkgr\u00e5 - 195 x 66 x 34 cm - TRUUSK - Hem, Tr\u00e4dg\u00e5rd &amp; Fritid<\/title>\n<meta name=\"robots\" content=\"index, follow, max-snippet:-1, max-image-preview:large, max-video-preview:-1\" \/>\n<link rel=\"canonical\" href=\"https:\/\/truusk.store\/sv\/produkt\/truusk-solstol-5-stegs-justerbar-ryggstod-andningsbart-tyg-aluminiumram-morkgra-195-x-66-x-34-cm\/\" \/>\n<meta property=\"og:locale\" content=\"sv_SE\" \/>\n<meta property=\"og:type\" content=\"article\" \/>\n<meta property=\"og:title\" content=\"TRUUSK Solstol - 5-stegs Justerbar Ryggst\u00f6d - Andningsbart Tyg - Aluminiumram - M\u00f6rkgr\u00e5 - 195 x 66 x 34 cm - TRUUSK - Hem, Tr\u00e4dg\u00e5rd &amp; Fritid\" \/>\n<meta property=\"og:description\" content=\"L\u00e5t denna v\u00e4derbest\u00e4ndiga tr\u00e4dg\u00e5rdss\u00e4ng fr\u00e5n [BRAND NAME] bli huvudattraktionen f\u00f6r dina sommarminnen! Solstolen best\u00e5r av en robust och h\u00e5llbar aluminiumram,...\" \/>\n<meta property=\"og:url\" content=\"https:\/\/truusk.store\/sv\/produkt\/truusk-solstol-5-stegs-justerbar-ryggstod-andningsbart-tyg-aluminiumram-morkgra-195-x-66-x-34-cm\/\" \/>\n<meta property=\"og:site_name\" content=\"TRUUSK - Hem, Tr\u00e4dg\u00e5rd &amp; Fritid\" \/>\n<meta property=\"article:modified_time\" content=\"2026-03-12T07:42:44+00:00\" \/>\n<meta property=\"og:image\" content=\"https:\/\/i0.wp.com\/truusk.se\/wp-content\/uploads\/2026\/01\/solstol-5-stegs-justerbar-ryggstod-andningsbart-tyg-aluminiumram-morkgra-195-x-66-x-34-cm-1.webp?fit=2000%2C2000&ssl=1\" \/>\n\t<meta property=\"og:image:width\" content=\"2000\" \/>\n\t<meta property=\"og:image:height\" content=\"2000\" \/>\n\t<meta property=\"og:image:type\" content=\"image\/webp\" \/>\n<meta name=\"twitter:card\" content=\"summary_large_image\" \/>\n<meta name=\"twitter:label1\" content=\"Ber\u00e4knad l\u00e4stid\" \/>\n\t<meta name=\"twitter:data1\" content=\"1 minut\" \/>\n<!-- \/ Yoast SEO plugin. -->","yoast_head_json":{"title":"TRUUSK Solstol - 5-stegs Justerbar Ryggst\u00f6d - Andningsbart Tyg - Aluminiumram - M\u00f6rkgr\u00e5 - 195 x 66 x 34 cm - TRUUSK - Hem, Tr\u00e4dg\u00e5rd &amp; Fritid","robots":{"index":"index","follow":"follow","max-snippet":"max-snippet:-1","max-image-preview":"max-image-preview:large","max-video-preview":"max-video-preview:-1"},"canonical":"https:\/\/truusk.store\/sv\/produkt\/truusk-solstol-5-stegs-justerbar-ryggstod-andningsbart-tyg-aluminiumram-morkgra-195-x-66-x-34-cm\/","og_locale":"sv_SE","og_type":"article","og_title":"TRUUSK Solstol - 5-stegs Justerbar Ryggst\u00f6d - Andningsbart Tyg - Aluminiumram - M\u00f6rkgr\u00e5 - 195 x 66 x 34 cm - TRUUSK - Hem, Tr\u00e4dg\u00e5rd &amp; Fritid","og_description":"L\u00e5t denna v\u00e4derbest\u00e4ndiga tr\u00e4dg\u00e5rdss\u00e4ng fr\u00e5n [BRAND NAME] bli huvudattraktionen f\u00f6r dina sommarminnen! Solstolen best\u00e5r av en robust och h\u00e5llbar aluminiumram,...","og_url":"https:\/\/truusk.store\/sv\/produkt\/truusk-solstol-5-stegs-justerbar-ryggstod-andningsbart-tyg-aluminiumram-morkgra-195-x-66-x-34-cm\/","og_site_name":"TRUUSK - Hem, Tr\u00e4dg\u00e5rd &amp; Fritid","article_modified_time":"2026-03-12T07:42:44+00:00","og_image":[{"width":2000,"height":2000,"url":"https:\/\/i0.wp.com\/truusk.se\/wp-content\/uploads\/2026\/01\/solstol-5-stegs-justerbar-ryggstod-andningsbart-tyg-aluminiumram-morkgra-195-x-66-x-34-cm-1.webp?fit=2000%2C2000&ssl=1","type":"image\/webp"}],"twitter_card":"summary_large_image","twitter_misc":{"Ber\u00e4knad l\u00e4stid":"1 minut"},"schema":{"@context":"https:\/\/schema.org","@graph":[{"@type":"WebPage","@id":"https:\/\/truusk.store\/sv\/produkt\/truusk-solstol-5-stegs-justerbar-ryggstod-andningsbart-tyg-aluminiumram-morkgra-195-x-66-x-34-cm\/","url":"https:\/\/truusk.store\/sv\/produkt\/truusk-solstol-5-stegs-justerbar-ryggstod-andningsbart-tyg-aluminiumram-morkgra-195-x-66-x-34-cm\/","name":"TRUUSK Solstol - 5-stegs Justerbar Ryggst\u00f6d - Andningsbart Tyg - Aluminiumram - M\u00f6rkgr\u00e5 - 195 x 66 x 34 cm - TRUUSK - Hem, Tr\u00e4dg\u00e5rd &amp; Fritid","isPartOf":{"@id":"https:\/\/truusk.store\/sv\/#website"},"primaryImageOfPage":{"@id":"https:\/\/truusk.store\/sv\/produkt\/truusk-solstol-5-stegs-justerbar-ryggstod-andningsbart-tyg-aluminiumram-morkgra-195-x-66-x-34-cm\/#primaryimage"},"image":{"@id":"https:\/\/truusk.store\/sv\/produkt\/truusk-solstol-5-stegs-justerbar-ryggstod-andningsbart-tyg-aluminiumram-morkgra-195-x-66-x-34-cm\/#primaryimage"},"thumbnailUrl":"https:\/\/i0.wp.com\/truusk.store\/wp-content\/uploads\/2026\/01\/solstol-5-stegs-justerbar-ryggstod-andningsbart-tyg-aluminiumram-morkgra-195-x-66-x-34-cm-1.webp?fit=2000%2C2000&ssl=1","datePublished":"2026-01-14T11:06:01+00:00","dateModified":"2026-03-12T07:42:44+00:00","breadcrumb":{"@id":"https:\/\/truusk.store\/sv\/produkt\/truusk-solstol-5-stegs-justerbar-ryggstod-andningsbart-tyg-aluminiumram-morkgra-195-x-66-x-34-cm\/#breadcrumb"},"inLanguage":"sv-SE","potentialAction":[{"@type":"ReadAction","target":["https:\/\/truusk.store\/sv\/produkt\/truusk-solstol-5-stegs-justerbar-ryggstod-andningsbart-tyg-aluminiumram-morkgra-195-x-66-x-34-cm\/"]}]},{"@type":"ImageObject","inLanguage":"sv-SE","@id":"https:\/\/truusk.store\/sv\/produkt\/truusk-solstol-5-stegs-justerbar-ryggstod-andningsbart-tyg-aluminiumram-morkgra-195-x-66-x-34-cm\/#primaryimage","url":"https:\/\/i0.wp.com\/truusk.store\/wp-content\/uploads\/2026\/01\/solstol-5-stegs-justerbar-ryggstod-andningsbart-tyg-aluminiumram-morkgra-195-x-66-x-34-cm-1.webp?fit=2000%2C2000&ssl=1","contentUrl":"https:\/\/i0.wp.com\/truusk.store\/wp-content\/uploads\/2026\/01\/solstol-5-stegs-justerbar-ryggstod-andningsbart-tyg-aluminiumram-morkgra-195-x-66-x-34-cm-1.webp?fit=2000%2C2000&ssl=1","width":2000,"height":2000},{"@type":"BreadcrumbList","@id":"https:\/\/truusk.store\/sv\/produkt\/truusk-solstol-5-stegs-justerbar-ryggstod-andningsbart-tyg-aluminiumram-morkgra-195-x-66-x-34-cm\/#breadcrumb","itemListElement":[{"@type":"ListItem","position":1,"name":"Home","item":"https:\/\/truusk.store\/sv\/"},{"@type":"ListItem","position":2,"name":"Shop","item":"https:\/\/truusk.store\/shop\/"},{"@type":"ListItem","position":3,"name":"TRUUSK Solstol &#8211; 5-stegs Justerbar Ryggst\u00f6d &#8211; Andningsbart Tyg &#8211; Aluminiumram &#8211; M\u00f6rkgr\u00e5 &#8211; 195 x 66 x 34 cm"}]},{"@type":"WebSite","@id":"https:\/\/truusk.store\/sv\/#website","url":"https:\/\/truusk.store\/sv\/","name":"TRUUSK - Hem, Tr\u00e4dg\u00e5rd & Fritid","description":"","publisher":{"@id":"https:\/\/truusk.store\/sv\/#organization"},"potentialAction":[{"@type":"SearchAction","target":{"@type":"EntryPoint","urlTemplate":"https:\/\/truusk.store\/sv\/?s={search_term_string}"},"query-input":{"@type":"PropertyValueSpecification","valueRequired":true,"valueName":"search_term_string"}}],"inLanguage":"sv-SE"},{"@type":"Organization","@id":"https:\/\/truusk.store\/sv\/#organization","name":"TRUUSK - Hem, Tr\u00e4dg\u00e5rd & Fritid","url":"https:\/\/truusk.store\/sv\/","logo":{"@type":"ImageObject","inLanguage":"sv-SE","@id":"https:\/\/truusk.store\/sv\/#\/schema\/logo\/image\/","url":"https:\/\/i0.wp.com\/truusk.store\/wp-content\/uploads\/2026\/03\/cropped-TRUUSK.png?fit=2032%2C917&ssl=1","contentUrl":"https:\/\/i0.wp.com\/truusk.store\/wp-content\/uploads\/2026\/03\/cropped-TRUUSK.png?fit=2032%2C917&ssl=1","width":2032,"height":917,"caption":"TRUUSK - Hem, Tr\u00e4dg\u00e5rd & Fritid"},"image":{"@id":"https:\/\/truusk.store\/sv\/#\/schema\/logo\/image\/"}}]}},"jetpack_sharing_enabled":true,"_links":{"self":[{"href":"https:\/\/truusk.store\/sv\/wp-json\/wp\/v2\/product\/99487","targetHints":{"allow":["GET"]}}],"collection":[{"href":"https:\/\/truusk.store\/sv\/wp-json\/wp\/v2\/product"}],"about":[{"href":"https:\/\/truusk.store\/sv\/wp-json\/wp\/v2\/types\/product"}],"wp:featuredmedia":[{"embeddable":true,"href":"https:\/\/truusk.store\/sv\/wp-json\/wp\/v2\/media\/99478"}],"wp:attachment":[{"href":"https:\/\/truusk.store\/sv\/wp-json\/wp\/v2\/media?parent=99487"}],"wp:term":[{"taxonomy":"product_brand","embeddable":true,"href":"https:\/\/truusk.store\/sv\/wp-json\/wp\/v2\/product_brand?post=99487"},{"taxonomy":"product_cat","embeddable":true,"href":"https:\/\/truusk.store\/sv\/wp-json\/wp\/v2\/product_cat?post=99487"},{"taxonomy":"product_tag","embeddable":true,"href":"https:\/\/truusk.store\/sv\/wp-json\/wp\/v2\/product_tag?post=99487"}],"curies":[{"name":"wp","href":"https:\/\/api.w.org\/{rel}","templated":true}]}}