{"id":99508,"date":"2026-01-14T20:10:53","date_gmt":"2026-01-14T19:10:53","guid":{"rendered":"https:\/\/truusk.store\/product\/planteringslada-med-spalje-4-hjul-naturligt-tra-vaderbestandig-lack-naturligt-tra-76-x-30-x-155-cm\/"},"modified":"2026-03-12T09:28:14","modified_gmt":"2026-03-12T08:28:14","slug":"truusk-planteringslada-med-spalje-naturligt-tra-vaderbestandig-lack-76-x-30-x-155-cm-4-hjul","status":"publish","type":"product","link":"https:\/\/truusk.store\/sv\/produkt\/truusk-planteringslada-med-spalje-naturligt-tra-vaderbestandig-lack-76-x-30-x-155-cm-4-hjul\/","title":{"rendered":"TRUUSK Planteringsl\u00e5da Med Spalj\u00e9 &#8211; Naturligt Tr\u00e4 &#8211; V\u00e4derbest\u00e4ndig Lack &#8211; 76 x 30 x 155 cm &#8211; 4 Hjul"},"content":{"rendered":"<p>Med denna sofistikerade kombination av h\u00f6g s\u00e4ng och spalj\u00e9 fr\u00e5n [BRAND NAME] kan du erbjuda dina favoritv\u00e4xter ett dekorativt och originellt hem! Den stabila spalj\u00e9n p\u00e5 den h\u00f6ga s\u00e4ngen kan vara en fantastisk presentationsyta f\u00f6r dina kl\u00e4tterv\u00e4xter eller dekorativa blomkorgar. 4 smidiga hjul g\u00f6r att du enkelt kan flytta bloml\u00e5dan f\u00f6r att skapa atmosf\u00e4ren du \u00f6nskar n\u00e4r som helst. Berika ditt hem med denna sofistikerade, tidl\u00f6sa blickf\u00e5ngare!<\/p>\n<p>Beskrivning:<\/p>\n<ul>\n<li> Dekorativ bloml\u00e5da i klassisk, tidl\u00f6s design med elegant vit f\u00e4rg<\/li>\n<li> Stor bloml\u00e5da med mycket plats f\u00f6r blomjord f\u00f6r att odla olika typer av v\u00e4xter<\/li>\n<li> Tygfodring inuti f\u00f6r att f\u00f6rhindra jorderosion<\/li>\n<li> Spalj\u00e9n erbjuder gott om plats f\u00f6r kl\u00e4tterv\u00e4xter eller h\u00e4ngande blomkorgar<\/li>\n<li> Fyra hjul p\u00e5 den h\u00f6ga s\u00e4ngen med spalj\u00e9 f\u00f6r enkel f\u00f6rflyttning, tv\u00e5 av dem med bromsar<\/li>\n<li> Tillverkad av massivt tr\u00e4, stabilt och h\u00e5llbart<\/li>\n<li> Ytan p\u00e5 den h\u00f6ga s\u00e4ngen f\u00f6r balkongen \u00e4r lackerad och idealisk f\u00f6r utomhusbruk<\/li>\n<li> Montering kr\u00e4vs<\/li>\n<\/ul>\n<p> Tekniska data:<\/p>\n<ul>\n<li> F\u00e4rg: Naturtr\u00e4<\/li>\n<li> Material: Grantr\u00e4<\/li>\n<li> Totala m\u00e5tt: 76L x 30B x 155H cm<\/li>\n<li> M\u00e5tt p\u00e5 planteringsl\u00e5da: 76L x 30B x 38H cm<\/li>\n<li> Inre m\u00e5tt p\u00e5 planteringsl\u00e5da: 74L x 28B x 35H cm<\/li>\n<li> M\u00e5tt p\u00e5 spalj\u00e9: 76L x 120H cm<\/li>\n<li> Belastningskapacitet: 40 kg (planteringsl\u00e5da), 5 kg (spalj\u00e9)<\/li>\n<\/ul>\n<p> Leverans inneh\u00e5ller:<\/p>\n<ul>\n<li>1 x h\u00f6g s\u00e4ng med spalj\u00e9<\/li>\n<li>1 x instruktioner<\/li>\n<\/ul>\n","protected":false},"excerpt":{"rendered":"<p>Med denna sofistikerade kombination av h\u00f6g s\u00e4ng och spalj\u00e9 fr\u00e5n [BRAND NAME] kan du erbjuda dina favoritv\u00e4xter ett dekorativt och&#8230;<\/p>\n","protected":false},"featured_media":99498,"template":"","meta":[],"product_brand":[],"product_cat":[924,858,443],"product_tag":[],"class_list":{"0":"post-99508","1":"product","2":"type-product","3":"status-publish","4":"has-post-thumbnail","6":"product_cat-plantkarl","7":"product_cat-tradgard-terrass","8":"product_cat-vaxthus-tradgardsskotsel","10":"first","11":"instock","12":"sale","13":"taxable","14":"shipping-taxable","15":"purchasable","16":"product-type-simple"},"yoast_head":"<!-- This site is optimized with the Yoast SEO plugin v25.4 - https:\/\/yoast.com\/wordpress\/plugins\/seo\/ -->\n<title>TRUUSK Planteringsl\u00e5da Med Spalj\u00e9 - Naturligt Tr\u00e4 - V\u00e4derbest\u00e4ndig Lack - 76 x 30 x 155 cm - 4 Hjul - TRUUSK - Hem, Tr\u00e4dg\u00e5rd &amp; Fritid<\/title>\n<meta name=\"robots\" content=\"index, follow, max-snippet:-1, max-image-preview:large, max-video-preview:-1\" \/>\n<link rel=\"canonical\" href=\"https:\/\/truusk.store\/sv\/produkt\/truusk-planteringslada-med-spalje-naturligt-tra-vaderbestandig-lack-76-x-30-x-155-cm-4-hjul\/\" \/>\n<meta property=\"og:locale\" content=\"sv_SE\" \/>\n<meta property=\"og:type\" content=\"article\" \/>\n<meta property=\"og:title\" content=\"TRUUSK Planteringsl\u00e5da Med Spalj\u00e9 - Naturligt Tr\u00e4 - V\u00e4derbest\u00e4ndig Lack - 76 x 30 x 155 cm - 4 Hjul - TRUUSK - Hem, Tr\u00e4dg\u00e5rd &amp; Fritid\" \/>\n<meta property=\"og:description\" content=\"Med denna sofistikerade kombination av h\u00f6g s\u00e4ng och spalj\u00e9 fr\u00e5n [BRAND NAME] kan du erbjuda dina favoritv\u00e4xter ett dekorativt och...\" \/>\n<meta property=\"og:url\" content=\"https:\/\/truusk.store\/sv\/produkt\/truusk-planteringslada-med-spalje-naturligt-tra-vaderbestandig-lack-76-x-30-x-155-cm-4-hjul\/\" \/>\n<meta property=\"og:site_name\" content=\"TRUUSK - Hem, Tr\u00e4dg\u00e5rd &amp; Fritid\" \/>\n<meta property=\"article:modified_time\" content=\"2026-03-12T08:28:14+00:00\" \/>\n<meta property=\"og:image\" content=\"https:\/\/i0.wp.com\/truusk.se\/wp-content\/uploads\/2026\/01\/planteringslada-med-spalje-4-hjul-naturligt-tra-vaderbestandig-lack-naturligt-tra-76-x-30-x-155-cm-1.webp?fit=2000%2C2000&ssl=1\" \/>\n\t<meta property=\"og:image:width\" content=\"2000\" \/>\n\t<meta property=\"og:image:height\" content=\"2000\" \/>\n\t<meta property=\"og:image:type\" content=\"image\/webp\" \/>\n<meta name=\"twitter:card\" content=\"summary_large_image\" \/>\n<meta name=\"twitter:label1\" content=\"Ber\u00e4knad l\u00e4stid\" \/>\n\t<meta name=\"twitter:data1\" content=\"1 minut\" \/>\n<!-- \/ Yoast SEO plugin. -->","yoast_head_json":{"title":"TRUUSK Planteringsl\u00e5da Med Spalj\u00e9 - Naturligt Tr\u00e4 - V\u00e4derbest\u00e4ndig Lack - 76 x 30 x 155 cm - 4 Hjul - TRUUSK - Hem, Tr\u00e4dg\u00e5rd &amp; Fritid","robots":{"index":"index","follow":"follow","max-snippet":"max-snippet:-1","max-image-preview":"max-image-preview:large","max-video-preview":"max-video-preview:-1"},"canonical":"https:\/\/truusk.store\/sv\/produkt\/truusk-planteringslada-med-spalje-naturligt-tra-vaderbestandig-lack-76-x-30-x-155-cm-4-hjul\/","og_locale":"sv_SE","og_type":"article","og_title":"TRUUSK Planteringsl\u00e5da Med Spalj\u00e9 - Naturligt Tr\u00e4 - V\u00e4derbest\u00e4ndig Lack - 76 x 30 x 155 cm - 4 Hjul - TRUUSK - Hem, Tr\u00e4dg\u00e5rd &amp; Fritid","og_description":"Med denna sofistikerade kombination av h\u00f6g s\u00e4ng och spalj\u00e9 fr\u00e5n [BRAND NAME] kan du erbjuda dina favoritv\u00e4xter ett dekorativt och...","og_url":"https:\/\/truusk.store\/sv\/produkt\/truusk-planteringslada-med-spalje-naturligt-tra-vaderbestandig-lack-76-x-30-x-155-cm-4-hjul\/","og_site_name":"TRUUSK - Hem, Tr\u00e4dg\u00e5rd &amp; Fritid","article_modified_time":"2026-03-12T08:28:14+00:00","og_image":[{"width":2000,"height":2000,"url":"https:\/\/i0.wp.com\/truusk.se\/wp-content\/uploads\/2026\/01\/planteringslada-med-spalje-4-hjul-naturligt-tra-vaderbestandig-lack-naturligt-tra-76-x-30-x-155-cm-1.webp?fit=2000%2C2000&ssl=1","type":"image\/webp"}],"twitter_card":"summary_large_image","twitter_misc":{"Ber\u00e4knad l\u00e4stid":"1 minut"},"schema":{"@context":"https:\/\/schema.org","@graph":[{"@type":"WebPage","@id":"https:\/\/truusk.store\/sv\/produkt\/truusk-planteringslada-med-spalje-naturligt-tra-vaderbestandig-lack-76-x-30-x-155-cm-4-hjul\/","url":"https:\/\/truusk.store\/sv\/produkt\/truusk-planteringslada-med-spalje-naturligt-tra-vaderbestandig-lack-76-x-30-x-155-cm-4-hjul\/","name":"TRUUSK Planteringsl\u00e5da Med Spalj\u00e9 - Naturligt Tr\u00e4 - V\u00e4derbest\u00e4ndig Lack - 76 x 30 x 155 cm - 4 Hjul - TRUUSK - Hem, Tr\u00e4dg\u00e5rd &amp; Fritid","isPartOf":{"@id":"https:\/\/truusk.store\/sv\/#website"},"primaryImageOfPage":{"@id":"https:\/\/truusk.store\/sv\/produkt\/truusk-planteringslada-med-spalje-naturligt-tra-vaderbestandig-lack-76-x-30-x-155-cm-4-hjul\/#primaryimage"},"image":{"@id":"https:\/\/truusk.store\/sv\/produkt\/truusk-planteringslada-med-spalje-naturligt-tra-vaderbestandig-lack-76-x-30-x-155-cm-4-hjul\/#primaryimage"},"thumbnailUrl":"https:\/\/i0.wp.com\/truusk.store\/wp-content\/uploads\/2026\/01\/planteringslada-med-spalje-4-hjul-naturligt-tra-vaderbestandig-lack-naturligt-tra-76-x-30-x-155-cm-1.webp?fit=2000%2C2000&ssl=1","datePublished":"2026-01-14T19:10:53+00:00","dateModified":"2026-03-12T08:28:14+00:00","breadcrumb":{"@id":"https:\/\/truusk.store\/sv\/produkt\/truusk-planteringslada-med-spalje-naturligt-tra-vaderbestandig-lack-76-x-30-x-155-cm-4-hjul\/#breadcrumb"},"inLanguage":"sv-SE","potentialAction":[{"@type":"ReadAction","target":["https:\/\/truusk.store\/sv\/produkt\/truusk-planteringslada-med-spalje-naturligt-tra-vaderbestandig-lack-76-x-30-x-155-cm-4-hjul\/"]}]},{"@type":"ImageObject","inLanguage":"sv-SE","@id":"https:\/\/truusk.store\/sv\/produkt\/truusk-planteringslada-med-spalje-naturligt-tra-vaderbestandig-lack-76-x-30-x-155-cm-4-hjul\/#primaryimage","url":"https:\/\/i0.wp.com\/truusk.store\/wp-content\/uploads\/2026\/01\/planteringslada-med-spalje-4-hjul-naturligt-tra-vaderbestandig-lack-naturligt-tra-76-x-30-x-155-cm-1.webp?fit=2000%2C2000&ssl=1","contentUrl":"https:\/\/i0.wp.com\/truusk.store\/wp-content\/uploads\/2026\/01\/planteringslada-med-spalje-4-hjul-naturligt-tra-vaderbestandig-lack-naturligt-tra-76-x-30-x-155-cm-1.webp?fit=2000%2C2000&ssl=1","width":2000,"height":2000},{"@type":"BreadcrumbList","@id":"https:\/\/truusk.store\/sv\/produkt\/truusk-planteringslada-med-spalje-naturligt-tra-vaderbestandig-lack-76-x-30-x-155-cm-4-hjul\/#breadcrumb","itemListElement":[{"@type":"ListItem","position":1,"name":"Home","item":"https:\/\/truusk.store\/sv\/"},{"@type":"ListItem","position":2,"name":"Shop","item":"https:\/\/truusk.store\/shop\/"},{"@type":"ListItem","position":3,"name":"TRUUSK Planteringsl\u00e5da Med Spalj\u00e9 &#8211; Naturligt Tr\u00e4 &#8211; V\u00e4derbest\u00e4ndig Lack &#8211; 76 x 30 x 155 cm &#8211; 4 Hjul"}]},{"@type":"WebSite","@id":"https:\/\/truusk.store\/sv\/#website","url":"https:\/\/truusk.store\/sv\/","name":"TRUUSK - Hem, Tr\u00e4dg\u00e5rd & Fritid","description":"","publisher":{"@id":"https:\/\/truusk.store\/sv\/#organization"},"potentialAction":[{"@type":"SearchAction","target":{"@type":"EntryPoint","urlTemplate":"https:\/\/truusk.store\/sv\/?s={search_term_string}"},"query-input":{"@type":"PropertyValueSpecification","valueRequired":true,"valueName":"search_term_string"}}],"inLanguage":"sv-SE"},{"@type":"Organization","@id":"https:\/\/truusk.store\/sv\/#organization","name":"TRUUSK - Hem, Tr\u00e4dg\u00e5rd & Fritid","url":"https:\/\/truusk.store\/sv\/","logo":{"@type":"ImageObject","inLanguage":"sv-SE","@id":"https:\/\/truusk.store\/sv\/#\/schema\/logo\/image\/","url":"https:\/\/i0.wp.com\/truusk.store\/wp-content\/uploads\/2026\/03\/cropped-TRUUSK.png?fit=2032%2C917&ssl=1","contentUrl":"https:\/\/i0.wp.com\/truusk.store\/wp-content\/uploads\/2026\/03\/cropped-TRUUSK.png?fit=2032%2C917&ssl=1","width":2032,"height":917,"caption":"TRUUSK - Hem, Tr\u00e4dg\u00e5rd & Fritid"},"image":{"@id":"https:\/\/truusk.store\/sv\/#\/schema\/logo\/image\/"}}]}},"jetpack_sharing_enabled":true,"_links":{"self":[{"href":"https:\/\/truusk.store\/sv\/wp-json\/wp\/v2\/product\/99508","targetHints":{"allow":["GET"]}}],"collection":[{"href":"https:\/\/truusk.store\/sv\/wp-json\/wp\/v2\/product"}],"about":[{"href":"https:\/\/truusk.store\/sv\/wp-json\/wp\/v2\/types\/product"}],"wp:featuredmedia":[{"embeddable":true,"href":"https:\/\/truusk.store\/sv\/wp-json\/wp\/v2\/media\/99498"}],"wp:attachment":[{"href":"https:\/\/truusk.store\/sv\/wp-json\/wp\/v2\/media?parent=99508"}],"wp:term":[{"taxonomy":"product_brand","embeddable":true,"href":"https:\/\/truusk.store\/sv\/wp-json\/wp\/v2\/product_brand?post=99508"},{"taxonomy":"product_cat","embeddable":true,"href":"https:\/\/truusk.store\/sv\/wp-json\/wp\/v2\/product_cat?post=99508"},{"taxonomy":"product_tag","embeddable":true,"href":"https:\/\/truusk.store\/sv\/wp-json\/wp\/v2\/product_tag?post=99508"}],"curies":[{"name":"wp","href":"https:\/\/api.w.org\/{rel}","templated":true}]}}