{"id":99527,"date":"2026-01-14T20:12:52","date_gmt":"2026-01-14T19:12:52","guid":{"rendered":"https:\/\/truusk.store\/product\/ersattnings-tak-till-paviljong-vaderbestandig-397-x-297-cm-khaki\/"},"modified":"2026-03-12T09:33:22","modified_gmt":"2026-03-12T08:33:22","slug":"truusk-vaderbestandig-ersattningstak-till-paviljong-397x297-cm-khaki","status":"publish","type":"product","link":"https:\/\/truusk.store\/sv\/produkt\/truusk-vaderbestandig-ersattningstak-till-paviljong-397x297-cm-khaki\/","title":{"rendered":"TRUUSK V\u00e4derbest\u00e4ndig Ers\u00e4ttningstak till Paviljong 397&#215;297 cm &#8211; Khaki"},"content":{"rendered":"<p>Med detta paviljongers\u00e4ttnings tak fr\u00e5n [BRAND NAME] kan du ge ditt paviljong nytt liv. Tillverkat av PA-belagd polyester skyddar detta paviljongers\u00e4ttnings tak din festplats mot UV-str\u00e5lar. Med ventilations\u00f6ppningar f\u00f6r b\u00e4ttre luftcirkulation under och f\u00f6r att h\u00e5lla din paviljong stabil i vinden. Paviljongers\u00e4ttnings taket har ocks\u00e5 regnavloppsh\u00e5l, s\u00e5 du beh\u00f6ver inte oroa dig f\u00f6r vattenansamlingar.<\/p>\n<p>Beskrivning:<\/p>\n<ul>\n<li> PASSAR ENDAST f\u00f6r 4 x 3 m paviljonger, [BRAND NAME] SKU 84C-116<\/li>\n<li> PA-belagd polyester, UV30+ skydd<\/li>\n<li> \u00d6vre ventilations\u00f6ppning i paviljongers\u00e4ttnings taket f\u00f6r luftcirkulation och vid bl\u00e5sigt v\u00e4der<\/li>\n<li> Inbyggda vattenavloppsh\u00e5l<\/li>\n<li> Remmar f\u00f6r enkel fasts\u00e4ttning och avtagning<\/li>\n<li> Tv\u00e5 personer kan montera detta paviljongers\u00e4ttnings tak p\u00e5 inom 10 minuter<\/li>\n<li> V\u00e4nligen kontrollera storlek och modell p\u00e5 din paviljong innan k\u00f6p<\/li>\n<li>detta paviljongtak kanske inte passar till din paviljong<\/li>\n<\/ul>\n<p> Tekniska data:<\/p>\n<ul>\n<li> F\u00e4rg: Khaki<\/li>\n<li> Material: Polyester<\/li>\n<li> Totala dimensioner: 397L x 297B cm<\/li>\n<li> Passar f\u00f6r 3 x 4m paviljonger<\/li>\n<\/ul>\n<p>Leveransinneh\u00e5ll:<\/p>\n<ul>\n<li> 1 x paviljongers\u00e4ttnings tak;<\/li>\n<\/ul>\n","protected":false},"excerpt":{"rendered":"<p>Med detta paviljongers\u00e4ttnings tak fr\u00e5n [BRAND NAME] kan du ge ditt paviljong nytt liv. Tillverkat av PA-belagd polyester skyddar detta&#8230;<\/p>\n","protected":false},"featured_media":99516,"template":"","meta":[],"product_brand":[],"product_cat":[479,858,476],"product_tag":[],"class_list":{"0":"post-99527","1":"product","2":"type-product","3":"status-publish","4":"has-post-thumbnail","6":"product_cat-paviljongtak","7":"product_cat-tradgard-terrass","8":"product_cat-tradgardspaviljonger","10":"first","11":"instock","12":"sale","13":"taxable","14":"shipping-taxable","15":"purchasable","16":"product-type-simple"},"yoast_head":"<!-- This site is optimized with the Yoast SEO plugin v25.4 - https:\/\/yoast.com\/wordpress\/plugins\/seo\/ -->\n<title>TRUUSK V\u00e4derbest\u00e4ndig Ers\u00e4ttningstak till Paviljong 397x297 cm - Khaki - TRUUSK - Hem, Tr\u00e4dg\u00e5rd &amp; Fritid<\/title>\n<meta name=\"robots\" content=\"index, follow, max-snippet:-1, max-image-preview:large, max-video-preview:-1\" \/>\n<link rel=\"canonical\" href=\"https:\/\/truusk.store\/sv\/produkt\/truusk-vaderbestandig-ersattningstak-till-paviljong-397x297-cm-khaki\/\" \/>\n<meta property=\"og:locale\" content=\"sv_SE\" \/>\n<meta property=\"og:type\" content=\"article\" \/>\n<meta property=\"og:title\" content=\"TRUUSK V\u00e4derbest\u00e4ndig Ers\u00e4ttningstak till Paviljong 397x297 cm - Khaki - TRUUSK - Hem, Tr\u00e4dg\u00e5rd &amp; Fritid\" \/>\n<meta property=\"og:description\" content=\"Med detta paviljongers\u00e4ttnings tak fr\u00e5n [BRAND NAME] kan du ge ditt paviljong nytt liv. Tillverkat av PA-belagd polyester skyddar detta...\" \/>\n<meta property=\"og:url\" content=\"https:\/\/truusk.store\/sv\/produkt\/truusk-vaderbestandig-ersattningstak-till-paviljong-397x297-cm-khaki\/\" \/>\n<meta property=\"og:site_name\" content=\"TRUUSK - Hem, Tr\u00e4dg\u00e5rd &amp; Fritid\" \/>\n<meta property=\"article:modified_time\" content=\"2026-03-12T08:33:22+00:00\" \/>\n<meta property=\"og:image\" content=\"https:\/\/i0.wp.com\/truusk.se\/wp-content\/uploads\/2026\/01\/ersattnings-tak-till-paviljong-vaderbestandig-397-x-297-cm-khaki-1.webp?fit=2000%2C2000&ssl=1\" \/>\n\t<meta property=\"og:image:width\" content=\"2000\" \/>\n\t<meta property=\"og:image:height\" content=\"2000\" \/>\n\t<meta property=\"og:image:type\" content=\"image\/webp\" \/>\n<meta name=\"twitter:card\" content=\"summary_large_image\" \/>\n<meta name=\"twitter:label1\" content=\"Ber\u00e4knad l\u00e4stid\" \/>\n\t<meta name=\"twitter:data1\" content=\"1 minut\" \/>\n<!-- \/ Yoast SEO plugin. -->","yoast_head_json":{"title":"TRUUSK V\u00e4derbest\u00e4ndig Ers\u00e4ttningstak till Paviljong 397x297 cm - Khaki - TRUUSK - Hem, Tr\u00e4dg\u00e5rd &amp; Fritid","robots":{"index":"index","follow":"follow","max-snippet":"max-snippet:-1","max-image-preview":"max-image-preview:large","max-video-preview":"max-video-preview:-1"},"canonical":"https:\/\/truusk.store\/sv\/produkt\/truusk-vaderbestandig-ersattningstak-till-paviljong-397x297-cm-khaki\/","og_locale":"sv_SE","og_type":"article","og_title":"TRUUSK V\u00e4derbest\u00e4ndig Ers\u00e4ttningstak till Paviljong 397x297 cm - Khaki - TRUUSK - Hem, Tr\u00e4dg\u00e5rd &amp; Fritid","og_description":"Med detta paviljongers\u00e4ttnings tak fr\u00e5n [BRAND NAME] kan du ge ditt paviljong nytt liv. Tillverkat av PA-belagd polyester skyddar detta...","og_url":"https:\/\/truusk.store\/sv\/produkt\/truusk-vaderbestandig-ersattningstak-till-paviljong-397x297-cm-khaki\/","og_site_name":"TRUUSK - Hem, Tr\u00e4dg\u00e5rd &amp; Fritid","article_modified_time":"2026-03-12T08:33:22+00:00","og_image":[{"width":2000,"height":2000,"url":"https:\/\/i0.wp.com\/truusk.se\/wp-content\/uploads\/2026\/01\/ersattnings-tak-till-paviljong-vaderbestandig-397-x-297-cm-khaki-1.webp?fit=2000%2C2000&ssl=1","type":"image\/webp"}],"twitter_card":"summary_large_image","twitter_misc":{"Ber\u00e4knad l\u00e4stid":"1 minut"},"schema":{"@context":"https:\/\/schema.org","@graph":[{"@type":"WebPage","@id":"https:\/\/truusk.store\/sv\/produkt\/truusk-vaderbestandig-ersattningstak-till-paviljong-397x297-cm-khaki\/","url":"https:\/\/truusk.store\/sv\/produkt\/truusk-vaderbestandig-ersattningstak-till-paviljong-397x297-cm-khaki\/","name":"TRUUSK V\u00e4derbest\u00e4ndig Ers\u00e4ttningstak till Paviljong 397x297 cm - Khaki - TRUUSK - Hem, Tr\u00e4dg\u00e5rd &amp; Fritid","isPartOf":{"@id":"https:\/\/truusk.store\/sv\/#website"},"primaryImageOfPage":{"@id":"https:\/\/truusk.store\/sv\/produkt\/truusk-vaderbestandig-ersattningstak-till-paviljong-397x297-cm-khaki\/#primaryimage"},"image":{"@id":"https:\/\/truusk.store\/sv\/produkt\/truusk-vaderbestandig-ersattningstak-till-paviljong-397x297-cm-khaki\/#primaryimage"},"thumbnailUrl":"https:\/\/i0.wp.com\/truusk.store\/wp-content\/uploads\/2026\/01\/ersattnings-tak-till-paviljong-vaderbestandig-397-x-297-cm-khaki-1.webp?fit=2000%2C2000&ssl=1","datePublished":"2026-01-14T19:12:52+00:00","dateModified":"2026-03-12T08:33:22+00:00","breadcrumb":{"@id":"https:\/\/truusk.store\/sv\/produkt\/truusk-vaderbestandig-ersattningstak-till-paviljong-397x297-cm-khaki\/#breadcrumb"},"inLanguage":"sv-SE","potentialAction":[{"@type":"ReadAction","target":["https:\/\/truusk.store\/sv\/produkt\/truusk-vaderbestandig-ersattningstak-till-paviljong-397x297-cm-khaki\/"]}]},{"@type":"ImageObject","inLanguage":"sv-SE","@id":"https:\/\/truusk.store\/sv\/produkt\/truusk-vaderbestandig-ersattningstak-till-paviljong-397x297-cm-khaki\/#primaryimage","url":"https:\/\/i0.wp.com\/truusk.store\/wp-content\/uploads\/2026\/01\/ersattnings-tak-till-paviljong-vaderbestandig-397-x-297-cm-khaki-1.webp?fit=2000%2C2000&ssl=1","contentUrl":"https:\/\/i0.wp.com\/truusk.store\/wp-content\/uploads\/2026\/01\/ersattnings-tak-till-paviljong-vaderbestandig-397-x-297-cm-khaki-1.webp?fit=2000%2C2000&ssl=1","width":2000,"height":2000},{"@type":"BreadcrumbList","@id":"https:\/\/truusk.store\/sv\/produkt\/truusk-vaderbestandig-ersattningstak-till-paviljong-397x297-cm-khaki\/#breadcrumb","itemListElement":[{"@type":"ListItem","position":1,"name":"Home","item":"https:\/\/truusk.store\/sv\/"},{"@type":"ListItem","position":2,"name":"Shop","item":"https:\/\/truusk.store\/shop\/"},{"@type":"ListItem","position":3,"name":"TRUUSK V\u00e4derbest\u00e4ndig Ers\u00e4ttningstak till Paviljong 397&#215;297 cm &#8211; Khaki"}]},{"@type":"WebSite","@id":"https:\/\/truusk.store\/sv\/#website","url":"https:\/\/truusk.store\/sv\/","name":"TRUUSK - Hem, Tr\u00e4dg\u00e5rd & Fritid","description":"","publisher":{"@id":"https:\/\/truusk.store\/sv\/#organization"},"potentialAction":[{"@type":"SearchAction","target":{"@type":"EntryPoint","urlTemplate":"https:\/\/truusk.store\/sv\/?s={search_term_string}"},"query-input":{"@type":"PropertyValueSpecification","valueRequired":true,"valueName":"search_term_string"}}],"inLanguage":"sv-SE"},{"@type":"Organization","@id":"https:\/\/truusk.store\/sv\/#organization","name":"TRUUSK - Hem, Tr\u00e4dg\u00e5rd & Fritid","url":"https:\/\/truusk.store\/sv\/","logo":{"@type":"ImageObject","inLanguage":"sv-SE","@id":"https:\/\/truusk.store\/sv\/#\/schema\/logo\/image\/","url":"https:\/\/i0.wp.com\/truusk.store\/wp-content\/uploads\/2026\/03\/cropped-TRUUSK.png?fit=2032%2C917&ssl=1","contentUrl":"https:\/\/i0.wp.com\/truusk.store\/wp-content\/uploads\/2026\/03\/cropped-TRUUSK.png?fit=2032%2C917&ssl=1","width":2032,"height":917,"caption":"TRUUSK - Hem, Tr\u00e4dg\u00e5rd & Fritid"},"image":{"@id":"https:\/\/truusk.store\/sv\/#\/schema\/logo\/image\/"}}]}},"jetpack_sharing_enabled":true,"_links":{"self":[{"href":"https:\/\/truusk.store\/sv\/wp-json\/wp\/v2\/product\/99527","targetHints":{"allow":["GET"]}}],"collection":[{"href":"https:\/\/truusk.store\/sv\/wp-json\/wp\/v2\/product"}],"about":[{"href":"https:\/\/truusk.store\/sv\/wp-json\/wp\/v2\/types\/product"}],"wp:featuredmedia":[{"embeddable":true,"href":"https:\/\/truusk.store\/sv\/wp-json\/wp\/v2\/media\/99516"}],"wp:attachment":[{"href":"https:\/\/truusk.store\/sv\/wp-json\/wp\/v2\/media?parent=99527"}],"wp:term":[{"taxonomy":"product_brand","embeddable":true,"href":"https:\/\/truusk.store\/sv\/wp-json\/wp\/v2\/product_brand?post=99527"},{"taxonomy":"product_cat","embeddable":true,"href":"https:\/\/truusk.store\/sv\/wp-json\/wp\/v2\/product_cat?post=99527"},{"taxonomy":"product_tag","embeddable":true,"href":"https:\/\/truusk.store\/sv\/wp-json\/wp\/v2\/product_tag?post=99527"}],"curies":[{"name":"wp","href":"https:\/\/api.w.org\/{rel}","templated":true}]}}