{"id":99537,"date":"2026-01-15T04:22:53","date_gmt":"2026-01-15T03:22:53","guid":{"rendered":"https:\/\/truusk.store\/product\/paviljongersattningstak-3-x-4-m-ersattningsplan-med-vattenavloppshal-polyester-solskydd-upf30-kramvit\/"},"modified":"2026-03-12T09:46:29","modified_gmt":"2026-03-12T08:46:29","slug":"truusk-paviljongtak-3x4m-vattenavloppshal-polyester-uv-skydd-upf30-kramvit","status":"publish","type":"product","link":"https:\/\/truusk.store\/sv\/produkt\/truusk-paviljongtak-3x4m-vattenavloppshal-polyester-uv-skydd-upf30-kramvit\/","title":{"rendered":"TRUUSK Paviljongtak 3x4m &#8211; Vattenavloppsh\u00e5l &#8211; Polyester &#8211; UV-skydd UPF30+ &#8211; Kr\u00e4mvit"},"content":{"rendered":"<p>Ge ditt paviljong nytt liv med [BRAND NAME] paviljongers\u00e4ttnings tak. Tillverkat av robust polyester, skyddar det mot solstr\u00e5lar. Det tv\u00e5stegs paviljongtaket fr\u00e4mjar effektiv luftcirkulation och stabiliserar paviljongen i vinden. Tack vare regnavloppsh\u00e5len i paviljongtaket samlas inte mycket vatten. Njut av de varma dagarna utomhus i behaglig skugga.<\/p>\n<p>Beskrivning:<\/p>\n<ul>\n<li> Passar endast till 3 x 4 m paviljonger. Var god och titta noga p\u00e5 m\u00e5lbilden av paviljongers\u00e4ttningstaket och m\u00e4t ditt paviljongram f\u00f6r att s\u00e4kerst\u00e4lla en bra passform<\/li>\n<li> Belagt polyestertyg av paviljongers\u00e4ttningstaket \u00e4r tjockt och robust, erbjuder UPF30+ skydd<\/li>\n<li> Remmar och h\u00f6rnfickor f\u00f6r enkel p\u00e5s\u00e4ttning och avtagning<\/li>\n<li> Vattenavloppsh\u00e5l i paviljongtaket f\u00f6r regn<\/li>\n<li> Det finns ett n\u00e4t i tak\u00f6ppningarna f\u00f6r att h\u00e5lla insekter borta<\/li>\n<li> Tv\u00e5 personer kan montera det inom 5 minuter<\/li>\n<\/ul>\n<p> Tekniska data:<\/p>\n<ul>\n<li> F\u00e4rg: Kr\u00e4mvit<\/li>\n<li> Material: 370g Oxford-tyg<\/li>\n<li> Totala dimensioner: 400L x 300B cm<\/li>\n<li> Passar f\u00f6r 3 x 4 m paviljonger<\/li>\n<\/ul>\n<p>Leveransinneh\u00e5ll:<\/p>\n<ul>\n<li> 1 x ers\u00e4ttningstak f\u00f6r paviljong;<\/li>\n<\/ul>\n","protected":false},"excerpt":{"rendered":"<p>Ge ditt paviljong nytt liv med [BRAND NAME] paviljongers\u00e4ttnings tak. Tillverkat av robust polyester, skyddar det mot solstr\u00e5lar. Det tv\u00e5stegs&#8230;<\/p>\n","protected":false},"featured_media":99528,"template":"","meta":[],"product_brand":[],"product_cat":[479,858,476],"product_tag":[],"class_list":{"0":"post-99537","1":"product","2":"type-product","3":"status-publish","4":"has-post-thumbnail","6":"product_cat-paviljongtak","7":"product_cat-tradgard-terrass","8":"product_cat-tradgardspaviljonger","10":"first","11":"instock","12":"sale","13":"taxable","14":"shipping-taxable","15":"purchasable","16":"product-type-simple"},"yoast_head":"<!-- This site is optimized with the Yoast SEO plugin v25.4 - https:\/\/yoast.com\/wordpress\/plugins\/seo\/ -->\n<title>TRUUSK Paviljongtak 3x4m - Vattenavloppsh\u00e5l - Polyester - UV-skydd UPF30+ - Kr\u00e4mvit - TRUUSK - Hem, Tr\u00e4dg\u00e5rd &amp; Fritid<\/title>\n<meta name=\"robots\" content=\"index, follow, max-snippet:-1, max-image-preview:large, max-video-preview:-1\" \/>\n<link rel=\"canonical\" href=\"https:\/\/truusk.store\/sv\/produkt\/truusk-paviljongtak-3x4m-vattenavloppshal-polyester-uv-skydd-upf30-kramvit\/\" \/>\n<meta property=\"og:locale\" content=\"sv_SE\" \/>\n<meta property=\"og:type\" content=\"article\" \/>\n<meta property=\"og:title\" content=\"TRUUSK Paviljongtak 3x4m - Vattenavloppsh\u00e5l - Polyester - UV-skydd UPF30+ - Kr\u00e4mvit - TRUUSK - Hem, Tr\u00e4dg\u00e5rd &amp; Fritid\" \/>\n<meta property=\"og:description\" content=\"Ge ditt paviljong nytt liv med [BRAND NAME] paviljongers\u00e4ttnings tak. Tillverkat av robust polyester, skyddar det mot solstr\u00e5lar. Det tv\u00e5stegs...\" \/>\n<meta property=\"og:url\" content=\"https:\/\/truusk.store\/sv\/produkt\/truusk-paviljongtak-3x4m-vattenavloppshal-polyester-uv-skydd-upf30-kramvit\/\" \/>\n<meta property=\"og:site_name\" content=\"TRUUSK - Hem, Tr\u00e4dg\u00e5rd &amp; Fritid\" \/>\n<meta property=\"article:modified_time\" content=\"2026-03-12T08:46:29+00:00\" \/>\n<meta property=\"og:image\" content=\"https:\/\/i0.wp.com\/truusk.se\/wp-content\/uploads\/2026\/01\/paviljongersattningstak-3-x-4-m-ersattningsplan-med-vattenavloppshal-polyester-solskydd-upf30-kramvit-1.webp?fit=2000%2C2000&ssl=1\" \/>\n\t<meta property=\"og:image:width\" content=\"2000\" \/>\n\t<meta property=\"og:image:height\" content=\"2000\" \/>\n\t<meta property=\"og:image:type\" content=\"image\/webp\" \/>\n<meta name=\"twitter:card\" content=\"summary_large_image\" \/>\n<meta name=\"twitter:label1\" content=\"Ber\u00e4knad l\u00e4stid\" \/>\n\t<meta name=\"twitter:data1\" content=\"1 minut\" \/>\n<!-- \/ Yoast SEO plugin. -->","yoast_head_json":{"title":"TRUUSK Paviljongtak 3x4m - Vattenavloppsh\u00e5l - Polyester - UV-skydd UPF30+ - Kr\u00e4mvit - TRUUSK - Hem, Tr\u00e4dg\u00e5rd &amp; Fritid","robots":{"index":"index","follow":"follow","max-snippet":"max-snippet:-1","max-image-preview":"max-image-preview:large","max-video-preview":"max-video-preview:-1"},"canonical":"https:\/\/truusk.store\/sv\/produkt\/truusk-paviljongtak-3x4m-vattenavloppshal-polyester-uv-skydd-upf30-kramvit\/","og_locale":"sv_SE","og_type":"article","og_title":"TRUUSK Paviljongtak 3x4m - Vattenavloppsh\u00e5l - Polyester - UV-skydd UPF30+ - Kr\u00e4mvit - TRUUSK - Hem, Tr\u00e4dg\u00e5rd &amp; Fritid","og_description":"Ge ditt paviljong nytt liv med [BRAND NAME] paviljongers\u00e4ttnings tak. Tillverkat av robust polyester, skyddar det mot solstr\u00e5lar. Det tv\u00e5stegs...","og_url":"https:\/\/truusk.store\/sv\/produkt\/truusk-paviljongtak-3x4m-vattenavloppshal-polyester-uv-skydd-upf30-kramvit\/","og_site_name":"TRUUSK - Hem, Tr\u00e4dg\u00e5rd &amp; Fritid","article_modified_time":"2026-03-12T08:46:29+00:00","og_image":[{"width":2000,"height":2000,"url":"https:\/\/i0.wp.com\/truusk.se\/wp-content\/uploads\/2026\/01\/paviljongersattningstak-3-x-4-m-ersattningsplan-med-vattenavloppshal-polyester-solskydd-upf30-kramvit-1.webp?fit=2000%2C2000&ssl=1","type":"image\/webp"}],"twitter_card":"summary_large_image","twitter_misc":{"Ber\u00e4knad l\u00e4stid":"1 minut"},"schema":{"@context":"https:\/\/schema.org","@graph":[{"@type":"WebPage","@id":"https:\/\/truusk.store\/sv\/produkt\/truusk-paviljongtak-3x4m-vattenavloppshal-polyester-uv-skydd-upf30-kramvit\/","url":"https:\/\/truusk.store\/sv\/produkt\/truusk-paviljongtak-3x4m-vattenavloppshal-polyester-uv-skydd-upf30-kramvit\/","name":"TRUUSK Paviljongtak 3x4m - Vattenavloppsh\u00e5l - Polyester - UV-skydd UPF30+ - Kr\u00e4mvit - TRUUSK - Hem, Tr\u00e4dg\u00e5rd &amp; Fritid","isPartOf":{"@id":"https:\/\/truusk.store\/sv\/#website"},"primaryImageOfPage":{"@id":"https:\/\/truusk.store\/sv\/produkt\/truusk-paviljongtak-3x4m-vattenavloppshal-polyester-uv-skydd-upf30-kramvit\/#primaryimage"},"image":{"@id":"https:\/\/truusk.store\/sv\/produkt\/truusk-paviljongtak-3x4m-vattenavloppshal-polyester-uv-skydd-upf30-kramvit\/#primaryimage"},"thumbnailUrl":"https:\/\/i0.wp.com\/truusk.store\/wp-content\/uploads\/2026\/01\/paviljongersattningstak-3-x-4-m-ersattningsplan-med-vattenavloppshal-polyester-solskydd-upf30-kramvit-1.webp?fit=2000%2C2000&ssl=1","datePublished":"2026-01-15T03:22:53+00:00","dateModified":"2026-03-12T08:46:29+00:00","breadcrumb":{"@id":"https:\/\/truusk.store\/sv\/produkt\/truusk-paviljongtak-3x4m-vattenavloppshal-polyester-uv-skydd-upf30-kramvit\/#breadcrumb"},"inLanguage":"sv-SE","potentialAction":[{"@type":"ReadAction","target":["https:\/\/truusk.store\/sv\/produkt\/truusk-paviljongtak-3x4m-vattenavloppshal-polyester-uv-skydd-upf30-kramvit\/"]}]},{"@type":"ImageObject","inLanguage":"sv-SE","@id":"https:\/\/truusk.store\/sv\/produkt\/truusk-paviljongtak-3x4m-vattenavloppshal-polyester-uv-skydd-upf30-kramvit\/#primaryimage","url":"https:\/\/i0.wp.com\/truusk.store\/wp-content\/uploads\/2026\/01\/paviljongersattningstak-3-x-4-m-ersattningsplan-med-vattenavloppshal-polyester-solskydd-upf30-kramvit-1.webp?fit=2000%2C2000&ssl=1","contentUrl":"https:\/\/i0.wp.com\/truusk.store\/wp-content\/uploads\/2026\/01\/paviljongersattningstak-3-x-4-m-ersattningsplan-med-vattenavloppshal-polyester-solskydd-upf30-kramvit-1.webp?fit=2000%2C2000&ssl=1","width":2000,"height":2000},{"@type":"BreadcrumbList","@id":"https:\/\/truusk.store\/sv\/produkt\/truusk-paviljongtak-3x4m-vattenavloppshal-polyester-uv-skydd-upf30-kramvit\/#breadcrumb","itemListElement":[{"@type":"ListItem","position":1,"name":"Home","item":"https:\/\/truusk.store\/sv\/"},{"@type":"ListItem","position":2,"name":"Shop","item":"https:\/\/truusk.store\/shop\/"},{"@type":"ListItem","position":3,"name":"TRUUSK Paviljongtak 3x4m &#8211; Vattenavloppsh\u00e5l &#8211; Polyester &#8211; UV-skydd UPF30+ &#8211; Kr\u00e4mvit"}]},{"@type":"WebSite","@id":"https:\/\/truusk.store\/sv\/#website","url":"https:\/\/truusk.store\/sv\/","name":"TRUUSK - Hem, Tr\u00e4dg\u00e5rd & Fritid","description":"","publisher":{"@id":"https:\/\/truusk.store\/sv\/#organization"},"potentialAction":[{"@type":"SearchAction","target":{"@type":"EntryPoint","urlTemplate":"https:\/\/truusk.store\/sv\/?s={search_term_string}"},"query-input":{"@type":"PropertyValueSpecification","valueRequired":true,"valueName":"search_term_string"}}],"inLanguage":"sv-SE"},{"@type":"Organization","@id":"https:\/\/truusk.store\/sv\/#organization","name":"TRUUSK - Hem, Tr\u00e4dg\u00e5rd & Fritid","url":"https:\/\/truusk.store\/sv\/","logo":{"@type":"ImageObject","inLanguage":"sv-SE","@id":"https:\/\/truusk.store\/sv\/#\/schema\/logo\/image\/","url":"https:\/\/i0.wp.com\/truusk.store\/wp-content\/uploads\/2026\/03\/cropped-TRUUSK.png?fit=2032%2C917&ssl=1","contentUrl":"https:\/\/i0.wp.com\/truusk.store\/wp-content\/uploads\/2026\/03\/cropped-TRUUSK.png?fit=2032%2C917&ssl=1","width":2032,"height":917,"caption":"TRUUSK - Hem, Tr\u00e4dg\u00e5rd & Fritid"},"image":{"@id":"https:\/\/truusk.store\/sv\/#\/schema\/logo\/image\/"}}]}},"jetpack_sharing_enabled":true,"_links":{"self":[{"href":"https:\/\/truusk.store\/sv\/wp-json\/wp\/v2\/product\/99537","targetHints":{"allow":["GET"]}}],"collection":[{"href":"https:\/\/truusk.store\/sv\/wp-json\/wp\/v2\/product"}],"about":[{"href":"https:\/\/truusk.store\/sv\/wp-json\/wp\/v2\/types\/product"}],"wp:featuredmedia":[{"embeddable":true,"href":"https:\/\/truusk.store\/sv\/wp-json\/wp\/v2\/media\/99528"}],"wp:attachment":[{"href":"https:\/\/truusk.store\/sv\/wp-json\/wp\/v2\/media?parent=99537"}],"wp:term":[{"taxonomy":"product_brand","embeddable":true,"href":"https:\/\/truusk.store\/sv\/wp-json\/wp\/v2\/product_brand?post=99537"},{"taxonomy":"product_cat","embeddable":true,"href":"https:\/\/truusk.store\/sv\/wp-json\/wp\/v2\/product_cat?post=99537"},{"taxonomy":"product_tag","embeddable":true,"href":"https:\/\/truusk.store\/sv\/wp-json\/wp\/v2\/product_tag?post=99537"}],"curies":[{"name":"wp","href":"https:\/\/api.w.org\/{rel}","templated":true}]}}