{"id":99547,"date":"2026-01-15T11:45:07","date_gmt":"2026-01-15T10:45:07","guid":{"rendered":"https:\/\/truusk.store\/product\/picknick-hopfallbart-bord-hopfallbart-bord-hojdjusterbart-campingbord-inkl-barvaska-aluminium-silver-120-x-69-x-59-78-cm\/"},"modified":"2026-03-12T08:56:05","modified_gmt":"2026-03-12T07:56:05","slug":"truusk-hopfallbart-picknickbord-justerbar-hojd-aluminium-inkl-barvaska-silver-120-x-69-x-59-78-cm","status":"publish","type":"product","link":"https:\/\/truusk.store\/sv\/produkt\/truusk-hopfallbart-picknickbord-justerbar-hojd-aluminium-inkl-barvaska-silver-120-x-69-x-59-78-cm\/","title":{"rendered":"TRUUSK Hopf\u00e4llbart Picknickbord &#8211; Justerbar H\u00f6jd &#8211; Aluminium &#8211; Inkl. B\u00e4rv\u00e4ska &#8211; Silver &#8211; 120 x 69 x 59-78 cm"},"content":{"rendered":"<p>Oavsett om det \u00e4r picknick eller grillning, \u00e4r det inga problem med v\u00e5rt l\u00e4tt b\u00e4rbara hopf\u00e4llbara bord. Den justerbara h\u00f6jden anpassar sig efter dina \u00f6nskem\u00e5l och bordsskivan erbjuder tillr\u00e4ckligt med utrymme f\u00f6r drycker och mat. N\u00e4tet som \u00e4r sp\u00e4nt under plattan erbjuder dessutom extra f\u00f6rvaringsutrymme. Njut av din n\u00e4sta utflykt med detta enkla hopf\u00e4llbara bord.<\/p>\n<p>Beskrivning:<\/p>\n<ul>\n<li> Idealisk f\u00f6r picknick, fester eller camping<\/li>\n<li> Tillr\u00e4ckligt med utrymme f\u00f6r 4 personer<\/li>\n<li> Den l\u00e4tta men stabila aluminiumramen ger bordet stabilitet<\/li>\n<li> H\u00f6jden kan justeras f\u00f6r dina behov<\/li>\n<li> Avtagbart n\u00e4t f\u00f6r f\u00f6rvaring<\/li>\n<li> L\u00e4tt hopf\u00e4llbart bord inkl. b\u00e4rv\u00e4ska<\/li>\n<li> Anti-glidben f\u00f6r extra stabilitet<\/li>\n<li> Monteringen kr\u00e4vs<\/li>\n<\/ul>\n<p> Tekniska data:<\/p>\n<ul>\n<li> Material: Aluminium, n\u00e4ttyg<\/li>\n<li> M\u00e5tt: L120 x B69 x H59-78 cm<\/li>\n<li> M\u00e5tt (bordsskiva): L120 x B69 x D1 cm<\/li>\n<li> M\u00e5tt (hopf\u00e4llt): L121 x B17 x H11 cm<\/li>\n<li> Nettovikt: 6,5 kg<\/li>\n<li> Belastningskapacitet: 40 kg (bordsskiva), 3 kg (n\u00e4t)<\/li>\n<li> F\u00e4rg: Silver<\/li>\n<\/ul>\n<p>Leveransinneh\u00e5ll:<\/p>\n<ul>\n<li> 1 x Hopf\u00e4llbart bord<\/li>\n<li> 1 x B\u00e4rv\u00e4ska<\/li>\n<li> 1 x Bruksanvisning<\/li>\n<\/ul>\n","protected":false},"excerpt":{"rendered":"<p>Oavsett om det \u00e4r picknick eller grillning, \u00e4r det inga problem med v\u00e5rt l\u00e4tt b\u00e4rbara hopf\u00e4llbara bord. Den justerbara h\u00f6jden&#8230;<\/p>\n","protected":false},"featured_media":99538,"template":"","meta":[],"product_brand":[],"product_cat":[648,649,647],"product_tag":[],"class_list":{"0":"post-99547","1":"product","2":"type-product","3":"status-publish","4":"has-post-thumbnail","6":"product_cat-camping-tillbehor","7":"product_cat-campingbord","8":"product_cat-sport-fritid","10":"first","11":"instock","12":"sale","13":"taxable","14":"shipping-taxable","15":"purchasable","16":"product-type-simple"},"yoast_head":"<!-- This site is optimized with the Yoast SEO plugin v25.4 - https:\/\/yoast.com\/wordpress\/plugins\/seo\/ -->\n<title>TRUUSK Hopf\u00e4llbart Picknickbord - Justerbar H\u00f6jd - Aluminium - Inkl. B\u00e4rv\u00e4ska - Silver - 120 x 69 x 59-78 cm - TRUUSK - Hem, Tr\u00e4dg\u00e5rd &amp; Fritid<\/title>\n<meta name=\"robots\" content=\"index, follow, max-snippet:-1, max-image-preview:large, max-video-preview:-1\" \/>\n<link rel=\"canonical\" href=\"https:\/\/truusk.store\/sv\/produkt\/truusk-hopfallbart-picknickbord-justerbar-hojd-aluminium-inkl-barvaska-silver-120-x-69-x-59-78-cm\/\" \/>\n<meta property=\"og:locale\" content=\"sv_SE\" \/>\n<meta property=\"og:type\" content=\"article\" \/>\n<meta property=\"og:title\" content=\"TRUUSK Hopf\u00e4llbart Picknickbord - Justerbar H\u00f6jd - Aluminium - Inkl. B\u00e4rv\u00e4ska - Silver - 120 x 69 x 59-78 cm - TRUUSK - Hem, Tr\u00e4dg\u00e5rd &amp; Fritid\" \/>\n<meta property=\"og:description\" content=\"Oavsett om det \u00e4r picknick eller grillning, \u00e4r det inga problem med v\u00e5rt l\u00e4tt b\u00e4rbara hopf\u00e4llbara bord. Den justerbara h\u00f6jden...\" \/>\n<meta property=\"og:url\" content=\"https:\/\/truusk.store\/sv\/produkt\/truusk-hopfallbart-picknickbord-justerbar-hojd-aluminium-inkl-barvaska-silver-120-x-69-x-59-78-cm\/\" \/>\n<meta property=\"og:site_name\" content=\"TRUUSK - Hem, Tr\u00e4dg\u00e5rd &amp; Fritid\" \/>\n<meta property=\"article:modified_time\" content=\"2026-03-12T07:56:05+00:00\" \/>\n<meta property=\"og:image\" content=\"https:\/\/i0.wp.com\/truusk.se\/wp-content\/uploads\/2026\/01\/picknick-hopfallbart-bord-hopfallbart-bord-hojdjusterbart-campingbord-inkl-barvaska-aluminium-silver-120-x-69-x-59-78-cm-1.webp?fit=1600%2C1600&ssl=1\" \/>\n\t<meta property=\"og:image:width\" content=\"1600\" \/>\n\t<meta property=\"og:image:height\" content=\"1600\" \/>\n\t<meta property=\"og:image:type\" content=\"image\/webp\" \/>\n<meta name=\"twitter:card\" content=\"summary_large_image\" \/>\n<meta name=\"twitter:label1\" content=\"Ber\u00e4knad l\u00e4stid\" \/>\n\t<meta name=\"twitter:data1\" content=\"1 minut\" \/>\n<!-- \/ Yoast SEO plugin. -->","yoast_head_json":{"title":"TRUUSK Hopf\u00e4llbart Picknickbord - Justerbar H\u00f6jd - Aluminium - Inkl. B\u00e4rv\u00e4ska - Silver - 120 x 69 x 59-78 cm - TRUUSK - Hem, Tr\u00e4dg\u00e5rd &amp; Fritid","robots":{"index":"index","follow":"follow","max-snippet":"max-snippet:-1","max-image-preview":"max-image-preview:large","max-video-preview":"max-video-preview:-1"},"canonical":"https:\/\/truusk.store\/sv\/produkt\/truusk-hopfallbart-picknickbord-justerbar-hojd-aluminium-inkl-barvaska-silver-120-x-69-x-59-78-cm\/","og_locale":"sv_SE","og_type":"article","og_title":"TRUUSK Hopf\u00e4llbart Picknickbord - Justerbar H\u00f6jd - Aluminium - Inkl. B\u00e4rv\u00e4ska - Silver - 120 x 69 x 59-78 cm - TRUUSK - Hem, Tr\u00e4dg\u00e5rd &amp; Fritid","og_description":"Oavsett om det \u00e4r picknick eller grillning, \u00e4r det inga problem med v\u00e5rt l\u00e4tt b\u00e4rbara hopf\u00e4llbara bord. Den justerbara h\u00f6jden...","og_url":"https:\/\/truusk.store\/sv\/produkt\/truusk-hopfallbart-picknickbord-justerbar-hojd-aluminium-inkl-barvaska-silver-120-x-69-x-59-78-cm\/","og_site_name":"TRUUSK - Hem, Tr\u00e4dg\u00e5rd &amp; Fritid","article_modified_time":"2026-03-12T07:56:05+00:00","og_image":[{"width":1600,"height":1600,"url":"https:\/\/i0.wp.com\/truusk.se\/wp-content\/uploads\/2026\/01\/picknick-hopfallbart-bord-hopfallbart-bord-hojdjusterbart-campingbord-inkl-barvaska-aluminium-silver-120-x-69-x-59-78-cm-1.webp?fit=1600%2C1600&ssl=1","type":"image\/webp"}],"twitter_card":"summary_large_image","twitter_misc":{"Ber\u00e4knad l\u00e4stid":"1 minut"},"schema":{"@context":"https:\/\/schema.org","@graph":[{"@type":"WebPage","@id":"https:\/\/truusk.store\/sv\/produkt\/truusk-hopfallbart-picknickbord-justerbar-hojd-aluminium-inkl-barvaska-silver-120-x-69-x-59-78-cm\/","url":"https:\/\/truusk.store\/sv\/produkt\/truusk-hopfallbart-picknickbord-justerbar-hojd-aluminium-inkl-barvaska-silver-120-x-69-x-59-78-cm\/","name":"TRUUSK Hopf\u00e4llbart Picknickbord - Justerbar H\u00f6jd - Aluminium - Inkl. B\u00e4rv\u00e4ska - Silver - 120 x 69 x 59-78 cm - TRUUSK - Hem, Tr\u00e4dg\u00e5rd &amp; Fritid","isPartOf":{"@id":"https:\/\/truusk.store\/sv\/#website"},"primaryImageOfPage":{"@id":"https:\/\/truusk.store\/sv\/produkt\/truusk-hopfallbart-picknickbord-justerbar-hojd-aluminium-inkl-barvaska-silver-120-x-69-x-59-78-cm\/#primaryimage"},"image":{"@id":"https:\/\/truusk.store\/sv\/produkt\/truusk-hopfallbart-picknickbord-justerbar-hojd-aluminium-inkl-barvaska-silver-120-x-69-x-59-78-cm\/#primaryimage"},"thumbnailUrl":"https:\/\/i0.wp.com\/truusk.store\/wp-content\/uploads\/2026\/01\/picknick-hopfallbart-bord-hopfallbart-bord-hojdjusterbart-campingbord-inkl-barvaska-aluminium-silver-120-x-69-x-59-78-cm-1.webp?fit=1600%2C1600&ssl=1","datePublished":"2026-01-15T10:45:07+00:00","dateModified":"2026-03-12T07:56:05+00:00","breadcrumb":{"@id":"https:\/\/truusk.store\/sv\/produkt\/truusk-hopfallbart-picknickbord-justerbar-hojd-aluminium-inkl-barvaska-silver-120-x-69-x-59-78-cm\/#breadcrumb"},"inLanguage":"sv-SE","potentialAction":[{"@type":"ReadAction","target":["https:\/\/truusk.store\/sv\/produkt\/truusk-hopfallbart-picknickbord-justerbar-hojd-aluminium-inkl-barvaska-silver-120-x-69-x-59-78-cm\/"]}]},{"@type":"ImageObject","inLanguage":"sv-SE","@id":"https:\/\/truusk.store\/sv\/produkt\/truusk-hopfallbart-picknickbord-justerbar-hojd-aluminium-inkl-barvaska-silver-120-x-69-x-59-78-cm\/#primaryimage","url":"https:\/\/i0.wp.com\/truusk.store\/wp-content\/uploads\/2026\/01\/picknick-hopfallbart-bord-hopfallbart-bord-hojdjusterbart-campingbord-inkl-barvaska-aluminium-silver-120-x-69-x-59-78-cm-1.webp?fit=1600%2C1600&ssl=1","contentUrl":"https:\/\/i0.wp.com\/truusk.store\/wp-content\/uploads\/2026\/01\/picknick-hopfallbart-bord-hopfallbart-bord-hojdjusterbart-campingbord-inkl-barvaska-aluminium-silver-120-x-69-x-59-78-cm-1.webp?fit=1600%2C1600&ssl=1","width":1600,"height":1600},{"@type":"BreadcrumbList","@id":"https:\/\/truusk.store\/sv\/produkt\/truusk-hopfallbart-picknickbord-justerbar-hojd-aluminium-inkl-barvaska-silver-120-x-69-x-59-78-cm\/#breadcrumb","itemListElement":[{"@type":"ListItem","position":1,"name":"Home","item":"https:\/\/truusk.store\/sv\/"},{"@type":"ListItem","position":2,"name":"Shop","item":"https:\/\/truusk.store\/shop\/"},{"@type":"ListItem","position":3,"name":"TRUUSK Hopf\u00e4llbart Picknickbord &#8211; Justerbar H\u00f6jd &#8211; Aluminium &#8211; Inkl. B\u00e4rv\u00e4ska &#8211; Silver &#8211; 120 x 69 x 59-78 cm"}]},{"@type":"WebSite","@id":"https:\/\/truusk.store\/sv\/#website","url":"https:\/\/truusk.store\/sv\/","name":"TRUUSK - Hem, Tr\u00e4dg\u00e5rd & Fritid","description":"","publisher":{"@id":"https:\/\/truusk.store\/sv\/#organization"},"potentialAction":[{"@type":"SearchAction","target":{"@type":"EntryPoint","urlTemplate":"https:\/\/truusk.store\/sv\/?s={search_term_string}"},"query-input":{"@type":"PropertyValueSpecification","valueRequired":true,"valueName":"search_term_string"}}],"inLanguage":"sv-SE"},{"@type":"Organization","@id":"https:\/\/truusk.store\/sv\/#organization","name":"TRUUSK - Hem, Tr\u00e4dg\u00e5rd & Fritid","url":"https:\/\/truusk.store\/sv\/","logo":{"@type":"ImageObject","inLanguage":"sv-SE","@id":"https:\/\/truusk.store\/sv\/#\/schema\/logo\/image\/","url":"https:\/\/i0.wp.com\/truusk.store\/wp-content\/uploads\/2026\/03\/cropped-TRUUSK.png?fit=2032%2C917&ssl=1","contentUrl":"https:\/\/i0.wp.com\/truusk.store\/wp-content\/uploads\/2026\/03\/cropped-TRUUSK.png?fit=2032%2C917&ssl=1","width":2032,"height":917,"caption":"TRUUSK - Hem, Tr\u00e4dg\u00e5rd & Fritid"},"image":{"@id":"https:\/\/truusk.store\/sv\/#\/schema\/logo\/image\/"}}]}},"jetpack_sharing_enabled":true,"_links":{"self":[{"href":"https:\/\/truusk.store\/sv\/wp-json\/wp\/v2\/product\/99547","targetHints":{"allow":["GET"]}}],"collection":[{"href":"https:\/\/truusk.store\/sv\/wp-json\/wp\/v2\/product"}],"about":[{"href":"https:\/\/truusk.store\/sv\/wp-json\/wp\/v2\/types\/product"}],"wp:featuredmedia":[{"embeddable":true,"href":"https:\/\/truusk.store\/sv\/wp-json\/wp\/v2\/media\/99538"}],"wp:attachment":[{"href":"https:\/\/truusk.store\/sv\/wp-json\/wp\/v2\/media?parent=99547"}],"wp:term":[{"taxonomy":"product_brand","embeddable":true,"href":"https:\/\/truusk.store\/sv\/wp-json\/wp\/v2\/product_brand?post=99547"},{"taxonomy":"product_cat","embeddable":true,"href":"https:\/\/truusk.store\/sv\/wp-json\/wp\/v2\/product_cat?post=99547"},{"taxonomy":"product_tag","embeddable":true,"href":"https:\/\/truusk.store\/sv\/wp-json\/wp\/v2\/product_tag?post=99547"}],"curies":[{"name":"wp","href":"https:\/\/api.w.org\/{rel}","templated":true}]}}