{"id":9955,"date":"2024-02-13T09:59:29","date_gmt":"2024-02-13T08:59:29","guid":{"rendered":"https:\/\/truusk.store\/product\/utemobler-set-festset-3-st-tradgardsmobelset-1-x-bord-2-x-bank-metallsvart-110-x-55-x-70-cm\/"},"modified":"2026-03-12T08:56:17","modified_gmt":"2026-03-12T07:56:17","slug":"truusk-utemobler-set-festset-3-st-metallsvart-bord-2-bank-110-x-55-x-70-cm","status":"publish","type":"product","link":"https:\/\/truusk.store\/sv\/produkt\/truusk-utemobler-set-festset-3-st-metallsvart-bord-2-bank-110-x-55-x-70-cm\/","title":{"rendered":"TRUUSK Utem\u00f6bler Set &#8211; Festset, 3 St &#8211; Metallsvart &#8211; Bord, 2 B\u00e4nk &#8211; 110 x 55 x 70 cm"},"content":{"rendered":"<p>Med v\u00e5rt tredelade sittset \u00e4r din tr\u00e4dg\u00e5rd perfekt utrustad f\u00f6r l\u00e4ckra picknickar och mysiga sommarkv\u00e4llar tillsammans. Setet som best\u00e5r av ett bord och tv\u00e5 b\u00e4nkar ger plats f\u00f6r upp till fyra personer. De robusta metallramarna \u00e4r skyddade fr\u00e5n korrosion av en pulverlackering och \u00e4r d\u00e4rf\u00f6r perfekta f\u00f6r utomhusbruk.<\/p>\n<h3>Beskrivning:<\/h3>\n<ul>\n<li>Best\u00e5r av 1 bord och 2 b\u00e4nkar<\/li>\n<li>Tillverkad av pulverlackerad metall: stabil och rosts\u00e4ker<\/li>\n<li>Passar till tr\u00e4dg\u00e5rden, festen, caf\u00e9et eller bistron<\/li>\n<li>L\u00e4ttsk\u00f6tt yta<\/li>\n<li>Enkel konstruktion<\/li>\n<\/ul>\n<h3>Teknisk data:<\/h3>\n<ul>\n<li>Material: metall<\/li>\n<li>Svart f\u00e4rg<\/li>\n<li>Vikt: 24kg<\/li>\n<li>Bordsm\u00e5tt: L110 x B55 x H70 cm<\/li>\n<li>M\u00e5tt per b\u00e4nk: L110 x B33 x H45 cm<\/li>\n<li>Max lastkapacitet: 70 kg (bord), 220 kg (b\u00e4nk)<\/li>\n<\/ul>\n<h3>Leveransens omfattning:<\/h3>\n<ul>\n<li>1 x bord<\/li>\n<li>2 x b\u00e4nk<\/li>\n<li>1 x monteringsanvisning<\/li>\n<\/ul>\n","protected":false},"excerpt":{"rendered":"<p>Med v\u00e5rt tredelade sittset \u00e4r din tr\u00e4dg\u00e5rd perfekt utrustad f\u00f6r l\u00e4ckra picknickar och mysiga sommarkv\u00e4llar tillsammans. Setet som best\u00e5r av&#8230;<\/p>\n","protected":false},"featured_media":9956,"template":"","meta":[],"product_brand":[],"product_cat":[435,450,456],"product_tag":[],"class_list":{"0":"post-9955","1":"product","2":"type-product","3":"status-publish","4":"has-post-thumbnail","6":"product_cat-tradgard-och-terrass","7":"product_cat-tradgardsmobler","8":"product_cat-tradgardsmobler-set","10":"first","11":"instock","12":"sale","13":"taxable","14":"shipping-taxable","15":"purchasable","16":"product-type-simple"},"yoast_head":"<!-- This site is optimized with the Yoast SEO plugin v25.4 - https:\/\/yoast.com\/wordpress\/plugins\/seo\/ -->\n<title>TRUUSK Utem\u00f6bler Set - Festset, 3 St - Metallsvart - Bord, 2 B\u00e4nk - 110 x 55 x 70 cm - TRUUSK - Hem, Tr\u00e4dg\u00e5rd &amp; Fritid<\/title>\n<meta name=\"robots\" content=\"index, follow, max-snippet:-1, max-image-preview:large, max-video-preview:-1\" \/>\n<link rel=\"canonical\" href=\"https:\/\/truusk.store\/sv\/produkt\/truusk-utemobler-set-festset-3-st-metallsvart-bord-2-bank-110-x-55-x-70-cm\/\" \/>\n<meta property=\"og:locale\" content=\"sv_SE\" \/>\n<meta property=\"og:type\" content=\"article\" \/>\n<meta property=\"og:title\" content=\"TRUUSK Utem\u00f6bler Set - Festset, 3 St - Metallsvart - Bord, 2 B\u00e4nk - 110 x 55 x 70 cm - TRUUSK - Hem, Tr\u00e4dg\u00e5rd &amp; Fritid\" \/>\n<meta property=\"og:description\" content=\"Med v\u00e5rt tredelade sittset \u00e4r din tr\u00e4dg\u00e5rd perfekt utrustad f\u00f6r l\u00e4ckra picknickar och mysiga sommarkv\u00e4llar tillsammans. Setet som best\u00e5r av...\" \/>\n<meta property=\"og:url\" content=\"https:\/\/truusk.store\/sv\/produkt\/truusk-utemobler-set-festset-3-st-metallsvart-bord-2-bank-110-x-55-x-70-cm\/\" \/>\n<meta property=\"og:site_name\" content=\"TRUUSK - Hem, Tr\u00e4dg\u00e5rd &amp; Fritid\" \/>\n<meta property=\"article:modified_time\" content=\"2026-03-12T07:56:17+00:00\" \/>\n<meta property=\"og:image\" content=\"https:\/\/i0.wp.com\/truusk.se\/wp-content\/uploads\/2024\/02\/utemobler-set-festset-3-st-tradgardsmobelset-1-x-bord-2-x-bank-metallsvart-110-x-55-x-70-cm.webp?fit=800%2C800&ssl=1\" \/>\n\t<meta property=\"og:image:width\" content=\"800\" \/>\n\t<meta property=\"og:image:height\" content=\"800\" \/>\n\t<meta property=\"og:image:type\" content=\"image\/webp\" \/>\n<meta name=\"twitter:card\" content=\"summary_large_image\" \/>\n<meta name=\"twitter:label1\" content=\"Ber\u00e4knad l\u00e4stid\" \/>\n\t<meta name=\"twitter:data1\" content=\"1 minut\" \/>\n<!-- \/ Yoast SEO plugin. -->","yoast_head_json":{"title":"TRUUSK Utem\u00f6bler Set - Festset, 3 St - Metallsvart - Bord, 2 B\u00e4nk - 110 x 55 x 70 cm - TRUUSK - Hem, Tr\u00e4dg\u00e5rd &amp; Fritid","robots":{"index":"index","follow":"follow","max-snippet":"max-snippet:-1","max-image-preview":"max-image-preview:large","max-video-preview":"max-video-preview:-1"},"canonical":"https:\/\/truusk.store\/sv\/produkt\/truusk-utemobler-set-festset-3-st-metallsvart-bord-2-bank-110-x-55-x-70-cm\/","og_locale":"sv_SE","og_type":"article","og_title":"TRUUSK Utem\u00f6bler Set - Festset, 3 St - Metallsvart - Bord, 2 B\u00e4nk - 110 x 55 x 70 cm - TRUUSK - Hem, Tr\u00e4dg\u00e5rd &amp; Fritid","og_description":"Med v\u00e5rt tredelade sittset \u00e4r din tr\u00e4dg\u00e5rd perfekt utrustad f\u00f6r l\u00e4ckra picknickar och mysiga sommarkv\u00e4llar tillsammans. Setet som best\u00e5r av...","og_url":"https:\/\/truusk.store\/sv\/produkt\/truusk-utemobler-set-festset-3-st-metallsvart-bord-2-bank-110-x-55-x-70-cm\/","og_site_name":"TRUUSK - Hem, Tr\u00e4dg\u00e5rd &amp; Fritid","article_modified_time":"2026-03-12T07:56:17+00:00","og_image":[{"width":800,"height":800,"url":"https:\/\/i0.wp.com\/truusk.se\/wp-content\/uploads\/2024\/02\/utemobler-set-festset-3-st-tradgardsmobelset-1-x-bord-2-x-bank-metallsvart-110-x-55-x-70-cm.webp?fit=800%2C800&ssl=1","type":"image\/webp"}],"twitter_card":"summary_large_image","twitter_misc":{"Ber\u00e4knad l\u00e4stid":"1 minut"},"schema":{"@context":"https:\/\/schema.org","@graph":[{"@type":"WebPage","@id":"https:\/\/truusk.store\/sv\/produkt\/truusk-utemobler-set-festset-3-st-metallsvart-bord-2-bank-110-x-55-x-70-cm\/","url":"https:\/\/truusk.store\/sv\/produkt\/truusk-utemobler-set-festset-3-st-metallsvart-bord-2-bank-110-x-55-x-70-cm\/","name":"TRUUSK Utem\u00f6bler Set - Festset, 3 St - Metallsvart - Bord, 2 B\u00e4nk - 110 x 55 x 70 cm - TRUUSK - Hem, Tr\u00e4dg\u00e5rd &amp; Fritid","isPartOf":{"@id":"https:\/\/truusk.store\/sv\/#website"},"primaryImageOfPage":{"@id":"https:\/\/truusk.store\/sv\/produkt\/truusk-utemobler-set-festset-3-st-metallsvart-bord-2-bank-110-x-55-x-70-cm\/#primaryimage"},"image":{"@id":"https:\/\/truusk.store\/sv\/produkt\/truusk-utemobler-set-festset-3-st-metallsvart-bord-2-bank-110-x-55-x-70-cm\/#primaryimage"},"thumbnailUrl":"https:\/\/i0.wp.com\/truusk.store\/wp-content\/uploads\/2024\/02\/utemobler-set-festset-3-st-tradgardsmobelset-1-x-bord-2-x-bank-metallsvart-110-x-55-x-70-cm.webp?fit=800%2C800&ssl=1","datePublished":"2024-02-13T08:59:29+00:00","dateModified":"2026-03-12T07:56:17+00:00","breadcrumb":{"@id":"https:\/\/truusk.store\/sv\/produkt\/truusk-utemobler-set-festset-3-st-metallsvart-bord-2-bank-110-x-55-x-70-cm\/#breadcrumb"},"inLanguage":"sv-SE","potentialAction":[{"@type":"ReadAction","target":["https:\/\/truusk.store\/sv\/produkt\/truusk-utemobler-set-festset-3-st-metallsvart-bord-2-bank-110-x-55-x-70-cm\/"]}]},{"@type":"ImageObject","inLanguage":"sv-SE","@id":"https:\/\/truusk.store\/sv\/produkt\/truusk-utemobler-set-festset-3-st-metallsvart-bord-2-bank-110-x-55-x-70-cm\/#primaryimage","url":"https:\/\/i0.wp.com\/truusk.store\/wp-content\/uploads\/2024\/02\/utemobler-set-festset-3-st-tradgardsmobelset-1-x-bord-2-x-bank-metallsvart-110-x-55-x-70-cm.webp?fit=800%2C800&ssl=1","contentUrl":"https:\/\/i0.wp.com\/truusk.store\/wp-content\/uploads\/2024\/02\/utemobler-set-festset-3-st-tradgardsmobelset-1-x-bord-2-x-bank-metallsvart-110-x-55-x-70-cm.webp?fit=800%2C800&ssl=1","width":800,"height":800,"caption":"Utem\u00f6bler Set, Festset, 3 St. Tr\u00e4dg\u00e5rdsm\u00f6belset 1 X Bord 2 X B\u00e4nk Metallsvart 110 X 55 X 70 Cm 1"},{"@type":"BreadcrumbList","@id":"https:\/\/truusk.store\/sv\/produkt\/truusk-utemobler-set-festset-3-st-metallsvart-bord-2-bank-110-x-55-x-70-cm\/#breadcrumb","itemListElement":[{"@type":"ListItem","position":1,"name":"Home","item":"https:\/\/truusk.store\/sv\/"},{"@type":"ListItem","position":2,"name":"Shop","item":"https:\/\/truusk.store\/shop\/"},{"@type":"ListItem","position":3,"name":"TRUUSK Utem\u00f6bler Set &#8211; Festset, 3 St &#8211; Metallsvart &#8211; Bord, 2 B\u00e4nk &#8211; 110 x 55 x 70 cm"}]},{"@type":"WebSite","@id":"https:\/\/truusk.store\/sv\/#website","url":"https:\/\/truusk.store\/sv\/","name":"TRUUSK - Hem, Tr\u00e4dg\u00e5rd & Fritid","description":"","publisher":{"@id":"https:\/\/truusk.store\/sv\/#organization"},"potentialAction":[{"@type":"SearchAction","target":{"@type":"EntryPoint","urlTemplate":"https:\/\/truusk.store\/sv\/?s={search_term_string}"},"query-input":{"@type":"PropertyValueSpecification","valueRequired":true,"valueName":"search_term_string"}}],"inLanguage":"sv-SE"},{"@type":"Organization","@id":"https:\/\/truusk.store\/sv\/#organization","name":"TRUUSK - Hem, Tr\u00e4dg\u00e5rd & Fritid","url":"https:\/\/truusk.store\/sv\/","logo":{"@type":"ImageObject","inLanguage":"sv-SE","@id":"https:\/\/truusk.store\/sv\/#\/schema\/logo\/image\/","url":"https:\/\/i0.wp.com\/truusk.store\/wp-content\/uploads\/2026\/03\/cropped-TRUUSK.png?fit=2032%2C917&ssl=1","contentUrl":"https:\/\/i0.wp.com\/truusk.store\/wp-content\/uploads\/2026\/03\/cropped-TRUUSK.png?fit=2032%2C917&ssl=1","width":2032,"height":917,"caption":"TRUUSK - Hem, Tr\u00e4dg\u00e5rd & Fritid"},"image":{"@id":"https:\/\/truusk.store\/sv\/#\/schema\/logo\/image\/"}}]}},"jetpack_sharing_enabled":true,"_links":{"self":[{"href":"https:\/\/truusk.store\/sv\/wp-json\/wp\/v2\/product\/9955","targetHints":{"allow":["GET"]}}],"collection":[{"href":"https:\/\/truusk.store\/sv\/wp-json\/wp\/v2\/product"}],"about":[{"href":"https:\/\/truusk.store\/sv\/wp-json\/wp\/v2\/types\/product"}],"wp:featuredmedia":[{"embeddable":true,"href":"https:\/\/truusk.store\/sv\/wp-json\/wp\/v2\/media\/9956"}],"wp:attachment":[{"href":"https:\/\/truusk.store\/sv\/wp-json\/wp\/v2\/media?parent=9955"}],"wp:term":[{"taxonomy":"product_brand","embeddable":true,"href":"https:\/\/truusk.store\/sv\/wp-json\/wp\/v2\/product_brand?post=9955"},{"taxonomy":"product_cat","embeddable":true,"href":"https:\/\/truusk.store\/sv\/wp-json\/wp\/v2\/product_cat?post=9955"},{"taxonomy":"product_tag","embeddable":true,"href":"https:\/\/truusk.store\/sv\/wp-json\/wp\/v2\/product_tag?post=9955"}],"curies":[{"name":"wp","href":"https:\/\/api.w.org\/{rel}","templated":true}]}}