{"id":99573,"date":"2026-01-15T11:47:56","date_gmt":"2026-01-15T10:47:56","guid":{"rendered":"https:\/\/truusk.store\/product\/smadjursstall-hojt-husdjurshus-bur-med-lasbar-dorr-tra-metall-ljusgul-895-x-45-x-81-cm\/"},"modified":"2026-03-12T08:57:37","modified_gmt":"2026-03-12T07:57:37","slug":"truusk-smadjursbur-med-lasbar-dorr-tra-och-metall-ljusgul-895-x-45-x-81-cm","status":"publish","type":"product","link":"https:\/\/truusk.store\/sv\/produkt\/truusk-smadjursbur-med-lasbar-dorr-tra-och-metall-ljusgul-895-x-45-x-81-cm\/","title":{"rendered":"TRUUSK Sm\u00e5djursbur Med L\u00e5sbar D\u00f6rr &#8211; Tr\u00e4 och Metall &#8211; Ljusgul &#8211; 89,5 x 45 x 81 cm"},"content":{"rendered":"<p>Detta sm\u00e5djurshus fr\u00e5n [BRAND NAME] \u00e4r en tillflyktsort och rastplats i ett. Buren erbjuder ett gener\u00f6st rastomr\u00e5de och huset ger en skyddad plats att vila p\u00e5. En halkfri ramp underl\u00e4ttar tillg\u00e5ngen till huset. Buren kan l\u00e5sas. Det \u00f6ppningsbara taket underl\u00e4ttar reng\u00f6ring av stallet. Detta sm\u00e5djurshus fr\u00e5n [BRAND NAME] \u00e4r det perfekta hemmet f\u00f6r sm\u00e5djur.<\/p>\n<p>Beskrivning:<\/p>\n<ul>\n<li> 2-i-1-funktion &#8211; sovplats och rastplats i ett<\/li>\n<li> Stallet \u00e4r v\u00e4derbest\u00e4ndigt<\/li>\n<li> H\u00f6jningen h\u00e5ller ditt husdjur torrt och varmt, s\u00e4rskilt p\u00e5 regniga dagar<\/li>\n<li> Genom en halkfri ramp kan ditt lilla djur komma fr\u00e5n inomhus till utomhusomr\u00e5det. &#8211; Taket kan \u00f6ppnas<\/li>\n<li> L\u00e5sbara d\u00f6rrar g\u00f6r stallet s\u00e4kert mot rymningar<\/li>\n<li> Stallet \u00e4r l\u00e4mpligt f\u00f6r sm\u00e5djur<\/li>\n<\/ul>\n<p>Tekniska data:<\/p>\n<ul>\n<li> F\u00e4rg: Ljusgul + Svart<\/li>\n<li> Material: Grantr\u00e4, Metall<\/li>\n<li> Totala m\u00e5tt: 89,5B x 45D x 81H cm<\/li>\n<li> \u00d6vre lagrets storlek: 77B x 35,7D x 36H cm<\/li>\n<li> Metall d\u00f6rrstorlek: 44B x 34D cm<\/li>\n<li> Tr\u00e4d\u00f6rrstorlek: 27,5B x 34D cm<\/li>\n<li> Brickans storlek: 76,5B x 37D cm<\/li>\n<li> Rampstorlek: 62,5B x 14,5D cm<\/li>\n<li>K\u00f6paren m\u00e5ste best\u00e4mma antalet djur som passar i stallet, beroende p\u00e5 ras och storlek.<\/li>\n<\/ul>\n<p>Leveransinneh\u00e5ll:<\/p>\n<ul>\n<li>1 x Sm\u00e5djurshus1 x Monteringsanvisningar<\/li>\n<\/ul>\n","protected":false},"excerpt":{"rendered":"<p>Detta sm\u00e5djurshus fr\u00e5n [BRAND NAME] \u00e4r en tillflyktsort och rastplats i ett. Buren erbjuder ett gener\u00f6st rastomr\u00e5de och huset ger&#8230;<\/p>\n","protected":false},"featured_media":99556,"template":"","meta":[],"product_brand":[],"product_cat":[878,598,597],"product_tag":[],"class_list":{"0":"post-99573","1":"product","2":"type-product","3":"status-publish","4":"has-post-thumbnail","6":"product_cat-djurbehov","7":"product_cat-sma-djurstallar","8":"product_cat-sma-djurtillbehor","10":"first","11":"instock","12":"sale","13":"taxable","14":"shipping-taxable","15":"purchasable","16":"product-type-simple"},"yoast_head":"<!-- This site is optimized with the Yoast SEO plugin v25.4 - https:\/\/yoast.com\/wordpress\/plugins\/seo\/ -->\n<title>TRUUSK Sm\u00e5djursbur Med L\u00e5sbar D\u00f6rr - Tr\u00e4 och Metall - Ljusgul - 89,5 x 45 x 81 cm - TRUUSK - Hem, Tr\u00e4dg\u00e5rd &amp; Fritid<\/title>\n<meta name=\"robots\" content=\"index, follow, max-snippet:-1, max-image-preview:large, max-video-preview:-1\" \/>\n<link rel=\"canonical\" href=\"https:\/\/truusk.store\/sv\/produkt\/truusk-smadjursbur-med-lasbar-dorr-tra-och-metall-ljusgul-895-x-45-x-81-cm\/\" \/>\n<meta property=\"og:locale\" content=\"sv_SE\" \/>\n<meta property=\"og:type\" content=\"article\" \/>\n<meta property=\"og:title\" content=\"TRUUSK Sm\u00e5djursbur Med L\u00e5sbar D\u00f6rr - Tr\u00e4 och Metall - Ljusgul - 89,5 x 45 x 81 cm - TRUUSK - Hem, Tr\u00e4dg\u00e5rd &amp; Fritid\" \/>\n<meta property=\"og:description\" content=\"Detta sm\u00e5djurshus fr\u00e5n [BRAND NAME] \u00e4r en tillflyktsort och rastplats i ett. Buren erbjuder ett gener\u00f6st rastomr\u00e5de och huset ger...\" \/>\n<meta property=\"og:url\" content=\"https:\/\/truusk.store\/sv\/produkt\/truusk-smadjursbur-med-lasbar-dorr-tra-och-metall-ljusgul-895-x-45-x-81-cm\/\" \/>\n<meta property=\"og:site_name\" content=\"TRUUSK - Hem, Tr\u00e4dg\u00e5rd &amp; Fritid\" \/>\n<meta property=\"article:modified_time\" content=\"2026-03-12T07:57:37+00:00\" \/>\n<meta property=\"og:image\" content=\"https:\/\/i0.wp.com\/truusk.se\/wp-content\/uploads\/2026\/01\/smadjursstall-hojt-husdjurshus-bur-med-lasbar-dorr-tra-metall-ljusgul-895-x-45-x-81-cm-1.webp?fit=2000%2C2000&ssl=1\" \/>\n\t<meta property=\"og:image:width\" content=\"2000\" \/>\n\t<meta property=\"og:image:height\" content=\"2000\" \/>\n\t<meta property=\"og:image:type\" content=\"image\/webp\" \/>\n<meta name=\"twitter:card\" content=\"summary_large_image\" \/>\n<meta name=\"twitter:label1\" content=\"Ber\u00e4knad l\u00e4stid\" \/>\n\t<meta name=\"twitter:data1\" content=\"1 minut\" \/>\n<!-- \/ Yoast SEO plugin. -->","yoast_head_json":{"title":"TRUUSK Sm\u00e5djursbur Med L\u00e5sbar D\u00f6rr - Tr\u00e4 och Metall - Ljusgul - 89,5 x 45 x 81 cm - TRUUSK - Hem, Tr\u00e4dg\u00e5rd &amp; Fritid","robots":{"index":"index","follow":"follow","max-snippet":"max-snippet:-1","max-image-preview":"max-image-preview:large","max-video-preview":"max-video-preview:-1"},"canonical":"https:\/\/truusk.store\/sv\/produkt\/truusk-smadjursbur-med-lasbar-dorr-tra-och-metall-ljusgul-895-x-45-x-81-cm\/","og_locale":"sv_SE","og_type":"article","og_title":"TRUUSK Sm\u00e5djursbur Med L\u00e5sbar D\u00f6rr - Tr\u00e4 och Metall - Ljusgul - 89,5 x 45 x 81 cm - TRUUSK - Hem, Tr\u00e4dg\u00e5rd &amp; Fritid","og_description":"Detta sm\u00e5djurshus fr\u00e5n [BRAND NAME] \u00e4r en tillflyktsort och rastplats i ett. Buren erbjuder ett gener\u00f6st rastomr\u00e5de och huset ger...","og_url":"https:\/\/truusk.store\/sv\/produkt\/truusk-smadjursbur-med-lasbar-dorr-tra-och-metall-ljusgul-895-x-45-x-81-cm\/","og_site_name":"TRUUSK - Hem, Tr\u00e4dg\u00e5rd &amp; Fritid","article_modified_time":"2026-03-12T07:57:37+00:00","og_image":[{"width":2000,"height":2000,"url":"https:\/\/i0.wp.com\/truusk.se\/wp-content\/uploads\/2026\/01\/smadjursstall-hojt-husdjurshus-bur-med-lasbar-dorr-tra-metall-ljusgul-895-x-45-x-81-cm-1.webp?fit=2000%2C2000&ssl=1","type":"image\/webp"}],"twitter_card":"summary_large_image","twitter_misc":{"Ber\u00e4knad l\u00e4stid":"1 minut"},"schema":{"@context":"https:\/\/schema.org","@graph":[{"@type":"WebPage","@id":"https:\/\/truusk.store\/sv\/produkt\/truusk-smadjursbur-med-lasbar-dorr-tra-och-metall-ljusgul-895-x-45-x-81-cm\/","url":"https:\/\/truusk.store\/sv\/produkt\/truusk-smadjursbur-med-lasbar-dorr-tra-och-metall-ljusgul-895-x-45-x-81-cm\/","name":"TRUUSK Sm\u00e5djursbur Med L\u00e5sbar D\u00f6rr - Tr\u00e4 och Metall - Ljusgul - 89,5 x 45 x 81 cm - TRUUSK - Hem, Tr\u00e4dg\u00e5rd &amp; Fritid","isPartOf":{"@id":"https:\/\/truusk.store\/sv\/#website"},"primaryImageOfPage":{"@id":"https:\/\/truusk.store\/sv\/produkt\/truusk-smadjursbur-med-lasbar-dorr-tra-och-metall-ljusgul-895-x-45-x-81-cm\/#primaryimage"},"image":{"@id":"https:\/\/truusk.store\/sv\/produkt\/truusk-smadjursbur-med-lasbar-dorr-tra-och-metall-ljusgul-895-x-45-x-81-cm\/#primaryimage"},"thumbnailUrl":"https:\/\/i0.wp.com\/truusk.store\/wp-content\/uploads\/2026\/01\/smadjursstall-hojt-husdjurshus-bur-med-lasbar-dorr-tra-metall-ljusgul-895-x-45-x-81-cm-1.webp?fit=2000%2C2000&ssl=1","datePublished":"2026-01-15T10:47:56+00:00","dateModified":"2026-03-12T07:57:37+00:00","breadcrumb":{"@id":"https:\/\/truusk.store\/sv\/produkt\/truusk-smadjursbur-med-lasbar-dorr-tra-och-metall-ljusgul-895-x-45-x-81-cm\/#breadcrumb"},"inLanguage":"sv-SE","potentialAction":[{"@type":"ReadAction","target":["https:\/\/truusk.store\/sv\/produkt\/truusk-smadjursbur-med-lasbar-dorr-tra-och-metall-ljusgul-895-x-45-x-81-cm\/"]}]},{"@type":"ImageObject","inLanguage":"sv-SE","@id":"https:\/\/truusk.store\/sv\/produkt\/truusk-smadjursbur-med-lasbar-dorr-tra-och-metall-ljusgul-895-x-45-x-81-cm\/#primaryimage","url":"https:\/\/i0.wp.com\/truusk.store\/wp-content\/uploads\/2026\/01\/smadjursstall-hojt-husdjurshus-bur-med-lasbar-dorr-tra-metall-ljusgul-895-x-45-x-81-cm-1.webp?fit=2000%2C2000&ssl=1","contentUrl":"https:\/\/i0.wp.com\/truusk.store\/wp-content\/uploads\/2026\/01\/smadjursstall-hojt-husdjurshus-bur-med-lasbar-dorr-tra-metall-ljusgul-895-x-45-x-81-cm-1.webp?fit=2000%2C2000&ssl=1","width":2000,"height":2000},{"@type":"BreadcrumbList","@id":"https:\/\/truusk.store\/sv\/produkt\/truusk-smadjursbur-med-lasbar-dorr-tra-och-metall-ljusgul-895-x-45-x-81-cm\/#breadcrumb","itemListElement":[{"@type":"ListItem","position":1,"name":"Home","item":"https:\/\/truusk.store\/sv\/"},{"@type":"ListItem","position":2,"name":"Shop","item":"https:\/\/truusk.store\/shop\/"},{"@type":"ListItem","position":3,"name":"TRUUSK Sm\u00e5djursbur Med L\u00e5sbar D\u00f6rr &#8211; Tr\u00e4 och Metall &#8211; Ljusgul &#8211; 89,5 x 45 x 81 cm"}]},{"@type":"WebSite","@id":"https:\/\/truusk.store\/sv\/#website","url":"https:\/\/truusk.store\/sv\/","name":"TRUUSK - Hem, Tr\u00e4dg\u00e5rd & Fritid","description":"","publisher":{"@id":"https:\/\/truusk.store\/sv\/#organization"},"potentialAction":[{"@type":"SearchAction","target":{"@type":"EntryPoint","urlTemplate":"https:\/\/truusk.store\/sv\/?s={search_term_string}"},"query-input":{"@type":"PropertyValueSpecification","valueRequired":true,"valueName":"search_term_string"}}],"inLanguage":"sv-SE"},{"@type":"Organization","@id":"https:\/\/truusk.store\/sv\/#organization","name":"TRUUSK - Hem, Tr\u00e4dg\u00e5rd & Fritid","url":"https:\/\/truusk.store\/sv\/","logo":{"@type":"ImageObject","inLanguage":"sv-SE","@id":"https:\/\/truusk.store\/sv\/#\/schema\/logo\/image\/","url":"https:\/\/i0.wp.com\/truusk.store\/wp-content\/uploads\/2026\/03\/cropped-TRUUSK.png?fit=2032%2C917&ssl=1","contentUrl":"https:\/\/i0.wp.com\/truusk.store\/wp-content\/uploads\/2026\/03\/cropped-TRUUSK.png?fit=2032%2C917&ssl=1","width":2032,"height":917,"caption":"TRUUSK - Hem, Tr\u00e4dg\u00e5rd & Fritid"},"image":{"@id":"https:\/\/truusk.store\/sv\/#\/schema\/logo\/image\/"}}]}},"jetpack_sharing_enabled":true,"_links":{"self":[{"href":"https:\/\/truusk.store\/sv\/wp-json\/wp\/v2\/product\/99573","targetHints":{"allow":["GET"]}}],"collection":[{"href":"https:\/\/truusk.store\/sv\/wp-json\/wp\/v2\/product"}],"about":[{"href":"https:\/\/truusk.store\/sv\/wp-json\/wp\/v2\/types\/product"}],"wp:featuredmedia":[{"embeddable":true,"href":"https:\/\/truusk.store\/sv\/wp-json\/wp\/v2\/media\/99556"}],"wp:attachment":[{"href":"https:\/\/truusk.store\/sv\/wp-json\/wp\/v2\/media?parent=99573"}],"wp:term":[{"taxonomy":"product_brand","embeddable":true,"href":"https:\/\/truusk.store\/sv\/wp-json\/wp\/v2\/product_brand?post=99573"},{"taxonomy":"product_cat","embeddable":true,"href":"https:\/\/truusk.store\/sv\/wp-json\/wp\/v2\/product_cat?post=99573"},{"taxonomy":"product_tag","embeddable":true,"href":"https:\/\/truusk.store\/sv\/wp-json\/wp\/v2\/product_tag?post=99573"}],"curies":[{"name":"wp","href":"https:\/\/api.w.org\/{rel}","templated":true}]}}