{"id":99577,"date":"2026-01-15T11:48:21","date_gmt":"2026-01-15T10:48:21","guid":{"rendered":"https:\/\/truusk.store\/product\/knabank-for-tradgardsarbete-hopfallbar-tradgardsstol-tradgardsbank-knastod-upp-till-150-kg-eva-skum-stal-morkgron-58-x-28-x-49-cm\/"},"modified":"2026-03-12T08:58:05","modified_gmt":"2026-03-12T07:58:05","slug":"truusk-knabank-for-tradgardsarbete-hopfallbar-tradgardsstol-knastod-upp-till-150-kg-eva-skum-stal-morkgron-58-x-28-x","status":"publish","type":"product","link":"https:\/\/truusk.store\/sv\/produkt\/truusk-knabank-for-tradgardsarbete-hopfallbar-tradgardsstol-knastod-upp-till-150-kg-eva-skum-stal-morkgron-58-x-28-x\/","title":{"rendered":"TRUUSK Kn\u00e4b\u00e4nk f\u00f6r Tr\u00e4dg\u00e5rdsarbete &#8211; Hopf\u00e4llbar Tr\u00e4dg\u00e5rdsstol &#8211; Kn\u00e4st\u00f6d Upp till 150 kg &#8211; EVA-skum &#8211; St\u00e5l &#8211; M\u00f6rkgr\u00f6n &#8211; 58 x 28 x"},"content":{"rendered":"<p>[BRAND NAME] Garden kn\u00e4b\u00e4nk \u00e4r det perfekta tillbeh\u00f6ret f\u00f6r varje tr\u00e4dg\u00e5rdsm\u00e4stare. Den ergonomiska designen f\u00f6rhindrar \u00f6mma kn\u00e4n, hj\u00e4lper till att st\u00e5 upp och erbjuder en bekv\u00e4m sittplats. Om du lider av artrit eller av andra sk\u00e4l har sv\u00e5rt att kn\u00e4b\u00f6ja och st\u00e5 upp igen, \u00e4r detta precis vad du har letat efter. Med en bekv\u00e4m 3\/4-tums vaddering (p\u00e5 varje sida) skyddas dina kn\u00e4n n\u00e4r du kn\u00e4b\u00f6jer. Armst\u00f6d underl\u00e4ttar att st\u00e5 upp.<\/p>\n<p>Beskrivning:<\/p>\n<ul>\n<li> Bekv\u00e4m vaddering f\u00f6r att skydda \u00f6mma kn\u00e4n<\/li>\n<li> Armst\u00f6d f\u00f6r att hj\u00e4lpa till att st\u00e5 upp<\/li>\n<li> Fj\u00e4derhandtag f\u00f6r enkel f\u00f6rvaring<\/li>\n<li> Ergonomisk design f\u00f6r en bekv\u00e4m kn\u00e4b\u00f6jande position<\/li>\n<li> Kan anv\u00e4ndas som en stol n\u00e4r den st\u00e5r uppr\u00e4tt, eller som en kn\u00e4stol n\u00e4r den \u00e4r v\u00e4nd<\/li>\n<li> F\u00e4llbar design f\u00f6r enkel transport och f\u00f6rvaring\uff1b<\/li>\n<\/ul>\n<p>Specifikationer:<\/p>\n<ul>\n<li>Material: St\u00e5l, EVA<\/li>\n<li> F\u00e4rg: Svart+M\u00f6rkgr\u00f6n<\/li>\n<li>Lastkapacitet: 150 kg<\/li>\n<li>Totala m\u00e5tt: 58L x 28B x 49H cm<\/li>\n<li>F\u00e4llda m\u00e5tt: 60L x 27B x 13,5H cm<\/li>\n<li>M\u00e5tt p\u00e5 vaddering: 38L x 14B x 2T cm<\/li>\n<\/ul>\n<p>Inneh\u00e5ll:<\/p>\n<ul>\n<li> 1 x kn\u00e4b\u00e4nk<\/li>\n<li> 1 x instruktioner<\/li>\n<\/ul>\n","protected":false},"excerpt":{"rendered":"<p>[BRAND NAME] Garden kn\u00e4b\u00e4nk \u00e4r det perfekta tillbeh\u00f6ret f\u00f6r varje tr\u00e4dg\u00e5rdsm\u00e4stare. Den ergonomiska designen f\u00f6rhindrar \u00f6mma kn\u00e4n, hj\u00e4lper till att&#8230;<\/p>\n","protected":false},"featured_media":99562,"template":"","meta":[],"product_brand":[],"product_cat":[858,1073,443],"product_tag":[],"class_list":{"0":"post-99577","1":"product","2":"type-product","3":"status-publish","4":"has-post-thumbnail","6":"product_cat-tradgard-terrass","7":"product_cat-tradgardsvard","8":"product_cat-vaxthus-tradgardsskotsel","10":"first","11":"instock","12":"sale","13":"taxable","14":"shipping-taxable","15":"purchasable","16":"product-type-simple"},"yoast_head":"<!-- This site is optimized with the Yoast SEO plugin v25.4 - https:\/\/yoast.com\/wordpress\/plugins\/seo\/ -->\n<title>TRUUSK Kn\u00e4b\u00e4nk f\u00f6r Tr\u00e4dg\u00e5rdsarbete - Hopf\u00e4llbar Tr\u00e4dg\u00e5rdsstol - Kn\u00e4st\u00f6d Upp till 150 kg - EVA-skum - St\u00e5l - M\u00f6rkgr\u00f6n - 58 x 28 x - TRUUSK - Hem, Tr\u00e4dg\u00e5rd &amp; Fritid<\/title>\n<meta name=\"robots\" content=\"index, follow, max-snippet:-1, max-image-preview:large, max-video-preview:-1\" \/>\n<link rel=\"canonical\" href=\"https:\/\/truusk.store\/sv\/produkt\/truusk-knabank-for-tradgardsarbete-hopfallbar-tradgardsstol-knastod-upp-till-150-kg-eva-skum-stal-morkgron-58-x-28-x\/\" \/>\n<meta property=\"og:locale\" content=\"sv_SE\" \/>\n<meta property=\"og:type\" content=\"article\" \/>\n<meta property=\"og:title\" content=\"TRUUSK Kn\u00e4b\u00e4nk f\u00f6r Tr\u00e4dg\u00e5rdsarbete - Hopf\u00e4llbar Tr\u00e4dg\u00e5rdsstol - Kn\u00e4st\u00f6d Upp till 150 kg - EVA-skum - St\u00e5l - M\u00f6rkgr\u00f6n - 58 x 28 x - TRUUSK - Hem, Tr\u00e4dg\u00e5rd &amp; Fritid\" \/>\n<meta property=\"og:description\" content=\"[BRAND NAME] Garden kn\u00e4b\u00e4nk \u00e4r det perfekta tillbeh\u00f6ret f\u00f6r varje tr\u00e4dg\u00e5rdsm\u00e4stare. Den ergonomiska designen f\u00f6rhindrar \u00f6mma kn\u00e4n, hj\u00e4lper till att...\" \/>\n<meta property=\"og:url\" content=\"https:\/\/truusk.store\/sv\/produkt\/truusk-knabank-for-tradgardsarbete-hopfallbar-tradgardsstol-knastod-upp-till-150-kg-eva-skum-stal-morkgron-58-x-28-x\/\" \/>\n<meta property=\"og:site_name\" content=\"TRUUSK - Hem, Tr\u00e4dg\u00e5rd &amp; Fritid\" \/>\n<meta property=\"article:modified_time\" content=\"2026-03-12T07:58:05+00:00\" \/>\n<meta property=\"og:image\" content=\"https:\/\/i0.wp.com\/truusk.se\/wp-content\/uploads\/2026\/01\/knabank-for-tradgardsarbete-hopfallbar-tradgardsstol-tradgardsbank-knastod-upp-till-150-kg-eva-skum-stal-morkgron-58-x-28-x-49-cm-1.webp?fit=2000%2C2000&ssl=1\" \/>\n\t<meta property=\"og:image:width\" content=\"2000\" \/>\n\t<meta property=\"og:image:height\" content=\"2000\" \/>\n\t<meta property=\"og:image:type\" content=\"image\/webp\" \/>\n<meta name=\"twitter:card\" content=\"summary_large_image\" \/>\n<meta name=\"twitter:label1\" content=\"Ber\u00e4knad l\u00e4stid\" \/>\n\t<meta name=\"twitter:data1\" content=\"1 minut\" \/>\n<!-- \/ Yoast SEO plugin. -->","yoast_head_json":{"title":"TRUUSK Kn\u00e4b\u00e4nk f\u00f6r Tr\u00e4dg\u00e5rdsarbete - Hopf\u00e4llbar Tr\u00e4dg\u00e5rdsstol - Kn\u00e4st\u00f6d Upp till 150 kg - EVA-skum - St\u00e5l - M\u00f6rkgr\u00f6n - 58 x 28 x - TRUUSK - Hem, Tr\u00e4dg\u00e5rd &amp; Fritid","robots":{"index":"index","follow":"follow","max-snippet":"max-snippet:-1","max-image-preview":"max-image-preview:large","max-video-preview":"max-video-preview:-1"},"canonical":"https:\/\/truusk.store\/sv\/produkt\/truusk-knabank-for-tradgardsarbete-hopfallbar-tradgardsstol-knastod-upp-till-150-kg-eva-skum-stal-morkgron-58-x-28-x\/","og_locale":"sv_SE","og_type":"article","og_title":"TRUUSK Kn\u00e4b\u00e4nk f\u00f6r Tr\u00e4dg\u00e5rdsarbete - Hopf\u00e4llbar Tr\u00e4dg\u00e5rdsstol - Kn\u00e4st\u00f6d Upp till 150 kg - EVA-skum - St\u00e5l - M\u00f6rkgr\u00f6n - 58 x 28 x - TRUUSK - Hem, Tr\u00e4dg\u00e5rd &amp; Fritid","og_description":"[BRAND NAME] Garden kn\u00e4b\u00e4nk \u00e4r det perfekta tillbeh\u00f6ret f\u00f6r varje tr\u00e4dg\u00e5rdsm\u00e4stare. Den ergonomiska designen f\u00f6rhindrar \u00f6mma kn\u00e4n, hj\u00e4lper till att...","og_url":"https:\/\/truusk.store\/sv\/produkt\/truusk-knabank-for-tradgardsarbete-hopfallbar-tradgardsstol-knastod-upp-till-150-kg-eva-skum-stal-morkgron-58-x-28-x\/","og_site_name":"TRUUSK - Hem, Tr\u00e4dg\u00e5rd &amp; Fritid","article_modified_time":"2026-03-12T07:58:05+00:00","og_image":[{"width":2000,"height":2000,"url":"https:\/\/i0.wp.com\/truusk.se\/wp-content\/uploads\/2026\/01\/knabank-for-tradgardsarbete-hopfallbar-tradgardsstol-tradgardsbank-knastod-upp-till-150-kg-eva-skum-stal-morkgron-58-x-28-x-49-cm-1.webp?fit=2000%2C2000&ssl=1","type":"image\/webp"}],"twitter_card":"summary_large_image","twitter_misc":{"Ber\u00e4knad l\u00e4stid":"1 minut"},"schema":{"@context":"https:\/\/schema.org","@graph":[{"@type":"WebPage","@id":"https:\/\/truusk.store\/sv\/produkt\/truusk-knabank-for-tradgardsarbete-hopfallbar-tradgardsstol-knastod-upp-till-150-kg-eva-skum-stal-morkgron-58-x-28-x\/","url":"https:\/\/truusk.store\/sv\/produkt\/truusk-knabank-for-tradgardsarbete-hopfallbar-tradgardsstol-knastod-upp-till-150-kg-eva-skum-stal-morkgron-58-x-28-x\/","name":"TRUUSK Kn\u00e4b\u00e4nk f\u00f6r Tr\u00e4dg\u00e5rdsarbete - Hopf\u00e4llbar Tr\u00e4dg\u00e5rdsstol - Kn\u00e4st\u00f6d Upp till 150 kg - EVA-skum - St\u00e5l - M\u00f6rkgr\u00f6n - 58 x 28 x - TRUUSK - Hem, Tr\u00e4dg\u00e5rd &amp; Fritid","isPartOf":{"@id":"https:\/\/truusk.store\/sv\/#website"},"primaryImageOfPage":{"@id":"https:\/\/truusk.store\/sv\/produkt\/truusk-knabank-for-tradgardsarbete-hopfallbar-tradgardsstol-knastod-upp-till-150-kg-eva-skum-stal-morkgron-58-x-28-x\/#primaryimage"},"image":{"@id":"https:\/\/truusk.store\/sv\/produkt\/truusk-knabank-for-tradgardsarbete-hopfallbar-tradgardsstol-knastod-upp-till-150-kg-eva-skum-stal-morkgron-58-x-28-x\/#primaryimage"},"thumbnailUrl":"https:\/\/i0.wp.com\/truusk.store\/wp-content\/uploads\/2026\/01\/knabank-for-tradgardsarbete-hopfallbar-tradgardsstol-tradgardsbank-knastod-upp-till-150-kg-eva-skum-stal-morkgron-58-x-28-x-49-cm-1.webp?fit=2000%2C2000&ssl=1","datePublished":"2026-01-15T10:48:21+00:00","dateModified":"2026-03-12T07:58:05+00:00","breadcrumb":{"@id":"https:\/\/truusk.store\/sv\/produkt\/truusk-knabank-for-tradgardsarbete-hopfallbar-tradgardsstol-knastod-upp-till-150-kg-eva-skum-stal-morkgron-58-x-28-x\/#breadcrumb"},"inLanguage":"sv-SE","potentialAction":[{"@type":"ReadAction","target":["https:\/\/truusk.store\/sv\/produkt\/truusk-knabank-for-tradgardsarbete-hopfallbar-tradgardsstol-knastod-upp-till-150-kg-eva-skum-stal-morkgron-58-x-28-x\/"]}]},{"@type":"ImageObject","inLanguage":"sv-SE","@id":"https:\/\/truusk.store\/sv\/produkt\/truusk-knabank-for-tradgardsarbete-hopfallbar-tradgardsstol-knastod-upp-till-150-kg-eva-skum-stal-morkgron-58-x-28-x\/#primaryimage","url":"https:\/\/i0.wp.com\/truusk.store\/wp-content\/uploads\/2026\/01\/knabank-for-tradgardsarbete-hopfallbar-tradgardsstol-tradgardsbank-knastod-upp-till-150-kg-eva-skum-stal-morkgron-58-x-28-x-49-cm-1.webp?fit=2000%2C2000&ssl=1","contentUrl":"https:\/\/i0.wp.com\/truusk.store\/wp-content\/uploads\/2026\/01\/knabank-for-tradgardsarbete-hopfallbar-tradgardsstol-tradgardsbank-knastod-upp-till-150-kg-eva-skum-stal-morkgron-58-x-28-x-49-cm-1.webp?fit=2000%2C2000&ssl=1","width":2000,"height":2000},{"@type":"BreadcrumbList","@id":"https:\/\/truusk.store\/sv\/produkt\/truusk-knabank-for-tradgardsarbete-hopfallbar-tradgardsstol-knastod-upp-till-150-kg-eva-skum-stal-morkgron-58-x-28-x\/#breadcrumb","itemListElement":[{"@type":"ListItem","position":1,"name":"Home","item":"https:\/\/truusk.store\/sv\/"},{"@type":"ListItem","position":2,"name":"Shop","item":"https:\/\/truusk.store\/shop\/"},{"@type":"ListItem","position":3,"name":"TRUUSK Kn\u00e4b\u00e4nk f\u00f6r Tr\u00e4dg\u00e5rdsarbete &#8211; Hopf\u00e4llbar Tr\u00e4dg\u00e5rdsstol &#8211; Kn\u00e4st\u00f6d Upp till 150 kg &#8211; EVA-skum &#8211; St\u00e5l &#8211; M\u00f6rkgr\u00f6n &#8211; 58 x 28 x"}]},{"@type":"WebSite","@id":"https:\/\/truusk.store\/sv\/#website","url":"https:\/\/truusk.store\/sv\/","name":"TRUUSK - Hem, Tr\u00e4dg\u00e5rd & Fritid","description":"","publisher":{"@id":"https:\/\/truusk.store\/sv\/#organization"},"potentialAction":[{"@type":"SearchAction","target":{"@type":"EntryPoint","urlTemplate":"https:\/\/truusk.store\/sv\/?s={search_term_string}"},"query-input":{"@type":"PropertyValueSpecification","valueRequired":true,"valueName":"search_term_string"}}],"inLanguage":"sv-SE"},{"@type":"Organization","@id":"https:\/\/truusk.store\/sv\/#organization","name":"TRUUSK - Hem, Tr\u00e4dg\u00e5rd & Fritid","url":"https:\/\/truusk.store\/sv\/","logo":{"@type":"ImageObject","inLanguage":"sv-SE","@id":"https:\/\/truusk.store\/sv\/#\/schema\/logo\/image\/","url":"https:\/\/i0.wp.com\/truusk.store\/wp-content\/uploads\/2026\/03\/cropped-TRUUSK.png?fit=2032%2C917&ssl=1","contentUrl":"https:\/\/i0.wp.com\/truusk.store\/wp-content\/uploads\/2026\/03\/cropped-TRUUSK.png?fit=2032%2C917&ssl=1","width":2032,"height":917,"caption":"TRUUSK - Hem, Tr\u00e4dg\u00e5rd & Fritid"},"image":{"@id":"https:\/\/truusk.store\/sv\/#\/schema\/logo\/image\/"}}]}},"jetpack_sharing_enabled":true,"_links":{"self":[{"href":"https:\/\/truusk.store\/sv\/wp-json\/wp\/v2\/product\/99577","targetHints":{"allow":["GET"]}}],"collection":[{"href":"https:\/\/truusk.store\/sv\/wp-json\/wp\/v2\/product"}],"about":[{"href":"https:\/\/truusk.store\/sv\/wp-json\/wp\/v2\/types\/product"}],"wp:featuredmedia":[{"embeddable":true,"href":"https:\/\/truusk.store\/sv\/wp-json\/wp\/v2\/media\/99562"}],"wp:attachment":[{"href":"https:\/\/truusk.store\/sv\/wp-json\/wp\/v2\/media?parent=99577"}],"wp:term":[{"taxonomy":"product_brand","embeddable":true,"href":"https:\/\/truusk.store\/sv\/wp-json\/wp\/v2\/product_brand?post=99577"},{"taxonomy":"product_cat","embeddable":true,"href":"https:\/\/truusk.store\/sv\/wp-json\/wp\/v2\/product_cat?post=99577"},{"taxonomy":"product_tag","embeddable":true,"href":"https:\/\/truusk.store\/sv\/wp-json\/wp\/v2\/product_tag?post=99577"}],"curies":[{"name":"wp","href":"https:\/\/api.w.org\/{rel}","templated":true}]}}