{"id":99588,"date":"2026-01-15T11:49:37","date_gmt":"2026-01-15T10:49:37","guid":{"rendered":"https:\/\/truusk.store\/product\/gymnastikstallning-13-stegs-hojdjusterbar-stang-gymnastikstang-i-tra-stabil-stalkonstruktion-upp-till-75-kg-belastning-for-barn-3-ar-inomhus-utomhus-bla\/"},"modified":"2026-03-12T09:01:16","modified_gmt":"2026-03-12T08:01:16","slug":"truusk-gymnastikstallning-13-stegs-hojdjusterbar-stang-tra-stalkonstruktion-upp-till-75-kg-for-barn-3-ar","status":"publish","type":"product","link":"https:\/\/truusk.store\/sv\/produkt\/truusk-gymnastikstallning-13-stegs-hojdjusterbar-stang-tra-stalkonstruktion-upp-till-75-kg-for-barn-3-ar\/","title":{"rendered":"TRUUSK Gymnastikst\u00e4llning &#8211; 13-stegs H\u00f6jdjusterbar St\u00e5ng &#8211; Tr\u00e4 &amp; St\u00e5lkonstruktion &#8211; Upp Till 75 Kg &#8211; F\u00f6r Barn 3+ \u00e5r &#8211;"},"content":{"rendered":"<p>V\u00e5r [BRAND NAME] gymnastikst\u00e5ng \u00e4r optimal f\u00f6r att tr\u00e4na ditt barn, oavsett om det \u00e4r hemma eller i gymnastiksalen. Den gummerade basen p\u00e5 st\u00e5ngen \u00f6kar stabiliteten, skyddar golvet mot skador och ger mer s\u00e4kerhet. Ge dina barn denna st\u00e5ng f\u00f6r att effektivt fr\u00e4mja deras flexibilitet, styrka och h\u00e4lsa.<\/p>\n<p>Beskrivning:<\/p>\n<ul>\n<li> H\u00f6jden p\u00e5 utomhusgymnastikst\u00e5ngen kan justeras i 13 steg<\/li>\n<li> Halkfria gummerade bas h\u00f6rn p\u00e5 st\u00e5ngen f\u00f6r s\u00e4kerhet<\/li>\n<li> Enkel installation p\u00e5 bara n\u00e5gra minuter<\/li>\n<li> Starkt och h\u00e5llbart st\u00e5lr\u00f6r<\/li>\n<li> Montering kr\u00e4vs<\/li>\n<\/ul>\n<p> Tekniska data:<\/p>\n<ul>\n<li> F\u00e4rg: Bl\u00e5<\/li>\n<li> Material: St\u00e5l, boktr\u00e4<\/li>\n<li> Totala m\u00e5tt: 194B x 121T x 92-150H cm<\/li>\n<li> Ramavst\u00e5nd: 122 cm<\/li>\n<li> Boktr\u00e4l\u00e4ngd: 125 cm<\/li>\n<li> B\u00e4rf\u00f6rm\u00e5ga: 75 kg<\/li>\n<li> \u00c5ldersrekommendation: 3+ \u00e5r<\/li>\n<\/ul>\n<p> Leveransinneh\u00e5ll:<\/p>\n<ul>\n<li> 1 x Gymnastikst\u00e5ng<\/li>\n<li> 1 x Instruktioner<\/li>\n<\/ul>\n","protected":false},"excerpt":{"rendered":"<p>V\u00e5r [BRAND NAME] gymnastikst\u00e5ng \u00e4r optimal f\u00f6r att tr\u00e4na ditt barn, oavsett om det \u00e4r hemma eller i gymnastiksalen. Den&#8230;<\/p>\n","protected":false},"featured_media":99578,"template":"","meta":[],"product_brand":[],"product_cat":[873,647,665],"product_tag":[],"class_list":{"0":"post-99588","1":"product","2":"type-product","3":"status-publish","4":"has-post-thumbnail","6":"product_cat-fitness-styrketraning","7":"product_cat-sport-fritid","8":"product_cat-styrketraning","10":"first","11":"instock","12":"sale","13":"taxable","14":"shipping-taxable","15":"purchasable","16":"product-type-simple"},"yoast_head":"<!-- This site is optimized with the Yoast SEO plugin v25.4 - https:\/\/yoast.com\/wordpress\/plugins\/seo\/ -->\n<title>TRUUSK Gymnastikst\u00e4llning - 13-stegs H\u00f6jdjusterbar St\u00e5ng - Tr\u00e4 &amp; St\u00e5lkonstruktion - Upp Till 75 Kg - F\u00f6r Barn 3+ \u00e5r - TRUUSK - Hem, Tr\u00e4dg\u00e5rd &amp; Fritid<\/title>\n<meta name=\"robots\" content=\"index, follow, max-snippet:-1, max-image-preview:large, max-video-preview:-1\" \/>\n<link rel=\"canonical\" href=\"https:\/\/truusk.store\/sv\/produkt\/truusk-gymnastikstallning-13-stegs-hojdjusterbar-stang-tra-stalkonstruktion-upp-till-75-kg-for-barn-3-ar\/\" \/>\n<meta property=\"og:locale\" content=\"sv_SE\" \/>\n<meta property=\"og:type\" content=\"article\" \/>\n<meta property=\"og:title\" content=\"TRUUSK Gymnastikst\u00e4llning - 13-stegs H\u00f6jdjusterbar St\u00e5ng - Tr\u00e4 &amp; St\u00e5lkonstruktion - Upp Till 75 Kg - F\u00f6r Barn 3+ \u00e5r - TRUUSK - Hem, Tr\u00e4dg\u00e5rd &amp; Fritid\" \/>\n<meta property=\"og:description\" content=\"V\u00e5r [BRAND NAME] gymnastikst\u00e5ng \u00e4r optimal f\u00f6r att tr\u00e4na ditt barn, oavsett om det \u00e4r hemma eller i gymnastiksalen. Den...\" \/>\n<meta property=\"og:url\" content=\"https:\/\/truusk.store\/sv\/produkt\/truusk-gymnastikstallning-13-stegs-hojdjusterbar-stang-tra-stalkonstruktion-upp-till-75-kg-for-barn-3-ar\/\" \/>\n<meta property=\"og:site_name\" content=\"TRUUSK - Hem, Tr\u00e4dg\u00e5rd &amp; Fritid\" \/>\n<meta property=\"article:modified_time\" content=\"2026-03-12T08:01:16+00:00\" \/>\n<meta property=\"og:image\" content=\"https:\/\/i0.wp.com\/truusk.se\/wp-content\/uploads\/2026\/01\/gymnastikstallning-13-stegs-hojdjusterbar-stang-gymnastikstang-i-tra-stabil-stalkonstruktion-upp-till-75-kg-belastning-for-barn-3-ar-inomhus-utomhus-bla-1.webp?fit=2000%2C2000&ssl=1\" \/>\n\t<meta property=\"og:image:width\" content=\"2000\" \/>\n\t<meta property=\"og:image:height\" content=\"2000\" \/>\n\t<meta property=\"og:image:type\" content=\"image\/webp\" \/>\n<meta name=\"twitter:card\" content=\"summary_large_image\" \/>\n<meta name=\"twitter:label1\" content=\"Ber\u00e4knad l\u00e4stid\" \/>\n\t<meta name=\"twitter:data1\" content=\"1 minut\" \/>\n<!-- \/ Yoast SEO plugin. -->","yoast_head_json":{"title":"TRUUSK Gymnastikst\u00e4llning - 13-stegs H\u00f6jdjusterbar St\u00e5ng - Tr\u00e4 &amp; St\u00e5lkonstruktion - Upp Till 75 Kg - F\u00f6r Barn 3+ \u00e5r - TRUUSK - Hem, Tr\u00e4dg\u00e5rd &amp; Fritid","robots":{"index":"index","follow":"follow","max-snippet":"max-snippet:-1","max-image-preview":"max-image-preview:large","max-video-preview":"max-video-preview:-1"},"canonical":"https:\/\/truusk.store\/sv\/produkt\/truusk-gymnastikstallning-13-stegs-hojdjusterbar-stang-tra-stalkonstruktion-upp-till-75-kg-for-barn-3-ar\/","og_locale":"sv_SE","og_type":"article","og_title":"TRUUSK Gymnastikst\u00e4llning - 13-stegs H\u00f6jdjusterbar St\u00e5ng - Tr\u00e4 &amp; St\u00e5lkonstruktion - Upp Till 75 Kg - F\u00f6r Barn 3+ \u00e5r - TRUUSK - Hem, Tr\u00e4dg\u00e5rd &amp; Fritid","og_description":"V\u00e5r [BRAND NAME] gymnastikst\u00e5ng \u00e4r optimal f\u00f6r att tr\u00e4na ditt barn, oavsett om det \u00e4r hemma eller i gymnastiksalen. Den...","og_url":"https:\/\/truusk.store\/sv\/produkt\/truusk-gymnastikstallning-13-stegs-hojdjusterbar-stang-tra-stalkonstruktion-upp-till-75-kg-for-barn-3-ar\/","og_site_name":"TRUUSK - Hem, Tr\u00e4dg\u00e5rd &amp; Fritid","article_modified_time":"2026-03-12T08:01:16+00:00","og_image":[{"width":2000,"height":2000,"url":"https:\/\/i0.wp.com\/truusk.se\/wp-content\/uploads\/2026\/01\/gymnastikstallning-13-stegs-hojdjusterbar-stang-gymnastikstang-i-tra-stabil-stalkonstruktion-upp-till-75-kg-belastning-for-barn-3-ar-inomhus-utomhus-bla-1.webp?fit=2000%2C2000&ssl=1","type":"image\/webp"}],"twitter_card":"summary_large_image","twitter_misc":{"Ber\u00e4knad l\u00e4stid":"1 minut"},"schema":{"@context":"https:\/\/schema.org","@graph":[{"@type":"WebPage","@id":"https:\/\/truusk.store\/sv\/produkt\/truusk-gymnastikstallning-13-stegs-hojdjusterbar-stang-tra-stalkonstruktion-upp-till-75-kg-for-barn-3-ar\/","url":"https:\/\/truusk.store\/sv\/produkt\/truusk-gymnastikstallning-13-stegs-hojdjusterbar-stang-tra-stalkonstruktion-upp-till-75-kg-for-barn-3-ar\/","name":"TRUUSK Gymnastikst\u00e4llning - 13-stegs H\u00f6jdjusterbar St\u00e5ng - Tr\u00e4 &amp; St\u00e5lkonstruktion - Upp Till 75 Kg - F\u00f6r Barn 3+ \u00e5r - TRUUSK - Hem, Tr\u00e4dg\u00e5rd &amp; Fritid","isPartOf":{"@id":"https:\/\/truusk.store\/sv\/#website"},"primaryImageOfPage":{"@id":"https:\/\/truusk.store\/sv\/produkt\/truusk-gymnastikstallning-13-stegs-hojdjusterbar-stang-tra-stalkonstruktion-upp-till-75-kg-for-barn-3-ar\/#primaryimage"},"image":{"@id":"https:\/\/truusk.store\/sv\/produkt\/truusk-gymnastikstallning-13-stegs-hojdjusterbar-stang-tra-stalkonstruktion-upp-till-75-kg-for-barn-3-ar\/#primaryimage"},"thumbnailUrl":"https:\/\/i0.wp.com\/truusk.store\/wp-content\/uploads\/2026\/01\/gymnastikstallning-13-stegs-hojdjusterbar-stang-gymnastikstang-i-tra-stabil-stalkonstruktion-upp-till-75-kg-belastning-for-barn-3-ar-inomhus-utomhus-bla-1.webp?fit=2000%2C2000&ssl=1","datePublished":"2026-01-15T10:49:37+00:00","dateModified":"2026-03-12T08:01:16+00:00","breadcrumb":{"@id":"https:\/\/truusk.store\/sv\/produkt\/truusk-gymnastikstallning-13-stegs-hojdjusterbar-stang-tra-stalkonstruktion-upp-till-75-kg-for-barn-3-ar\/#breadcrumb"},"inLanguage":"sv-SE","potentialAction":[{"@type":"ReadAction","target":["https:\/\/truusk.store\/sv\/produkt\/truusk-gymnastikstallning-13-stegs-hojdjusterbar-stang-tra-stalkonstruktion-upp-till-75-kg-for-barn-3-ar\/"]}]},{"@type":"ImageObject","inLanguage":"sv-SE","@id":"https:\/\/truusk.store\/sv\/produkt\/truusk-gymnastikstallning-13-stegs-hojdjusterbar-stang-tra-stalkonstruktion-upp-till-75-kg-for-barn-3-ar\/#primaryimage","url":"https:\/\/i0.wp.com\/truusk.store\/wp-content\/uploads\/2026\/01\/gymnastikstallning-13-stegs-hojdjusterbar-stang-gymnastikstang-i-tra-stabil-stalkonstruktion-upp-till-75-kg-belastning-for-barn-3-ar-inomhus-utomhus-bla-1.webp?fit=2000%2C2000&ssl=1","contentUrl":"https:\/\/i0.wp.com\/truusk.store\/wp-content\/uploads\/2026\/01\/gymnastikstallning-13-stegs-hojdjusterbar-stang-gymnastikstang-i-tra-stabil-stalkonstruktion-upp-till-75-kg-belastning-for-barn-3-ar-inomhus-utomhus-bla-1.webp?fit=2000%2C2000&ssl=1","width":2000,"height":2000},{"@type":"BreadcrumbList","@id":"https:\/\/truusk.store\/sv\/produkt\/truusk-gymnastikstallning-13-stegs-hojdjusterbar-stang-tra-stalkonstruktion-upp-till-75-kg-for-barn-3-ar\/#breadcrumb","itemListElement":[{"@type":"ListItem","position":1,"name":"Home","item":"https:\/\/truusk.store\/sv\/"},{"@type":"ListItem","position":2,"name":"Shop","item":"https:\/\/truusk.store\/shop\/"},{"@type":"ListItem","position":3,"name":"TRUUSK Gymnastikst\u00e4llning &#8211; 13-stegs H\u00f6jdjusterbar St\u00e5ng &#8211; Tr\u00e4 &amp; St\u00e5lkonstruktion &#8211; Upp Till 75 Kg &#8211; F\u00f6r Barn 3+ \u00e5r &#8211;"}]},{"@type":"WebSite","@id":"https:\/\/truusk.store\/sv\/#website","url":"https:\/\/truusk.store\/sv\/","name":"TRUUSK - Hem, Tr\u00e4dg\u00e5rd & Fritid","description":"","publisher":{"@id":"https:\/\/truusk.store\/sv\/#organization"},"potentialAction":[{"@type":"SearchAction","target":{"@type":"EntryPoint","urlTemplate":"https:\/\/truusk.store\/sv\/?s={search_term_string}"},"query-input":{"@type":"PropertyValueSpecification","valueRequired":true,"valueName":"search_term_string"}}],"inLanguage":"sv-SE"},{"@type":"Organization","@id":"https:\/\/truusk.store\/sv\/#organization","name":"TRUUSK - Hem, Tr\u00e4dg\u00e5rd & Fritid","url":"https:\/\/truusk.store\/sv\/","logo":{"@type":"ImageObject","inLanguage":"sv-SE","@id":"https:\/\/truusk.store\/sv\/#\/schema\/logo\/image\/","url":"https:\/\/i0.wp.com\/truusk.store\/wp-content\/uploads\/2026\/03\/cropped-TRUUSK.png?fit=2032%2C917&ssl=1","contentUrl":"https:\/\/i0.wp.com\/truusk.store\/wp-content\/uploads\/2026\/03\/cropped-TRUUSK.png?fit=2032%2C917&ssl=1","width":2032,"height":917,"caption":"TRUUSK - Hem, Tr\u00e4dg\u00e5rd & Fritid"},"image":{"@id":"https:\/\/truusk.store\/sv\/#\/schema\/logo\/image\/"}}]}},"jetpack_sharing_enabled":true,"_links":{"self":[{"href":"https:\/\/truusk.store\/sv\/wp-json\/wp\/v2\/product\/99588","targetHints":{"allow":["GET"]}}],"collection":[{"href":"https:\/\/truusk.store\/sv\/wp-json\/wp\/v2\/product"}],"about":[{"href":"https:\/\/truusk.store\/sv\/wp-json\/wp\/v2\/types\/product"}],"wp:featuredmedia":[{"embeddable":true,"href":"https:\/\/truusk.store\/sv\/wp-json\/wp\/v2\/media\/99578"}],"wp:attachment":[{"href":"https:\/\/truusk.store\/sv\/wp-json\/wp\/v2\/media?parent=99588"}],"wp:term":[{"taxonomy":"product_brand","embeddable":true,"href":"https:\/\/truusk.store\/sv\/wp-json\/wp\/v2\/product_brand?post=99588"},{"taxonomy":"product_cat","embeddable":true,"href":"https:\/\/truusk.store\/sv\/wp-json\/wp\/v2\/product_cat?post=99588"},{"taxonomy":"product_tag","embeddable":true,"href":"https:\/\/truusk.store\/sv\/wp-json\/wp\/v2\/product_tag?post=99588"}],"curies":[{"name":"wp","href":"https:\/\/api.w.org\/{rel}","templated":true}]}}