{"id":99607,"date":"2026-01-15T11:51:51","date_gmt":"2026-01-15T10:51:51","guid":{"rendered":"https:\/\/truusk.store\/product\/konstgjord-hack-konstvaxt-klattervaxt-utomhusdekoration-realistiskt-utseende-300-cm-x-100-cm-morkgron\/"},"modified":"2026-03-12T09:02:04","modified_gmt":"2026-03-12T08:02:04","slug":"truusk-konstgjord-klattervaxt-300x100-cm-realistiskt-utseende-utomhusdekoration-morkgron","status":"publish","type":"product","link":"https:\/\/truusk.store\/sv\/produkt\/truusk-konstgjord-klattervaxt-300x100-cm-realistiskt-utseende-utomhusdekoration-morkgron\/","title":{"rendered":"TRUUSK Konstgjord Kl\u00e4tterv\u00e4xt 300&#215;100 cm &#8211; Realistiskt Utseende &#8211; Utomhusdekoration &#8211; M\u00f6rkgr\u00f6n"},"content":{"rendered":"<p>Ge v\u00e4ggar utseendet av levande gr\u00f6nt, var du \u00e4n \u00e4r: Med [BRAND NAME] konstgjorda l\u00f6vstaket lyckas det lekande l\u00e4tt. Med gener\u00f6sa 300 cm l\u00e4ngd \u00e4r det anpassningsbart och kan enkelt klippas till \u00f6nskad storlek och form. Plastbladen \u00e4r slitstarka och l\u00e4mpade f\u00f6r \u00e5ret runt anv\u00e4ndning inomhus och utomhus &#8211; de levande gr\u00f6na tonerna g\u00f6r detta l\u00f6vstaket s\u00e4rskilt realistiskt. Enkelt att installera och extremt l\u00e4tt att underh\u00e5lla:<\/p>\n<p>Beskrivning:<\/p>\n<ul>\n<li> Gr\u00f6na f\u00e4rger f\u00f6rblir levande, \u00e4ven efter att de har utsatts f\u00f6r UV-str\u00e5lning och solljus<\/li>\n<li> Slitstark plast: Anv\u00e4ndning \u00e5ret runt. L\u00e4tt att reng\u00f6ra och h\u00e5lla fr\u00e4sch<\/li>\n<li> Enkel att installera och f\u00e4sta p\u00e5 vilken v\u00e4gg eller staket som helst, tack vare n\u00e4tbaksidan<\/li>\n<li> Kan klippas till \u00f6nskad form och storlek<\/li>\n<li> L\u00e4tt att ta bort och rullas ihop f\u00f6r platsbesparande f\u00f6rvaring n\u00e4r den inte anv\u00e4nds<\/li>\n<li> Ta n\u00e5gra minuter efter installationen f\u00f6r att arrangera bladen mer j\u00e4mnt och d\u00e4rmed f\u00f6rb\u00e4ttra estetiken och privatlivet<\/li>\n<\/ul>\n<p> Tekniska data:<\/p>\n<ul>\n<li> F\u00e4rg: Ljusgr\u00f6n+M\u00f6rkgr\u00f6n<\/li>\n<li> Material: PE, Tyg<\/li>\n<li> Totala dimensioner: 300L \u00d7 100H cm<\/li>\n<li> Bladstorlek: 8L x 5B cm<\/li>\n<li> Maskstorlek: 4,3L x 3B cm<\/li>\n<\/ul>\n<p>Leveransinneh\u00e5ll:<\/p>\n<ul>\n<li> 1 x Dekorativt staket<\/li>\n<li> 1 x Instruktioner<\/li>\n<\/ul>\n","protected":false},"excerpt":{"rendered":"<p>Ge v\u00e4ggar utseendet av levande gr\u00f6nt, var du \u00e4n \u00e4r: Med [BRAND NAME] konstgjorda l\u00f6vstaket lyckas det lekande l\u00e4tt. Med&#8230;<\/p>\n","protected":false},"featured_media":99598,"template":"","meta":[],"product_brand":[],"product_cat":[1031,862,858],"product_tag":[],"class_list":{"0":"post-99607","1":"product","2":"type-product","3":"status-publish","4":"has-post-thumbnail","6":"product_cat-insynsskydd-konstgjorda-hackar","7":"product_cat-sol-insynsskydd","8":"product_cat-tradgard-terrass","10":"first","11":"instock","12":"sale","13":"taxable","14":"shipping-taxable","15":"purchasable","16":"product-type-simple"},"yoast_head":"<!-- This site is optimized with the Yoast SEO plugin v25.4 - https:\/\/yoast.com\/wordpress\/plugins\/seo\/ -->\n<title>TRUUSK Konstgjord Kl\u00e4tterv\u00e4xt 300x100 cm - Realistiskt Utseende - Utomhusdekoration - M\u00f6rkgr\u00f6n - TRUUSK - Hem, Tr\u00e4dg\u00e5rd &amp; Fritid<\/title>\n<meta name=\"robots\" content=\"index, follow, max-snippet:-1, max-image-preview:large, max-video-preview:-1\" \/>\n<link rel=\"canonical\" href=\"https:\/\/truusk.store\/sv\/produkt\/truusk-konstgjord-klattervaxt-300x100-cm-realistiskt-utseende-utomhusdekoration-morkgron\/\" \/>\n<meta property=\"og:locale\" content=\"sv_SE\" \/>\n<meta property=\"og:type\" content=\"article\" \/>\n<meta property=\"og:title\" content=\"TRUUSK Konstgjord Kl\u00e4tterv\u00e4xt 300x100 cm - Realistiskt Utseende - Utomhusdekoration - M\u00f6rkgr\u00f6n - TRUUSK - Hem, Tr\u00e4dg\u00e5rd &amp; Fritid\" \/>\n<meta property=\"og:description\" content=\"Ge v\u00e4ggar utseendet av levande gr\u00f6nt, var du \u00e4n \u00e4r: Med [BRAND NAME] konstgjorda l\u00f6vstaket lyckas det lekande l\u00e4tt. Med...\" \/>\n<meta property=\"og:url\" content=\"https:\/\/truusk.store\/sv\/produkt\/truusk-konstgjord-klattervaxt-300x100-cm-realistiskt-utseende-utomhusdekoration-morkgron\/\" \/>\n<meta property=\"og:site_name\" content=\"TRUUSK - Hem, Tr\u00e4dg\u00e5rd &amp; Fritid\" \/>\n<meta property=\"article:modified_time\" content=\"2026-03-12T08:02:04+00:00\" \/>\n<meta property=\"og:image\" content=\"https:\/\/i0.wp.com\/truusk.se\/wp-content\/uploads\/2026\/01\/konstgjord-hack-konstvaxt-klattervaxt-utomhusdekoration-realistiskt-utseende-300-cm-x-100-cm-morkgron-1.webp?fit=2000%2C2000&ssl=1\" \/>\n\t<meta property=\"og:image:width\" content=\"2000\" \/>\n\t<meta property=\"og:image:height\" content=\"2000\" \/>\n\t<meta property=\"og:image:type\" content=\"image\/webp\" \/>\n<meta name=\"twitter:card\" content=\"summary_large_image\" \/>\n<meta name=\"twitter:label1\" content=\"Ber\u00e4knad l\u00e4stid\" \/>\n\t<meta name=\"twitter:data1\" content=\"1 minut\" \/>\n<!-- \/ Yoast SEO plugin. -->","yoast_head_json":{"title":"TRUUSK Konstgjord Kl\u00e4tterv\u00e4xt 300x100 cm - Realistiskt Utseende - Utomhusdekoration - M\u00f6rkgr\u00f6n - TRUUSK - Hem, Tr\u00e4dg\u00e5rd &amp; Fritid","robots":{"index":"index","follow":"follow","max-snippet":"max-snippet:-1","max-image-preview":"max-image-preview:large","max-video-preview":"max-video-preview:-1"},"canonical":"https:\/\/truusk.store\/sv\/produkt\/truusk-konstgjord-klattervaxt-300x100-cm-realistiskt-utseende-utomhusdekoration-morkgron\/","og_locale":"sv_SE","og_type":"article","og_title":"TRUUSK Konstgjord Kl\u00e4tterv\u00e4xt 300x100 cm - Realistiskt Utseende - Utomhusdekoration - M\u00f6rkgr\u00f6n - TRUUSK - Hem, Tr\u00e4dg\u00e5rd &amp; Fritid","og_description":"Ge v\u00e4ggar utseendet av levande gr\u00f6nt, var du \u00e4n \u00e4r: Med [BRAND NAME] konstgjorda l\u00f6vstaket lyckas det lekande l\u00e4tt. Med...","og_url":"https:\/\/truusk.store\/sv\/produkt\/truusk-konstgjord-klattervaxt-300x100-cm-realistiskt-utseende-utomhusdekoration-morkgron\/","og_site_name":"TRUUSK - Hem, Tr\u00e4dg\u00e5rd &amp; Fritid","article_modified_time":"2026-03-12T08:02:04+00:00","og_image":[{"width":2000,"height":2000,"url":"https:\/\/i0.wp.com\/truusk.se\/wp-content\/uploads\/2026\/01\/konstgjord-hack-konstvaxt-klattervaxt-utomhusdekoration-realistiskt-utseende-300-cm-x-100-cm-morkgron-1.webp?fit=2000%2C2000&ssl=1","type":"image\/webp"}],"twitter_card":"summary_large_image","twitter_misc":{"Ber\u00e4knad l\u00e4stid":"1 minut"},"schema":{"@context":"https:\/\/schema.org","@graph":[{"@type":"WebPage","@id":"https:\/\/truusk.store\/sv\/produkt\/truusk-konstgjord-klattervaxt-300x100-cm-realistiskt-utseende-utomhusdekoration-morkgron\/","url":"https:\/\/truusk.store\/sv\/produkt\/truusk-konstgjord-klattervaxt-300x100-cm-realistiskt-utseende-utomhusdekoration-morkgron\/","name":"TRUUSK Konstgjord Kl\u00e4tterv\u00e4xt 300x100 cm - Realistiskt Utseende - Utomhusdekoration - M\u00f6rkgr\u00f6n - TRUUSK - Hem, Tr\u00e4dg\u00e5rd &amp; Fritid","isPartOf":{"@id":"https:\/\/truusk.store\/sv\/#website"},"primaryImageOfPage":{"@id":"https:\/\/truusk.store\/sv\/produkt\/truusk-konstgjord-klattervaxt-300x100-cm-realistiskt-utseende-utomhusdekoration-morkgron\/#primaryimage"},"image":{"@id":"https:\/\/truusk.store\/sv\/produkt\/truusk-konstgjord-klattervaxt-300x100-cm-realistiskt-utseende-utomhusdekoration-morkgron\/#primaryimage"},"thumbnailUrl":"https:\/\/i0.wp.com\/truusk.store\/wp-content\/uploads\/2026\/01\/konstgjord-hack-konstvaxt-klattervaxt-utomhusdekoration-realistiskt-utseende-300-cm-x-100-cm-morkgron-1.webp?fit=2000%2C2000&ssl=1","datePublished":"2026-01-15T10:51:51+00:00","dateModified":"2026-03-12T08:02:04+00:00","breadcrumb":{"@id":"https:\/\/truusk.store\/sv\/produkt\/truusk-konstgjord-klattervaxt-300x100-cm-realistiskt-utseende-utomhusdekoration-morkgron\/#breadcrumb"},"inLanguage":"sv-SE","potentialAction":[{"@type":"ReadAction","target":["https:\/\/truusk.store\/sv\/produkt\/truusk-konstgjord-klattervaxt-300x100-cm-realistiskt-utseende-utomhusdekoration-morkgron\/"]}]},{"@type":"ImageObject","inLanguage":"sv-SE","@id":"https:\/\/truusk.store\/sv\/produkt\/truusk-konstgjord-klattervaxt-300x100-cm-realistiskt-utseende-utomhusdekoration-morkgron\/#primaryimage","url":"https:\/\/i0.wp.com\/truusk.store\/wp-content\/uploads\/2026\/01\/konstgjord-hack-konstvaxt-klattervaxt-utomhusdekoration-realistiskt-utseende-300-cm-x-100-cm-morkgron-1.webp?fit=2000%2C2000&ssl=1","contentUrl":"https:\/\/i0.wp.com\/truusk.store\/wp-content\/uploads\/2026\/01\/konstgjord-hack-konstvaxt-klattervaxt-utomhusdekoration-realistiskt-utseende-300-cm-x-100-cm-morkgron-1.webp?fit=2000%2C2000&ssl=1","width":2000,"height":2000},{"@type":"BreadcrumbList","@id":"https:\/\/truusk.store\/sv\/produkt\/truusk-konstgjord-klattervaxt-300x100-cm-realistiskt-utseende-utomhusdekoration-morkgron\/#breadcrumb","itemListElement":[{"@type":"ListItem","position":1,"name":"Home","item":"https:\/\/truusk.store\/sv\/"},{"@type":"ListItem","position":2,"name":"Shop","item":"https:\/\/truusk.store\/shop\/"},{"@type":"ListItem","position":3,"name":"TRUUSK Konstgjord Kl\u00e4tterv\u00e4xt 300&#215;100 cm &#8211; Realistiskt Utseende &#8211; Utomhusdekoration &#8211; M\u00f6rkgr\u00f6n"}]},{"@type":"WebSite","@id":"https:\/\/truusk.store\/sv\/#website","url":"https:\/\/truusk.store\/sv\/","name":"TRUUSK - Hem, Tr\u00e4dg\u00e5rd & Fritid","description":"","publisher":{"@id":"https:\/\/truusk.store\/sv\/#organization"},"potentialAction":[{"@type":"SearchAction","target":{"@type":"EntryPoint","urlTemplate":"https:\/\/truusk.store\/sv\/?s={search_term_string}"},"query-input":{"@type":"PropertyValueSpecification","valueRequired":true,"valueName":"search_term_string"}}],"inLanguage":"sv-SE"},{"@type":"Organization","@id":"https:\/\/truusk.store\/sv\/#organization","name":"TRUUSK - Hem, Tr\u00e4dg\u00e5rd & Fritid","url":"https:\/\/truusk.store\/sv\/","logo":{"@type":"ImageObject","inLanguage":"sv-SE","@id":"https:\/\/truusk.store\/sv\/#\/schema\/logo\/image\/","url":"https:\/\/i0.wp.com\/truusk.store\/wp-content\/uploads\/2026\/03\/cropped-TRUUSK.png?fit=2032%2C917&ssl=1","contentUrl":"https:\/\/i0.wp.com\/truusk.store\/wp-content\/uploads\/2026\/03\/cropped-TRUUSK.png?fit=2032%2C917&ssl=1","width":2032,"height":917,"caption":"TRUUSK - Hem, Tr\u00e4dg\u00e5rd & Fritid"},"image":{"@id":"https:\/\/truusk.store\/sv\/#\/schema\/logo\/image\/"}}]}},"jetpack_sharing_enabled":true,"_links":{"self":[{"href":"https:\/\/truusk.store\/sv\/wp-json\/wp\/v2\/product\/99607","targetHints":{"allow":["GET"]}}],"collection":[{"href":"https:\/\/truusk.store\/sv\/wp-json\/wp\/v2\/product"}],"about":[{"href":"https:\/\/truusk.store\/sv\/wp-json\/wp\/v2\/types\/product"}],"wp:featuredmedia":[{"embeddable":true,"href":"https:\/\/truusk.store\/sv\/wp-json\/wp\/v2\/media\/99598"}],"wp:attachment":[{"href":"https:\/\/truusk.store\/sv\/wp-json\/wp\/v2\/media?parent=99607"}],"wp:term":[{"taxonomy":"product_brand","embeddable":true,"href":"https:\/\/truusk.store\/sv\/wp-json\/wp\/v2\/product_brand?post=99607"},{"taxonomy":"product_cat","embeddable":true,"href":"https:\/\/truusk.store\/sv\/wp-json\/wp\/v2\/product_cat?post=99607"},{"taxonomy":"product_tag","embeddable":true,"href":"https:\/\/truusk.store\/sv\/wp-json\/wp\/v2\/product_tag?post=99607"}],"curies":[{"name":"wp","href":"https:\/\/api.w.org\/{rel}","templated":true}]}}