{"id":99617,"date":"2026-01-15T11:54:41","date_gmt":"2026-01-15T10:54:41","guid":{"rendered":"https:\/\/truusk.store\/product\/smadjursstall-med-2-nivaer-4-rullar-forseglad-grantra-gra\/"},"modified":"2026-03-12T09:05:35","modified_gmt":"2026-03-12T08:05:35","slug":"truusk-smadjursstall-2-nivaer-4-rullar-forseglad-grantra-gra","status":"publish","type":"product","link":"https:\/\/truusk.store\/sv\/produkt\/truusk-smadjursstall-2-nivaer-4-rullar-forseglad-grantra-gra\/","title":{"rendered":"TRUUSK Sm\u00e5djursstall &#8211; 2 Niv\u00e5er &#8211; 4 Rullar &#8211; F\u00f6rseglad &#8211; Grantr\u00e4 &#8211; Gr\u00e5"},"content":{"rendered":"<p>I detta sm\u00e5djursstall fr\u00e5n [BRAND NAME] kan dina sm\u00e5djur \u00e4ta, leka och sova p\u00e5 2 niv\u00e5er. Via en ramp kan dina husdjur enkelt ta sig fr\u00e5n den nedre delen till den \u00f6vre delen. Ett uppf\u00e4llbart tak och en uttagbar bottenbricka underl\u00e4ttar reng\u00f6ringen. Detta sm\u00e5djursstall \u00e4r det perfekta hemmet f\u00f6r dina sm\u00e5djur.<\/p>\n<p>Beskrivning:<\/p>\n<ul>\n<li> Idealisk f\u00f6r anv\u00e4ndning inomhus<\/li>\n<li> En solid konstruktion av 100 % f\u00f6rseglad gran<\/li>\n<li> Ett galler tak garanterar tillr\u00e4cklig ventilation:<\/li>\n<li> En uttagbar bottenbricka underl\u00e4ttar reng\u00f6ringen<\/li>\n<li> Det uppf\u00e4llbara taket kan l\u00e5sas<\/li>\n<li> En glasfront ger god insyn<\/li>\n<li> En ramp underl\u00e4ttar \u00f6verg\u00e5ngen mellan de tv\u00e5 niv\u00e5erna<\/li>\n<li> 4 hjul f\u00f6r enkel transport<\/li>\n<li> Enkel montering<\/li>\n<\/ul>\n<p> Tekniska data:<\/p>\n<ul>\n<li> F\u00e4rg: Gr\u00e5<\/li>\n<li> Material: Gran<\/li>\n<li> Totala m\u00e5tt: L91,5 x B53,3 x H73 cm<\/li>\n<li> M\u00e5tt p\u00e5 huvudhuset: L27,5 x B26 x H24,5 cm<\/li>\n<li> M\u00e5tt p\u00e5 den \u00f6vre plattformen: L48,5 x B39,5 cm<\/li>\n<li> M\u00e5tt p\u00e5 den nedre plattformen: L48,5 x B26,5 cm<\/li>\n<li> M\u00e5tt p\u00e5 rampen: L38 x B15 cm<\/li>\n<li> Fotens h\u00f6jd: 9,5 cm<\/li>\n<\/ul>\n<p>Leveransinneh\u00e5ll:<\/p>\n<ul>\n<li> 1 x Sm\u00e5djursstall<\/li>\n<li> 1 x Monteringsanvisning<\/li>\n<\/ul>\n","protected":false},"excerpt":{"rendered":"<p>I detta sm\u00e5djursstall fr\u00e5n [BRAND NAME] kan dina sm\u00e5djur \u00e4ta, leka och sova p\u00e5 2 niv\u00e5er. Via en ramp kan&#8230;<\/p>\n","protected":false},"featured_media":99608,"template":"","meta":[],"product_brand":[],"product_cat":[878,598,597],"product_tag":[],"class_list":{"0":"post-99617","1":"product","2":"type-product","3":"status-publish","4":"has-post-thumbnail","6":"product_cat-djurbehov","7":"product_cat-sma-djurstallar","8":"product_cat-sma-djurtillbehor","10":"first","11":"instock","12":"sale","13":"taxable","14":"shipping-taxable","15":"purchasable","16":"product-type-simple"},"yoast_head":"<!-- This site is optimized with the Yoast SEO plugin v25.4 - https:\/\/yoast.com\/wordpress\/plugins\/seo\/ -->\n<title>TRUUSK Sm\u00e5djursstall - 2 Niv\u00e5er - 4 Rullar - F\u00f6rseglad - Grantr\u00e4 - Gr\u00e5 - TRUUSK - Hem, Tr\u00e4dg\u00e5rd &amp; Fritid<\/title>\n<meta name=\"robots\" content=\"index, follow, max-snippet:-1, max-image-preview:large, max-video-preview:-1\" \/>\n<link rel=\"canonical\" href=\"https:\/\/truusk.store\/sv\/produkt\/truusk-smadjursstall-2-nivaer-4-rullar-forseglad-grantra-gra\/\" \/>\n<meta property=\"og:locale\" content=\"sv_SE\" \/>\n<meta property=\"og:type\" content=\"article\" \/>\n<meta property=\"og:title\" content=\"TRUUSK Sm\u00e5djursstall - 2 Niv\u00e5er - 4 Rullar - F\u00f6rseglad - Grantr\u00e4 - Gr\u00e5 - TRUUSK - Hem, Tr\u00e4dg\u00e5rd &amp; Fritid\" \/>\n<meta property=\"og:description\" content=\"I detta sm\u00e5djursstall fr\u00e5n [BRAND NAME] kan dina sm\u00e5djur \u00e4ta, leka och sova p\u00e5 2 niv\u00e5er. Via en ramp kan...\" \/>\n<meta property=\"og:url\" content=\"https:\/\/truusk.store\/sv\/produkt\/truusk-smadjursstall-2-nivaer-4-rullar-forseglad-grantra-gra\/\" \/>\n<meta property=\"og:site_name\" content=\"TRUUSK - Hem, Tr\u00e4dg\u00e5rd &amp; Fritid\" \/>\n<meta property=\"article:modified_time\" content=\"2026-03-12T08:05:35+00:00\" \/>\n<meta property=\"og:image\" content=\"https:\/\/i0.wp.com\/truusk.se\/wp-content\/uploads\/2026\/01\/smadjursstall-med-2-nivaer-4-rullar-forseglad-grantra-gra-1.webp?fit=2000%2C2000&ssl=1\" \/>\n\t<meta property=\"og:image:width\" content=\"2000\" \/>\n\t<meta property=\"og:image:height\" content=\"2000\" \/>\n\t<meta property=\"og:image:type\" content=\"image\/webp\" \/>\n<meta name=\"twitter:card\" content=\"summary_large_image\" \/>\n<meta name=\"twitter:label1\" content=\"Ber\u00e4knad l\u00e4stid\" \/>\n\t<meta name=\"twitter:data1\" content=\"1 minut\" \/>\n<!-- \/ Yoast SEO plugin. -->","yoast_head_json":{"title":"TRUUSK Sm\u00e5djursstall - 2 Niv\u00e5er - 4 Rullar - F\u00f6rseglad - Grantr\u00e4 - Gr\u00e5 - TRUUSK - Hem, Tr\u00e4dg\u00e5rd &amp; Fritid","robots":{"index":"index","follow":"follow","max-snippet":"max-snippet:-1","max-image-preview":"max-image-preview:large","max-video-preview":"max-video-preview:-1"},"canonical":"https:\/\/truusk.store\/sv\/produkt\/truusk-smadjursstall-2-nivaer-4-rullar-forseglad-grantra-gra\/","og_locale":"sv_SE","og_type":"article","og_title":"TRUUSK Sm\u00e5djursstall - 2 Niv\u00e5er - 4 Rullar - F\u00f6rseglad - Grantr\u00e4 - Gr\u00e5 - TRUUSK - Hem, Tr\u00e4dg\u00e5rd &amp; Fritid","og_description":"I detta sm\u00e5djursstall fr\u00e5n [BRAND NAME] kan dina sm\u00e5djur \u00e4ta, leka och sova p\u00e5 2 niv\u00e5er. Via en ramp kan...","og_url":"https:\/\/truusk.store\/sv\/produkt\/truusk-smadjursstall-2-nivaer-4-rullar-forseglad-grantra-gra\/","og_site_name":"TRUUSK - Hem, Tr\u00e4dg\u00e5rd &amp; Fritid","article_modified_time":"2026-03-12T08:05:35+00:00","og_image":[{"width":2000,"height":2000,"url":"https:\/\/i0.wp.com\/truusk.se\/wp-content\/uploads\/2026\/01\/smadjursstall-med-2-nivaer-4-rullar-forseglad-grantra-gra-1.webp?fit=2000%2C2000&ssl=1","type":"image\/webp"}],"twitter_card":"summary_large_image","twitter_misc":{"Ber\u00e4knad l\u00e4stid":"1 minut"},"schema":{"@context":"https:\/\/schema.org","@graph":[{"@type":"WebPage","@id":"https:\/\/truusk.store\/sv\/produkt\/truusk-smadjursstall-2-nivaer-4-rullar-forseglad-grantra-gra\/","url":"https:\/\/truusk.store\/sv\/produkt\/truusk-smadjursstall-2-nivaer-4-rullar-forseglad-grantra-gra\/","name":"TRUUSK Sm\u00e5djursstall - 2 Niv\u00e5er - 4 Rullar - F\u00f6rseglad - Grantr\u00e4 - Gr\u00e5 - TRUUSK - Hem, Tr\u00e4dg\u00e5rd &amp; Fritid","isPartOf":{"@id":"https:\/\/truusk.store\/sv\/#website"},"primaryImageOfPage":{"@id":"https:\/\/truusk.store\/sv\/produkt\/truusk-smadjursstall-2-nivaer-4-rullar-forseglad-grantra-gra\/#primaryimage"},"image":{"@id":"https:\/\/truusk.store\/sv\/produkt\/truusk-smadjursstall-2-nivaer-4-rullar-forseglad-grantra-gra\/#primaryimage"},"thumbnailUrl":"https:\/\/i0.wp.com\/truusk.store\/wp-content\/uploads\/2026\/01\/smadjursstall-med-2-nivaer-4-rullar-forseglad-grantra-gra-1.webp?fit=2000%2C2000&ssl=1","datePublished":"2026-01-15T10:54:41+00:00","dateModified":"2026-03-12T08:05:35+00:00","breadcrumb":{"@id":"https:\/\/truusk.store\/sv\/produkt\/truusk-smadjursstall-2-nivaer-4-rullar-forseglad-grantra-gra\/#breadcrumb"},"inLanguage":"sv-SE","potentialAction":[{"@type":"ReadAction","target":["https:\/\/truusk.store\/sv\/produkt\/truusk-smadjursstall-2-nivaer-4-rullar-forseglad-grantra-gra\/"]}]},{"@type":"ImageObject","inLanguage":"sv-SE","@id":"https:\/\/truusk.store\/sv\/produkt\/truusk-smadjursstall-2-nivaer-4-rullar-forseglad-grantra-gra\/#primaryimage","url":"https:\/\/i0.wp.com\/truusk.store\/wp-content\/uploads\/2026\/01\/smadjursstall-med-2-nivaer-4-rullar-forseglad-grantra-gra-1.webp?fit=2000%2C2000&ssl=1","contentUrl":"https:\/\/i0.wp.com\/truusk.store\/wp-content\/uploads\/2026\/01\/smadjursstall-med-2-nivaer-4-rullar-forseglad-grantra-gra-1.webp?fit=2000%2C2000&ssl=1","width":2000,"height":2000},{"@type":"BreadcrumbList","@id":"https:\/\/truusk.store\/sv\/produkt\/truusk-smadjursstall-2-nivaer-4-rullar-forseglad-grantra-gra\/#breadcrumb","itemListElement":[{"@type":"ListItem","position":1,"name":"Home","item":"https:\/\/truusk.store\/sv\/"},{"@type":"ListItem","position":2,"name":"Shop","item":"https:\/\/truusk.store\/shop\/"},{"@type":"ListItem","position":3,"name":"TRUUSK Sm\u00e5djursstall &#8211; 2 Niv\u00e5er &#8211; 4 Rullar &#8211; F\u00f6rseglad &#8211; Grantr\u00e4 &#8211; Gr\u00e5"}]},{"@type":"WebSite","@id":"https:\/\/truusk.store\/sv\/#website","url":"https:\/\/truusk.store\/sv\/","name":"TRUUSK - Hem, Tr\u00e4dg\u00e5rd & Fritid","description":"","publisher":{"@id":"https:\/\/truusk.store\/sv\/#organization"},"potentialAction":[{"@type":"SearchAction","target":{"@type":"EntryPoint","urlTemplate":"https:\/\/truusk.store\/sv\/?s={search_term_string}"},"query-input":{"@type":"PropertyValueSpecification","valueRequired":true,"valueName":"search_term_string"}}],"inLanguage":"sv-SE"},{"@type":"Organization","@id":"https:\/\/truusk.store\/sv\/#organization","name":"TRUUSK - Hem, Tr\u00e4dg\u00e5rd & Fritid","url":"https:\/\/truusk.store\/sv\/","logo":{"@type":"ImageObject","inLanguage":"sv-SE","@id":"https:\/\/truusk.store\/sv\/#\/schema\/logo\/image\/","url":"https:\/\/i0.wp.com\/truusk.store\/wp-content\/uploads\/2026\/03\/cropped-TRUUSK.png?fit=2032%2C917&ssl=1","contentUrl":"https:\/\/i0.wp.com\/truusk.store\/wp-content\/uploads\/2026\/03\/cropped-TRUUSK.png?fit=2032%2C917&ssl=1","width":2032,"height":917,"caption":"TRUUSK - Hem, Tr\u00e4dg\u00e5rd & Fritid"},"image":{"@id":"https:\/\/truusk.store\/sv\/#\/schema\/logo\/image\/"}}]}},"jetpack_sharing_enabled":true,"_links":{"self":[{"href":"https:\/\/truusk.store\/sv\/wp-json\/wp\/v2\/product\/99617","targetHints":{"allow":["GET"]}}],"collection":[{"href":"https:\/\/truusk.store\/sv\/wp-json\/wp\/v2\/product"}],"about":[{"href":"https:\/\/truusk.store\/sv\/wp-json\/wp\/v2\/types\/product"}],"wp:featuredmedia":[{"embeddable":true,"href":"https:\/\/truusk.store\/sv\/wp-json\/wp\/v2\/media\/99608"}],"wp:attachment":[{"href":"https:\/\/truusk.store\/sv\/wp-json\/wp\/v2\/media?parent=99617"}],"wp:term":[{"taxonomy":"product_brand","embeddable":true,"href":"https:\/\/truusk.store\/sv\/wp-json\/wp\/v2\/product_brand?post=99617"},{"taxonomy":"product_cat","embeddable":true,"href":"https:\/\/truusk.store\/sv\/wp-json\/wp\/v2\/product_cat?post=99617"},{"taxonomy":"product_tag","embeddable":true,"href":"https:\/\/truusk.store\/sv\/wp-json\/wp\/v2\/product_tag?post=99617"}],"curies":[{"name":"wp","href":"https:\/\/api.w.org\/{rel}","templated":true}]}}