{"id":99627,"date":"2026-01-15T11:58:12","date_gmt":"2026-01-15T10:58:12","guid":{"rendered":"https:\/\/truusk.store\/product\/vaxthus-med-hyllor-vinterbestandigt-plastvaxthus-for-balkong-69-x-49-x-125-cm-transparent\/"},"modified":"2026-03-12T09:10:31","modified_gmt":"2026-03-12T08:10:31","slug":"truusk-vaxthus-med-hyllor-vinterbestandigt-plastvaxthus-for-balkong-69-x-49-x-125-cm-transparent","status":"publish","type":"product","link":"https:\/\/truusk.store\/sv\/produkt\/truusk-vaxthus-med-hyllor-vinterbestandigt-plastvaxthus-for-balkong-69-x-49-x-125-cm-transparent\/","title":{"rendered":"TRUUSK V\u00e4xthus med Hyllor &#8211; Vinterbest\u00e4ndigt Plastv\u00e4xthus f\u00f6r Balkong &#8211; 69 x 49 x 125 cm &#8211; Transparent"},"content":{"rendered":"<p>Detta 125 cm stora [BRAND NAME] v\u00e4xthus \u00e4r idealiskt f\u00f6r mindre ytor &#8211; oavsett om det \u00e4r en balkong, veranda eller ett h\u00f6rn i ditt hem. Plast\u00f6verdraget skyddar dina v\u00e4xter p\u00e5litligt fr\u00e5n vind och v\u00e4der. Tack vare den upprullbara d\u00f6rren \u00e4r tillg\u00e5ngen barnsligt enkel. Fem metallhyllor inuti erbjuder gott om plats f\u00f6r dina v\u00e4xter. Oavsett om du har mycket eller lite utrymme, med detta balkongv\u00e4xthus kan du b\u00f6rja odla direkt.<\/p>\n<p>Beskrivning:<\/p>\n<ul>\n<li> Transparent plast\u00f6verdrag skyddar v\u00e4xter fr\u00e5n yttre p\u00e5verkan, men l\u00e5ter fortfarande n\u00e4ringsrikt solljus passera f\u00f6r tillv\u00e4xt<\/li>\n<li> Tre hyllor f\u00f6r att st\u00e4lla upp och organisera v\u00e4xter, blommor, gr\u00f6nsaker och frukt<\/li>\n<li> Det b\u00e4rbara och kompakta designen p\u00e5 tomatv\u00e4xthuset \u00e4r idealisk f\u00f6r balkonger, terrasser, stadslivet och andra sm\u00e5 omr\u00e5den<\/li>\n<li> Pulverlackerat metallram f\u00f6r v\u00e4xthuset ger en robust struktur<\/li>\n<li> Upprullbar d\u00f6rr utrustad med dragkedja f\u00f6r snabb och enkel tillg\u00e5ng<\/li>\n<li> Montering kr\u00e4vs<\/li>\n<\/ul>\n<p> Tekniska data:<\/p>\n<ul>\n<li> F\u00e4rg: Transparent+M\u00f6rkgr\u00f6n<\/li>\n<li> Material: Metall, Plast<\/li>\n<li> Totala dimensioner: 69L x 49B x 125H cm<\/li>\n<li> D\u00f6rrstorlek: 48B x 99H cm<\/li>\n<li> Hyllstorlek: 62L x 46B cm<\/li>\n<li> Hyllh\u00f6jd: 5 cm, 38 cm, 71 cm (fr\u00e5n botten till topp)<\/li>\n<li> Plasttjocklek: 0,08 mm<\/li>\n<li> B\u00e4rkapacitet: 15 kg (per niv\u00e5)<\/li>\n<\/ul>\n<p>Leveransinneh\u00e5ll:<\/p>\n<ul>\n<li> 1 x V\u00e4xthus<\/li>\n<li> 6 x L\u00e5s\u00f6gla<\/li>\n<li> 1 x Bruksanvisning<\/li>\n<\/ul>\n","protected":false},"excerpt":{"rendered":"<p>Detta 125 cm stora [BRAND NAME] v\u00e4xthus \u00e4r idealiskt f\u00f6r mindre ytor &#8211; oavsett om det \u00e4r en balkong, veranda&#8230;<\/p>\n","protected":false},"featured_media":99618,"template":"","meta":[],"product_brand":[],"product_cat":[923,858,443],"product_tag":[],"class_list":{"0":"post-99627","1":"product","2":"type-product","3":"status-publish","4":"has-post-thumbnail","6":"product_cat-plastfilm-vaxthus","7":"product_cat-tradgard-terrass","8":"product_cat-vaxthus-tradgardsskotsel","10":"first","11":"instock","12":"sale","13":"taxable","14":"shipping-taxable","15":"purchasable","16":"product-type-simple"},"yoast_head":"<!-- This site is optimized with the Yoast SEO plugin v25.4 - https:\/\/yoast.com\/wordpress\/plugins\/seo\/ -->\n<title>TRUUSK V\u00e4xthus med Hyllor - Vinterbest\u00e4ndigt Plastv\u00e4xthus f\u00f6r Balkong - 69 x 49 x 125 cm - Transparent - TRUUSK - Hem, Tr\u00e4dg\u00e5rd &amp; Fritid<\/title>\n<meta name=\"robots\" content=\"index, follow, max-snippet:-1, max-image-preview:large, max-video-preview:-1\" \/>\n<link rel=\"canonical\" href=\"https:\/\/truusk.store\/sv\/produkt\/truusk-vaxthus-med-hyllor-vinterbestandigt-plastvaxthus-for-balkong-69-x-49-x-125-cm-transparent\/\" \/>\n<meta property=\"og:locale\" content=\"sv_SE\" \/>\n<meta property=\"og:type\" content=\"article\" \/>\n<meta property=\"og:title\" content=\"TRUUSK V\u00e4xthus med Hyllor - Vinterbest\u00e4ndigt Plastv\u00e4xthus f\u00f6r Balkong - 69 x 49 x 125 cm - Transparent - TRUUSK - Hem, Tr\u00e4dg\u00e5rd &amp; Fritid\" \/>\n<meta property=\"og:description\" content=\"Detta 125 cm stora [BRAND NAME] v\u00e4xthus \u00e4r idealiskt f\u00f6r mindre ytor &#8211; oavsett om det \u00e4r en balkong, veranda...\" \/>\n<meta property=\"og:url\" content=\"https:\/\/truusk.store\/sv\/produkt\/truusk-vaxthus-med-hyllor-vinterbestandigt-plastvaxthus-for-balkong-69-x-49-x-125-cm-transparent\/\" \/>\n<meta property=\"og:site_name\" content=\"TRUUSK - Hem, Tr\u00e4dg\u00e5rd &amp; Fritid\" \/>\n<meta property=\"article:modified_time\" content=\"2026-03-12T08:10:31+00:00\" \/>\n<meta property=\"og:image\" content=\"https:\/\/i0.wp.com\/truusk.se\/wp-content\/uploads\/2026\/01\/vaxthus-med-hyllor-vinterbestandigt-plastvaxthus-for-balkong-69-x-49-x-125-cm-transparent-1.webp?fit=2000%2C2000&ssl=1\" \/>\n\t<meta property=\"og:image:width\" content=\"2000\" \/>\n\t<meta property=\"og:image:height\" content=\"2000\" \/>\n\t<meta property=\"og:image:type\" content=\"image\/webp\" \/>\n<meta name=\"twitter:card\" content=\"summary_large_image\" \/>\n<meta name=\"twitter:label1\" content=\"Ber\u00e4knad l\u00e4stid\" \/>\n\t<meta name=\"twitter:data1\" content=\"1 minut\" \/>\n<!-- \/ Yoast SEO plugin. -->","yoast_head_json":{"title":"TRUUSK V\u00e4xthus med Hyllor - Vinterbest\u00e4ndigt Plastv\u00e4xthus f\u00f6r Balkong - 69 x 49 x 125 cm - Transparent - TRUUSK - Hem, Tr\u00e4dg\u00e5rd &amp; Fritid","robots":{"index":"index","follow":"follow","max-snippet":"max-snippet:-1","max-image-preview":"max-image-preview:large","max-video-preview":"max-video-preview:-1"},"canonical":"https:\/\/truusk.store\/sv\/produkt\/truusk-vaxthus-med-hyllor-vinterbestandigt-plastvaxthus-for-balkong-69-x-49-x-125-cm-transparent\/","og_locale":"sv_SE","og_type":"article","og_title":"TRUUSK V\u00e4xthus med Hyllor - Vinterbest\u00e4ndigt Plastv\u00e4xthus f\u00f6r Balkong - 69 x 49 x 125 cm - Transparent - TRUUSK - Hem, Tr\u00e4dg\u00e5rd &amp; Fritid","og_description":"Detta 125 cm stora [BRAND NAME] v\u00e4xthus \u00e4r idealiskt f\u00f6r mindre ytor &#8211; oavsett om det \u00e4r en balkong, veranda...","og_url":"https:\/\/truusk.store\/sv\/produkt\/truusk-vaxthus-med-hyllor-vinterbestandigt-plastvaxthus-for-balkong-69-x-49-x-125-cm-transparent\/","og_site_name":"TRUUSK - Hem, Tr\u00e4dg\u00e5rd &amp; Fritid","article_modified_time":"2026-03-12T08:10:31+00:00","og_image":[{"width":2000,"height":2000,"url":"https:\/\/i0.wp.com\/truusk.se\/wp-content\/uploads\/2026\/01\/vaxthus-med-hyllor-vinterbestandigt-plastvaxthus-for-balkong-69-x-49-x-125-cm-transparent-1.webp?fit=2000%2C2000&ssl=1","type":"image\/webp"}],"twitter_card":"summary_large_image","twitter_misc":{"Ber\u00e4knad l\u00e4stid":"1 minut"},"schema":{"@context":"https:\/\/schema.org","@graph":[{"@type":"WebPage","@id":"https:\/\/truusk.store\/sv\/produkt\/truusk-vaxthus-med-hyllor-vinterbestandigt-plastvaxthus-for-balkong-69-x-49-x-125-cm-transparent\/","url":"https:\/\/truusk.store\/sv\/produkt\/truusk-vaxthus-med-hyllor-vinterbestandigt-plastvaxthus-for-balkong-69-x-49-x-125-cm-transparent\/","name":"TRUUSK V\u00e4xthus med Hyllor - Vinterbest\u00e4ndigt Plastv\u00e4xthus f\u00f6r Balkong - 69 x 49 x 125 cm - Transparent - TRUUSK - Hem, Tr\u00e4dg\u00e5rd &amp; Fritid","isPartOf":{"@id":"https:\/\/truusk.store\/sv\/#website"},"primaryImageOfPage":{"@id":"https:\/\/truusk.store\/sv\/produkt\/truusk-vaxthus-med-hyllor-vinterbestandigt-plastvaxthus-for-balkong-69-x-49-x-125-cm-transparent\/#primaryimage"},"image":{"@id":"https:\/\/truusk.store\/sv\/produkt\/truusk-vaxthus-med-hyllor-vinterbestandigt-plastvaxthus-for-balkong-69-x-49-x-125-cm-transparent\/#primaryimage"},"thumbnailUrl":"https:\/\/i0.wp.com\/truusk.store\/wp-content\/uploads\/2026\/01\/vaxthus-med-hyllor-vinterbestandigt-plastvaxthus-for-balkong-69-x-49-x-125-cm-transparent-1.webp?fit=2000%2C2000&ssl=1","datePublished":"2026-01-15T10:58:12+00:00","dateModified":"2026-03-12T08:10:31+00:00","breadcrumb":{"@id":"https:\/\/truusk.store\/sv\/produkt\/truusk-vaxthus-med-hyllor-vinterbestandigt-plastvaxthus-for-balkong-69-x-49-x-125-cm-transparent\/#breadcrumb"},"inLanguage":"sv-SE","potentialAction":[{"@type":"ReadAction","target":["https:\/\/truusk.store\/sv\/produkt\/truusk-vaxthus-med-hyllor-vinterbestandigt-plastvaxthus-for-balkong-69-x-49-x-125-cm-transparent\/"]}]},{"@type":"ImageObject","inLanguage":"sv-SE","@id":"https:\/\/truusk.store\/sv\/produkt\/truusk-vaxthus-med-hyllor-vinterbestandigt-plastvaxthus-for-balkong-69-x-49-x-125-cm-transparent\/#primaryimage","url":"https:\/\/i0.wp.com\/truusk.store\/wp-content\/uploads\/2026\/01\/vaxthus-med-hyllor-vinterbestandigt-plastvaxthus-for-balkong-69-x-49-x-125-cm-transparent-1.webp?fit=2000%2C2000&ssl=1","contentUrl":"https:\/\/i0.wp.com\/truusk.store\/wp-content\/uploads\/2026\/01\/vaxthus-med-hyllor-vinterbestandigt-plastvaxthus-for-balkong-69-x-49-x-125-cm-transparent-1.webp?fit=2000%2C2000&ssl=1","width":2000,"height":2000},{"@type":"BreadcrumbList","@id":"https:\/\/truusk.store\/sv\/produkt\/truusk-vaxthus-med-hyllor-vinterbestandigt-plastvaxthus-for-balkong-69-x-49-x-125-cm-transparent\/#breadcrumb","itemListElement":[{"@type":"ListItem","position":1,"name":"Home","item":"https:\/\/truusk.store\/sv\/"},{"@type":"ListItem","position":2,"name":"Shop","item":"https:\/\/truusk.store\/shop\/"},{"@type":"ListItem","position":3,"name":"TRUUSK V\u00e4xthus med Hyllor &#8211; Vinterbest\u00e4ndigt Plastv\u00e4xthus f\u00f6r Balkong &#8211; 69 x 49 x 125 cm &#8211; Transparent"}]},{"@type":"WebSite","@id":"https:\/\/truusk.store\/sv\/#website","url":"https:\/\/truusk.store\/sv\/","name":"TRUUSK - Hem, Tr\u00e4dg\u00e5rd & Fritid","description":"","publisher":{"@id":"https:\/\/truusk.store\/sv\/#organization"},"potentialAction":[{"@type":"SearchAction","target":{"@type":"EntryPoint","urlTemplate":"https:\/\/truusk.store\/sv\/?s={search_term_string}"},"query-input":{"@type":"PropertyValueSpecification","valueRequired":true,"valueName":"search_term_string"}}],"inLanguage":"sv-SE"},{"@type":"Organization","@id":"https:\/\/truusk.store\/sv\/#organization","name":"TRUUSK - Hem, Tr\u00e4dg\u00e5rd & Fritid","url":"https:\/\/truusk.store\/sv\/","logo":{"@type":"ImageObject","inLanguage":"sv-SE","@id":"https:\/\/truusk.store\/sv\/#\/schema\/logo\/image\/","url":"https:\/\/i0.wp.com\/truusk.store\/wp-content\/uploads\/2026\/03\/cropped-TRUUSK.png?fit=2032%2C917&ssl=1","contentUrl":"https:\/\/i0.wp.com\/truusk.store\/wp-content\/uploads\/2026\/03\/cropped-TRUUSK.png?fit=2032%2C917&ssl=1","width":2032,"height":917,"caption":"TRUUSK - Hem, Tr\u00e4dg\u00e5rd & Fritid"},"image":{"@id":"https:\/\/truusk.store\/sv\/#\/schema\/logo\/image\/"}}]}},"jetpack_sharing_enabled":true,"_links":{"self":[{"href":"https:\/\/truusk.store\/sv\/wp-json\/wp\/v2\/product\/99627","targetHints":{"allow":["GET"]}}],"collection":[{"href":"https:\/\/truusk.store\/sv\/wp-json\/wp\/v2\/product"}],"about":[{"href":"https:\/\/truusk.store\/sv\/wp-json\/wp\/v2\/types\/product"}],"wp:featuredmedia":[{"embeddable":true,"href":"https:\/\/truusk.store\/sv\/wp-json\/wp\/v2\/media\/99618"}],"wp:attachment":[{"href":"https:\/\/truusk.store\/sv\/wp-json\/wp\/v2\/media?parent=99627"}],"wp:term":[{"taxonomy":"product_brand","embeddable":true,"href":"https:\/\/truusk.store\/sv\/wp-json\/wp\/v2\/product_brand?post=99627"},{"taxonomy":"product_cat","embeddable":true,"href":"https:\/\/truusk.store\/sv\/wp-json\/wp\/v2\/product_cat?post=99627"},{"taxonomy":"product_tag","embeddable":true,"href":"https:\/\/truusk.store\/sv\/wp-json\/wp\/v2\/product_tag?post=99627"}],"curies":[{"name":"wp","href":"https:\/\/api.w.org\/{rel}","templated":true}]}}