{"id":99648,"date":"2026-01-15T12:02:55","date_gmt":"2026-01-15T11:02:55","guid":{"rendered":"https:\/\/truusk.store\/product\/2-i-1-sovsoffa-205-x-88-cm-soffa-med-baddfunktion-soffa-med-sittdynor-linneutseende-gra\/"},"modified":"2026-03-12T09:18:16","modified_gmt":"2026-03-12T08:18:16","slug":"truusk-2-i-1-soffa-med-baddfunktion-205-x-88-cm-sittdynor-gra-linneutseende","status":"publish","type":"product","link":"https:\/\/truusk.store\/sv\/produkt\/truusk-2-i-1-soffa-med-baddfunktion-205-x-88-cm-sittdynor-gra-linneutseende\/","title":{"rendered":"TRUUSK 2-i-1 Soffa med B\u00e4ddfunktion 205 x 88 cm &#8211; Sittdynor &#8211; Gr\u00e5 Linneutseende"},"content":{"rendered":"<p>Beh\u00f6ver du en tillf\u00e4llig s\u00e4ng men har begr\u00e4nsat utrymme? [BRAND NAME] b\u00e4ddsoffa \u00e4r den idealiska l\u00f6sningen: f\u00f6r att titta p\u00e5 TV, ta en tupplur eller som g\u00e4sts\u00e4ng. Perfekt f\u00f6r vardagsrum, sovrum eller hemmakontor &#8211; den bekv\u00e4ma b\u00e4ddsoffan ger avkopplande stunder \u00e5ret runt och g\u00f6r ditt hem \u00e4nnu mysigare!<\/p>\n<p>Beskrivning:<\/p>\n<ul>\n<li> Liten soffa med ett tuftat design och klara linjer utstr\u00e5lar en best\u00e5ende charm<\/li>\n<li> Kan enkelt omvandlas till en s\u00e4ng (f\u00f6r en person) eller anv\u00e4ndas som soffa<\/li>\n<li> B\u00e4ddsoffa med justerbar ryggst\u00f6d p\u00e5 tv\u00e5 niv\u00e5er f\u00f6r dig och tv\u00e5 ryggst\u00f6d kan lutas separat<\/li>\n<li> Idealisk f\u00f6r en tupplur eller f\u00f6r att husera en g\u00e4st \u00f6ver natten<\/li>\n<li> Ramen av massivt gummitr\u00e4 och extra f\u00f6tter skapar en robust struktur<\/li>\n<li> Tjock stoppning av b\u00e4ddsoffan med ett andningsbart tyg med linne-touch f\u00f6rb\u00e4ttrar komforten<\/li>\n<li> Montering kr\u00e4vs<\/li>\n<\/ul>\n<p> Tekniska data:<\/p>\n<ul>\n<li> F\u00e4rg: Gr\u00e5<\/li>\n<li> Material: Gummitr\u00e4, skum, tyg med linneutseende (100% polyester)<\/li>\n<li> Sofam\u00e5tt: 205L x 88B x 80H cm<\/li>\n<li> M\u00e5tt i s\u00e4ngl\u00e4ge: 205L x 104B x 62H cm<\/li>\n<li> Sittm\u00e5tt: 182L x 50T x 44H cm<\/li>\n<li> Sitskuddstjocklek: 26 cm<\/li>\n<li> Ryggst\u00f6dsm\u00e5tt: 43L x 182B x 36H cm (h\u00f6jd till sitt)<\/li>\n<li> Armst\u00f6dsm\u00e5tt: 11,5L x 66T x 17H cm (h\u00f6jd till sitt)<\/li>\n<li> Max. belastningskapacitet: 180 kg<\/li>\n<\/ul>\n<p>Leveransinneh\u00e5ll:<\/p>\n<ul>\n<li> 1 x B\u00e4ddsoffa<\/li>\n<li> 1 x Bruksanvisning<\/li>\n<li>Viktigt: Vi levererar artikeln till dig kostnadsfritt till trottoarkanten. Var noga med att ange korrekt adress och telefonnummer.<\/li>\n<\/ul>\n","protected":false},"excerpt":{"rendered":"<p>Beh\u00f6ver du en tillf\u00e4llig s\u00e4ng men har begr\u00e4nsat utrymme? [BRAND NAME] b\u00e4ddsoffa \u00e4r den idealiska l\u00f6sningen: f\u00f6r att titta p\u00e5&#8230;<\/p>\n","protected":false},"featured_media":99638,"template":"","meta":[],"product_brand":[],"product_cat":[871,937,910,974],"product_tag":[],"class_list":{"0":"post-99648","1":"product","2":"type-product","3":"status-publish","4":"has-post-thumbnail","6":"product_cat-hus-hem","7":"product_cat-soffor","8":"product_cat-vardagsrum","9":"product_cat-zweisitzer","11":"first","12":"instock","13":"sale","14":"taxable","15":"shipping-taxable","16":"purchasable","17":"product-type-simple"},"yoast_head":"<!-- This site is optimized with the Yoast SEO plugin v25.4 - https:\/\/yoast.com\/wordpress\/plugins\/seo\/ -->\n<title>TRUUSK 2-i-1 Soffa med B\u00e4ddfunktion 205 x 88 cm - Sittdynor - Gr\u00e5 Linneutseende - TRUUSK - Hem, Tr\u00e4dg\u00e5rd &amp; Fritid<\/title>\n<meta name=\"robots\" content=\"index, follow, max-snippet:-1, max-image-preview:large, max-video-preview:-1\" \/>\n<link rel=\"canonical\" href=\"https:\/\/truusk.store\/sv\/produkt\/truusk-2-i-1-soffa-med-baddfunktion-205-x-88-cm-sittdynor-gra-linneutseende\/\" \/>\n<meta property=\"og:locale\" content=\"sv_SE\" \/>\n<meta property=\"og:type\" content=\"article\" \/>\n<meta property=\"og:title\" content=\"TRUUSK 2-i-1 Soffa med B\u00e4ddfunktion 205 x 88 cm - Sittdynor - Gr\u00e5 Linneutseende - TRUUSK - Hem, Tr\u00e4dg\u00e5rd &amp; Fritid\" \/>\n<meta property=\"og:description\" content=\"Beh\u00f6ver du en tillf\u00e4llig s\u00e4ng men har begr\u00e4nsat utrymme? [BRAND NAME] b\u00e4ddsoffa \u00e4r den idealiska l\u00f6sningen: f\u00f6r att titta p\u00e5...\" \/>\n<meta property=\"og:url\" content=\"https:\/\/truusk.store\/sv\/produkt\/truusk-2-i-1-soffa-med-baddfunktion-205-x-88-cm-sittdynor-gra-linneutseende\/\" \/>\n<meta property=\"og:site_name\" content=\"TRUUSK - Hem, Tr\u00e4dg\u00e5rd &amp; Fritid\" \/>\n<meta property=\"article:modified_time\" content=\"2026-03-12T08:18:16+00:00\" \/>\n<meta property=\"og:image\" content=\"https:\/\/i0.wp.com\/truusk.se\/wp-content\/uploads\/2026\/01\/2-i-1-sovsoffa-205-x-88-cm-soffa-med-baddfunktion-soffa-med-sittdynor-linneutseende-gra-1.webp?fit=2000%2C2000&ssl=1\" \/>\n\t<meta property=\"og:image:width\" content=\"2000\" \/>\n\t<meta property=\"og:image:height\" content=\"2000\" \/>\n\t<meta property=\"og:image:type\" content=\"image\/webp\" \/>\n<meta name=\"twitter:card\" content=\"summary_large_image\" \/>\n<meta name=\"twitter:label1\" content=\"Ber\u00e4knad l\u00e4stid\" \/>\n\t<meta name=\"twitter:data1\" content=\"1 minut\" \/>\n<!-- \/ Yoast SEO plugin. -->","yoast_head_json":{"title":"TRUUSK 2-i-1 Soffa med B\u00e4ddfunktion 205 x 88 cm - Sittdynor - Gr\u00e5 Linneutseende - TRUUSK - Hem, Tr\u00e4dg\u00e5rd &amp; Fritid","robots":{"index":"index","follow":"follow","max-snippet":"max-snippet:-1","max-image-preview":"max-image-preview:large","max-video-preview":"max-video-preview:-1"},"canonical":"https:\/\/truusk.store\/sv\/produkt\/truusk-2-i-1-soffa-med-baddfunktion-205-x-88-cm-sittdynor-gra-linneutseende\/","og_locale":"sv_SE","og_type":"article","og_title":"TRUUSK 2-i-1 Soffa med B\u00e4ddfunktion 205 x 88 cm - Sittdynor - Gr\u00e5 Linneutseende - TRUUSK - Hem, Tr\u00e4dg\u00e5rd &amp; Fritid","og_description":"Beh\u00f6ver du en tillf\u00e4llig s\u00e4ng men har begr\u00e4nsat utrymme? [BRAND NAME] b\u00e4ddsoffa \u00e4r den idealiska l\u00f6sningen: f\u00f6r att titta p\u00e5...","og_url":"https:\/\/truusk.store\/sv\/produkt\/truusk-2-i-1-soffa-med-baddfunktion-205-x-88-cm-sittdynor-gra-linneutseende\/","og_site_name":"TRUUSK - Hem, Tr\u00e4dg\u00e5rd &amp; Fritid","article_modified_time":"2026-03-12T08:18:16+00:00","og_image":[{"width":2000,"height":2000,"url":"https:\/\/i0.wp.com\/truusk.se\/wp-content\/uploads\/2026\/01\/2-i-1-sovsoffa-205-x-88-cm-soffa-med-baddfunktion-soffa-med-sittdynor-linneutseende-gra-1.webp?fit=2000%2C2000&ssl=1","type":"image\/webp"}],"twitter_card":"summary_large_image","twitter_misc":{"Ber\u00e4knad l\u00e4stid":"1 minut"},"schema":{"@context":"https:\/\/schema.org","@graph":[{"@type":"WebPage","@id":"https:\/\/truusk.store\/sv\/produkt\/truusk-2-i-1-soffa-med-baddfunktion-205-x-88-cm-sittdynor-gra-linneutseende\/","url":"https:\/\/truusk.store\/sv\/produkt\/truusk-2-i-1-soffa-med-baddfunktion-205-x-88-cm-sittdynor-gra-linneutseende\/","name":"TRUUSK 2-i-1 Soffa med B\u00e4ddfunktion 205 x 88 cm - Sittdynor - Gr\u00e5 Linneutseende - TRUUSK - Hem, Tr\u00e4dg\u00e5rd &amp; Fritid","isPartOf":{"@id":"https:\/\/truusk.store\/sv\/#website"},"primaryImageOfPage":{"@id":"https:\/\/truusk.store\/sv\/produkt\/truusk-2-i-1-soffa-med-baddfunktion-205-x-88-cm-sittdynor-gra-linneutseende\/#primaryimage"},"image":{"@id":"https:\/\/truusk.store\/sv\/produkt\/truusk-2-i-1-soffa-med-baddfunktion-205-x-88-cm-sittdynor-gra-linneutseende\/#primaryimage"},"thumbnailUrl":"https:\/\/i0.wp.com\/truusk.store\/wp-content\/uploads\/2026\/01\/2-i-1-sovsoffa-205-x-88-cm-soffa-med-baddfunktion-soffa-med-sittdynor-linneutseende-gra-1.webp?fit=2000%2C2000&ssl=1","datePublished":"2026-01-15T11:02:55+00:00","dateModified":"2026-03-12T08:18:16+00:00","breadcrumb":{"@id":"https:\/\/truusk.store\/sv\/produkt\/truusk-2-i-1-soffa-med-baddfunktion-205-x-88-cm-sittdynor-gra-linneutseende\/#breadcrumb"},"inLanguage":"sv-SE","potentialAction":[{"@type":"ReadAction","target":["https:\/\/truusk.store\/sv\/produkt\/truusk-2-i-1-soffa-med-baddfunktion-205-x-88-cm-sittdynor-gra-linneutseende\/"]}]},{"@type":"ImageObject","inLanguage":"sv-SE","@id":"https:\/\/truusk.store\/sv\/produkt\/truusk-2-i-1-soffa-med-baddfunktion-205-x-88-cm-sittdynor-gra-linneutseende\/#primaryimage","url":"https:\/\/i0.wp.com\/truusk.store\/wp-content\/uploads\/2026\/01\/2-i-1-sovsoffa-205-x-88-cm-soffa-med-baddfunktion-soffa-med-sittdynor-linneutseende-gra-1.webp?fit=2000%2C2000&ssl=1","contentUrl":"https:\/\/i0.wp.com\/truusk.store\/wp-content\/uploads\/2026\/01\/2-i-1-sovsoffa-205-x-88-cm-soffa-med-baddfunktion-soffa-med-sittdynor-linneutseende-gra-1.webp?fit=2000%2C2000&ssl=1","width":2000,"height":2000},{"@type":"BreadcrumbList","@id":"https:\/\/truusk.store\/sv\/produkt\/truusk-2-i-1-soffa-med-baddfunktion-205-x-88-cm-sittdynor-gra-linneutseende\/#breadcrumb","itemListElement":[{"@type":"ListItem","position":1,"name":"Home","item":"https:\/\/truusk.store\/sv\/"},{"@type":"ListItem","position":2,"name":"Shop","item":"https:\/\/truusk.store\/shop\/"},{"@type":"ListItem","position":3,"name":"TRUUSK 2-i-1 Soffa med B\u00e4ddfunktion 205 x 88 cm &#8211; Sittdynor &#8211; Gr\u00e5 Linneutseende"}]},{"@type":"WebSite","@id":"https:\/\/truusk.store\/sv\/#website","url":"https:\/\/truusk.store\/sv\/","name":"TRUUSK - Hem, Tr\u00e4dg\u00e5rd & Fritid","description":"","publisher":{"@id":"https:\/\/truusk.store\/sv\/#organization"},"potentialAction":[{"@type":"SearchAction","target":{"@type":"EntryPoint","urlTemplate":"https:\/\/truusk.store\/sv\/?s={search_term_string}"},"query-input":{"@type":"PropertyValueSpecification","valueRequired":true,"valueName":"search_term_string"}}],"inLanguage":"sv-SE"},{"@type":"Organization","@id":"https:\/\/truusk.store\/sv\/#organization","name":"TRUUSK - Hem, Tr\u00e4dg\u00e5rd & Fritid","url":"https:\/\/truusk.store\/sv\/","logo":{"@type":"ImageObject","inLanguage":"sv-SE","@id":"https:\/\/truusk.store\/sv\/#\/schema\/logo\/image\/","url":"https:\/\/i0.wp.com\/truusk.store\/wp-content\/uploads\/2026\/03\/cropped-TRUUSK.png?fit=2032%2C917&ssl=1","contentUrl":"https:\/\/i0.wp.com\/truusk.store\/wp-content\/uploads\/2026\/03\/cropped-TRUUSK.png?fit=2032%2C917&ssl=1","width":2032,"height":917,"caption":"TRUUSK - Hem, Tr\u00e4dg\u00e5rd & Fritid"},"image":{"@id":"https:\/\/truusk.store\/sv\/#\/schema\/logo\/image\/"}}]}},"jetpack_sharing_enabled":true,"_links":{"self":[{"href":"https:\/\/truusk.store\/sv\/wp-json\/wp\/v2\/product\/99648","targetHints":{"allow":["GET"]}}],"collection":[{"href":"https:\/\/truusk.store\/sv\/wp-json\/wp\/v2\/product"}],"about":[{"href":"https:\/\/truusk.store\/sv\/wp-json\/wp\/v2\/types\/product"}],"wp:featuredmedia":[{"embeddable":true,"href":"https:\/\/truusk.store\/sv\/wp-json\/wp\/v2\/media\/99638"}],"wp:attachment":[{"href":"https:\/\/truusk.store\/sv\/wp-json\/wp\/v2\/media?parent=99648"}],"wp:term":[{"taxonomy":"product_brand","embeddable":true,"href":"https:\/\/truusk.store\/sv\/wp-json\/wp\/v2\/product_brand?post=99648"},{"taxonomy":"product_cat","embeddable":true,"href":"https:\/\/truusk.store\/sv\/wp-json\/wp\/v2\/product_cat?post=99648"},{"taxonomy":"product_tag","embeddable":true,"href":"https:\/\/truusk.store\/sv\/wp-json\/wp\/v2\/product_tag?post=99648"}],"curies":[{"name":"wp","href":"https:\/\/api.w.org\/{rel}","templated":true}]}}