{"id":99657,"date":"2026-01-15T12:04:03","date_gmt":"2026-01-15T11:04:03","guid":{"rendered":"https:\/\/truusk.store\/product\/vaxthus-med-sidofonster-upprullbar-dorr-vindtat-stalram-plastduk-vit-200-x-76-x-168-cm\/"},"modified":"2026-03-12T09:21:13","modified_gmt":"2026-03-12T08:21:13","slug":"truusk-vaxthus-med-sidofonster-upprullbar-dorr-vindtat-stalram-plastduk-vit-200-x-76-x-168-cm","status":"publish","type":"product","link":"https:\/\/truusk.store\/sv\/produkt\/truusk-vaxthus-med-sidofonster-upprullbar-dorr-vindtat-stalram-plastduk-vit-200-x-76-x-168-cm\/","title":{"rendered":"TRUUSK V\u00e4xthus med Sidof\u00f6nster &#8211; Upprullbar D\u00f6rr &#8211; Vindt\u00e4t &#8211; St\u00e5lram &#8211; Plastduk &#8211; Vit &#8211; 200 x 76 x 168 cm"},"content":{"rendered":"<p>Anv\u00e4nd det kompakta [BRAND NAME] v\u00e4xthuset p\u00e5 v\u00e5ren eller senh\u00f6sten f\u00f6r att ta hand om dina v\u00e4xter p\u00e5 b\u00e4sta s\u00e4tt. Den robusta st\u00e5lramen och det praktiska tillbeh\u00f6ret till kallb\u00e4nken garanterar stabilitet, medan plastduken skyddar mot v\u00e4der och djur och lagrar v\u00e4rme. Tack vare den upprullbara d\u00f6rren till tomatv\u00e4xthuset \u00e4r dina v\u00e4xter l\u00e4ttillg\u00e4ngliga.<\/p>\n<p>Beskrivning:<\/p>\n<ul>\n<li> L\u00e4mplig f\u00f6r anv\u00e4ndning \u00e5ret runt<\/li>\n<li> Detta tomatv\u00e4xthus skyddar mot vatten, l\u00e4tt vind och skadlig solstr\u00e5lning, tack vare den UV-resistenta plastduken<\/li>\n<li> Stor rullande d\u00f6rr till tomatv\u00e4xthuset m\u00f6jligg\u00f6r bekv\u00e4m in- och utg\u00e5ng<\/li>\n<li> Med fyra sp\u00e4nnlinor och fyra t\u00e4ltspikar f\u00f6r extra stabilitet<\/li>\n<li> Extra l\u00e5ng kant p\u00e5 duken kan v\u00e4gas ner eller gr\u00e4vas ner<\/li>\n<li> Montering kr\u00e4vs<\/li>\n<\/ul>\n<p> Tekniska data:<\/p>\n<ul>\n<li> F\u00e4rg: Vit<\/li>\n<li> Material: St\u00e5l, plast<\/li>\n<li> Storlek: 200L x 76B x 150\/168H cm<\/li>\n<li> D\u00f6rrstorlek: 120B x 145H cm<\/li>\n<li> Vindt\u00e4thetsniv\u00e5: 4 (vindhastighet under 28 km\/h)<\/li>\n<li> Tjocklek p\u00e5 duken: 140 g\/m\u00b2<\/li>\n<li> Mask: 36 g\/m\u00b2<\/li>\n<\/ul>\n<p>Inneh\u00e5ll:<\/p>\n<ul>\n<li> 1 x v\u00e4xthus<\/li>\n<li> 4 x t\u00e4ltspikar<\/li>\n<li> 4 x sp\u00e4nnlinor<\/li>\n<li> 1 x instruktioner<\/li>\n<\/ul>\n","protected":false},"excerpt":{"rendered":"<p>Anv\u00e4nd det kompakta [BRAND NAME] v\u00e4xthuset p\u00e5 v\u00e5ren eller senh\u00f6sten f\u00f6r att ta hand om dina v\u00e4xter p\u00e5 b\u00e4sta s\u00e4tt&#8230;.<\/p>\n","protected":false},"featured_media":99647,"template":"","meta":[],"product_brand":[],"product_cat":[1025,858,443],"product_tag":[],"class_list":{"0":"post-99657","1":"product","2":"type-product","3":"status-publish","4":"has-post-thumbnail","6":"product_cat-plastfilmvaxthus","7":"product_cat-tradgard-terrass","8":"product_cat-vaxthus-tradgardsskotsel","10":"first","11":"instock","12":"sale","13":"taxable","14":"shipping-taxable","15":"purchasable","16":"product-type-simple"},"yoast_head":"<!-- This site is optimized with the Yoast SEO plugin v25.4 - https:\/\/yoast.com\/wordpress\/plugins\/seo\/ -->\n<title>TRUUSK V\u00e4xthus med Sidof\u00f6nster - Upprullbar D\u00f6rr - Vindt\u00e4t - St\u00e5lram - Plastduk - Vit - 200 x 76 x 168 cm - TRUUSK - Hem, Tr\u00e4dg\u00e5rd &amp; Fritid<\/title>\n<meta name=\"robots\" content=\"index, follow, max-snippet:-1, max-image-preview:large, max-video-preview:-1\" \/>\n<link rel=\"canonical\" href=\"https:\/\/truusk.store\/sv\/produkt\/truusk-vaxthus-med-sidofonster-upprullbar-dorr-vindtat-stalram-plastduk-vit-200-x-76-x-168-cm\/\" \/>\n<meta property=\"og:locale\" content=\"sv_SE\" \/>\n<meta property=\"og:type\" content=\"article\" \/>\n<meta property=\"og:title\" content=\"TRUUSK V\u00e4xthus med Sidof\u00f6nster - Upprullbar D\u00f6rr - Vindt\u00e4t - St\u00e5lram - Plastduk - Vit - 200 x 76 x 168 cm - TRUUSK - Hem, Tr\u00e4dg\u00e5rd &amp; Fritid\" \/>\n<meta property=\"og:description\" content=\"Anv\u00e4nd det kompakta [BRAND NAME] v\u00e4xthuset p\u00e5 v\u00e5ren eller senh\u00f6sten f\u00f6r att ta hand om dina v\u00e4xter p\u00e5 b\u00e4sta s\u00e4tt....\" \/>\n<meta property=\"og:url\" content=\"https:\/\/truusk.store\/sv\/produkt\/truusk-vaxthus-med-sidofonster-upprullbar-dorr-vindtat-stalram-plastduk-vit-200-x-76-x-168-cm\/\" \/>\n<meta property=\"og:site_name\" content=\"TRUUSK - Hem, Tr\u00e4dg\u00e5rd &amp; Fritid\" \/>\n<meta property=\"article:modified_time\" content=\"2026-03-12T08:21:13+00:00\" \/>\n<meta property=\"og:image\" content=\"https:\/\/i0.wp.com\/truusk.se\/wp-content\/uploads\/2026\/01\/vaxthus-med-sidofonster-upprullbar-dorr-vindtat-stalram-plastduk-vit-200-x-76-x-168-cm-1.webp?fit=2000%2C2000&ssl=1\" \/>\n\t<meta property=\"og:image:width\" content=\"2000\" \/>\n\t<meta property=\"og:image:height\" content=\"2000\" \/>\n\t<meta property=\"og:image:type\" content=\"image\/webp\" \/>\n<meta name=\"twitter:card\" content=\"summary_large_image\" \/>\n<meta name=\"twitter:label1\" content=\"Ber\u00e4knad l\u00e4stid\" \/>\n\t<meta name=\"twitter:data1\" content=\"1 minut\" \/>\n<!-- \/ Yoast SEO plugin. -->","yoast_head_json":{"title":"TRUUSK V\u00e4xthus med Sidof\u00f6nster - Upprullbar D\u00f6rr - Vindt\u00e4t - St\u00e5lram - Plastduk - Vit - 200 x 76 x 168 cm - TRUUSK - Hem, Tr\u00e4dg\u00e5rd &amp; Fritid","robots":{"index":"index","follow":"follow","max-snippet":"max-snippet:-1","max-image-preview":"max-image-preview:large","max-video-preview":"max-video-preview:-1"},"canonical":"https:\/\/truusk.store\/sv\/produkt\/truusk-vaxthus-med-sidofonster-upprullbar-dorr-vindtat-stalram-plastduk-vit-200-x-76-x-168-cm\/","og_locale":"sv_SE","og_type":"article","og_title":"TRUUSK V\u00e4xthus med Sidof\u00f6nster - Upprullbar D\u00f6rr - Vindt\u00e4t - St\u00e5lram - Plastduk - Vit - 200 x 76 x 168 cm - TRUUSK - Hem, Tr\u00e4dg\u00e5rd &amp; Fritid","og_description":"Anv\u00e4nd det kompakta [BRAND NAME] v\u00e4xthuset p\u00e5 v\u00e5ren eller senh\u00f6sten f\u00f6r att ta hand om dina v\u00e4xter p\u00e5 b\u00e4sta s\u00e4tt....","og_url":"https:\/\/truusk.store\/sv\/produkt\/truusk-vaxthus-med-sidofonster-upprullbar-dorr-vindtat-stalram-plastduk-vit-200-x-76-x-168-cm\/","og_site_name":"TRUUSK - Hem, Tr\u00e4dg\u00e5rd &amp; Fritid","article_modified_time":"2026-03-12T08:21:13+00:00","og_image":[{"width":2000,"height":2000,"url":"https:\/\/i0.wp.com\/truusk.se\/wp-content\/uploads\/2026\/01\/vaxthus-med-sidofonster-upprullbar-dorr-vindtat-stalram-plastduk-vit-200-x-76-x-168-cm-1.webp?fit=2000%2C2000&ssl=1","type":"image\/webp"}],"twitter_card":"summary_large_image","twitter_misc":{"Ber\u00e4knad l\u00e4stid":"1 minut"},"schema":{"@context":"https:\/\/schema.org","@graph":[{"@type":"WebPage","@id":"https:\/\/truusk.store\/sv\/produkt\/truusk-vaxthus-med-sidofonster-upprullbar-dorr-vindtat-stalram-plastduk-vit-200-x-76-x-168-cm\/","url":"https:\/\/truusk.store\/sv\/produkt\/truusk-vaxthus-med-sidofonster-upprullbar-dorr-vindtat-stalram-plastduk-vit-200-x-76-x-168-cm\/","name":"TRUUSK V\u00e4xthus med Sidof\u00f6nster - Upprullbar D\u00f6rr - Vindt\u00e4t - St\u00e5lram - Plastduk - Vit - 200 x 76 x 168 cm - TRUUSK - Hem, Tr\u00e4dg\u00e5rd &amp; Fritid","isPartOf":{"@id":"https:\/\/truusk.store\/sv\/#website"},"primaryImageOfPage":{"@id":"https:\/\/truusk.store\/sv\/produkt\/truusk-vaxthus-med-sidofonster-upprullbar-dorr-vindtat-stalram-plastduk-vit-200-x-76-x-168-cm\/#primaryimage"},"image":{"@id":"https:\/\/truusk.store\/sv\/produkt\/truusk-vaxthus-med-sidofonster-upprullbar-dorr-vindtat-stalram-plastduk-vit-200-x-76-x-168-cm\/#primaryimage"},"thumbnailUrl":"https:\/\/i0.wp.com\/truusk.store\/wp-content\/uploads\/2026\/01\/vaxthus-med-sidofonster-upprullbar-dorr-vindtat-stalram-plastduk-vit-200-x-76-x-168-cm-1.webp?fit=2000%2C2000&ssl=1","datePublished":"2026-01-15T11:04:03+00:00","dateModified":"2026-03-12T08:21:13+00:00","breadcrumb":{"@id":"https:\/\/truusk.store\/sv\/produkt\/truusk-vaxthus-med-sidofonster-upprullbar-dorr-vindtat-stalram-plastduk-vit-200-x-76-x-168-cm\/#breadcrumb"},"inLanguage":"sv-SE","potentialAction":[{"@type":"ReadAction","target":["https:\/\/truusk.store\/sv\/produkt\/truusk-vaxthus-med-sidofonster-upprullbar-dorr-vindtat-stalram-plastduk-vit-200-x-76-x-168-cm\/"]}]},{"@type":"ImageObject","inLanguage":"sv-SE","@id":"https:\/\/truusk.store\/sv\/produkt\/truusk-vaxthus-med-sidofonster-upprullbar-dorr-vindtat-stalram-plastduk-vit-200-x-76-x-168-cm\/#primaryimage","url":"https:\/\/i0.wp.com\/truusk.store\/wp-content\/uploads\/2026\/01\/vaxthus-med-sidofonster-upprullbar-dorr-vindtat-stalram-plastduk-vit-200-x-76-x-168-cm-1.webp?fit=2000%2C2000&ssl=1","contentUrl":"https:\/\/i0.wp.com\/truusk.store\/wp-content\/uploads\/2026\/01\/vaxthus-med-sidofonster-upprullbar-dorr-vindtat-stalram-plastduk-vit-200-x-76-x-168-cm-1.webp?fit=2000%2C2000&ssl=1","width":2000,"height":2000},{"@type":"BreadcrumbList","@id":"https:\/\/truusk.store\/sv\/produkt\/truusk-vaxthus-med-sidofonster-upprullbar-dorr-vindtat-stalram-plastduk-vit-200-x-76-x-168-cm\/#breadcrumb","itemListElement":[{"@type":"ListItem","position":1,"name":"Home","item":"https:\/\/truusk.store\/sv\/"},{"@type":"ListItem","position":2,"name":"Shop","item":"https:\/\/truusk.store\/shop\/"},{"@type":"ListItem","position":3,"name":"TRUUSK V\u00e4xthus med Sidof\u00f6nster &#8211; Upprullbar D\u00f6rr &#8211; Vindt\u00e4t &#8211; St\u00e5lram &#8211; Plastduk &#8211; Vit &#8211; 200 x 76 x 168 cm"}]},{"@type":"WebSite","@id":"https:\/\/truusk.store\/sv\/#website","url":"https:\/\/truusk.store\/sv\/","name":"TRUUSK - Hem, Tr\u00e4dg\u00e5rd & Fritid","description":"","publisher":{"@id":"https:\/\/truusk.store\/sv\/#organization"},"potentialAction":[{"@type":"SearchAction","target":{"@type":"EntryPoint","urlTemplate":"https:\/\/truusk.store\/sv\/?s={search_term_string}"},"query-input":{"@type":"PropertyValueSpecification","valueRequired":true,"valueName":"search_term_string"}}],"inLanguage":"sv-SE"},{"@type":"Organization","@id":"https:\/\/truusk.store\/sv\/#organization","name":"TRUUSK - Hem, Tr\u00e4dg\u00e5rd & Fritid","url":"https:\/\/truusk.store\/sv\/","logo":{"@type":"ImageObject","inLanguage":"sv-SE","@id":"https:\/\/truusk.store\/sv\/#\/schema\/logo\/image\/","url":"https:\/\/i0.wp.com\/truusk.store\/wp-content\/uploads\/2026\/03\/cropped-TRUUSK.png?fit=2032%2C917&ssl=1","contentUrl":"https:\/\/i0.wp.com\/truusk.store\/wp-content\/uploads\/2026\/03\/cropped-TRUUSK.png?fit=2032%2C917&ssl=1","width":2032,"height":917,"caption":"TRUUSK - Hem, Tr\u00e4dg\u00e5rd & Fritid"},"image":{"@id":"https:\/\/truusk.store\/sv\/#\/schema\/logo\/image\/"}}]}},"jetpack_sharing_enabled":true,"_links":{"self":[{"href":"https:\/\/truusk.store\/sv\/wp-json\/wp\/v2\/product\/99657","targetHints":{"allow":["GET"]}}],"collection":[{"href":"https:\/\/truusk.store\/sv\/wp-json\/wp\/v2\/product"}],"about":[{"href":"https:\/\/truusk.store\/sv\/wp-json\/wp\/v2\/types\/product"}],"wp:featuredmedia":[{"embeddable":true,"href":"https:\/\/truusk.store\/sv\/wp-json\/wp\/v2\/media\/99647"}],"wp:attachment":[{"href":"https:\/\/truusk.store\/sv\/wp-json\/wp\/v2\/media?parent=99657"}],"wp:term":[{"taxonomy":"product_brand","embeddable":true,"href":"https:\/\/truusk.store\/sv\/wp-json\/wp\/v2\/product_brand?post=99657"},{"taxonomy":"product_cat","embeddable":true,"href":"https:\/\/truusk.store\/sv\/wp-json\/wp\/v2\/product_cat?post=99657"},{"taxonomy":"product_tag","embeddable":true,"href":"https:\/\/truusk.store\/sv\/wp-json\/wp\/v2\/product_tag?post=99657"}],"curies":[{"name":"wp","href":"https:\/\/api.w.org\/{rel}","templated":true}]}}