{"id":99697,"date":"2026-01-15T12:09:27","date_gmt":"2026-01-15T11:09:27","guid":{"rendered":"https:\/\/truusk.store\/product\/soffa-sang-6-stegs-justerbar-ryggstod-linneutseende-upp-till-150-kg-ljusgra\/"},"modified":"2026-03-12T09:33:19","modified_gmt":"2026-03-12T08:33:19","slug":"truusk-soffa-sang-6-stegs-justerbar-ryggstod-linneutseende-upp-till-150-kg-ljusgra","status":"publish","type":"product","link":"https:\/\/truusk.store\/sv\/produkt\/truusk-soffa-sang-6-stegs-justerbar-ryggstod-linneutseende-upp-till-150-kg-ljusgra\/","title":{"rendered":"TRUUSK Soffa-s\u00e4ng &#8211; 6-stegs Justerbar Ryggst\u00f6d &#8211; Linneutseende &#8211; Upp Till 150 Kg &#8211; Ljusgr\u00e5"},"content":{"rendered":"<p>Uppt\u00e4ck [BRAND NAME] f\u00e4llstolen med sovfunktion &#8211; den perfekta komfortunderverket! Denna eleganta m\u00f6bel kombinerar stil och funktionalitet p\u00e5 ett imponerande s\u00e4tt. Njut av avkopplande timmar, ta en tupplur eller streama dina favoritvideor i o\u00f6vertr\u00e4ffad bekv\u00e4mlighet. Med sin kompakta design \u00e4r denna sovstol idealisk f\u00f6r sm\u00e5 utrymmen och erbjuder dig ultimat mysighet. Den fungerar ocks\u00e5 alltid underbart som en g\u00e4sts\u00e4ng.<\/p>\n<p>Beskrivning:<\/p>\n<ul>\n<li> Kan anv\u00e4ndas som relaxstol, liggstol och g\u00e4sts\u00e4ng f\u00f6r \u00f6vernattningar<\/li>\n<li> 6-stegs justerbar ryggst\u00f6d p\u00e5 sovstolen: 100\u00b0, 115\u00b0, 125\u00b0, 140\u00b0, 160\u00b0, 180\u00b0<\/li>\n<li> Andningsbart fodral i linneutseende \u00e4r rynkfritt och slitstarkt<\/li>\n<li> Extra kudde och vadderad sits f\u00f6r maximal komfort<\/li>\n<li> Knapph\u00e4ftning och dekorerade sidokanter ger en elegant touch<\/li>\n<li> St\u00e5lramen p\u00e5 sovstolen med sovfunktion f\u00f6r stabilitet och h\u00e5llbarhet<\/li>\n<li> Enkel montering kr\u00e4vs<\/li>\n<\/ul>\n<p> Tekniska data:<\/p>\n<ul>\n<li> F\u00e4rg: Ljusgr\u00e5<\/li>\n<li> Material: Linneimitation (100% polyester), skum, st\u00e5l, gummitr\u00e4<\/li>\n<li> Soffm\u00e5tt: 72L x 78B x 79H cm<\/li>\n<li> S\u00e4ngm\u00e5tt: 72B x 190T x 25H cm<\/li>\n<li> Sitsstorlek: 72B x 62T cm<\/li>\n<li> Tjocklek p\u00e5 sitsen: 11 cm<\/li>\n<li> Ryggst\u00f6dets storlek: 72B x 41H cm<\/li>\n<li> Kuddstorlek: 60L x 34B cm<\/li>\n<li> B\u00e4rkapacitet: 150 kg<\/li>\n<li> Artikelvikt: 20 kg<\/li>\n<\/ul>\n<p> Leveransinneh\u00e5ll:<\/p>\n<ul>\n<li> 1 x b\u00e4ddsoffa<\/li>\n<li> 1 x huvudkudde<\/li>\n<li> 1 x instruktion<\/li>\n<\/ul>\n","protected":false},"excerpt":{"rendered":"<p>Uppt\u00e4ck [BRAND NAME] f\u00e4llstolen med sovfunktion &#8211; den perfekta komfortunderverket! Denna eleganta m\u00f6bel kombinerar stil och funktionalitet p\u00e5 ett imponerande&#8230;<\/p>\n","protected":false},"featured_media":99680,"template":"","meta":[],"product_brand":[],"product_cat":[521,871,951,910],"product_tag":[],"class_list":{"0":"post-99697","1":"product","2":"type-product","3":"status-publish","4":"has-post-thumbnail","6":"product_cat-fatolj","7":"product_cat-hus-hem","8":"product_cat-schlafsessel","9":"product_cat-vardagsrum","11":"first","12":"instock","13":"sale","14":"taxable","15":"shipping-taxable","16":"purchasable","17":"product-type-simple"},"yoast_head":"<!-- This site is optimized with the Yoast SEO plugin v25.4 - https:\/\/yoast.com\/wordpress\/plugins\/seo\/ -->\n<title>TRUUSK Soffa-s\u00e4ng - 6-stegs Justerbar Ryggst\u00f6d - Linneutseende - Upp Till 150 Kg - Ljusgr\u00e5 - TRUUSK - Hem, Tr\u00e4dg\u00e5rd &amp; Fritid<\/title>\n<meta name=\"robots\" content=\"index, follow, max-snippet:-1, max-image-preview:large, max-video-preview:-1\" \/>\n<link rel=\"canonical\" href=\"https:\/\/truusk.store\/sv\/produkt\/truusk-soffa-sang-6-stegs-justerbar-ryggstod-linneutseende-upp-till-150-kg-ljusgra\/\" \/>\n<meta property=\"og:locale\" content=\"sv_SE\" \/>\n<meta property=\"og:type\" content=\"article\" \/>\n<meta property=\"og:title\" content=\"TRUUSK Soffa-s\u00e4ng - 6-stegs Justerbar Ryggst\u00f6d - Linneutseende - Upp Till 150 Kg - Ljusgr\u00e5 - TRUUSK - Hem, Tr\u00e4dg\u00e5rd &amp; Fritid\" \/>\n<meta property=\"og:description\" content=\"Uppt\u00e4ck [BRAND NAME] f\u00e4llstolen med sovfunktion &#8211; den perfekta komfortunderverket! Denna eleganta m\u00f6bel kombinerar stil och funktionalitet p\u00e5 ett imponerande...\" \/>\n<meta property=\"og:url\" content=\"https:\/\/truusk.store\/sv\/produkt\/truusk-soffa-sang-6-stegs-justerbar-ryggstod-linneutseende-upp-till-150-kg-ljusgra\/\" \/>\n<meta property=\"og:site_name\" content=\"TRUUSK - Hem, Tr\u00e4dg\u00e5rd &amp; Fritid\" \/>\n<meta property=\"article:modified_time\" content=\"2026-03-12T08:33:19+00:00\" \/>\n<meta property=\"og:image\" content=\"https:\/\/i0.wp.com\/truusk.se\/wp-content\/uploads\/2026\/01\/soffa-sang-6-stegs-justerbar-ryggstod-linneutseende-upp-till-150-kg-ljusgra-1.webp?fit=2000%2C2000&ssl=1\" \/>\n\t<meta property=\"og:image:width\" content=\"2000\" \/>\n\t<meta property=\"og:image:height\" content=\"2000\" \/>\n\t<meta property=\"og:image:type\" content=\"image\/webp\" \/>\n<meta name=\"twitter:card\" content=\"summary_large_image\" \/>\n<meta name=\"twitter:label1\" content=\"Ber\u00e4knad l\u00e4stid\" \/>\n\t<meta name=\"twitter:data1\" content=\"1 minut\" \/>\n<!-- \/ Yoast SEO plugin. -->","yoast_head_json":{"title":"TRUUSK Soffa-s\u00e4ng - 6-stegs Justerbar Ryggst\u00f6d - Linneutseende - Upp Till 150 Kg - Ljusgr\u00e5 - TRUUSK - Hem, Tr\u00e4dg\u00e5rd &amp; Fritid","robots":{"index":"index","follow":"follow","max-snippet":"max-snippet:-1","max-image-preview":"max-image-preview:large","max-video-preview":"max-video-preview:-1"},"canonical":"https:\/\/truusk.store\/sv\/produkt\/truusk-soffa-sang-6-stegs-justerbar-ryggstod-linneutseende-upp-till-150-kg-ljusgra\/","og_locale":"sv_SE","og_type":"article","og_title":"TRUUSK Soffa-s\u00e4ng - 6-stegs Justerbar Ryggst\u00f6d - Linneutseende - Upp Till 150 Kg - Ljusgr\u00e5 - TRUUSK - Hem, Tr\u00e4dg\u00e5rd &amp; Fritid","og_description":"Uppt\u00e4ck [BRAND NAME] f\u00e4llstolen med sovfunktion &#8211; den perfekta komfortunderverket! Denna eleganta m\u00f6bel kombinerar stil och funktionalitet p\u00e5 ett imponerande...","og_url":"https:\/\/truusk.store\/sv\/produkt\/truusk-soffa-sang-6-stegs-justerbar-ryggstod-linneutseende-upp-till-150-kg-ljusgra\/","og_site_name":"TRUUSK - Hem, Tr\u00e4dg\u00e5rd &amp; Fritid","article_modified_time":"2026-03-12T08:33:19+00:00","og_image":[{"width":2000,"height":2000,"url":"https:\/\/i0.wp.com\/truusk.se\/wp-content\/uploads\/2026\/01\/soffa-sang-6-stegs-justerbar-ryggstod-linneutseende-upp-till-150-kg-ljusgra-1.webp?fit=2000%2C2000&ssl=1","type":"image\/webp"}],"twitter_card":"summary_large_image","twitter_misc":{"Ber\u00e4knad l\u00e4stid":"1 minut"},"schema":{"@context":"https:\/\/schema.org","@graph":[{"@type":"WebPage","@id":"https:\/\/truusk.store\/sv\/produkt\/truusk-soffa-sang-6-stegs-justerbar-ryggstod-linneutseende-upp-till-150-kg-ljusgra\/","url":"https:\/\/truusk.store\/sv\/produkt\/truusk-soffa-sang-6-stegs-justerbar-ryggstod-linneutseende-upp-till-150-kg-ljusgra\/","name":"TRUUSK Soffa-s\u00e4ng - 6-stegs Justerbar Ryggst\u00f6d - Linneutseende - Upp Till 150 Kg - Ljusgr\u00e5 - TRUUSK - Hem, Tr\u00e4dg\u00e5rd &amp; Fritid","isPartOf":{"@id":"https:\/\/truusk.store\/sv\/#website"},"primaryImageOfPage":{"@id":"https:\/\/truusk.store\/sv\/produkt\/truusk-soffa-sang-6-stegs-justerbar-ryggstod-linneutseende-upp-till-150-kg-ljusgra\/#primaryimage"},"image":{"@id":"https:\/\/truusk.store\/sv\/produkt\/truusk-soffa-sang-6-stegs-justerbar-ryggstod-linneutseende-upp-till-150-kg-ljusgra\/#primaryimage"},"thumbnailUrl":"https:\/\/i0.wp.com\/truusk.store\/wp-content\/uploads\/2026\/01\/soffa-sang-6-stegs-justerbar-ryggstod-linneutseende-upp-till-150-kg-ljusgra-1.webp?fit=2000%2C2000&ssl=1","datePublished":"2026-01-15T11:09:27+00:00","dateModified":"2026-03-12T08:33:19+00:00","breadcrumb":{"@id":"https:\/\/truusk.store\/sv\/produkt\/truusk-soffa-sang-6-stegs-justerbar-ryggstod-linneutseende-upp-till-150-kg-ljusgra\/#breadcrumb"},"inLanguage":"sv-SE","potentialAction":[{"@type":"ReadAction","target":["https:\/\/truusk.store\/sv\/produkt\/truusk-soffa-sang-6-stegs-justerbar-ryggstod-linneutseende-upp-till-150-kg-ljusgra\/"]}]},{"@type":"ImageObject","inLanguage":"sv-SE","@id":"https:\/\/truusk.store\/sv\/produkt\/truusk-soffa-sang-6-stegs-justerbar-ryggstod-linneutseende-upp-till-150-kg-ljusgra\/#primaryimage","url":"https:\/\/i0.wp.com\/truusk.store\/wp-content\/uploads\/2026\/01\/soffa-sang-6-stegs-justerbar-ryggstod-linneutseende-upp-till-150-kg-ljusgra-1.webp?fit=2000%2C2000&ssl=1","contentUrl":"https:\/\/i0.wp.com\/truusk.store\/wp-content\/uploads\/2026\/01\/soffa-sang-6-stegs-justerbar-ryggstod-linneutseende-upp-till-150-kg-ljusgra-1.webp?fit=2000%2C2000&ssl=1","width":2000,"height":2000},{"@type":"BreadcrumbList","@id":"https:\/\/truusk.store\/sv\/produkt\/truusk-soffa-sang-6-stegs-justerbar-ryggstod-linneutseende-upp-till-150-kg-ljusgra\/#breadcrumb","itemListElement":[{"@type":"ListItem","position":1,"name":"Home","item":"https:\/\/truusk.store\/sv\/"},{"@type":"ListItem","position":2,"name":"Shop","item":"https:\/\/truusk.store\/shop\/"},{"@type":"ListItem","position":3,"name":"TRUUSK Soffa-s\u00e4ng &#8211; 6-stegs Justerbar Ryggst\u00f6d &#8211; Linneutseende &#8211; Upp Till 150 Kg &#8211; Ljusgr\u00e5"}]},{"@type":"WebSite","@id":"https:\/\/truusk.store\/sv\/#website","url":"https:\/\/truusk.store\/sv\/","name":"TRUUSK - Hem, Tr\u00e4dg\u00e5rd & Fritid","description":"","publisher":{"@id":"https:\/\/truusk.store\/sv\/#organization"},"potentialAction":[{"@type":"SearchAction","target":{"@type":"EntryPoint","urlTemplate":"https:\/\/truusk.store\/sv\/?s={search_term_string}"},"query-input":{"@type":"PropertyValueSpecification","valueRequired":true,"valueName":"search_term_string"}}],"inLanguage":"sv-SE"},{"@type":"Organization","@id":"https:\/\/truusk.store\/sv\/#organization","name":"TRUUSK - Hem, Tr\u00e4dg\u00e5rd & Fritid","url":"https:\/\/truusk.store\/sv\/","logo":{"@type":"ImageObject","inLanguage":"sv-SE","@id":"https:\/\/truusk.store\/sv\/#\/schema\/logo\/image\/","url":"https:\/\/i0.wp.com\/truusk.store\/wp-content\/uploads\/2026\/03\/cropped-TRUUSK.png?fit=2032%2C917&ssl=1","contentUrl":"https:\/\/i0.wp.com\/truusk.store\/wp-content\/uploads\/2026\/03\/cropped-TRUUSK.png?fit=2032%2C917&ssl=1","width":2032,"height":917,"caption":"TRUUSK - Hem, Tr\u00e4dg\u00e5rd & Fritid"},"image":{"@id":"https:\/\/truusk.store\/sv\/#\/schema\/logo\/image\/"}}]}},"jetpack_sharing_enabled":true,"_links":{"self":[{"href":"https:\/\/truusk.store\/sv\/wp-json\/wp\/v2\/product\/99697","targetHints":{"allow":["GET"]}}],"collection":[{"href":"https:\/\/truusk.store\/sv\/wp-json\/wp\/v2\/product"}],"about":[{"href":"https:\/\/truusk.store\/sv\/wp-json\/wp\/v2\/types\/product"}],"wp:featuredmedia":[{"embeddable":true,"href":"https:\/\/truusk.store\/sv\/wp-json\/wp\/v2\/media\/99680"}],"wp:attachment":[{"href":"https:\/\/truusk.store\/sv\/wp-json\/wp\/v2\/media?parent=99697"}],"wp:term":[{"taxonomy":"product_brand","embeddable":true,"href":"https:\/\/truusk.store\/sv\/wp-json\/wp\/v2\/product_brand?post=99697"},{"taxonomy":"product_cat","embeddable":true,"href":"https:\/\/truusk.store\/sv\/wp-json\/wp\/v2\/product_cat?post=99697"},{"taxonomy":"product_tag","embeddable":true,"href":"https:\/\/truusk.store\/sv\/wp-json\/wp\/v2\/product_tag?post=99697"}],"curies":[{"name":"wp","href":"https:\/\/api.w.org\/{rel}","templated":true}]}}