{"id":99708,"date":"2026-01-15T12:11:53","date_gmt":"2026-01-15T11:11:53","guid":{"rendered":"https:\/\/truusk.store\/product\/smadjursinhagnad-med-tak-4-dorrar-vaderbestandig-stal-polyester-220x85x103cm-gron-svart\/"},"modified":"2026-03-12T09:36:38","modified_gmt":"2026-03-12T08:36:38","slug":"truusk-smadjursinhagnad-med-tak-4-dorrar-vaderbestandig-stal-polyester-220x85x103cm-gron-svart","status":"publish","type":"product","link":"https:\/\/truusk.store\/sv\/produkt\/truusk-smadjursinhagnad-med-tak-4-dorrar-vaderbestandig-stal-polyester-220x85x103cm-gron-svart\/","title":{"rendered":"TRUUSK Sm\u00e5djursinh\u00e4gnad Med Tak &#8211; 4 D\u00f6rrar &#8211; V\u00e4derbest\u00e4ndig &#8211; St\u00e5l\/polyester &#8211; 220x85x103cm &#8211; Gr\u00f6n\/Svart"},"content":{"rendered":"<p>[BRAND NAME] frig\u00e5ngsh\u00e4gn ger dina sm\u00e5djur en s\u00e4ker utomhusomr\u00e5de. Tack vare praktiska plastclips \u00e4r monteringen barnsligt enkel. Med tv\u00e5 huvudd\u00f6rrar och tv\u00e5 sidod\u00f6rrar kan h\u00e4gnet enkelt betr\u00e4das och reng\u00f6ras. F\u00f6rankringen i marken garanterar s\u00e4kerhet och f\u00f6rhindrar att dina husdjur rymmer. Ett skuggande tak ger dessutom behaglig komfort och g\u00f6r detta h\u00e4gn till den idealiska tillflyktsorten.<\/p>\n<p>Beskrivning:<\/p>\n<ul>\n<li> M\u00e5ngsidigt sm\u00e5djursh\u00e4gn f\u00f6r inomhus- och utomhusbruk<\/li>\n<li> Utrustad med tv\u00e5 huvudportar och tv\u00e5 sidod\u00f6rrar f\u00f6r bekv\u00e4m tillg\u00e5ng till dina husdjur<\/li>\n<li> Med jordspett p\u00e5 sm\u00e5djursstallet f\u00f6r s\u00e4ker fasts\u00e4ttning i marken, f\u00f6r att garantera dina djurs s\u00e4kerhet och f\u00f6rhindra rymningar<\/li>\n<li> T\u00e4ckt omr\u00e5de f\u00f6r att skydda dina husdjur fr\u00e5n direkt solljus<\/li>\n<li> Idealisk f\u00f6r sm\u00e5djur som kaniner, h\u00f6ns och chinchillas<\/li>\n<li> Enkel montering<\/li>\n<\/ul>\n<p>Tekniska data:<\/p>\n<ul>\n<li> F\u00e4rg: Gr\u00f6n+Svart<\/li>\n<li> Material: St\u00e5l, Oxford-polyester, Polypropen<\/li>\n<li> Total storlek: 220B x 85T x 103H cm<\/li>\n<li> Huvudd\u00f6rr: 18B x 21,5H cm<\/li>\n<li> Sidod\u00f6rr: 39,5B x 43,5H cm<\/li>\n<li> Takstorlek: 125B x 110T cm<\/li>\n<\/ul>\n<p>Leveransinneh\u00e5ll:<\/p>\n<ul>\n<li> 1 x Sm\u00e5djursh\u00e4gn<\/li>\n<li> 1 x Bruksanvisning<\/li>\n<\/ul>\n","protected":false},"excerpt":{"rendered":"<p>[BRAND NAME] frig\u00e5ngsh\u00e4gn ger dina sm\u00e5djur en s\u00e4ker utomhusomr\u00e5de. Tack vare praktiska plastclips \u00e4r monteringen barnsligt enkel. Med tv\u00e5 huvudd\u00f6rrar&#8230;<\/p>\n","protected":false},"featured_media":99698,"template":"","meta":[],"product_brand":[],"product_cat":[878,599,597],"product_tag":[],"class_list":{"0":"post-99708","1":"product","2":"type-product","3":"status-publish","4":"has-post-thumbnail","6":"product_cat-djurbehov","7":"product_cat-sma-djurburar","8":"product_cat-sma-djurtillbehor","10":"first","11":"instock","12":"sale","13":"taxable","14":"shipping-taxable","15":"purchasable","16":"product-type-simple"},"yoast_head":"<!-- This site is optimized with the Yoast SEO plugin v25.4 - https:\/\/yoast.com\/wordpress\/plugins\/seo\/ -->\n<title>TRUUSK Sm\u00e5djursinh\u00e4gnad Med Tak - 4 D\u00f6rrar - V\u00e4derbest\u00e4ndig - St\u00e5l\/polyester - 220x85x103cm - Gr\u00f6n\/Svart - TRUUSK - Hem, Tr\u00e4dg\u00e5rd &amp; Fritid<\/title>\n<meta name=\"robots\" content=\"index, follow, max-snippet:-1, max-image-preview:large, max-video-preview:-1\" \/>\n<link rel=\"canonical\" href=\"https:\/\/truusk.store\/sv\/produkt\/truusk-smadjursinhagnad-med-tak-4-dorrar-vaderbestandig-stal-polyester-220x85x103cm-gron-svart\/\" \/>\n<meta property=\"og:locale\" content=\"sv_SE\" \/>\n<meta property=\"og:type\" content=\"article\" \/>\n<meta property=\"og:title\" content=\"TRUUSK Sm\u00e5djursinh\u00e4gnad Med Tak - 4 D\u00f6rrar - V\u00e4derbest\u00e4ndig - St\u00e5l\/polyester - 220x85x103cm - Gr\u00f6n\/Svart - TRUUSK - Hem, Tr\u00e4dg\u00e5rd &amp; Fritid\" \/>\n<meta property=\"og:description\" content=\"[BRAND NAME] frig\u00e5ngsh\u00e4gn ger dina sm\u00e5djur en s\u00e4ker utomhusomr\u00e5de. Tack vare praktiska plastclips \u00e4r monteringen barnsligt enkel. Med tv\u00e5 huvudd\u00f6rrar...\" \/>\n<meta property=\"og:url\" content=\"https:\/\/truusk.store\/sv\/produkt\/truusk-smadjursinhagnad-med-tak-4-dorrar-vaderbestandig-stal-polyester-220x85x103cm-gron-svart\/\" \/>\n<meta property=\"og:site_name\" content=\"TRUUSK - Hem, Tr\u00e4dg\u00e5rd &amp; Fritid\" \/>\n<meta property=\"article:modified_time\" content=\"2026-03-12T08:36:38+00:00\" \/>\n<meta property=\"og:image\" content=\"https:\/\/i0.wp.com\/truusk.se\/wp-content\/uploads\/2026\/01\/smadjursinhagnad-med-tak-4-dorrar-vaderbestandig-stal-polyester-220x85x103cm-gron-svart-1.webp?fit=2000%2C2000&ssl=1\" \/>\n\t<meta property=\"og:image:width\" content=\"2000\" \/>\n\t<meta property=\"og:image:height\" content=\"2000\" \/>\n\t<meta property=\"og:image:type\" content=\"image\/webp\" \/>\n<meta name=\"twitter:card\" content=\"summary_large_image\" \/>\n<meta name=\"twitter:label1\" content=\"Ber\u00e4knad l\u00e4stid\" \/>\n\t<meta name=\"twitter:data1\" content=\"1 minut\" \/>\n<!-- \/ Yoast SEO plugin. -->","yoast_head_json":{"title":"TRUUSK Sm\u00e5djursinh\u00e4gnad Med Tak - 4 D\u00f6rrar - V\u00e4derbest\u00e4ndig - St\u00e5l\/polyester - 220x85x103cm - Gr\u00f6n\/Svart - TRUUSK - Hem, Tr\u00e4dg\u00e5rd &amp; Fritid","robots":{"index":"index","follow":"follow","max-snippet":"max-snippet:-1","max-image-preview":"max-image-preview:large","max-video-preview":"max-video-preview:-1"},"canonical":"https:\/\/truusk.store\/sv\/produkt\/truusk-smadjursinhagnad-med-tak-4-dorrar-vaderbestandig-stal-polyester-220x85x103cm-gron-svart\/","og_locale":"sv_SE","og_type":"article","og_title":"TRUUSK Sm\u00e5djursinh\u00e4gnad Med Tak - 4 D\u00f6rrar - V\u00e4derbest\u00e4ndig - St\u00e5l\/polyester - 220x85x103cm - Gr\u00f6n\/Svart - TRUUSK - Hem, Tr\u00e4dg\u00e5rd &amp; Fritid","og_description":"[BRAND NAME] frig\u00e5ngsh\u00e4gn ger dina sm\u00e5djur en s\u00e4ker utomhusomr\u00e5de. Tack vare praktiska plastclips \u00e4r monteringen barnsligt enkel. Med tv\u00e5 huvudd\u00f6rrar...","og_url":"https:\/\/truusk.store\/sv\/produkt\/truusk-smadjursinhagnad-med-tak-4-dorrar-vaderbestandig-stal-polyester-220x85x103cm-gron-svart\/","og_site_name":"TRUUSK - Hem, Tr\u00e4dg\u00e5rd &amp; Fritid","article_modified_time":"2026-03-12T08:36:38+00:00","og_image":[{"width":2000,"height":2000,"url":"https:\/\/i0.wp.com\/truusk.se\/wp-content\/uploads\/2026\/01\/smadjursinhagnad-med-tak-4-dorrar-vaderbestandig-stal-polyester-220x85x103cm-gron-svart-1.webp?fit=2000%2C2000&ssl=1","type":"image\/webp"}],"twitter_card":"summary_large_image","twitter_misc":{"Ber\u00e4knad l\u00e4stid":"1 minut"},"schema":{"@context":"https:\/\/schema.org","@graph":[{"@type":"WebPage","@id":"https:\/\/truusk.store\/sv\/produkt\/truusk-smadjursinhagnad-med-tak-4-dorrar-vaderbestandig-stal-polyester-220x85x103cm-gron-svart\/","url":"https:\/\/truusk.store\/sv\/produkt\/truusk-smadjursinhagnad-med-tak-4-dorrar-vaderbestandig-stal-polyester-220x85x103cm-gron-svart\/","name":"TRUUSK Sm\u00e5djursinh\u00e4gnad Med Tak - 4 D\u00f6rrar - V\u00e4derbest\u00e4ndig - St\u00e5l\/polyester - 220x85x103cm - Gr\u00f6n\/Svart - TRUUSK - Hem, Tr\u00e4dg\u00e5rd &amp; Fritid","isPartOf":{"@id":"https:\/\/truusk.store\/sv\/#website"},"primaryImageOfPage":{"@id":"https:\/\/truusk.store\/sv\/produkt\/truusk-smadjursinhagnad-med-tak-4-dorrar-vaderbestandig-stal-polyester-220x85x103cm-gron-svart\/#primaryimage"},"image":{"@id":"https:\/\/truusk.store\/sv\/produkt\/truusk-smadjursinhagnad-med-tak-4-dorrar-vaderbestandig-stal-polyester-220x85x103cm-gron-svart\/#primaryimage"},"thumbnailUrl":"https:\/\/i0.wp.com\/truusk.store\/wp-content\/uploads\/2026\/01\/smadjursinhagnad-med-tak-4-dorrar-vaderbestandig-stal-polyester-220x85x103cm-gron-svart-1.webp?fit=2000%2C2000&ssl=1","datePublished":"2026-01-15T11:11:53+00:00","dateModified":"2026-03-12T08:36:38+00:00","breadcrumb":{"@id":"https:\/\/truusk.store\/sv\/produkt\/truusk-smadjursinhagnad-med-tak-4-dorrar-vaderbestandig-stal-polyester-220x85x103cm-gron-svart\/#breadcrumb"},"inLanguage":"sv-SE","potentialAction":[{"@type":"ReadAction","target":["https:\/\/truusk.store\/sv\/produkt\/truusk-smadjursinhagnad-med-tak-4-dorrar-vaderbestandig-stal-polyester-220x85x103cm-gron-svart\/"]}]},{"@type":"ImageObject","inLanguage":"sv-SE","@id":"https:\/\/truusk.store\/sv\/produkt\/truusk-smadjursinhagnad-med-tak-4-dorrar-vaderbestandig-stal-polyester-220x85x103cm-gron-svart\/#primaryimage","url":"https:\/\/i0.wp.com\/truusk.store\/wp-content\/uploads\/2026\/01\/smadjursinhagnad-med-tak-4-dorrar-vaderbestandig-stal-polyester-220x85x103cm-gron-svart-1.webp?fit=2000%2C2000&ssl=1","contentUrl":"https:\/\/i0.wp.com\/truusk.store\/wp-content\/uploads\/2026\/01\/smadjursinhagnad-med-tak-4-dorrar-vaderbestandig-stal-polyester-220x85x103cm-gron-svart-1.webp?fit=2000%2C2000&ssl=1","width":2000,"height":2000},{"@type":"BreadcrumbList","@id":"https:\/\/truusk.store\/sv\/produkt\/truusk-smadjursinhagnad-med-tak-4-dorrar-vaderbestandig-stal-polyester-220x85x103cm-gron-svart\/#breadcrumb","itemListElement":[{"@type":"ListItem","position":1,"name":"Home","item":"https:\/\/truusk.store\/sv\/"},{"@type":"ListItem","position":2,"name":"Shop","item":"https:\/\/truusk.store\/shop\/"},{"@type":"ListItem","position":3,"name":"TRUUSK Sm\u00e5djursinh\u00e4gnad Med Tak &#8211; 4 D\u00f6rrar &#8211; V\u00e4derbest\u00e4ndig &#8211; St\u00e5l\/polyester &#8211; 220x85x103cm &#8211; Gr\u00f6n\/Svart"}]},{"@type":"WebSite","@id":"https:\/\/truusk.store\/sv\/#website","url":"https:\/\/truusk.store\/sv\/","name":"TRUUSK - Hem, Tr\u00e4dg\u00e5rd & Fritid","description":"","publisher":{"@id":"https:\/\/truusk.store\/sv\/#organization"},"potentialAction":[{"@type":"SearchAction","target":{"@type":"EntryPoint","urlTemplate":"https:\/\/truusk.store\/sv\/?s={search_term_string}"},"query-input":{"@type":"PropertyValueSpecification","valueRequired":true,"valueName":"search_term_string"}}],"inLanguage":"sv-SE"},{"@type":"Organization","@id":"https:\/\/truusk.store\/sv\/#organization","name":"TRUUSK - Hem, Tr\u00e4dg\u00e5rd & Fritid","url":"https:\/\/truusk.store\/sv\/","logo":{"@type":"ImageObject","inLanguage":"sv-SE","@id":"https:\/\/truusk.store\/sv\/#\/schema\/logo\/image\/","url":"https:\/\/i0.wp.com\/truusk.store\/wp-content\/uploads\/2026\/03\/cropped-TRUUSK.png?fit=2032%2C917&ssl=1","contentUrl":"https:\/\/i0.wp.com\/truusk.store\/wp-content\/uploads\/2026\/03\/cropped-TRUUSK.png?fit=2032%2C917&ssl=1","width":2032,"height":917,"caption":"TRUUSK - Hem, Tr\u00e4dg\u00e5rd & Fritid"},"image":{"@id":"https:\/\/truusk.store\/sv\/#\/schema\/logo\/image\/"}}]}},"jetpack_sharing_enabled":true,"_links":{"self":[{"href":"https:\/\/truusk.store\/sv\/wp-json\/wp\/v2\/product\/99708","targetHints":{"allow":["GET"]}}],"collection":[{"href":"https:\/\/truusk.store\/sv\/wp-json\/wp\/v2\/product"}],"about":[{"href":"https:\/\/truusk.store\/sv\/wp-json\/wp\/v2\/types\/product"}],"wp:featuredmedia":[{"embeddable":true,"href":"https:\/\/truusk.store\/sv\/wp-json\/wp\/v2\/media\/99698"}],"wp:attachment":[{"href":"https:\/\/truusk.store\/sv\/wp-json\/wp\/v2\/media?parent=99708"}],"wp:term":[{"taxonomy":"product_brand","embeddable":true,"href":"https:\/\/truusk.store\/sv\/wp-json\/wp\/v2\/product_brand?post=99708"},{"taxonomy":"product_cat","embeddable":true,"href":"https:\/\/truusk.store\/sv\/wp-json\/wp\/v2\/product_cat?post=99708"},{"taxonomy":"product_tag","embeddable":true,"href":"https:\/\/truusk.store\/sv\/wp-json\/wp\/v2\/product_tag?post=99708"}],"curies":[{"name":"wp","href":"https:\/\/api.w.org\/{rel}","templated":true}]}}