{"id":99750,"date":"2026-01-15T12:18:09","date_gmt":"2026-01-15T11:18:09","guid":{"rendered":"https:\/\/truusk.store\/product\/barnklatterset-i-tra-med-triangelstege-och-dubbelsidig-ramp-for-barn-i-aldern-18-48-manader\/"},"modified":"2026-03-12T09:43:19","modified_gmt":"2026-03-12T08:43:19","slug":"truusk-barnklatterset-i-tra-triangelstege-och-dubbelsidig-ramp-for-barn-18-48-manader","status":"publish","type":"product","link":"https:\/\/truusk.store\/sv\/produkt\/truusk-barnklatterset-i-tra-triangelstege-och-dubbelsidig-ramp-for-barn-18-48-manader\/","title":{"rendered":"TRUUSK Barnkl\u00e4tterset i Tr\u00e4 &#8211; Triangelstege och Dubbelsidig Ramp &#8211; F\u00f6r Barn 18-48 M\u00e5nader"},"content":{"rendered":"<p>Fr\u00e4mja ditt barns naturliga motoriska utveckling med [BRAND NAME] kl\u00e4tterst\u00e4llningssats! Denna kl\u00e4tterleksak inkluderar en triangul\u00e4r stege och en sl\u00e4de av sl\u00e4t furuplywood. St\u00e4llningen kan enkelt f\u00e4llas ihop och lutningsvinkeln p\u00e5 rutschbanan kan justeras f\u00f6r obegr\u00e4nsad lekgl\u00e4dje. Idealisk f\u00f6r inomhusbruk, kommer denna kl\u00e4ttringstriangel att bli det nya h\u00f6jdpunkten f\u00f6r varje lektid.<\/p>\n<p>Beskrivning:<\/p>\n<ul>\n<li> Kl\u00e4tterst\u00e4llningssatsen erbjuder en triangul\u00e4r stege och en sl\u00e4de f\u00f6r varierat spel<\/li>\n<li> Tillverkad av flerskiktigt furutr\u00e4, denna kl\u00e4tterst\u00e4llning med en sl\u00e4t och s\u00e4ker yta<\/li>\n<li> F\u00e4llbar design och justerbar lutningsvinkel p\u00e5 kl\u00e4ttringstriangeln f\u00f6r enkel f\u00f6rvaring<\/li>\n<li> B\u00e4r upp till 50 kg, l\u00e4mplig f\u00f6r barn fr\u00e5n 18-48 m\u00e5nader<\/li>\n<li> Designad f\u00f6r inomhusbruk f\u00f6r att garantera roligt hela \u00e5ret runt<\/li>\n<\/ul>\n<p>Tekniska data:<\/p>\n<ul>\n<li> F\u00e4rg: Naturtr\u00e4<\/li>\n<li> Material: Furutr\u00e4, flerskiktsplatta<\/li>\n<li> Totala dimensioner: 147L x 64,5B x 63H cm<\/li>\n<li> Sl\u00e4de: 99L x 38,5B x 6,5H cm<\/li>\n<li> Triangul\u00e4r stege: 77L x 64,5B x 63H cm<\/li>\n<li> Kl\u00e4ttersten: 8,5L x 4B x 1,5H cm<\/li>\n<li> Triangelns hopf\u00e4llda storlek: 64,5L x 21B x 73H cm<\/li>\n<li> Maximal belastning: 50 kg<\/li>\n<li> Rekommenderad \u00e5lder: 18-48 m\u00e5nader<\/li>\n<\/ul>\n<p>Leveransinneh\u00e5ll:<\/p>\n<ul>\n<li> 1 x Triangul\u00e4r stege<\/li>\n<li> 1 x Sl\u00e4de<\/li>\n<li> 1 x Handbok<\/li>\n<\/ul>\n","protected":false},"excerpt":{"rendered":"<p>Fr\u00e4mja ditt barns naturliga motoriska utveckling med [BRAND NAME] kl\u00e4tterst\u00e4llningssats! Denna kl\u00e4tterleksak inkluderar en triangul\u00e4r stege och en sl\u00e4de av&#8230;<\/p>\n","protected":false},"featured_media":99738,"template":"","meta":[],"product_brand":[],"product_cat":[880,918],"product_tag":[],"class_list":{"0":"post-99750","1":"product","2":"type-product","3":"status-publish","4":"has-post-thumbnail","6":"product_cat-baby-barn-2","7":"product_cat-leksaker","9":"first","10":"instock","11":"sale","12":"taxable","13":"shipping-taxable","14":"purchasable","15":"product-type-simple"},"yoast_head":"<!-- This site is optimized with the Yoast SEO plugin v25.4 - https:\/\/yoast.com\/wordpress\/plugins\/seo\/ -->\n<title>TRUUSK Barnkl\u00e4tterset i Tr\u00e4 - Triangelstege och Dubbelsidig Ramp - F\u00f6r Barn 18-48 M\u00e5nader - TRUUSK - Hem, Tr\u00e4dg\u00e5rd &amp; Fritid<\/title>\n<meta name=\"robots\" content=\"index, follow, max-snippet:-1, max-image-preview:large, max-video-preview:-1\" \/>\n<link rel=\"canonical\" href=\"https:\/\/truusk.store\/sv\/produkt\/truusk-barnklatterset-i-tra-triangelstege-och-dubbelsidig-ramp-for-barn-18-48-manader\/\" \/>\n<meta property=\"og:locale\" content=\"sv_SE\" \/>\n<meta property=\"og:type\" content=\"article\" \/>\n<meta property=\"og:title\" content=\"TRUUSK Barnkl\u00e4tterset i Tr\u00e4 - Triangelstege och Dubbelsidig Ramp - F\u00f6r Barn 18-48 M\u00e5nader - TRUUSK - Hem, Tr\u00e4dg\u00e5rd &amp; Fritid\" \/>\n<meta property=\"og:description\" content=\"Fr\u00e4mja ditt barns naturliga motoriska utveckling med [BRAND NAME] kl\u00e4tterst\u00e4llningssats! Denna kl\u00e4tterleksak inkluderar en triangul\u00e4r stege och en sl\u00e4de av...\" \/>\n<meta property=\"og:url\" content=\"https:\/\/truusk.store\/sv\/produkt\/truusk-barnklatterset-i-tra-triangelstege-och-dubbelsidig-ramp-for-barn-18-48-manader\/\" \/>\n<meta property=\"og:site_name\" content=\"TRUUSK - Hem, Tr\u00e4dg\u00e5rd &amp; Fritid\" \/>\n<meta property=\"article:modified_time\" content=\"2026-03-12T08:43:19+00:00\" \/>\n<meta property=\"og:image\" content=\"https:\/\/i0.wp.com\/truusk.se\/wp-content\/uploads\/2026\/01\/barnklatterset-i-tra-med-triangelstege-och-dubbelsidig-ramp-for-barn-i-aldern-18-48-manader-1.webp?fit=2000%2C2000&ssl=1\" \/>\n\t<meta property=\"og:image:width\" content=\"2000\" \/>\n\t<meta property=\"og:image:height\" content=\"2000\" \/>\n\t<meta property=\"og:image:type\" content=\"image\/webp\" \/>\n<meta name=\"twitter:card\" content=\"summary_large_image\" \/>\n<meta name=\"twitter:label1\" content=\"Ber\u00e4knad l\u00e4stid\" \/>\n\t<meta name=\"twitter:data1\" content=\"1 minut\" \/>\n<!-- \/ Yoast SEO plugin. -->","yoast_head_json":{"title":"TRUUSK Barnkl\u00e4tterset i Tr\u00e4 - Triangelstege och Dubbelsidig Ramp - F\u00f6r Barn 18-48 M\u00e5nader - TRUUSK - Hem, Tr\u00e4dg\u00e5rd &amp; Fritid","robots":{"index":"index","follow":"follow","max-snippet":"max-snippet:-1","max-image-preview":"max-image-preview:large","max-video-preview":"max-video-preview:-1"},"canonical":"https:\/\/truusk.store\/sv\/produkt\/truusk-barnklatterset-i-tra-triangelstege-och-dubbelsidig-ramp-for-barn-18-48-manader\/","og_locale":"sv_SE","og_type":"article","og_title":"TRUUSK Barnkl\u00e4tterset i Tr\u00e4 - Triangelstege och Dubbelsidig Ramp - F\u00f6r Barn 18-48 M\u00e5nader - TRUUSK - Hem, Tr\u00e4dg\u00e5rd &amp; Fritid","og_description":"Fr\u00e4mja ditt barns naturliga motoriska utveckling med [BRAND NAME] kl\u00e4tterst\u00e4llningssats! Denna kl\u00e4tterleksak inkluderar en triangul\u00e4r stege och en sl\u00e4de av...","og_url":"https:\/\/truusk.store\/sv\/produkt\/truusk-barnklatterset-i-tra-triangelstege-och-dubbelsidig-ramp-for-barn-18-48-manader\/","og_site_name":"TRUUSK - Hem, Tr\u00e4dg\u00e5rd &amp; Fritid","article_modified_time":"2026-03-12T08:43:19+00:00","og_image":[{"width":2000,"height":2000,"url":"https:\/\/i0.wp.com\/truusk.se\/wp-content\/uploads\/2026\/01\/barnklatterset-i-tra-med-triangelstege-och-dubbelsidig-ramp-for-barn-i-aldern-18-48-manader-1.webp?fit=2000%2C2000&ssl=1","type":"image\/webp"}],"twitter_card":"summary_large_image","twitter_misc":{"Ber\u00e4knad l\u00e4stid":"1 minut"},"schema":{"@context":"https:\/\/schema.org","@graph":[{"@type":"WebPage","@id":"https:\/\/truusk.store\/sv\/produkt\/truusk-barnklatterset-i-tra-triangelstege-och-dubbelsidig-ramp-for-barn-18-48-manader\/","url":"https:\/\/truusk.store\/sv\/produkt\/truusk-barnklatterset-i-tra-triangelstege-och-dubbelsidig-ramp-for-barn-18-48-manader\/","name":"TRUUSK Barnkl\u00e4tterset i Tr\u00e4 - Triangelstege och Dubbelsidig Ramp - F\u00f6r Barn 18-48 M\u00e5nader - TRUUSK - Hem, Tr\u00e4dg\u00e5rd &amp; Fritid","isPartOf":{"@id":"https:\/\/truusk.store\/sv\/#website"},"primaryImageOfPage":{"@id":"https:\/\/truusk.store\/sv\/produkt\/truusk-barnklatterset-i-tra-triangelstege-och-dubbelsidig-ramp-for-barn-18-48-manader\/#primaryimage"},"image":{"@id":"https:\/\/truusk.store\/sv\/produkt\/truusk-barnklatterset-i-tra-triangelstege-och-dubbelsidig-ramp-for-barn-18-48-manader\/#primaryimage"},"thumbnailUrl":"https:\/\/i0.wp.com\/truusk.store\/wp-content\/uploads\/2026\/01\/barnklatterset-i-tra-med-triangelstege-och-dubbelsidig-ramp-for-barn-i-aldern-18-48-manader-1.webp?fit=2000%2C2000&ssl=1","datePublished":"2026-01-15T11:18:09+00:00","dateModified":"2026-03-12T08:43:19+00:00","breadcrumb":{"@id":"https:\/\/truusk.store\/sv\/produkt\/truusk-barnklatterset-i-tra-triangelstege-och-dubbelsidig-ramp-for-barn-18-48-manader\/#breadcrumb"},"inLanguage":"sv-SE","potentialAction":[{"@type":"ReadAction","target":["https:\/\/truusk.store\/sv\/produkt\/truusk-barnklatterset-i-tra-triangelstege-och-dubbelsidig-ramp-for-barn-18-48-manader\/"]}]},{"@type":"ImageObject","inLanguage":"sv-SE","@id":"https:\/\/truusk.store\/sv\/produkt\/truusk-barnklatterset-i-tra-triangelstege-och-dubbelsidig-ramp-for-barn-18-48-manader\/#primaryimage","url":"https:\/\/i0.wp.com\/truusk.store\/wp-content\/uploads\/2026\/01\/barnklatterset-i-tra-med-triangelstege-och-dubbelsidig-ramp-for-barn-i-aldern-18-48-manader-1.webp?fit=2000%2C2000&ssl=1","contentUrl":"https:\/\/i0.wp.com\/truusk.store\/wp-content\/uploads\/2026\/01\/barnklatterset-i-tra-med-triangelstege-och-dubbelsidig-ramp-for-barn-i-aldern-18-48-manader-1.webp?fit=2000%2C2000&ssl=1","width":2000,"height":2000},{"@type":"BreadcrumbList","@id":"https:\/\/truusk.store\/sv\/produkt\/truusk-barnklatterset-i-tra-triangelstege-och-dubbelsidig-ramp-for-barn-18-48-manader\/#breadcrumb","itemListElement":[{"@type":"ListItem","position":1,"name":"Home","item":"https:\/\/truusk.store\/sv\/"},{"@type":"ListItem","position":2,"name":"Shop","item":"https:\/\/truusk.store\/shop\/"},{"@type":"ListItem","position":3,"name":"TRUUSK Barnkl\u00e4tterset i Tr\u00e4 &#8211; Triangelstege och Dubbelsidig Ramp &#8211; F\u00f6r Barn 18-48 M\u00e5nader"}]},{"@type":"WebSite","@id":"https:\/\/truusk.store\/sv\/#website","url":"https:\/\/truusk.store\/sv\/","name":"TRUUSK - Hem, Tr\u00e4dg\u00e5rd & Fritid","description":"","publisher":{"@id":"https:\/\/truusk.store\/sv\/#organization"},"potentialAction":[{"@type":"SearchAction","target":{"@type":"EntryPoint","urlTemplate":"https:\/\/truusk.store\/sv\/?s={search_term_string}"},"query-input":{"@type":"PropertyValueSpecification","valueRequired":true,"valueName":"search_term_string"}}],"inLanguage":"sv-SE"},{"@type":"Organization","@id":"https:\/\/truusk.store\/sv\/#organization","name":"TRUUSK - Hem, Tr\u00e4dg\u00e5rd & Fritid","url":"https:\/\/truusk.store\/sv\/","logo":{"@type":"ImageObject","inLanguage":"sv-SE","@id":"https:\/\/truusk.store\/sv\/#\/schema\/logo\/image\/","url":"https:\/\/i0.wp.com\/truusk.store\/wp-content\/uploads\/2026\/03\/cropped-TRUUSK.png?fit=2032%2C917&ssl=1","contentUrl":"https:\/\/i0.wp.com\/truusk.store\/wp-content\/uploads\/2026\/03\/cropped-TRUUSK.png?fit=2032%2C917&ssl=1","width":2032,"height":917,"caption":"TRUUSK - Hem, Tr\u00e4dg\u00e5rd & Fritid"},"image":{"@id":"https:\/\/truusk.store\/sv\/#\/schema\/logo\/image\/"}}]}},"jetpack_sharing_enabled":true,"_links":{"self":[{"href":"https:\/\/truusk.store\/sv\/wp-json\/wp\/v2\/product\/99750","targetHints":{"allow":["GET"]}}],"collection":[{"href":"https:\/\/truusk.store\/sv\/wp-json\/wp\/v2\/product"}],"about":[{"href":"https:\/\/truusk.store\/sv\/wp-json\/wp\/v2\/types\/product"}],"wp:featuredmedia":[{"embeddable":true,"href":"https:\/\/truusk.store\/sv\/wp-json\/wp\/v2\/media\/99738"}],"wp:attachment":[{"href":"https:\/\/truusk.store\/sv\/wp-json\/wp\/v2\/media?parent=99750"}],"wp:term":[{"taxonomy":"product_brand","embeddable":true,"href":"https:\/\/truusk.store\/sv\/wp-json\/wp\/v2\/product_brand?post=99750"},{"taxonomy":"product_cat","embeddable":true,"href":"https:\/\/truusk.store\/sv\/wp-json\/wp\/v2\/product_cat?post=99750"},{"taxonomy":"product_tag","embeddable":true,"href":"https:\/\/truusk.store\/sv\/wp-json\/wp\/v2\/product_tag?post=99750"}],"curies":[{"name":"wp","href":"https:\/\/api.w.org\/{rel}","templated":true}]}}