{"id":99759,"date":"2026-01-15T12:18:55","date_gmt":"2026-01-15T11:18:55","guid":{"rendered":"https:\/\/truusk.store\/product\/klatterbage-gungbrada-stege-gunga-med-kudde-for-15-4-ar-upp-till-50-kg\/"},"modified":"2026-03-12T09:43:19","modified_gmt":"2026-03-12T08:43:19","slug":"truusk-klatterbage-gungbrada-stege-med-kudde-for-15-4-ar-upp-till-50-kg","status":"publish","type":"product","link":"https:\/\/truusk.store\/sv\/produkt\/truusk-klatterbage-gungbrada-stege-med-kudde-for-15-4-ar-upp-till-50-kg\/","title":{"rendered":"TRUUSK Kl\u00e4tterb\u00e5ge, Gungbr\u00e4da, Stege &#8211; Med Kudde &#8211; F\u00f6r 1,5-4 \u00e5r &#8211; Upp Till 50 Kg"},"content":{"rendered":"<p>Uppt\u00e4ck din lilla skatts kreativitet med [BRAND NAME] 3-i-1 kl\u00e4tterb\u00e5ge! Denna kl\u00e4tterst\u00e4llning kan enkelt omvandlas fr\u00e5n en kl\u00e4tterstege till ett lekbord eller en gungbr\u00e4da, tillverkad av robust furu och med en sl\u00e4t yta f\u00f6r \u00f6kad s\u00e4kerhet. Inspirerad av Montessori-leksaker och utrustad med en mjuk kudde p\u00e5 kl\u00e4tterst\u00e4llningen f\u00f6r extra komfort. L\u00e4mplig f\u00f6r barn fr\u00e5n 18 till 48 m\u00e5nader.<\/p>\n<p>Beskrivning:<\/p>\n<ul>\n<li> Omvandlas till en kl\u00e4tterb\u00e5ge, bord eller gungbr\u00e4da f\u00f6r m\u00e5ngsidighet<\/li>\n<li> Massivt furutr\u00e4 garanterar h\u00e5llbarhet och b\u00e4r upp till 50 kg<\/li>\n<li> Kl\u00e4tterst\u00e4llningens sl\u00e4ta yta f\u00f6rhindrar skador vid lek<\/li>\n<li> 9 cm tjock, mjuk kudde p\u00e5 kl\u00e4tterb\u00e5gen ger komfort vid l\u00e4ngre anv\u00e4ndning<\/li>\n<li> Fr\u00e4mjar sj\u00e4lvst\u00e4ndighet och f\u00f6ljer Montessori-principerna<\/li>\n<li> L\u00e4mplig f\u00f6r barn i \u00e5ldern 18 till 48 m\u00e5nader<\/li>\n<li> Montering kr\u00e4vs<\/li>\n<\/ul>\n<p> Tekniska data:<\/p>\n<ul>\n<li> F\u00e4rg: Naturtr\u00e4<\/li>\n<li> Material: Furu, flerskiktsplatta<\/li>\n<li> Totala dimensioner: 90L x 52B x 50H cm<\/li>\n<li> Kudde: 120L x 50B x 9H cm<\/li>\n<li> Bordsskiva: 90L x 50B x 52H cm (bordsstatus)<\/li>\n<li> B\u00e5gstege: 83L x 59,5B x 68,5H cm<\/li>\n<li> Maximal belastning: 50 kg<\/li>\n<li> Rekommenderad \u00e5lder: 18-48 m\u00e5nader<\/li>\n<li> Certifierad \u00e5lder: 18+ m\u00e5nader<\/li>\n<\/ul>\n<p> Leveransinneh\u00e5ll:<\/p>\n<ul>\n<li> 1 x kl\u00e4ttergungbr\u00e4da<\/li>\n<li> 1 x bruksanvisning<\/li>\n<\/ul>\n","protected":false},"excerpt":{"rendered":"<p>Uppt\u00e4ck din lilla skatts kreativitet med [BRAND NAME] 3-i-1 kl\u00e4tterb\u00e5ge! Denna kl\u00e4tterst\u00e4llning kan enkelt omvandlas fr\u00e5n en kl\u00e4tterstege till ett&#8230;<\/p>\n","protected":false},"featured_media":99744,"template":"","meta":[],"product_brand":[],"product_cat":[880,918],"product_tag":[],"class_list":{"0":"post-99759","1":"product","2":"type-product","3":"status-publish","4":"has-post-thumbnail","6":"product_cat-baby-barn-2","7":"product_cat-leksaker","9":"first","10":"instock","11":"sale","12":"taxable","13":"shipping-taxable","14":"purchasable","15":"product-type-simple"},"yoast_head":"<!-- This site is optimized with the Yoast SEO plugin v25.4 - https:\/\/yoast.com\/wordpress\/plugins\/seo\/ -->\n<title>TRUUSK Kl\u00e4tterb\u00e5ge, Gungbr\u00e4da, Stege - Med Kudde - F\u00f6r 1,5-4 \u00e5r - Upp Till 50 Kg - TRUUSK - Hem, Tr\u00e4dg\u00e5rd &amp; Fritid<\/title>\n<meta name=\"robots\" content=\"index, follow, max-snippet:-1, max-image-preview:large, max-video-preview:-1\" \/>\n<link rel=\"canonical\" href=\"https:\/\/truusk.store\/sv\/produkt\/truusk-klatterbage-gungbrada-stege-med-kudde-for-15-4-ar-upp-till-50-kg\/\" \/>\n<meta property=\"og:locale\" content=\"sv_SE\" \/>\n<meta property=\"og:type\" content=\"article\" \/>\n<meta property=\"og:title\" content=\"TRUUSK Kl\u00e4tterb\u00e5ge, Gungbr\u00e4da, Stege - Med Kudde - F\u00f6r 1,5-4 \u00e5r - Upp Till 50 Kg - TRUUSK - Hem, Tr\u00e4dg\u00e5rd &amp; Fritid\" \/>\n<meta property=\"og:description\" content=\"Uppt\u00e4ck din lilla skatts kreativitet med [BRAND NAME] 3-i-1 kl\u00e4tterb\u00e5ge! Denna kl\u00e4tterst\u00e4llning kan enkelt omvandlas fr\u00e5n en kl\u00e4tterstege till ett...\" \/>\n<meta property=\"og:url\" content=\"https:\/\/truusk.store\/sv\/produkt\/truusk-klatterbage-gungbrada-stege-med-kudde-for-15-4-ar-upp-till-50-kg\/\" \/>\n<meta property=\"og:site_name\" content=\"TRUUSK - Hem, Tr\u00e4dg\u00e5rd &amp; Fritid\" \/>\n<meta property=\"article:modified_time\" content=\"2026-03-12T08:43:19+00:00\" \/>\n<meta property=\"og:image\" content=\"https:\/\/i0.wp.com\/truusk.se\/wp-content\/uploads\/2026\/01\/klatterbage-gungbrada-stege-gunga-med-kudde-for-15-4-ar-upp-till-50-kg-1.webp?fit=2000%2C2000&ssl=1\" \/>\n\t<meta property=\"og:image:width\" content=\"2000\" \/>\n\t<meta property=\"og:image:height\" content=\"2000\" \/>\n\t<meta property=\"og:image:type\" content=\"image\/webp\" \/>\n<meta name=\"twitter:card\" content=\"summary_large_image\" \/>\n<meta name=\"twitter:label1\" content=\"Ber\u00e4knad l\u00e4stid\" \/>\n\t<meta name=\"twitter:data1\" content=\"1 minut\" \/>\n<!-- \/ Yoast SEO plugin. -->","yoast_head_json":{"title":"TRUUSK Kl\u00e4tterb\u00e5ge, Gungbr\u00e4da, Stege - Med Kudde - F\u00f6r 1,5-4 \u00e5r - Upp Till 50 Kg - TRUUSK - Hem, Tr\u00e4dg\u00e5rd &amp; Fritid","robots":{"index":"index","follow":"follow","max-snippet":"max-snippet:-1","max-image-preview":"max-image-preview:large","max-video-preview":"max-video-preview:-1"},"canonical":"https:\/\/truusk.store\/sv\/produkt\/truusk-klatterbage-gungbrada-stege-med-kudde-for-15-4-ar-upp-till-50-kg\/","og_locale":"sv_SE","og_type":"article","og_title":"TRUUSK Kl\u00e4tterb\u00e5ge, Gungbr\u00e4da, Stege - Med Kudde - F\u00f6r 1,5-4 \u00e5r - Upp Till 50 Kg - TRUUSK - Hem, Tr\u00e4dg\u00e5rd &amp; Fritid","og_description":"Uppt\u00e4ck din lilla skatts kreativitet med [BRAND NAME] 3-i-1 kl\u00e4tterb\u00e5ge! Denna kl\u00e4tterst\u00e4llning kan enkelt omvandlas fr\u00e5n en kl\u00e4tterstege till ett...","og_url":"https:\/\/truusk.store\/sv\/produkt\/truusk-klatterbage-gungbrada-stege-med-kudde-for-15-4-ar-upp-till-50-kg\/","og_site_name":"TRUUSK - Hem, Tr\u00e4dg\u00e5rd &amp; Fritid","article_modified_time":"2026-03-12T08:43:19+00:00","og_image":[{"width":2000,"height":2000,"url":"https:\/\/i0.wp.com\/truusk.se\/wp-content\/uploads\/2026\/01\/klatterbage-gungbrada-stege-gunga-med-kudde-for-15-4-ar-upp-till-50-kg-1.webp?fit=2000%2C2000&ssl=1","type":"image\/webp"}],"twitter_card":"summary_large_image","twitter_misc":{"Ber\u00e4knad l\u00e4stid":"1 minut"},"schema":{"@context":"https:\/\/schema.org","@graph":[{"@type":"WebPage","@id":"https:\/\/truusk.store\/sv\/produkt\/truusk-klatterbage-gungbrada-stege-med-kudde-for-15-4-ar-upp-till-50-kg\/","url":"https:\/\/truusk.store\/sv\/produkt\/truusk-klatterbage-gungbrada-stege-med-kudde-for-15-4-ar-upp-till-50-kg\/","name":"TRUUSK Kl\u00e4tterb\u00e5ge, Gungbr\u00e4da, Stege - Med Kudde - F\u00f6r 1,5-4 \u00e5r - Upp Till 50 Kg - TRUUSK - Hem, Tr\u00e4dg\u00e5rd &amp; Fritid","isPartOf":{"@id":"https:\/\/truusk.store\/sv\/#website"},"primaryImageOfPage":{"@id":"https:\/\/truusk.store\/sv\/produkt\/truusk-klatterbage-gungbrada-stege-med-kudde-for-15-4-ar-upp-till-50-kg\/#primaryimage"},"image":{"@id":"https:\/\/truusk.store\/sv\/produkt\/truusk-klatterbage-gungbrada-stege-med-kudde-for-15-4-ar-upp-till-50-kg\/#primaryimage"},"thumbnailUrl":"https:\/\/i0.wp.com\/truusk.store\/wp-content\/uploads\/2026\/01\/klatterbage-gungbrada-stege-gunga-med-kudde-for-15-4-ar-upp-till-50-kg-1.webp?fit=2000%2C2000&ssl=1","datePublished":"2026-01-15T11:18:55+00:00","dateModified":"2026-03-12T08:43:19+00:00","breadcrumb":{"@id":"https:\/\/truusk.store\/sv\/produkt\/truusk-klatterbage-gungbrada-stege-med-kudde-for-15-4-ar-upp-till-50-kg\/#breadcrumb"},"inLanguage":"sv-SE","potentialAction":[{"@type":"ReadAction","target":["https:\/\/truusk.store\/sv\/produkt\/truusk-klatterbage-gungbrada-stege-med-kudde-for-15-4-ar-upp-till-50-kg\/"]}]},{"@type":"ImageObject","inLanguage":"sv-SE","@id":"https:\/\/truusk.store\/sv\/produkt\/truusk-klatterbage-gungbrada-stege-med-kudde-for-15-4-ar-upp-till-50-kg\/#primaryimage","url":"https:\/\/i0.wp.com\/truusk.store\/wp-content\/uploads\/2026\/01\/klatterbage-gungbrada-stege-gunga-med-kudde-for-15-4-ar-upp-till-50-kg-1.webp?fit=2000%2C2000&ssl=1","contentUrl":"https:\/\/i0.wp.com\/truusk.store\/wp-content\/uploads\/2026\/01\/klatterbage-gungbrada-stege-gunga-med-kudde-for-15-4-ar-upp-till-50-kg-1.webp?fit=2000%2C2000&ssl=1","width":2000,"height":2000},{"@type":"BreadcrumbList","@id":"https:\/\/truusk.store\/sv\/produkt\/truusk-klatterbage-gungbrada-stege-med-kudde-for-15-4-ar-upp-till-50-kg\/#breadcrumb","itemListElement":[{"@type":"ListItem","position":1,"name":"Home","item":"https:\/\/truusk.store\/sv\/"},{"@type":"ListItem","position":2,"name":"Shop","item":"https:\/\/truusk.store\/shop\/"},{"@type":"ListItem","position":3,"name":"TRUUSK Kl\u00e4tterb\u00e5ge, Gungbr\u00e4da, Stege &#8211; Med Kudde &#8211; F\u00f6r 1,5-4 \u00e5r &#8211; Upp Till 50 Kg"}]},{"@type":"WebSite","@id":"https:\/\/truusk.store\/sv\/#website","url":"https:\/\/truusk.store\/sv\/","name":"TRUUSK - Hem, Tr\u00e4dg\u00e5rd & Fritid","description":"","publisher":{"@id":"https:\/\/truusk.store\/sv\/#organization"},"potentialAction":[{"@type":"SearchAction","target":{"@type":"EntryPoint","urlTemplate":"https:\/\/truusk.store\/sv\/?s={search_term_string}"},"query-input":{"@type":"PropertyValueSpecification","valueRequired":true,"valueName":"search_term_string"}}],"inLanguage":"sv-SE"},{"@type":"Organization","@id":"https:\/\/truusk.store\/sv\/#organization","name":"TRUUSK - Hem, Tr\u00e4dg\u00e5rd & Fritid","url":"https:\/\/truusk.store\/sv\/","logo":{"@type":"ImageObject","inLanguage":"sv-SE","@id":"https:\/\/truusk.store\/sv\/#\/schema\/logo\/image\/","url":"https:\/\/i0.wp.com\/truusk.store\/wp-content\/uploads\/2026\/03\/cropped-TRUUSK.png?fit=2032%2C917&ssl=1","contentUrl":"https:\/\/i0.wp.com\/truusk.store\/wp-content\/uploads\/2026\/03\/cropped-TRUUSK.png?fit=2032%2C917&ssl=1","width":2032,"height":917,"caption":"TRUUSK - Hem, Tr\u00e4dg\u00e5rd & Fritid"},"image":{"@id":"https:\/\/truusk.store\/sv\/#\/schema\/logo\/image\/"}}]}},"jetpack_sharing_enabled":true,"_links":{"self":[{"href":"https:\/\/truusk.store\/sv\/wp-json\/wp\/v2\/product\/99759","targetHints":{"allow":["GET"]}}],"collection":[{"href":"https:\/\/truusk.store\/sv\/wp-json\/wp\/v2\/product"}],"about":[{"href":"https:\/\/truusk.store\/sv\/wp-json\/wp\/v2\/types\/product"}],"wp:featuredmedia":[{"embeddable":true,"href":"https:\/\/truusk.store\/sv\/wp-json\/wp\/v2\/media\/99744"}],"wp:attachment":[{"href":"https:\/\/truusk.store\/sv\/wp-json\/wp\/v2\/media?parent=99759"}],"wp:term":[{"taxonomy":"product_brand","embeddable":true,"href":"https:\/\/truusk.store\/sv\/wp-json\/wp\/v2\/product_brand?post=99759"},{"taxonomy":"product_cat","embeddable":true,"href":"https:\/\/truusk.store\/sv\/wp-json\/wp\/v2\/product_cat?post=99759"},{"taxonomy":"product_tag","embeddable":true,"href":"https:\/\/truusk.store\/sv\/wp-json\/wp\/v2\/product_tag?post=99759"}],"curies":[{"name":"wp","href":"https:\/\/api.w.org\/{rel}","templated":true}]}}