{"id":99767,"date":"2026-01-15T12:19:46","date_gmt":"2026-01-15T11:19:46","guid":{"rendered":"https:\/\/truusk.store\/product\/5-i-1-barns-klatterstallning-med-ramp-bro-triangular-stege-18-48-manader-fargglad\/"},"modified":"2026-03-12T09:43:19","modified_gmt":"2026-03-12T08:43:19","slug":"truusk-5-i-1-barnklatterstallning-med-ramp-bro-triangular-stege-for-18-48-manader-fargglad","status":"publish","type":"product","link":"https:\/\/truusk.store\/sv\/produkt\/truusk-5-i-1-barnklatterstallning-med-ramp-bro-triangular-stege-for-18-48-manader-fargglad\/","title":{"rendered":"TRUUSK 5-i-1 Barnkl\u00e4tterst\u00e4llning &#8211; Med Ramp &#8211; Bro &#8211; Triangul\u00e4r Stege &#8211; F\u00f6r 18-48 M\u00e5nader &#8211; F\u00e4rgglad"},"content":{"rendered":"<p>V\u00e4ck ditt sm\u00e5barns uppt\u00e4ckarlust med [BRAND NAME] kl\u00e4tterst\u00e4llningssats! Denna multifunktionella 5-i-1 Montessori kl\u00e4ttersats erbjuder kl\u00e4tterst\u00e4llningar i triangel- och b\u00e5gform, en gungbr\u00e4da, en kl\u00e4tterramp och en rutschkana. Tillverkad av fint massivt tr\u00e4, erbjuder denna kl\u00e4tterst\u00e4llningssats den idealiska inomhuskl\u00e4tterm\u00f6jligheten som st\u00f6der ditt barns utveckling och sj\u00e4lvf\u00f6rtroende!<\/p>\n<p>Beskrivning:<\/p>\n<ul>\n<li> 5-i-1-designen av kl\u00e4tterst\u00e4llningen inkluderar en triangelkl\u00e4tterstege, en b\u00e5gformad gungbr\u00e4da och en rutschkana med kl\u00e4tterstenar<\/li>\n<li> Kl\u00e4tterst\u00e4llningssats tillverkad av massivt tr\u00e4, med sl\u00e4t yta<\/li>\n<li> F\u00e4llbart design av kl\u00e4tterst\u00e4llningen f\u00f6renklar f\u00f6rvaringen<\/li>\n<li> Justering av rutschkanans vinkel erbjuder m\u00e5ngsidiga lekm\u00f6jligheter<\/li>\n<li> B\u00e4r upp till 50 kg, l\u00e4mplig f\u00f6r barn i \u00e5ldern 18-48 m\u00e5nader<\/li>\n<li> Montering kr\u00e4vs<\/li>\n<\/ul>\n<p>Tekniska data:<\/p>\n<ul>\n<li> F\u00e4rg: Flerf\u00e4rgad<\/li>\n<li> Material: Talltr\u00e4, flerskiktsplatta<\/li>\n<li> Totala dimensioner: 178L x 64,5B x 63H cm<\/li>\n<li> B\u00e5ge: 68L x 42B x 36H cm<\/li>\n<li> Rutschkana: 99L x 38,5B cm<\/li>\n<li> Triangelkl\u00e4tterst\u00e4llning: 78L x 64,5B x 63H cm<\/li>\n<li> Kl\u00e4ttersten: 8,5L x 4B x 1,5H cm<\/li>\n<li> F\u00e4lld triangel: 64,5L x 21,5B x 73H cm<\/li>\n<li> Maximal belastning: 50 kg<\/li>\n<li> Rekommenderad \u00e5lder: 18-48 m\u00e5nader<\/li>\n<\/ul>\n<p>Leveransinneh\u00e5ll:<\/p>\n<ul>\n<li> 1 x Triangelkl\u00e4tterst\u00e4llning<\/li>\n<li> 1 x Rutschkana<\/li>\n<li> 1 x B\u00e5gformad bro<\/li>\n<li> 1 x Instruktioner<\/li>\n<\/ul>\n","protected":false},"excerpt":{"rendered":"<p>V\u00e4ck ditt sm\u00e5barns uppt\u00e4ckarlust med [BRAND NAME] kl\u00e4tterst\u00e4llningssats! Denna multifunktionella 5-i-1 Montessori kl\u00e4ttersats erbjuder kl\u00e4tterst\u00e4llningar i triangel- och b\u00e5gform, en&#8230;<\/p>\n","protected":false},"featured_media":99756,"template":"","meta":[],"product_brand":[],"product_cat":[880,939,616],"product_tag":[],"class_list":{"0":"post-99767","1":"product","2":"type-product","3":"status-publish","4":"has-post-thumbnail","6":"product_cat-baby-barn-2","7":"product_cat-barnsport","8":"product_cat-utomhusleksaker","10":"first","11":"instock","12":"sale","13":"taxable","14":"shipping-taxable","15":"purchasable","16":"product-type-simple"},"yoast_head":"<!-- This site is optimized with the Yoast SEO plugin v25.4 - https:\/\/yoast.com\/wordpress\/plugins\/seo\/ -->\n<title>TRUUSK 5-i-1 Barnkl\u00e4tterst\u00e4llning - Med Ramp - Bro - Triangul\u00e4r Stege - F\u00f6r 18-48 M\u00e5nader - F\u00e4rgglad - TRUUSK - Hem, Tr\u00e4dg\u00e5rd &amp; Fritid<\/title>\n<meta name=\"robots\" content=\"index, follow, max-snippet:-1, max-image-preview:large, max-video-preview:-1\" \/>\n<link rel=\"canonical\" href=\"https:\/\/truusk.store\/sv\/produkt\/truusk-5-i-1-barnklatterstallning-med-ramp-bro-triangular-stege-for-18-48-manader-fargglad\/\" \/>\n<meta property=\"og:locale\" content=\"sv_SE\" \/>\n<meta property=\"og:type\" content=\"article\" \/>\n<meta property=\"og:title\" content=\"TRUUSK 5-i-1 Barnkl\u00e4tterst\u00e4llning - Med Ramp - Bro - Triangul\u00e4r Stege - F\u00f6r 18-48 M\u00e5nader - F\u00e4rgglad - TRUUSK - Hem, Tr\u00e4dg\u00e5rd &amp; Fritid\" \/>\n<meta property=\"og:description\" content=\"V\u00e4ck ditt sm\u00e5barns uppt\u00e4ckarlust med [BRAND NAME] kl\u00e4tterst\u00e4llningssats! Denna multifunktionella 5-i-1 Montessori kl\u00e4ttersats erbjuder kl\u00e4tterst\u00e4llningar i triangel- och b\u00e5gform, en...\" \/>\n<meta property=\"og:url\" content=\"https:\/\/truusk.store\/sv\/produkt\/truusk-5-i-1-barnklatterstallning-med-ramp-bro-triangular-stege-for-18-48-manader-fargglad\/\" \/>\n<meta property=\"og:site_name\" content=\"TRUUSK - Hem, Tr\u00e4dg\u00e5rd &amp; Fritid\" \/>\n<meta property=\"article:modified_time\" content=\"2026-03-12T08:43:19+00:00\" \/>\n<meta property=\"og:image\" content=\"https:\/\/i0.wp.com\/truusk.se\/wp-content\/uploads\/2026\/01\/5-i-1-barns-klatterstallning-med-ramp-bro-triangular-stege-18-48-manader-fargglad-1.webp?fit=2000%2C2000&ssl=1\" \/>\n\t<meta property=\"og:image:width\" content=\"2000\" \/>\n\t<meta property=\"og:image:height\" content=\"2000\" \/>\n\t<meta property=\"og:image:type\" content=\"image\/webp\" \/>\n<meta name=\"twitter:card\" content=\"summary_large_image\" \/>\n<meta name=\"twitter:label1\" content=\"Ber\u00e4knad l\u00e4stid\" \/>\n\t<meta name=\"twitter:data1\" content=\"1 minut\" \/>\n<!-- \/ Yoast SEO plugin. -->","yoast_head_json":{"title":"TRUUSK 5-i-1 Barnkl\u00e4tterst\u00e4llning - Med Ramp - Bro - Triangul\u00e4r Stege - F\u00f6r 18-48 M\u00e5nader - F\u00e4rgglad - TRUUSK - Hem, Tr\u00e4dg\u00e5rd &amp; Fritid","robots":{"index":"index","follow":"follow","max-snippet":"max-snippet:-1","max-image-preview":"max-image-preview:large","max-video-preview":"max-video-preview:-1"},"canonical":"https:\/\/truusk.store\/sv\/produkt\/truusk-5-i-1-barnklatterstallning-med-ramp-bro-triangular-stege-for-18-48-manader-fargglad\/","og_locale":"sv_SE","og_type":"article","og_title":"TRUUSK 5-i-1 Barnkl\u00e4tterst\u00e4llning - Med Ramp - Bro - Triangul\u00e4r Stege - F\u00f6r 18-48 M\u00e5nader - F\u00e4rgglad - TRUUSK - Hem, Tr\u00e4dg\u00e5rd &amp; Fritid","og_description":"V\u00e4ck ditt sm\u00e5barns uppt\u00e4ckarlust med [BRAND NAME] kl\u00e4tterst\u00e4llningssats! Denna multifunktionella 5-i-1 Montessori kl\u00e4ttersats erbjuder kl\u00e4tterst\u00e4llningar i triangel- och b\u00e5gform, en...","og_url":"https:\/\/truusk.store\/sv\/produkt\/truusk-5-i-1-barnklatterstallning-med-ramp-bro-triangular-stege-for-18-48-manader-fargglad\/","og_site_name":"TRUUSK - Hem, Tr\u00e4dg\u00e5rd &amp; Fritid","article_modified_time":"2026-03-12T08:43:19+00:00","og_image":[{"width":2000,"height":2000,"url":"https:\/\/i0.wp.com\/truusk.se\/wp-content\/uploads\/2026\/01\/5-i-1-barns-klatterstallning-med-ramp-bro-triangular-stege-18-48-manader-fargglad-1.webp?fit=2000%2C2000&ssl=1","type":"image\/webp"}],"twitter_card":"summary_large_image","twitter_misc":{"Ber\u00e4knad l\u00e4stid":"1 minut"},"schema":{"@context":"https:\/\/schema.org","@graph":[{"@type":"WebPage","@id":"https:\/\/truusk.store\/sv\/produkt\/truusk-5-i-1-barnklatterstallning-med-ramp-bro-triangular-stege-for-18-48-manader-fargglad\/","url":"https:\/\/truusk.store\/sv\/produkt\/truusk-5-i-1-barnklatterstallning-med-ramp-bro-triangular-stege-for-18-48-manader-fargglad\/","name":"TRUUSK 5-i-1 Barnkl\u00e4tterst\u00e4llning - Med Ramp - Bro - Triangul\u00e4r Stege - F\u00f6r 18-48 M\u00e5nader - F\u00e4rgglad - TRUUSK - Hem, Tr\u00e4dg\u00e5rd &amp; Fritid","isPartOf":{"@id":"https:\/\/truusk.store\/sv\/#website"},"primaryImageOfPage":{"@id":"https:\/\/truusk.store\/sv\/produkt\/truusk-5-i-1-barnklatterstallning-med-ramp-bro-triangular-stege-for-18-48-manader-fargglad\/#primaryimage"},"image":{"@id":"https:\/\/truusk.store\/sv\/produkt\/truusk-5-i-1-barnklatterstallning-med-ramp-bro-triangular-stege-for-18-48-manader-fargglad\/#primaryimage"},"thumbnailUrl":"https:\/\/i0.wp.com\/truusk.store\/wp-content\/uploads\/2026\/01\/5-i-1-barns-klatterstallning-med-ramp-bro-triangular-stege-18-48-manader-fargglad-1.webp?fit=2000%2C2000&ssl=1","datePublished":"2026-01-15T11:19:46+00:00","dateModified":"2026-03-12T08:43:19+00:00","breadcrumb":{"@id":"https:\/\/truusk.store\/sv\/produkt\/truusk-5-i-1-barnklatterstallning-med-ramp-bro-triangular-stege-for-18-48-manader-fargglad\/#breadcrumb"},"inLanguage":"sv-SE","potentialAction":[{"@type":"ReadAction","target":["https:\/\/truusk.store\/sv\/produkt\/truusk-5-i-1-barnklatterstallning-med-ramp-bro-triangular-stege-for-18-48-manader-fargglad\/"]}]},{"@type":"ImageObject","inLanguage":"sv-SE","@id":"https:\/\/truusk.store\/sv\/produkt\/truusk-5-i-1-barnklatterstallning-med-ramp-bro-triangular-stege-for-18-48-manader-fargglad\/#primaryimage","url":"https:\/\/i0.wp.com\/truusk.store\/wp-content\/uploads\/2026\/01\/5-i-1-barns-klatterstallning-med-ramp-bro-triangular-stege-18-48-manader-fargglad-1.webp?fit=2000%2C2000&ssl=1","contentUrl":"https:\/\/i0.wp.com\/truusk.store\/wp-content\/uploads\/2026\/01\/5-i-1-barns-klatterstallning-med-ramp-bro-triangular-stege-18-48-manader-fargglad-1.webp?fit=2000%2C2000&ssl=1","width":2000,"height":2000},{"@type":"BreadcrumbList","@id":"https:\/\/truusk.store\/sv\/produkt\/truusk-5-i-1-barnklatterstallning-med-ramp-bro-triangular-stege-for-18-48-manader-fargglad\/#breadcrumb","itemListElement":[{"@type":"ListItem","position":1,"name":"Home","item":"https:\/\/truusk.store\/sv\/"},{"@type":"ListItem","position":2,"name":"Shop","item":"https:\/\/truusk.store\/shop\/"},{"@type":"ListItem","position":3,"name":"TRUUSK 5-i-1 Barnkl\u00e4tterst\u00e4llning &#8211; Med Ramp &#8211; Bro &#8211; Triangul\u00e4r Stege &#8211; F\u00f6r 18-48 M\u00e5nader &#8211; F\u00e4rgglad"}]},{"@type":"WebSite","@id":"https:\/\/truusk.store\/sv\/#website","url":"https:\/\/truusk.store\/sv\/","name":"TRUUSK - Hem, Tr\u00e4dg\u00e5rd & Fritid","description":"","publisher":{"@id":"https:\/\/truusk.store\/sv\/#organization"},"potentialAction":[{"@type":"SearchAction","target":{"@type":"EntryPoint","urlTemplate":"https:\/\/truusk.store\/sv\/?s={search_term_string}"},"query-input":{"@type":"PropertyValueSpecification","valueRequired":true,"valueName":"search_term_string"}}],"inLanguage":"sv-SE"},{"@type":"Organization","@id":"https:\/\/truusk.store\/sv\/#organization","name":"TRUUSK - Hem, Tr\u00e4dg\u00e5rd & Fritid","url":"https:\/\/truusk.store\/sv\/","logo":{"@type":"ImageObject","inLanguage":"sv-SE","@id":"https:\/\/truusk.store\/sv\/#\/schema\/logo\/image\/","url":"https:\/\/i0.wp.com\/truusk.store\/wp-content\/uploads\/2026\/03\/cropped-TRUUSK.png?fit=2032%2C917&ssl=1","contentUrl":"https:\/\/i0.wp.com\/truusk.store\/wp-content\/uploads\/2026\/03\/cropped-TRUUSK.png?fit=2032%2C917&ssl=1","width":2032,"height":917,"caption":"TRUUSK - Hem, Tr\u00e4dg\u00e5rd & Fritid"},"image":{"@id":"https:\/\/truusk.store\/sv\/#\/schema\/logo\/image\/"}}]}},"jetpack_sharing_enabled":true,"_links":{"self":[{"href":"https:\/\/truusk.store\/sv\/wp-json\/wp\/v2\/product\/99767","targetHints":{"allow":["GET"]}}],"collection":[{"href":"https:\/\/truusk.store\/sv\/wp-json\/wp\/v2\/product"}],"about":[{"href":"https:\/\/truusk.store\/sv\/wp-json\/wp\/v2\/types\/product"}],"wp:featuredmedia":[{"embeddable":true,"href":"https:\/\/truusk.store\/sv\/wp-json\/wp\/v2\/media\/99756"}],"wp:attachment":[{"href":"https:\/\/truusk.store\/sv\/wp-json\/wp\/v2\/media?parent=99767"}],"wp:term":[{"taxonomy":"product_brand","embeddable":true,"href":"https:\/\/truusk.store\/sv\/wp-json\/wp\/v2\/product_brand?post=99767"},{"taxonomy":"product_cat","embeddable":true,"href":"https:\/\/truusk.store\/sv\/wp-json\/wp\/v2\/product_cat?post=99767"},{"taxonomy":"product_tag","embeddable":true,"href":"https:\/\/truusk.store\/sv\/wp-json\/wp\/v2\/product_tag?post=99767"}],"curies":[{"name":"wp","href":"https:\/\/api.w.org\/{rel}","templated":true}]}}