{"id":99813,"date":"2026-01-15T12:25:05","date_gmt":"2026-01-15T11:25:05","guid":{"rendered":"https:\/\/truusk.store\/product\/badrumsspegel-med-led-belysning-och-justerbar-farg-och-temperatur-tillverkad-av-hardat-glas-80x5x60-cm-silver\/"},"modified":"2026-03-12T08:40:15","modified_gmt":"2026-03-12T07:40:15","slug":"truusk-badrumsspegel-med-led-belysning-justerbar-farg-och-temperatur-hardat-glas-80x5x60-cm-silver","status":"publish","type":"product","link":"https:\/\/truusk.store\/sv\/produkt\/truusk-badrumsspegel-med-led-belysning-justerbar-farg-och-temperatur-hardat-glas-80x5x60-cm-silver\/","title":{"rendered":"TRUUSK Badrumsspegel Med LED-belysning &#8211; Justerbar F\u00e4rg Och Temperatur &#8211; H\u00e4rdat Glas &#8211; 80x5x60 Cm &#8211; Silver"},"content":{"rendered":"<p>F\u00f6rvandla ditt badrum med denna LED-belysta [BRAND NAME]-spegel, funktionell och s\u00e4ker f\u00f6r alla moderna milj\u00f6er. Spegeln erbjuder justerbart ljus och f\u00e4rgtemperaturer: Varmvitt (3000K), Naturvitt (4500K) och Kallvitt (6500K), medan minnesfunktionen sparar de tidigare inst\u00e4llningarna och st\u00e4nger av str\u00f6mljuset med ett l\u00e5ngt tryck. F\u00f6rnya rummet med konstant klar reflektion av kvalitet.<\/p>\n<p>Beskrivning:<\/p>\n<ul>\n<li> Badrumsspegel med justerbar ljusstyrka och tre f\u00e4rgtemperaturer f\u00f6r att f\u00e5 ditt f\u00f6redragna ljus<\/li>\n<li> Den belysta spegeln sparar de senaste inst\u00e4llningarna f\u00f6r mer komfort<\/li>\n<li> Anti-dimfunktionen h\u00e5ller spegeln klar efter duschen<\/li>\n<li> Vattent\u00e4thetsgrad IP44 l\u00e4mplig f\u00f6r fuktiga badrum<\/li>\n<li> Badrumsspegel med klar reflektion och okrossbart asymmetriskt h\u00e4rdat glas<\/li>\n<li> 3 olika monteringsmetoder med tillbeh\u00f6r inkluderade<\/li>\n<li> Kabelinstallation kr\u00e4vs (plugg ing\u00e5r ej)<\/li>\n<\/ul>\n<p> Tekniska specifikationer:<\/p>\n<ul>\n<li> F\u00e4rg: Silver<\/li>\n<li> Material: H\u00e4rdat glas<\/li>\n<li> Totala dimensioner: 80L x 5B x 60H cm<\/li>\n<li> Glasstjocklek: 4 mm<\/li>\n<li> Anti-kondensmatta dimensioner: 30L x 20B cm<\/li>\n<li> Effekt: 27W (total), 15W (ljus), 12W (anti-kondens)<\/li>\n<li> Lumen: 1250lm<\/li>\n<li> Ljusf\u00e4rgtemperatur: 3000K varmvitt\/4500K naturvitt\/6500K kallvitt<\/li>\n<li> Skyddsniv\u00e5: IP44<\/li>\n<li> Kabell\u00e4ngd: 0,5 m<\/li>\n<li> Ing\u00e5ng: AC 220-240V, 50\/60Hz<\/li>\n<li> Utg\u00e5ng: DC 12V, 1,75A, Max 25W<\/li>\n<\/ul>\n<p>Leveransinneh\u00e5ll:<\/p>\n<ul>\n<li> 1 x Badrumsspegel<\/li>\n<li> 2 x Skruvar<\/li>\n<li> 2 x Plastpluggar<\/li>\n<li> 1 x Anslutningsbox<\/li>\n<li> 1 x Bruksanvisning<\/li>\n<\/ul>\n","protected":false},"excerpt":{"rendered":"<p>F\u00f6rvandla ditt badrum med denna LED-belysta [BRAND NAME]-spegel, funktionell och s\u00e4ker f\u00f6r alla moderna milj\u00f6er. Spegeln erbjuder justerbart ljus och&#8230;<\/p>\n","protected":false},"featured_media":99805,"template":"","meta":[],"product_brand":[],"product_cat":[915,969,871],"product_tag":[],"class_list":{"0":"post-99813","1":"product","2":"type-product","3":"status-publish","4":"has-post-thumbnail","6":"product_cat-badrum","7":"product_cat-badrumsspegel","8":"product_cat-hus-hem","10":"first","11":"instock","12":"sale","13":"taxable","14":"shipping-taxable","15":"purchasable","16":"product-type-simple"},"yoast_head":"<!-- This site is optimized with the Yoast SEO plugin v25.4 - https:\/\/yoast.com\/wordpress\/plugins\/seo\/ -->\n<title>TRUUSK Badrumsspegel Med LED-belysning - Justerbar F\u00e4rg Och Temperatur - H\u00e4rdat Glas - 80x5x60 Cm - Silver - TRUUSK - Hem, Tr\u00e4dg\u00e5rd &amp; Fritid<\/title>\n<meta name=\"robots\" content=\"index, follow, max-snippet:-1, max-image-preview:large, max-video-preview:-1\" \/>\n<link rel=\"canonical\" href=\"https:\/\/truusk.store\/sv\/produkt\/truusk-badrumsspegel-med-led-belysning-justerbar-farg-och-temperatur-hardat-glas-80x5x60-cm-silver\/\" \/>\n<meta property=\"og:locale\" content=\"sv_SE\" \/>\n<meta property=\"og:type\" content=\"article\" \/>\n<meta property=\"og:title\" content=\"TRUUSK Badrumsspegel Med LED-belysning - Justerbar F\u00e4rg Och Temperatur - H\u00e4rdat Glas - 80x5x60 Cm - Silver - TRUUSK - Hem, Tr\u00e4dg\u00e5rd &amp; Fritid\" \/>\n<meta property=\"og:description\" content=\"F\u00f6rvandla ditt badrum med denna LED-belysta [BRAND NAME]-spegel, funktionell och s\u00e4ker f\u00f6r alla moderna milj\u00f6er. Spegeln erbjuder justerbart ljus och...\" \/>\n<meta property=\"og:url\" content=\"https:\/\/truusk.store\/sv\/produkt\/truusk-badrumsspegel-med-led-belysning-justerbar-farg-och-temperatur-hardat-glas-80x5x60-cm-silver\/\" \/>\n<meta property=\"og:site_name\" content=\"TRUUSK - Hem, Tr\u00e4dg\u00e5rd &amp; Fritid\" \/>\n<meta property=\"article:modified_time\" content=\"2026-03-12T07:40:15+00:00\" \/>\n<meta property=\"og:image\" content=\"https:\/\/i0.wp.com\/truusk.se\/wp-content\/uploads\/2026\/01\/badrumsspegel-med-led-belysning-och-justerbar-farg-och-temperatur-tillverkad-av-hardat-glas-80x5x60-cm-silver-1.webp?fit=2000%2C2000&ssl=1\" \/>\n\t<meta property=\"og:image:width\" content=\"2000\" \/>\n\t<meta property=\"og:image:height\" content=\"2000\" \/>\n\t<meta property=\"og:image:type\" content=\"image\/webp\" \/>\n<meta name=\"twitter:card\" content=\"summary_large_image\" \/>\n<meta name=\"twitter:label1\" content=\"Ber\u00e4knad l\u00e4stid\" \/>\n\t<meta name=\"twitter:data1\" content=\"1 minut\" \/>\n<!-- \/ Yoast SEO plugin. -->","yoast_head_json":{"title":"TRUUSK Badrumsspegel Med LED-belysning - Justerbar F\u00e4rg Och Temperatur - H\u00e4rdat Glas - 80x5x60 Cm - Silver - TRUUSK - Hem, Tr\u00e4dg\u00e5rd &amp; Fritid","robots":{"index":"index","follow":"follow","max-snippet":"max-snippet:-1","max-image-preview":"max-image-preview:large","max-video-preview":"max-video-preview:-1"},"canonical":"https:\/\/truusk.store\/sv\/produkt\/truusk-badrumsspegel-med-led-belysning-justerbar-farg-och-temperatur-hardat-glas-80x5x60-cm-silver\/","og_locale":"sv_SE","og_type":"article","og_title":"TRUUSK Badrumsspegel Med LED-belysning - Justerbar F\u00e4rg Och Temperatur - H\u00e4rdat Glas - 80x5x60 Cm - Silver - TRUUSK - Hem, Tr\u00e4dg\u00e5rd &amp; Fritid","og_description":"F\u00f6rvandla ditt badrum med denna LED-belysta [BRAND NAME]-spegel, funktionell och s\u00e4ker f\u00f6r alla moderna milj\u00f6er. Spegeln erbjuder justerbart ljus och...","og_url":"https:\/\/truusk.store\/sv\/produkt\/truusk-badrumsspegel-med-led-belysning-justerbar-farg-och-temperatur-hardat-glas-80x5x60-cm-silver\/","og_site_name":"TRUUSK - Hem, Tr\u00e4dg\u00e5rd &amp; Fritid","article_modified_time":"2026-03-12T07:40:15+00:00","og_image":[{"width":2000,"height":2000,"url":"https:\/\/i0.wp.com\/truusk.se\/wp-content\/uploads\/2026\/01\/badrumsspegel-med-led-belysning-och-justerbar-farg-och-temperatur-tillverkad-av-hardat-glas-80x5x60-cm-silver-1.webp?fit=2000%2C2000&ssl=1","type":"image\/webp"}],"twitter_card":"summary_large_image","twitter_misc":{"Ber\u00e4knad l\u00e4stid":"1 minut"},"schema":{"@context":"https:\/\/schema.org","@graph":[{"@type":"WebPage","@id":"https:\/\/truusk.store\/sv\/produkt\/truusk-badrumsspegel-med-led-belysning-justerbar-farg-och-temperatur-hardat-glas-80x5x60-cm-silver\/","url":"https:\/\/truusk.store\/sv\/produkt\/truusk-badrumsspegel-med-led-belysning-justerbar-farg-och-temperatur-hardat-glas-80x5x60-cm-silver\/","name":"TRUUSK Badrumsspegel Med LED-belysning - Justerbar F\u00e4rg Och Temperatur - H\u00e4rdat Glas - 80x5x60 Cm - Silver - TRUUSK - Hem, Tr\u00e4dg\u00e5rd &amp; Fritid","isPartOf":{"@id":"https:\/\/truusk.store\/sv\/#website"},"primaryImageOfPage":{"@id":"https:\/\/truusk.store\/sv\/produkt\/truusk-badrumsspegel-med-led-belysning-justerbar-farg-och-temperatur-hardat-glas-80x5x60-cm-silver\/#primaryimage"},"image":{"@id":"https:\/\/truusk.store\/sv\/produkt\/truusk-badrumsspegel-med-led-belysning-justerbar-farg-och-temperatur-hardat-glas-80x5x60-cm-silver\/#primaryimage"},"thumbnailUrl":"https:\/\/i0.wp.com\/truusk.store\/wp-content\/uploads\/2026\/01\/badrumsspegel-med-led-belysning-och-justerbar-farg-och-temperatur-tillverkad-av-hardat-glas-80x5x60-cm-silver-1.webp?fit=2000%2C2000&ssl=1","datePublished":"2026-01-15T11:25:05+00:00","dateModified":"2026-03-12T07:40:15+00:00","breadcrumb":{"@id":"https:\/\/truusk.store\/sv\/produkt\/truusk-badrumsspegel-med-led-belysning-justerbar-farg-och-temperatur-hardat-glas-80x5x60-cm-silver\/#breadcrumb"},"inLanguage":"sv-SE","potentialAction":[{"@type":"ReadAction","target":["https:\/\/truusk.store\/sv\/produkt\/truusk-badrumsspegel-med-led-belysning-justerbar-farg-och-temperatur-hardat-glas-80x5x60-cm-silver\/"]}]},{"@type":"ImageObject","inLanguage":"sv-SE","@id":"https:\/\/truusk.store\/sv\/produkt\/truusk-badrumsspegel-med-led-belysning-justerbar-farg-och-temperatur-hardat-glas-80x5x60-cm-silver\/#primaryimage","url":"https:\/\/i0.wp.com\/truusk.store\/wp-content\/uploads\/2026\/01\/badrumsspegel-med-led-belysning-och-justerbar-farg-och-temperatur-tillverkad-av-hardat-glas-80x5x60-cm-silver-1.webp?fit=2000%2C2000&ssl=1","contentUrl":"https:\/\/i0.wp.com\/truusk.store\/wp-content\/uploads\/2026\/01\/badrumsspegel-med-led-belysning-och-justerbar-farg-och-temperatur-tillverkad-av-hardat-glas-80x5x60-cm-silver-1.webp?fit=2000%2C2000&ssl=1","width":2000,"height":2000},{"@type":"BreadcrumbList","@id":"https:\/\/truusk.store\/sv\/produkt\/truusk-badrumsspegel-med-led-belysning-justerbar-farg-och-temperatur-hardat-glas-80x5x60-cm-silver\/#breadcrumb","itemListElement":[{"@type":"ListItem","position":1,"name":"Home","item":"https:\/\/truusk.store\/sv\/"},{"@type":"ListItem","position":2,"name":"Shop","item":"https:\/\/truusk.store\/shop\/"},{"@type":"ListItem","position":3,"name":"TRUUSK Badrumsspegel Med LED-belysning &#8211; Justerbar F\u00e4rg Och Temperatur &#8211; H\u00e4rdat Glas &#8211; 80x5x60 Cm &#8211; Silver"}]},{"@type":"WebSite","@id":"https:\/\/truusk.store\/sv\/#website","url":"https:\/\/truusk.store\/sv\/","name":"TRUUSK - Hem, Tr\u00e4dg\u00e5rd & Fritid","description":"","publisher":{"@id":"https:\/\/truusk.store\/sv\/#organization"},"potentialAction":[{"@type":"SearchAction","target":{"@type":"EntryPoint","urlTemplate":"https:\/\/truusk.store\/sv\/?s={search_term_string}"},"query-input":{"@type":"PropertyValueSpecification","valueRequired":true,"valueName":"search_term_string"}}],"inLanguage":"sv-SE"},{"@type":"Organization","@id":"https:\/\/truusk.store\/sv\/#organization","name":"TRUUSK - Hem, Tr\u00e4dg\u00e5rd & Fritid","url":"https:\/\/truusk.store\/sv\/","logo":{"@type":"ImageObject","inLanguage":"sv-SE","@id":"https:\/\/truusk.store\/sv\/#\/schema\/logo\/image\/","url":"https:\/\/i0.wp.com\/truusk.store\/wp-content\/uploads\/2026\/03\/cropped-TRUUSK.png?fit=2032%2C917&ssl=1","contentUrl":"https:\/\/i0.wp.com\/truusk.store\/wp-content\/uploads\/2026\/03\/cropped-TRUUSK.png?fit=2032%2C917&ssl=1","width":2032,"height":917,"caption":"TRUUSK - Hem, Tr\u00e4dg\u00e5rd & Fritid"},"image":{"@id":"https:\/\/truusk.store\/sv\/#\/schema\/logo\/image\/"}}]}},"jetpack_sharing_enabled":true,"_links":{"self":[{"href":"https:\/\/truusk.store\/sv\/wp-json\/wp\/v2\/product\/99813","targetHints":{"allow":["GET"]}}],"collection":[{"href":"https:\/\/truusk.store\/sv\/wp-json\/wp\/v2\/product"}],"about":[{"href":"https:\/\/truusk.store\/sv\/wp-json\/wp\/v2\/types\/product"}],"wp:featuredmedia":[{"embeddable":true,"href":"https:\/\/truusk.store\/sv\/wp-json\/wp\/v2\/media\/99805"}],"wp:attachment":[{"href":"https:\/\/truusk.store\/sv\/wp-json\/wp\/v2\/media?parent=99813"}],"wp:term":[{"taxonomy":"product_brand","embeddable":true,"href":"https:\/\/truusk.store\/sv\/wp-json\/wp\/v2\/product_brand?post=99813"},{"taxonomy":"product_cat","embeddable":true,"href":"https:\/\/truusk.store\/sv\/wp-json\/wp\/v2\/product_cat?post=99813"},{"taxonomy":"product_tag","embeddable":true,"href":"https:\/\/truusk.store\/sv\/wp-json\/wp\/v2\/product_tag?post=99813"}],"curies":[{"name":"wp","href":"https:\/\/api.w.org\/{rel}","templated":true}]}}