{"id":99833,"date":"2026-01-15T12:27:30","date_gmt":"2026-01-15T11:27:30","guid":{"rendered":"https:\/\/truusk.store\/product\/gamingstol-med-kattoron-lutande-ryggstod-utdragbar-fotstod-upp-till-120-kg-rosa-svart\/"},"modified":"2026-03-12T08:40:34","modified_gmt":"2026-03-12T07:40:34","slug":"truusk-gamingstol-med-kattoron-lutande-ryggstod-utdragbar-fotstod-upp-till-120-kg-rosa-svart","status":"publish","type":"product","link":"https:\/\/truusk.store\/sv\/produkt\/truusk-gamingstol-med-kattoron-lutande-ryggstod-utdragbar-fotstod-upp-till-120-kg-rosa-svart\/","title":{"rendered":"TRUUSK Gamingstol med katt\u00f6ron &#8211; Lutande ryggst\u00f6d &#8211; Utdragbar fotst\u00f6d &#8211; Upp till 120 kg &#8211; Rosa\/Svart"},"content":{"rendered":"<p>Upplev ultimat komfort och koncentration vid spel med [BRAND NAME] spelstolen med fotst\u00f6d. De lekfulla katt\u00f6ronen och tassarna ger din setup en charmig accent. Njut av optimal stoppning, innesluten i l\u00e4tt att underh\u00e5lla konstl\u00e4der. Justera sitth\u00f6jden fr\u00e5n 44 till 52 cm och luta dig tillbaka upp till 135\u00b0. Den utdragbara fotst\u00f6det och de anslutna armst\u00f6den p\u00e5 PC-stolen ger maximal bekv\u00e4mlighet, \u00e4ven under l\u00e5nga spelsessioner.<\/p>\n<p>Beskrivning:<\/p>\n<ul>\n<li> Katt\u00f6ron och tassar p\u00e5 spelstolen ger en s\u00f6t, rolig och lekfull touch<\/li>\n<li> Medeldensitet skumstoppning, innesluten i l\u00e4tt att reng\u00f6ra konstl\u00e4der<\/li>\n<li> 135\u00b0 lutande ryggst\u00f6d med l\u00e5sbara positioner, armst\u00f6den r\u00f6r sig d\u00e4refter<\/li>\n<li> Utdragbart fotst\u00f6d p\u00e5 spelstolen f\u00f6r att h\u00f6ja f\u00f6tterna n\u00e4r du lutar dig tillbaka<\/li>\n<li> 44-52 cm justerbar sitth\u00f6jd f\u00f6r individuell komfort<\/li>\n<li> Justerbara och avtagbara huvud- och l\u00e4ndkuddar f\u00f6r b\u00e4ttre st\u00f6d<\/li>\n<li> Roterande hjul och sits f\u00f6r enkla r\u00f6relser. Plasthjul \u00e4r s\u00e4kra f\u00f6r alla golftyper<\/li>\n<li> Montering kr\u00e4vs<\/li>\n<\/ul>\n<p> Tekniska data:<\/p>\n<ul>\n<li> F\u00e4rg: Rosa+Svart<\/li>\n<li> Material: Konstl\u00e4der, skum<\/li>\n<li> Totala dimensioner: (utan \u00f6ron) 65B x 62D x 116-124H cm<\/li>\n<li> Liggande dimensioner: 127B x 65D x 96-104H cm<\/li>\n<li> Sitsstorlek: 40B x 50D x 44-52H cm<\/li>\n<li> Armst\u00f6dsh\u00f6jd: (till sitsen) 21 cm<\/li>\n<li> Ryggst\u00f6dsstorlek: 75L x 53B cm<\/li>\n<li> L\u00e4ndst\u00f6dsstorlek: 29B x 7D x 19H cm<\/li>\n<li> Huvudst\u00f6dsstorlek: 28B x 6D x 15H cm<\/li>\n<li> Fotst\u00f6dsstorlek: 34B x 5D x 21H cm<\/li>\n<li> Belastningskapacitet: 120 kg<\/li>\n<\/ul>\n<p>Leveransinneh\u00e5ll:<\/p>\n<ul>\n<li> 1 x Spelstol<\/li>\n<li> 1 x Bruksanvisning<\/li>\n<\/ul>\n","protected":false},"excerpt":{"rendered":"<p>Upplev ultimat komfort och koncentration vid spel med [BRAND NAME] spelstolen med fotst\u00f6d. De lekfulla katt\u00f6ronen och tassarna ger din&#8230;<\/p>\n","protected":false},"featured_media":99821,"template":"","meta":[],"product_brand":[],"product_cat":[872,871,517],"product_tag":[],"class_list":{"0":"post-99833","1":"product","2":"type-product","3":"status-publish","4":"has-post-thumbnail","6":"product_cat-hemmakontor-arbetsplats","7":"product_cat-hus-hem","8":"product_cat-spelstolar","10":"first","11":"instock","12":"sale","13":"taxable","14":"shipping-taxable","15":"purchasable","16":"product-type-simple"},"yoast_head":"<!-- This site is optimized with the Yoast SEO plugin v25.4 - https:\/\/yoast.com\/wordpress\/plugins\/seo\/ -->\n<title>TRUUSK Gamingstol med katt\u00f6ron - Lutande ryggst\u00f6d - Utdragbar fotst\u00f6d - Upp till 120 kg - Rosa\/Svart - TRUUSK - Hem, Tr\u00e4dg\u00e5rd &amp; Fritid<\/title>\n<meta name=\"robots\" content=\"index, follow, max-snippet:-1, max-image-preview:large, max-video-preview:-1\" \/>\n<link rel=\"canonical\" href=\"https:\/\/truusk.store\/sv\/produkt\/truusk-gamingstol-med-kattoron-lutande-ryggstod-utdragbar-fotstod-upp-till-120-kg-rosa-svart\/\" \/>\n<meta property=\"og:locale\" content=\"sv_SE\" \/>\n<meta property=\"og:type\" content=\"article\" \/>\n<meta property=\"og:title\" content=\"TRUUSK Gamingstol med katt\u00f6ron - Lutande ryggst\u00f6d - Utdragbar fotst\u00f6d - Upp till 120 kg - Rosa\/Svart - TRUUSK - Hem, Tr\u00e4dg\u00e5rd &amp; Fritid\" \/>\n<meta property=\"og:description\" content=\"Upplev ultimat komfort och koncentration vid spel med [BRAND NAME] spelstolen med fotst\u00f6d. De lekfulla katt\u00f6ronen och tassarna ger din...\" \/>\n<meta property=\"og:url\" content=\"https:\/\/truusk.store\/sv\/produkt\/truusk-gamingstol-med-kattoron-lutande-ryggstod-utdragbar-fotstod-upp-till-120-kg-rosa-svart\/\" \/>\n<meta property=\"og:site_name\" content=\"TRUUSK - Hem, Tr\u00e4dg\u00e5rd &amp; Fritid\" \/>\n<meta property=\"article:modified_time\" content=\"2026-03-12T07:40:34+00:00\" \/>\n<meta property=\"og:image\" content=\"https:\/\/i0.wp.com\/truusk.se\/wp-content\/uploads\/2026\/01\/gamingstol-med-kattoron-lutande-ryggstod-utdragbar-fotstod-upp-till-120-kg-rosa-svart-1.webp?fit=2000%2C2000&ssl=1\" \/>\n\t<meta property=\"og:image:width\" content=\"2000\" \/>\n\t<meta property=\"og:image:height\" content=\"2000\" \/>\n\t<meta property=\"og:image:type\" content=\"image\/webp\" \/>\n<meta name=\"twitter:card\" content=\"summary_large_image\" \/>\n<meta name=\"twitter:label1\" content=\"Ber\u00e4knad l\u00e4stid\" \/>\n\t<meta name=\"twitter:data1\" content=\"1 minut\" \/>\n<!-- \/ Yoast SEO plugin. -->","yoast_head_json":{"title":"TRUUSK Gamingstol med katt\u00f6ron - Lutande ryggst\u00f6d - Utdragbar fotst\u00f6d - Upp till 120 kg - Rosa\/Svart - TRUUSK - Hem, Tr\u00e4dg\u00e5rd &amp; Fritid","robots":{"index":"index","follow":"follow","max-snippet":"max-snippet:-1","max-image-preview":"max-image-preview:large","max-video-preview":"max-video-preview:-1"},"canonical":"https:\/\/truusk.store\/sv\/produkt\/truusk-gamingstol-med-kattoron-lutande-ryggstod-utdragbar-fotstod-upp-till-120-kg-rosa-svart\/","og_locale":"sv_SE","og_type":"article","og_title":"TRUUSK Gamingstol med katt\u00f6ron - Lutande ryggst\u00f6d - Utdragbar fotst\u00f6d - Upp till 120 kg - Rosa\/Svart - TRUUSK - Hem, Tr\u00e4dg\u00e5rd &amp; Fritid","og_description":"Upplev ultimat komfort och koncentration vid spel med [BRAND NAME] spelstolen med fotst\u00f6d. De lekfulla katt\u00f6ronen och tassarna ger din...","og_url":"https:\/\/truusk.store\/sv\/produkt\/truusk-gamingstol-med-kattoron-lutande-ryggstod-utdragbar-fotstod-upp-till-120-kg-rosa-svart\/","og_site_name":"TRUUSK - Hem, Tr\u00e4dg\u00e5rd &amp; Fritid","article_modified_time":"2026-03-12T07:40:34+00:00","og_image":[{"width":2000,"height":2000,"url":"https:\/\/i0.wp.com\/truusk.se\/wp-content\/uploads\/2026\/01\/gamingstol-med-kattoron-lutande-ryggstod-utdragbar-fotstod-upp-till-120-kg-rosa-svart-1.webp?fit=2000%2C2000&ssl=1","type":"image\/webp"}],"twitter_card":"summary_large_image","twitter_misc":{"Ber\u00e4knad l\u00e4stid":"1 minut"},"schema":{"@context":"https:\/\/schema.org","@graph":[{"@type":"WebPage","@id":"https:\/\/truusk.store\/sv\/produkt\/truusk-gamingstol-med-kattoron-lutande-ryggstod-utdragbar-fotstod-upp-till-120-kg-rosa-svart\/","url":"https:\/\/truusk.store\/sv\/produkt\/truusk-gamingstol-med-kattoron-lutande-ryggstod-utdragbar-fotstod-upp-till-120-kg-rosa-svart\/","name":"TRUUSK Gamingstol med katt\u00f6ron - Lutande ryggst\u00f6d - Utdragbar fotst\u00f6d - Upp till 120 kg - Rosa\/Svart - TRUUSK - Hem, Tr\u00e4dg\u00e5rd &amp; Fritid","isPartOf":{"@id":"https:\/\/truusk.store\/sv\/#website"},"primaryImageOfPage":{"@id":"https:\/\/truusk.store\/sv\/produkt\/truusk-gamingstol-med-kattoron-lutande-ryggstod-utdragbar-fotstod-upp-till-120-kg-rosa-svart\/#primaryimage"},"image":{"@id":"https:\/\/truusk.store\/sv\/produkt\/truusk-gamingstol-med-kattoron-lutande-ryggstod-utdragbar-fotstod-upp-till-120-kg-rosa-svart\/#primaryimage"},"thumbnailUrl":"https:\/\/i0.wp.com\/truusk.store\/wp-content\/uploads\/2026\/01\/gamingstol-med-kattoron-lutande-ryggstod-utdragbar-fotstod-upp-till-120-kg-rosa-svart-1.webp?fit=2000%2C2000&ssl=1","datePublished":"2026-01-15T11:27:30+00:00","dateModified":"2026-03-12T07:40:34+00:00","breadcrumb":{"@id":"https:\/\/truusk.store\/sv\/produkt\/truusk-gamingstol-med-kattoron-lutande-ryggstod-utdragbar-fotstod-upp-till-120-kg-rosa-svart\/#breadcrumb"},"inLanguage":"sv-SE","potentialAction":[{"@type":"ReadAction","target":["https:\/\/truusk.store\/sv\/produkt\/truusk-gamingstol-med-kattoron-lutande-ryggstod-utdragbar-fotstod-upp-till-120-kg-rosa-svart\/"]}]},{"@type":"ImageObject","inLanguage":"sv-SE","@id":"https:\/\/truusk.store\/sv\/produkt\/truusk-gamingstol-med-kattoron-lutande-ryggstod-utdragbar-fotstod-upp-till-120-kg-rosa-svart\/#primaryimage","url":"https:\/\/i0.wp.com\/truusk.store\/wp-content\/uploads\/2026\/01\/gamingstol-med-kattoron-lutande-ryggstod-utdragbar-fotstod-upp-till-120-kg-rosa-svart-1.webp?fit=2000%2C2000&ssl=1","contentUrl":"https:\/\/i0.wp.com\/truusk.store\/wp-content\/uploads\/2026\/01\/gamingstol-med-kattoron-lutande-ryggstod-utdragbar-fotstod-upp-till-120-kg-rosa-svart-1.webp?fit=2000%2C2000&ssl=1","width":2000,"height":2000},{"@type":"BreadcrumbList","@id":"https:\/\/truusk.store\/sv\/produkt\/truusk-gamingstol-med-kattoron-lutande-ryggstod-utdragbar-fotstod-upp-till-120-kg-rosa-svart\/#breadcrumb","itemListElement":[{"@type":"ListItem","position":1,"name":"Home","item":"https:\/\/truusk.store\/sv\/"},{"@type":"ListItem","position":2,"name":"Shop","item":"https:\/\/truusk.store\/shop\/"},{"@type":"ListItem","position":3,"name":"TRUUSK Gamingstol med katt\u00f6ron &#8211; Lutande ryggst\u00f6d &#8211; Utdragbar fotst\u00f6d &#8211; Upp till 120 kg &#8211; Rosa\/Svart"}]},{"@type":"WebSite","@id":"https:\/\/truusk.store\/sv\/#website","url":"https:\/\/truusk.store\/sv\/","name":"TRUUSK - Hem, Tr\u00e4dg\u00e5rd & Fritid","description":"","publisher":{"@id":"https:\/\/truusk.store\/sv\/#organization"},"potentialAction":[{"@type":"SearchAction","target":{"@type":"EntryPoint","urlTemplate":"https:\/\/truusk.store\/sv\/?s={search_term_string}"},"query-input":{"@type":"PropertyValueSpecification","valueRequired":true,"valueName":"search_term_string"}}],"inLanguage":"sv-SE"},{"@type":"Organization","@id":"https:\/\/truusk.store\/sv\/#organization","name":"TRUUSK - Hem, Tr\u00e4dg\u00e5rd & Fritid","url":"https:\/\/truusk.store\/sv\/","logo":{"@type":"ImageObject","inLanguage":"sv-SE","@id":"https:\/\/truusk.store\/sv\/#\/schema\/logo\/image\/","url":"https:\/\/i0.wp.com\/truusk.store\/wp-content\/uploads\/2026\/03\/cropped-TRUUSK.png?fit=2032%2C917&ssl=1","contentUrl":"https:\/\/i0.wp.com\/truusk.store\/wp-content\/uploads\/2026\/03\/cropped-TRUUSK.png?fit=2032%2C917&ssl=1","width":2032,"height":917,"caption":"TRUUSK - Hem, Tr\u00e4dg\u00e5rd & Fritid"},"image":{"@id":"https:\/\/truusk.store\/sv\/#\/schema\/logo\/image\/"}}]}},"jetpack_sharing_enabled":true,"_links":{"self":[{"href":"https:\/\/truusk.store\/sv\/wp-json\/wp\/v2\/product\/99833","targetHints":{"allow":["GET"]}}],"collection":[{"href":"https:\/\/truusk.store\/sv\/wp-json\/wp\/v2\/product"}],"about":[{"href":"https:\/\/truusk.store\/sv\/wp-json\/wp\/v2\/types\/product"}],"wp:featuredmedia":[{"embeddable":true,"href":"https:\/\/truusk.store\/sv\/wp-json\/wp\/v2\/media\/99821"}],"wp:attachment":[{"href":"https:\/\/truusk.store\/sv\/wp-json\/wp\/v2\/media?parent=99833"}],"wp:term":[{"taxonomy":"product_brand","embeddable":true,"href":"https:\/\/truusk.store\/sv\/wp-json\/wp\/v2\/product_brand?post=99833"},{"taxonomy":"product_cat","embeddable":true,"href":"https:\/\/truusk.store\/sv\/wp-json\/wp\/v2\/product_cat?post=99833"},{"taxonomy":"product_tag","embeddable":true,"href":"https:\/\/truusk.store\/sv\/wp-json\/wp\/v2\/product_tag?post=99833"}],"curies":[{"name":"wp","href":"https:\/\/api.w.org\/{rel}","templated":true}]}}